{"id":75192,"date":"2025-10-20T15:11:38","date_gmt":"2025-10-20T07:11:38","guid":{"rendered":"https:\/\/aiviouvapes.com\/?post_type=product&#038;p=75192"},"modified":"2026-04-17T13:00:36","modified_gmt":"2026-04-17T05:00:36","slug":"vopk-four-flavors-80k-puffs-4-in-1-adjustable-flavor-bulk-disposable-vape","status":"publish","type":"product","link":"https:\/\/aiviouvapes.com\/hu\/product\/vopk-four-flavors-80k-puffs-4-in-1-adjustable-flavor-bulk-disposable-vape\/","title":{"rendered":"Vopk Four Flavors 80K Puffs | 4 az 1-ben \u00e1ll\u00edthat\u00f3 \u00edz\u0171 \u00f6mlesztett eldobhat\u00f3 vape"},"content":{"rendered":"<h2>Vopk Four Flavors 80K Puffs | 4 az 1-ben \u00e1ll\u00edthat\u00f3 \u00edz\u0171 \u00f6mlesztett eldobhat\u00f3 vape<\/h2>\n<p><!-- Long-Form Product Description --><\/p>\n<p><strong>Vopk N\u00e9gy \u00edz 80K Puffs<\/strong> Az eldobhat\u00f3 vape az \u00edzek szerelmeseinek \u00e9s a neh\u00e9z felhaszn\u00e1l\u00f3knak k\u00e9sz\u00fclt. N\u00e9gy \u00e1ll\u00edthat\u00f3 \u00edzzel egyetlen k\u00e9sz\u00fcl\u00e9kben, \u00fajrat\u00f6lthet\u0151 650mAh akkumul\u00e1torral \u00e9s leny\u0171g\u00f6z\u0151, 80 000 puff kapacit\u00e1ssal ide\u00e1lis a vape shopok, nagykeresked\u0151k \u00e9s a magas min\u0151s\u00e9g\u0171 vaping \u00e9lm\u00e9nyt keres\u0151 rajong\u00f3k sz\u00e1m\u00e1ra.<\/p>\n<p><!-- Why Choose Section --><\/p>\n<h3>Mi\u00e9rt v\u00e1lassza a Vopk Four Flavors 80K Puffs-t? \ud83e\udd29<\/h3>\n<ul>\n<li>\ud83d\udca8 Ak\u00e1r 80.000 slukk - hossz\u00fa \u00e9lettartam\u00fa \u00e9s t\u00f6k\u00e9letes az er\u0151s felhaszn\u00e1l\u00f3k sz\u00e1m\u00e1ra.<\/li>\n<li>\ud83c\udfa8 4 \u00e1ll\u00edthat\u00f3 \u00edz - b\u00e1rmikor v\u00e1lthat az \u00edzek k\u00f6z\u00f6tt a v\u00e9gs\u0151 v\u00e1ltozatoss\u00e1g \u00e9rdek\u00e9ben<\/li>\n<li>\ud83d\udd0b 650mAh \u00fajrat\u00f6lthet\u0151 akkumul\u00e1tor USB Type-C t\u00f6lt\u00e9ssel a k\u00e9nyelem \u00e9rdek\u00e9ben<\/li>\n<li>\ud83c\udf00 0.9\u03a9 h\u00e1l\u00f3s tekercs - sima felh\u0151ket \u00e9s gazdag \u00edzt biztos\u00edt<\/li>\n<li>\ud83d\udcf1 LED kijelz\u0151 - az akkumul\u00e1tor \u00e9s a puffok sz\u00e1m\u00e1nak k\u00f6nny\u0171 ellen\u0151rz\u00e9se<\/li>\n<li>\ud83d\udce6 T\u00f6meges csomagol\u00e1s - 10 db\/csomag, ide\u00e1lis a nagy- \u00e9s kiskereskedelem sz\u00e1m\u00e1ra.<\/li>\n<li>\ud83c\udf08 10 egyedi \u00edzkombin\u00e1ci\u00f3, hogy minden \u00edzl\u00e9snek megfeleljen<\/li>\n<\/ul>\n<p><!-- Specifications Table --><\/p>\n<h3>M\u0171szaki adatok \u2699\ufe0f<\/h3>\n<table>\n<tbody>\n<tr>\n<th>Jellemz\u0151<\/th>\n<th>R\u00e9szletek<\/th>\n<\/tr>\n<tr>\n<td>Puff sz\u00e1m<\/td>\n<td>Ak\u00e1r 80,000 f\u00faj\u00e1s<\/td>\n<\/tr>\n<tr>\n<td>Nikotin er\u0151ss\u00e9ge<\/td>\n<td>2% \/ 5%<\/td>\n<\/tr>\n<tr>\n<td>\u00cdzes\u00edt\u00e9si m\u00f3dok<\/td>\n<td>4 \u00e1ll\u00edthat\u00f3 \u00edzes\u00edt\u00e9s<\/td>\n<\/tr>\n<tr>\n<td>Akkumul\u00e1tor<\/td>\n<td>650 mAh \u00fajrat\u00f6lthet\u0151<\/td>\n<\/tr>\n<tr>\n<td>Tekercs<\/td>\n<td>0,9\u03a9-os h\u00e1l\u00f3s tekercs<\/td>\n<\/tr>\n<tr>\n<td>LED kijelz\u0151<\/td>\n<td>Igen<\/td>\n<\/tr>\n<tr>\n<td>T\u00f6lt\u0151port<\/td>\n<td>USB Type-C<\/td>\n<\/tr>\n<tr>\n<td>Csomagol\u00e1s<\/td>\n<td>10 db\/csomag<\/td>\n<\/tr>\n<\/tbody>\n<\/table>\n<p><!-- Flavors Section --><\/p>\n<h3>\u00cdzek \ud83c\udf53\ud83c\udf79<\/h3>\n<p>Fedezz fel 10 \u00edzletes \u00edzkombin\u00e1ci\u00f3t, amelyek mindegyike 4 \u00edzt k\u00edn\u00e1l egy k\u00e9sz\u00fcl\u00e9kben:<\/p>\n<ul>\n<li>G\u00f6r\u00f6gdinnye j\u00e9g \/ H\u00e1romszoros dinnye j\u00e9g \/ K\u00e9k Razz j\u00e9g \/ Eper j\u00e9gkr\u00e9m<\/li>\n<li>\u00c1fony\u00e1s m\u00e1lna \/ Fuji Ice \/ Vegyes bogy\u00f3s \/ \u00c1fony\u00e1s k\u00f3kuszos cukorka<\/li>\n<li>Eper g\u00f6r\u00f6gdinnye \/ \u00c1fonya sz\u0151l\u0151 \/ Mang\u00f3 j\u00e9g \/ Eper m\u00e1lna cukorka<\/li>\n<li>Red Bull Ice \/ Passion Fruit Kiwi Lime \/ Sour Apple M\u00e1lna \/ Strawberry Watermelon Bubblegum<\/li>\n<li>\u00c1fonya j\u00e9g \/ Barack Mang\u00f3 G\u00f6r\u00f6gdinnye \/ Dinnye Alma \/ Fizzy Cseresznye j\u00e9g<\/li>\n<li>Eper mang\u00f3 \/ Eper kiwi \/ G\u00f6r\u00f6gdinnye s\u00e1rk\u00e1nygy\u00fcm\u00f6lcs \/ gumimack\u00f3<\/li>\n<li>Love 66 \/ M\u00e1lna g\u00f6r\u00f6gdinnye \/ Eper m\u00e1lna cseresznye \/ cseresznye cukorka j\u00e9g<\/li>\n<li>Eper Ban\u00e1n \/ Anan\u00e1sz K\u00f3kuszdi\u00f3 J\u00e9g \/ Mang\u00f3 Barack Aprik\u00f3 \/ Aloe Mang\u00f3 Dinnye<\/li>\n<li>Sziv\u00e1rv\u00e1nyos cukorka \/ Barackos j\u00e9g \/ Citromos savany\u00fa narancs \/ \u00c1fony\u00e1s citrom<\/li>\n<li>Kiwi Passi\u00f3gy\u00fcm\u00f6lcs Guava \/ Eper Cseresznye \/ Sz\u0151l\u0151 J\u00e9g \/ Eper Cukorka<\/li>\n<\/ul>\n<p><!-- Conclusion --><\/p>\n<p>T\u00f6k\u00e9letes a neh\u00e9z felhaszn\u00e1l\u00f3k, \u00edzvad\u00e1szok, vape shopok \u00e9s a nagykereskedelmi forgalmaz\u00e1s sz\u00e1m\u00e1ra, a <strong>Vopk N\u00e9gy \u00edz 80K Puffs<\/strong> p\u00e1ratlan k\u00e9nyelmet, v\u00e1ltozatoss\u00e1got \u00e9s nagy teljes\u00edtm\u00e9ny\u0171 p\u00e1rologtat\u00e1st k\u00edn\u00e1l. \ud83d\udca5\ud83c\udf79<\/p>\n<p><!-- FAQ Section --><\/p>\n<h3>GYIK \u2753<\/h3>\n<ul>\n<li><strong>Q:<\/strong> Haszn\u00e1lat k\u00f6zben v\u00e1lthatok \u00edzeket?<br \/>\n<strong>A:<\/strong> Igen! A 4 az 1-ben \u00e1ll\u00edthat\u00f3 \u00edzrendszer lehet\u0151v\u00e9 teszi, hogy b\u00e1rmikor \u00e9lvezhesse a k\u00fcl\u00f6nb\u00f6z\u0151 \u00edzeket. \ud83c\udfa8<\/li>\n<li><strong>Q:<\/strong> H\u00e1ny slukkot b\u00edr el az akkumul\u00e1tor?<br \/>\n<strong>A:<\/strong> A 650mAh-s \u00fajrat\u00f6lthet\u0151 akkumul\u00e1torral hosszan tart\u00f3 p\u00e1rologtat\u00e1st \u00e9s egyszer\u0171 USB Type-C \u00fajrat\u00f6lt\u00e9st \u00e9lvezhet. \ud83d\udd0b<\/li>\n<li><strong>Q:<\/strong> \u00dajrat\u00f6lthet\u0151 ez a k\u00e9sz\u00fcl\u00e9k?<br \/>\n<strong>A:<\/strong> Nem, eldobhat\u00f3, de hosszabb haszn\u00e1lat eset\u00e9n \u00fajrat\u00f6lthet\u0151. \u267b\ufe0f<\/li>\n<li><strong>Q:<\/strong> H\u00e1ny darab van egy csomagban?<br \/>\n<strong>A:<\/strong> Minden csomag 10 db-ot tartalmaz, t\u00f6k\u00e9letes a nagy- \u00e9s kiskereskedelemhez. \ud83d\udce6<\/li>\n<li><strong>Q:<\/strong> Kinek sz\u00f3l ez a vape?<br \/>\n<strong>A:<\/strong> Ide\u00e1lis a neh\u00e9z felhaszn\u00e1l\u00f3k, az \u00edzek hajszol\u00f3i, a vape shopok \u00e9s a forgalmaz\u00f3k sz\u00e1m\u00e1ra. \ud83c\udf08<\/li>\n<\/ul>","protected":false},"excerpt":{"rendered":"<p>\ud83d\udca8 \u00c9lvezze ak\u00e1r 80.000 slukkot a Vopk Four Flavors eldobhat\u00f3 vape-vel! 4 \u00e1ll\u00edthat\u00f3 \u00edz, \u00fajrat\u00f6lthet\u0151, \u00e9s t\u00f6k\u00e9letes a neh\u00e9z felhaszn\u00e1l\u00f3k vagy a nagykereskedelmi vape forgalmaz\u00f3k sz\u00e1m\u00e1ra. \ud83c\udf49\ud83c\udf53<\/p>","protected":false},"featured_media":75260,"comment_status":"open","ping_status":"closed","template":"","meta":[],"product_brand":[245],"product_cat":[39,137,146,138,141,143],"product_tag":[351,349,352,331,350],"class_list":{"0":"post-75192","1":"product","2":"type-product","3":"status-publish","4":"has-post-thumbnail","6":"product_brand-vopk","7":"product_cat-vopk","8":"product_cat-disposable-vapes-in-germany","9":"product_cat-disposable-vapes-in-hungary","10":"product_cat-disposable-vapes-in-ltaly","11":"product_cat-disposable-vapes-in-poland","12":"product_cat-disposable-vapes-in-spain","13":"product_tag-4-in-1-flavor-vape","14":"product_tag-bulk-disposable-vape","15":"product_tag-heavy-user-vape-device","16":"product_tag-rechargeable-disposable-vape","17":"product_tag-vopk-80k-puffs","19":"first","20":"instock","21":"shipping-taxable","22":"purchasable","23":"product-type-variable","24":"has-default-attributes"},"jetpack_sharing_enabled":true,"tiered_pricing_type":"fixed","tiered_pricing_fixed_rules":[],"tiered_pricing_product_settings":{"layout":"default","base_unit_name":{"singular":null,"plural":null},"default_variation":null},"tiered_pricing_minimum_quantity":1000,"tiered_pricing_roles_data":[],"tiered_pricing_percentage_rules":[],"tiered_pricing_maximum_quantity":null,"tiered_pricing_quantity_step":"10","_links":{"self":[{"href":"https:\/\/aiviouvapes.com\/hu\/wp-json\/wp\/v2\/product\/75192","targetHints":{"allow":["GET"]}}],"collection":[{"href":"https:\/\/aiviouvapes.com\/hu\/wp-json\/wp\/v2\/product"}],"about":[{"href":"https:\/\/aiviouvapes.com\/hu\/wp-json\/wp\/v2\/types\/product"}],"replies":[{"embeddable":true,"href":"https:\/\/aiviouvapes.com\/hu\/wp-json\/wp\/v2\/comments?post=75192"}],"wp:featuredmedia":[{"embeddable":true,"href":"https:\/\/aiviouvapes.com\/hu\/wp-json\/wp\/v2\/media\/75260"}],"wp:attachment":[{"href":"https:\/\/aiviouvapes.com\/hu\/wp-json\/wp\/v2\/media?parent=75192"}],"wp:term":[{"taxonomy":"product_brand","embeddable":true,"href":"https:\/\/aiviouvapes.com\/hu\/wp-json\/wp\/v2\/product_brand?post=75192"},{"taxonomy":"product_cat","embeddable":true,"href":"https:\/\/aiviouvapes.com\/hu\/wp-json\/wp\/v2\/product_cat?post=75192"},{"taxonomy":"product_tag","embeddable":true,"href":"https:\/\/aiviouvapes.com\/hu\/wp-json\/wp\/v2\/product_tag?post=75192"}],"curies":[{"name":"wp","href":"https:\/\/api.w.org\/{rel}","templated":true}]}}