{"id":75135,"date":"2025-10-20T15:04:33","date_gmt":"2025-10-20T07:04:33","guid":{"rendered":"https:\/\/aiviouvapes.com\/?post_type=product&#038;p=75135"},"modified":"2026-03-17T13:57:23","modified_gmt":"2026-03-17T05:57:23","slug":"uwin-tornado-triple-60k-puffs-3-in-1-adjustable-flavor-disposable-vape-for-wholesalers","status":"publish","type":"product","link":"https:\/\/aiviouvapes.com\/hu\/product\/uwin-tornado-triple-60k-puffs-3-in-1-adjustable-flavor-disposable-vape-for-wholesalers\/","title":{"rendered":"Uwin Tornado Triple 60K Puffs | 3 az 1-ben \u00e1ll\u00edthat\u00f3 \u00edz\u0171 eldobhat\u00f3 vape nagykeresked\u0151knek"},"content":{"rendered":"<h2>Uwin Tornado Triple 60K Puffs | 3 az 1-ben \u00e1ll\u00edthat\u00f3 \u00edz\u0171 eldobhat\u00f3 vape nagykeresked\u0151knek<\/h2>\n<p><!-- Long-Form Product Description --><\/p>\n<p><strong>Uwin Tornado Triple 60K Puffok<\/strong> a v\u00e9gs\u0151 eldobhat\u00f3 vape, amelyet az \u00edzlel\u00e9sre v\u00e1gy\u00f3k \u00e9s a neh\u00e9z felhaszn\u00e1l\u00f3k sz\u00e1m\u00e1ra terveztek. H\u00e1rom \u00e1ll\u00edthat\u00f3 \u00edzzel egy k\u00e9sz\u00fcl\u00e9kben, \u00fajrat\u00f6lthet\u0151 akkumul\u00e1torral \u00e9s hatalmas puffkapacit\u00e1ssal t\u00f6k\u00e9letes a vape shopok, nagykeresked\u0151k \u00e9s a nagy teljes\u00edtm\u00e9ny\u0171 p\u00e1rol\u00e1st keres\u0151 rajong\u00f3k sz\u00e1m\u00e1ra.<\/p>\n<p><!-- Why Choose Section --><\/p>\n<h3>Mi\u00e9rt v\u00e1lassza az Uwin Tornado Triple 60K Puffot? \ud83e\udd29<\/h3>\n<ul>\n<li>\ud83d\udca8 Ak\u00e1r 60.000 slukk - nagy ig\u00e9nybev\u00e9telre \u00e9s hosszan tart\u00f3 \u00e9lvezetre tervezve<\/li>\n<li>\ud83c\udfa8 H\u00e1romszoros \u00edz \u00e1ll\u00edthat\u00f3 - b\u00e1rmikor v\u00e1lthat 3 izgalmas \u00edz k\u00f6z\u00f6tt<\/li>\n<li>\ud83d\udd0b 650mAh \u00fajrat\u00f6lthet\u0151 akkumul\u00e1tor C-t\u00edpus\u00fa t\u00f6lt\u00e9ssel a folyamatos p\u00e1rologtat\u00e1shoz<\/li>\n<li>\ud83c\udf00 H\u00e1romszoros h\u00e1l\u00f3s tekercs - gazdag \u00edzt \u00e9s s\u0171r\u0171 felh\u0151ket biztos\u00edt minden puffban<\/li>\n<li>\ud83d\udcf1 LED-k\u00e9perny\u0151 - k\u00f6nnyen ellen\u0151rizhet\u0151 az akkumul\u00e1tor \u00e9s a puffok sz\u00e1ma<\/li>\n<li>\ud83d\udce6 T\u00f6meges csomagol\u00e1s - 10 db\/csomag, t\u00f6k\u00e9letes a nagy- \u00e9s kiskereskedelem sz\u00e1m\u00e1ra.<\/li>\n<li>\ud83c\udf08 12 egyedi \u00edzkombin\u00e1ci\u00f3, hogy minden \u00edzl\u00e9snek megfeleljen<\/li>\n<\/ul>\n<p><!-- Specifications Table --><\/p>\n<h3>M\u0171szaki adatok \u2699\ufe0f<\/h3>\n<table>\n<tbody>\n<tr>\n<th>Jellemz\u0151<\/th>\n<th>R\u00e9szletek<\/th>\n<\/tr>\n<tr>\n<td>Nikotin er\u0151ss\u00e9ge<\/td>\n<td>2% \/ 3% \/ 5%<\/td>\n<\/tr>\n<tr>\n<td>Puff sz\u00e1m<\/td>\n<td>Ak\u00e1r 60,000 f\u00faj\u00e1s<\/td>\n<\/tr>\n<tr>\n<td>\u00cdzes\u00edt\u00e9si m\u00f3dok<\/td>\n<td>3 \u00edz \u00e1ll\u00edthat\u00f3<\/td>\n<\/tr>\n<tr>\n<td>Olajtart\u00e1ly<\/td>\n<td>3 tart\u00e1ly<\/td>\n<\/tr>\n<tr>\n<td>Akkumul\u00e1tor<\/td>\n<td>650 mAh \u00fajrat\u00f6lthet\u0151<\/td>\n<\/tr>\n<tr>\n<td>Tekercs<\/td>\n<td>H\u00e1romszoros h\u00e1l\u00f3s tekercs<\/td>\n<\/tr>\n<tr>\n<td>LED k\u00e9perny\u0151<\/td>\n<td>Igen<\/td>\n<\/tr>\n<tr>\n<td>T\u00f6lt\u0151port<\/td>\n<td>C-t\u00edpus\u00fa<\/td>\n<\/tr>\n<tr>\n<td>Csomagol\u00e1s<\/td>\n<td>10 db\/csomag<\/td>\n<\/tr>\n<\/tbody>\n<\/table>\n<p><!-- Flavors Section --><\/p>\n<h3>\u00cdzek \ud83c\udf53\ud83c\udf79<\/h3>\n<p>V\u00e1lasszon 12 \u00ednycsikland\u00f3 h\u00e1rmas \u00edzkombin\u00e1ci\u00f3 k\u00f6z\u00fcl:<\/p>\n<ul>\n<li>Cherry Ice &amp; Strawberry Red Bull &amp; Blueberry Raspberry<\/li>\n<li>\u00c1fonya j\u00e9g &amp; eper g\u00f6r\u00f6gdinnye &amp; eper m\u00e1lna cseresznye j\u00e9g<\/li>\n<li>R\u00f3zsasz\u00edn limon\u00e1d\u00e9 &amp; van\u00edli\u00e1s j\u00e9g &amp; epres m\u00e1ln\u00e1s cukorka<\/li>\n<li>Strawberry Kiwi &amp; Love 66 (Golgotavir\u00e1g Dinnye) &amp; Blue Razz Ice<\/li>\n<li>Citromos lime &amp; eper Ban\u00e1n &amp; vegyes gy\u00fcm\u00f6lcs\u00f6k<\/li>\n<li>G\u00f6r\u00f6gdinnye j\u00e9g &amp; Cola Ice &amp; Mr Blue<\/li>\n<li>Ny\u00e1ri barack j\u00e9g &amp; \u00e1fonya m\u00e1lna &amp; eper Red Bull<\/li>\n<li>Kiwi Passi\u00f3gy\u00fcm\u00f6lcs Guava \u00e9s \u0151szibarack Mang\u00f3 \u00e9s m\u00e1lna G\u00f6r\u00f6gdinnye<\/li>\n<li>Red Bull &amp; Cherry Ice &amp; Lemon Lime<\/li>\n<li>Eper j\u00e9g &amp; ny\u00e1ri barack j\u00e9g &amp; sz\u0151l\u0151 j\u00e9g<\/li>\n<li>Vegyes bogy\u00f3s \u00e9s s\u00e1rk\u00e1nygy\u00fcm\u00f6lcs j\u00e9g \u00e9s eper g\u00f6r\u00f6gdinnye r\u00e1g\u00f3gumi<\/li>\n<li>Cherry Cola &amp; Strawberry Van\u00edlia Cola &amp; Grape Berry<\/li>\n<\/ul>\n<p><!-- Conclusion --><\/p>\n<p>T\u00f6k\u00e9letes a neh\u00e9z felhaszn\u00e1l\u00f3k, az \u00edzek szerelmesei, a vape shopok \u00e9s a nagykereskedelmi forgalmaz\u00e1s sz\u00e1m\u00e1ra, a <strong>Uwin Tornado Triple 60K Puffok<\/strong> felejthetetlen g\u0151z\u00f6l\u00e9si \u00e9lm\u00e9nyt garant\u00e1l k\u00e9nyelemmel, v\u00e1ltozatoss\u00e1ggal \u00e9s megb\u00edzhat\u00f3s\u00e1ggal. \ud83d\udca5\ud83c\udf79<\/p>\n<p><!-- FAQ Section --><\/p>\n<h3>GYIK \u2753<\/h3>\n<ul>\n<li><strong>Q:<\/strong> Mennyi ideig b\u00edrja az akkumul\u00e1tor?<br \/>\n<strong>A:<\/strong> A 650mAh-s \u00fajrat\u00f6lthet\u0151 akkumul\u00e1torral \u00e9lvezze a folyamatos p\u00e1rologtat\u00e1st \u00e9s az egyszer\u0171 Type-C \u00fajrat\u00f6lt\u00e9st. \ud83d\udd0b<\/li>\n<li><strong>Q:<\/strong> Haszn\u00e1lat k\u00f6zben v\u00e1lthatok \u00edzeket?<br \/>\n<strong>A:<\/strong> Igen! A 3 az 1-ben \u00e1ll\u00edthat\u00f3 \u00edzrendszer lehet\u0151v\u00e9 teszi az \u00edzek azonnali megv\u00e1ltoztat\u00e1s\u00e1t. \ud83c\udfa8<\/li>\n<li><strong>Q:<\/strong> \u00dajrat\u00f6lthet\u0151 ez a k\u00e9sz\u00fcl\u00e9k?<br \/>\n<strong>A:<\/strong> Nem, ez egy eldobhat\u00f3 eszk\u00f6z, de \u00fajrat\u00f6lthet\u0151 a hosszabb haszn\u00e1lathoz. \u267b\ufe0f<\/li>\n<li><strong>Q:<\/strong> H\u00e1ny darabot tartalmaz egy csomag?<br \/>\n<strong>A:<\/strong> Minden csomag 10 db-ot tartalmaz, ide\u00e1lis nagy- vagy kiskereskedelemhez. \ud83d\udce6<\/li>\n<li><strong>Q:<\/strong> Kinek sz\u00f3l ez a term\u00e9k?<br \/>\n<strong>A:<\/strong> Er\u0151s felhaszn\u00e1l\u00f3k, \u00edzvad\u00e1szok, vape shopok \u00e9s forgalmaz\u00f3k, akik kiv\u00e1l\u00f3 min\u0151s\u00e9g\u0171 eldobhat\u00f3 p\u00e1rologtat\u00f3kat keresnek. \ud83c\udf08<\/li>\n<\/ul>","protected":false},"excerpt":{"rendered":"<p>\ud83d\udd25 Tapasztalja meg az Uwin Tornado Triple ak\u00e1r 60.000 f\u00faj\u00e1st! \u00c1ll\u00edthat\u00f3 3 \u00edz\u0171 rendszer, \u00fajrat\u00f6lthet\u0151, \u00e9s t\u00f6k\u00e9letes a neh\u00e9z felhaszn\u00e1l\u00f3knak vagy a vape forgalmaz\u00f3knak. \ud83c\udf53\ud83c\udf52<\/p>","protected":false},"featured_media":75144,"comment_status":"open","ping_status":"closed","template":"","meta":[],"product_brand":[247],"product_cat":[224,137,146,138,141,143],"product_tag":[354,353,356,357,355],"class_list":{"0":"post-75135","1":"product","2":"type-product","3":"status-publish","4":"has-post-thumbnail","6":"product_brand-uwin","7":"product_cat-uwin","8":"product_cat-disposable-vapes-in-germany","9":"product_cat-disposable-vapes-in-hungary","10":"product_cat-disposable-vapes-in-ltaly","11":"product_cat-disposable-vapes-in-poland","12":"product_cat-disposable-vapes-in-spain","13":"product_tag-3-in-1-flavor-vaping-device","14":"product_tag-60-k-puff-disposable-vape","15":"product_tag-rechargeable-650mah-disposable-vape","16":"product_tag-triple-mesh-coil-60k-puffs","17":"product_tag-uwin-tornado-triple-vape-wholesale","19":"first","20":"instock","21":"shipping-taxable","22":"purchasable","23":"product-type-variable","24":"has-default-attributes"},"jetpack_sharing_enabled":true,"tiered_pricing_type":"fixed","tiered_pricing_fixed_rules":{"30":9.589999999999999857891452847979962825775146484375,"50":7.78000000000000024868995751603506505489349365234375,"100":7.12999999999999989341858963598497211933135986328125,"200":6.61000000000000031974423109204508364200592041015625,"400":6.160000000000000142108547152020037174224853515625},"tiered_pricing_product_settings":{"layout":"default","base_unit_name":{"singular":null,"plural":null},"default_variation":null},"tiered_pricing_minimum_quantity":10,"tiered_pricing_roles_data":[],"tiered_pricing_percentage_rules":[],"tiered_pricing_maximum_quantity":null,"tiered_pricing_quantity_step":"10","_links":{"self":[{"href":"https:\/\/aiviouvapes.com\/hu\/wp-json\/wp\/v2\/product\/75135","targetHints":{"allow":["GET"]}}],"collection":[{"href":"https:\/\/aiviouvapes.com\/hu\/wp-json\/wp\/v2\/product"}],"about":[{"href":"https:\/\/aiviouvapes.com\/hu\/wp-json\/wp\/v2\/types\/product"}],"replies":[{"embeddable":true,"href":"https:\/\/aiviouvapes.com\/hu\/wp-json\/wp\/v2\/comments?post=75135"}],"wp:featuredmedia":[{"embeddable":true,"href":"https:\/\/aiviouvapes.com\/hu\/wp-json\/wp\/v2\/media\/75144"}],"wp:attachment":[{"href":"https:\/\/aiviouvapes.com\/hu\/wp-json\/wp\/v2\/media?parent=75135"}],"wp:term":[{"taxonomy":"product_brand","embeddable":true,"href":"https:\/\/aiviouvapes.com\/hu\/wp-json\/wp\/v2\/product_brand?post=75135"},{"taxonomy":"product_cat","embeddable":true,"href":"https:\/\/aiviouvapes.com\/hu\/wp-json\/wp\/v2\/product_cat?post=75135"},{"taxonomy":"product_tag","embeddable":true,"href":"https:\/\/aiviouvapes.com\/hu\/wp-json\/wp\/v2\/product_tag?post=75135"}],"curies":[{"name":"wp","href":"https:\/\/api.w.org\/{rel}","templated":true}]}}