{"id":75037,"date":"2025-10-20T14:52:27","date_gmt":"2025-10-20T06:52:27","guid":{"rendered":"https:\/\/aiviouvapes.com\/?post_type=product&#038;p=75037"},"modified":"2026-03-17T13:59:28","modified_gmt":"2026-03-17T05:59:28","slug":"uzy-crystal-four-flavors-100000-puffs-%f0%9f%92%8e-4-in-1-quad-mesh-coil-rechargeable-disposable-vape","status":"publish","type":"product","link":"https:\/\/aiviouvapes.com\/hu\/product\/uzy-crystal-four-flavors-100000-puffs-%f0%9f%92%8e-4-in-1-quad-mesh-coil-rechargeable-disposable-vape\/","title":{"rendered":"UZY Crystal 100000 Puffs | 100k 4-in-1 n\u00e9gyh\u00e1l\u00f3s tekercs \u00fajrat\u00f6lthet\u0151 eldobhat\u00f3 vape n\u00e9gy \u00edzben"},"content":{"rendered":"<h2>UZY Crystal Four Flavors 100000 Puffs \ud83d\udc8e | 4 az 1-ben quad mesh coil \u00fajrat\u00f6lthet\u0151 eldobhat\u00f3 vape<\/h2>\n<p><strong>UZY Crystal N\u00e9gy \u00edz 100000 puff 100000 Puff<\/strong> a k\u00f6vetkez\u0151 szintre emeli a p\u00e1rologtat\u00e1si innov\u00e1ci\u00f3t. A v\u00e1ltozatoss\u00e1gra \u00e9s teljes\u00edtm\u00e9nyre v\u00e1gy\u00f3 felhaszn\u00e1l\u00f3k sz\u00e1m\u00e1ra tervezett k\u00e9sz\u00fcl\u00e9k lehet\u0151v\u00e9 teszi a v\u00e1lt\u00e1st a k\u00f6vetkez\u0151k k\u00f6z\u00f6tt <strong>n\u00e9gy finom be\u00e9p\u00edtett \u00edz<\/strong> egy egyszer\u0171 csavar\u00e1ssal vagy gombv\u00e1lt\u00e1ssal.<br \/>\nPowered by a <strong>\u00fajrat\u00f6lthet\u0151 650mAh akkumul\u00e1tor<\/strong> \u00e9s a <strong>n\u00e9gy h\u00e1l\u00f3s tekercsek<\/strong> a fokozott g\u0151z \u00e9s \u00edz \u00e9rdek\u00e9ben, minden egyes slukkol\u00e1ssal sima \u00e9s kiel\u00e9g\u00edt\u0151 vape-t biztos\u00edt.<br \/>\nA <strong>LED intelligens k\u00e9perny\u0151<\/strong> az akkumul\u00e1tor \u00e9lettartam\u00e1t \u00e9s az e-folyad\u00e9k szintj\u00e9t is mutatja - \u00edgy mindig k\u00e9zben tarthatja a dolgokat. A <strong>krist\u00e1ly h\u00e9j design<\/strong> olyan st\u00edlust k\u00f6lcs\u00f6n\u00f6z, amely minden szemet gy\u00f6ny\u00f6rk\u00f6dtet.<\/p>\n<h3>Mi\u00e9rt v\u00e1lassza az UZY Crystal 100000 Puffot?<\/h3>\n<ul>\n<li>\ud83d\udca8 <strong>Massz\u00edv 100,000 puff<\/strong> - t\u00f6k\u00e9letes a hosszan tart\u00f3, megszak\u00edt\u00e1s n\u00e9lk\u00fcli \u00e9lvezethez.<\/li>\n<li>\ud83c\udf08 <strong>4 az 1-ben \u00edzes\u00edt\u0151 rendszer<\/strong> - \u00e9lvezze a n\u00e9gy k\u00fcl\u00f6nb\u00f6z\u0151 \u00edzt egyetlen eleg\u00e1ns k\u00e9sz\u00fcl\u00e9kben.<\/li>\n<li>\ud83d\udd25 <strong>N\u00e9gy h\u00e1l\u00f3s tekercs (1.0\u03a9)<\/strong> - gazdag \u00edzt \u00e9s sima g\u0151zfelh\u0151ket biztos\u00edt.<\/li>\n<li>\ud83d\udd0b <strong>\u00dajrat\u00f6lthet\u0151 650mAh akkumul\u00e1tor<\/strong> - megb\u00edzhat\u00f3 \u00e9s k\u00f6rnyezetbar\u00e1t a C t\u00edpus\u00fa gyorst\u00f6lt\u00e9ssel.<\/li>\n<li>\ud83d\udca1 <strong>LED kijelz\u0151<\/strong> - vil\u00e1gosan mutatja az e-folyad\u00e9k \u00e9s az akkumul\u00e1tor \u00e1llapot\u00e1t.<\/li>\n<li>\ud83d\udc8e <strong>Krist\u00e1ly st\u00edlus\u00fa h\u00e9j<\/strong> - pr\u00e9mium \u00e1tl\u00e1tsz\u00f3 kialak\u00edt\u00e1s, amely minden egyes slukkol\u00e1ssal ragyog.<\/li>\n<li>\ud83e\uddc3 <strong>56ml e-folyad\u00e9k kapacit\u00e1s<\/strong> - t\u00f6bb gy\u00fcm\u00f6lcsl\u00e9, kevesebb aggodalom a kifogy\u00e1s miatt.<\/li>\n<li>\u2699\ufe0f <strong>T\u00f6bbf\u00e9le nikotin opci\u00f3<\/strong> - 0%, 2%, 3% \u00e9s 5% v\u00e1ltozatban kaphat\u00f3 a k\u00fcl\u00f6nb\u00f6z\u0151 preferenci\u00e1knak megfelel\u0151en.<\/li>\n<li>\ud83d\udce6 <strong>Nagykereskedelmi csomagol\u00e1s<\/strong> - 10 db dobozonk\u00e9nt, 120 db kartononk\u00e9nt.<\/li>\n<\/ul>\n<h3>M\u0171szaki adatok<\/h3>\n<table>\n<tbody>\n<tr>\n<th>Jellemz\u0151<\/th>\n<th>Specifik\u00e1ci\u00f3<\/th>\n<\/tr>\n<tr>\n<td>Puff sz\u00e1m<\/td>\n<td>100,000 f\u00faj\u00e1s k\u00e9sz\u00fcl\u00e9kenk\u00e9nt<\/td>\n<\/tr>\n<tr>\n<td>\u00cdzek<\/td>\n<td>4 k\u00fcl\u00f6nb\u00f6z\u0151 be\u00e9p\u00edtett \u00edz<\/td>\n<\/tr>\n<tr>\n<td>Tekercs<\/td>\n<td>N\u00e9gy h\u00e1l\u00f3s tekercs, 1.0 ohm<\/td>\n<\/tr>\n<tr>\n<td>E-folyad\u00e9k kapacit\u00e1s<\/td>\n<td>56 ml<\/td>\n<\/tr>\n<tr>\n<td>Nikotin er\u0151ss\u00e9gek<\/td>\n<td>0%, 2%, 3%, 5%<\/td>\n<\/tr>\n<tr>\n<td>Akkumul\u00e1tor<\/td>\n<td>650 mAh, C-t\u00edpus\u00fa \u00fajrat\u00f6lthet\u0151<\/td>\n<\/tr>\n<tr>\n<td>Megjelen\u00edt\u00e9s<\/td>\n<td>LED intelligens k\u00e9perny\u0151 (akkumul\u00e1tor \u00e9s e-folyad\u00e9k kijelz\u0151)<\/td>\n<\/tr>\n<tr>\n<td>Tervez\u00e9s<\/td>\n<td>Krist\u00e1ly st\u00edlus\u00fa \u00e1tl\u00e1tsz\u00f3 h\u00e9j<\/td>\n<\/tr>\n<tr>\n<td>S\u00faly<\/td>\n<td>Kb. 140 g k\u00e9sz\u00fcl\u00e9kenk\u00e9nt<\/td>\n<\/tr>\n<tr>\n<td>Csomagol\u00e1s<\/td>\n<td>10 db\/doboz, 120 db\/doboz (brutt\u00f3 s\u00faly ~18 kg)<\/td>\n<\/tr>\n<\/tbody>\n<\/table>\n<h3>Flavor Line-Up \ud83c\udf53\ud83c\udf49\ud83c\udf47\ud83c\udf52<\/h3>\n<ol>\n<li>Eper g\u00f6r\u00f6gdinnye &amp; Blue Razz j\u00e9g &amp; \u00e1fonya m\u00e1lna cseresznye &amp; Fizzy cseresznye j\u00e9g<\/li>\n<li>Barack j\u00e9g &amp; \u00e1fonya cseresznye &amp; energiaital &amp; g\u00f6r\u00f6gdinnye licsi<\/li>\n<li>\u00c1fony\u00e1s j\u00e9g &amp; Epres ban\u00e1n &amp; K\u00e9t alma &amp; Skittles<\/li>\n<li>Cherry Ice &amp; Grape Ice &amp; Passion Fruit Mango &amp; Love 66<\/li>\n<li>Blueberry Ice &amp; Mango Peach Apricot &amp; Kiwi Passion Fruit Guava &amp; White Peach Razz<\/li>\n<li>Barack Mang\u00f3 Anan\u00e1sz \u00e9s \u00e1fonya M\u00e1lna \u00e9s citrom Lime \u00e9s g\u00f6r\u00f6gdinnye Bubblegum<\/li>\n<li>Vegyes bogy\u00f3s gy\u00fcm\u00f6lcs \u00e9s maracuja Kiwi Lime \u00e9s \u00e1fonya Sz\u0151l\u0151 \u00e9s eper Kiwi<\/li>\n<li>Eper j\u00e9g &amp; gumimacik &amp; g\u00f6r\u00f6gdinnye s\u00e1rk\u00e1nygy\u00fcm\u00f6lcs &amp; \u00e1fonya kiwi<\/li>\n<li>G\u00f6r\u00f6gdinnye Ice &amp; Blue Razz Cseresznye &amp; G\u00f6r\u00f6gdinnye Sour Barack &amp; Passion Fruit Kiwi<\/li>\n<li>Eper mang\u00f3 &amp; MR k\u00e9k &amp; ny\u00e1ri barack j\u00e9g &amp; fekete j\u00e9g<\/li>\n<\/ol>\n<h3>Kinek sz\u00f3l?<\/h3>\n<p>\u2714\ufe0f <strong>Er\u0151s felhaszn\u00e1l\u00f3k<\/strong> akiknek nagy teljes\u00edtm\u00e9ny\u0171, hossz\u00fa \u00e9lettartam\u00fa k\u00e9sz\u00fcl\u00e9kre van sz\u00fcks\u00e9g\u00fck.<br \/>\n\u2714\ufe0f <strong>\u00cdzlel\u00e9s \u00fcld\u00f6z\u0151k<\/strong> akik szeretik a v\u00e1ltozatoss\u00e1got \u00e9s az intenz\u00edv \u00edzeket.<br \/>\n\u2714\ufe0f <strong>Vape \u00fczletek<\/strong> nagy kereslet\u0171 kiskereskedelmi term\u00e9keket keres.<br \/>\n\u2714\ufe0f <strong>Nagykeresked\u0151k<\/strong> az EU piac\u00e1n (N\u00e9metorsz\u00e1g, Franciaorsz\u00e1g, Spanyolorsz\u00e1g, Olaszorsz\u00e1g, Hollandia stb.).<\/p>\n<p><img data-recalc-dims=\"1\" decoding=\"async\" style=\"max-width: 100%; height: auto; display: block; margin: 0 auto;\" src=\"https:\/\/i0.wp.com\/aiviouvapes.com\/wp-content\/uploads\/2025\/10\/UZY-Crystal-Four-Flavors-100000-Puffs-Authentic-Disposable-Vape-Low-Nicotine-Bulk-Buy-Wholesale-5-scaled-1.webp?w=1020&#038;ssl=1\" alt=\"UZY Crystal N\u00e9gy \u00edz 100000 puff 100000 Puff\" title=\"\"><\/p>\n<h3>GYIK<\/h3>\n<ul>\n<li><strong>Q:<\/strong> H\u00e1ny \u00edz van az egyes k\u00e9sz\u00fcl\u00e9kekben?<br \/>\n<strong>A:<\/strong> Minden egys\u00e9g n\u00e9gy el\u0151re felt\u00f6lt\u00f6tt \u00edzt tartalmaz - nincs sz\u00fcks\u00e9g \u00fajrat\u00f6lt\u00e9sre.<\/li>\n<li><strong>Q:<\/strong> \u00dajrat\u00f6lthetem?<br \/>\n<strong>A:<\/strong> Igen! C t\u00edpus\u00fa porttal rendelkezik a gyors \u00fajrat\u00f6lt\u00e9shez.<\/li>\n<li><strong>Q:<\/strong> Milyen nikotinszintek \u00e1llnak rendelkez\u00e9sre?<br \/>\n<strong>A:<\/strong> V\u00e1lasszon a 0%, 2%, 3%, vagy 5% nikotin k\u00f6z\u00f6tt, att\u00f3l f\u00fcgg\u0151en, hogy mit szeretne.<\/li>\n<li><strong>Q:<\/strong> Honnan tudom, hogy mikor kell felt\u00f6lteni vagy kicser\u00e9lni?<br \/>\n<strong>A:<\/strong> A LED-k\u00e9perny\u0151 val\u00f3s id\u0151ben mutatja az e-folyad\u00e9k \u00e9s az akkumul\u00e1tor szintj\u00e9t.<\/li>\n<li><strong>Q:<\/strong> Kis- vagy nagykereskedelemre alkalmas?<br \/>\n<strong>A:<\/strong> Igen - kiv\u00e1l\u00f3an alkalmas mind az egy\u00e9ni kiskereskedelmi \u00e9rt\u00e9kes\u00edt\u00e9sre, mind a nagyszab\u00e1s\u00fa forgalmaz\u00e1sra.<\/li>\n<\/ul>\n<p>&nbsp;<\/p>\n<p><strong>UZY Crystal N\u00e9gy \u00edz 100000 puff 100000 Puff<\/strong> \u00fajradefini\u00e1lja az eldobhat\u00f3 p\u00e1rologtat\u00e1st - leny\u0171g\u00f6z\u0151 krist\u00e1ly design, intelligens LED kijelz\u0151 \u00e9s n\u00e9gy \u00edz\u00e9lm\u00e9ny egy k\u00e9sz\u00fcl\u00e9kben.<br \/>\nAk\u00e1r egy <strong>er\u0151s doh\u00e1nyos<\/strong> vagy egy <strong>\u00fczlettulajdonos<\/strong> Ez a 4 az 1-ben er\u0151m\u0171, amely kib\u0151v\u00edti a term\u00e9kcsal\u00e1dot, kiv\u00e9teles teljes\u00edtm\u00e9nyt \u00e9s st\u00edlust biztos\u00edt. \ud83d\udca8\u2728<\/p>\n<p>&nbsp;<\/p>","protected":false},"excerpt":{"rendered":"<p>\u00c9lvezze a <strong>n\u00e9gy hihetetlen \u00edz<\/strong> egy eleg\u00e1ns krist\u00e1lyos vape-ben! A <strong>UZY Krist\u00e1ly 100000 puff<\/strong> kombin\u00e1lja a <strong>n\u00e9gyh\u00e1l\u00f3s tekercs<\/strong>, <strong>LED intelligens k\u00e9perny\u0151<\/strong>, \u00e9s <strong>C-t\u00edpus\u00fa \u00fajrat\u00f6lt\u00e9s<\/strong> a hossz\u00fa t\u00e1v\u00fa pr\u00e9mium \u00e9lm\u00e9ny \u00e9rdek\u00e9ben - ide\u00e1lis mind a kis-, mind a nagykeresked\u0151k sz\u00e1m\u00e1ra Eur\u00f3pa-szerte. \u26a1<\/p>","protected":false},"featured_media":75038,"comment_status":"open","ping_status":"closed","template":"","meta":[],"product_brand":[254],"product_cat":[253,137,146,138,141,143],"product_tag":[359,361,358,362,360],"class_list":{"0":"post-75037","1":"product","2":"type-product","3":"status-publish","4":"has-post-thumbnail","6":"product_brand-uzy","7":"product_cat-uzy","8":"product_cat-disposable-vapes-in-germany","9":"product_cat-disposable-vapes-in-hungary","10":"product_cat-disposable-vapes-in-ltaly","11":"product_cat-disposable-vapes-in-poland","12":"product_cat-disposable-vapes-in-spain","13":"product_tag-4-in-1-quad-mesh-coil-vape-device","14":"product_tag-high-capacity-disposable-vape-56ml","15":"product_tag-rechargeable-100000-puff-disposable-vape","16":"product_tag-switchable-multi-flavour-disposable-vape","17":"product_tag-uzy-crystal-four-flavours-vape","19":"first","20":"instock","21":"shipping-taxable","22":"purchasable","23":"product-type-variable","24":"has-default-attributes"},"jetpack_sharing_enabled":true,"tiered_pricing_type":"fixed","tiered_pricing_fixed_rules":{"30":9.980000000000000426325641456060111522674560546875,"50":8.1699999999999999289457264239899814128875732421875,"100":7.910000000000000142108547152020037174224853515625,"200":7.2599999999999997868371792719699442386627197265625,"400":6.7400000000000002131628207280300557613372802734375},"tiered_pricing_product_settings":{"layout":"default","base_unit_name":{"singular":null,"plural":null},"default_variation":null},"tiered_pricing_minimum_quantity":10,"tiered_pricing_roles_data":[],"tiered_pricing_percentage_rules":[],"tiered_pricing_maximum_quantity":null,"tiered_pricing_quantity_step":"10","_links":{"self":[{"href":"https:\/\/aiviouvapes.com\/hu\/wp-json\/wp\/v2\/product\/75037","targetHints":{"allow":["GET"]}}],"collection":[{"href":"https:\/\/aiviouvapes.com\/hu\/wp-json\/wp\/v2\/product"}],"about":[{"href":"https:\/\/aiviouvapes.com\/hu\/wp-json\/wp\/v2\/types\/product"}],"replies":[{"embeddable":true,"href":"https:\/\/aiviouvapes.com\/hu\/wp-json\/wp\/v2\/comments?post=75037"}],"wp:featuredmedia":[{"embeddable":true,"href":"https:\/\/aiviouvapes.com\/hu\/wp-json\/wp\/v2\/media\/75038"}],"wp:attachment":[{"href":"https:\/\/aiviouvapes.com\/hu\/wp-json\/wp\/v2\/media?parent=75037"}],"wp:term":[{"taxonomy":"product_brand","embeddable":true,"href":"https:\/\/aiviouvapes.com\/hu\/wp-json\/wp\/v2\/product_brand?post=75037"},{"taxonomy":"product_cat","embeddable":true,"href":"https:\/\/aiviouvapes.com\/hu\/wp-json\/wp\/v2\/product_cat?post=75037"},{"taxonomy":"product_tag","embeddable":true,"href":"https:\/\/aiviouvapes.com\/hu\/wp-json\/wp\/v2\/product_tag?post=75037"}],"curies":[{"name":"wp","href":"https:\/\/api.w.org\/{rel}","templated":true}]}}