{"id":74990,"date":"2025-10-18T14:41:39","date_gmt":"2025-10-18T06:41:39","guid":{"rendered":"https:\/\/aiviouvapes.com\/?post_type=product&#038;p=74990"},"modified":"2026-04-17T13:00:36","modified_gmt":"2026-04-17T05:00:36","slug":"waspe-40k-double-flavor-twins-40000-puffs-dual-flavor-disposable-vape-%f0%9f%92%a8-1-piece-trial-pack","status":"publish","type":"product","link":"https:\/\/aiviouvapes.com\/hu\/product\/waspe-40k-double-flavor-twins-40000-puffs-dual-flavor-disposable-vape-%f0%9f%92%a8-1-piece-trial-pack\/","title":{"rendered":"WASPE 40K Double Flavor Twins 40000 Puffs | kett\u0151s \u00edz\u0171 eldobhat\u00f3 vape \ud83d\udca8 (1 db pr\u00f3bacsomag)"},"content":{"rendered":"<p><img data-recalc-dims=\"1\" decoding=\"async\" style=\"max-width: 100%; height: auto; display: block; margin: 0 auto;\" src=\"https:\/\/i0.wp.com\/aiviouvapes.com\/wp-content\/uploads\/2025\/10\/%E5%9C%BA%E6%99%AF030150.jpg?w=1020&#038;ssl=1\" alt=\"WASPE 40K kett\u0151s \u00edz\u0171\" title=\"\"><\/p>\n<h1>WASPE 40K Double Flavor Twins 40000 Puffs | kett\u0151s \u00edz\u0171 eldobhat\u00f3 vape \ud83d\udca8 (1 db pr\u00f3bacsomag)<\/h1>\n<h2>Term\u00e9k \u00e1ttekint\u00e9s<\/h2>\n<p>A <strong>WASPE 40K dupla \u00edz\u0171 ikrek<\/strong> olyan vaperek sz\u00e1m\u00e1ra k\u00e9sz\u00fclt, akik szeretik a v\u00e1ltozatoss\u00e1got, a sima felh\u0151ket \u00e9s a pr\u00e9mium \u00edzmin\u0151s\u00e9get. Minden eszk\u00f6z tartalmaz <strong>k\u00e9t k\u00fcl\u00f6nb\u00f6z\u0151 \u00edz<\/strong> amelyek k\u00f6z\u00f6tt k\u00f6nnyed\u00e9n v\u00e1lthat - megdupl\u00e1zza az \u00e9lvezetet an\u00e9lk\u00fcl, hogy t\u00f6bb p\u00e1rap\u00e1r\u00e1t kellene cipelnie.<br \/>\nEgy nagyvonal\u00fa <strong>36 ml e-liquid \u0171rtartalom<\/strong> \u00e9s egy hosszan tart\u00f3 <strong>850mAh akkumul\u00e1tor<\/strong>, eg\u00e9sz nap egyenletes \u00edzt fog tapasztalni. A <strong>kett\u0151s h\u00e1l\u00f3s tekercs kialak\u00edt\u00e1s<\/strong> fokozza a g\u0151z simas\u00e1g\u00e1t \u00e9s az \u00edzek gazdags\u00e1g\u00e1t, m\u00edg a <strong>C-t\u00edpus\u00fa \u00fajrat\u00f6lt\u00e9s<\/strong> gyors \u00e9s hat\u00e9kony t\u00f6lt\u00e9st biztos\u00edt a non-stop vaping \u00e9lvezet \u00e9rdek\u00e9ben.<\/p>\n<h3>F\u0151 jellemz\u0151k<\/h3>\n<ul>\n<li>\ud83d\udca8 <strong>Ak\u00e1r 40,000 f\u00faj\u00e1s<\/strong> - hossz\u00fa t\u00e1v\u00fa el\u00e9gedetts\u00e9get \u00e9lvezhet.<\/li>\n<li>\ud83c\udf53 <strong>Kett\u0151s \u00edzes\u00edt\u00e9s\u0171 rendszer<\/strong> - b\u00e1rmikor v\u00e1lthat k\u00e9t izgalmas \u00edz k\u00f6z\u00f6tt.<\/li>\n<li>\ud83d\udd25 <strong>Kett\u0151s h\u00e1l\u00f3s tekercsek<\/strong> - er\u0151sebb \u00edz, sim\u00e1bb g\u0151z.<\/li>\n<li>\ud83e\uddc3 <strong>36ml e-folyad\u00e9k<\/strong> - hosszabb haszn\u00e1lat ut\u00e1nt\u00f6lt\u00e9s n\u00e9lk\u00fcl.<\/li>\n<li>\ud83d\udd0b <strong>850mAh \u00fajrat\u00f6lthet\u0151 akkumul\u00e1tor<\/strong> - egyenletes, megb\u00edzhat\u00f3 teljes\u00edtm\u00e9ny.<\/li>\n<li>\u26a1 <strong>C t\u00edpus\u00fa gyorst\u00f6lt\u00e9s<\/strong> - hat\u00e9konyan, minim\u00e1lis \u00e1ll\u00e1sid\u0151vel t\u00f6lthet\u0151k fel.<\/li>\n<li>\ud83d\udc4c <strong>Kompakt \u00e9s hordozhat\u00f3 kialak\u00edt\u00e1s<\/strong> - ide\u00e1lis a mindennapi visel\u00e9shez.<\/li>\n<li>\ud83d\udecd\ufe0f <strong>1 darab kiskereskedelmi opci\u00f3<\/strong> - t\u00f6k\u00e9letes tesztel\u00e9sre vagy szem\u00e9lyes haszn\u00e1latra.<\/li>\n<\/ul>\n<h3>M\u0171szaki adatok<\/h3>\n<table>\n<tbody>\n<tr>\n<th>Jellemz\u0151<\/th>\n<th>Specifik\u00e1ci\u00f3<\/th>\n<\/tr>\n<tr>\n<td>Puff kapacit\u00e1s<\/td>\n<td>Ak\u00e1r 40,000 f\u00faj\u00e1s<\/td>\n<\/tr>\n<tr>\n<td>E-folyad\u00e9k kapacit\u00e1s<\/td>\n<td>36 ml<\/td>\n<\/tr>\n<tr>\n<td>Akkumul\u00e1tor<\/td>\n<td>850mAh (\u00fajrat\u00f6lthet\u0151)<\/td>\n<\/tr>\n<tr>\n<td>Nikotin lehet\u0151s\u00e9gek<\/td>\n<td>0%, 2% vagy 5%<\/td>\n<\/tr>\n<tr>\n<td>Tekercs t\u00edpusa<\/td>\n<td>Kett\u0151s h\u00e1l\u00f3s tekercsek<\/td>\n<\/tr>\n<tr>\n<td>\u00cdzes\u00edt\u0151 rendszer<\/td>\n<td>2 \u00edz k\u00e9sz\u00fcl\u00e9kenk\u00e9nt (kett\u0151s \u00edzkapcsol\u00f3)<\/td>\n<\/tr>\n<tr>\n<td>T\u00f6lt\u00e9s<\/td>\n<td>C-t\u00edpus\u00fa gyors t\u00f6lt\u00e9s<\/td>\n<\/tr>\n<tr>\n<td>Tervez\u00e9s<\/td>\n<td>Hordozhat\u00f3, azonnal haszn\u00e1lhat\u00f3, karbantart\u00e1smentes<\/td>\n<\/tr>\n<\/tbody>\n<\/table>\n<h3>\u00cdzkombin\u00e1ci\u00f3k \ud83c\udf47\ud83c\udf49\ud83c\udf4b<\/h3>\n<ol>\n<li>G\u00f6r\u00f6gdinnye j\u00e9g \u00e9s citrom lime<\/li>\n<li>Fizzy Cherry Ice &amp; Blueberry Cotton Candy<\/li>\n<li>Epres g\u00f6r\u00f6gdinnye \u00e9s \u00e1fony\u00e1s m\u00e1lna<\/li>\n<li>Red Bull Ice &amp; Strawberry Mango<\/li>\n<li>\u0150szibarack j\u00e9g \u00e9s anan\u00e1sz mang\u00f3 \u0151szibarack<\/li>\n<li>Grape Ice &amp; Strawberry Kiwi<\/li>\n<li>Bogy\u00f3kever\u00e9k \u00e9s dupla almaj\u00e9g<\/li>\n<li>K\u00e9k M\u00e1lna Limon\u00e1d\u00e9 \u00e9s G\u00f6r\u00f6gdinnye r\u00e1g\u00f3gumi<\/li>\n<li>Strawberry Raspberry Cherry &amp; Love 666<\/li>\n<li>Eper ban\u00e1n \u00e9s anan\u00e1sz k\u00f3kusz j\u00e9g<\/li>\n<li>Eper g\u00f6r\u00f6gdinnye r\u00e1g\u00f3gumi \u00e9s vegyes gy\u00fcm\u00f6lcs<\/li>\n<li>Cherry Cola Ice &amp; Strawberry Raspberry Candy<\/li>\n<li>Savany\u00fa alma m\u00e1lna \u00e9s eper nagy Bang<\/li>\n<li>\u0150szibarack bogy\u00f3 \u00e9s g\u00f6r\u00f6gdinnye mang\u00f3 \u0151szibarack<\/li>\n<li>\u00c1fonya j\u00e9g \u00e9s fekete s\u00e1rk\u00e1ny j\u00e9g<\/li>\n<li>Epres cseresznye \u00e9s kiwi maracuja<\/li>\n<li>Gumimaci \u00e9s eper k\u00f3la<\/li>\n<li>Ban\u00e1n anan\u00e1sz j\u00e9g &amp; Red Bull j\u00e9g<\/li>\n<li>Red Bull eper \u00e9s feketeribizli j\u00e9g<\/li>\n<li>Tripla dinnye j\u00e9g \u00e9s m\u00e1lna g\u00f6r\u00f6gdinnye<\/li>\n<\/ol>\n<h3>T\u00f6k\u00e9letes<\/h3>\n<p>\u2714\ufe0f Kiskereskedelmi v\u00e1s\u00e1rl\u00f3k, akik pr\u00e9mium min\u0151s\u00e9g\u0171, k\u00f6nnyen haszn\u00e1lhat\u00f3 vape-t keresnek.<br \/>\n\u2714\ufe0f \u00dcgyfelek, akik szeretnek k\u00e9t \u00edz k\u00f6z\u00f6tt v\u00e1ltogatni.<br \/>\n\u2714\ufe0f Az uni\u00f3s piacokat, p\u00e9ld\u00e1ul N\u00e9metorsz\u00e1got, Franciaorsz\u00e1got, Spanyolorsz\u00e1got \u00e9s Hollandi\u00e1t kiszolg\u00e1l\u00f3 forgalmaz\u00f3k.<br \/>\n\u2714\ufe0f \u00dajrat\u00f6lthet\u0151, nagy kapacit\u00e1s\u00fa k\u00e9sz\u00fcl\u00e9keket keres\u0151 els\u0151 g\u0151z\u00f6lg\u0151k.<\/p>\n<h3>GYIK<\/h3>\n<ul>\n<li><strong>Q:<\/strong> H\u00e1ny \u00edzes\u00edt\u00e9s szerepel a csomagban?<br \/>\n<strong>A:<\/strong> Kett\u0151 - minden eszk\u00f6z k\u00e9t el\u0151re felt\u00f6lt\u00f6tt \u00edzt tartalmaz az iker \u00e9lm\u00e9ny \u00e9rdek\u00e9ben.<\/li>\n<li><strong>Q:<\/strong> Mennyi ideig tart?<br \/>\n<strong>A:<\/strong> Ak\u00e1r 40 000 f\u00faj\u00e1s k\u00e9sz\u00fcl\u00e9kenk\u00e9nt.<\/li>\n<li><strong>Q:<\/strong> Milyen nikotinszintek \u00e1llnak rendelkez\u00e9sre?<br \/>\n<strong>A:<\/strong> 0%, 2% vagy 5% - v\u00e1lassza ki a k\u00edv\u00e1nt er\u0151ss\u00e9get.<\/li>\n<li><strong>Q:<\/strong> \u00dajrat\u00f6lthet\u0151?<br \/>\n<strong>A:<\/strong> Igen, C t\u00edpus\u00fa t\u00f6lt\u0151porttal.<\/li>\n<li><strong>Q:<\/strong> Sz\u00fcks\u00e9gem van-e ut\u00e1nt\u00f6lt\u00e9sre vagy karbantart\u00e1sra?<br \/>\n<strong>A:<\/strong> Nem - teljesen eldobhat\u00f3 \u00e9s karbantart\u00e1smentes.<\/li>\n<\/ul>\n<p><strong>K\u00f6vetkeztet\u00e9s:<\/strong> A <strong>WASPE 40K dupla \u00edz\u0171 ikrek<\/strong> p\u00e1ratlan k\u00e9nyelmet \u00e9s \u00edzbeli rugalmass\u00e1got biztos\u00edt kompakt form\u00e1ban.<br \/>\n\u00c9lvezze a szabads\u00e1got, hogy k\u00e9t jellegzetes \u00edz k\u00f6z\u00f6tt v\u00e1lthat, amit kett\u0151s h\u00e1l\u00f3s tekercsek \u00e9s hosszan tart\u00f3 teljes\u00edtm\u00e9ny t\u00e1mogatnak - mostant\u00f3l kaphat\u00f3 a <strong>1 darabos pr\u00f3bacsomag<\/strong> a kiskereskedelmi v\u00e1s\u00e1rl\u00f3k sz\u00e1m\u00e1ra Eur\u00f3pa-szerte. \ud83d\udca8\u2728<\/p>\n<p>&nbsp;<\/p>","protected":false},"excerpt":{"rendered":"<p><em>A term\u00e9k minim\u00e1lis rendel\u00e9si mennyis\u00e9ge egy darab.<\/em><br \/>\nFedezze fel a <strong>WASPE 40K dupla \u00edz\u0171 ikrek<\/strong> - egy er\u0151teljes eldobhat\u00f3 vape, amely egyes\u00edti <strong>k\u00e9t egyedi \u00edz<\/strong> \u00e9s ig <strong>40.000 f\u00faj\u00e1s<\/strong> az el\u00e9gedetts\u00e9g. A  c\u00edmen <strong>36ml e-folyad\u00e9k<\/strong>, <strong>kett\u0151s h\u00e1l\u00f3s tekercsek<\/strong>, \u00e9s <strong>C-t\u00edpus\u00fa t\u00f6lt\u00e9s<\/strong>, ez az \u00edz \u00e9s a k\u00e9nyelem t\u00f6k\u00e9letes egyens\u00falya. M\u00e1r kaphat\u00f3 <strong>1 darabos pr\u00f3bav\u00e1s\u00e1rl\u00e1s<\/strong> Eur\u00f3p\u00e1ban. \ud83c\udf08<\/p>\n<style>\n#moqsection1 {display:none}<br \/>\n<\/style>\n<script>window.addEventListener(\"load\", function () {\r\n    setTimeout(function () {\r\n        var restricted = document.querySelector(\"p.restricted_country\");\r\n        if (!restricted) return;\r\n\r\n        var url = new URL(window.location.href);\r\n\r\n        \/\/ If \"new\" param is already present, do nothing\r\n        if (url.searchParams.has(\"new\")) return;\r\n\r\n        \/\/ Add ?new (or &new) once\r\n        url.searchParams.append(\"new\", \"\");\r\n\r\n        window.location.href = url.toString();\r\n    }, 5000); \/\/ 5 seconds\r\n});<\/script>","protected":false},"featured_media":74919,"comment_status":"open","ping_status":"closed","template":"","meta":[],"product_brand":[227],"product_cat":[19,137,146,138,141,143,573],"product_tag":[338],"class_list":{"0":"post-74990","1":"product","2":"type-product","3":"status-publish","4":"has-post-thumbnail","6":"product_brand-waspe","7":"product_cat-waspe","8":"product_cat-disposable-vapes-in-germany","9":"product_cat-disposable-vapes-in-hungary","10":"product_cat-disposable-vapes-in-ltaly","11":"product_cat-disposable-vapes-in-poland","12":"product_cat-disposable-vapes-in-spain","13":"product_cat-new-3","14":"product_tag-samples","16":"first","17":"instock","18":"shipping-taxable","19":"product-type-variable","20":"has-default-attributes"},"jetpack_sharing_enabled":true,"tiered_pricing_type":"fixed","tiered_pricing_fixed_rules":{"3":19.89999999999999857891452847979962825775146484375,"5":15.9000000000000003552713678800500929355621337890625},"tiered_pricing_product_settings":{"layout":"default","base_unit_name":{"singular":null,"plural":null},"default_variation":null},"tiered_pricing_minimum_quantity":null,"tiered_pricing_roles_data":[],"tiered_pricing_percentage_rules":[],"tiered_pricing_maximum_quantity":null,"tiered_pricing_quantity_step":null,"_links":{"self":[{"href":"https:\/\/aiviouvapes.com\/hu\/wp-json\/wp\/v2\/product\/74990","targetHints":{"allow":["GET"]}}],"collection":[{"href":"https:\/\/aiviouvapes.com\/hu\/wp-json\/wp\/v2\/product"}],"about":[{"href":"https:\/\/aiviouvapes.com\/hu\/wp-json\/wp\/v2\/types\/product"}],"replies":[{"embeddable":true,"href":"https:\/\/aiviouvapes.com\/hu\/wp-json\/wp\/v2\/comments?post=74990"}],"wp:featuredmedia":[{"embeddable":true,"href":"https:\/\/aiviouvapes.com\/hu\/wp-json\/wp\/v2\/media\/74919"}],"wp:attachment":[{"href":"https:\/\/aiviouvapes.com\/hu\/wp-json\/wp\/v2\/media?parent=74990"}],"wp:term":[{"taxonomy":"product_brand","embeddable":true,"href":"https:\/\/aiviouvapes.com\/hu\/wp-json\/wp\/v2\/product_brand?post=74990"},{"taxonomy":"product_cat","embeddable":true,"href":"https:\/\/aiviouvapes.com\/hu\/wp-json\/wp\/v2\/product_cat?post=74990"},{"taxonomy":"product_tag","embeddable":true,"href":"https:\/\/aiviouvapes.com\/hu\/wp-json\/wp\/v2\/product_tag?post=74990"}],"curies":[{"name":"wp","href":"https:\/\/api.w.org\/{rel}","templated":true}]}}