{"id":74914,"date":"2025-10-18T14:35:37","date_gmt":"2025-10-18T06:35:37","guid":{"rendered":"https:\/\/aiviouvapes.com\/?post_type=product&#038;p=74914"},"modified":"2026-03-24T11:25:56","modified_gmt":"2026-03-24T03:25:56","slug":"waspe-4-in-1-100000-puffs-multi-flavor-disposable-vape-with-led-display-%f0%9f%92%a8-1-piece-trial-pack-available","status":"publish","type":"product","link":"https:\/\/aiviouvapes.com\/hu\/product\/waspe-4-in-1-100000-puffs-multi-flavor-disposable-vape-with-led-display-%f0%9f%92%a8-1-piece-trial-pack-available\/","title":{"rendered":"WASPE 4 az 1-ben 100000 Puffs | t\u00f6bb \u00edz\u0171 eldobhat\u00f3 vape led kijelz\u0151vel \ud83d\udca8 (1 darab pr\u00f3bapack el\u00e9rhet\u0151)"},"content":{"rendered":"<h1>WASPE 4 az 1-ben 100000 Puffs | t\u00f6bb \u00edz\u0171 eldobhat\u00f3 vape led kijelz\u0151vel \ud83d\udca8 (1 darab pr\u00f3bapack el\u00e9rhet\u0151)<\/h1>\n<h2>Term\u00e9k \u00e1ttekint\u00e9s<\/h2>\n<p>A v\u00e1ltozatoss\u00e1got \u00e9s a hossz\u00fa teljes\u00edtm\u00e9nyt kedvel\u0151 mindennapos vaperek sz\u00e1m\u00e1ra tervezett <strong>WASPE 4 az 1-ben<\/strong> sz\u00e1ll\u00edt egy hatalmas <strong>100,000 puff<\/strong> \u00e9s n\u00e9gy kapcsolhat\u00f3 \u00edzes\u00edt\u00e9s egyetlen pr\u00e9mium k\u00e9sz\u00fcl\u00e9kben. Az intelligens <strong>LED k\u00e9perny\u0151<\/strong> az akkumul\u00e1tor \u00e9s a puff \u00e1llapot\u00e1t mutatja, m\u00edg a <strong>h\u00e1l\u00f3s tekercs \u00d7 4<\/strong> minden alkalommal sima g\u0151zt \u00e9s gazdag \u00edzt biztos\u00edt. T\u00f6k\u00e9letes azok sz\u00e1m\u00e1ra, akik tesztelni vagy \u00e9lvezni akarj\u00e1k a cs\u00facsteljes\u00edtm\u00e9nyt - mostant\u00f3l m\u00e1r kiskereskedelmi v\u00e1s\u00e1rl\u00f3k sz\u00e1m\u00e1ra is el\u00e9rhet\u0151, mind\u00f6ssze <strong>1 darab<\/strong>!<\/p>\n<h3>Mi\u00e9rt v\u00e1lassza az WASPE 4 az 1-ben 100000 Puffot?<\/h3>\n<ul>\n<li>\ud83d\udca8 <strong>Szuper tart\u00f3s:<\/strong> Ak\u00e1r 100.000 slukk k\u00e9sz\u00fcl\u00e9kenk\u00e9nt - a tart\u00f3ss\u00e1g \u00e9rdek\u00e9ben.<\/li>\n<li>\ud83c\udf6d <strong>4 az 1-ben \u00edzrendszer:<\/strong> N\u00e9gy \u00edz egy k\u00e9sz\u00fcl\u00e9kben - b\u00e1rmikor v\u00e1lthatsz \u00faj \u00edzeket.<\/li>\n<li>\u26a1 <strong>C t\u00edpus\u00fa \u00fajrat\u00f6lthet\u0151 akkumul\u00e1tor:<\/strong> 650 mAh kapacit\u00e1s a stabil energiaell\u00e1t\u00e1s\u00e9rt.<\/li>\n<li>\ud83d\udcfa <strong>LED kijelz\u0151:<\/strong> Val\u00f3s idej\u0171 puffad\u00e1s- \u00e9s akkumul\u00e1torjelz\u0151k.<\/li>\n<li>\ud83d\udd25 <strong>H\u00e1l\u00f3s tekercs 1,0 \u03a9 \u00d7 4:<\/strong> Teljesebb g\u0151zt \u00e9s egyenletesebb \u00edzt biztos\u00edt.<\/li>\n<li>\ud83d\udecd\ufe0f <strong>Kiskereskedelemre k\u00e9sz:<\/strong> M\u00e1r 1 darabt\u00f3l kaphat\u00f3 - t\u00f6k\u00e9letes pr\u00f3b\u00e1ra vagy aj\u00e1nd\u00e9kba.<\/li>\n<\/ul>\n<h3>M\u0171szaki adatok<\/h3>\n<table>\n<tbody>\n<tr>\n<th>Jellemz\u0151<\/th>\n<th>Specifik\u00e1ci\u00f3<\/th>\n<\/tr>\n<tr>\n<td>Puff kapacit\u00e1s<\/td>\n<td>100,000 Puff<\/td>\n<\/tr>\n<tr>\n<td>E-folyad\u00e9k kapacit\u00e1s<\/td>\n<td>56 ml<\/td>\n<\/tr>\n<tr>\n<td>Akkumul\u00e1tor<\/td>\n<td>650 mAh (C t\u00edpus\u00fa \u00fajrat\u00f6lthet\u0151)<\/td>\n<\/tr>\n<tr>\n<td>Tekercs t\u00edpusa<\/td>\n<td>1,0 \u03a9 h\u00e1l\u00f3s tekercs \u00d7 4<\/td>\n<\/tr>\n<tr>\n<td>Megjelen\u00edt\u00e9s<\/td>\n<td>LED kijelz\u0151<\/td>\n<\/tr>\n<tr>\n<td>Tervez\u00e9s<\/td>\n<td>Eleg\u00e1ns, t\u00f6bb \u00edz\u0171 rendszer<\/td>\n<\/tr>\n<\/tbody>\n<\/table>\n<h3>\u00cdzkombin\u00e1ci\u00f3k \ud83c\udf53\ud83c\udf49\ud83e\udd6d<\/h3>\n<p><strong>Combo 1:<\/strong> G\u00f6r\u00f6gdinnye j\u00e9g, eper-kiwi, m\u00e1lna g\u00f6r\u00f6gdinnye, citromos lime<\/p>\n<p><strong>Combo 2:<\/strong> Eper g\u00f6r\u00f6gdinnye, MR.Blue, sz\u0151l\u0151 j\u00e9g, sziv\u00e1rv\u00e1ny cukorka<\/p>\n<p><strong>Combo 3:<\/strong> Red Bull Ice, Ban\u00e1n Ice, Anan\u00e1szos k\u00f3kuszos Ice, Tripla mang\u00f3 Ice<\/p>\n<p><strong>Combo 4:<\/strong> Eper-m\u00e1lna cseresznye, \u0151r\u00fclt cseresznye j\u00e9g, k\u00e9k cseresznye j\u00e9g, k\u00f3la j\u00e9g<\/p>\n<p><strong>Combo 5:<\/strong> Eper Ban\u00e1n, Eper Red Bull, Eper Mang\u00f3, R\u00f3zsasz\u00edn limon\u00e1d\u00e9<\/p>\n<p><strong>Combo 6:<\/strong> \u00c1fonya j\u00e9g, Fekete lovag, Eper j\u00e9g, Eper g\u00f6r\u00f6gdinnye<\/p>\n<p><strong>Combo 7:<\/strong> Cherry Cola Ice, Strawberry Cherry Ice, Strawberry Cola Ice, Strawberry Watermelon Bubblegum<\/p>\n<p><strong>Combo 8:<\/strong> Juicy Peach Ice, Tr\u00f3pusi gy\u00fcm\u00f6lcs, Fruit Blast, Peach Berry<\/p>\n<p><strong>Combo 9:<\/strong> Grape Ice, Strawberry Kiwi, Strawberry Raspberry Cherry, Black Knight<\/p>\n<p><strong>Combo 10:<\/strong> Vegyes bogy\u00f3s gy\u00fcm\u00f6lcs\u00f6k, dupla alma j\u00e9g, \u00e1fony\u00e1s m\u00e1lna, \u00e1fony\u00e1s m\u00e9z<\/p>\n<p><strong>Combo 11:<\/strong> Epres Red Bull, Epres g\u00f6r\u00f6gdinny\u00e9s r\u00e1g\u00f3gumi, Red Bull Ice, Cherry Cola Ice<\/p>\n<p><strong>Combo 12:<\/strong> \u00c1fony\u00e1s m\u00e1lna, \u00e1fony\u00e1s limon\u00e1d\u00e9, vegyes bogy\u00f3s gy\u00fcm\u00f6lcs\u00f6k, sz\u0151l\u0151m\u00e9zes j\u00e9g<\/p>\n<h3>T\u00f6k\u00e9letes<\/h3>\n<p>\u2714\ufe0f Kiskereskedelmi v\u00e1s\u00e1rl\u00f3k, akik pr\u00e9mium min\u0151s\u00e9get szeretn\u00e9nek kipr\u00f3b\u00e1lni egyetlen darabb\u00f3l.<br \/>\n\u2714\ufe0f Az \u00edzek szerelmesei, akik szeretik a v\u00e1ltozatoss\u00e1got \u00e9s az \u00edzek v\u00e1ltogat\u00e1s\u00e1t \u00fatk\u00f6zben.<br \/>\n\u2714\ufe0f Vape rajong\u00f3k, akik LED-es, \u00fajrat\u00f6lthet\u0151, nagy kapacit\u00e1s\u00fa k\u00e9sz\u00fcl\u00e9ket keresnek.<\/p>\n<h3>GYIK<\/h3>\n<ul>\n<li><strong>Q:<\/strong> Vehetek csak egy vape-t?<br \/>\n<strong>A:<\/strong> Igen! Ez a v\u00e1ltozat kiskereskedelmi forgalomban kaphat\u00f3, \u00e9s egy darabb\u00f3l v\u00e1s\u00e1rolhat\u00f3 meg.<\/li>\n<li><strong>Q:<\/strong> Mennyi ideig tart?<br \/>\n<strong>A:<\/strong> Ak\u00e1r 100 000 slukk, a p\u00e1rologtat\u00e1si st\u00edlust\u00f3l f\u00fcgg\u0151en.<\/li>\n<li><strong>Q:<\/strong> Hogyan v\u00e1ltoztathatom meg az \u00edzeket?<br \/>\n<strong>A:<\/strong> Egyszer\u0171en kapcsolja \u00e1t a v\u00e1laszt\u00f3t - 4 \u00edz van be\u00e9p\u00edtve az azonnali v\u00e1ltozatoss\u00e1g \u00e9rdek\u00e9ben.<\/li>\n<li><strong>Q:<\/strong> \u00dajrat\u00f6lthet\u0151?<br \/>\n<strong>A:<\/strong> Igen. C t\u00edpus\u00fa port 650 mAh-s akkumul\u00e1torral a megb\u00edzhat\u00f3 \u00fajrat\u00f6lt\u00e9sekhez.<\/li>\n<li><strong>Q:<\/strong> Milyen tekercset haszn\u00e1l?<br \/>\n<strong>A:<\/strong> 1.0 \u03a9 Mesh tekercs \u00d7 4 a sima g\u0151z\u00e9rt \u00e9s tiszta \u00edz\u00e9rt.<\/li>\n<\/ul>\n<p><strong>K\u00f6vetkeztet\u00e9s:<\/strong> Ak\u00e1r \u00faj vagy a p\u00e1rologtat\u00e1sban, ak\u00e1r a k\u00e9nyelmet keres\u0151 \u00edzvad\u00e1sz, a <strong>WASPE 4 az 1-ben 100000 Puff 100000 Puffs<\/strong> mindent megad - LED kijelz\u0151, \u00fajrat\u00f6lthet\u0151s\u00e9g \u00e9s v\u00e9gtelen \u00edzl\u00e9s egyetlen eleg\u00e1ns k\u00e9sz\u00fcl\u00e9kben. Pr\u00f3b\u00e1lja ki most a <strong>1 darabos pr\u00f3baaj\u00e1nlat!<\/strong> \ud83c\udf08\ud83d\udca8<\/p>\n<p>&nbsp;<\/p>","protected":false},"excerpt":{"rendered":"<p><em>A term\u00e9k minim\u00e1lis rendel\u00e9si mennyis\u00e9ge egy darab.<\/em><br \/>\nFedezze fel a <strong>WASPE 4 az 1-ben 100000 Puff 100000 Puffs<\/strong> - mostant\u00f3l el\u00e9rhet\u0151 a <strong>egydarabos pr\u00f3bav\u00e1s\u00e1rl\u00e1s<\/strong>! \u00c9lvezze a 4 rot\u00e1ci\u00f3s \u00edzt, 56 ml e-folyad\u00e9kot \u00e9s egy C-t\u00edpus\u00fa, 650 mAh-s \u00fajrat\u00f6lthet\u0151 akkumul\u00e1tort egy eleg\u00e1ns, LED-kijelz\u0151s vape-ben. \u26a1\ud83c\udf53<\/p>\n<style>\n#moqsection1 {display:none}<br \/><\/style>\n<script>window.addEventListener(\"load\", function () {\r\n    setTimeout(function () {\r\n        var restricted = document.querySelector(\"p.restricted_country\");\r\n        if (!restricted) return;\r\n\r\n        var url = new URL(window.location.href);\r\n\r\n        \/\/ If \"new\" param is already present, do nothing\r\n        if (url.searchParams.has(\"new\")) return;\r\n\r\n        \/\/ Add ?new (or &new) once\r\n        url.searchParams.append(\"new\", \"\");\r\n\r\n        window.location.href = url.toString();\r\n    }, 5000); \/\/ 5 seconds\r\n});<\/script>","protected":false},"featured_media":74918,"comment_status":"open","ping_status":"closed","template":"","meta":[],"product_brand":[227],"product_cat":[19,137,146,138,141,143],"product_tag":[338],"class_list":{"0":"post-74914","1":"product","2":"type-product","3":"status-publish","4":"has-post-thumbnail","6":"product_brand-waspe","7":"product_cat-waspe","8":"product_cat-disposable-vapes-in-germany","9":"product_cat-disposable-vapes-in-hungary","10":"product_cat-disposable-vapes-in-ltaly","11":"product_cat-disposable-vapes-in-poland","12":"product_cat-disposable-vapes-in-spain","13":"product_tag-samples","15":"first","16":"outofstock","17":"shipping-taxable","18":"product-type-variable","19":"has-default-attributes"},"jetpack_sharing_enabled":true,"tiered_pricing_type":"fixed","tiered_pricing_fixed_rules":{"3":23.89999999999999857891452847979962825775146484375,"5":18.89999999999999857891452847979962825775146484375},"tiered_pricing_product_settings":{"layout":"default","base_unit_name":{"singular":null,"plural":null},"default_variation":null},"tiered_pricing_minimum_quantity":null,"tiered_pricing_roles_data":[],"tiered_pricing_percentage_rules":[],"tiered_pricing_maximum_quantity":null,"tiered_pricing_quantity_step":null,"_links":{"self":[{"href":"https:\/\/aiviouvapes.com\/hu\/wp-json\/wp\/v2\/product\/74914","targetHints":{"allow":["GET"]}}],"collection":[{"href":"https:\/\/aiviouvapes.com\/hu\/wp-json\/wp\/v2\/product"}],"about":[{"href":"https:\/\/aiviouvapes.com\/hu\/wp-json\/wp\/v2\/types\/product"}],"replies":[{"embeddable":true,"href":"https:\/\/aiviouvapes.com\/hu\/wp-json\/wp\/v2\/comments?post=74914"}],"wp:featuredmedia":[{"embeddable":true,"href":"https:\/\/aiviouvapes.com\/hu\/wp-json\/wp\/v2\/media\/74918"}],"wp:attachment":[{"href":"https:\/\/aiviouvapes.com\/hu\/wp-json\/wp\/v2\/media?parent=74914"}],"wp:term":[{"taxonomy":"product_brand","embeddable":true,"href":"https:\/\/aiviouvapes.com\/hu\/wp-json\/wp\/v2\/product_brand?post=74914"},{"taxonomy":"product_cat","embeddable":true,"href":"https:\/\/aiviouvapes.com\/hu\/wp-json\/wp\/v2\/product_cat?post=74914"},{"taxonomy":"product_tag","embeddable":true,"href":"https:\/\/aiviouvapes.com\/hu\/wp-json\/wp\/v2\/product_tag?post=74914"}],"curies":[{"name":"wp","href":"https:\/\/api.w.org\/{rel}","templated":true}]}}