{"id":73816,"date":"2025-10-15T18:01:55","date_gmt":"2025-10-15T10:01:55","guid":{"rendered":"https:\/\/aiviouvapes.com\/?post_type=product&#038;p=73816"},"modified":"2026-04-17T13:00:37","modified_gmt":"2026-04-17T05:00:37","slug":"fihp-120k-6-in-1-disposable-vape","status":"publish","type":"product","link":"https:\/\/aiviouvapes.com\/hu\/product\/fihp-120k-6-in-1-disposable-vape\/","title":{"rendered":"FIHP 120K | 120000 puff, 64mL, 6 az 1-ben, t\u00f6bb \u00edzben, LED k\u00e9perny\u0151, magas puffsz\u00e1m, nagy mennyis\u00e9g\u0171 eldobhat\u00f3 vape"},"content":{"rendered":"<h2>FIHP 120K 6 az 1-ben 120000 Puffs | led k\u00e9perny\u0151 6 \u00edz 1 multi \u00edzben 64ml magas puff sz\u00e1m hossz\u00fa \u00e9lettartam\u00fa tart\u00f3s \u00fajrat\u00f6lthet\u0151 \u00f6mlesztett eldobhat\u00f3 vape<\/h2>\n<h3>Mi\u00e9rt v\u00e1lassza az FIHP 120K Multi-Flavor Vape-t?<\/h3>\n<ul>\n<li>\ud83d\udca8 <b>Ultra hossz\u00fa 120K Puff Count:<\/b> Ak\u00e1r 120 000 puffan\u00e1ssal is b\u00fcszk\u00e9lkedhet a hosszabb p\u00e1rologtat\u00e1si munkamenetekhez - a neh\u00e9z felhaszn\u00e1l\u00f3k \u00e9s a tart\u00f3s el\u00e9gedetts\u00e9g \u00e9rdek\u00e9ben k\u00e9sz\u00fclt.<\/li>\n<li>\ud83d\udd04 <b>6 az 1-ben \u00edzrendszer:<\/b> Szabadon v\u00e1lthat hat \u00e1ll\u00edthat\u00f3 gy\u00fcm\u00f6lcs- \u00e9s h\u0171s\u00edt\u0151 \u00edz k\u00f6z\u00f6tt, \u00edgy b\u00e1rmikor testre szabhatja \u00edzl\u00e9s\u00e9t.<\/li>\n<li>\ud83d\udcf1 <b>Intelligens LED kijelz\u0151:<\/b> A be\u00e9p\u00edtett k\u00e9perny\u0151 val\u00f3s id\u0151ben mutatja az akkumul\u00e1tor \u00e9lettartam\u00e1t \u00e9s az e-folyad\u00e9k szintj\u00e9t, \u00edgy mindig tudja, mennyi t\u00f6lt\u0151anyag \u00e9s energia van m\u00e9g h\u00e1tra.<\/li>\n<li>\ud83d\udd25 <b>Kett\u0151s h\u00e1l\u00f3s tekercs:<\/b> Az innovat\u00edv kett\u0151s h\u00e1l\u00f3s tekercsek egyenletesebben meleg\u00edtenek a gazdagabb \u00edz \u00e9s a s\u0171r\u0171bb felh\u0151k \u00e9rdek\u00e9ben, mint az egy tekercs.<\/li>\n<li>\ud83d\udd0b <b>650mAh \u00fajrat\u00f6lthet\u0151 akkumul\u00e1tor:<\/b> A gyors USB-C t\u00f6lt\u00e9snek k\u00f6sz\u00f6nhet\u0151en gyorsan felt\u00f6lt\u0151dik, \u00edgy eg\u00e9sz nap v\u00e1rakoz\u00e1s n\u00e9lk\u00fcl sz\u00edvhatsz.<\/li>\n<li>\ud83d\udca7 <b>Massz\u00edv 64mL E-Liquid tart\u00e1ly:<\/b> A nagy kapacit\u00e1s\u00fa tart\u00e1ly rengeteg levet tartalmaz a folyamatos \u00edz\u00e9rt, ami kevesebb \u00fajrat\u00f6lt\u00e9st jelent a maratoni \u00fcl\u00e9sek sor\u00e1n.<\/li>\n<li>\ud83d\udce6 <b>Nagykereskedelemre k\u00e9sz csomagol\u00e1s:<\/b> Dobozonk\u00e9nt 10 db - ide\u00e1lis a forgalmaz\u00f3k \u00e9s a vape shopok sz\u00e1m\u00e1ra, akik a legkelend\u0151bb \u00f6mlesztett term\u00e9ket keresik.<\/li>\n<\/ul>\n<h3>M\u0171szaki adatok<\/h3>\n<table>\n<tbody>\n<tr>\n<th>Jellemz\u0151<\/th>\n<th>Specifik\u00e1ci\u00f3<\/th>\n<\/tr>\n<tr>\n<td>Puff sz\u00e1m<\/td>\n<td>120,000-ig<\/td>\n<\/tr>\n<tr>\n<td>E-folyad\u00e9k kapacit\u00e1s<\/td>\n<td>64 ml<\/td>\n<\/tr>\n<tr>\n<td>\u00cdzek<\/td>\n<td>6 \u00c1ll\u00edthat\u00f3 (multi-fruit \u00e9s j\u00e9g kever\u00e9kek)<\/td>\n<\/tr>\n<tr>\n<td>Akkumul\u00e1tor<\/td>\n<td>650 mAh (\u00fajrat\u00f6lthet\u0151)<\/td>\n<\/tr>\n<tr>\n<td>Tekercs t\u00edpusa<\/td>\n<td>Kett\u0151s h\u00e1l\u00f3<\/td>\n<\/tr>\n<tr>\n<td>Megjelen\u00edt\u00e9s<\/td>\n<td>LED k\u00e9perny\u0151 (akkumul\u00e1tor + puffsz\u00e1ml\u00e1l\u00f3)<\/td>\n<\/tr>\n<tr>\n<td>T\u00f6lt\u00e9s<\/td>\n<td>USB Type-C gyorst\u00f6lt\u00e9s<\/td>\n<\/tr>\n<tr>\n<td>Nikotin er\u0151ss\u00e9ge<\/td>\n<td>2% \/ 5% (20mg \/ 50mg)<\/td>\n<\/tr>\n<tr>\n<td>Csomagol\u00e1s<\/td>\n<td>10 db dobozonk\u00e9nt<\/td>\n<\/tr>\n<\/tbody>\n<\/table>\n<p><img data-recalc-dims=\"1\" decoding=\"async\" src=\"https:\/\/i0.wp.com\/aiviouvapes.com\/wp-content\/uploads\/2025\/10\/Y76-10012.jpg?w=1020&#038;ssl=1\" alt=\"FIHP 120K Multi-Flavor Vape\" title=\"\"><\/p>\n<h3>\u00cdz profilok<\/h3>\n<ul>\n<li><strong>01. csoport:<\/strong> Watermelon Ice, Blueberry Ice, Red Bull, Strawberry Kiwi, Lemon Lime, Strawberry Watermelon - Bogy\u00f3s gy\u00fcm\u00f6lcs\u00f6k, citrusf\u00e9l\u00e9k \u00e9s energiaitalok friss\u00edt\u0151 kever\u00e9ke h\u0171s\u00edt\u0151 jeges csavarral. \ud83c\udf49\ud83c\udf47\ud83e\udd64\ud83c\udf53\ud83c\udf4b<\/li>\n<li><strong>02. csoport:<\/strong> Eper Ban\u00e1n, Dupla alma, M\u00e1lna G\u00f6r\u00f6gdinnye, Savany\u00fa mang\u00f3 anan\u00e1sz, Tr\u00f3pusi gy\u00fcm\u00f6lcs, Citromos barack - Gy\u00fcm\u00f6lcs\u00f6s kever\u00e9k \u00e9des bogy\u00f3s gy\u00fcm\u00f6lcs\u00f6kkel, tr\u00f3pusi mang\u00f3val, anan\u00e1sszal \u00e9s barackkal, mindezt egy fanyar r\u00fag\u00e1ssal. \ud83c\udf53\ud83c\udf4f\ud83e\udd6d\ud83c\udf4d\ud83c\udf4b<\/li>\n<li><strong>03. csoport:<\/strong> Epres van\u00edliak\u00f3la, anan\u00e1szos k\u00f3kusz, Blue Razz, vegyes bogy\u00f3s gy\u00fcm\u00f6lcs\u00f6k, mang\u00f3-barack, \u00e1fonya-m\u00e1lna - Dekadens desszertek \u00e9s tr\u00f3pusi kever\u00e9kek, a kr\u00e9mes epres k\u00f3l\u00e1t\u00f3l az egzotikus anan\u00e1szos-k\u00f3kuszos \u00e9s vegyes bogy\u00f3s b\u00f3l\u00e9ig. \ud83c\udf53\ud83e\udd65\ud83c\udf47\ud83c\udf51<\/li>\n<li><strong>04. csoport:<\/strong> Grape Ice, Black Dragon Ice, Fizzy Cherry Ice, Peach Berry, Triple Melon, Gummy Bear - Cukorka \u00e9s gy\u00fcm\u00f6lcs f\u00fazi\u00f3: sz\u0151l\u0151 \u00e9s s\u00e1rk\u00e1nygy\u00fcm\u00f6lcs chill, sz\u00e9nsavas cseresznye cola, barackos bogy\u00f3, l\u00e9d\u00fas dinnye \u00e9s \u00e9des gumimaci. \ud83c\udf47\u2744\ufe0f\ud83c\udf52\ud83c\udf51\ud83c\udf49\ud83c\udf6c<\/li>\n<li><strong>05-\u00f6s csoport:<\/strong> Cherry Cola Ice, Mango Ice, Peach Ice, Rainbow Candy, Love 666, Blueberry Cotton Candy - H\u0171s\u00edt\u0151 \u00fcd\u00edt\u0151k \u00e9s cukork\u00e1k: jeges cherry cola, fagyos mang\u00f3\/barack, \u00e9des sziv\u00e1rv\u00e1nyos cukorka \u00e9s vattacukor. \ud83c\udf52\ud83e\udd64\u2744\ufe0f\ud83c\udf51\ud83c\udf08<\/li>\n<li><strong>06. csoport:<\/strong> Aloe Lychee Ice, Glacier Ice, Black Currant Ice, Pink Lemon, Pine Needle Mint, Watermelon Lemon - Gy\u00f3gyn\u00f6v\u00e9nyek \u00e9s jeges gy\u00fcm\u00f6lcs\u00f6k friss\u00edt\u0151 kever\u00e9kei: aloe lychee, glaci\u00e1lis menta, fekete ribizli, pik\u00e1ns r\u00f3zsasz\u00edn citrom, feny\u0151menta \u00e9s g\u00f6r\u00f6gdinnye citrom. \ud83c\udf3f\ud83c\udf49\ud83c\udf4b\u2744\ufe0f<\/li>\n<\/ul>\n<p>Ak\u00e1r egy <em>nagy felhaszn\u00e1l\u00f3<\/em> vagy egy <em>\u00edzvad\u00e1sz<\/em>, az FIHP 120K 6 az 1-ben-1 eldobhat\u00f3 vape nonstop \u00e9lvezetet ny\u00fajt. \ud83c\udfaf A 120.000 puffan\u00e1s hosszan tart\u00f3 el\u00e9gedetts\u00e9get jelent \u00e1lland\u00f3 \u00fajrat\u00f6lt\u00e9s n\u00e9lk\u00fcl, a 6 az 1-ben v\u00e1ltozat pedig izgalomban tartja az \u00edzlel\u0151bimb\u00f3kat. \ud83c\udfea A vape boltok \u00e9s a forgalmaz\u00f3k im\u00e1dni fogj\u00e1k a 10db-os \u00f6mlesztett csomagol\u00e1st, ami megk\u00f6nny\u00edti a k\u00e9szletez\u00e9st \u00e9s az \u00e9rt\u00e9kes\u00edt\u00e9st. Ez a k\u00e9sz\u00fcl\u00e9k a v\u00e9gs\u0151 v\u00e1laszt\u00e1s mindazok sz\u00e1m\u00e1ra, akik teljes\u00edtm\u00e9nyt, v\u00e1ltozatoss\u00e1got \u00e9s k\u00e9nyelmet keresnek egy eleg\u00e1ns csomagol\u00e1sban. \ud83d\ude80<\/p>\n<h3>Gyakran ism\u00e9telt k\u00e9rd\u00e9sek (GYIK)<\/h3>\n<ul>\n<li><strong>Q:<\/strong> <em>Mennyi ideig tart?<\/em><br \/>\n<strong>A:<\/strong> Ak\u00e1r 120.000 puff (ez a legt\u00f6bb felhaszn\u00e1l\u00f3 sz\u00e1m\u00e1ra h\u00f3napokig tart\u00f3 p\u00e1rologtat\u00e1s).<\/li>\n<li><strong>Q:<\/strong> <em>Hogyan v\u00e1lthatok az \u00edzek k\u00f6z\u00f6tt?<\/em><br \/>\n<strong>A:<\/strong> Ez a 6 az 1-ben modell lehet\u0151v\u00e9 teszi az \u00edzek v\u00e1lt\u00e1s\u00e1t (\u00e1ltal\u00e1ban egy bekapcsol\u00f3gomb vagy kapcsol\u00f3 seg\u00edts\u00e9g\u00e9vel). Minden egyes \u00edz el\u0151re felt\u00f6lt\u00f6tt, \u00edgy ig\u00e9ny szerint k\u00f6nnyed\u00e9n v\u00e1lthat \u00e9s \u00e9lvezheti az \u00faj \u00edzeket.<\/li>\n<li><strong>Q:<\/strong> <em>\u00dajrat\u00f6lthet\u0151 az akkumul\u00e1tor?<\/em><br \/>\n<strong>A:<\/strong> Igen - be\u00e9p\u00edtett 650mAh kapacit\u00e1s\u00fa akkumul\u00e1torral rendelkezik, USB Type-C t\u00f6lt\u00e9ssel: a gyors \u00e9s k\u00e9nyelmes \u00fajrat\u00f6lt\u00e9s \u00e9rdek\u00e9ben.<\/li>\n<li><strong>Q:<\/strong> <em>Mit mutat a LED kijelz\u0151?<\/em><br \/>\n<strong>A:<\/strong> Az intelligens LED-k\u00e9perny\u0151 val\u00f3s id\u0151ben mutatja az akkumul\u00e1tor t\u00f6lt\u00f6tts\u00e9gi szintj\u00e9t \u00e9s az e-folyad\u00e9k \u00e1llapot\u00e1t:contentReference, \u00edgy mindig tudja, mikor kell \u00fajrat\u00f6lteni vagy k\u00e9sz\u00fcl\u00e9ket v\u00e1ltani.<\/li>\n<li><strong>Q:<\/strong> <em>Kinek sz\u00f3l ez a term\u00e9k?<\/em><br \/>\n<strong>A:<\/strong> Ide\u00e1lis a neh\u00e9z p\u00e1rol\u00f3k sz\u00e1m\u00e1ra, akiknek hossz\u00fa \u00e9lettartam\u00fa k\u00e9sz\u00fcl\u00e9kre van sz\u00fcks\u00e9g\u00fck (120K puff), \u00e9s az \u00edzek \u00fcld\u00f6z\u0151i sz\u00e1m\u00e1ra, akik szeretik a v\u00e1ltozatoss\u00e1got. A k\u00e9nyelmes 10db-os \u00f6mlesztett csomagol\u00e1snak k\u00f6sz\u00f6nhet\u0151en t\u00f6k\u00e9letes vape shopoknak \u00e9s nagykeresked\u0151knek is.\ud83d\udc4d<\/li>\n<\/ul>","protected":false},"excerpt":{"rendered":"<p>K\u00e9sz\u00fclj\u00f6n fel a FiHP 120K 6-in-1 eldobhat\u00f3 Vape-re! 120.000 puffan\u00e1snyi g\u0151z\u00f6lg\u0151 boldogs\u00e1g 6 kapcsolhat\u00f3 \u00edzzel \u00e9s intelligens LED kijelz\u0151vel. \ud83d\udca8 \u00dajrat\u00f6lthet\u0151 \u00e9s nagykereskedelemre alkalmas, t\u00f6k\u00e9letes az \u00edzek hajszol\u00f3inak \u00e9s a nagybev\u00e1s\u00e1rl\u00f3knak! \ud83d\udd25<\/p>","protected":false},"featured_media":74989,"comment_status":"open","ping_status":"closed","template":"","meta":[],"product_brand":[236],"product_cat":[18,336,242,137,146,138,141,143,572],"product_tag":[328,334,333,330,326,337,329,332,327,331,335],"class_list":{"0":"post-73816","1":"product","2":"type-product","3":"status-publish","4":"has-post-thumbnail","6":"product_brand-fihp","7":"product_cat-fihp","8":"product_cat-100k-puffs-disposable-vape","9":"product_cat-60000-puffs-disposable-vape","10":"product_cat-disposable-vapes-in-germany","11":"product_cat-disposable-vapes-in-hungary","12":"product_cat-disposable-vapes-in-ltaly","13":"product_cat-disposable-vapes-in-poland","14":"product_cat-disposable-vapes-in-spain","15":"product_cat-new-2","16":"product_tag-120000-puffs-vape","17":"product_tag-6-in-1-flavor-vape","18":"product_tag-bulk-vape-wholesale-eu","19":"product_tag-dual-mesh-coil-vape","20":"product_tag-fihp-120k","21":"product_tag-high-puff-count-disposable-vape","22":"product_tag-led-screen-vape","23":"product_tag-long-lasting-vape-europe","24":"product_tag-multi-flavor-disposable-vape","25":"product_tag-rechargeable-disposable-vape","26":"product_tag-smart-display-vape","28":"first","29":"instock","30":"shipping-taxable","31":"purchasable","32":"product-type-variable","33":"has-default-attributes"},"jetpack_sharing_enabled":true,"tiered_pricing_type":"fixed","tiered_pricing_fixed_rules":{"2000":11.9000000000000003552713678800500929355621337890625},"tiered_pricing_product_settings":{"layout":"default","base_unit_name":{"singular":null,"plural":null},"default_variation":null},"tiered_pricing_minimum_quantity":1000,"tiered_pricing_roles_data":[],"tiered_pricing_percentage_rules":[],"tiered_pricing_maximum_quantity":null,"tiered_pricing_quantity_step":"10","_links":{"self":[{"href":"https:\/\/aiviouvapes.com\/hu\/wp-json\/wp\/v2\/product\/73816","targetHints":{"allow":["GET"]}}],"collection":[{"href":"https:\/\/aiviouvapes.com\/hu\/wp-json\/wp\/v2\/product"}],"about":[{"href":"https:\/\/aiviouvapes.com\/hu\/wp-json\/wp\/v2\/types\/product"}],"replies":[{"embeddable":true,"href":"https:\/\/aiviouvapes.com\/hu\/wp-json\/wp\/v2\/comments?post=73816"}],"wp:featuredmedia":[{"embeddable":true,"href":"https:\/\/aiviouvapes.com\/hu\/wp-json\/wp\/v2\/media\/74989"}],"wp:attachment":[{"href":"https:\/\/aiviouvapes.com\/hu\/wp-json\/wp\/v2\/media?parent=73816"}],"wp:term":[{"taxonomy":"product_brand","embeddable":true,"href":"https:\/\/aiviouvapes.com\/hu\/wp-json\/wp\/v2\/product_brand?post=73816"},{"taxonomy":"product_cat","embeddable":true,"href":"https:\/\/aiviouvapes.com\/hu\/wp-json\/wp\/v2\/product_cat?post=73816"},{"taxonomy":"product_tag","embeddable":true,"href":"https:\/\/aiviouvapes.com\/hu\/wp-json\/wp\/v2\/product_tag?post=73816"}],"curies":[{"name":"wp","href":"https:\/\/api.w.org\/{rel}","templated":true}]}}