{"id":65916,"date":"2025-09-10T17:53:37","date_gmt":"2025-09-10T09:53:37","guid":{"rendered":"https:\/\/aiviouvapes.com\/?post_type=product&#038;p=65916"},"modified":"2026-04-17T13:00:38","modified_gmt":"2026-04-17T05:00:38","slug":"bangbox-80k-triple-flavor-80000-puffs","status":"publish","type":"product","link":"https:\/\/aiviouvapes.com\/hu\/product\/bangbox-80k-triple-flavor-80000-puffs\/","title":{"rendered":"BANGBOX 80K Triple Flavor 80000 Puffs | \u00f6mlesztett eldobhat\u00f3 vape 60ml e-liquiddel"},"content":{"rendered":"<h2>Mi\u00e9rt v\u00e1lassza a BANGBOX 80000-t?<\/h2>\n<ul>\n<li>\u26a1 <strong>80,000 Puff<\/strong> - az egyik leghosszabb \u00e9lettartam\u00fa eldobhat\u00f3 vapes a piacon<\/li>\n<li>\ud83d\udd0b <strong>17350-850mAh tiszta kobalt akkumul\u00e1tor<\/strong> 5A kis\u00fct\u00e9ssel - stabil teljes\u00edtm\u00e9ny, nincsenek gyenge tal\u00e1latok<\/li>\n<li>\ud83d\udca7 <strong>60ml el\u0151re t\u00f6lt\u00f6tt e-folyad\u00e9k<\/strong> - hetekig vagy h\u00f3napokig haszn\u00e1lhat\u00f3 ut\u00e1nt\u00f6lt\u00e9s n\u00e9lk\u00fcl<\/li>\n<li>\ud83c\udf00 <strong>0,8\u03a9 h\u00e1romszoros h\u00e1l\u00f3s tekercs<\/strong> - gyors felmeleged\u00e9s, er\u0151s g\u0151z, gazdag aroma<\/li>\n<li>\ud83d\udd04 <strong>H\u00e1romszoros \u00edz\u0171 h\u00fcvelyek<\/strong> - v\u00e1lt\u00e1s 3 \u00edz k\u00f6z\u00f6tt egy eszk\u00f6zben<\/li>\n<li>\ud83d\udcca Val\u00f3s idej\u0171 akkumul\u00e1tor \u00e9s e-folyad\u00e9k kijelz\u0151k - mindig tudja az \u00e1llapot\u00e1t<\/li>\n<li>\u26a1 <strong>C-t\u00edpus\u00fa gyors t\u00f6lt\u00e9s<\/strong> - gyors, k\u00e9nyelmes felt\u00f6lt\u00e9s<\/li>\n<li>\ud83c\udf1f T\u00f6bbf\u00e9le nikotin opci\u00f3 (0%, 2%, 3%, 5%) - t\u00f6k\u00e9letes kezd\u0151knek vagy volt doh\u00e1nyosoknak<\/li>\n<li>\ud83d\udce6 <strong>Nagykereskedelmi csomagol\u00e1s<\/strong> - vape boltok \u00e9s forgalmaz\u00f3k sz\u00e1m\u00e1ra k\u00e9sz\u00fclt<\/li>\n<\/ul>\n<h3>M\u0171szaki adatok<\/h3>\n<table cellpadding=\"6\">\n<tbody>\n<tr>\n<td><strong>Puff sz\u00e1m<\/strong><\/td>\n<td>Ak\u00e1r 80,000 f\u00faj\u00e1s<\/td>\n<\/tr>\n<tr>\n<td><strong>Akkumul\u00e1tor<\/strong><\/td>\n<td>17350-850mAh tiszta kobalt, 5A kis\u00fct\u00e9s<\/td>\n<\/tr>\n<tr>\n<td><strong>E-folyad\u00e9k kapacit\u00e1s<\/strong><\/td>\n<td>60ml<\/td>\n<\/tr>\n<tr>\n<td><strong>Tekercs<\/strong><\/td>\n<td>0,8\u03a9 h\u00e1rmas h\u00e1l\u00f3<\/td>\n<\/tr>\n<tr>\n<td><strong>T\u00f6lt\u0151port<\/strong><\/td>\n<td>C-t\u00edpus\u00fa<\/td>\n<\/tr>\n<tr>\n<td><strong>Mutat\u00f3k<\/strong><\/td>\n<td>E-folyad\u00e9k \u00e9s akkumul\u00e1tor kijelz\u0151<\/td>\n<\/tr>\n<tr>\n<td><strong>\u00cdzes\u00edt\u0151 rendszer<\/strong><\/td>\n<td>H\u00e1romszoros \u00edz\u0171 h\u00fcvelyek<\/td>\n<\/tr>\n<tr>\n<td><strong>Nikotin er\u0151ss\u00e9ge<\/strong><\/td>\n<td>0% \/ 2% \/ 3% \/ 5%<\/td>\n<\/tr>\n<\/tbody>\n<\/table>\n<h3>Izgalmas \u00edzkombin\u00e1ci\u00f3k \ud83c\udf6d<\/h3>\n<ul>\n<li><strong>Eper ban\u00e1n - M\u00e1lna g\u00f6r\u00f6gdinnye - Love 666<\/strong> - \u00e9des, l\u00e9d\u00fas \u00e9s b\u00e1tor<\/li>\n<li><strong>Tr\u00f3pusi gy\u00fcm\u00f6lcs\u00f6k - Eper g\u00f6r\u00f6gdinnye - citrom barack<\/strong> - egzotikus \u00e9s friss\u00edt\u0151 tri\u00f3<\/li>\n<li><strong>Eper van\u00edlia k\u00f3la - Savany\u00fa alma m\u00e1lna - Citrom citrom lime<\/strong> - sz\u00e9nsavas, gy\u00fcm\u00f6lcs\u00f6s, fanyar<\/li>\n<li><strong>Dupla sz\u0151l\u0151 - eper mang\u00f3 - \u00e1fonya savany\u00fa m\u00e1lna j\u00e9g<\/strong> - gazdag, \u00e9des, jeges<\/li>\n<li><strong>G\u00f6r\u00f6gdinnye j\u00e9g - Eper fagylalt - H\u00e1romszoros dinnye<\/strong> - kr\u00e9mes \u00e9s h\u0171v\u00f6s kever\u00e9k<\/li>\n<li><strong>Citromos k\u00f3la sz\u00f3da - G\u00f6r\u00f6gdinny\u00e9s r\u00e1g\u00f3gumi - Fekete S\u00e1rk\u00e1ny J\u00e9g<\/strong> - sz\u00e9nsavas, r\u00e1g\u00f3s, titokzatos<\/li>\n<li><strong>Triple Berry Ice - Mang\u00f3-barack - Eper-kiwi<\/strong> - gy\u00fcm\u00f6lcs\u00f6s \u00e9s fagyos robban\u00e1s<\/li>\n<li><strong>Eper j\u00e9g - Eper g\u00f6r\u00f6gdinnye - Anan\u00e1sz mang\u00f3 barack<\/strong> - l\u00e9d\u00fas, r\u00e9teges \u00e9dess\u00e9g<\/li>\n<li><strong>Anan\u00e1szos k\u00f3kusz - Eper j\u00e9g - Blue Razz Ice<\/strong> - tr\u00f3pusi \u00e9s fanyar hideg<\/li>\n<li><strong>Citrom Lime - Mang\u00f3 Barack G\u00f6r\u00f6gdinnye - \u00c1fonya Ice<\/strong> - pik\u00e1ns \u00e9s l\u00e1gy<\/li>\n<li><strong>G\u00f6r\u00f6gdinnye j\u00e9g - Red Bull - Eper Kiwi<\/strong> - energiz\u00e1l\u00f3 gy\u00fcm\u00f6lcs\u00f6s csavar<\/li>\n<li><strong>Eper-kiwi - Savany\u00fa mang\u00f3-anan\u00e1sz - Eper Red Bull<\/strong> - savany\u00fa, \u00e9des \u00e9s er\u0151teljes<\/li>\n<\/ul>\n<h3>GYIK \ud83e\udd14<\/h3>\n<p><strong>K: Mennyi ideig tart a BANGBOX 80000?<\/strong><br \/>\nV: 80 000 slukk \u00e9s 60 ml e-folyad\u00e9k, ez az egyik leghosszabb \u00e9lettartam\u00fa eldobhat\u00f3 k\u00e9sz\u00fcl\u00e9k - kiv\u00e1l\u00f3an alkalmas hossz\u00fa t\u00e1v\u00fa haszn\u00e1latra.<\/p>\n<p><strong>K: Lehets\u00e9ges az \u00edzek v\u00e1lt\u00e1sa egy k\u00e9sz\u00fcl\u00e9kben?<\/strong><br \/>\nA: Igen! A tripla \u00edz\u0171 pod rendszer lehet\u0151v\u00e9 teszi, hogy 3 k\u00fcl\u00f6nb\u00f6z\u0151 \u00edzt \u00e9lvezhessen egyetlen vape-ben.<\/p>\n<p><strong>K: T\u00e1mogatja a nikotinmentes p\u00e1rologtat\u00e1st?<\/strong><br \/>\nA: Term\u00e9szetesen! V\u00e1lassza a 0% nikotint, ha csak az \u00edzt \u00e9s a felh\u0151ket szeretn\u00e9.<\/p>\n<p><strong>K: J\u00f3 ez a k\u00e9sz\u00fcl\u00e9k a nagykereskedelemhez?<\/strong><br \/>\nV: Igen, forgalmaz\u00f3bar\u00e1t csomagol\u00e1sban \u00e9rkezik, k\u00e9szen a kiskereskedelmi polcokra.<\/p>\n<h3>T\u00f6k\u00e9letes az \u00d6n sz\u00e1m\u00e1ra \u2705<\/h3>\n<p><strong>BANGBOX 80K<\/strong> a k\u00f6vetkez\u0151 c\u00e9lokra k\u00e9sz\u00fclt <em>neh\u00e9z felhaszn\u00e1l\u00f3k, \u00edzek hajszol\u00f3i, vape shopok \u00e9s nagykereskedelmi forgalmaz\u00f3k<\/em>. H\u00e1romszoros \u00edzv\u00e1lt\u00e1ssal, hatalmas puffsz\u00e1mmal \u00e9s er\u0151teljes akkumul\u00e1torral nem csak egy vape - ez egy \u00fczleti gy\u0151ztes \u00e9s a v\u00e1s\u00e1rl\u00f3k kedvence \ud83c\udf1f.<\/p>","protected":false},"excerpt":{"rendered":"<p><strong>Massz\u00edv 80,000 puff<\/strong>, <strong>tripla \u00edz\u0171 h\u00fcvelyek<\/strong>, \u00e9s egy hatalmas <strong>60ml-es e-folyad\u00e9k tart\u00e1ly<\/strong> - a t\u00f6k\u00e9letes, hossz\u00fa \u00e9lettartam\u00fa eldobhat\u00f3 vape \u00fczletek, forgalmaz\u00f3k \u00e9s neh\u00e9z felhaszn\u00e1l\u00f3k sz\u00e1m\u00e1ra \ud83d\ude80.<\/p>","protected":false},"featured_media":65929,"comment_status":"open","ping_status":"closed","template":"","meta":[],"product_brand":[239],"product_cat":[37,280,137,146,138,141,143],"product_tag":[365,363,364,366,367],"class_list":{"0":"post-65916","1":"product","2":"type-product","3":"status-publish","4":"has-post-thumbnail","6":"product_brand-bang","7":"product_cat-bang","8":"product_cat-cheap-rechargeable-disposable-vapes","9":"product_cat-disposable-vapes-in-germany","10":"product_cat-disposable-vapes-in-hungary","11":"product_cat-disposable-vapes-in-ltaly","12":"product_cat-disposable-vapes-in-poland","13":"product_cat-disposable-vapes-in-spain","14":"product_tag-60-ml-e-liquid-bulk","15":"product_tag-80000-puff-disposable-vape","16":"product_tag-bangbox-80k-triple-flavor","17":"product_tag-long-lasting-disposable-vape","18":"product_tag-wholesale-disposable-vape-europe","20":"first","21":"instock","22":"shipping-taxable","23":"purchasable","24":"product-type-variable","25":"has-default-attributes"},"jetpack_sharing_enabled":true,"tiered_pricing_type":"fixed","tiered_pricing_fixed_rules":{"30":8.6400000000000005684341886080801486968994140625,"50":6.910000000000000142108547152020037174224853515625,"100":6.6699999999999999289457264239899814128875732421875,"200":6.04999999999999982236431605997495353221893310546875,"400":5.7400000000000002131628207280300557613372802734375},"tiered_pricing_product_settings":{"layout":"default","base_unit_name":{"singular":null,"plural":null},"default_variation":null},"tiered_pricing_minimum_quantity":10,"tiered_pricing_roles_data":[],"tiered_pricing_percentage_rules":[],"tiered_pricing_maximum_quantity":null,"tiered_pricing_quantity_step":"10","_links":{"self":[{"href":"https:\/\/aiviouvapes.com\/hu\/wp-json\/wp\/v2\/product\/65916","targetHints":{"allow":["GET"]}}],"collection":[{"href":"https:\/\/aiviouvapes.com\/hu\/wp-json\/wp\/v2\/product"}],"about":[{"href":"https:\/\/aiviouvapes.com\/hu\/wp-json\/wp\/v2\/types\/product"}],"replies":[{"embeddable":true,"href":"https:\/\/aiviouvapes.com\/hu\/wp-json\/wp\/v2\/comments?post=65916"}],"wp:featuredmedia":[{"embeddable":true,"href":"https:\/\/aiviouvapes.com\/hu\/wp-json\/wp\/v2\/media\/65929"}],"wp:attachment":[{"href":"https:\/\/aiviouvapes.com\/hu\/wp-json\/wp\/v2\/media?parent=65916"}],"wp:term":[{"taxonomy":"product_brand","embeddable":true,"href":"https:\/\/aiviouvapes.com\/hu\/wp-json\/wp\/v2\/product_brand?post=65916"},{"taxonomy":"product_cat","embeddable":true,"href":"https:\/\/aiviouvapes.com\/hu\/wp-json\/wp\/v2\/product_cat?post=65916"},{"taxonomy":"product_tag","embeddable":true,"href":"https:\/\/aiviouvapes.com\/hu\/wp-json\/wp\/v2\/product_tag?post=65916"}],"curies":[{"name":"wp","href":"https:\/\/api.w.org\/{rel}","templated":true}]}}