{"id":65805,"date":"2025-09-10T17:21:41","date_gmt":"2025-09-10T09:21:41","guid":{"rendered":"https:\/\/aiviouvapes.com\/?post_type=product&#038;p=65805"},"modified":"2026-04-19T04:27:45","modified_gmt":"2026-04-18T20:27:45","slug":"bang-legend-120k-5-in-1-120000-puffs","status":"publish","type":"product","link":"https:\/\/aiviouvapes.com\/hu\/product\/bang-legend-120k-5-in-1-120000-puffs\/","title":{"rendered":"Bang Legend 120K | 120000 puff, 5 az 1-ben, t\u00f6bb \u00edzben, \u00e1ll\u00edthat\u00f3, \u00f6mlesztett eldobhat\u00f3 vape"},"content":{"rendered":"<h2>Mi\u00e9rt v\u00e1lassza az Bang Legend 120K-t?<\/h2>\n<ul>\n<li>\ud83d\udca8 <strong>Massz\u00edv Puff sz\u00e1m:<\/strong> Ak\u00e1r 120 000 slukk a hosszan tart\u00f3 el\u00e9gedetts\u00e9g\u00e9rt.<\/li>\n<li>\ud83c\udfa8 <strong>5 az 1-ben \u00edzm\u00f3dok:<\/strong> K\u00f6nnyed\u00e9n v\u00e1lthat 5 \u00edz k\u00f6z\u00f6tt a v\u00e9gtelen \u00edzv\u00e1laszt\u00e9k \u00e9rdek\u00e9ben.<\/li>\n<li>\ud83d\udd0b <strong>850mAh \u00fajrat\u00f6lthet\u0151 akkumul\u00e1tor:<\/strong> Megb\u00edzhat\u00f3 \u00e9s egyenletes teljes\u00edtm\u00e9ny.<\/li>\n<li>\u26a1 <strong>H\u00e1l\u00f3s tekercsrendszer:<\/strong> Az 5*h\u00e1l\u00f3s tekercsek mer\u00e9sz \u00edzt \u00e9s gazdag g\u0151zfelh\u0151ket biztos\u00edtanak.<\/li>\n<li>\ud83d\udcfa <strong>Intelligens LED kijelz\u0151:<\/strong> B\u00e1rmikor ellen\u0151rizheti az akkumul\u00e1tor \u00e9lettartam\u00e1t, a puffok sz\u00e1m\u00e1t \u00e9s az \u00edzes\u00edt\u0151 \u00fczemm\u00f3dot.<\/li>\n<li>\ud83d\udd0c <strong>C-t\u00edpus\u00fa t\u00f6lt\u00e9s:<\/strong> Gyors \u00e9s hat\u00e9kony t\u00f6lt\u00e9s az \u00fatk\u00f6zbeni felhaszn\u00e1l\u00f3k sz\u00e1m\u00e1ra.<\/li>\n<li>\ud83d\udce6 <strong>Nagykereskedelemre k\u00e9sz csomagol\u00e1s:<\/strong> 10 db\/csomag, ide\u00e1lis vape shopok \u00e9s forgalmaz\u00f3k sz\u00e1m\u00e1ra.<\/li>\n<li>\ud83c\udf0d <strong>Sz\u00e9les \u00edzv\u00e1laszt\u00e9k:<\/strong> 12 t\u00f6bbf\u00e9le \u00edz\u0171 k\u00e9szlet (60+ egyedi \u00edznevek) a k\u00fcl\u00f6nb\u00f6z\u0151 v\u00e1s\u00e1rl\u00f3k ig\u00e9nyeinek kiel\u00e9g\u00edt\u00e9s\u00e9re.<\/li>\n<\/ul>\n<h3>M\u0171szaki adatok<\/h3>\n<table>\n<tbody>\n<tr>\n<td><strong>Nikotin er\u0151ss\u00e9ge<\/strong><\/td>\n<td>2% \/ 3% \/ 5%<\/td>\n<\/tr>\n<tr>\n<td><strong>Puff sz\u00e1m<\/strong><\/td>\n<td>120,000-ig<\/td>\n<\/tr>\n<tr>\n<td><strong>\u00cdzes\u00edt\u00e9si m\u00f3dok<\/strong><\/td>\n<td>5 \u00e1ll\u00edthat\u00f3 \u00edz<\/td>\n<\/tr>\n<tr>\n<td><strong>Olajtart\u00e1ly<\/strong><\/td>\n<td>5 tart\u00e1ly<\/td>\n<\/tr>\n<tr>\n<td><strong>Foly\u00e9kony kapacit\u00e1s<\/strong><\/td>\n<td>50ml<\/td>\n<\/tr>\n<tr>\n<td><strong>Akkumul\u00e1tor<\/strong><\/td>\n<td>850mAh \u00fajrat\u00f6lthet\u0151<\/td>\n<\/tr>\n<tr>\n<td><strong>Tekercs<\/strong><\/td>\n<td>5*h\u00e1l\u00f3s tekercs<\/td>\n<\/tr>\n<tr>\n<td><strong>LED k\u00e9perny\u0151<\/strong><\/td>\n<td>Igen (akkumul\u00e1tor, puffsz\u00e1m, \u00edzes\u00edt\u0151 \u00fczemm\u00f3d)<\/td>\n<\/tr>\n<tr>\n<td><strong>T\u00f6lt\u0151port<\/strong><\/td>\n<td>C-t\u00edpus\u00fa<\/td>\n<\/tr>\n<tr>\n<td><strong>Csomagol\u00e1s<\/strong><\/td>\n<td>10 db\/csomag<\/td>\n<\/tr>\n<tr>\n<td><strong>\u00cdzek<\/strong><\/td>\n<td>12 t\u00f6bbf\u00e9le \u00edz\u0171 k\u00e9szlet (l\u00e1sd a teljes list\u00e1t al\u00e1bb)<\/td>\n<\/tr>\n<\/tbody>\n<\/table>\n<h3>\u00cdzek<\/h3>\n<p>\ud83c\udf53 Az al\u00e1bbiakban az Bang Legend 120K mind a 12 t\u00f6bb \u00edz\u0171 k\u00e9szlet\u00e9t megtal\u00e1lod. Minden k\u00e9szlet 5 \u00edzt tartalmaz (5 tart\u00e1ly \/ 5 \u00fczemm\u00f3d), \u00edgy a v\u00e1s\u00e1rl\u00f3k menet k\u00f6zben is v\u00e1lthatnak.<\/p>\n<ol>\n<li><strong>1. szett:<\/strong> Energiaital &amp; \u00c1fonya Cseresznye &amp; Alma Sz\u0151l\u0151 &amp; G\u00f6r\u00f6gdinnye S\u00e1rk\u00e1nygy\u00fcm\u00f6lcs &amp; Mamba<\/li>\n<li><strong>2. szett:<\/strong> Energiaital &amp; Barack j\u00e9g &amp; Mang\u00f3 j\u00e9g &amp; \u00c1fonya sz\u0151l\u0151 &amp; Fekete ribizli<\/li>\n<li><strong>3. szett:<\/strong> \u00c1fonya M\u00e1lna &amp; Barack Mang\u00f3 G\u00f6r\u00f6gdinnye &amp; Cseresznye K\u00f3la &amp; Sz\u0151l\u0151 Szeder J\u00e9g &amp; Mang\u00f3 Barack Barack S\u00e1rgabarack<\/li>\n<li><strong>4. szett:<\/strong> \u00c1fonya-m\u00e1lna &amp; Fekete s\u00e1rk\u00e1ny j\u00e9g &amp; Sziv\u00e1rv\u00e1ny cukorka &amp; Fuji j\u00e9g &amp; G\u00f6r\u00f6gdinnye savany\u00fa barack<\/li>\n<li><strong>5. szett:<\/strong> Blueberry Ice &amp; Kiwi Passion Fruit Guava &amp; Triple Melon &amp; Barack Anan\u00e1sz &amp; Passionate Kiss<\/li>\n<li><strong>6. szett:<\/strong> \u00c1fonya Ice &amp; g\u00f6r\u00f6gdinnye Bubble Gum &amp; Sour Apple M\u00e1lna &amp; Lotus Fruit Mango Dinnye &amp; Passion Fruit Kiwi Lime<\/li>\n<li><strong>7. szett:<\/strong> G\u00f6r\u00f6gdinnye j\u00e9g &amp; Vegyes bogy\u00f3k &amp; Alma k\u00f6rte &amp; \u00c1fonya menta &amp; Summer Time<\/li>\n<li><strong>8-as k\u00e9szlet:<\/strong> G\u00f6r\u00f6gdinnye Ice &amp; Eper Mango &amp; Kaliforniai cseresznye &amp; \u00c1fonya Barack Ice &amp; Berry Cool<\/li>\n<li><strong>9. szett:<\/strong> Eper g\u00f6r\u00f6gdinnye &amp; Grape Ice &amp; Red Mojito &amp; Banana Ice &amp; Lemon Lime<\/li>\n<li><strong>10. szett:<\/strong> Eper g\u00f6r\u00f6gdinnye &amp; s\u00e1rgadinnye alma &amp; k\u00f3la j\u00e9g &amp; mang\u00f3 barack &amp; szerelem 66<\/li>\n<li><strong>11. szett:<\/strong> Eper Kiwi &amp; Eper Ban\u00e1n &amp; licsi J\u00e9g &amp; g\u00f6r\u00f6gdinnye Bogy\u00f3 &amp; maracuja Mang\u00f3<\/li>\n<li><strong>12-es k\u00e9szlet:<\/strong> Eper-kiwi &amp; \u00e1fonya g\u00f6r\u00f6gdinnye &amp; medve karamell &amp; \u00e1fonya r\u00e1g\u00f3gumi &amp; savany\u00fa mang\u00f3 anan\u00e1sz<\/li>\n<\/ol>\n<h3>GYIK<\/h3>\n<p><strong>K: Mennyi ideig tart az Bang Legend 120K?<\/strong><br \/>\nV: Az ak\u00e1r 120 000 slukk \u00e9s a 850mAh-s \u00fajrat\u00f6lthet\u0151 akkumul\u00e1tor a haszn\u00e1lat \u00e9s az \u00fczemm\u00f3dv\u00e1lt\u00e1s f\u00fcggv\u00e9ny\u00e9ben t\u00f6bb h\u00e9tt\u0151l ak\u00e1r h\u00f3napokig is eltarthat. A LED kijelz\u0151 seg\u00edt a h\u00e1tral\u00e9v\u0151 \u00e9lettartam ellen\u0151rz\u00e9s\u00e9ben.<\/p>\n<p><strong>K: Hogyan m\u0171k\u00f6dik az 5 \u00edzes\u00edt\u00e9si m\u00f3d?<\/strong><br \/>\nV: A k\u00e9sz\u00fcl\u00e9k 5 k\u00fcl\u00f6n\u00e1ll\u00f3 tart\u00e1llyal\/m\u00f3ddal rendelkezik. A bet\u00f6lt\u00f6tt \u00edzek k\u00f6z\u00f6tti azonnali v\u00e1lt\u00e1shoz haszn\u00e1lja az \u00fczemm\u00f3dkapcsol\u00f3t (a haszn\u00e1lati \u00fatmutat\u00f3ban le\u00edrtak szerint).<\/p>\n<p><strong>K: \u00dajrat\u00f6lthet\u0151 ez a k\u00e9sz\u00fcl\u00e9k?<\/strong><br \/>\nV: Igen - C t\u00edpus\u00fa t\u00f6lt\u0151portot haszn\u00e1l a gyors \u00e9s megb\u00edzhat\u00f3 t\u00f6lt\u00e9shez.<\/p>\n<p><strong>K: A nikotin er\u0151ss\u00e9ge testre szabhat\u00f3?<\/strong><br \/>\nV: A rendel\u00e9sek 2%, 3% vagy 5% nikotiner\u0151ss\u00e9gben kaphat\u00f3k. V\u00e1lasszon a piaci\/region\u00e1lis preferenci\u00e1k \u00e9s a jogi korl\u00e1toz\u00e1sok alapj\u00e1n.<\/p>\n<p><strong>K: V\u00e1s\u00e1rolhatok nagykereskedelmet?<\/strong><br \/>\nV: Igen. A csomagol\u00e1s 10 db\/csomag, \u00edgy ide\u00e1lis kiskereskedelmi bemutat\u00e1sra vagy nagykereskedelmi forgalmaz\u00e1sra vape shopok \u00e9s online \u00e1ruh\u00e1zak sz\u00e1m\u00e1ra.<\/p>\n<p><strong>K: Kinek aj\u00e1nlott ez a term\u00e9k?<\/strong><br \/>\nV: Er\u0151s felhaszn\u00e1l\u00f3k, az \u00edzek hajszol\u00f3i, a vape shop tulajdonosok \u00e9s a forgalmaz\u00f3k, akiknek nagykereskedelemre alkalmas, nagy kapacit\u00e1s\u00fa, sz\u00e9les \u00edzv\u00e1laszt\u00e9kkal rendelkez\u0151 eldobhat\u00f3ra van sz\u00fcks\u00e9g\u00fck.<\/p>\n<p>&nbsp;<\/p>\n<p><strong>Bang Legenda 120K<\/strong> a nagy ig\u00e9ny\u0171 piacokra \u00e9p\u00fclt - a hatalmas puffsz\u00e1m, az \u00f6t \u00e1ll\u00edthat\u00f3 \u00edzm\u00f3d \u00e9s a sz\u00e9les \u00edzkatal\u00f3gus teszi a nagy felhaszn\u00e1l\u00f3k \u00e9s az \u00edzek keres\u0151i sz\u00e1m\u00e1ra a legjobb v\u00e1laszt\u00e1ss\u00e1. \ud83c\udfaf A vape boltok \u00e9s a nagykeresked\u0151k \u00e9rt\u00e9kelni fogj\u00e1k a 10-es csomag kiskereskedelmi csomagol\u00e1s\u00e1t \u00e9s az er\u0151s polcvonzer\u0151t. K\u00e9szletezzen, \u00e9s k\u00edn\u00e1ljon a v\u00e1s\u00e1rl\u00f3knak egy hossz\u00fa \u00e9lettartam\u00fa, sokoldal\u00fa, eldobhat\u00f3 vape-t, ami miatt mindig visszat\u00e9rnek. \ud83d\ude80<\/p>","protected":false},"excerpt":{"rendered":"<p>\ud83d\udd25Bang A Legend 120K eldobhat\u00f3 vape elhozza \u00d6nnek <strong>120,000 puff<\/strong>, <strong>5 \u00e1ll\u00edthat\u00f3 \u00edz<\/strong>, \u00e9s egy <strong>nagy teljes\u00edtm\u00e9ny\u0171 \u00fajrat\u00f6lthet\u0151 akkumul\u00e1tor<\/strong> - t\u00f6k\u00e9letes az \u00edzlel\u00e9sre v\u00e1gy\u00f3k, a nagy felhaszn\u00e1l\u00f3k \u00e9s a nagykereskedelmi v\u00e1s\u00e1rl\u00f3k sz\u00e1m\u00e1ra.<\/p>","protected":false},"featured_media":65813,"comment_status":"open","ping_status":"closed","template":"","meta":[],"product_brand":[239],"product_cat":[37,336,280,137,146,138,141,143],"product_tag":[306,303,305,304,302],"class_list":{"0":"post-65805","1":"product","2":"type-product","3":"status-publish","4":"has-post-thumbnail","6":"product_brand-bang","7":"product_cat-bang","8":"product_cat-100k-puffs-disposable-vape","9":"product_cat-cheap-rechargeable-disposable-vapes","10":"product_cat-disposable-vapes-in-germany","11":"product_cat-disposable-vapes-in-hungary","12":"product_cat-disposable-vapes-in-ltaly","13":"product_cat-disposable-vapes-in-poland","14":"product_cat-disposable-vapes-in-spain","15":"product_tag-best-disposable-vapes","16":"product_tag-screen-vape","17":"product_tag-vape-suppliers","18":"product_tag-wholesale-vapes","19":"product_tag-wholesale-vapor","21":"first","22":"instock","23":"shipping-taxable","24":"purchasable","25":"product-type-variable","26":"has-default-attributes"},"jetpack_sharing_enabled":true,"tiered_pricing_type":"fixed","tiered_pricing_fixed_rules":{"30":11.300000000000000710542735760100185871124267578125,"50":8.269999999999999573674358543939888477325439453125,"100":8.019999999999999573674358543939888477325439453125,"200":7.410000000000000142108547152020037174224853515625,"400":7.04000000000000003552713678800500929355621337890625},"tiered_pricing_product_settings":{"layout":"default","base_unit_name":{"singular":null,"plural":null},"default_variation":null},"tiered_pricing_minimum_quantity":10,"tiered_pricing_roles_data":[],"tiered_pricing_percentage_rules":[],"tiered_pricing_maximum_quantity":null,"tiered_pricing_quantity_step":"10","_links":{"self":[{"href":"https:\/\/aiviouvapes.com\/hu\/wp-json\/wp\/v2\/product\/65805","targetHints":{"allow":["GET"]}}],"collection":[{"href":"https:\/\/aiviouvapes.com\/hu\/wp-json\/wp\/v2\/product"}],"about":[{"href":"https:\/\/aiviouvapes.com\/hu\/wp-json\/wp\/v2\/types\/product"}],"replies":[{"embeddable":true,"href":"https:\/\/aiviouvapes.com\/hu\/wp-json\/wp\/v2\/comments?post=65805"}],"wp:featuredmedia":[{"embeddable":true,"href":"https:\/\/aiviouvapes.com\/hu\/wp-json\/wp\/v2\/media\/65813"}],"wp:attachment":[{"href":"https:\/\/aiviouvapes.com\/hu\/wp-json\/wp\/v2\/media?parent=65805"}],"wp:term":[{"taxonomy":"product_brand","embeddable":true,"href":"https:\/\/aiviouvapes.com\/hu\/wp-json\/wp\/v2\/product_brand?post=65805"},{"taxonomy":"product_cat","embeddable":true,"href":"https:\/\/aiviouvapes.com\/hu\/wp-json\/wp\/v2\/product_cat?post=65805"},{"taxonomy":"product_tag","embeddable":true,"href":"https:\/\/aiviouvapes.com\/hu\/wp-json\/wp\/v2\/product_tag?post=65805"}],"curies":[{"name":"wp","href":"https:\/\/api.w.org\/{rel}","templated":true}]}}