{"id":65755,"date":"2025-09-10T16:40:42","date_gmt":"2025-09-10T08:40:42","guid":{"rendered":"https:\/\/aiviouvapes.com\/?post_type=product&#038;p=65755"},"modified":"2026-03-24T11:25:53","modified_gmt":"2026-03-24T03:25:53","slug":"bang-blaze-100k-6-in-1-100000-puffs","status":"publish","type":"product","link":"https:\/\/aiviouvapes.com\/hu\/product\/bang-blaze-100k-6-in-1-100000-puffs\/","title":{"rendered":"Bang Blaze 100K 6 az 1-ben 100000 Puffs | tripla tart\u00e1ly \u00f6mlesztett eldobhat\u00f3 vape led k\u00e9perny\u0151vel"},"content":{"rendered":"<h2>Mi\u00e9rt v\u00e1lassza az Bang Blaze 100K Puffot?<\/h2>\n<ul>\n<li>\ud83d\ude80 Massive <strong>100,000 puff kapacit\u00e1s<\/strong> a p\u00e1ratlan hossz\u00fa \u00e9lettartam \u00e9rdek\u00e9ben.<\/li>\n<li>\ud83c\udf08 <strong>6 az 1-ben \u00edzes\u00edt\u0151 rendszer<\/strong> (A, B, C, A+B, A+C, B+C) - az \u00edzeket b\u00e1rmikor keverheti.<\/li>\n<li>\ud83d\udca8 <strong>H\u00e1romszoros h\u00e1l\u00f3s tekercs<\/strong> biztos\u00edtja a sima g\u0151zt, a gyors felmeleged\u00e9st \u00e9s a gazdag \u00edzt.<\/li>\n<li>\ud83d\udd0b <strong>\u00dajrat\u00f6lthet\u0151 850mAh akkumul\u00e1tor<\/strong> gyors Type-C t\u00f6lt\u00e9ssel.<\/li>\n<li>\ud83d\udcfa Smart <strong>LED k\u00e9perny\u0151<\/strong> vil\u00e1gosan mutatja az akkumul\u00e1tor \u00e9lettartam\u00e1t \u00e9s a puffok sz\u00e1m\u00e1t.<\/li>\n<li>\ud83d\udee0 <strong>H\u00e1rom tart\u00e1lyos kialak\u00edt\u00e1s<\/strong> t\u00f6bbf\u00e9le \u00edzt tart egy eszk\u00f6zben.<\/li>\n<li>\ud83d\udce6 Nagykereskedelmi csomagol\u00e1s: <strong>10 db\/csomag<\/strong> forgalmaz\u00f3k \u00e9s vape shopok sz\u00e1m\u00e1ra.<\/li>\n<li>\ud83d\udc4c Kezd\u0151bar\u00e1t, m\u00e9gis el\u00e9g er\u0151s a halad\u00f3 felhaszn\u00e1l\u00f3k sz\u00e1m\u00e1ra.<\/li>\n<\/ul>\n<h3>M\u0171szaki adatok<\/h3>\n<table>\n<tbody>\n<tr>\n<td><strong>Nikotin er\u0151ss\u00e9ge<\/strong><\/td>\n<td>2% \/ 3% \/ 5%<\/td>\n<\/tr>\n<tr>\n<td><strong>Puff sz\u00e1m<\/strong><\/td>\n<td>Ak\u00e1r 100,000<\/td>\n<\/tr>\n<tr>\n<td><strong>\u00cdzes\u00edt\u00e9si m\u00f3dok<\/strong><\/td>\n<td>A, B, C, A+B, A+C, B+C, B+C<\/td>\n<\/tr>\n<tr>\n<td><strong>Olajtart\u00e1ly<\/strong><\/td>\n<td>3 tart\u00e1ly<\/td>\n<\/tr>\n<tr>\n<td><strong>Tekercs<\/strong><\/td>\n<td>H\u00e1romszoros h\u00e1l\u00f3s tekercs<\/td>\n<\/tr>\n<tr>\n<td><strong>Akkumul\u00e1tor<\/strong><\/td>\n<td>850mAh \u00fajrat\u00f6lthet\u0151<\/td>\n<\/tr>\n<tr>\n<td><strong>LED k\u00e9perny\u0151<\/strong><\/td>\n<td>Igen (akkumul\u00e1tor + puff kijelz\u0151)<\/td>\n<\/tr>\n<tr>\n<td><strong>T\u00f6lt\u0151port<\/strong><\/td>\n<td>C-t\u00edpus\u00fa<\/td>\n<\/tr>\n<tr>\n<td><strong>Csomagol\u00e1s<\/strong><\/td>\n<td>10 db\/csomag<\/td>\n<\/tr>\n<tr>\n<td><strong>\u00cdzek<\/strong><\/td>\n<td>10 pr\u00e9mium opci\u00f3<\/td>\n<\/tr>\n<\/tbody>\n<\/table>\n<h3>\u00cdzek \ud83c\udf53\ud83c\udf4d\ud83c\udf47<\/h3>\n<ol>\n<li><strong>G\u00f6r\u00f6gdinnye j\u00e9g + Eper Mamba + Eper g\u00f6r\u00f6gdinnye<\/strong> - \u00c9des \u00e9s jeges friss\u00edt\u0151.<\/li>\n<li><strong>Fuji Ice + Alma Sz\u0151l\u0151 + Cseresznye Gr\u00e1n\u00e1talma<\/strong> - Ropog\u00f3s, fanyar \u00e9s l\u00e9d\u00fas kever\u00e9k.<\/li>\n<li><strong>\u00c1fonya Ice + M\u00e1lna Citrom + G\u00f6r\u00f6gdinnye Bubblegum<\/strong> - Cukorkaszer\u0171 sz\u00f3rakoz\u00e1s gy\u00fcm\u00f6lcs\u00f6s csattan\u00f3val.<\/li>\n<li><strong>\u00c1fonya M\u00e1lna + savany\u00fa anan\u00e1sz Narancs + g\u00f6r\u00f6gdinnye<\/strong> - Tr\u00f3pusi robban\u00e1s egy fanyar csavarral.<\/li>\n<li><strong>Sz\u0151l\u0151 j\u00e9g + Mang\u00f3 barack + \u00e1fonya g\u00f6r\u00f6gdinnye<\/strong> - Egzotikus, \u00e9des \u00e9s h\u0171t\u00f6tt kever\u00e9k.<\/li>\n<li><strong>Eper j\u00e9g + Barack citrom + Kiwi golgotavir\u00e1g Guava<\/strong> - Friss\u00edt\u0151 gy\u00fcm\u00f6lcs\u00f6s kokt\u00e9l.<\/li>\n<li><strong>Anan\u00e1szos k\u00f3kusz + \u00e1fony\u00e1s Red Bull + g\u00f6r\u00f6gdinnye j\u00e9g<\/strong> - Tr\u00f3pusi hangulatok energiaitalos r\u00fag\u00e1ssal.<\/li>\n<li><strong>Eper-kiwi + \u00e1fonya-k\u00f3kusz + vegyes bogy\u00f3s gy\u00fcm\u00f6lcs\u00f6k<\/strong> - Sima bogy\u00f3s gy\u00fcm\u00f6lcsf\u00fazi\u00f3 kr\u00e9mes \u00e9rint\u00e9ssel.<\/li>\n<li><strong>Citromos romantika + \u00c1fonya M\u00e1lna + Barack Mentol<\/strong> - \u00c9des, savany\u00fa \u00e9s h\u0171s\u00edt\u0151 egyens\u00faly.<\/li>\n<li><strong>Barack j\u00e9g + Fekete ribizli Anan\u00e1sz j\u00e9g + Z\u00f6ld alma Kiwi<\/strong> - Ropog\u00f3s \u00e9s fagyos gy\u00fcm\u00f6lcskombin\u00e1ci\u00f3.<\/li>\n<\/ol>\n<h3>GYIK \u2753<\/h3>\n<p><strong>K: Mennyi ideig b\u00edrja az Bang Blaze 100K?<\/strong><br \/>\nV: Legfeljebb <strong>100,000 puff<\/strong>, hetekig vagy ak\u00e1r h\u00f3napokig is eltarthat, a haszn\u00e1lat\u00e1t\u00f3l f\u00fcgg\u0151en.<\/p>\n<p><strong>K: \u00dajrat\u00f6lthetem?<\/strong><br \/>\nA: Igen! Felszerelve egy <strong>850mAh \u00fajrat\u00f6lthet\u0151 akkumul\u00e1tor<\/strong> \u00e9s gyorsan <strong>C-t\u00edpus\u00fa t\u00f6lt\u00e9s<\/strong>.<\/p>\n<p><strong>K: Alkalmas kezd\u0151knek?<\/strong><br \/>\nA: Term\u00e9szetesen. K\u00f6nnyen haszn\u00e1lhat\u00f3 a puff aktiv\u00e1l\u00e1ssal \u00e9s a LED kijelz\u0151vel, ugyanakkor nagy teljes\u00edtm\u00e9ny\u0171 a halad\u00f3 vaperek sz\u00e1m\u00e1ra.<\/p>\n<p><strong>K: Mi van a csomagban?<\/strong><br \/>\nV: Minden nagykereskedelmi csomag a k\u00f6vetkez\u0151ket tartalmazza <strong>10 Bang Blaze 100K eszk\u00f6z<\/strong>, \u00edgy ide\u00e1lis a k\u00f6vetkez\u0151kh\u00f6z <em>vape \u00fczletek \u00e9s forgalmaz\u00f3k<\/em>.<\/p>\n<p><strong>K: Hogyan m\u0171k\u00f6dik az \u00edzes\u00edt\u00e9si rendszer?<\/strong><br \/>\nA: A <strong>6 az 1-ben rendszer<\/strong> lehet\u0151v\u00e9 teszi, hogy egyedi vagy kevert \u00edzeket v\u00e1lasszon a szem\u00e9lyre szabott vape \u00e9lm\u00e9ny \u00e9rdek\u00e9ben.<\/p>\n<p><img data-recalc-dims=\"1\" decoding=\"async\" style=\"max-width: 100%; height: auto; display: block; margin: 0 auto;\" src=\"https:\/\/i0.wp.com\/aiviouvapes.com\/wp-content\/uploads\/2025\/09\/main-picture.png.webp?w=1020&#038;ssl=1\" alt=\"Bang Blaze 6 az 1-ben Vape\" title=\"\"><\/p>\n<p><strong>Bang Blaze 100K Puffs Eldobhat\u00f3 Vape<\/strong> a k\u00f6vetkez\u0151kre tervezt\u00e9k <em>neh\u00e9z felhaszn\u00e1l\u00f3k, \u00edzek szerelmesei, vape shop tulajdonosok \u00e9s nagykeresked\u0151k<\/em>. A <strong>h\u00e1rom tart\u00e1lyos rendszer, LED kijelz\u0151 \u00e9s 100,000 puff kapacit\u00e1s<\/strong>, ez nem csak egy vape - ez a v\u00e9gs\u0151, hosszan tart\u00f3 vaping megold\u00e1s. \ud83d\ude80<\/p>","protected":false},"excerpt":{"rendered":"<p>\ud83d\udd25<strong>Bang Blaze 100K Eldobhat\u00f3 Vape<\/strong> ak\u00e1r <strong>100,000 puff<\/strong>, 6 az 1-ben \u00edzv\u00e1lt\u00e1s \u00e9s egy er\u0151teljes, h\u00e1romszoros h\u00e1l\u00f3s tekercsrendszer - t\u00f6k\u00e9letes a neh\u00e9z vaperek, vape shopok \u00e9s nagykereskedelmi v\u00e1s\u00e1rl\u00f3k sz\u00e1m\u00e1ra.<\/p>","protected":false},"featured_media":65757,"comment_status":"open","ping_status":"closed","template":"","meta":[],"product_brand":[239],"product_cat":[37,336,320,280,137,146,138,141,143],"product_tag":[306,308,303,305,304,302],"class_list":{"0":"post-65755","1":"product","2":"type-product","3":"status-publish","4":"has-post-thumbnail","6":"product_brand-bang","7":"product_cat-bang","8":"product_cat-100k-puffs-disposable-vape","9":"product_cat-best-disposable-vapes","10":"product_cat-cheap-rechargeable-disposable-vapes","11":"product_cat-disposable-vapes-in-germany","12":"product_cat-disposable-vapes-in-hungary","13":"product_cat-disposable-vapes-in-ltaly","14":"product_cat-disposable-vapes-in-poland","15":"product_cat-disposable-vapes-in-spain","16":"product_tag-best-disposable-vapes","17":"product_tag-disposable-vape-in-europe","18":"product_tag-screen-vape","19":"product_tag-vape-suppliers","20":"product_tag-wholesale-vapes","21":"product_tag-wholesale-vapor","23":"first","24":"instock","25":"shipping-taxable","26":"purchasable","27":"product-type-variable","28":"has-default-attributes"},"jetpack_sharing_enabled":true,"tiered_pricing_type":"fixed","tiered_pricing_fixed_rules":{"30":9.8499999999999996447286321199499070644378662109375,"50":7.9900000000000002131628207280300557613372802734375,"100":7.78000000000000024868995751603506505489349365234375,"200":7.12999999999999989341858963598497211933135986328125,"400":6.61000000000000031974423109204508364200592041015625},"tiered_pricing_product_settings":{"layout":"default","base_unit_name":{"singular":null,"plural":null},"default_variation":null},"tiered_pricing_minimum_quantity":10,"tiered_pricing_roles_data":[],"tiered_pricing_percentage_rules":[],"tiered_pricing_maximum_quantity":null,"tiered_pricing_quantity_step":"10","_links":{"self":[{"href":"https:\/\/aiviouvapes.com\/hu\/wp-json\/wp\/v2\/product\/65755","targetHints":{"allow":["GET"]}}],"collection":[{"href":"https:\/\/aiviouvapes.com\/hu\/wp-json\/wp\/v2\/product"}],"about":[{"href":"https:\/\/aiviouvapes.com\/hu\/wp-json\/wp\/v2\/types\/product"}],"replies":[{"embeddable":true,"href":"https:\/\/aiviouvapes.com\/hu\/wp-json\/wp\/v2\/comments?post=65755"}],"wp:featuredmedia":[{"embeddable":true,"href":"https:\/\/aiviouvapes.com\/hu\/wp-json\/wp\/v2\/media\/65757"}],"wp:attachment":[{"href":"https:\/\/aiviouvapes.com\/hu\/wp-json\/wp\/v2\/media?parent=65755"}],"wp:term":[{"taxonomy":"product_brand","embeddable":true,"href":"https:\/\/aiviouvapes.com\/hu\/wp-json\/wp\/v2\/product_brand?post=65755"},{"taxonomy":"product_cat","embeddable":true,"href":"https:\/\/aiviouvapes.com\/hu\/wp-json\/wp\/v2\/product_cat?post=65755"},{"taxonomy":"product_tag","embeddable":true,"href":"https:\/\/aiviouvapes.com\/hu\/wp-json\/wp\/v2\/product_tag?post=65755"}],"curies":[{"name":"wp","href":"https:\/\/api.w.org\/{rel}","templated":true}]}}