{"id":5353,"date":"2024-08-19T03:51:49","date_gmt":"2024-08-18T19:51:49","guid":{"rendered":"https:\/\/aiviouvapes.com\/?post_type=product&#038;p=5353"},"modified":"2025-07-24T09:10:22","modified_gmt":"2025-07-24T01:10:22","slug":"aivono-winner-6000-puffs-disposable-wholesale","status":"publish","type":"product","link":"https:\/\/aiviouvapes.com\/hu\/product\/aivono-winner-6000-puffs-disposable-wholesale\/","title":{"rendered":"AIVONO Winner 6000 Puffs | 0%-5% nikotin, 26mL, dual mesh, LCD kijelz\u0151, \u00f6mlesztett vape, \u00f6mlesztett vape"},"content":{"rendered":"<h2>AIVONO gy\u0151ztes 6000 f\u00faj\u00e1s | 0% 2% 3% 5% nikotin, 26 ml e-liquid, dual mesh tekercsek, LCD kijelz\u0151, C t\u00edpus\u00fa \u00fajrat\u00f6lthet\u0151, t\u00f6meges v\u00e1s\u00e1rl\u00e1s eldobhat\u00f3 vape nagykereskedelem<\/h2>\n<h3>Az AIVONO WINNER 6000 Puffs \u00e1ttekint\u00e9se \u00e9s jellemz\u0151i<\/h3>\n<p>Az AIVONO WINNER 6000 felf\u00faj\u00e1st \u00fagy tervezt\u00e9k, hogy hosszan tart\u00f3 el\u00e9gedetts\u00e9get biztos\u00edtson, \u00e9s ak\u00e1r 6000 f\u00faj\u00e1st is k\u00edn\u00e1l a b\u0151s\u00e9ges, 15 ml-es e-juice kapacit\u00e1ssal, ami cs\u00f6kkenti a gyakori ut\u00e1nt\u00f6lt\u00e9sek sz\u00fcks\u00e9gess\u00e9g\u00e9t. A 600 mAh-s \u00fajrat\u00f6lthet\u0151 akkumul\u00e1torral m\u0171k\u00f6d\u0151 eszk\u00f6z t\u00e1mogatja a hosszan tart\u00f3 g\u0151z\u00f6l\u00e9st, a Type-C t\u00f6lt\u0151port pedig gyors \u00e9s hat\u00e9kony \u00fajrat\u00f6lt\u00e9st biztos\u00edt. A 0%, 2% \u00e9s 5% nikotinszinttel el\u00e9rhet\u0151, k\u00fcl\u00f6nf\u00e9le preferenci\u00e1kat kiel\u00e9g\u00edt. Az 1,2 \u03a9-os h\u00e1l\u00f3s tekercs fokozza az \u00edzt \u00e9s a p\u00e1ra konzisztenci\u00e1j\u00e1t, \u00edgy minden f\u00faj\u00e1s sim\u00e1v\u00e1 \u00e9s \u00e9lvezetess\u00e9 v\u00e1lik.<\/p>\n<ul>\n<li><strong>Ak\u00e1r 6000 f\u00faj\u00e1s<\/strong>: Sz\u00e9lesk\u00f6r\u0171 felhaszn\u00e1l\u00e1st biztos\u00edt, maximaliz\u00e1lja az \u00e9rt\u00e9ket \u00e9s a k\u00e9nyelmet.<\/li>\n<li><strong>15 ml E-folyad\u00e9k \u0170rtartalom<\/strong>: Cs\u00f6kkenti az ut\u00e1nt\u00f6lt\u00e9s gyakoris\u00e1g\u00e1t a megszak\u00edt\u00e1s n\u00e9lk\u00fcli \u00e9lvezet \u00e9rdek\u00e9ben.<\/li>\n<li><strong>600mAh akkumul\u00e1tor<\/strong>: Megb\u00edzhat\u00f3 teljes\u00edtm\u00e9nyt biztos\u00edt gyors Type-C \u00fajrat\u00f6lt\u00e9ssel.<\/li>\n<li><strong>Nikotin lehet\u0151s\u00e9gek<\/strong>: 0%, 2% \u00e9s 5% v\u00e1ltozatban el\u00e9rhet\u0151 a szem\u00e9lyre szabott \u00e9lm\u00e9ny \u00e9rdek\u00e9ben.<\/li>\n<li><strong>1,2\u03a9 h\u00e1l\u00f3s tekercs<\/strong>: Gazdag, l\u00e1gy \u00edzt \u00e9s egyenletes g\u0151ztermel\u00e9st biztos\u00edt.<\/li>\n<\/ul>\n<h3>AIVONO WINNER 6000 Puffs Flavours rakt\u00e1ron:<\/h3>\n<p>G\u00f6r\u00f6gdinnye j\u00e9g, h\u0171v\u00f6s menta, ban\u00e1n j\u00e9g, \u00e1fonya j\u00e9gen, \u0151szibarack j\u00e9g, sz\u0151l\u0151j\u00e9g, grapefruit narancs, mang\u00f3 guava, eper passi\u00f3gy\u00fcm\u00f6lcs, narancssz\u00f3da.<\/p>\n<h3>Mi\u00e9rt v\u00e1lassza az AIVONO WINNER 6000 Puffot?<\/h3>\n<p>Az AIVONO WINNER 6000 Puffs \u00f6tv\u00f6zi a nagy puffad\u00e1skapacit\u00e1st, az \u00edzek v\u00e1ltozatos sk\u00e1l\u00e1j\u00e1t \u00e9s a fejlett mesh coil technol\u00f3gi\u00e1t, \u00edgy kiv\u00e1l\u00f3 v\u00e1laszt\u00e1s azok sz\u00e1m\u00e1ra, akik min\u0151s\u00e9gre \u00e9s k\u00e9nyelemre v\u00e1gynak. K\u00f6nny\u0171, hordozhat\u00f3 kialak\u00edt\u00e1s\u00e1nak \u00e9s \u00fajrat\u00f6lthet\u0151 akkumul\u00e1tor\u00e1nak k\u00f6sz\u00f6nhet\u0151en ide\u00e1lis \u00fatk\u00f6zbeni haszn\u00e1latra, m\u00edg az eldobhat\u00f3 form\u00e1tum azt jelenti, hogy nincs sz\u00fcks\u00e9g ut\u00e1nt\u00f6lt\u00e9sre vagy karbantart\u00e1sra. Ez a nagykereskedelmi c\u00e9l\u00fa k\u00e9sz\u00fcl\u00e9k kiv\u00e1l\u00f3 v\u00e1laszt\u00e1s a kiskeresked\u0151k sz\u00e1m\u00e1ra, akik kiv\u00e1l\u00f3 min\u0151s\u00e9g\u0171 eldobhat\u00f3 vape-ot k\u00edv\u00e1nnak k\u00edn\u00e1lni. Az AIVONO WINNER 6000 Puffs pr\u00e9mium, kiel\u00e9g\u00edt\u0151 p\u00e1rologtat\u00e1si \u00e9lm\u00e9nyt ny\u00fajt minden f\u00faj\u00e1ssal.<img data-recalc-dims=\"1\" loading=\"lazy\" decoding=\"async\" class=\"alignnone wp-image-8224 size-full\" title=\"AIVONO WINNER 6000 Puffs 0% 2% 5% nikotin \u00fajrat\u00f6lthet\u0151 T\u00f6meges v\u00e1s\u00e1rl\u00e1s eldobhat\u00f3 Vape nagykeresked\u00e9s\" src=\"https:\/\/i0.wp.com\/aiviouvapes.com\/wp-content\/uploads\/2024\/08\/%E9%9B%86%E5%90%88%E5%9B%BE3.jpg?resize=1020%2C599&#038;ssl=1\" alt=\"AIVONO WINNER 6000 Puffs 0% 2% 5% nikotin \u00fajrat\u00f6lthet\u0151 T\u00f6meges v\u00e1s\u00e1rl\u00e1s eldobhat\u00f3 Vape nagykeresked\u00e9s\" width=\"1020\" height=\"599\" srcset=\"https:\/\/i0.wp.com\/aiviouvapes.com\/wp-content\/uploads\/2024\/08\/%E9%9B%86%E5%90%88%E5%9B%BE3.jpg?w=1920&amp;ssl=1 1920w, https:\/\/i0.wp.com\/aiviouvapes.com\/wp-content\/uploads\/2024\/08\/%E9%9B%86%E5%90%88%E5%9B%BE3.jpg?resize=300%2C176&amp;ssl=1 300w, https:\/\/i0.wp.com\/aiviouvapes.com\/wp-content\/uploads\/2024\/08\/%E9%9B%86%E5%90%88%E5%9B%BE3.jpg?resize=1024%2C602&amp;ssl=1 1024w, https:\/\/i0.wp.com\/aiviouvapes.com\/wp-content\/uploads\/2024\/08\/%E9%9B%86%E5%90%88%E5%9B%BE3.jpg?resize=768%2C451&amp;ssl=1 768w, https:\/\/i0.wp.com\/aiviouvapes.com\/wp-content\/uploads\/2024\/08\/%E9%9B%86%E5%90%88%E5%9B%BE3.jpg?resize=1536%2C902&amp;ssl=1 1536w, https:\/\/i0.wp.com\/aiviouvapes.com\/wp-content\/uploads\/2024\/08\/%E9%9B%86%E5%90%88%E5%9B%BE3.jpg?resize=18%2C12&amp;ssl=1 18w, https:\/\/i0.wp.com\/aiviouvapes.com\/wp-content\/uploads\/2024\/08\/%E9%9B%86%E5%90%88%E5%9B%BE3.jpg?resize=800%2C470&amp;ssl=1 800w\" sizes=\"auto, (max-width: 1020px) 100vw, 1020px\" \/><\/p>","protected":false},"excerpt":{"rendered":"<p>Az AIVONO WINNER 6000 Puffs ak\u00e1r 6000 bef\u00faj\u00e1st is k\u00edn\u00e1l 15 ml-es e-folyad\u00e9k kapacit\u00e1ssal, sima 1,2 \u03a9-os h\u00e1l\u00f3tekerccsel \u00e9s \u00fajrat\u00f6lthet\u0151 600 mAh-s akkumul\u00e1torral. A 0%, 2% \u00e9s 5% nikotin v\u00e1ltozatban kaphat\u00f3, egyenletes \u00edzt \u00e9s el\u00e9gedetts\u00e9get biztos\u00edt hordozhat\u00f3, karbantart\u00e1st nem ig\u00e9nyl\u0151 kivitelben.<\/p>","protected":false},"featured_media":5354,"comment_status":"open","ping_status":"closed","template":"","meta":[],"product_brand":[],"product_cat":[41,119,117,76,134,135,133,136,137,146,138,139,140,141,142,143,144,145,116,132],"product_tag":[],"class_list":{"0":"post-5353","1":"product","2":"type-product","3":"status-publish","4":"has-post-thumbnail","6":"product_cat-aivono-vapes","7":"product_cat-5000-puffs-disposable-vape","8":"product_cat-different-puffs-of-diposable-vapes","9":"product_cat-disposable-vape-types","10":"product_cat-disposable-vapes-in-austria","11":"product_cat-disposable-vapes-in-belgium","12":"product_cat-disposable-vapes-in-europe","13":"product_cat-disposable-vapes-in-france","14":"product_cat-disposable-vapes-in-germany","15":"product_cat-disposable-vapes-in-hungary","16":"product_cat-disposable-vapes-in-ltaly","17":"product_cat-disposable-vapes-in-netherlands","18":"product_cat-disposable-vapes-in-norway","19":"product_cat-disposable-vapes-in-poland","20":"product_cat-disposable-vapes-in-portugal","21":"product_cat-disposable-vapes-in-spain","22":"product_cat-disposable-vapes-in-sweden","23":"product_cat-disposable-vapes-in-switzerland","24":"product_cat-mini-puffs-vapes","25":"product_cat-rechargeable-vapes","27":"first","28":"instock","29":"shipping-taxable","30":"purchasable","31":"product-type-variable","32":"has-default-attributes"},"jetpack_sharing_enabled":true,"tiered_pricing_type":"fixed","tiered_pricing_fixed_rules":{"2000":5.12999999999999989341858963598497211933135986328125},"tiered_pricing_product_settings":{"layout":"default","base_unit_name":{"singular":null,"plural":null},"default_variation":null},"tiered_pricing_minimum_quantity":1000,"tiered_pricing_roles_data":[],"tiered_pricing_percentage_rules":[],"tiered_pricing_maximum_quantity":null,"tiered_pricing_quantity_step":"10","_links":{"self":[{"href":"https:\/\/aiviouvapes.com\/hu\/wp-json\/wp\/v2\/product\/5353","targetHints":{"allow":["GET"]}}],"collection":[{"href":"https:\/\/aiviouvapes.com\/hu\/wp-json\/wp\/v2\/product"}],"about":[{"href":"https:\/\/aiviouvapes.com\/hu\/wp-json\/wp\/v2\/types\/product"}],"replies":[{"embeddable":true,"href":"https:\/\/aiviouvapes.com\/hu\/wp-json\/wp\/v2\/comments?post=5353"}],"wp:featuredmedia":[{"embeddable":true,"href":"https:\/\/aiviouvapes.com\/hu\/wp-json\/wp\/v2\/media\/5354"}],"wp:attachment":[{"href":"https:\/\/aiviouvapes.com\/hu\/wp-json\/wp\/v2\/media?parent=5353"}],"wp:term":[{"taxonomy":"product_brand","embeddable":true,"href":"https:\/\/aiviouvapes.com\/hu\/wp-json\/wp\/v2\/product_brand?post=5353"},{"taxonomy":"product_cat","embeddable":true,"href":"https:\/\/aiviouvapes.com\/hu\/wp-json\/wp\/v2\/product_cat?post=5353"},{"taxonomy":"product_tag","embeddable":true,"href":"https:\/\/aiviouvapes.com\/hu\/wp-json\/wp\/v2\/product_tag?post=5353"}],"curies":[{"name":"wp","href":"https:\/\/api.w.org\/{rel}","templated":true}]}}