{"id":53032,"date":"2025-08-09T15:36:13","date_gmt":"2025-08-09T07:36:13","guid":{"rendered":"https:\/\/aiviouvapes.com\/?post_type=product&#038;p=53032"},"modified":"2026-04-17T13:00:40","modified_gmt":"2026-04-17T05:00:40","slug":"bang-king-tornado-fire-40000","status":"publish","type":"product","link":"https:\/\/aiviouvapes.com\/hu\/product\/bang-king-tornado-fire-40000\/","title":{"rendered":"Bang King Tornado Fire 40000 Puffs | \u00e1ll\u00edthat\u00f3 l\u00e9g\u00e1raml\u00e1s \u00e9s 35ml e-folyad\u00e9k \u00f6mlesztett eldobhat\u00f3 vape"},"content":{"rendered":"<h2><strong>\ud83d\udd25 Mi\u00e9rt v\u00e1lasztja az Bang King Tornado Fire 40000-t?\ud83d\udd25<\/strong><\/h2>\n<ul>\n<li><strong>Hossz\u00fa \u00e9lettartam\u00fa:<\/strong> Ak\u00e1r 40.000 slukkot is kaphat a hosszan tart\u00f3 p\u00e1rologtat\u00e1si el\u00e9gedetts\u00e9g\u00e9rt.<\/li>\n<li><strong>Sokoldal\u00fa nikotin er\u0151ss\u00e9gek:<\/strong> 2%, 3% vagy 5% nikotint k\u00edn\u00e1l a szem\u00e9lyre szabott tal\u00e1latokhoz.<\/li>\n<li><strong>\u00c1ll\u00edthat\u00f3 l\u00e9g\u00e1raml\u00e1s:<\/strong> T\u00f6k\u00e9letes h\u00faz\u00e1s az \u00e1ll\u00edthat\u00f3 l\u00e9g\u00e1raml\u00e1ssal a szem\u00e9lyre szabott \u00e9lm\u00e9ny\u00e9rt.<\/li>\n<li><strong>Kiv\u00e1l\u00f3 min\u0151s\u00e9g\u0171 konstrukci\u00f3:<\/strong> 1.0\u03a9-os h\u00e1l\u00f3s tekercs az optim\u00e1lis \u00edz \u00e9s g\u0151ztermel\u00e9s \u00e9rdek\u00e9ben.<\/li>\n<li><strong>St\u00edlusos \u00e9s praktikus:<\/strong> Eleg\u00e1ns, krist\u00e1lytiszta test, intelligens k\u00e9perny\u0151vel \u00e9s USB-C t\u00f6lt\u00e9ssel.<\/li>\n<li><strong>T\u00f6k\u00e9letes kiskereskedelemhez \u00e9s nagykereskedelemhez:<\/strong> Ide\u00e1lis a vape shopok \u00e9s forgalmaz\u00f3k sz\u00e1m\u00e1ra, akik pr\u00e9mium eldobhat\u00f3 vape-eket keresnek.<\/li>\n<\/ul>\n<p>A <strong>Bang King Tornado Fire 40000<\/strong> az ide\u00e1lis v\u00e1laszt\u00e1s a neh\u00e9z felhaszn\u00e1l\u00f3k, az \u00edzek hajszol\u00f3i \u00e9s a vape shopok sz\u00e1m\u00e1ra, amelyek kiv\u00e1l\u00f3 min\u0151s\u00e9g\u0171 eldobhat\u00f3 p\u00e1rologtat\u00f3kat szeretn\u00e9nek k\u00edn\u00e1lni \u00fcgyfeleiknek. Hatalmas puff-kapacit\u00e1s\u00e1val, eleg\u00e1ns kialak\u00edt\u00e1s\u00e1val \u00e9s v\u00e1ltozatos \u00edzv\u00e1laszt\u00e9k\u00e1val ez a k\u00e9sz\u00fcl\u00e9k felejthetetlen p\u00e1rologtat\u00e1si \u00e9lm\u00e9nyt \u00edg\u00e9r. Ak\u00e1r kiskeresked\u0151 vagy forgalmaz\u00f3 vagy, a Tornado Fire biztosan sl\u00e1ger lesz az \u00fczletedben!<\/p>\n<h2>\ud83d\udd25 <strong>Bang King Tornado Fire 40000 Puffs: Engedd szabadj\u00e1ra az \u00edzek erej\u00e9t!<\/strong> \ud83d\udd25<\/h2>\n<p>K\u00f6sz\u00f6ntse a v\u00e9gs\u0151 p\u00e1rologtat\u00e1si \u00e9lm\u00e9nyt a <strong>Bang King Tornado Fire 40000<\/strong>. Ez az \u00edzekkel teli, szem\u00e9lyes \u00e9lvezetre \u00e9s nagykereskedelmi forgalmaz\u00e1sra tervezett eldobhat\u00f3 vape ak\u00e1r 40.000 puffot is k\u00edn\u00e1l a tiszta el\u00e9gedetts\u00e9gb\u0151l. Ak\u00e1r mer\u00e9sz, felejthetetlen \u00edzekre v\u00e1gy\u00f3 heavy vaper, ak\u00e1r pr\u00e9mium term\u00e9keket keres \u00fczlet\u00e9be, ez az a k\u00e9sz\u00fcl\u00e9k, amire v\u00e1rt. Az \u00e1ll\u00edthat\u00f3 l\u00e9g\u00e1raml\u00e1ssal, a Type-C \u00fajrat\u00f6lt\u00e9ssel \u00e9s a krist\u00e1lytiszta test kialak\u00edt\u00e1s\u00e1val a <strong>Torn\u00e1d\u00f3 T\u0171z 40000<\/strong> megv\u00e1ltoztatja az eldobhat\u00f3 p\u00e1rologtat\u00f3k vil\u00e1g\u00e1t.<\/p>\n<p><strong>Kulcsfontoss\u00e1g\u00fa jellemz\u0151k:<\/strong><\/p>\n<ul>\n<li><strong>Hatalmas puff-kapacit\u00e1s:<\/strong> Ak\u00e1r 40 000 slukk, t\u00f6k\u00e9letes eg\u00e9sz napos \u00e9lvezethez.<\/li>\n<li><strong>Testreszabhat\u00f3 nikotin er\u0151ss\u00e9g:<\/strong> V\u00e1lasszon a 2%, 3%, vagy 5% nikotin opci\u00f3k k\u00f6z\u00fcl.<\/li>\n<li><strong>E-folyad\u00e9k kapacit\u00e1s:<\/strong> 35 ml e-folyad\u00e9k, amely biztos\u00edtja, hogy minden slukkb\u00f3l a legt\u00f6bbet hozza ki.<\/li>\n<li><strong>\u00c1ll\u00edthat\u00f3 l\u00e9g\u00e1raml\u00e1s:<\/strong> Testre szabhatja a p\u00e1rologtat\u00e1si \u00e9lm\u00e9nyt a sima vagy intenz\u00edv tal\u00e1latok ir\u00e1nti preferenci\u00e1j\u00e1hoz.<\/li>\n<li><strong>C-t\u00edpus\u00fa t\u00f6lt\u00e9s:<\/strong> Gyors, k\u00e9nyelmes \u00fajrat\u00f6lt\u00e9s a modern USB-C technol\u00f3gi\u00e1val.<\/li>\n<li><strong>Tart\u00f3s \u00e9s st\u00edlusos kialak\u00edt\u00e1s:<\/strong> Krist\u00e1lytiszta test a karcs\u00fa diz\u00e1jn \u00e9s a pr\u00e9mium e-folyad\u00e9k bemutat\u00e1s\u00e1ra.<\/li>\n<\/ul>\n<h3><strong>Bang King Tornado Fire 40000 M\u0171szaki adatok:<\/strong><\/h3>\n<table>\n<thead>\n<tr>\n<th>Jellemz\u0151<\/th>\n<th>R\u00e9szletek<\/th>\n<\/tr>\n<\/thead>\n<tbody>\n<tr>\n<td><strong>Puff kapacit\u00e1s<\/strong><\/td>\n<td>Ak\u00e1r 40,000 f\u00faj\u00e1s<\/td>\n<\/tr>\n<tr>\n<td><strong>E-folyad\u00e9k kapacit\u00e1s<\/strong><\/td>\n<td>35mL<\/td>\n<\/tr>\n<tr>\n<td><strong>Akkumul\u00e1tor<\/strong><\/td>\n<td>1000mAh, C t\u00edpus\u00fa t\u00f6lt\u00e9s<\/td>\n<\/tr>\n<tr>\n<td><strong>Tekercs t\u00edpusa<\/strong><\/td>\n<td>1,0\u03a9 h\u00e1l\u00f3s tekercs<\/td>\n<\/tr>\n<tr>\n<td><strong>Nikotin lehet\u0151s\u00e9gek<\/strong><\/td>\n<td>2%, 3%, 5%<\/td>\n<\/tr>\n<tr>\n<td><strong>Megjelen\u00edt\u00e9s<\/strong><\/td>\n<td>Intelligens k\u00e9perny\u0151<\/td>\n<\/tr>\n<tr>\n<td><strong>Tervez\u00e9s<\/strong><\/td>\n<td>Krist\u00e1lytiszta test<\/td>\n<\/tr>\n<tr>\n<td><strong>L\u00e9g\u00e1raml\u00e1s<\/strong><\/td>\n<td>\u00c1ll\u00edthat\u00f3<\/td>\n<\/tr>\n<\/tbody>\n<\/table>\n<p>Ak\u00e1r egy <strong>vape shop<\/strong> aki a leg\u00fajabb \u00e9s legnagyszer\u0171bb vagy egy <strong>nagykereskedelmi forgalmaz\u00f3<\/strong> nagy kereslet\u0171 term\u00e9ket keres, a <strong>Torn\u00e1d\u00f3 T\u0171z 40000<\/strong> k\u00f6telez\u0151 darab. A <strong>12 hihetetlen \u00edz<\/strong>, \u00e1ll\u00edthat\u00f3 l\u00e9g\u00e1raml\u00e1ssal \u00e9s Type-C gyors t\u00f6lt\u00e9ssel ez a k\u00e9sz\u00fcl\u00e9k \u00fagy k\u00e9sz\u00fclt, hogy el\u00e9gedett\u00e9 tegye v\u00e1s\u00e1rl\u00f3it, \u00e9s m\u00e9g t\u00f6bbsz\u00f6r visszaj\u00f6jjenek.<\/p>\n<h4><strong>Bang King Tornado Fire 40000 \u00cdzek list\u00e1ja:<\/strong><\/h4>\n<ol>\n<li><strong>G\u00f6r\u00f6gdinnye<\/strong> - Friss\u00edt\u0151 \u00e9s l\u00e9d\u00fas g\u00f6r\u00f6gdinnye \u00edz minden slukkban.<\/li>\n<li><strong>Eper g\u00f6r\u00f6gdinnye<\/strong> - Az \u00e9rett eper \u00e9s g\u00f6r\u00f6gdinnye \u00e9des \u00e9s fanyar kever\u00e9ke.<\/li>\n<li><strong>\u00c1fonya j\u00e9g<\/strong> - Ropog\u00f3s \u00e1fonya h\u0171v\u00f6s, jeges lecseng\u00e9ssel.<\/li>\n<li><strong>\u00c1fonya m\u00e1lna<\/strong> - Az \u00e9des \u00e1fonya \u00e9s a fanyar m\u00e1lna gy\u00fcm\u00f6lcs\u00f6s f\u00fazi\u00f3ja.<\/li>\n<li><strong>Eper j\u00e9g<\/strong> - Az \u00e9des eper t\u00f6k\u00e9letes egyens\u00falya a h\u0171s\u00edt\u0151 j\u00e9gkever\u00e9kkel.<\/li>\n<li><strong>Eper Kiwi<\/strong> - Az \u00e9des eper \u00e9s a fanyar kivi tr\u00f3pusi kombin\u00e1ci\u00f3ja.<\/li>\n<li><strong>Mang\u00f3 barack g\u00f6r\u00f6gdinnye<\/strong> - A mang\u00f3, az \u0151szibarack \u00e9s a friss\u00edt\u0151 g\u00f6r\u00f6gdinnye finom tr\u00f3pusi kever\u00e9ke.<\/li>\n<li><strong>Kiwi Passi\u00f3gy\u00fcm\u00f6lcs Gr\u00e1n\u00e1talma<\/strong> - Egzotikus kivi \u00e9s maracuja egy csipetnyi fanyar gr\u00e1n\u00e1talm\u00e1val.<\/li>\n<li><strong>Barack j\u00e9g<\/strong> - L\u00e1gy, \u00e9des \u0151szibarack, h\u0171v\u00f6s mentolos r\u00fag\u00e1ssal.<\/li>\n<li><strong>Vegyes bogy\u00f3s gy\u00fcm\u00f6lcs\u00f6k<\/strong> - V\u00e1logatott bogy\u00f3s gy\u00fcm\u00f6lcs\u00f6k l\u00e9d\u00fas kever\u00e9ke egy mindenre kiterjed\u0151 gy\u00fcm\u00f6lcs\u00f6s \u00e9lm\u00e9ny\u00e9rt.<\/li>\n<li><strong>\u00c1fonya Sz\u0151l\u0151<\/strong> - \u00c9des \u00e1fonya \u00e9rett, l\u00e9d\u00fas sz\u0151l\u0151vel p\u00e1rosul.<\/li>\n<li><strong>G\u00f6r\u00f6gdinnye Bubblegum<\/strong> - Nosztalgikus, \u00e9des g\u00f6r\u00f6gdinnye \u00edz, r\u00e1g\u00f3gumi alaphangokkal.<\/li>\n<\/ol>","protected":false},"excerpt":{"rendered":"<p>Bang King Tornado Fire 40000 Puffs | 12 \u00edz, \u00e1ll\u00edthat\u00f3 l\u00e9g\u00e1raml\u00e1s, 35mL e-folyad\u00e9k \u00e9s hossz\u00fa \u00e9lettartam - t\u00f6k\u00e9letes a vaperek \u00e9s a nagykereskedelem sz\u00e1m\u00e1ra!<\/p>","protected":false},"featured_media":52919,"comment_status":"open","ping_status":"closed","template":"","meta":[],"product_brand":[239],"product_cat":[37,280,137,146,138,141,143,572],"product_tag":[306,308,303,305,304,302],"class_list":{"0":"post-53032","1":"product","2":"type-product","3":"status-publish","4":"has-post-thumbnail","6":"product_brand-bang","7":"product_cat-bang","8":"product_cat-cheap-rechargeable-disposable-vapes","9":"product_cat-disposable-vapes-in-germany","10":"product_cat-disposable-vapes-in-hungary","11":"product_cat-disposable-vapes-in-ltaly","12":"product_cat-disposable-vapes-in-poland","13":"product_cat-disposable-vapes-in-spain","14":"product_cat-new-2","15":"product_tag-best-disposable-vapes","16":"product_tag-disposable-vape-in-europe","17":"product_tag-screen-vape","18":"product_tag-vape-suppliers","19":"product_tag-wholesale-vapes","20":"product_tag-wholesale-vapor","22":"first","23":"instock","24":"shipping-taxable","25":"purchasable","26":"product-type-variable","27":"has-default-attributes"},"jetpack_sharing_enabled":true,"tiered_pricing_type":"fixed","tiered_pricing_fixed_rules":{"30":7.78000000000000024868995751603506505489349365234375,"50":6.480000000000000426325641456060111522674560546875,"100":5.70000000000000017763568394002504646778106689453125,"200":5.30999999999999960920149533194489777088165283203125,"400":4.730000000000000426325641456060111522674560546875},"tiered_pricing_product_settings":{"layout":"default","base_unit_name":{"singular":null,"plural":null},"default_variation":null},"tiered_pricing_minimum_quantity":10,"tiered_pricing_roles_data":[],"tiered_pricing_percentage_rules":[],"tiered_pricing_maximum_quantity":null,"tiered_pricing_quantity_step":"10","_links":{"self":[{"href":"https:\/\/aiviouvapes.com\/hu\/wp-json\/wp\/v2\/product\/53032","targetHints":{"allow":["GET"]}}],"collection":[{"href":"https:\/\/aiviouvapes.com\/hu\/wp-json\/wp\/v2\/product"}],"about":[{"href":"https:\/\/aiviouvapes.com\/hu\/wp-json\/wp\/v2\/types\/product"}],"replies":[{"embeddable":true,"href":"https:\/\/aiviouvapes.com\/hu\/wp-json\/wp\/v2\/comments?post=53032"}],"wp:featuredmedia":[{"embeddable":true,"href":"https:\/\/aiviouvapes.com\/hu\/wp-json\/wp\/v2\/media\/52919"}],"wp:attachment":[{"href":"https:\/\/aiviouvapes.com\/hu\/wp-json\/wp\/v2\/media?parent=53032"}],"wp:term":[{"taxonomy":"product_brand","embeddable":true,"href":"https:\/\/aiviouvapes.com\/hu\/wp-json\/wp\/v2\/product_brand?post=53032"},{"taxonomy":"product_cat","embeddable":true,"href":"https:\/\/aiviouvapes.com\/hu\/wp-json\/wp\/v2\/product_cat?post=53032"},{"taxonomy":"product_tag","embeddable":true,"href":"https:\/\/aiviouvapes.com\/hu\/wp-json\/wp\/v2\/product_tag?post=53032"}],"curies":[{"name":"wp","href":"https:\/\/api.w.org\/{rel}","templated":true}]}}