{"id":5272,"date":"2024-08-19T03:33:10","date_gmt":"2024-08-18T19:33:10","guid":{"rendered":"https:\/\/aiviouvapes.com\/?post_type=product&#038;p=5272"},"modified":"2025-07-24T11:59:37","modified_gmt":"2025-07-24T03:59:37","slug":"aivono-aim-puff-star-6500-puffs-disposable-wholesale","status":"publish","type":"product","link":"https:\/\/aiviouvapes.com\/hu\/product\/aivono-aim-puff-star-6500-puffs-disposable-wholesale\/","title":{"rendered":"AIVONO Aim Puff Star 6500 Puffs | 0%-5% nikotin, 13mL, \u00f6mlesztett eldobhat\u00f3 vape"},"content":{"rendered":"<h2>AIVONO Aim Puff Star 6500 f\u00faj\u00e1s | 0% 2% 5% nikotin, 13ml e-liquid, 1,2\u03a9 mesh tekercs, C t\u00edpus\u00fa \u00fajrat\u00f6lthet\u0151, t\u00f6meges v\u00e1s\u00e1rl\u00e1s eldobhat\u00f3 vape nagykereskedelem<\/h2>\n<h3>Az AIVONO AIM PUFF STAR 6500 puffok \u00e1ttekint\u00e9se \u00e9s jellemz\u0151i<\/h3>\n<p>Az AIVONO AIM PUFF STAR 6500 Puffs a hosszan tart\u00f3 \u00e9lvezetre k\u00e9sz\u00fclt, \u00e9s ak\u00e1r 6500 f\u00faj\u00e1st is k\u00edn\u00e1l 13 ml-es e-juice tart\u00e1ly\u00e1val, hogy cs\u00f6kkentse a gyakori ut\u00e1nt\u00f6lt\u00e9s sz\u00fcks\u00e9gess\u00e9g\u00e9t. A 400 mAh-s \u00fajrat\u00f6lthet\u0151 akkumul\u00e1torral m\u0171k\u00f6d\u0151 eszk\u00f6z t\u00e1mogatja a hosszan tart\u00f3 g\u0151z\u00f6l\u00e9st, m\u00edg a Type-C t\u00f6lt\u0151port gyors \u00e9s hat\u00e9kony \u00fajrat\u00f6lt\u00e9st biztos\u00edt. A 0%, 2% \u00e9s 5% nikotiner\u0151ss\u00e9gben kaphat\u00f3, k\u00fcl\u00f6nf\u00e9le preferenci\u00e1kat kiel\u00e9g\u00edt. Az 1,2\u03a9-os h\u00e1l\u00f3s tekercs fokozza az \u00edzt \u00e9s a p\u00e1ra konzisztenci\u00e1j\u00e1t, sima \u00e9s \u00e9lvezetes g\u0151zt biztos\u00edtva minden f\u00faj\u00e1ssal.<\/p>\n<ul>\n<li><strong>Ak\u00e1r 6500 f\u00faj\u00e1s<\/strong>: Hosszan tart\u00f3 haszn\u00e1latot biztos\u00edt, maximaliz\u00e1lja a k\u00e9nyelmet \u00e9s az el\u00e9gedetts\u00e9get.<\/li>\n<li><strong>13 ml E-folyad\u00e9k \u0170rtartalom<\/strong>: Cs\u00f6kkenti az ut\u00e1nt\u00f6lt\u00e9sek sz\u00fcks\u00e9gess\u00e9g\u00e9t, ide\u00e1lis a megszak\u00edt\u00e1s n\u00e9lk\u00fcli \u00e9lvezethez.<\/li>\n<li><strong>400 mAh-s akkumul\u00e1tor<\/strong>: Megb\u00edzhat\u00f3 teljes\u00edtm\u00e9nyt biztos\u00edt gyors Type-C \u00fajrat\u00f6lt\u00e9ssel.<\/li>\n<li><strong>Nikotin lehet\u0151s\u00e9gek<\/strong>: 0%, 2% \u00e9s 5% v\u00e1ltozatban el\u00e9rhet\u0151 a szem\u00e9lyre szabott \u00e9lm\u00e9ny \u00e9rdek\u00e9ben.<\/li>\n<li><strong>1,2\u03a9 h\u00e1l\u00f3s tekercs<\/strong>: Gazdag, l\u00e1gy \u00edzt \u00e9s egyenletes g\u0151ztermel\u00e9st biztos\u00edt.<\/li>\n<\/ul>\n<h3>AIVONO AIM PUFF STAR 6500 Puffs Flavours rakt\u00e1ron:<\/h3>\n<p>Vegyes bogy\u00f3s gy\u00fcm\u00f6lcs\u00f6k, mentolos cukorka, eper kivi, vegyes mang\u00f3, g\u00f6r\u00f6gdinnye, eper j\u00e9g, energiaital, k\u00e9k bogy\u00f3, k\u00f3kuszdinnye, \u0151szibarackl\u00e9.<\/p>\n<h3>Mi\u00e9rt v\u00e1lassza az AIVONO AIM PUFF STAR 6500 puffokat?<\/h3>\n<p>Az AIVONO AIM PUFF STAR 6500 Puffs \u00f6tv\u00f6zi a nagy felf\u00faj\u00e1si kapacit\u00e1st, a v\u00e1ltozatos \u00edzeket \u00e9s a fejlett mesh coil technol\u00f3gi\u00e1t, \u00edgy ide\u00e1lis a min\u0151s\u00e9get \u00e9s k\u00e9nyelmet keres\u0151 g\u0151z\u00f6l\u0151k sz\u00e1m\u00e1ra. Kompakt, hordozhat\u00f3 kialak\u00edt\u00e1sa \u00e9s \u00fajrat\u00f6lthet\u0151 akkumul\u00e1tora t\u00f6k\u00e9letes \u00fatk\u00f6zbeni haszn\u00e1latra, m\u00edg az eldobhat\u00f3 form\u00e1tum sz\u00fcks\u00e9gtelenn\u00e9 teszi a karbantart\u00e1st. Ez a nagykereskedelemre ide\u00e1lis eszk\u00f6z kiv\u00e1l\u00f3 v\u00e1laszt\u00e1s azoknak a kiskeresked\u0151knek, akik pr\u00e9mium eldobhat\u00f3 vape-ot szeretn\u00e9nek k\u00edn\u00e1lni. Ak\u00e1r gyakorlott g\u0151z\u00f6l\u0151 vagy, ak\u00e1r \u00fajonc a jelenetben, az AIVONO AIM PUFF STAR 6500 Puffs kiel\u00e9g\u00edt\u0151 \u00e9s \u00edzletes \u00e9lm\u00e9nyt \u00edg\u00e9r minden f\u00faj\u00e1sn\u00e1l.<\/p>\n<p><img data-recalc-dims=\"1\" loading=\"lazy\" decoding=\"async\" class=\"alignnone wp-image-8222 size-full\" title=\"AIVONO AIM PUFF STAR 6500 Puffs 0% 2% 5% 5% nikotin \u00fajrat\u00f6lthet\u0151 T\u00f6meges v\u00e1s\u00e1rl\u00e1s eldobhat\u00f3 Vape nagykereskedelem\" src=\"https:\/\/i0.wp.com\/aiviouvapes.com\/wp-content\/uploads\/2024\/08\/1-21.jpg?resize=1020%2C816&#038;ssl=1\" alt=\"AIVONO AIM PUFF STAR 6500 Puffs 0% 2% 5% 5% nikotin \u00fajrat\u00f6lthet\u0151 T\u00f6meges v\u00e1s\u00e1rl\u00e1s eldobhat\u00f3 Vape nagykereskedelem\" width=\"1020\" height=\"816\" srcset=\"https:\/\/i0.wp.com\/aiviouvapes.com\/wp-content\/uploads\/2024\/08\/1-21.jpg?w=1876&amp;ssl=1 1876w, https:\/\/i0.wp.com\/aiviouvapes.com\/wp-content\/uploads\/2024\/08\/1-21.jpg?resize=300%2C240&amp;ssl=1 300w, https:\/\/i0.wp.com\/aiviouvapes.com\/wp-content\/uploads\/2024\/08\/1-21.jpg?resize=1024%2C819&amp;ssl=1 1024w, https:\/\/i0.wp.com\/aiviouvapes.com\/wp-content\/uploads\/2024\/08\/1-21.jpg?resize=768%2C614&amp;ssl=1 768w, https:\/\/i0.wp.com\/aiviouvapes.com\/wp-content\/uploads\/2024\/08\/1-21.jpg?resize=1536%2C1228&amp;ssl=1 1536w, https:\/\/i0.wp.com\/aiviouvapes.com\/wp-content\/uploads\/2024\/08\/1-21.jpg?resize=15%2C12&amp;ssl=1 15w, https:\/\/i0.wp.com\/aiviouvapes.com\/wp-content\/uploads\/2024\/08\/1-21.jpg?resize=800%2C640&amp;ssl=1 800w\" sizes=\"auto, (max-width: 1020px) 100vw, 1020px\" \/><\/p>","protected":false},"excerpt":{"rendered":"<p>\u2764\ufe0f\ud83d\udca8AIVONO Az AIM PUFF STAR 6500 Puffs ak\u00e1r 6500 puffot, 13ml e-folyad\u00e9k kapacit\u00e1st \u00e9s 400mAh \u00fajrat\u00f6lthet\u0151 akkumul\u00e1tort k\u00edn\u00e1l a hosszan tart\u00f3, probl\u00e9mamentes p\u00e1rologtat\u00e1shoz. T\u00f6bbf\u00e9le nikotin er\u0151ss\u00e9gben kaphat\u00f3, 1,2\u03a9-os h\u00e1l\u00f3s tekercset tartalmaz a sima, \u00edzletes g\u0151z\u00e9rt. T\u00f6k\u00e9letes szem\u00e9lyes haszn\u00e1latra \u00e9s nagykereskedelemre egyar\u00e1nt.<\/p>","protected":false},"featured_media":5290,"comment_status":"open","ping_status":"closed","template":"","meta":[],"product_brand":[],"product_cat":[41,119,120,90,117,76,134,135,133,136,137,146,138,139,140,141,142,143,144,145,132],"product_tag":[],"class_list":{"0":"post-5272","1":"product","2":"type-product","3":"status-publish","4":"has-post-thumbnail","6":"product_cat-aivono-vapes","7":"product_cat-5000-puffs-disposable-vape","8":"product_cat-8000-puffs-disposable-vape","9":"product_cat-big-puffs-vapes","10":"product_cat-different-puffs-of-diposable-vapes","11":"product_cat-disposable-vape-types","12":"product_cat-disposable-vapes-in-austria","13":"product_cat-disposable-vapes-in-belgium","14":"product_cat-disposable-vapes-in-europe","15":"product_cat-disposable-vapes-in-france","16":"product_cat-disposable-vapes-in-germany","17":"product_cat-disposable-vapes-in-hungary","18":"product_cat-disposable-vapes-in-ltaly","19":"product_cat-disposable-vapes-in-netherlands","20":"product_cat-disposable-vapes-in-norway","21":"product_cat-disposable-vapes-in-poland","22":"product_cat-disposable-vapes-in-portugal","23":"product_cat-disposable-vapes-in-spain","24":"product_cat-disposable-vapes-in-sweden","25":"product_cat-disposable-vapes-in-switzerland","26":"product_cat-rechargeable-vapes","28":"first","29":"instock","30":"shipping-taxable","31":"purchasable","32":"product-type-variable","33":"has-default-attributes"},"jetpack_sharing_enabled":true,"tiered_pricing_type":"fixed","tiered_pricing_fixed_rules":{"2000":5.589999999999999857891452847979962825775146484375},"tiered_pricing_product_settings":{"layout":"default","base_unit_name":{"singular":null,"plural":null},"default_variation":null},"tiered_pricing_minimum_quantity":1000,"tiered_pricing_roles_data":[],"tiered_pricing_percentage_rules":[],"tiered_pricing_maximum_quantity":null,"tiered_pricing_quantity_step":"10","_links":{"self":[{"href":"https:\/\/aiviouvapes.com\/hu\/wp-json\/wp\/v2\/product\/5272","targetHints":{"allow":["GET"]}}],"collection":[{"href":"https:\/\/aiviouvapes.com\/hu\/wp-json\/wp\/v2\/product"}],"about":[{"href":"https:\/\/aiviouvapes.com\/hu\/wp-json\/wp\/v2\/types\/product"}],"replies":[{"embeddable":true,"href":"https:\/\/aiviouvapes.com\/hu\/wp-json\/wp\/v2\/comments?post=5272"}],"wp:featuredmedia":[{"embeddable":true,"href":"https:\/\/aiviouvapes.com\/hu\/wp-json\/wp\/v2\/media\/5290"}],"wp:attachment":[{"href":"https:\/\/aiviouvapes.com\/hu\/wp-json\/wp\/v2\/media?parent=5272"}],"wp:term":[{"taxonomy":"product_brand","embeddable":true,"href":"https:\/\/aiviouvapes.com\/hu\/wp-json\/wp\/v2\/product_brand?post=5272"},{"taxonomy":"product_cat","embeddable":true,"href":"https:\/\/aiviouvapes.com\/hu\/wp-json\/wp\/v2\/product_cat?post=5272"},{"taxonomy":"product_tag","embeddable":true,"href":"https:\/\/aiviouvapes.com\/hu\/wp-json\/wp\/v2\/product_tag?post=5272"}],"curies":[{"name":"wp","href":"https:\/\/api.w.org\/{rel}","templated":true}]}}