{"id":47688,"date":"2025-07-30T01:37:08","date_gmt":"2025-07-29T17:37:08","guid":{"rendered":"https:\/\/aiviouvapes.com\/?post_type=product&#038;p=47688"},"modified":"2026-04-02T17:04:22","modified_gmt":"2026-04-02T09:04:22","slug":"waspe-4-in-1-100000-puffs","status":"publish","type":"product","link":"https:\/\/aiviouvapes.com\/hu\/product\/waspe-4-in-1-100000-puffs\/","title":{"rendered":"WASPE 100K | 4 az 1-ben n\u00e9gy \u00edzben, 100000 puff, \u00f6mlesztett eldobhat\u00f3 vape"},"content":{"rendered":"<h3>WASPE 100K 4 az 1-ben 100 000 slukk eldobhat\u00f3 vape \u2013 \u00e1ttekint\u00e9s \u00e9s jellemz\u0151k \ud83c\udf1f<\/h3>\n<p>Tapasztalja meg a p\u00e1rologtat\u00e1s k\u00e9nyelm\u00e9nek \u00e9s v\u00e1ltozatoss\u00e1g\u00e1nak cs\u00facs\u00e1t a forradalmi <strong>WASPE 100K 4 az 1-ben eldobhat\u00f3 vape<\/strong>! Ez az \u00fatt\u00f6r\u0151 eszk\u00f6z \u00fajradefini\u00e1lja az eldobhat\u00f3 vape \u00e9lm\u00e9nyt, mivel elk\u00e9peszt\u0151 <strong>100,000 puff<\/strong> \u00e9s <strong>n\u00e9gy k\u00fcl\u00f6nb\u00f6z\u0151 \u00edz<\/strong> egyetlen, eleg\u00e1ns egys\u00e9gben. Er\u0151s, robusztus <strong>650mAh \u00fajrat\u00f6lthet\u0151 Type-C akkumul\u00e1tor<\/strong> \u00e9s a <strong>n\u00e9gy 1.0ohm h\u00e1l\u00f3s tekercs<\/strong>, az WASPE 100K biztos\u00edtja a k\u00f6vetkezetes, gazdag \u00edzvil\u00e1got minden egyes h\u00faz\u00e1sn\u00e1l. A massz\u00edv <strong>56ml e-folyad\u00e9k kapacit\u00e1s<\/strong> \u00e9s <strong>LED kijelz\u0151<\/strong> p\u00e1ratlan, hosszan tart\u00f3 vaping utaz\u00e1st biztos\u00edtanak, t\u00f6k\u00e9letes a neh\u00e9z felhaszn\u00e1l\u00f3k \u00e9s a v\u00e1ltozatos \u00edzv\u00e1laszt\u00e9kra v\u00e1gy\u00f3k sz\u00e1m\u00e1ra. K\u00e9sz\u00fclj\u00f6n fel egy igaz\u00e1n emelkedett g\u0151z\u00f6l\u00e9si kalandra! \ud83c\udf2c\ufe0f\ud83d\udca8<\/p>\n<h3>WASPE 100K 4 az 1-ben 100000 puff specifik\u00e1ci\u00f3k \ud83d\udccb<\/h3>\n<table>\n<thead>\n<tr>\n<th>Jellemz\u0151<\/th>\n<th>R\u00e9szlet<\/th>\n<\/tr>\n<\/thead>\n<tbody>\n<tr>\n<td>Puff kapacit\u00e1s<\/td>\n<td>100,000 Puff<\/td>\n<\/tr>\n<tr>\n<td>E-folyad\u00e9k kapacit\u00e1s<\/td>\n<td>56mL<\/td>\n<\/tr>\n<tr>\n<td>Akkumul\u00e1tor<\/td>\n<td>650mAh, C-t\u00edpus\u00fa \u00fajrat\u00f6lthet\u0151<\/td>\n<\/tr>\n<tr>\n<td>Tekercs t\u00edpusa<\/td>\n<td>1.0ohm h\u00e1l\u00f3s tekercs x 4<\/td>\n<\/tr>\n<tr>\n<td>Nikotin lehet\u0151s\u00e9gek<\/td>\n<td>2%, 5%<\/td>\n<\/tr>\n<tr>\n<td>Megjelen\u00edt\u00e9s<\/td>\n<td>LED kijelz\u0151<\/td>\n<\/tr>\n<tr>\n<td>Tervez\u00e9s<\/td>\n<td>Eleg\u00e1ns, t\u00f6bb \u00edz\u0171 rendszer<\/td>\n<\/tr>\n<\/tbody>\n<\/table>\n<h3>\u00cdzkombin\u00e1ci\u00f3k \ud83c\udf53\ud83c\udf49\ud83c\udf4a\ud83c\udf47<\/h3>\n<table>\n<thead>\n<tr>\n<th>\u00cdz 1<\/th>\n<th>\u00cdz 2<\/th>\n<th>\u00cdz 3<\/th>\n<th>\u00cdz 4<\/th>\n<\/tr>\n<\/thead>\n<tbody>\n<tr>\n<td>G\u00f6r\u00f6gdinnye j\u00e9g<\/td>\n<td>Eper Kiwi<\/td>\n<td>M\u00e1lna g\u00f6r\u00f6gdinnye<\/td>\n<td>Citrom Lime<\/td>\n<\/tr>\n<tr>\n<td>Eper g\u00f6r\u00f6gdinnye<\/td>\n<td>MR.Blue<\/td>\n<td>Sz\u0151l\u0151 j\u00e9g<\/td>\n<td>Sziv\u00e1rv\u00e1ny cukorka<\/td>\n<\/tr>\n<tr>\n<td>Red Bull J\u00e9g<\/td>\n<td>Ban\u00e1n j\u00e9g<\/td>\n<td>Anan\u00e1szos k\u00f3kuszos j\u00e9g<\/td>\n<td>Tripla mang\u00f3 j\u00e9g<\/td>\n<\/tr>\n<tr>\n<td>Eper m\u00e1lna cseresznye<\/td>\n<td>\u0150r\u00fclt cseresznye j\u00e9g<\/td>\n<td>K\u00e9k cseresznye j\u00e9g<\/td>\n<td>Cola J\u00e9g<\/td>\n<\/tr>\n<tr>\n<td>Eper ban\u00e1n<\/td>\n<td>Epres Red Bull<\/td>\n<td>Eper mang\u00f3<\/td>\n<td>R\u00f3zsasz\u00edn limon\u00e1d\u00e9<\/td>\n<\/tr>\n<tr>\n<td>\u00c1fonya j\u00e9g<\/td>\n<td>Fekete lovag<\/td>\n<td>Eper j\u00e9g<\/td>\n<td>Eper g\u00f6r\u00f6gdinnye<\/td>\n<\/tr>\n<tr>\n<td>Cseresznye k\u00f3la j\u00e9g<\/td>\n<td>Eper cseresznye j\u00e9g<\/td>\n<td>Eper k\u00f3la j\u00e9g<\/td>\n<td>Eper g\u00f6r\u00f6gdinnye r\u00e1g\u00f3gumi<\/td>\n<\/tr>\n<tr>\n<td>L\u00e9d\u00fas barack j\u00e9g<\/td>\n<td>Tr\u00f3pusi gy\u00fcm\u00f6lcs\u00f6k<\/td>\n<td>Gy\u00fcm\u00f6lcs robban\u00e1s<\/td>\n<td>Barack bogy\u00f3<\/td>\n<\/tr>\n<tr>\n<td>Sz\u0151l\u0151 j\u00e9g<\/td>\n<td>Eper Kiwi<\/td>\n<td>Eper m\u00e1lna cseresznye<\/td>\n<td>Fekete lovag<\/td>\n<\/tr>\n<tr>\n<td>Vegyes bogy\u00f3s gy\u00fcm\u00f6lcs\u00f6k<\/td>\n<td>Dupla alma j\u00e9g<\/td>\n<td>\u00c1fonya m\u00e1lna<\/td>\n<td>\u00c1fonya m\u00e9z<\/td>\n<\/tr>\n<tr>\n<td>Epres Red Bull<\/td>\n<td>Eper g\u00f6r\u00f6gdinnye r\u00e1g\u00f3gumi<\/td>\n<td>Red Bull J\u00e9g<\/td>\n<td>Cseresznye k\u00f3la j\u00e9g<\/td>\n<\/tr>\n<tr>\n<td>\u00c1fonya m\u00e1lna<\/td>\n<td>\u00c1fonya limon\u00e1d\u00e9<\/td>\n<td>Vegyes bogy\u00f3s gy\u00fcm\u00f6lcs\u00f6k<\/td>\n<td>Sz\u0151l\u0151 m\u00e9zes j\u00e9g<\/td>\n<\/tr>\n<\/tbody>\n<\/table>\n<h3>Mi\u00e9rt v\u00e1lassza az WASPE 100K 4-in-1-et? \ud83e\udd14<\/h3>\n<ul>\n<li><em>P\u00e1ratlan Puff sz\u00e1m<\/em>: Egyetlen k\u00e9sz\u00fcl\u00e9kb\u0151l elk\u00e9peszt\u0151 100 000 slukkot kap, ami kiv\u00e9teles \u00e9rt\u00e9ket \u00e9s k\u00e9nyelmet biztos\u00edt. Mondjon b\u00facs\u00fat a gyakori cser\u00e9knek! \ud83e\udd73<\/li>\n<li><em>N\u00e9gyes \u00edzrendszer<\/em>: Z\u00f6kken\u0151mentesen v\u00e1lthat a n\u00e9gy k\u00fcl\u00f6nb\u00f6z\u0151 \u00e9s \u00edzletes \u00edz k\u00f6z\u00f6tt, \u00edgy \u00edzlel\u0151bimb\u00f3i folyamatosan elfoglalva \u00e9s kiel\u00e9g\u00edtve maradnak. Soha t\u00f6bb\u00e9 ne unatkozzon a vape-j\u00e1val! \ud83c\udf08<\/li>\n<li><em>Optimaliz\u00e1lt \u00edzkiszolg\u00e1l\u00e1s<\/em>: N\u00e9gy 1,0ohm-os h\u00e1l\u00f3s tekerccsel felszerelve, amely minden egyes h\u00faz\u00e1sn\u00e1l egyenletes, gazdag \u00e9s intenz\u00edv \u00edzt biztos\u00edt. Tiszta \u00edz, minden alkalommal! \ud83d\ude80<\/li>\n<li><em>Hossz\u00fa \u00e9lettartam\u00fa \u00e9s \u00fajrat\u00f6lthet\u0151<\/em>: A robusztus 650mAh C-t\u00edpus\u00fa \u00fajrat\u00f6lthet\u0151 akkumul\u00e1tor kevesebb \u00e1ll\u00e1sid\u0151t \u00e9s t\u00f6bb g\u0151z\u00f6l\u00e9si \u00e9lm\u00e9nyt jelent. Gyorsan felt\u00f6lt\u0151dhet \u00e9s folytathatja! \ud83d\udd0b<\/li>\n<li><em>Massz\u00edv E-folyad\u00e9k kapacit\u00e1s<\/em>: A nagyvonal\u00fa 56 ml-es e-folyad\u00e9k tart\u00e1ly jelent\u0151sen meghosszabb\u00edtja a k\u00e9sz\u00fcl\u00e9k \u00e9lettartam\u00e1t. \u00c9lvezze a hosszabb vaping session\u00f6ket aggodalmak n\u00e9lk\u00fcl! \ud83d\udca7<\/li>\n<li><em>Felhaszn\u00e1l\u00f3bar\u00e1t LED kijelz\u0151<\/em>: Az intuit\u00edv LED-k\u00e9perny\u0151 seg\u00edts\u00e9g\u00e9vel k\u00f6nnyen nyomon k\u00f6vetheti a puffok sz\u00e1m\u00e1t, az akkumul\u00e1tor \u00e9lettartam\u00e1t \u00e9s az aktu\u00e1lis \u00edzeket. Maradjon t\u00e1j\u00e9kozott egy pillant\u00e1ssal! \ud83d\udca1<\/li>\n<li><em>Ide\u00e1lis minden doh\u00e1nyos sz\u00e1m\u00e1ra<\/em>: T\u00f6k\u00e9letes mind az alkalmi felhaszn\u00e1l\u00f3k, mind a neh\u00e9z vaperek sz\u00e1m\u00e1ra, kiterjesztett \u00e9s v\u00e1ltozatos \u00e9lm\u00e9nyt ny\u00fajtva. Egy igaz\u00e1n sokoldal\u00fa k\u00e9sz\u00fcl\u00e9k! \u2728<\/li>\n<\/ul>\n<p><!-- Concluding Paragraph --><\/p>\n<p>Az WASPE 100K 4 az 1-ben nem csak egy eldobhat\u00f3 vape; ez egy hossz\u00fa t\u00e1v\u00fa vaping megold\u00e1s, amelyet a v\u00e9gs\u0151 el\u00e9gedetts\u00e9gre terveztek. P\u00e1ratlan puffsz\u00e1m\u00e1nak, n\u00e9gy \u00edzes\u00edt\u0151 rendszer\u00e9nek \u00e9s robusztus funkci\u00f3inak k\u00f6sz\u00f6nhet\u0151en a neh\u00e9z felhaszn\u00e1l\u00f3k \u00e9s az \u00edzek hajszol\u00f3i sz\u00e1m\u00e1ra egyar\u00e1nt n\u00e9lk\u00fcl\u00f6zhetetlen kieg\u00e9sz\u00edt\u0151. A vape shopok \u00e9s a nagykereskedelmi forgalmaz\u00f3k sz\u00e1m\u00e1ra ez a k\u00e9sz\u00fcl\u00e9k rendk\u00edv\u00fcl vonz\u00f3 term\u00e9ket jelent, amely innov\u00e1ci\u00f3j\u00e1nak, hossz\u00fa \u00e9lettartam\u00e1nak \u00e9s v\u00e1ltozatos \u00edzk\u00edn\u00e1lat\u00e1nak k\u00f6sz\u00f6nhet\u0151en jelent\u0151s piaci vonzer\u0151vel b\u00edr. K\u00e9szletezzen, \u00e9s el\u00e9g\u00edtse ki \u00fcgyfelei ig\u00e9nyeit az eldobhat\u00f3 vaping legjobbjai ir\u00e1nt! \ud83d\uded2<\/p>\n<h3>Gyakran ism\u00e9telt k\u00e9rd\u00e9sek (GYIK) \u2753<\/h3>\n<p><strong>K: Mekkora az WASPE 100K 4 az 1-ben-1 puff-kapacit\u00e1sa?<\/strong><\/p>\n<p>V: Az WASPE 100K 4 az 1-ben leny\u0171g\u00f6z\u0151 100.000 puffot k\u00edn\u00e1l, ami az egyik leghosszabb \u00e9lettartam\u00fa eldobhat\u00f3 p\u00e1rologtat\u00f3v\u00e1 teszi a piacon.<\/p>\n<p><strong>K: H\u00e1nyf\u00e9le \u00edzt k\u00edn\u00e1l ez a k\u00e9sz\u00fcl\u00e9k?<\/strong><\/p>\n<p>V: Ez az innovat\u00edv eszk\u00f6z n\u00e9gy k\u00fcl\u00f6nb\u00f6z\u0151 \u00edzzel rendelkezik egyetlen egys\u00e9gben, lehet\u0151v\u00e9 t\u00e9ve, hogy v\u00e1ltogasson k\u00f6z\u00f6tt\u00fck a v\u00e1ltozatos g\u0151z\u00f6l\u00e9si \u00e9lm\u00e9nyek \u00e9rdek\u00e9ben.<\/p>\n<p><strong>K: Az WASPE 100K 4 az 1-ben \u00fajrat\u00f6lthet\u0151?<\/strong><\/p>\n<p>V: Igen, 650mAh kapacit\u00e1s\u00fa akkumul\u00e1torral rendelkezik, amely a Type-C porton kereszt\u00fcl t\u00f6lthet\u0151.<\/p>\n<p><strong>K: Milyen nikotin er\u0151ss\u00e9g\u0171 term\u00e9kek \u00e1llnak rendelkez\u00e9sre?<\/strong><\/p>\n<p>V: Az WASPE 100K 4 az 1-ben 2% \u00e9s 5% nikotin er\u0151ss\u00e9gben kaphat\u00f3.<\/p>\n<p><strong>K: Van kijelz\u0151je?<\/strong><\/p>\n<p>V: Igen, LED kijelz\u0151vel rendelkezik, amely olyan fontos inform\u00e1ci\u00f3kat mutat, mint a puffok sz\u00e1ma \u00e9s az akkumul\u00e1tor \u00e9lettartama.<\/p>\n<p><strong>K: Milyen tekercseket haszn\u00e1l?<\/strong><\/p>\n<p>V: N\u00e9gy 1,0ohm-os h\u00e1l\u00f3s tekercset haszn\u00e1l az optim\u00e1lis \u00edz \u00e9s g\u0151ztermel\u00e9s \u00e9rdek\u00e9ben.<\/p>\n<p><strong>K: Alkalmas ez a term\u00e9k nagykereskedelmi \u00e9rt\u00e9kes\u00edt\u00e9sre?<\/strong><\/p>\n<p>A: Term\u00e9szetesen! Magas puffsz\u00e1m\u00e1val, t\u00f6bbf\u00e9le \u00edz\u00e9vel \u00e9s \u00fajrat\u00f6lthet\u0151 kialak\u00edt\u00e1s\u00e1val az WASPE 100K 4 az 1-ben kiv\u00e1l\u00f3 term\u00e9k a vape shopok \u00e9s a nagykereskedelmi forgalmaz\u00f3k sz\u00e1m\u00e1ra, akik pr\u00e9mium, hossz\u00fa \u00e9lettartam\u00fa lehet\u0151s\u00e9geket szeretn\u00e9nek k\u00edn\u00e1lni \u00fcgyfeleiknek.<\/p>\n<p><img data-recalc-dims=\"1\" loading=\"lazy\" decoding=\"async\" class=\"alignnone wp-image-48615 size-full\" src=\"https:\/\/i0.wp.com\/aiviouvapes.com\/wp-content\/uploads\/2025\/07\/%E5%9C%BA%E6%99%AF030000.jpg?resize=1020%2C1224&#038;ssl=1\" alt=\",\" width=\"1020\" height=\"1224\" title=\"\" srcset=\"https:\/\/i0.wp.com\/aiviouvapes.com\/wp-content\/uploads\/2025\/07\/%E5%9C%BA%E6%99%AF030000.jpg?w=1250&amp;ssl=1 1250w, https:\/\/i0.wp.com\/aiviouvapes.com\/wp-content\/uploads\/2025\/07\/%E5%9C%BA%E6%99%AF030000.jpg?resize=250%2C300&amp;ssl=1 250w, https:\/\/i0.wp.com\/aiviouvapes.com\/wp-content\/uploads\/2025\/07\/%E5%9C%BA%E6%99%AF030000.jpg?resize=853%2C1024&amp;ssl=1 853w, https:\/\/i0.wp.com\/aiviouvapes.com\/wp-content\/uploads\/2025\/07\/%E5%9C%BA%E6%99%AF030000.jpg?resize=768%2C922&amp;ssl=1 768w, https:\/\/i0.wp.com\/aiviouvapes.com\/wp-content\/uploads\/2025\/07\/%E5%9C%BA%E6%99%AF030000.jpg?resize=10%2C12&amp;ssl=1 10w, https:\/\/i0.wp.com\/aiviouvapes.com\/wp-content\/uploads\/2025\/07\/%E5%9C%BA%E6%99%AF030000.jpg?resize=800%2C960&amp;ssl=1 800w\" sizes=\"auto, (max-width: 1020px) 100vw, 1020px\" \/><\/p>","protected":false},"excerpt":{"rendered":"<p>\ud83d\ude80 Tapasztalja meg a 100\u00a0000 slukk \u00e9lm\u00e9ny\u00e9t a WASPE\u00a0100K\u00a04\u00a0az\u00a01\u2011ben eldobhat\u00f3 vape\u00a0haszn\u00e1lat\u00e1val. \u00c9lvezze a n\u00e9gy k\u00fcl\u00f6nb\u00f6z\u0151 \u00edt, a 650\u00a0mAh\u2011s \u00fajrat\u00f6lthet\u0151 akkumul\u00e1tort \u00e9s az 56\u00a0mL e\u2011folyad\u00e9kot. T\u00f6k\u00e9letes a hosszantart\u00f3 haszn\u00e1lathoz \u00e9s nagy t\u00e9tel\u0171 rendel\u00e9sekhez, p\u00e1ratlan v\u00e1ltozatoss\u00e1got \u00e9s hossz\u00fa \u00e9lettartamot k\u00edn\u00e1l. \u2728<\/p>\n<h3>\ud83d\udc49Ez a term\u00e9k rakt\u00e1ron van az EU rakt\u00e1runkban!<\/h3>\n<h4>\ud83c\udf89Ker\u00fcld el a v\u00e1rakoz\u00e1st:\u00a0<strong>5-7 napos kisz\u00e1ll\u00edt\u00e1s az eur\u00f3pai sz\u00e9khely\u0171<\/strong> rakt\u00e1r (az alap\u00e9rtelmezett <strong>2% nikotiner\u0151ss\u00e9g<\/strong> verzi\u00f3).<\/h4>\n<p><span style=\"font-size: 75%;\"><em>\ud83d\udd39 A legt\u00f6bb megrendel\u00e9st eur\u00f3pai rakt\u00e1runkb\u00f3l sz\u00e1ll\u00edtjuk, ha rendelkez\u00e9sre \u00e1ll. Alkalmank\u00e9nt, ha nincs rakt\u00e1ron, akkor helyette K\u00edn\u00e1b\u00f3l sz\u00e1ll\u00edtunk.<\/em><\/span><\/p>","protected":false},"featured_media":53844,"comment_status":"open","ping_status":"closed","template":"","meta":[],"product_brand":[227],"product_cat":[19,336,320,280,505],"product_tag":[306,308,303,305,304,302],"class_list":{"0":"post-47688","1":"product","2":"type-product","3":"status-publish","4":"has-post-thumbnail","6":"product_brand-waspe","7":"product_cat-waspe","8":"product_cat-100k-puffs-disposable-vape","9":"product_cat-best-disposable-vapes","10":"product_cat-cheap-rechargeable-disposable-vapes","11":"product_cat-in-stock-at-eu-warehouse","12":"product_tag-best-disposable-vapes","13":"product_tag-disposable-vape-in-europe","14":"product_tag-screen-vape","15":"product_tag-vape-suppliers","16":"product_tag-wholesale-vapes","17":"product_tag-wholesale-vapor","19":"first","20":"instock","21":"shipping-taxable","22":"purchasable","23":"product-type-variable","24":"has-default-attributes"},"jetpack_sharing_enabled":true,"tiered_pricing_type":"fixed","tiered_pricing_fixed_rules":{"30":10.1099999999999994315658113919198513031005859375,"50":8.300000000000000710542735760100185871124267578125,"100":8.03999999999999914734871708787977695465087890625,"200":7.38999999999999968025576890795491635799407958984375,"400":6.87000000000000010658141036401502788066864013671875},"tiered_pricing_product_settings":{"layout":"default","base_unit_name":{"singular":null,"plural":null},"default_variation":null},"tiered_pricing_minimum_quantity":10,"tiered_pricing_roles_data":[],"tiered_pricing_percentage_rules":[],"tiered_pricing_maximum_quantity":null,"tiered_pricing_quantity_step":"10","_links":{"self":[{"href":"https:\/\/aiviouvapes.com\/hu\/wp-json\/wp\/v2\/product\/47688","targetHints":{"allow":["GET"]}}],"collection":[{"href":"https:\/\/aiviouvapes.com\/hu\/wp-json\/wp\/v2\/product"}],"about":[{"href":"https:\/\/aiviouvapes.com\/hu\/wp-json\/wp\/v2\/types\/product"}],"replies":[{"embeddable":true,"href":"https:\/\/aiviouvapes.com\/hu\/wp-json\/wp\/v2\/comments?post=47688"}],"wp:featuredmedia":[{"embeddable":true,"href":"https:\/\/aiviouvapes.com\/hu\/wp-json\/wp\/v2\/media\/53844"}],"wp:attachment":[{"href":"https:\/\/aiviouvapes.com\/hu\/wp-json\/wp\/v2\/media?parent=47688"}],"wp:term":[{"taxonomy":"product_brand","embeddable":true,"href":"https:\/\/aiviouvapes.com\/hu\/wp-json\/wp\/v2\/product_brand?post=47688"},{"taxonomy":"product_cat","embeddable":true,"href":"https:\/\/aiviouvapes.com\/hu\/wp-json\/wp\/v2\/product_cat?post=47688"},{"taxonomy":"product_tag","embeddable":true,"href":"https:\/\/aiviouvapes.com\/hu\/wp-json\/wp\/v2\/product_tag?post=47688"}],"curies":[{"name":"wp","href":"https:\/\/api.w.org\/{rel}","templated":true}]}}