{"id":46957,"date":"2025-07-29T21:47:25","date_gmt":"2025-07-29T13:47:25","guid":{"rendered":"https:\/\/aiviouvapes.com\/?post_type=product&#038;p=46957"},"modified":"2026-03-27T09:19:18","modified_gmt":"2026-03-27T01:19:18","slug":"bang-de-80000","status":"publish","type":"product","link":"https:\/\/aiviouvapes.com\/hu\/product\/bang-de-80000\/","title":{"rendered":"Bang DE 80000 | 3 az 1-ben 80K puffs tripla \u00edz\u0171 \u00f6mlesztett eldobhat\u00f3 vape nagykeresked\u00e9s"},"content":{"rendered":"<h2>\u2b50 Mi\u00e9rt v\u00e1lassza az Bang DE 80000-t? \u2b50<\/h2>\n<ul>\n<li><strong>\ud83e\udd2f P\u00e9ld\u00e1tlan puffsz\u00e1m:<\/strong> A hatalmas, 80 000 puff kapacit\u00e1ssal ez a k\u00e9sz\u00fcl\u00e9k a kitart\u00e1sra \u00e9p\u00fclt, kiv\u00e9teles \u00e9rt\u00e9ket \u00e9s hossz\u00fa \u00e9lettartamot k\u00edn\u00e1l.<\/li>\n<li><strong>\ud83d\udd04 Forradalmi 3 az 1-ben \u00edzrendszer:<\/strong> Soha ne unatkozz! Azonnal v\u00e1ltson h\u00e1rom k\u00fcl\u00f6nb\u00f6z\u0151 \u00edz k\u00f6z\u00f6tt, amelyek egyetlen eleg\u00e1ns eszk\u00f6zben vannak elhelyezve, hogy igaz\u00e1n testreszabhat\u00f3 \u00e9lm\u00e9nyt ny\u00fajtson.<\/li>\n<li><strong>\ud83d\udd0b Speci\u00e1lis LCD kijelz\u0151:<\/strong> Maradjon t\u00e1j\u00e9kozott a vil\u00e1gos, intuit\u00edv k\u00e9perny\u0151 seg\u00edts\u00e9g\u00e9vel, amely egy pillant\u00e1ssal mutatja a h\u00e1rom pod marad\u00e9k e-folyad\u00e9k szintj\u00e9t \u00e9s az akkumul\u00e1tor \u00e9lettartam\u00e1t.<\/li>\n<li><strong>\ud83d\udca8 Superior Triple Mesh tekercsek:<\/strong> Minden egyes aromakapszul\u00e1hoz saj\u00e1t 1,0\u03a9-os h\u00e1l\u00f3s tekercs p\u00e1rosul, amely tiszta, intenz\u00edv \u00e9s egyenletes \u00edzt biztos\u00edt az els\u0151 slukkol\u00e1st\u00f3l az utols\u00f3ig.<\/li>\n<li><strong>\ud83d\udcc8 T\u00f6k\u00e9letes \u00fczleti c\u00e9lokra:<\/strong> Az Bang DE 80000 k\u00e9nyelmes, 10 darabos display dobozokba csomagolva \u00e9s p\u00e1ratlan tulajdons\u00e1gokkal rendelkezik, az Bang DE 80000 egy magas \u00e1rr\u00e9s\u0171, gyorsan mozg\u00f3 term\u00e9k a vape shopok \u00e9s a forgalmaz\u00f3k sz\u00e1m\u00e1ra.<\/li>\n<li><strong>\u26a1 Gyors \u00e9s k\u00e9nyelmes t\u00f6lt\u00e9s:<\/strong> A 650mAh-s akkumul\u00e1tor modern Type-C t\u00f6lt\u0151porttal van felszerelve a gyors \u00e9s megb\u00edzhat\u00f3 felt\u00f6lt\u00e9s \u00e9rdek\u00e9ben.<\/li>\n<\/ul>\n<h3>\ud83d\ude80 H\u00e1romszoros \u00edz, h\u00e1romszoros sz\u00f3rakoz\u00e1s! \ud83d\ude80<\/h3>\n<p>K\u00e9sz\u00fclj\u00f6n fel a p\u00e1rologtat\u00e1si \u00e9lm\u00e9ny forradalmas\u00edt\u00e1s\u00e1ra az Bang DE 80000 k\u00e9sz\u00fcl\u00e9kkel! Ez nem csak egy \u00fajabb eldobhat\u00f3 vape; ez az \u00edzek \u00e9s a technol\u00f3gia er\u0151m\u0171ve, amelyet a v\u00e9gs\u0151 rajong\u00f3knak terveztek. A hihetetlen 80 000 puff kapacit\u00e1ssal \u00e9s egy \u00fatt\u00f6r\u0151 3 az 1-ben \u00e1ll\u00edthat\u00f3 \u00edzrendszerrel az Bang DE 80000 teljes ir\u00e1ny\u00edt\u00e1st biztos\u00edt. V\u00e1ltson z\u00f6kken\u0151mentesen a h\u00e1rom el\u0151re felt\u00f6lt\u00f6tt \u00edzkapszula k\u00f6z\u00f6tt, \u00e9s figyelje az e-folyad\u00e9kot \u00e9s az akkumul\u00e1tor \u00e9lettartam\u00e1t a krist\u00e1lytiszta LCD-k\u00e9perny\u0151n. K\u00e9sz\u00fclj\u00f6n fel egy epikus \u00edzvil\u00e1g\u00fa utaz\u00e1sra, amely hosszan tart \u00e9s tart! \ud83d\udca8\u2728<\/p>\n<h3>\u2699\ufe0f M\u0171szaki adatok \u2699\ufe0f<\/h3>\n<table>\n<tbody>\n<tr>\n<td><strong>Puffok<\/strong><\/td>\n<td>Ak\u00e1r 80,000<\/td>\n<\/tr>\n<tr>\n<td><strong>Teljes E-folyad\u00e9k<\/strong><\/td>\n<td>60ml (20ml \u00d7 3)<\/td>\n<\/tr>\n<tr>\n<td><strong>Nikotin er\u0151ss\u00e9ge<\/strong><\/td>\n<td>2% \/ 3% \/ 5%<\/td>\n<\/tr>\n<tr>\n<td><strong>\u00cdzes\u00edt\u0151 rendszer<\/strong><\/td>\n<td>3 \u00e1ll\u00edthat\u00f3 \u00edz<\/td>\n<\/tr>\n<tr>\n<td><strong>Tekercs rendszer<\/strong><\/td>\n<td>H\u00e1romszoros h\u00e1l\u00f3s tekercs (1.0\u03a9 \u00d7 3)<\/td>\n<\/tr>\n<tr>\n<td><strong>Akkumul\u00e1tor<\/strong><\/td>\n<td>650mAh \u00fajrat\u00f6lthet\u0151<\/td>\n<\/tr>\n<tr>\n<td><strong>T\u00f6lt\u0151port<\/strong><\/td>\n<td>C-t\u00edpus\u00fa<\/td>\n<\/tr>\n<tr>\n<td><strong>Megjelen\u00edt\u00e9s<\/strong><\/td>\n<td>LCD k\u00e9perny\u0151 (akkumul\u00e1tor \u00e9s E-folyad\u00e9k kijelz\u0151)<\/td>\n<\/tr>\n<tr>\n<td><strong>Csomagol\u00e1s<\/strong><\/td>\n<td>10 k\u00e9sz\u00fcl\u00e9k kijelz\u0151dobozonk\u00e9nt<\/td>\n<\/tr>\n<\/tbody>\n<\/table>\n<h3>\ud83c\udf53 Fedezd fel a h\u00e1rmas \u00edzkombin\u00e1ci\u00f3kat \ud83e\udd5d<\/h3>\n<p>Minden Bang DE 80000 k\u00e9sz\u00fcl\u00e9k h\u00e1rom hihetetlen \u00edzzel van el\u0151re felt\u00f6ltve, amelyek k\u00f6z\u00f6tt b\u00e1rmikor v\u00e1lthat. Tal\u00e1lja meg a t\u00f6k\u00e9letes h\u00e1rmas\u00e1t 12 mesterien kidolgozott kombin\u00e1ci\u00f3nk k\u00f6z\u00fcl!<\/p>\n<table>\n<thead>\n<tr>\n<th>\u00cdz 1<\/th>\n<th>\u00cdz 2<\/th>\n<th>\u00cdz 3<\/th>\n<\/tr>\n<\/thead>\n<tbody>\n<tr>\n<td>G\u00f6r\u00f6gdinnye j\u00e9g<\/td>\n<td>Red Bull<\/td>\n<td>Eper Kiwi<\/td>\n<\/tr>\n<tr>\n<td>\u00c1fonya j\u00e9g<\/td>\n<td>Eper g\u00f6r\u00f6gdinnye<\/td>\n<td>Citrom Lime<\/td>\n<\/tr>\n<tr>\n<td>\u00c1fonya g\u00f6r\u00f6gdinnye<\/td>\n<td>Kiwi Maracuja Guava<\/td>\n<td>G\u00f6r\u00f6gdinnye r\u00e1g\u00f3gumi<\/td>\n<\/tr>\n<tr>\n<td>Fekete s\u00e1rk\u00e1ny j\u00e9g<\/td>\n<td>Savany\u00fa mang\u00f3 anan\u00e1sz<\/td>\n<td>Red Bull<\/td>\n<\/tr>\n<tr>\n<td>Eper g\u00f6r\u00f6gdinnye<\/td>\n<td>Vegyes bogy\u00f3s gy\u00fcm\u00f6lcs<\/td>\n<td>Citrom barack<\/td>\n<\/tr>\n<tr>\n<td>Blueberry Razz<\/td>\n<td>Eper ban\u00e1n<\/td>\n<td>Anan\u00e1sz k\u00f3kusz<\/td>\n<\/tr>\n<tr>\n<td>\u00c1fonya j\u00e9g<\/td>\n<td>Tripla dinnye<\/td>\n<td>Alma sz\u0151l\u0151<\/td>\n<\/tr>\n<tr>\n<td>G\u00f6r\u00f6gdinnye s\u00e1rk\u00e1nygy\u00fcm\u00f6lcs<\/td>\n<td>Mango barack<\/td>\n<td>Eper Kiwi<\/td>\n<\/tr>\n<tr>\n<td>\u00c1fonya m\u00e1lna<\/td>\n<td>Epres van\u00edli\u00e1s k\u00f3la<\/td>\n<td>Vegyes bogy\u00f3s gy\u00fcm\u00f6lcs<\/td>\n<\/tr>\n<tr>\n<td>G\u00f6r\u00f6gdinnye j\u00e9g<\/td>\n<td>Eper fagylalt<\/td>\n<td>Kiwi Maracuja Guava<\/td>\n<\/tr>\n<tr>\n<td>Blueberry Razz<\/td>\n<td>Fekete s\u00e1rk\u00e1ny j\u00e9g<\/td>\n<td>Fizzy Cherry Ice<\/td>\n<\/tr>\n<tr>\n<td>Cseresznye k\u00f3la j\u00e9g<\/td>\n<td>\u00c1fonya g\u00f6r\u00f6gdinnye<\/td>\n<td>Eper mang\u00f3<\/td>\n<\/tr>\n<\/tbody>\n<\/table>\n<h3>\ud83d\udcbc Ide\u00e1lis neh\u00e9z felhaszn\u00e1l\u00f3k \u00e9s nagykeresked\u0151k sz\u00e1m\u00e1ra \ud83d\udcbc<\/h3>\n<p>Az Bang DE 80000 \u00fagy lett megtervezve, hogy megfeleljen a legig\u00e9nyesebb vaperek \u00e9s a legravaszabb \u00fczletemberek ig\u00e9nyeinek. Mag\u00e1nszem\u00e9lyek sz\u00e1m\u00e1ra ez a t\u00f6k\u00e9letes all-in-one k\u00e9sz\u00fcl\u00e9k, amely kik\u00fcsz\u00f6b\u00f6li a t\u00f6bb p\u00e1rologtat\u00f3 hordoz\u00e1s\u00e1nak sz\u00fcks\u00e9gess\u00e9g\u00e9t. A kiskeresked\u0151k \u00e9s nagykeresked\u0151k sz\u00e1m\u00e1ra ez egy pr\u00e9mium kateg\u00f3ri\u00e1s, nagy kereslet\u0171 term\u00e9k, amely kiv\u00e1l\u00f3 vev\u0151i el\u00e9gedetts\u00e9get \u00e9s ism\u00e9tl\u0151d\u0151 \u00fczletet \u00edg\u00e9r. T\u00f6ltse fel polcait az eldobhat\u00f3 p\u00e1rologtat\u00f3k j\u00f6v\u0151j\u00e9vel, \u00e9s adja meg v\u00e1s\u00e1rl\u00f3inak a v\u00e1laszt\u00e1s \u00e9s a teljes\u00edtm\u00e9ny erej\u00e9t. Rendelje meg az Bang DE 80000 nagy t\u00e9telben m\u00e9g ma!<\/p>\n<h3>\u2753 Gyakran ism\u00e9telt k\u00e9rd\u00e9sek\u2753<\/h3>\n<p><strong>K: Hogyan m\u0171k\u00f6dik a 3 az 1-ben \u00e1ll\u00edthat\u00f3 \u00edzrendszer?<\/strong><\/p>\n<p>V: Az Bang DE 80000 egyszer\u0171 kapcsol\u00f3mechanizmussal rendelkezik, amely lehet\u0151v\u00e9 teszi a h\u00e1rom el\u0151re t\u00f6lt\u00f6tt 20 ml-es e-liquid pod k\u00f6z\u00f6tti v\u00e1lt\u00e1st. Mindegyik pod saj\u00e1t, dedik\u00e1lt h\u00e1l\u00f3s tekerccsel rendelkezik, \u00edgy a v\u00e1lt\u00e1skor minden alkalommal friss, hamis\u00edtatlan \u00edzt kap.<\/p>\n<p><strong>K: Mit mutat az LCD-k\u00e9perny\u0151?<\/strong><\/p>\n<p>V: Az intelligens LCD-k\u00e9perny\u0151 val\u00f3s idej\u0171 inform\u00e1ci\u00f3kat ny\u00fajt az akkumul\u00e1tor sz\u00e1zal\u00e9kos ar\u00e1ny\u00e1r\u00f3l \u00e9s a h\u00e1rom \u00edzes\u00edt\u0151 kapszula egy\u00e9ni e-folyad\u00e9k szintj\u00e9r\u0151l, \u00edgy mindig tiszt\u00e1ban van az \u00e1llapot\u00e1val.<\/p>\n<p><strong>K: Az Bang DE 80000 alkalmas kezd\u0151knek?<\/strong><\/p>\n<p>V: M\u00edg a fejlett funkci\u00f3k \u00e9s a magas puffsz\u00e1m t\u00f6k\u00e9letes a tapasztalt p\u00e1rol\u00f3k sz\u00e1m\u00e1ra, a felhaszn\u00e1l\u00f3bar\u00e1t kialak\u00edt\u00e1s (h\u00faz\u00e1ssal aktiv\u00e1lhat\u00f3, egyszer\u0171 \u00edzv\u00e1lt\u00e1ssal) el\u00e9rhet\u0151v\u00e9 teszi a kezd\u0151k sz\u00e1m\u00e1ra, akik hossz\u00fa t\u00e1v\u00fa, kiv\u00e1l\u00f3 min\u0151s\u00e9g\u0171 \u00e9lm\u00e9nyt keresnek.<\/p>\n<p><strong>K: Mennyi ideig tart az akkumul\u00e1tor t\u00f6lt\u00e9se?<\/strong><\/p>\n<p>V: A C t\u00edpus\u00fa t\u00f6lt\u0151portnak k\u00f6sz\u00f6nhet\u0151en a 650 mAh-s akkumul\u00e1tor gyorsan, jellemz\u0151en 45-60 perc alatt felt\u00f6lt\u0151dik, \u00edgy minim\u00e1lisra cs\u00f6kkentve az \u00e1ll\u00e1sid\u0151t.<\/p>","protected":false},"excerpt":{"rendered":"<p>Tapasztald meg a p\u00e1rolg\u00e1s j\u00f6v\u0151j\u00e9t az Bang DE 80000-zal, egy forradalmi 3 az 1-ben eldobhat\u00f3 vape-vel, amely 80 000 puffot \u00e9s \u00e1ll\u00edthat\u00f3 h\u00e1rmas \u00edzeket k\u00edn\u00e1l. T\u00f6k\u00e9letes az innov\u00e1ci\u00f3t \u00e9s a hossz\u00fa \u00e9lettartamot keres\u0151 nagy- \u00e9s t\u00f6megv\u00e1s\u00e1rl\u00f3k sz\u00e1m\u00e1ra.<\/p>","protected":false},"featured_media":46967,"comment_status":"open","ping_status":"closed","template":"","meta":[],"product_brand":[239],"product_cat":[37,280,137,146,138,141,143],"product_tag":[306,308,303,305,304,302],"class_list":{"0":"post-46957","1":"product","2":"type-product","3":"status-publish","4":"has-post-thumbnail","6":"product_brand-bang","7":"product_cat-bang","8":"product_cat-cheap-rechargeable-disposable-vapes","9":"product_cat-disposable-vapes-in-germany","10":"product_cat-disposable-vapes-in-hungary","11":"product_cat-disposable-vapes-in-ltaly","12":"product_cat-disposable-vapes-in-poland","13":"product_cat-disposable-vapes-in-spain","14":"product_tag-best-disposable-vapes","15":"product_tag-disposable-vape-in-europe","16":"product_tag-screen-vape","17":"product_tag-vape-suppliers","18":"product_tag-wholesale-vapes","19":"product_tag-wholesale-vapor","21":"first","22":"instock","23":"shipping-taxable","24":"purchasable","25":"product-type-variable","26":"has-default-attributes"},"jetpack_sharing_enabled":true,"tiered_pricing_type":"fixed","tiered_pricing_fixed_rules":{"2000":5.4900000000000002131628207280300557613372802734375},"tiered_pricing_product_settings":{"layout":"default","base_unit_name":{"singular":null,"plural":null},"default_variation":null},"tiered_pricing_minimum_quantity":1000,"tiered_pricing_roles_data":[],"tiered_pricing_percentage_rules":[],"tiered_pricing_maximum_quantity":null,"tiered_pricing_quantity_step":"10","_links":{"self":[{"href":"https:\/\/aiviouvapes.com\/hu\/wp-json\/wp\/v2\/product\/46957","targetHints":{"allow":["GET"]}}],"collection":[{"href":"https:\/\/aiviouvapes.com\/hu\/wp-json\/wp\/v2\/product"}],"about":[{"href":"https:\/\/aiviouvapes.com\/hu\/wp-json\/wp\/v2\/types\/product"}],"replies":[{"embeddable":true,"href":"https:\/\/aiviouvapes.com\/hu\/wp-json\/wp\/v2\/comments?post=46957"}],"wp:featuredmedia":[{"embeddable":true,"href":"https:\/\/aiviouvapes.com\/hu\/wp-json\/wp\/v2\/media\/46967"}],"wp:attachment":[{"href":"https:\/\/aiviouvapes.com\/hu\/wp-json\/wp\/v2\/media?parent=46957"}],"wp:term":[{"taxonomy":"product_brand","embeddable":true,"href":"https:\/\/aiviouvapes.com\/hu\/wp-json\/wp\/v2\/product_brand?post=46957"},{"taxonomy":"product_cat","embeddable":true,"href":"https:\/\/aiviouvapes.com\/hu\/wp-json\/wp\/v2\/product_cat?post=46957"},{"taxonomy":"product_tag","embeddable":true,"href":"https:\/\/aiviouvapes.com\/hu\/wp-json\/wp\/v2\/product_tag?post=46957"}],"curies":[{"name":"wp","href":"https:\/\/api.w.org\/{rel}","templated":true}]}}