{"id":46917,"date":"2025-07-29T21:23:27","date_gmt":"2025-07-29T13:23:27","guid":{"rendered":"https:\/\/aiviouvapes.com\/?post_type=product&#038;p=46917"},"modified":"2026-04-17T13:00:42","modified_gmt":"2026-04-17T05:00:42","slug":"mr-goodie-adjust-flavor-king-60000","status":"publish","type":"product","link":"https:\/\/aiviouvapes.com\/hu\/product\/mr-goodie-adjust-flavor-king-60000\/","title":{"rendered":"Mr.Goodie Adjust Flavor King 60000 Puffs | tripla \u00edz\u0171 \u00f6mlesztett eldobhat\u00f3 vape"},"content":{"rendered":"<p>\ud83d\ude80 K\u00e9sz\u00fclj\u00f6n fel a p\u00e1rologtat\u00e1si \u00e9lm\u00e9ny forradalmas\u00edt\u00e1s\u00e1ra az \u00daJ <b>Mr.Goodie \u00c1ll\u00edtsa be az \u00edzkir\u00e1ly 60000 puffot<\/b>! \ud83d\udc51 Ez nem csak egy vape; ez egy \u00edzbirodalom a zsebedben. A v\u00e9gs\u0151 el\u00e9gedetts\u00e9gre \u00e9s p\u00e1ratlan hossz\u00fa \u00e9lettartamra tervezett Flavor King hihetetlen 60.000 puffol\u00e1ssal \u00e9s \u00fatt\u00f6r\u0151 h\u00e1rmas \u00edzrendszerrel b\u00fcszk\u00e9lkedhet. Mondjon b\u00facs\u00fat a h\u00e9tk\u00f6znapi p\u00e1rolg\u00e1snak \u00e9s \u00fcdv\u00f6z\u00f6lje az \u00edzek szimf\u00f3ni\u00e1j\u00e1t! \u2728 Ak\u00e1r tapasztalt vaper, ak\u00e1r olyan \u00fczlet, amely a k\u00f6vetkez\u0151 nagy dob\u00e1st szeretn\u00e9 rakt\u00e1ron tartani, az Mr.Goodie Adjust Flavor King az \u00d6n koron\u00e1ja. \ud83d\udca8<\/p>\n<h2>Mr.Goodie Adjust Flavor King 60000 puffs term\u00e9k \u00e1ttekint\u00e9se \u00e9s jellemz\u0151i<\/h2>\n<p>A <b>Mr.Goodie Flavor King 60000 be\u00e1ll\u00edt\u00e1sa<\/b> egy monument\u00e1lis ugr\u00e1s az eldobhat\u00f3 vape technol\u00f3gi\u00e1ban, amely elk\u00e9peszt\u0151 puffsz\u00e1mot \u00e9s innovat\u00edv \u00edzv\u00e1lt\u00f3 mechanizmust k\u00edn\u00e1l. Az egy\u00e9ni rajong\u00f3k \u00e9s a B2B v\u00e1s\u00e1rl\u00f3k sz\u00e1m\u00e1ra egyar\u00e1nt tervezett k\u00e9sz\u00fcl\u00e9k \u00fajradefini\u00e1lja a k\u00e9nyelmet \u00e9s a sokoldal\u00fas\u00e1got. \ud83d\ude80<\/p>\n<ul>\n<li><b>P\u00e9ld\u00e1tlan puffsz\u00e1m:<\/b> \u00c9lvezze az ak\u00e1r <b>60,000 puff<\/b> egy\u00edz\u0171 \u00fczemm\u00f3dban vagy 30.000 slukk vegyes \u00edz\u0171 \u00fczemm\u00f3dban, \u00edgy biztos\u00edtva a hosszabb haszn\u00e1latot. \ud83e\udd2f\ud83d\udca8<\/li>\n<li><b>Kett\u0151s E-folyad\u00e9k kapacit\u00e1s:<\/b> Hatalmas <b>20ML + 20ML (\u00f6sszesen 40ML)<\/b> E-juice kapacit\u00e1s, amely hosszan tart\u00f3 \u00e9lvezetet biztos\u00edt gyakori cser\u00e9k n\u00e9lk\u00fcl. \ud83c\udf0a\ud83d\udd0b<\/li>\n<li><b>\u00c1ll\u00edthat\u00f3 nikotin er\u0151ss\u00e9g:<\/b> El\u00e9rhet\u0151: <b>2% \u00e9s 5% nikotin opci\u00f3k<\/b> a k\u00fcl\u00f6nb\u00f6z\u0151 preferenci\u00e1k kiel\u00e9g\u00edt\u00e9se \u00e9rdek\u00e9ben. \u2705 nikotin<\/li>\n<li><b>Er\u0151teljes \u00e9s \u00fajrat\u00f6lthet\u0151:<\/b> Robosztus <b>950mAh \u00fajrat\u00f6lthet\u0151 akkumul\u00e1tor<\/b> \u00e9s egy k\u00e9nyelmes <b>C t\u00edpus\u00fa t\u00f6lt\u0151port<\/b> a megszak\u00edt\u00e1s n\u00e9lk\u00fcli p\u00e1rologtat\u00e1shoz. \ud83d\udcaa\ud83d\udd0c<\/li>\n<li><b>Fejlett tekercstechnol\u00f3gia:<\/b> <b>Kett\u0151s h\u00e1l\u00f3s tekercsek<\/b> kombin\u00e1lva a legmodernebb <b>iDuomesh technol\u00f3gia<\/b> k\u00f6vetkezetes, gazdag \u00edzt \u00e9s massz\u00edv g\u0151ztermel\u00e9st biztos\u00edt. \ud83d\ude80\ud83c\udf2c\ufe0f<\/li>\n<li><b>Intuit\u00edv 3 LCD kijelz\u0151:<\/b> K\u00f6nnyed\u00e9n nyomon k\u00f6vetheti az akkumul\u00e1tor \u00e9lettartam\u00e1t, az e-folyad\u00e9k szintj\u00e9t \u00e9s az aktu\u00e1lis \u00fczemm\u00f3dot a z\u00f6kken\u0151mentes p\u00e1rol\u00e1si \u00e9lm\u00e9ny \u00e9rdek\u00e9ben. \ud83d\udcca\ud83d\udc40<\/li>\n<li><b>H\u00e1romszoros \u00edzrendszer:<\/b> Fedezze fel a  oldalt. <b>10 egyed\u00fcl\u00e1ll\u00f3 h\u00e1rmas \u00edzkombin\u00e1ci\u00f3<\/b>, lehet\u0151v\u00e9 t\u00e9ve, hogy k\u00e9t k\u00fcl\u00f6nb\u00f6z\u0151 \u00edz k\u00f6z\u00f6tt v\u00e1ltson, vagy kombin\u00e1lja \u0151ket egy egyed\u00fcl\u00e1ll\u00f3 harmadik \u00e9lm\u00e9ny\u00e9rt. \ud83c\udf53\ud83c\udf49\ud83c\udf4d\ud83c\udf4a<\/li>\n<\/ul>\n<h3>M\u0171szaki adatok<\/h3>\n<table>\n<thead>\n<tr>\n<th>Jellemz\u0151<\/th>\n<th>R\u00e9szlet<\/th>\n<\/tr>\n<\/thead>\n<tbody>\n<tr>\n<td>Nikotin lehet\u0151s\u00e9gek<\/td>\n<td>2%, 5%<\/td>\n<\/tr>\n<tr>\n<td>Puffancsok (egyf\u00e9le \u00edzes\u00edt\u00e9s\u0171)<\/td>\n<td>60,000 Puff<\/td>\n<\/tr>\n<tr>\n<td>Puffs (Mix \u00edzek)<\/td>\n<td>30,000 puff (A + B kever\u00e9k)<\/td>\n<\/tr>\n<tr>\n<td>E-folyad\u00e9k kapacit\u00e1s<\/td>\n<td>20ML + 20ML (\u00f6sszesen 40ML)<\/td>\n<\/tr>\n<tr>\n<td>Az akkumul\u00e1tor kapacit\u00e1sa<\/td>\n<td>950mAh (\u00fajrat\u00f6lthet\u0151)<\/td>\n<\/tr>\n<tr>\n<td>T\u00f6lt\u0151port<\/td>\n<td>C-t\u00edpus\u00fa<\/td>\n<\/tr>\n<tr>\n<td>Tekercs t\u00edpusa<\/td>\n<td>Kett\u0151s h\u00e1l\u00f3s tekercsek, iDuomesh technol\u00f3gia<\/td>\n<\/tr>\n<tr>\n<td>Megjelen\u00edt\u00e9s<\/td>\n<td>3 LCD kijelz\u0151<\/td>\n<\/tr>\n<tr>\n<td>\u00cdzes\u00edt\u00e9si m\u00f3dok<\/td>\n<td>Egyetlen \u00edz, kever\u00e9k \u00edzek<\/td>\n<\/tr>\n<tr>\n<td>\u00d6sszesen h\u00e1romszoros \u00edzek<\/td>\n<td>10 egyedi kombin\u00e1ci\u00f3<\/td>\n<\/tr>\n<\/tbody>\n<\/table>\n<p><span style=\"font-size: 20.16px;\">\u00cdzkombin\u00e1ci\u00f3k<\/span><\/p>\n<p>Tapasztalja meg az \u00edzvil\u00e1g izgalmas lehet\u0151s\u00e9geit az Mr.Goodie Adjust Flavor King 60000 k\u00e9sz\u00fcl\u00e9kkel. Mindegyik k\u00e9sz\u00fcl\u00e9k h\u00e1rom k\u00fcl\u00f6nb\u00f6z\u0151 g\u0151z\u00f6l\u00e9si \u00e9lm\u00e9nyt k\u00edn\u00e1l:<\/p>\n<table>\n<thead>\n<tr>\n<th>Egy \u00edz<\/th>\n<th>B \u00cdz<\/th>\n<th>Kombin\u00e1lt (A+B) \u00edz<\/th>\n<\/tr>\n<\/thead>\n<tbody>\n<tr>\n<td>G\u00f6r\u00f6gdinnye j\u00e9g<\/td>\n<td>R\u00e1g\u00f3gumi<\/td>\n<td>G\u00f6r\u00f6gdinnye r\u00e1g\u00f3gumi<\/td>\n<\/tr>\n<tr>\n<td>L\u00e9d\u00fas barack j\u00e9g<\/td>\n<td>Cola J\u00e9g<\/td>\n<td>Barackos k\u00f3la j\u00e9g<\/td>\n<\/tr>\n<tr>\n<td>K\u00e9k m\u00e1lna<\/td>\n<td>Cseresznye citrom<\/td>\n<td>K\u00e9k m\u00e1lna cseresznye citrom<\/td>\n<\/tr>\n<tr>\n<td>Eper<\/td>\n<td>G\u00f6r\u00f6gdinnye<\/td>\n<td>Eper g\u00f6r\u00f6gdinnye<\/td>\n<\/tr>\n<tr>\n<td>Z\u00f6ld alma<\/td>\n<td>Sz\u0151l\u0151<\/td>\n<td>Z\u00f6ld alma sz\u0151l\u0151<\/td>\n<\/tr>\n<tr>\n<td>Citrom<\/td>\n<td>Sziv\u00e1rv\u00e1ny cukorka<\/td>\n<td>Citromos sziv\u00e1rv\u00e1nyos cukorka<\/td>\n<\/tr>\n<tr>\n<td>Miami Mint<\/td>\n<td>Citrom<\/td>\n<td>Citromos menta<\/td>\n<\/tr>\n<tr>\n<td>Anan\u00e1sz k\u00f3kusz<\/td>\n<td>Energia j\u00e9g<\/td>\n<td>K\u00f3kuszos energiaital<\/td>\n<\/tr>\n<tr>\n<td>Sz\u0151l\u0151<\/td>\n<td>M\u00e1lna<\/td>\n<td>Sz\u0151l\u0151 m\u00e1lna<\/td>\n<\/tr>\n<tr>\n<td>Narancs Mang\u00f3 Guava<\/td>\n<td>Gumimaci<\/td>\n<td>OMG Blow-Pop<\/td>\n<\/tr>\n<\/tbody>\n<\/table>\n<p>Mi\u00e9rt v\u00e1lassza az Mr.Goodie Adjust Flavor King 60000 Puffs-t?<\/p>\n<ul>\n<li>\ud83d\udc51 <b>A Puffok kir\u00e1lya:<\/b> Ez a k\u00e9sz\u00fcl\u00e9k ak\u00e1r 60 000 f\u00faj\u00e1ssal is a maga nem\u00e9ben \u00e1ll, \u00e9s olyan hossz\u00fa \u00e9lettartamot k\u00edn\u00e1l, amelyr\u0151l a hagyom\u00e1nyos eldobhat\u00f3 term\u00e9kek csak \u00e1lmodni tudnak.<\/li>\n<li>\ud83c\udf08 <b>H\u00e1romszoros \u00edz-innov\u00e1ci\u00f3:<\/b> Mer\u00fclj\u00f6n el 10 egyed\u00fcl\u00e1ll\u00f3 h\u00e1rmas \u00edzkombin\u00e1ci\u00f3ban, amelyek p\u00e1ratlan v\u00e1ltozatoss\u00e1got biztos\u00edtanak \u00e9s megakad\u00e1lyozz\u00e1k a vaper nyelv\u00e9t. V\u00e1ltson ig\u00e9ny szerint!<\/li>\n<li>\ud83d\udd0b <b>P\u00e1ratlan megb\u00edzhat\u00f3s\u00e1g:<\/b> A 950 mAh-s \u00fajrat\u00f6lthet\u0151 akkumul\u00e1tor \u00e9s a Type-C t\u00f6lt\u00e9s biztos\u00edtja, hogy mindig k\u00e9szen \u00e1lljon a k\u00f6vetkez\u0151 slukkra, \u00edgy minim\u00e1lisra cs\u00f6kkentve az \u00e1ll\u00e1sid\u0151t.<\/li>\n<li>\ud83c\udf2c\ufe0f <b>Kiv\u00e1l\u00f3 g\u0151z \u00e9s \u00edz:<\/b> A kett\u0151s h\u00e1l\u00f3s tekercsek \u00e9s az iDuomesh technol\u00f3gia garant\u00e1lja a k\u00f6vetkezetesen sima, gazdag \u00e9s kiel\u00e9g\u00edt\u0151 g\u0151z\u00f6l\u00e9si \u00e9lm\u00e9nyt minden egyes h\u00faz\u00e1sn\u00e1l.<\/li>\n<li>\ud83d\udcca <b>Intelligens \u00e9s felhaszn\u00e1l\u00f3bar\u00e1t:<\/b> A 3 LCD kijelz\u0151 folyamatosan t\u00e1j\u00e9koztatja \u00d6nt, \u00edgy k\u00f6nnyen kezelheti a p\u00e1rol\u00e1si munkameneteket.<\/li>\n<li>\ud83d\udcb0 <b>Kiv\u00e9teles \u00e9rt\u00e9k:<\/b> A neh\u00e9z felhaszn\u00e1l\u00f3k sz\u00e1m\u00e1ra ez a k\u00e9sz\u00fcl\u00e9k hihetetlen k\u00f6lts\u00e9ghat\u00e9konys\u00e1got k\u00edn\u00e1l puffonk\u00e9nt. A B2B v\u00e1s\u00e1rl\u00f3k sz\u00e1m\u00e1ra ez egy nagy kereslet\u0171 term\u00e9k, amely le fog rep\u00fclni a polcokr\u00f3l.<\/li>\n<li>\ud83c\udf3f <b>Min\u0151s\u00e9gbiztos\u00edtott:<\/b> Pr\u00e9mium min\u0151s\u00e9g\u0171 \u00f6sszetev\u0151kkel \u00e9s fejlett gy\u00e1rt\u00e1si folyamatokkal k\u00e9sz\u00fclt, biztos\u00edtva a biztons\u00e1got \u00e9s az el\u00e9gedetts\u00e9get.<\/li>\n<\/ul>\n<p>A <b>Mr.Goodie \u00c1ll\u00edtsa be az \u00edzkir\u00e1ly 60000 puffot<\/b> a v\u00e9gs\u0151 v\u00e1laszt\u00e1s a nagy mennyis\u00e9get fogyaszt\u00f3k \u00e9s az \u00edzeket keres\u0151k sz\u00e1m\u00e1ra, akik hosszabb \u00e9lvezetre \u00e9s v\u00e1ltozatos \u00edzv\u00e1laszt\u00e9kra v\u00e1gynak. Robusztus kialak\u00edt\u00e1sa \u00e9s innovat\u00edv jellemz\u0151i ellen\u00e1llhatatlan aj\u00e1nlattal szolg\u00e1lnak a k\u00f6vetkez\u0151k sz\u00e1m\u00e1ra is <b>vape \u00fczletek<\/b> akik szeretn\u00e9k b\u0151v\u00edteni pr\u00e9mium eldobhat\u00f3 vape v\u00e1laszt\u00e9kukat \u00e9s a <b>nagykereskedelmi forgalmaz\u00e1s<\/b> nagy volumen\u0171, magas haszonkulcs\u00fa term\u00e9ket keresnek. K\u00e9szletezzen a p\u00e1rolg\u00e1s j\u00f6v\u0151j\u00e9b\u0151l m\u00e9g ma! \ud83d\udcaa<\/p>\n<h3>GYIK<\/h3>\n<p>K: H\u00e1ny puffot k\u00edn\u00e1l az Mr.Goodie Adjust Flavor King 60000?<br \/>\nA: Egyetlen \u00edzes\u00edt\u0151 \u00fczemm\u00f3dban ak\u00e1r 60 000 slukkot is k\u00edn\u00e1l, \u00e9s 30 000 slukkot, ha az \u00edzeket keveri (A kamra + B kamra).<\/p>\n<p>K: Mekkora az e-folyad\u00e9k kapacit\u00e1sa?<br \/>\nV: A teljes e-folyad\u00e9k kapacit\u00e1sa 40ML, k\u00e9t 20ML-es kamr\u00e1ra (20ML + 20ML) osztva.<\/p>\n<p>K: Az Mr.Goodie Adjust Flavor King \u00fajrat\u00f6lthet\u0151?<br \/>\nV: Igen, 950 mAh-s \u00fajrat\u00f6lthet\u0151 akkumul\u00e1torral \u00e9s C t\u00edpus\u00fa t\u00f6lt\u0151porttal rendelkezik.<\/p>\n<p>K: Hogyan m\u0171k\u00f6dik a h\u00e1rmas \u00edzes\u00edt\u00e9s\u0171 rendszer?<br \/>\nA: A k\u00e9sz\u00fcl\u00e9k k\u00e9t k\u00fcl\u00f6n\u00e1ll\u00f3 e-folyad\u00e9k kamr\u00e1val rendelkezik (A \u00e9s B). Az A \u00e9s a B \u00edzeket egyar\u00e1nt sz\u00edvhatja, vagy kombin\u00e1lhatja \u0151ket, hogy egy egyedi, harmadik, kevert \u00edzt hozzon l\u00e9tre.<\/p>\n<p>K: Milyen nikotin er\u0151ss\u00e9g\u0171 term\u00e9kek \u00e1llnak rendelkez\u00e9sre?<br \/>\nV: Az Mr.Goodie Adjust Flavor King 60000 2% \u00e9s 5% nikotin er\u0151ss\u00e9gben kaphat\u00f3.<\/p>\n<p>K: Hogyan tudom meg\u00e1llap\u00edtani az akkumul\u00e1tor \u00e9lettartam\u00e1t vagy az e-folyad\u00e9k szintj\u00e9t?<br \/>\nV: A k\u00e9sz\u00fcl\u00e9k 3 LCD kijelz\u0151vel van felszerelve, amely mutatja az akkumul\u00e1tor \u00e9lettartam\u00e1t, az e-folyad\u00e9k szintj\u00e9t \u00e9s az aktu\u00e1lis \u00fczemm\u00f3dot.<\/p>\n<p>K: Alkalmas ez a term\u00e9k nagykereskedelmi \u00e9rt\u00e9kes\u00edt\u00e9sre?<br \/>\nA: Term\u00e9szetesen! Az Mr.Goodie Adjust Flavor King 60000 Puffs kiv\u00e1l\u00f3 term\u00e9k a nagykereskedelmi forgalmaz\u00e1shoz \u00e9s a vape shopok sz\u00e1m\u00e1ra a nagy kereslet, az egyedi jellemz\u0151k \u00e9s a kiv\u00e9teles \u00e9rt\u00e9k miatt.<\/p>","protected":false},"excerpt":{"rendered":"<p>Tapasztald meg a v\u00e9gs\u0151 vape-t az Mr.Goodie Adjust Flavor King 60000 Puffs-szal. Kett\u0151s 20ML e-folyad\u00e9k kapacit\u00e1s, 60 000 puff, 10 h\u00e1rmas \u00edz. T\u00f6k\u00e9letes vape shopok \u00e9s nagybani v\u00e1s\u00e1rl\u00f3k sz\u00e1m\u00e1ra!<\/p>","protected":false},"featured_media":46924,"comment_status":"open","ping_status":"closed","template":"","meta":[],"product_brand":[258],"product_cat":[257,137,146,138,141,143],"product_tag":[],"class_list":{"0":"post-46917","1":"product","2":"type-product","3":"status-publish","4":"has-post-thumbnail","6":"product_brand-mr-goodie","7":"product_cat-mr-goodie","8":"product_cat-disposable-vapes-in-germany","9":"product_cat-disposable-vapes-in-hungary","10":"product_cat-disposable-vapes-in-ltaly","11":"product_cat-disposable-vapes-in-poland","12":"product_cat-disposable-vapes-in-spain","14":"first","15":"instock","16":"shipping-taxable","17":"purchasable","18":"product-type-variable","19":"has-default-attributes"},"jetpack_sharing_enabled":true,"tiered_pricing_type":"fixed","tiered_pricing_fixed_rules":[],"tiered_pricing_product_settings":{"layout":"default","base_unit_name":{"singular":null,"plural":null},"default_variation":null},"tiered_pricing_minimum_quantity":1000,"tiered_pricing_roles_data":[],"tiered_pricing_percentage_rules":[],"tiered_pricing_maximum_quantity":null,"tiered_pricing_quantity_step":"10","_links":{"self":[{"href":"https:\/\/aiviouvapes.com\/hu\/wp-json\/wp\/v2\/product\/46917","targetHints":{"allow":["GET"]}}],"collection":[{"href":"https:\/\/aiviouvapes.com\/hu\/wp-json\/wp\/v2\/product"}],"about":[{"href":"https:\/\/aiviouvapes.com\/hu\/wp-json\/wp\/v2\/types\/product"}],"replies":[{"embeddable":true,"href":"https:\/\/aiviouvapes.com\/hu\/wp-json\/wp\/v2\/comments?post=46917"}],"wp:featuredmedia":[{"embeddable":true,"href":"https:\/\/aiviouvapes.com\/hu\/wp-json\/wp\/v2\/media\/46924"}],"wp:attachment":[{"href":"https:\/\/aiviouvapes.com\/hu\/wp-json\/wp\/v2\/media?parent=46917"}],"wp:term":[{"taxonomy":"product_brand","embeddable":true,"href":"https:\/\/aiviouvapes.com\/hu\/wp-json\/wp\/v2\/product_brand?post=46917"},{"taxonomy":"product_cat","embeddable":true,"href":"https:\/\/aiviouvapes.com\/hu\/wp-json\/wp\/v2\/product_cat?post=46917"},{"taxonomy":"product_tag","embeddable":true,"href":"https:\/\/aiviouvapes.com\/hu\/wp-json\/wp\/v2\/product_tag?post=46917"}],"curies":[{"name":"wp","href":"https:\/\/api.w.org\/{rel}","templated":true}]}}