{"id":46815,"date":"2025-07-29T16:57:01","date_gmt":"2025-07-29T08:57:01","guid":{"rendered":"https:\/\/aiviouvapes.com\/?post_type=product&#038;p=46815"},"modified":"2026-04-22T19:10:15","modified_gmt":"2026-04-22T11:10:15","slug":"jnr-falcon-pro-28000","status":"publish","type":"product","link":"https:\/\/aiviouvapes.com\/hu\/product\/jnr-falcon-pro-28000\/","title":{"rendered":"JNR Falcon Pro 28000 eldobhat\u00f3 vape| Power-packed &amp; tiszta \u00edz t\u00f6k\u00e9letess\u00e9g!"},"content":{"rendered":"<h2><b>Gy\u00fajtsd fel az \u00e9rz\u00e9keidet az JNR Falcon Pro 28000 k\u00e9sz\u00fcl\u00e9kkel! \ud83d\ude80\ud83d\udca8<\/b><\/h2>\n<p>Eleged van az eldobhat\u00f3 p\u00e1rologtat\u00f3kb\u00f3l, amelyek t\u00fal gyorsan elfogynak, vagy hi\u00e1nyzik bel\u0151l\u00fck az igazi \u00edz? L\u00e9pjen be a p\u00e1rolg\u00e1s j\u00f6v\u0151j\u00e9be az JNR Falcon Pro 28000 k\u00e9sz\u00fcl\u00e9kkel! A p\u00e1ratlan tart\u00f3ss\u00e1gra \u00e9s az \u00edzrobban\u00e1sra tervezett k\u00e9sz\u00fcl\u00e9k a szem\u00e9lyes \u00e9lvezet \u00e9s a nagykereskedelmi k\u00e9szlet szempontj\u00e1b\u00f3l egyar\u00e1nt megv\u00e1ltoztatja a j\u00e1t\u00e9kot. K\u00e9sz\u00fclj\u00f6n fel egy hosszabb, kiel\u00e9g\u00edt\u0151 \u00e9s intenz\u00edv \u00edz\u0171 vaping utaz\u00e1sra, minden egyes alkalommal. \u2728\ud83d\udcaf<\/p>\n<h3>Term\u00e9k \u00e1ttekint\u00e9se \u00e9s jellemz\u0151i: P\u00e1ratlan teljes\u00edtm\u00e9ny \u00e9s felejthetetlen \u00edzek tal\u00e1lkoz\u00e1sa.<\/h3>\n<p>Az JNR Falcon Pro 28000 nem csak egy vape; ez egy nyilatkozat. Hossz\u00fa \u00e9lettartamra \u00e9s maxim\u00e1lis \u00edzkiszolg\u00e1l\u00e1sra tervezt\u00e9k, \u00e9s hihetetlen 28.000 puffol\u00e1ssal b\u00fcszk\u00e9lkedhet, ami biztos\u00edtja, hogy soha ne maradjon hi\u00e1ny\u00e9rzete. <span class=\"citation-9 citation-end-9\">A robusztus 950mAh-s \u00fajrat\u00f6lthet\u0151 akkumul\u00e1tor \u00e9s a kett\u0151s h\u00e1l\u00f3s tekercs technol\u00f3gia t\u00f6k\u00e9letes harm\u00f3ni\u00e1ban m\u0171k\u00f6dik, hogy egyenletes, sima g\u0151zt \u00e9s \u00e9l\u00e9nk \u00edzt biztos\u00edtson az els\u0151 slukkol\u00e1st\u00f3l az utols\u00f3ig.<\/span> A digit\u00e1lis kijelz\u0151 folyamatosan t\u00e1j\u00e9koztatja \u00d6nt, m\u00edg a nagyvonal\u00fa, 30 ml-es e-folyad\u00e9k kapacit\u00e1snak k\u00f6sz\u00f6nhet\u0151en kevesebbet kell agg\u00f3dnia az ut\u00e1nt\u00f6lt\u00e9s miatt. A 20 apr\u00f3l\u00e9kosan kidolgozott \u00edzzel minden \u00edzl\u00e9st t\u00f6k\u00e9letesen kiel\u00e9g\u00edt. Legyen sz\u00f3 ak\u00e1r nagyfogyaszt\u00f3r\u00f3l, ak\u00e1r az \u00edzek \u00ednyenc\u00e9r\u0151l, a Falcon Pro 28000 teljes\u00edt. \ud83c\udf1f\ud83d\udd0b<\/p>\n<h3>Specifik\u00e1ci\u00f3k:<\/h3>\n<table>\n<thead>\n<tr>\n<td>Jellemz\u0151<\/td>\n<td>R\u00e9szlet<\/td>\n<\/tr>\n<\/thead>\n<tbody>\n<tr>\n<td><b>Puff sz\u00e1m<\/b><\/td>\n<td>Ak\u00e1r 28,000 f\u00faj\u00e1s<\/td>\n<\/tr>\n<tr>\n<td><b>Nikotin er\u0151ss\u00e9ge<\/b><\/td>\n<td>2%<\/td>\n<\/tr>\n<tr>\n<td><b>E-folyad\u00e9k kapacit\u00e1s<\/b><\/td>\n<td>30ml<\/td>\n<\/tr>\n<tr>\n<td><b>Akkumul\u00e1tor<\/b><\/td>\n<td>950mAh \u00fajrat\u00f6lthet\u0151<\/td>\n<\/tr>\n<tr>\n<td><b>Tekercs t\u00edpusa<\/b><\/td>\n<td>Dual Mesh tekercs<\/td>\n<\/tr>\n<tr>\n<td><b>Megjelen\u00edt\u00e9s<\/b><\/td>\n<td>Digit\u00e1lis kijelz\u0151<\/td>\n<\/tr>\n<tr>\n<td><b>El\u00e9rhet\u0151 \u00edzek<\/b><\/td>\n<td>20<\/td>\n<\/tr>\n<\/tbody>\n<\/table>\n<h3>Fedezze fel az \u00edzek vil\u00e1g\u00e1t: V\u00e1r r\u00e1d az \u00edzek kalandja! \ud83c\udf53\ud83c\udf4d\ud83c\udf47<\/h3>\n<p>Mer\u00fclj\u00f6n el a 20 \u00ednycsikland\u00f3 \u00edzb\u0151l \u00e1ll\u00f3 v\u00e1ltozatos k\u00edn\u00e1latunkban, amelyek mindegyike apr\u00f3l\u00e9kosan \u00f6ssze van keverve az igaz\u00e1n mag\u00e1val ragad\u00f3 p\u00e1rologtat\u00e1si \u00e9lm\u00e9ny \u00e9rdek\u00e9ben. A friss\u00edt\u0151 gy\u00fcm\u00f6lcs\u00f6kt\u0151l a klasszikus kever\u00e9kekig, az JNR Falcon Pro 28000 minden \u00edzlel\u0151bimb\u00f3nak tartogat valamit. \ud83c\udf08\ud83d\ude0b<\/p>\n<ul>\n<li>Eper j\u00e9g<\/li>\n<li>Cherry Cola<\/li>\n<li>G\u00f6r\u00f6gdinnye j\u00e9g<\/li>\n<li>K\u00e9k Razz cseresznye<\/li>\n<li>Eper Kiwi<\/li>\n<li>L\u00e9d\u00fas \u0151szibarack<\/li>\n<li>\u00c1fonya j\u00e9g<\/li>\n<li>Vegyes bogy\u00f3s gy\u00fcm\u00f6lcs\u00f6k<\/li>\n<li>Dupla alma<\/li>\n<li>Cherry Berry<\/li>\n<li>\u00c1fonya M\u00e1lna cseresznye<\/li>\n<li>Epres g\u00f6r\u00f6gdinnye j\u00e9g<\/li>\n<li>Kiwi g\u00f6r\u00f6gdinnye j\u00e9g<\/li>\n<li>\u00c1fonya savany\u00fa m\u00e1lna<\/li>\n<li>White Peach Razz<\/li>\n<li>Mango passi\u00f3gy\u00fcm\u00f6lcs<\/li>\n<li>Barack mang\u00f3 g\u00f6r\u00f6gdinnye<\/li>\n<li>G\u00f6r\u00f6gdinnye Bubblegum<\/li>\n<li>Eper ban\u00e1n<\/li>\n<li>Kiwi Passion Guava<\/li>\n<\/ul>\n<h3>Mi\u00e9rt v\u00e1lassza az JNR Falcon Pro 28000-t? \ud83e\udd14\ud83d\udca1<\/h3>\n<ul>\n<li><b>Kiv\u00e9teles hossz\u00fa \u00e9lettartam:<\/b> Az ak\u00e1r 28 000 puffan\u00e1ssal ez a k\u00e9sz\u00fcl\u00e9k hosszan tart\u00f3 \u00e9lvezetet \u00e9s hihetetlen \u00e9rt\u00e9ket k\u00edn\u00e1l, minimaliz\u00e1lva a gyakori cser\u00e9k sz\u00fcks\u00e9gess\u00e9g\u00e9t.<\/li>\n<li><b><span class=\"citation-8\">Intenz\u00edv \u00edz el\u0151\u00e1ll\u00edt\u00e1sa:<\/span><\/b><span class=\"citation-8 citation-end-8\"> A kett\u0151s h\u00e1l\u00f3s tekercs technol\u00f3gia biztos\u00edtja, hogy minden slukk gazdag, autentikus \u00edzzel teli legyen, kiel\u00e9g\u00edtve m\u00e9g a legig\u00e9nyesebb vapereket is.<\/span><\/li>\n<li><b>K\u00f6vetkezetes teljes\u00edtm\u00e9ny:<\/b> Az er\u0151teljes 950mAh-s \u00fajrat\u00f6lthet\u0151 akkumul\u00e1tor \u00e9s a digit\u00e1lis kijelz\u0151 megb\u00edzhat\u00f3 \u00e9s t\u00e1j\u00e9kozott g\u0151z\u00f6l\u00e9st garant\u00e1l.<\/li>\n<li><b>Hatalmas E-folyad\u00e9k kapacit\u00e1s:<\/b><span class=\"citation-7 citation-end-7\"> A 30 ml-es, el\u0151re felt\u00f6lt\u00f6tt tart\u00e1ly t\u00f6bb g\u0151z\u00f6l\u00e9st jelent, kevesebb gonddal.<\/span><\/li>\n<li><b>Soksz\u00edn\u0171 \u00edzportf\u00f3li\u00f3:<\/b> A 20 egyedi \u00e9s n\u00e9pszer\u0171 \u00edzb\u0151l \u00e1ll\u00f3 v\u00e1laszt\u00e9kunk minden ig\u00e9nyt kiel\u00e9g\u00edt, \u00edgy rendk\u00edv\u00fcl j\u00f3l eladhat\u00f3 term\u00e9kk\u00e9 v\u00e1lik.<\/li>\n<li><b>T\u00f6meges \u00e9s kiskereskedelmi felhaszn\u00e1l\u00e1sra k\u00e9sz\u00fclt:<\/b> T\u00f6k\u00e9letes a vape shopok sz\u00e1m\u00e1ra, amelyek nagy kereslet\u0171, kiv\u00e1l\u00f3 min\u0151s\u00e9g\u0171 eldobhat\u00f3 eszk\u00f6z\u00f6ket szeretn\u00e9nek rakt\u00e1rozni, valamint a megb\u00edzhat\u00f3, keresett term\u00e9keket keres\u0151 nagykeresked\u0151k sz\u00e1m\u00e1ra.<\/li>\n<li><b>Felhaszn\u00e1l\u00f3bar\u00e1t kialak\u00edt\u00e1s:<\/b> Egyszer\u0171 haszn\u00e1lat, nincsenek gombok vagy bonyolult be\u00e1ll\u00edt\u00e1sok - csak l\u00e9legezzen be \u00e9s \u00e9lvezze!<\/li>\n<li><b>Szemet gy\u00f6ny\u00f6rk\u00f6dtet\u0151 vonzer\u0151:<\/b> Az eleg\u00e1ns kialak\u00edt\u00e1s \u00e9s a digit\u00e1lis kijelz\u0151 vizu\u00e1lisan vonz\u00f3 term\u00e9kk\u00e9 teszi a fogyaszt\u00f3k sz\u00e1m\u00e1ra.<\/li>\n<\/ul>\n<h3>GYIK szekci\u00f3: V\u00e1laszolva a k\u00e9rd\u00e9seidre! \ud83d\udcda\u2753<\/h3>\n<p><b>1. k\u00e9rd\u00e9s: H\u00e1ny f\u00faj\u00e1sra sz\u00e1m\u00edthatok az JNR Falcon Pro 28000-t\u0151l?<\/b> <span class=\"citation-6 citation-end-6\">A1: Az JNR Falcon Pro 28000-t \u00fagy tervezt\u00e9k, hogy ak\u00e1r hihetetlen 28.000 puffot adjon le, \u00e9s \u00edgy hosszabb ideig el\u00e9gedett\u00e9 tegye a g\u0151z\u00f6l\u00e9st.<\/span><\/p>\n<p><b>2. k\u00e9rd\u00e9s: Milyen nikotiner\u0151ss\u00e9g\u0171 ez a k\u00e9sz\u00fcl\u00e9k?<\/b> <span class=\"citation-5 citation-end-5\">A2: Az JNR Falcon Pro 28000 2% nikotint tartalmaz, amely kiel\u00e9g\u00edt\u0151 tal\u00e1latot k\u00edn\u00e1l a sima vaping \u00e9lm\u00e9ny \u00e9rdek\u00e9ben.<\/span><\/p>\n<p><b>3. k\u00e9rd\u00e9s: Az JNR Falcon Pro 28000 \u00fajrat\u00f6lthet\u0151?<\/b> A3: Igen, 950mAh-s \u00fajrat\u00f6lthet\u0151 akkumul\u00e1torral rendelkezik, amely lehet\u0151v\u00e9 teszi, hogy maximaliz\u00e1lja az e-folyad\u00e9k kapacit\u00e1s\u00e1t, \u00e9s \u00e9lvezze az utols\u00f3 cseppig.<\/p>\n<p><b>4. k\u00e9rd\u00e9s: H\u00e1nyf\u00e9le \u00edzes\u00edt\u00e9s \u00e1ll rendelkez\u00e9sre az JNR Falcon Pro 28000 k\u00e9sz\u00fcl\u00e9khez?<\/b> A4: 20 izgalmas \u00e9s v\u00e1ltozatos \u00edz \u00e1ll rendelkez\u00e9sre, a gy\u00fcm\u00f6lcs\u00f6s \u00e9s a jeges \u00edzekt\u0151l kezdve, \u00edgy mindenki tal\u00e1lhat kedv\u00e9re val\u00f3t.<\/p>\n<p><b>5. k\u00e9rd\u00e9s: Alkalmas ez a k\u00e9sz\u00fcl\u00e9k nagykereskedelmi v\u00e1s\u00e1rl\u00e1sra?<\/b> A5: Term\u00e9szetesen! Az JNR Falcon Pro 28000 magas puffsz\u00e1m\u00e1nak, sz\u00e9les \u00edzv\u00e1laszt\u00e9k\u00e1nak \u00e9s megb\u00edzhat\u00f3 teljes\u00edtm\u00e9ny\u00e9nek k\u00f6sz\u00f6nhet\u0151en ide\u00e1lis v\u00e1laszt\u00e1s a vape shopok \u00e9s nagykereskedelmi forgalmaz\u00f3k sz\u00e1m\u00e1ra, akik pr\u00e9mium, keresett term\u00e9ket szeretn\u00e9nek k\u00edn\u00e1lni.<\/p>\n<p><b>6. k\u00e9rd\u00e9s: Van kijelz\u0151je?<\/b> A6: Igen, az JNR Falcon Pro 28000 digit\u00e1lis kijelz\u0151vel rendelkezik, amely folyamatosan t\u00e1j\u00e9koztatja \u00d6nt a k\u00e9sz\u00fcl\u00e9k \u00e1llapot\u00e1r\u00f3l.<\/p>\n<hr \/>\n<p><b>K\u00e9szen \u00e1ll arra, hogy felemelje a p\u00e1rol\u00e1si \u00e9lm\u00e9nyt, vagy egy igazi gy\u0151ztessel t\u00f6ltse fel polcait?<\/b> Az JNR Falcon Pro 28000 a v\u00e9gs\u0151 megold\u00e1s a hossz\u00fa \u00e9lettartamra v\u00e1gy\u00f3 neh\u00e9z felhaszn\u00e1l\u00f3k \u00e9s a v\u00e1ltozatoss\u00e1got keres\u0151 \u00edzek kedvel\u0151i sz\u00e1m\u00e1ra. A vape shop tulajdonosok \u00e9s a nagykereskedelmi forgalmaz\u00f3k sz\u00e1m\u00e1ra ez a k\u00e9sz\u00fcl\u00e9k kiv\u00e1l\u00f3 lehet\u0151s\u00e9get jelent a nagy teljes\u00edtm\u00e9ny\u0171, hossz\u00fa \u00e9lettartam\u00fa, eldobhat\u00f3 vapek ir\u00e1nti n\u00f6vekv\u0151 fogyaszt\u00f3i kereslet kiel\u00e9g\u00edt\u00e9s\u00e9re. Ne maradjon le a k\u00f6vetkez\u0151 nagy dologr\u00f3l a p\u00e1rologtat\u00e1sban! Biztos\u00edtsa az JNR Falcon Pro 28000 k\u00e9szlet\u00e9t m\u00e9g ma, \u00e9s n\u00e9zze meg, ahogy v\u00e1s\u00e1rl\u00f3i folyamatosan visszaj\u00f6nnek az \u00fajabbak\u00e9rt! \ud83c\udfc6\ud83d\udcc8<\/p>\n<p>Engedje szabadj\u00e1ra a 28000 puff tiszta \u00edz\u00e9t az JNR Falcon Pro-val. Hossz\u00fa \u00e9lettartam\u00fa, \u00fajrat\u00f6lthet\u0151, 20 vibr\u00e1l\u00f3 \u00edzzel. T\u00f6k\u00e9letes a neh\u00e9z felhaszn\u00e1l\u00f3k \u00e9s a nagybev\u00e1s\u00e1rl\u00f3k sz\u00e1m\u00e1ra!<\/p>","protected":false},"excerpt":{"rendered":"<p>Tapasztalja meg a t\u00f6k\u00e9letes vape-t az JNR Falcon Pro 28000-vel: hossz\u00fa \u00e9lettartam\u00fa 28000 slukk, 2% nikotin, 20 csod\u00e1latos \u00edz \u00e9s egy er\u0151teljes \u00fajrat\u00f6lthet\u0151 akkumul\u00e1tor. Ide\u00e1lis a t\u00f6meges eldobhat\u00f3 vape ig\u00e9nyekhez.<\/p>","protected":false},"featured_media":46859,"comment_status":"open","ping_status":"closed","template":"","meta":[],"product_brand":[237],"product_cat":[221,137,146,138,141,143],"product_tag":[],"class_list":{"0":"post-46815","1":"product","2":"type-product","3":"status-publish","4":"has-post-thumbnail","6":"product_brand-jnr","7":"product_cat-jnr","8":"product_cat-disposable-vapes-in-germany","9":"product_cat-disposable-vapes-in-hungary","10":"product_cat-disposable-vapes-in-ltaly","11":"product_cat-disposable-vapes-in-poland","12":"product_cat-disposable-vapes-in-spain","14":"first","15":"instock","16":"shipping-taxable","17":"purchasable","18":"product-type-variable","19":"has-default-attributes"},"jetpack_sharing_enabled":true,"tiered_pricing_type":"fixed","tiered_pricing_fixed_rules":[],"tiered_pricing_product_settings":{"layout":"default","base_unit_name":{"singular":null,"plural":null},"default_variation":null},"tiered_pricing_minimum_quantity":1000,"tiered_pricing_roles_data":[],"tiered_pricing_percentage_rules":[],"tiered_pricing_maximum_quantity":null,"tiered_pricing_quantity_step":"10","_links":{"self":[{"href":"https:\/\/aiviouvapes.com\/hu\/wp-json\/wp\/v2\/product\/46815","targetHints":{"allow":["GET"]}}],"collection":[{"href":"https:\/\/aiviouvapes.com\/hu\/wp-json\/wp\/v2\/product"}],"about":[{"href":"https:\/\/aiviouvapes.com\/hu\/wp-json\/wp\/v2\/types\/product"}],"replies":[{"embeddable":true,"href":"https:\/\/aiviouvapes.com\/hu\/wp-json\/wp\/v2\/comments?post=46815"}],"wp:featuredmedia":[{"embeddable":true,"href":"https:\/\/aiviouvapes.com\/hu\/wp-json\/wp\/v2\/media\/46859"}],"wp:attachment":[{"href":"https:\/\/aiviouvapes.com\/hu\/wp-json\/wp\/v2\/media?parent=46815"}],"wp:term":[{"taxonomy":"product_brand","embeddable":true,"href":"https:\/\/aiviouvapes.com\/hu\/wp-json\/wp\/v2\/product_brand?post=46815"},{"taxonomy":"product_cat","embeddable":true,"href":"https:\/\/aiviouvapes.com\/hu\/wp-json\/wp\/v2\/product_cat?post=46815"},{"taxonomy":"product_tag","embeddable":true,"href":"https:\/\/aiviouvapes.com\/hu\/wp-json\/wp\/v2\/product_tag?post=46815"}],"curies":[{"name":"wp","href":"https:\/\/api.w.org\/{rel}","templated":true}]}}