{"id":42012,"date":"2025-07-04T10:11:35","date_gmt":"2025-07-04T02:11:35","guid":{"rendered":"https:\/\/aiviouvapes.com\/?post_type=product&#038;p=42012"},"modified":"2026-03-24T11:26:58","modified_gmt":"2026-03-24T03:26:58","slug":"mr-goodie-50k","status":"publish","type":"product","link":"https:\/\/aiviouvapes.com\/hu\/product\/mr-goodie-50k\/","title":{"rendered":"Mr.Goodie 50K | 50000 puff \u00e1ll\u00edthat\u00f3 j\u00e9g f\u00e9l t\u00fck\u00f6r kijelz\u0151 eldobhat\u00f3 vape"},"content":{"rendered":"<h3>\ud83d\ude80 Mi\u00e9rt v\u00e1lassza az Mr.Goodie 50K-t? \ud83c\udfaf<\/h3>\n<ul>\n<li>\ud83d\udca8 Massz\u00edv 50,000 puff a hossz\u00fa t\u00e1v\u00fa haszn\u00e1lathoz<\/li>\n<li>\u2728 Eleg\u00e1ns teljes m\u00e9lys\u00e9g\u0171 t\u00fck\u00f6r kijelz\u0151 a modern fellebbez\u00e9shez<\/li>\n<li>\u2744\ufe0f 3-szint\u0171 j\u00e9gszab\u00e1lyoz\u00e1s, hogy testre szabhat\u00f3 legyen minden egyes puffan\u00e1s<\/li>\n<li>\u26a1 C-t\u00edpus\u00fa gyors t\u00f6lt\u00e9s a folyamatos \u00e1ramell\u00e1t\u00e1s \u00e9rdek\u00e9ben<\/li>\n<li>\ud83c\udf89 Party Vibez m\u00f3d az egyed\u00fcl\u00e1ll\u00f3, sz\u00f3rakoztat\u00f3 \u00e9lm\u00e9ny\u00e9rt<\/li>\n<li>\ud83d\udee2\ufe0f Nagy kapacit\u00e1s\u00fa 40ml-es tart\u00e1ly, hogy ne \u00e1lljon meg a forgalomban<\/li>\n<li>\ud83d\udd25 Kett\u0151s h\u00e1l\u00f3s tekercsek a k\u00f6vetkezetesen gazdag \u00edz\u00e9rt<\/li>\n<li>\ud83e\uddca 2% \u00e9s 5% nikotin er\u0151ss\u00e9g\u0171 opci\u00f3k minden preferenci\u00e1hoz<\/li>\n<li>\ud83d\udce6 T\u00f6k\u00e9letes t\u00f6meges v\u00e1s\u00e1rl\u00e1shoz \u00e9s nagykereskedelmi forgalmaz\u00e1shoz<\/li>\n<\/ul>\n<p>\ud83e\udd29 Ha \u00d6n neh\u00e9z vaper, az \u00edzek rajong\u00f3ja, vagy egy vape shop, amely szeretn\u00e9 leny\u0171g\u00f6zni az \u00fcgyfeleit, az Mr.Goodie 50K az \u00d6n v\u00e9gs\u0151 c\u00e9lpontja. A felt\u0171n\u0151 t\u00fckr\u00f6s kijelz\u0151vel, a hatalmas puffsz\u00e1mmal \u00e9s a j\u00e9gbe \u00e1ll\u00edthat\u00f3 rendszerrel \u00fajradefini\u00e1lja, hogy milyen lehet egy eldobhat\u00f3 vape. K\u00e9szletezzen m\u00e9g ma, \u00e9s hagyja, hogy v\u00e1s\u00e1rl\u00f3i megtapasztalj\u00e1k az eldobhat\u00f3 vape-t, amely minden, csak nem eldobhat\u00f3.<\/p>\n<h2>\ud83c\udf89Mr.Goodie 50K: \ud83d\ude80: A bulira k\u00e9sz, ultrahossz\u00fa vape!\ud83d\ude80<\/h2>\n<p>\ud83d\udd25 K\u00e9szen \u00e1llsz arra, hogy a k\u00f6vetkez\u0151 szintre emeld a g\u0151z\u00f6l\u00e9si \u00e9lm\u00e9nyedet? Bemutatjuk a <strong>Mr.Goodie 50K<\/strong>, egy funkci\u00f3kkal teli eldobhat\u00f3 vape, amelyet komoly \u00edzvad\u00e1szoknak \u00e9s B2B \u00f6mlesztett v\u00e1s\u00e1rl\u00f3knak terveztek. A hatalmas 50.000 puff kapacit\u00e1ssal, a leny\u0171g\u00f6z\u0151 Full Abyss Mirror kijelz\u0151vel \u00e9s az innovat\u00edv 3 szint\u0171 j\u00e9gbe\u00e1ll\u00edthat\u00f3s\u00e1ggal ez a vape, hogy a j\u00f3 hangulatot eg\u00e9sz nap \u00e9s \u00e9jjel is fenntartsa. Ak\u00e1r a vape shopodat t\u00f6lt\u00f6d fel, ak\u00e1r egy l\u00e1tv\u00e1nyos vape-t keresel a partikra, az Mr.Goodie 50K st\u00edlusban, teljes\u00edtm\u00e9nyben \u00e9s p\u00e1ratlan k\u00e9nyelemben ny\u00fajtja a legjobbat.<\/p>\n<h3>M\u0171szaki adatok<\/h3>\n<table>\n<tbody>\n<tr>\n<td>Puff kapacit\u00e1s<\/td>\n<td>Ak\u00e1r 50,000 f\u00faj\u00e1s<\/td>\n<\/tr>\n<tr>\n<td>E-folyad\u00e9k kapacit\u00e1s<\/td>\n<td>40ml<\/td>\n<\/tr>\n<tr>\n<td>Akkumul\u00e1tor<\/td>\n<td>900mAh, C-t\u00edpus\u00fa \u00fajrat\u00f6lthet\u0151<\/td>\n<\/tr>\n<tr>\n<td>Tekercs t\u00edpusa<\/td>\n<td>Kett\u0151s h\u00e1l\u00f3s tekercsek<\/td>\n<\/tr>\n<tr>\n<td>Nikotin lehet\u0151s\u00e9gek<\/td>\n<td>2%, 5%<\/td>\n<\/tr>\n<tr>\n<td>Megjelen\u00edt\u00e9s<\/td>\n<td>Teljes Abyss t\u00fck\u00f6r kijelz\u0151<\/td>\n<\/tr>\n<tr>\n<td>Tervez\u00e9s<\/td>\n<td>Party Vibez m\u00f3d<\/td>\n<\/tr>\n<tr>\n<td>J\u00e9gkontroll<\/td>\n<td>3 szinten \u00e1ll\u00edthat\u00f3<\/td>\n<\/tr>\n<\/tbody>\n<\/table>\n<h3>Kaphat\u00f3 \u00edzek<\/h3>\n<ul>\n<li>Epres turmix<\/li>\n<li>Blue Razz<\/li>\n<li>G\u00f6r\u00f6gdinnye j\u00e9g<\/li>\n<li>Alma fah\u00e9j<\/li>\n<li>Z\u00f6ld citromos j\u00e9g<\/li>\n<li>Mang\u00f3 anan\u00e1sz j\u00e9g<\/li>\n<li>L\u00e9d\u00fas barack j\u00e9g<\/li>\n<li>Van\u00edlia maracuja gy\u00fcm\u00f6lcs<\/li>\n<li>V\u00e9rnarancs j\u00e9g<\/li>\n<li>Szerelem 66<\/li>\n<\/ul>\n<p><img data-recalc-dims=\"1\" loading=\"lazy\" decoding=\"async\" class=\"alignleft\" src=\"https:\/\/i0.wp.com\/static.24hvape.com\/wp-content\/uploads\/2025\/05\/30071414\/24h-vape-mr.goodie-50000-50k-puffs-flavor-list.jpg.webp?resize=1000%2C1000&#038;ssl=1\" alt=\",\" width=\"1000\" height=\"1000\" title=\"\"><\/p>","protected":false},"excerpt":{"rendered":"<p>Mr.Goodie 50K eldobhat\u00f3 vape: 50.000 puff, t\u00fck\u00f6r kijelz\u0151, \u00e1ll\u00edthat\u00f3 j\u00e9g \u00e9s mer\u00e9sz \u00edzek - t\u00f6k\u00e9letes a nagykereskedelemhez \u00e9s a vape shopokhoz!<\/p>","protected":false},"featured_media":42013,"comment_status":"open","ping_status":"closed","template":"","meta":[],"product_brand":[258],"product_cat":[137,146,138,141,143,257],"product_tag":[],"class_list":{"0":"post-42012","1":"product","2":"type-product","3":"status-publish","4":"has-post-thumbnail","6":"product_brand-mr-goodie","7":"product_cat-disposable-vapes-in-germany","8":"product_cat-disposable-vapes-in-hungary","9":"product_cat-disposable-vapes-in-ltaly","10":"product_cat-disposable-vapes-in-poland","11":"product_cat-disposable-vapes-in-spain","12":"product_cat-mr-goodie","14":"first","15":"instock","16":"shipping-taxable","17":"purchasable","18":"product-type-variable","19":"has-default-attributes"},"jetpack_sharing_enabled":true,"tiered_pricing_type":"fixed","tiered_pricing_fixed_rules":[],"tiered_pricing_product_settings":{"layout":"default","base_unit_name":{"singular":null,"plural":null},"default_variation":null},"tiered_pricing_minimum_quantity":1000,"tiered_pricing_roles_data":[],"tiered_pricing_percentage_rules":[],"tiered_pricing_maximum_quantity":null,"tiered_pricing_quantity_step":"10","_links":{"self":[{"href":"https:\/\/aiviouvapes.com\/hu\/wp-json\/wp\/v2\/product\/42012","targetHints":{"allow":["GET"]}}],"collection":[{"href":"https:\/\/aiviouvapes.com\/hu\/wp-json\/wp\/v2\/product"}],"about":[{"href":"https:\/\/aiviouvapes.com\/hu\/wp-json\/wp\/v2\/types\/product"}],"replies":[{"embeddable":true,"href":"https:\/\/aiviouvapes.com\/hu\/wp-json\/wp\/v2\/comments?post=42012"}],"wp:featuredmedia":[{"embeddable":true,"href":"https:\/\/aiviouvapes.com\/hu\/wp-json\/wp\/v2\/media\/42013"}],"wp:attachment":[{"href":"https:\/\/aiviouvapes.com\/hu\/wp-json\/wp\/v2\/media?parent=42012"}],"wp:term":[{"taxonomy":"product_brand","embeddable":true,"href":"https:\/\/aiviouvapes.com\/hu\/wp-json\/wp\/v2\/product_brand?post=42012"},{"taxonomy":"product_cat","embeddable":true,"href":"https:\/\/aiviouvapes.com\/hu\/wp-json\/wp\/v2\/product_cat?post=42012"},{"taxonomy":"product_tag","embeddable":true,"href":"https:\/\/aiviouvapes.com\/hu\/wp-json\/wp\/v2\/product_tag?post=42012"}],"curies":[{"name":"wp","href":"https:\/\/api.w.org\/{rel}","templated":true}]}}