{"id":41901,"date":"2025-07-29T21:40:48","date_gmt":"2025-07-29T13:40:48","guid":{"rendered":"https:\/\/aiviouvapes.com\/?post_type=product&#038;p=41901"},"modified":"2026-03-16T15:44:40","modified_gmt":"2026-03-16T07:44:40","slug":"bang-de-60000","status":"publish","type":"product","link":"https:\/\/aiviouvapes.com\/hu\/product\/bang-de-60000\/","title":{"rendered":"Bang DE 60000 | 3 az 1-ben 60k puffs tripla \u00edz\u0171 \u00f6mlesztett eldobhat\u00f3 vape"},"content":{"rendered":"<h2>\u2728 Mi\u00e9rt v\u00e1lassza az Bang DE 60000-t? \u2728<\/h2>\n<ul>\n<li><strong>P\u00e1ratlan puffsz\u00e1m:<\/strong> A megd\u00f6bbent\u0151 60 000 puff kapacit\u00e1ssal ez a k\u00e9sz\u00fcl\u00e9k a kitart\u00e1sra \u00e9p\u00fclt, hihetetlen \u00e9rt\u00e9ket \u00e9s hossz\u00fa \u00e9lettartamot k\u00edn\u00e1l. T\u00f6k\u00e9letes a neh\u00e9z felhaszn\u00e1l\u00f3k \u00e9s a hossz\u00fa t\u00e1v\u00fa el\u00e9gedetts\u00e9g sz\u00e1m\u00e1ra.<\/li>\n<li><strong>Forradalmi 3 az 1-ben \u00edzrendszer:<\/strong> Soha ne unatkozz! Azonnal v\u00e1ltson k\u00e9t mer\u00e9sz \u00edz k\u00f6z\u00f6tt, vagy kombin\u00e1lja \u0151ket egy egyedi harmadik profilhoz. Olyan, mintha h\u00e1rom g\u0151z\u00f6l\u00e9s lenne egyben.<\/li>\n<li><strong>Teljes felhaszn\u00e1l\u00f3i ellen\u0151rz\u00e9s:<\/strong> A krist\u00e1lytiszta digit\u00e1lis k\u00e9perny\u0151 val\u00f3s id\u0151ben mutatja a marad\u00e9k energi\u00e1t \u00e9s az e-folyad\u00e9k szintj\u00e9t. Nincs t\u00f6bb\u00e9 tal\u00e1lgat\u00e1s - mindig tudja, mikor van itt az ideje a felt\u00f6lt\u00e9snek vagy az \u00fajrarendel\u00e9snek.<\/li>\n<li><strong>Garant\u00e1lt cs\u00facsteljes\u00edtm\u00e9ny:<\/strong> Az er\u0151teljes 850mAh-s \u00fajrat\u00f6lthet\u0151 akkumul\u00e1tor \u00e9s a fejlett kett\u0151s tekercs technol\u00f3gia biztos\u00edtja, hogy minden slukk sima, \u00edzletes \u00e9s k\u00f6vetkezetes legyen az els\u0151t\u0151l a 60.000-edikig.<\/li>\n<li><strong>\u00dczleti c\u00e9lokra optimaliz\u00e1lva:<\/strong> Az Bang DE 60000 nikotiner\u0151ss\u00e9gek \u00e9s szenz\u00e1ci\u00f3s \u00edzkombin\u00e1ci\u00f3k sz\u00e9les v\u00e1laszt\u00e9k\u00e1t k\u00edn\u00e1lva az Bang DE 60000 egy cs\u00facsmin\u0151s\u00e9g\u0171 term\u00e9k a vape shopok \u00e9s a nagykereskedelmi forgalmaz\u00f3k sz\u00e1m\u00e1ra, akik a leg\u00fajabb vaping innov\u00e1ci\u00f3kat k\u00edv\u00e1nj\u00e1k biztos\u00edtani \u00fcgyfeleiknek.<\/li>\n<\/ul>\n<p>Az Bang DE 60000 a v\u00e9gs\u0151 v\u00e1laszt\u00e1s a kompromisszumot nem t\u0171r\u0151 \u00edzl\u00e9st kedvel\u0151k \u00e9s a nagy teljes\u00edtm\u00e9ny\u0171 felhaszn\u00e1l\u00f3k sz\u00e1m\u00e1ra. A vape shop tulajdonosok \u00e9s B2B forgalmaz\u00f3k sz\u00e1m\u00e1ra ez a k\u00e9sz\u00fcl\u00e9k egy hiteles\u00edtett bestseller, amely a high-end funkci\u00f3kat, a hatalmas puffsz\u00e1mot \u00e9s az innovat\u00edv technol\u00f3gi\u00e1t k\u00edn\u00e1lja, amelyet az \u00fcgyfelei keresnek. T\u00f6ltse fel az Bang DE 60000 k\u00e9szlet\u00e9t, \u00e9s adja meg \u00fcgyfeleinek a meg\u00e9rdemelt er\u0151teljes, sokoldal\u00fa vaping \u00e9lm\u00e9nyt.<\/p>\n<h3>\ud83d\ude80 Engedd szabadj\u00e1ra az \u00edzek forradalm\u00e1t! \ud83d\ude80<\/h3>\n<p>K\u00e9sz\u00fclj\u00f6n fel arra, hogy az Bang DE 60000 seg\u00edts\u00e9g\u00e9vel \u00e1talak\u00edtsa a p\u00e1rologtat\u00e1s \u00e9lm\u00e9ny\u00e9t! Ez nem csak egy \u00fajabb eldobhat\u00f3 vape; ez az \u00edzek \u00e9s a teljes\u00edtm\u00e9ny maratonja egyetlen eleg\u00e1ns k\u00e9sz\u00fcl\u00e9kbe csomagolva. A hihetetlen 60 000 puff kapacit\u00e1ssal \u00e9s egy \u00fatt\u00f6r\u0151 3 az 1-ben \u00edzrendszerrel az Bang DE 60000 azok sz\u00e1m\u00e1ra k\u00e9sz\u00fclt, akik t\u00f6bbet k\u00f6vetelnek. Mondjon b\u00facs\u00fat a t\u00f6bb k\u00e9sz\u00fcl\u00e9k cipel\u00e9s\u00e9nek, \u00e9s \u00fcdv\u00f6z\u00f6lje a v\u00e9gtelen v\u00e1ltozatoss\u00e1got. Maradjon teljes kontroll alatt az intelligens digit\u00e1lis kijelz\u0151vel, amely egy pillant\u00e1ssal mutatja az akkumul\u00e1tor \u00e9s az e-folyad\u00e9k szintj\u00e9t. Itt az ideje, hogy okosabban vape-oljon, ne kem\u00e9nyebben! \ud83d\udca8<\/p>\n<h3>\u2699\ufe0f Term\u00e9kle\u00edr\u00e1sok \u2699\ufe0f<\/h3>\n<table>\n<tbody>\n<tr>\n<th>Jellemz\u0151<\/th>\n<th>R\u00e9szlet<\/th>\n<\/tr>\n<tr>\n<td>Puff kapacit\u00e1s<\/td>\n<td>Ak\u00e1r 60,000 puff<\/td>\n<\/tr>\n<tr>\n<td>Nikotin er\u0151ss\u00e9ge<\/td>\n<td>0%, 2%, 3%, 5%<\/td>\n<\/tr>\n<tr>\n<td>\u00cdzes\u00edt\u0151 \u00fczemm\u00f3d<\/td>\n<td>3 az 1-ben (A \u00edz \/ B \u00edz \/ Kombin\u00e1lt AB \u00fczemm\u00f3d)<\/td>\n<\/tr>\n<tr>\n<td>Akkumul\u00e1tor<\/td>\n<td>850mAh \u00fajrat\u00f6lthet\u0151<\/td>\n<\/tr>\n<tr>\n<td>T\u00f6lt\u0151port<\/td>\n<td>C-t\u00edpus\u00fa<\/td>\n<\/tr>\n<tr>\n<td>Tekercs t\u00edpusa<\/td>\n<td>Fejlett kett\u0151s tekercs<\/td>\n<\/tr>\n<tr>\n<td>Intelligens funkci\u00f3k<\/td>\n<td>Intelligens teljes\u00edtm\u00e9ny \u00e9s digit\u00e1lis olajjelz\u0151<\/td>\n<\/tr>\n<\/tbody>\n<\/table>\n<h3>\ud83c\udf53 H\u00e1romszoros vesz\u00e9lyt jelent\u0151 \u00edzkombin\u00e1ci\u00f3k \ud83c\udf49<\/h3>\n<p>Minden Bang DE 60000 k\u00e9sz\u00fcl\u00e9k k\u00e9t k\u00fcl\u00f6nb\u00f6z\u0151 pr\u00e9mium \u00edzes\u00edt\u00e9ssel rendelkezik. V\u00e1ltson az A \u00e9s a B \u00edz k\u00f6z\u00f6tt, vagy hozzon l\u00e9tre egy egyed\u00fcl\u00e1ll\u00f3 f\u00fazi\u00f3t, ha egyszerre aktiv\u00e1lja mindkett\u0151t (AB m\u00f3d)!<\/p>\n<table>\n<tbody>\n<tr>\n<th>A \u00edz<\/th>\n<th>B \u00edz<\/th>\n<\/tr>\n<tr>\n<td>G\u00f6r\u00f6gdinnye j\u00e9g<\/td>\n<td>\u00c1fonya menta<\/td>\n<\/tr>\n<tr>\n<td>G\u00f6r\u00f6gdinnye j\u00e9g<\/td>\n<td>\u00c1fonya cseresznye<\/td>\n<\/tr>\n<tr>\n<td>\u00c1fonya j\u00e9g<\/td>\n<td>Barack mang\u00f3 g\u00f6r\u00f6gdinnye<\/td>\n<\/tr>\n<tr>\n<td>\u00c1fonya j\u00e9g<\/td>\n<td>Barack j\u00e9g<\/td>\n<\/tr>\n<tr>\n<td>\u00c1fonya m\u00e1lna<\/td>\n<td>Vegyes bogy\u00f3s gy\u00fcm\u00f6lcs<\/td>\n<\/tr>\n<tr>\n<td>\u00c1fonya m\u00e1lna<\/td>\n<td>Sz\u0151l\u0151 j\u00e9g<\/td>\n<\/tr>\n<tr>\n<td>Red Bull<\/td>\n<td>Eper ban\u00e1n<\/td>\n<\/tr>\n<tr>\n<td>Red Bull<\/td>\n<td>\u00c1fonya g\u00f6r\u00f6gdinnye<\/td>\n<\/tr>\n<tr>\n<td>Eper mang\u00f3<\/td>\n<td>G\u00f6r\u00f6gdinnye r\u00e1g\u00f3gumi<\/td>\n<\/tr>\n<tr>\n<td>Eper mang\u00f3<\/td>\n<td>Eper Kiwi<\/td>\n<\/tr>\n<tr>\n<td>Eper g\u00f6r\u00f6gdinnye<\/td>\n<td>Fekete s\u00e1rk\u00e1ny j\u00e9g<\/td>\n<\/tr>\n<tr>\n<td>Eper g\u00f6r\u00f6gdinnye<\/td>\n<td>Kiwi Maracuja Guava<\/td>\n<\/tr>\n<\/tbody>\n<\/table>\n<h3>\u2753 Gyakran ism\u00e9telt k\u00e9rd\u00e9sek\u2753<\/h3>\n<p><strong>Hogyan m\u0171k\u00f6dik a 3 az 1-ben \u00edzes\u00edt\u0151 rendszer?<\/strong><\/p>\n<p>A k\u00e9sz\u00fcl\u00e9k egy egyszer\u0171 kapcsol\u00f3val rendelkezik, amely lehet\u0151v\u00e9 teszi, hogy kiv\u00e1lassza a Flavor A, Flavor B vagy az \"AB\" \u00fczemm\u00f3dot, amely a kett\u0151s tekercsrendszeren kereszt\u00fcl egyszerre aktiv\u00e1lja mindk\u00e9t \u00edzkamr\u00e1t, \u00e9s \u00edgy egy vadonat\u00faj \u00edzf\u00fazi\u00f3t hoz l\u00e9tre.<\/p>\n<p><strong>\u00dajrat\u00f6lthet\u0151 az Bang DE 60000?<\/strong><\/p>\n<p>Nem, az Bang DE 60000 egy eldobhat\u00f3 eszk\u00f6z, amelyet a k\u00e9nyelem \u00e9rdek\u00e9ben terveztek. Ha az e-folyad\u00e9k elfogyott, k\u00e9rj\u00fck, hogy felel\u0151sen szabaduljon meg t\u0151le. Az akkumul\u00e1tor azonban egy C-t\u00edpus\u00fa k\u00e1belen kereszt\u00fcl \u00fajrat\u00f6lthet\u0151, hogy minden egyes slukkot \u00e9lvezhessen.<\/p>\n<p><strong>Mit mutatnak a digit\u00e1lis mutat\u00f3k?<\/strong><\/p>\n<p>Az intelligens k\u00e9perny\u0151 k\u00e9t kijelz\u0151vel rendelkezik: egy a marad\u00e9k akkumul\u00e1tor sz\u00e1zal\u00e9kos \u00e9rt\u00e9k\u00e9t mutatja (Teljes\u00edtm\u00e9nyjelz\u0151), egy pedig a k\u00e9sz\u00fcl\u00e9kben maradt e-folyad\u00e9k szintj\u00e9t (Digit\u00e1lis olajjelz\u0151).<\/p>\n<p><strong>Mennyi ideig b\u00edrja a 850mAh-s akkumul\u00e1tor egy felt\u00f6lt\u00e9ssel?<\/strong><\/p>\n<p>Az akkumul\u00e1tor \u00e9lettartama az \u00d6n haszn\u00e1lati szok\u00e1sait\u00f3l f\u00fcgg, de \u00fagy tervezt\u00e9k, hogy a t\u00f6lt\u00e9sek k\u00f6z\u00f6tt jelent\u0151s sz\u00e1m\u00fa szippant\u00e1sig tartson. A Type-C port lehet\u0151v\u00e9 teszi a gyors \u00e9s k\u00e9nyelmes \u00fajrat\u00f6lt\u00e9st.<\/p>","protected":false},"excerpt":{"rendered":"<p>Tapasztald meg a p\u00e1rolg\u00e1s j\u00f6v\u0151j\u00e9t az Bang DE 60000-zal, egy 3 az 1-ben eldobhat\u00f3 vape-vel, amely hatalmas, 60.000 puffot \u00e9s tripla \u00edz technol\u00f3gi\u00e1t k\u00edn\u00e1l. T\u00f6k\u00e9letes a nagykereskedelem, a B2B \u00e9s a komoly vaperek sz\u00e1m\u00e1ra.<\/p>","protected":false},"featured_media":41998,"comment_status":"open","ping_status":"closed","template":"","meta":[],"product_brand":[239],"product_cat":[37,280,137,146,138,141,143],"product_tag":[306,308,303,305,304,302],"class_list":{"0":"post-41901","1":"product","2":"type-product","3":"status-publish","4":"has-post-thumbnail","6":"product_brand-bang","7":"product_cat-bang","8":"product_cat-cheap-rechargeable-disposable-vapes","9":"product_cat-disposable-vapes-in-germany","10":"product_cat-disposable-vapes-in-hungary","11":"product_cat-disposable-vapes-in-ltaly","12":"product_cat-disposable-vapes-in-poland","13":"product_cat-disposable-vapes-in-spain","14":"product_tag-best-disposable-vapes","15":"product_tag-disposable-vape-in-europe","16":"product_tag-screen-vape","17":"product_tag-vape-suppliers","18":"product_tag-wholesale-vapes","19":"product_tag-wholesale-vapor","21":"first","22":"instock","23":"shipping-taxable","24":"purchasable","25":"product-type-variable","26":"has-default-attributes"},"jetpack_sharing_enabled":true,"tiered_pricing_type":"fixed","tiered_pricing_fixed_rules":{"2000":5.05999999999999960920149533194489777088165283203125},"tiered_pricing_product_settings":{"layout":"default","base_unit_name":{"singular":null,"plural":null},"default_variation":null},"tiered_pricing_minimum_quantity":1000,"tiered_pricing_roles_data":[],"tiered_pricing_percentage_rules":[],"tiered_pricing_maximum_quantity":null,"tiered_pricing_quantity_step":"10","_links":{"self":[{"href":"https:\/\/aiviouvapes.com\/hu\/wp-json\/wp\/v2\/product\/41901","targetHints":{"allow":["GET"]}}],"collection":[{"href":"https:\/\/aiviouvapes.com\/hu\/wp-json\/wp\/v2\/product"}],"about":[{"href":"https:\/\/aiviouvapes.com\/hu\/wp-json\/wp\/v2\/types\/product"}],"replies":[{"embeddable":true,"href":"https:\/\/aiviouvapes.com\/hu\/wp-json\/wp\/v2\/comments?post=41901"}],"wp:featuredmedia":[{"embeddable":true,"href":"https:\/\/aiviouvapes.com\/hu\/wp-json\/wp\/v2\/media\/41998"}],"wp:attachment":[{"href":"https:\/\/aiviouvapes.com\/hu\/wp-json\/wp\/v2\/media?parent=41901"}],"wp:term":[{"taxonomy":"product_brand","embeddable":true,"href":"https:\/\/aiviouvapes.com\/hu\/wp-json\/wp\/v2\/product_brand?post=41901"},{"taxonomy":"product_cat","embeddable":true,"href":"https:\/\/aiviouvapes.com\/hu\/wp-json\/wp\/v2\/product_cat?post=41901"},{"taxonomy":"product_tag","embeddable":true,"href":"https:\/\/aiviouvapes.com\/hu\/wp-json\/wp\/v2\/product_tag?post=41901"}],"curies":[{"name":"wp","href":"https:\/\/api.w.org\/{rel}","templated":true}]}}