{"id":41846,"date":"2025-07-04T09:51:19","date_gmt":"2025-07-04T01:51:19","guid":{"rendered":"https:\/\/aiviouvapes.com\/?post_type=product&#038;p=41846"},"modified":"2026-03-24T11:26:56","modified_gmt":"2026-03-24T03:26:56","slug":"bang-blaze-60k-shisha","status":"publish","type":"product","link":"https:\/\/aiviouvapes.com\/hu\/product\/bang-blaze-60k-shisha\/","title":{"rendered":"Bang Blaze 60K Shisha 60000 Puffs | hossz\u00fa \u00e9lettartam\u00fa \u00f6mlesztett eldobhat\u00f3 vape"},"content":{"rendered":"<h3>Mi\u00e9rt v\u00e1lassza az Bang Blaze 60K Shisha-t?<\/h3>\n<ul>\n<li>\ud83d\ude80 Massz\u00edv 60,000 puff kapacit\u00e1s a hosszabb haszn\u00e1lathoz<\/li>\n<li>\ud83c\udf53 Friss \u00edzek a v\u00e9gtelen \u00edzkombin\u00e1ci\u00f3khoz<\/li>\n<li>\u26a1 \u00dajrat\u00f6lthet\u0151 1000mAh akkumul\u00e1tor C t\u00edpus\u00fa gyors t\u00f6lt\u00e9ssel<\/li>\n<li>\ud83d\udd0d LED-es intelligens k\u00e9perny\u0151 az akkumul\u00e1tor \u00e9s a t\u00f6lt\u00f6tts\u00e9gi szintek egyszer\u0171 ellen\u0151rz\u00e9s\u00e9hez<\/li>\n<li>\ud83d\udc8e Krist\u00e1lytiszta test a st\u00edlusos, pr\u00e9mium megjelen\u00e9s\u00e9rt<\/li>\n<li>\ud83c\udf2c\ufe0f Sima, kiel\u00e9g\u00edt\u0151 DTL (Direct-To-Lung) tal\u00e1latok 0,6\u03a9-os h\u00e1l\u00f3s tekerccsel.<\/li>\n<li>\ud83d\udce6 Nagykereskedelem-bar\u00e1t csomagol\u00e1s a k\u00f6nny\u0171 forgalmaz\u00e1s \u00e9rdek\u00e9ben<\/li>\n<\/ul>\n<p>A <strong>Bang Blaze 60K Shisha<\/strong> a neh\u00e9z felhaszn\u00e1l\u00f3knak, \u00edzvad\u00e1szoknak \u00e9s vape-\u00fczleteknek k\u00e9sz\u00fclt, akiknek egy er\u0151s, sokoldal\u00fa, eldobhat\u00f3 vape-re van sz\u00fcks\u00e9g\u00fck, amely soha nem okoz csal\u00f3d\u00e1st. Ak\u00e1r a boltja sz\u00e1m\u00e1ra k\u00e9szletez, ak\u00e1r egy hihetetlen funkci\u00f3kkal rendelkez\u0151, \u00f6mlesztett \u00e1ruk\u00e9szletet keres, ez a shisha ihlette mesterm\u0171 minden egyes alkalommal egyenletes teljes\u00edtm\u00e9nyt \u00e9s verhetetlen \u00edz\u00e9lm\u00e9nyt ny\u00fajt.<\/p>\n<h2>\ud83d\udd25 Bemutatjuk az Bang Blaze 60K Shisha-t! \ud83d\udd25<\/h2>\n<p>\ud83d\udca8 K\u00e9szen \u00e1llsz arra, hogy a shisha-st\u00edlus\u00fa g\u0151z\u00f6l\u00e9st a k\u00f6vetkez\u0151 szintre emeld? Ismerd meg a <strong>Bang Blaze 60K Shisha<\/strong> - egy \u00e9lvonalbeli eldobhat\u00f3 vape, amely epikus 60 000 puffot \u00e9s egy er\u0151teljes 1000mAh-s \u00fajrat\u00f6lthet\u0151 akkumul\u00e1tort tartalmaz. Ak\u00e1r az \u00edzek kedvel\u0151je, ak\u00e1r a heavy vaper, ez a krist\u00e1lytiszta, LED kijelz\u0151vel ell\u00e1tott er\u0151m\u0171 minden egyes alkalommal mer\u00e9sz \u00edzeket \u00e9s sima felh\u0151ket garant\u00e1l. T\u00f6k\u00e9letes viszontelad\u00f3knak, nagykeresked\u0151knek \u00e9s mindenkinek, aki a legjobb shisha ihlette g\u0151z\u00f6l\u00e9si \u00e9lm\u00e9nyt szeretn\u00e9 \u00e9lvezni a piacon!<\/p>\n<h3>M\u0171szaki adatok<\/h3>\n<table>\n<tbody>\n<tr>\n<th>Puff kapacit\u00e1s<\/th>\n<td>Ak\u00e1r 60,000 puff<\/td>\n<\/tr>\n<tr>\n<th>E-folyad\u00e9k kapacit\u00e1s<\/th>\n<td>40ml<\/td>\n<\/tr>\n<tr>\n<th>Akkumul\u00e1tor<\/th>\n<td>1000mAh, C-t\u00edpus\u00fa \u00fajrat\u00f6lthet\u0151<\/td>\n<\/tr>\n<tr>\n<th>Tekercs t\u00edpusa<\/th>\n<td>0.6\u03a9 h\u00e1l\u00f3s tekercs<\/td>\n<\/tr>\n<tr>\n<th>Nikotin lehet\u0151s\u00e9gek<\/th>\n<td>0%, 2%, 3%, 5%<\/td>\n<\/tr>\n<tr>\n<th>Megjelen\u00edt\u00e9s<\/th>\n<td>LED intelligens k\u00e9perny\u0151<\/td>\n<\/tr>\n<tr>\n<th>Tervez\u00e9s<\/th>\n<td>Krist\u00e1lytiszta test<\/td>\n<\/tr>\n<tr>\n<th>Csomagol\u00e1s<\/th>\n<td>8db\/csomag<\/td>\n<\/tr>\n<\/tbody>\n<\/table>\n<h3>\u00cdzek list\u00e1ja<\/h3>\n<p>H\u0171v\u00f6s Menta<br \/>\nDupla alma<br \/>\nEper Kiwi<br \/>\nG\u00f6r\u00f6gdinnye Eper dinnye<br \/>\nVegyes bogy\u00f3s gy\u00fcm\u00f6lcs\u00f6k<br \/>\nBrown Ale<br \/>\nCseresznye menta<br \/>\nBarack mang\u00f3 g\u00f6r\u00f6gdinnye<br \/>\nBlue Razz<br \/>\nMaracuja<\/p>","protected":false},"excerpt":{"rendered":"<p>Az Bang Blaze 60K Shisha eldobhat\u00f3 vape ak\u00e1r 60.000 puffot is biztos\u00edt kett\u0151s \u00edzekkel, er\u0151teljes 1000mAh akkumul\u00e1torral \u00e9s 0,6\u03a9-os h\u00e1l\u00f3s tekerccsel - t\u00f6k\u00e9letes a heavy vaperek, vape shopok \u00e9s nagykeresked\u0151k sz\u00e1m\u00e1ra.<\/p>","protected":false},"featured_media":41847,"comment_status":"open","ping_status":"closed","template":"","meta":[],"product_brand":[239],"product_cat":[37,320,137,146,138,141,143],"product_tag":[],"class_list":{"0":"post-41846","1":"product","2":"type-product","3":"status-publish","4":"has-post-thumbnail","6":"product_brand-bang","7":"product_cat-bang","8":"product_cat-best-disposable-vapes","9":"product_cat-disposable-vapes-in-germany","10":"product_cat-disposable-vapes-in-hungary","11":"product_cat-disposable-vapes-in-ltaly","12":"product_cat-disposable-vapes-in-poland","13":"product_cat-disposable-vapes-in-spain","15":"first","16":"instock","17":"shipping-taxable","18":"purchasable","19":"product-type-variable","20":"has-default-attributes"},"jetpack_sharing_enabled":true,"tiered_pricing_type":"fixed","tiered_pricing_fixed_rules":{"30":9.3300000000000000710542735760100185871124267578125,"50":7.519999999999999573674358543939888477325439453125,"100":6.87000000000000010658141036401502788066864013671875,"200":6.61000000000000031974423109204508364200592041015625,"400":6.089999999999999857891452847979962825775146484375},"tiered_pricing_product_settings":{"layout":"default","base_unit_name":{"singular":null,"plural":null},"default_variation":null},"tiered_pricing_minimum_quantity":10,"tiered_pricing_roles_data":[],"tiered_pricing_percentage_rules":[],"tiered_pricing_maximum_quantity":null,"tiered_pricing_quantity_step":"10","_links":{"self":[{"href":"https:\/\/aiviouvapes.com\/hu\/wp-json\/wp\/v2\/product\/41846","targetHints":{"allow":["GET"]}}],"collection":[{"href":"https:\/\/aiviouvapes.com\/hu\/wp-json\/wp\/v2\/product"}],"about":[{"href":"https:\/\/aiviouvapes.com\/hu\/wp-json\/wp\/v2\/types\/product"}],"replies":[{"embeddable":true,"href":"https:\/\/aiviouvapes.com\/hu\/wp-json\/wp\/v2\/comments?post=41846"}],"wp:featuredmedia":[{"embeddable":true,"href":"https:\/\/aiviouvapes.com\/hu\/wp-json\/wp\/v2\/media\/41847"}],"wp:attachment":[{"href":"https:\/\/aiviouvapes.com\/hu\/wp-json\/wp\/v2\/media?parent=41846"}],"wp:term":[{"taxonomy":"product_brand","embeddable":true,"href":"https:\/\/aiviouvapes.com\/hu\/wp-json\/wp\/v2\/product_brand?post=41846"},{"taxonomy":"product_cat","embeddable":true,"href":"https:\/\/aiviouvapes.com\/hu\/wp-json\/wp\/v2\/product_cat?post=41846"},{"taxonomy":"product_tag","embeddable":true,"href":"https:\/\/aiviouvapes.com\/hu\/wp-json\/wp\/v2\/product_tag?post=41846"}],"curies":[{"name":"wp","href":"https:\/\/api.w.org\/{rel}","templated":true}]}}