{"id":41701,"date":"2025-07-04T10:01:55","date_gmt":"2025-07-04T02:01:55","guid":{"rendered":"https:\/\/aiviouvapes.com\/?post_type=product&#038;p=41701"},"modified":"2026-03-17T23:55:13","modified_gmt":"2026-03-17T15:55:13","slug":"randm-fumot-tornado-20k","status":"publish","type":"product","link":"https:\/\/aiviouvapes.com\/hu\/product\/randm-fumot-tornado-20k\/","title":{"rendered":"RandM Fumot Tornado 20K | 20000 puff kett\u0151s h\u00e1l\u00f3s \u00f6mlesztett eldobhat\u00f3 vape"},"content":{"rendered":"<h2>Mi\u00e9rt v\u00e1lassza a RandM Fumot Tornado 20K-t?<\/h2>\n<ul>\n<li>\ud83d\udd25 Massz\u00edv 20.000 puff kapacit\u00e1s a hosszan tart\u00f3 teljes\u00edtm\u00e9ny \u00e9rdek\u00e9ben<\/li>\n<li>\ud83c\udf6d Kett\u0151s h\u00e1l\u00f3s tekercsek a gazdagabb, sim\u00e1bb \u00edz\u00e9rt<\/li>\n<li>\ud83d\udd0b 850mAh \u00fajrat\u00f6lthet\u0151 akkumul\u00e1tor C-t\u00edpus\u00fa gyors t\u00f6lt\u00e9shez<\/li>\n<li>\ud83c\udf08 Krist\u00e1lytiszta test intuit\u00edv olaj- \u00e9s akkumul\u00e1tor-kijelz\u0151vel<\/li>\n<li>\ud83d\udca8 Hatalmas 20 ml-es e-folyad\u00e9k tart\u00e1ly az \u00fajrat\u00f6lt\u00e9sek minimaliz\u00e1l\u00e1sa \u00e9rdek\u00e9ben<\/li>\n<li>\ud83c\udfaf 39 csod\u00e1latos \u00edzv\u00e1laszt\u00e9k minden \u00edzl\u00e9snek megfelel\u0151en<\/li>\n<li>\ud83d\udce6 Nagykeresked\u0151bar\u00e1t - t\u00f6k\u00e9letes kiskeresked\u0151k \u00e9s forgalmaz\u00f3k sz\u00e1m\u00e1ra<\/li>\n<\/ul>\n<p>A RandM Fumot Tornado 20K kifejezetten az \u00edzvad\u00e1szok, a neh\u00e9z felhaszn\u00e1l\u00f3k \u00e9s a vape shopok sz\u00e1m\u00e1ra k\u00e9sz\u00fclt, akik egy pr\u00e9mium eldobhat\u00f3t keresnek maxim\u00e1lis teljes\u00edtm\u00e9nnyel. Ak\u00e1r egyed\u00fcl p\u00e1rologtat, ak\u00e1r a polcokat t\u00f6lt\u00f6geti a lelkes v\u00e1s\u00e1rl\u00f3k sz\u00e1m\u00e1ra, ez az er\u0151m\u0171 egyenletes felh\u0151ket, hihetetlen \u00edzt \u00e9s leny\u0171g\u00f6z\u0151 megb\u00edzhat\u00f3s\u00e1got biztos\u00edt az elej\u00e9t\u0151l a v\u00e9g\u00e9ig. K\u00e9szen \u00e1ll a piac megrohamoz\u00e1s\u00e1ra? A Tornado 20K a legjobb v\u00e1laszt\u00e1s a v\u00e9gs\u0151, k\u00e9t \u00edz\u0171 eldobhat\u00f3 vape \u00e9lm\u00e9nyhez.<\/p>\n<h3>\ud83d\ude80 RandM Fumot Tornado 20K: Dual Mesh Double Flavor, engedd szabadj\u00e1ra az \u00edzvihart! \ud83c\udf2a\ufe0f<\/h3>\n<p>K\u00e9sz\u00fclj fel, hogy a RandM Fumot Tornado 20K-val felemeld a p\u00e1rologtat\u00f3 j\u00e1t\u00e9kodat! Hihetetlen 20 000 puffol\u00e1ssal, er\u0151teljes kett\u0151s h\u00e1l\u00f3s tekercsekkel \u00e9s egy leny\u0171g\u00f6z\u0151 20mL-es e-folyad\u00e9k tart\u00e1llyal rendelkezik, ez a k\u00e9sz\u00fcl\u00e9k az els\u0151 puffol\u00e1st\u00f3l az utols\u00f3ig sima, egyenletes \u00edzre \u00e9p\u00fclt. Ak\u00e1r egy kiel\u00e9g\u00edt\u0151 sl\u00e1gert, ak\u00e1r egy nagykereskedelmi opci\u00f3t keres vape \u00fczlet\u00e9hez, a Tornado 20K a nagy teljes\u00edtm\u00e9nyt verhetetlen \u00edzv\u00e1laszt\u00e9kkal kombin\u00e1lja, hogy minden v\u00e1s\u00e1rl\u00f3t kiel\u00e9g\u00edtsen.<\/p>\n<h3>M\u0171szaki adatok<\/h3>\n<table>\n<tbody>\n<tr>\n<th>Jellemz\u0151<\/th>\n<th>R\u00e9szletek<\/th>\n<\/tr>\n<tr>\n<td>Puff kapacit\u00e1s<\/td>\n<td>Ak\u00e1r 20,000 puff<\/td>\n<\/tr>\n<tr>\n<td>E-folyad\u00e9k kapacit\u00e1s<\/td>\n<td>20 ml<\/td>\n<\/tr>\n<tr>\n<td>Akkumul\u00e1tor<\/td>\n<td>850mAh \u00fajrat\u00f6lthet\u0151 (Type-C)<\/td>\n<\/tr>\n<tr>\n<td>Tekercs t\u00edpusa<\/td>\n<td>Dual Mesh tekercs<\/td>\n<\/tr>\n<tr>\n<td>Nikotin lehet\u0151s\u00e9gek<\/td>\n<td>2%, 3%, 5%<\/td>\n<\/tr>\n<tr>\n<td>Megjelen\u00edt\u00e9s<\/td>\n<td>Olaj \u00e9s akkumul\u00e1tor kijelz\u0151<\/td>\n<\/tr>\n<tr>\n<td>Tervez\u00e9s<\/td>\n<td>Krist\u00e1lytiszta test<\/td>\n<\/tr>\n<\/tbody>\n<\/table>\n<h3>Legjobb \u00edzek<\/h3>\n<p>\u00c1fonya m\u00e1lna kem\u00e9ny cukorka<\/p>\n<p>Blue Razz<\/p>\n<p>Eper Kiwi<\/p>\n<p>Barack anan\u00e1sz narancs<\/p>\n<p>Skittles<\/p>\n<p>Barack mang\u00f3 g\u00f6r\u00f6gdinnye<\/p>\n<p>Eper fagylalt<\/p>\n<p>K\u00f6rte j\u00e9g<\/p>\n<p>Vattacukor<\/p>\n<p>Jelly Beans<\/p>\n<p>Uborka limon\u00e1d\u00e9<\/p>\n<p>Pina Colada<\/p>\n<p>Huckleberry<\/p>\n<p>G\u00f6r\u00f6gdinnye j\u00e9g<\/p>\n<p>Eper g\u00f6r\u00f6gdinnye<\/p>\n<p>Vegyes bogy\u00f3s gy\u00fcm\u00f6lcs<\/p>\n<p>Lychee dinnye<\/p>\n<p>Cherry Lime<\/p>\n<p>Anan\u00e1sz citrom alma<\/p>\n<p>Ban\u00e1n torta<\/p>\n<p>Mr Blue<\/p>\n<p>Cherry<\/p>\n<p>Cherry Cola<\/p>\n<p>Kiwi Maracuja Guava<\/p>\n<p>Eper j\u00e9g<\/p>\n<p>Eper cseresznye j\u00e9g<\/p>\n<p>Cherry Berry<\/p>\n<p>\u00c1fonya savany\u00fa m\u00e1lna<\/p>\n<p>Barack bogy\u00f3<\/p>\n<p>K\u00e9k Razz gumimacik<\/p>\n<p>H\u0171v\u00f6s Menta<\/p>\n<p>\u00c1fonya j\u00e9g<\/p>\n<p>Kaktusz j\u00e9g<\/p>\n<p>V\u00f6r\u00f6s sz\u0151l\u0151 lime<\/p>\n<p>Cola citrom<\/p>\n<p>Fekete ribizli alma<\/p>\n<p>Kaktusz Kiwi<\/p>\n<p>Cola J\u00e9g<\/p>","protected":false},"excerpt":{"rendered":"<p>Tapasztalja meg a RandM Fumot Tornado 20K-t 20 000 puffol\u00e1ssal, kett\u0151s h\u00e1l\u00f3s tekercsekkel \u00e9s mer\u00e9sz \u00edzekkel - a vape szerelmeseinek k\u00e9sz\u00fclt.<\/p>","protected":false},"featured_media":41705,"comment_status":"open","ping_status":"closed","template":"","meta":[],"product_brand":[231],"product_cat":[35,137,146,138,141,143],"product_tag":[],"class_list":{"0":"post-41701","1":"product","2":"type-product","3":"status-publish","4":"has-post-thumbnail","6":"product_brand-randm","7":"product_cat-randm","8":"product_cat-disposable-vapes-in-germany","9":"product_cat-disposable-vapes-in-hungary","10":"product_cat-disposable-vapes-in-ltaly","11":"product_cat-disposable-vapes-in-poland","12":"product_cat-disposable-vapes-in-spain","14":"first","15":"instock","16":"shipping-taxable","17":"purchasable","18":"product-type-variable","19":"has-default-attributes"},"jetpack_sharing_enabled":true,"tiered_pricing_type":"fixed","tiered_pricing_fixed_rules":{"30":10.050000000000000710542735760100185871124267578125,"50":8.230000000000000426325641456060111522674560546875,"100":7.5800000000000000710542735760100185871124267578125,"200":7.19000000000000039079850466805510222911834716796875,"400":6.7400000000000002131628207280300557613372802734375},"tiered_pricing_product_settings":{"layout":"default","base_unit_name":{"singular":null,"plural":null},"default_variation":null},"tiered_pricing_minimum_quantity":10,"tiered_pricing_roles_data":[],"tiered_pricing_percentage_rules":[],"tiered_pricing_maximum_quantity":null,"tiered_pricing_quantity_step":"10","_links":{"self":[{"href":"https:\/\/aiviouvapes.com\/hu\/wp-json\/wp\/v2\/product\/41701","targetHints":{"allow":["GET"]}}],"collection":[{"href":"https:\/\/aiviouvapes.com\/hu\/wp-json\/wp\/v2\/product"}],"about":[{"href":"https:\/\/aiviouvapes.com\/hu\/wp-json\/wp\/v2\/types\/product"}],"replies":[{"embeddable":true,"href":"https:\/\/aiviouvapes.com\/hu\/wp-json\/wp\/v2\/comments?post=41701"}],"wp:featuredmedia":[{"embeddable":true,"href":"https:\/\/aiviouvapes.com\/hu\/wp-json\/wp\/v2\/media\/41705"}],"wp:attachment":[{"href":"https:\/\/aiviouvapes.com\/hu\/wp-json\/wp\/v2\/media?parent=41701"}],"wp:term":[{"taxonomy":"product_brand","embeddable":true,"href":"https:\/\/aiviouvapes.com\/hu\/wp-json\/wp\/v2\/product_brand?post=41701"},{"taxonomy":"product_cat","embeddable":true,"href":"https:\/\/aiviouvapes.com\/hu\/wp-json\/wp\/v2\/product_cat?post=41701"},{"taxonomy":"product_tag","embeddable":true,"href":"https:\/\/aiviouvapes.com\/hu\/wp-json\/wp\/v2\/product_tag?post=41701"}],"curies":[{"name":"wp","href":"https:\/\/api.w.org\/{rel}","templated":true}]}}