{"id":41615,"date":"2025-07-02T00:17:15","date_gmt":"2025-07-01T16:17:15","guid":{"rendered":"https:\/\/aiviouvapes.com\/?post_type=product&#038;p=41615"},"modified":"2026-04-07T09:58:54","modified_gmt":"2026-04-07T01:58:54","slug":"bang-king-triple-flavors-85000","status":"publish","type":"product","link":"https:\/\/aiviouvapes.com\/hu\/product\/bang-king-triple-flavors-85000\/","title":{"rendered":"Bang King 85K 3 az 1-ben 85000 Puffs | h\u00e1romszoros \u00edz\u0171 \u00f6mlesztett eldobhat\u00f3 vape"},"content":{"rendered":"<h2>\ud83c\udf89 <strong>Mi\u00e9rt \u00e9rdemes megv\u00e1s\u00e1rolni az Bang King 85K-t?<\/strong><\/h2>\n<p>Ha hosszan tart\u00f3, er\u0151teljes g\u0151z\u00f6l\u00e9sre v\u00e1gyik, v\u00e9gs\u0151 \u00edzbeli rugalmass\u00e1ggal, akkor az Bang King 85K az \u00faj legjobb bar\u00e1tja. \u00c9lvezze a <strong>85,000 puff<\/strong>, egy hatalmas <strong>63mL<\/strong> teljes e-folyad\u00e9k kapacit\u00e1s, \u00e9s a h\u00e1rom \u00e1ll\u00edthat\u00f3 \u00edz k\u00f6z\u00f6tt val\u00f3 v\u00e1lt\u00e1s szabads\u00e1ga. Ak\u00e1r a gy\u00fcm\u00f6lcs\u00f6s, jeges vagy sz\u00f3da ihlette kever\u00e9keket szereti, ez a h\u00e1romszoros h\u00e1l\u00f3s tekercses vape minden egyes slukkn\u00e1l sima, egyenletes felh\u0151ket biztos\u00edt. T\u00f6k\u00e9letes a nagybev\u00e1s\u00e1rl\u00f3k, kiskeresked\u0151k vagy a megb\u00edzhat\u00f3, kiel\u00e9g\u00edt\u0151 \u00fcl\u00e9seket keres\u0151 heavy vaperek sz\u00e1m\u00e1ra.<\/p>\n<h3>\ud83d\udd0d <strong>M\u0171szaki adatok<\/strong><\/h3>\n<ul>\n<li><strong>Nikotin er\u0151ss\u00e9g:<\/strong> 0% \/ 2% \/ 3% \/ 5%<\/li>\n<li><strong>Puff sz\u00e1m:<\/strong> 85,000 puff<\/li>\n<li><strong>\u00cdzek \u00c1ll\u00edthat\u00f3:<\/strong> 3 \u00edz \u00e1ll\u00edthat\u00f3<\/li>\n<li><strong>E-folyad\u00e9k kapacit\u00e1s:<\/strong> 21mL \u00d7 3 (\u00f6sszesen 63mL)<\/li>\n<li><strong>Akkumul\u00e1tor kapacit\u00e1s:<\/strong> 600mAh \u00fajrat\u00f6lthet\u0151<\/li>\n<li><strong>Tekercs t\u00edpusa:<\/strong> H\u00e1romszoros h\u00e1l\u00f3s tekercs (1.0\u03a9)<\/li>\n<li><strong>Megjelen\u00edt\u00e9s:<\/strong> LED k\u00e9perny\u0151<\/li>\n<li><strong>T\u00f6lt\u00e9s:<\/strong> C-t\u00edpus\u00fa<\/li>\n<li><strong>Csomagol\u00e1s:<\/strong> 10 db csomagonk\u00e9nt<\/li>\n<li><strong>\u00cdzv\u00e1laszt\u00e9k:<\/strong> 16 h\u00e1rmas \u00edzkombin\u00e1ci\u00f3<\/li>\n<\/ul>\n<h3>\ud83c\udf08 <strong>\u00cdzv\u00e1laszt\u00e1si lehet\u0151s\u00e9gek<\/strong><\/h3>\n<p>Fedezze fel ezeket az \u00ednycsikland\u00f3 kombin\u00e1ci\u00f3kat, hogy minden \u00edzl\u00e9st kiel\u00e9g\u00edtsen:<\/p>\n<ul>\n<li>G\u00f6r\u00f6gdinnye j\u00e9g &amp; Red Bull &amp; eper-kiwi<\/li>\n<li>Epres van\u00edliak\u00f3la &amp; Fekete s\u00e1rk\u00e1ny j\u00e9g &amp; Barack j\u00e9g<\/li>\n<li>\u00c1fonya Ice &amp; Citrom Lime &amp; Eper g\u00f6r\u00f6gdinnye<\/li>\n<li>Kiwi Passion Fruit Guava &amp; Lush Ice &amp; Straw Mango<\/li>\n<li>Eper ban\u00e1n &amp; r\u00f3zsasz\u00edn limon\u00e1d\u00e9 &amp; m\u00e1lna g\u00f6r\u00f6gdinnye<\/li>\n<li>Blue Razz Ice &amp; Eper g\u00f6r\u00f6gdinnye &amp; g\u00f6r\u00f6gdinnye j\u00e9g<\/li>\n<li>Barack Mang\u00f3 &amp; K\u00e9k Razz Cseresznye &amp; Cool Menta<\/li>\n<li>Bogy\u00f3s limon\u00e1d\u00e9 &amp; eper Red Bull &amp; eper Pomp<\/li>\n<li>Tr\u00f3pusi gy\u00fcm\u00f6lcs \u00e9s citrom Barack \u00e9s eper G\u00f6r\u00f6gdinnye<\/li>\n<li>Dupla alma &amp; anan\u00e1sz j\u00e9g &amp; gy\u00fcm\u00f6lcs\u00f6s f\u00fazi\u00f3<\/li>\n<li>Anan\u00e1szos k\u00f3kusz &amp; K\u00e9k Razz &amp; Epres ban\u00e1n<\/li>\n<li>Cola Ice &amp; Cherry Cola &amp; Mr Blue<\/li>\n<li>Eper g\u00f6r\u00f6gdinnye &amp; tripla dinnye &amp; eper j\u00e9g<\/li>\n<li>Epres f\u00e1nk &amp; Love 66 &amp; Ban\u00e1n j\u00e9g<\/li>\n<li>Vegyes bogy\u00f3s gy\u00fcm\u00f6lcs\u00f6k \u00e9s mang\u00f3 Barack \u00e9s sz\u0151l\u0151 j\u00e9g<\/li>\n<li>Ice Tea citromos j\u00e9g &amp; licsi j\u00e9g &amp; mang\u00f3 j\u00e9gen<\/li>\n<\/ul>","protected":false},"excerpt":{"rendered":"<p>K\u00e9sz\u00fclj fel a h\u00e1romszoros \u00edzhat\u00e1sra! Az \u00faj Bang King 85K 85 000 puffot, 3 \u00e1ll\u00edthat\u00f3 \u00edzvil\u00e1got \u00e9s hatalmas kapacit\u00e1st k\u00edn\u00e1l egyetlen mer\u00e9sz, \u00fajrat\u00f6lthet\u0151 eldobhat\u00f3 vape-ben.<\/p>","protected":false},"featured_media":41617,"comment_status":"open","ping_status":"closed","template":"","meta":[],"product_brand":[239],"product_cat":[37,336,242,320,90],"product_tag":[384,382,381,383,385],"class_list":{"0":"post-41615","1":"product","2":"type-product","3":"status-publish","4":"has-post-thumbnail","6":"product_brand-bang","7":"product_cat-bang","8":"product_cat-100k-puffs-disposable-vape","9":"product_cat-60000-puffs-disposable-vape","10":"product_cat-best-disposable-vapes","11":"product_cat-big-puffs-vapes","12":"product_tag-3-in-1-adjustable-flavor-vape","13":"product_tag-85000-puffs-triple-flavor-vape","14":"product_tag-bang-king-85k-disposable-vape","15":"product_tag-bulk-rechargeable-vape-device","16":"product_tag-long-lasting-mesh-coil-vape","18":"first","19":"instock","20":"shipping-taxable","21":"purchasable","22":"product-type-variable","23":"has-default-attributes"},"jetpack_sharing_enabled":true,"tiered_pricing_type":"fixed","tiered_pricing_fixed_rules":{"2000":5.37000000000000010658141036401502788066864013671875},"tiered_pricing_product_settings":{"layout":"default","base_unit_name":{"singular":null,"plural":null},"default_variation":null},"tiered_pricing_minimum_quantity":1000,"tiered_pricing_roles_data":[],"tiered_pricing_percentage_rules":[],"tiered_pricing_maximum_quantity":null,"tiered_pricing_quantity_step":"10","_links":{"self":[{"href":"https:\/\/aiviouvapes.com\/hu\/wp-json\/wp\/v2\/product\/41615","targetHints":{"allow":["GET"]}}],"collection":[{"href":"https:\/\/aiviouvapes.com\/hu\/wp-json\/wp\/v2\/product"}],"about":[{"href":"https:\/\/aiviouvapes.com\/hu\/wp-json\/wp\/v2\/types\/product"}],"replies":[{"embeddable":true,"href":"https:\/\/aiviouvapes.com\/hu\/wp-json\/wp\/v2\/comments?post=41615"}],"wp:featuredmedia":[{"embeddable":true,"href":"https:\/\/aiviouvapes.com\/hu\/wp-json\/wp\/v2\/media\/41617"}],"wp:attachment":[{"href":"https:\/\/aiviouvapes.com\/hu\/wp-json\/wp\/v2\/media?parent=41615"}],"wp:term":[{"taxonomy":"product_brand","embeddable":true,"href":"https:\/\/aiviouvapes.com\/hu\/wp-json\/wp\/v2\/product_brand?post=41615"},{"taxonomy":"product_cat","embeddable":true,"href":"https:\/\/aiviouvapes.com\/hu\/wp-json\/wp\/v2\/product_cat?post=41615"},{"taxonomy":"product_tag","embeddable":true,"href":"https:\/\/aiviouvapes.com\/hu\/wp-json\/wp\/v2\/product_tag?post=41615"}],"curies":[{"name":"wp","href":"https:\/\/api.w.org\/{rel}","templated":true}]}}