{"id":40311,"date":"2025-06-26T10:24:16","date_gmt":"2025-06-26T02:24:16","guid":{"rendered":"https:\/\/aiviouvapes.com\/?post_type=product&#038;p=40311"},"modified":"2026-04-17T13:00:48","modified_gmt":"2026-04-17T05:00:48","slug":"vozol-gear-shisha-25000","status":"publish","type":"product","link":"https:\/\/aiviouvapes.com\/hu\/product\/vozol-gear-shisha-25000\/","title":{"rendered":"Vozol GEAR SHISHA 25000 | 25k kett\u0151s \u00fczemm\u00f3d 25000 puff, intelligens k\u00e9perny\u0151 \u00f6mlesztett eldobhat\u00f3 vape"},"content":{"rendered":"<p><img data-recalc-dims=\"1\" loading=\"lazy\" decoding=\"async\" class=\"alignnone\" src=\"https:\/\/i0.wp.com\/sleekvape.com\/cdn-cgi\/image\/width%3D1015%2Cheight%3D599%2Cfit%3Dcrop%2Cquality%3D90%2Cgravity%3Dauto%2Csharpen%3D1%2Cmetadata%3Dnone%2Cformat%3Dauto%2Conerror%3Dredirect\/wp-content\/uploads\/2025\/04\/vozol-%E6%98%AF%E5%95%A5.png?resize=1020%2C602&#038;ssl=1\" alt=\"Prom\u00f3ci\u00f3s k\u00e9p a VozoL Pod Systemr\u0151l, kiemelve az olyan funkci\u00f3kat, mint a vil\u00e1g els\u0151 audio-interakt\u00edv DTL eldobhat\u00f3, robusztus 1000 mAh akkumul\u00e1tor, a Si.L.C Tech \u00e1ltal k\u00e9sz\u00edtett intelligens chip, kett\u0151s h\u00e1l\u00f3s tekercs, \u00e1ll\u00edthat\u00f3 l\u00e9g\u00e1raml\u00e1s, sz\u00ednes k\u00e9perny\u0151, valamint \u00f6ko \u00e9s power \u00fczemm\u00f3dok 25000 \u00e9s 18000 puffol\u00e1sra.\" width=\"1020\" height=\"602\" title=\"\"><\/p>\n<h2>\ud83d\ude80 Vozol GEAR SHISHA 25000 - Intelligens, er\u0151teljes \u00e9s tele van \u00edzekkel<\/h2>\n<p>\ud83d\udd25 Bemutatkozik a <strong>Vozol FOGASKER\u00c9K SHISHA 25000<\/strong> - a v\u00e9gs\u0151 eldobhat\u00f3 vape, amelyet komoly vaperek \u00e9s intelligens kiskeresked\u0151k sz\u00e1m\u00e1ra terveztek. A <strong>kett\u0151s \u00fczemm\u00f3dok<\/strong> (ECO &amp; Power), egy \u00e9l\u00e9nk <strong>2,1 h\u00fcvelykes sz\u00ednes k\u00e9perny\u0151<\/strong>, \u00e9s egy hanggal feljav\u00edtott intelligens chip, ez a vape nem csak teljes\u00edt, hanem besz\u00e9l az \u00d6n nyelv\u00e9n. Ak\u00e1r felh\u0151ket kergetsz, ak\u00e1r \u00edzlelgeted az \u00edzeket, ez az er\u0151m\u0171 minden alkalommal teljes\u00edt. \ud83d\udca8<\/p>\n<h3>M\u0171szaki adatok<\/h3>\n<table>\n<tbody>\n<tr>\n<th>Term\u00e9k neve<\/th>\n<td>Vozol FOGASKER\u00c9K SHISHA 25000<\/td>\n<\/tr>\n<tr>\n<th>Puff kapacit\u00e1s<\/th>\n<td>25,000 (ECO \u00fczemm\u00f3d) \/ 18,000 (teljes\u00edtm\u00e9ny \u00fczemm\u00f3d)<\/td>\n<\/tr>\n<tr>\n<th>E-folyad\u00e9k kapacit\u00e1s<\/th>\n<td>25ml<\/td>\n<\/tr>\n<tr>\n<th>Akkumul\u00e1tor<\/th>\n<td>1000mAh (\u00fajrat\u00f6lthet\u0151, Type-C)<\/td>\n<\/tr>\n<tr>\n<th>Tekercs t\u00edpusa<\/th>\n<td>Dual Mesh tekercs<\/td>\n<\/tr>\n<tr>\n<th>Nikotin lehet\u0151s\u00e9gek<\/th>\n<td>5%<\/td>\n<\/tr>\n<tr>\n<th>Megjelen\u00edt\u00e9s<\/th>\n<td>2,1 h\u00fcvelykes sz\u00ednes intelligens k\u00e9perny\u0151<\/td>\n<\/tr>\n<tr>\n<th>Tervez\u00e9s<\/th>\n<td>Sziv\u00e1rg\u00e1smentes, Audio-interakt\u00edv, \u00e1ll\u00edthat\u00f3 l\u00e9g\u00e1raml\u00e1s<\/td>\n<\/tr>\n<\/tbody>\n<\/table>\n<h3>\u00cdzkombin\u00e1ci\u00f3k<\/h3>\n<table>\n<tbody>\n<tr>\n<th>A terem<\/th>\n<th>B terem<\/th>\n<\/tr>\n<tr>\n<td>K\u00e9t alma<\/td>\n<td>G\u00f6r\u00f6gdinnye j\u00e9g<\/td>\n<\/tr>\n<tr>\n<td>Mango fagyaszt\u00e1s<\/td>\n<td>Mango barack<\/td>\n<\/tr>\n<tr>\n<td>\u00c1fonya j\u00e9g<\/td>\n<td>Parf\u00fcm citrom<\/td>\n<\/tr>\n<tr>\n<td>K\u00e9k Razz j\u00e9g<\/td>\n<td>Sz\u0151l\u0151 j\u00e9g<\/td>\n<\/tr>\n<tr>\n<td>Eper Kiwi<\/td>\n<td>\u00c1fonya g\u00f6r\u00f6gdinnye<\/td>\n<\/tr>\n<tr>\n<td>Cherry Cola<\/td>\n<td>K\u00e9k Mojito<\/td>\n<\/tr>\n<tr>\n<td>Love 777<\/td>\n<td>Moszkvai est\u00e9k<\/td>\n<\/tr>\n<tr>\n<td>Maiden Killer<\/td>\n<td>Cherry Ice<\/td>\n<\/tr>\n<tr>\n<td>Barack j\u00e9g<\/td>\n<td>\u00c9des golgotavir\u00e1g<\/td>\n<\/tr>\n<tr>\n<td>Fagyasztott eper-kiwi<\/td>\n<td>Maracuja gy\u00fcm\u00f6lcs licsi narancs<\/td>\n<\/tr>\n<tr>\n<td colspan=\"2\">S\u00e1rk\u00e1nygy\u00fcm\u00f6lcs ban\u00e1n cseresznye<\/td>\n<\/tr>\n<\/tbody>\n<\/table>\n<h3>Mi\u00e9rt v\u00e1lassza az Vozol GEAR SHISHA 25000-et?<\/h3>\n<ul>\n<li>\ud83d\udd25 Ak\u00e1r 25.000 f\u00faj\u00e1s ECO \u00fczemm\u00f3dban a hosszabb haszn\u00e1lathoz<\/li>\n<li>\ud83d\udca8 Teljes\u00edtm\u00e9ny \u00fczemm\u00f3d intenz\u00edv g\u0151zzel a felh\u0151vad\u00e1szok sz\u00e1m\u00e1ra<\/li>\n<li>\ud83c\udfaf A kett\u0151s h\u00e1l\u00f3s tekercs biztos\u00edtja a gazdag, egyenletes \u00edzszolg\u00e1ltat\u00e1st<\/li>\n<li>\ud83d\udd0b 1000mAh akkumul\u00e1tor C t\u00edpus\u00fa gyors t\u00f6lt\u00e9ssel<\/li>\n<li>\ud83d\udcfa 2.1 \"intelligens k\u00e9perny\u0151 mutatja a puffok sz\u00e1m\u00e1t, az \u00fczemm\u00f3dot \u00e9s az akkumul\u00e1tort<\/li>\n<li>\ud83c\udfa7 Az audio-interakt\u00edv chip val\u00f3s idej\u0171 hangvisszajelz\u00e9st biztos\u00edt<\/li>\n<li>\ud83c\udf2c\ufe0f \u00c1ll\u00edthat\u00f3 l\u00e9g\u00e1raml\u00e1s \u00e9s fluiddinamikai l\u00e9g\u00fat a sima h\u00faz\u00e1s \u00e9rdek\u00e9ben<\/li>\n<li>\ud83d\udeab Sziv\u00e1rg\u00e1s\u00e1ll\u00f3 szerkezet a tiszta, rendetlen p\u00e1rologtat\u00e1shoz<\/li>\n<li>\ud83c\udfa8 T\u00f6bb mint 21 mer\u00e9sz \u00edzv\u00e1laszt\u00e9k, hogy minden \u00edzl\u00e9snek megfeleljen<\/li>\n<\/ul>\n<p>Ak\u00e1r az \u00edzek elk\u00f6telezett rajong\u00f3ja, ak\u00e1r \u00f6mlesztett v\u00e1s\u00e1rl\u00f3, vagy egy olyan vape shopot vezet, amely kiemelked\u0151 term\u00e9keket ig\u00e9nyel, a <strong>Vozol FOGASKER\u00c9K SHISHA 25000<\/strong> st\u00edlus, technol\u00f3gia \u00e9s teljes\u00edtm\u00e9ny egyetlen kompakt er\u0151m\u0171ben. Nagy volumen\u0171 felhaszn\u00e1l\u00f3k sz\u00e1m\u00e1ra k\u00e9sz\u00fclt, \u00e9s \u00fagy tervezt\u00e9k, hogy nagy- \u00e9s kiskereskedelmi k\u00f6rnyezetben egyar\u00e1nt leny\u0171g\u00f6zze a felhaszn\u00e1l\u00f3kat. \ud83d\udd04\ud83d\udcbc<\/p>","protected":false},"excerpt":{"rendered":"<p>V\u00e1s\u00e1rolja meg az Vozol GEAR SHISHA 25000 - egy nagy teljes\u00edtm\u00e9ny\u0171 eldobhat\u00f3 vape 25 000 puffal, kett\u0151s h\u00e1l\u00f3s tekercsekkel, intelligens k\u00e9perny\u0151vel \u00e9s 21 \u00edzv\u00e1laszt\u00e9kkal. T\u00f6k\u00e9letes a nagy felhaszn\u00e1l\u00f3k \u00e9s a nagykereskedelmi v\u00e1s\u00e1rl\u00f3k sz\u00e1m\u00e1ra.<\/p>","protected":false},"featured_media":39968,"comment_status":"open","ping_status":"closed","template":"","meta":[],"product_brand":[250],"product_cat":[249],"product_tag":[],"class_list":{"0":"post-40311","1":"product","2":"type-product","3":"status-publish","4":"has-post-thumbnail","6":"product_brand-vozol","7":"product_cat-vozol","9":"first","10":"instock","11":"shipping-taxable","12":"purchasable","13":"product-type-variable","14":"has-default-attributes"},"jetpack_sharing_enabled":true,"tiered_pricing_type":"fixed","tiered_pricing_fixed_rules":{"2000":6.71999999999999975131004248396493494510650634765625},"tiered_pricing_product_settings":{"layout":"default","base_unit_name":{"singular":null,"plural":null},"default_variation":null},"tiered_pricing_minimum_quantity":1000,"tiered_pricing_roles_data":[],"tiered_pricing_percentage_rules":[],"tiered_pricing_maximum_quantity":null,"tiered_pricing_quantity_step":"100","_links":{"self":[{"href":"https:\/\/aiviouvapes.com\/hu\/wp-json\/wp\/v2\/product\/40311","targetHints":{"allow":["GET"]}}],"collection":[{"href":"https:\/\/aiviouvapes.com\/hu\/wp-json\/wp\/v2\/product"}],"about":[{"href":"https:\/\/aiviouvapes.com\/hu\/wp-json\/wp\/v2\/types\/product"}],"replies":[{"embeddable":true,"href":"https:\/\/aiviouvapes.com\/hu\/wp-json\/wp\/v2\/comments?post=40311"}],"wp:featuredmedia":[{"embeddable":true,"href":"https:\/\/aiviouvapes.com\/hu\/wp-json\/wp\/v2\/media\/39968"}],"wp:attachment":[{"href":"https:\/\/aiviouvapes.com\/hu\/wp-json\/wp\/v2\/media?parent=40311"}],"wp:term":[{"taxonomy":"product_brand","embeddable":true,"href":"https:\/\/aiviouvapes.com\/hu\/wp-json\/wp\/v2\/product_brand?post=40311"},{"taxonomy":"product_cat","embeddable":true,"href":"https:\/\/aiviouvapes.com\/hu\/wp-json\/wp\/v2\/product_cat?post=40311"},{"taxonomy":"product_tag","embeddable":true,"href":"https:\/\/aiviouvapes.com\/hu\/wp-json\/wp\/v2\/product_tag?post=40311"}],"curies":[{"name":"wp","href":"https:\/\/api.w.org\/{rel}","templated":true}]}}