{"id":40000,"date":"2025-07-02T10:12:19","date_gmt":"2025-07-02T02:12:19","guid":{"rendered":"https:\/\/aiviouvapes.com\/?post_type=product&#038;p=40000"},"modified":"2026-04-17T13:00:44","modified_gmt":"2026-04-17T05:00:44","slug":"vozol-rave-40000-puffs","status":"publish","type":"product","link":"https:\/\/aiviouvapes.com\/hu\/product\/vozol-rave-40000-puffs\/","title":{"rendered":"Vozol Rave 40000 Puffs | dual-mode \u00f6mlesztett eldobhat\u00f3 vape"},"content":{"rendered":"<h3>\ud83c\udf1f Mi\u00e9rt v\u00e1lassza az Vozol Rave 40000-t?<\/h3>\n<ul>\n<li>Ak\u00e1r 40,000 f\u00faj\u00e1s a hosszan tart\u00f3 el\u00e9gedetts\u00e9g\u00e9rt<\/li>\n<li>Kett\u0151s h\u00e1l\u00f3s tekercs az intenz\u00edv \u00edz\u00e9rt \u00e9s a gazdag g\u0151z\u00e9rt<\/li>\n<li>LED zene-reakt\u00edv f\u00e9nyek a sz\u00f3rakoztat\u00f3, st\u00edlusos hangulat\u00e9rt<\/li>\n<li>USB-C gyorst\u00f6lt\u00e9s - 80% mind\u00f6ssze 20 perc alatt<\/li>\n<li>L\u00e9g\u00e1raml\u00e1s-be\u00e1ll\u00edt\u00e1s a szem\u00e9lyre szabott bel\u00e9gz\u00e9shez<\/li>\n<li>20 hihetetlen \u00edzkombin\u00e1ci\u00f3 minden \u00edzl\u00e9snek megfelel\u0151en<\/li>\n<li>Kompakt \u00e9s k\u00f6nnyen hordozhat\u00f3<\/li>\n<li>T\u00f6k\u00e9letes a neh\u00e9z felhaszn\u00e1l\u00f3k, \u00edzvad\u00e1szok \u00e9s vape viszontelad\u00f3k sz\u00e1m\u00e1ra.<\/li>\n<\/ul>\n<p>Ak\u00e1r a kiskereskedelmi polcokon szeretne kit\u0171nni, ak\u00e1r a nagykereskedelmi v\u00e1s\u00e1rl\u00f3k sz\u00e1m\u00e1ra szeretne k\u00e9szletet k\u00e9szletezni, a <strong>Vozol Rave 40000<\/strong> arra \u00e9p\u00fcl, hogy teljes\u00edtsen. Nagy kapacit\u00e1s\u00fa kialak\u00edt\u00e1sa, fejlett funkci\u00f3i \u00e9s verhetetlen \u00edzv\u00e1laszt\u00e9ka t\u00f6k\u00e9letes v\u00e1laszt\u00e1ss\u00e1 teszi a vape-rajong\u00f3k, az \u00edzek hajszol\u00f3i \u00e9s a vape-boltok sz\u00e1m\u00e1ra, amelyek c\u00e9lja, hogy leny\u0171g\u00f6zz\u00e9k v\u00e1s\u00e1rl\u00f3ikat.<\/p>\n<h2>\ud83c\udf89 Ismerje meg az Vozol Rave 40000 - a v\u00e9gs\u0151 eldobhat\u00f3 Vape! \ud83c\udf89<\/h2>\n<p>K\u00e9sz\u00fclj fel a vape j\u00e1t\u00e9kod felgy\u00fajt\u00e1s\u00e1ra a <strong>Vozol Rave 40000<\/strong>! Kett\u0151s h\u00e1l\u00f3s tekercs technol\u00f3gi\u00e1val, \u00e9l\u00e9nk LED zen\u00e9re reag\u00e1l\u00f3 k\u00e9perny\u0151vel \u00e9s egy hatalmas <strong>ak\u00e1r 40,000 f\u00faj\u00e1s<\/strong>, ez a kompakt, m\u00e9gis nagy teljes\u00edtm\u00e9ny\u0171 k\u00e9sz\u00fcl\u00e9ket komoly \u00edzek kedvel\u0151inek \u00e9s nagykereskedelmi v\u00e1s\u00e1rl\u00f3knak tervezt\u00e9k. \u00c1ll\u00edtsa be a l\u00e9g\u00e1raml\u00e1st, v\u00e1ltson \u00fczemm\u00f3dot, \u00e9s \u00e9lvezze a vill\u00e1mgyors Type-C t\u00f6lt\u00e9st - mindezt egy st\u00edlusos, zsebbar\u00e1t kialak\u00edt\u00e1sba csomagolva, amely maxim\u00e1lis teljes\u00edtm\u00e9nyt ny\u00fajt nulla gond n\u00e9lk\u00fcl.<\/p>\n<h3>M\u0171szaki adatok<\/h3>\n<table>\n<tbody>\n<tr>\n<th>Jellemz\u0151<\/th>\n<th>R\u00e9szletek<\/th>\n<\/tr>\n<tr>\n<td>Puff kapacit\u00e1s<\/td>\n<td>40,000 (norm\u00e1l) \/ 25,000 (extra er\u0151s)<\/td>\n<\/tr>\n<tr>\n<td>E-folyad\u00e9k kapacit\u00e1s<\/td>\n<td>32ml<\/td>\n<\/tr>\n<tr>\n<td>Akkumul\u00e1tor<\/td>\n<td>850mAh, C t\u00edpus\u00fa gyorst\u00f6lt\u00e9s<\/td>\n<\/tr>\n<tr>\n<td>Tekercs t\u00edpusa<\/td>\n<td>Kett\u0151s h\u00e1l\u00f3s tekercs<\/td>\n<\/tr>\n<tr>\n<td>Nikotin lehet\u0151s\u00e9gek<\/td>\n<td>5%<\/td>\n<\/tr>\n<tr>\n<td>Megjelen\u00edt\u00e9s<\/td>\n<td>LED k\u00e9perny\u0151 zenei f\u00e9nyekkel<\/td>\n<\/tr>\n<tr>\n<td>Tervez\u00e9s<\/td>\n<td>Kompakt, zsebbar\u00e1t<\/td>\n<\/tr>\n<\/tbody>\n<\/table>\n<h3>\u00cdzkombin\u00e1ci\u00f3k<\/h3>\n<table>\n<tbody>\n<tr>\n<th>A terem<\/th>\n<th>B terem<\/th>\n<\/tr>\n<tr>\n<td>G\u00f6r\u00f6gdinnye j\u00e9g<\/td>\n<td>Sz\u0151l\u0151 j\u00e9g<\/td>\n<\/tr>\n<tr>\n<td>Mang\u00f3 j\u00e9g<\/td>\n<td>Eper j\u00e9g<\/td>\n<\/tr>\n<tr>\n<td>\u00c1fonya j\u00e9g<\/td>\n<td>\u00c1fonya g\u00f6r\u00f6gdinnye<\/td>\n<\/tr>\n<tr>\n<td>Mango barack<\/td>\n<td>Eper g\u00f6r\u00f6gdinnye<\/td>\n<\/tr>\n<tr>\n<td>H\u0171v\u00f6s Menta<\/td>\n<td>K\u00e9k Razz j\u00e9g<\/td>\n<\/tr>\n<tr>\n<td>Barack j\u00e9g<\/td>\n<td>Eper mang\u00f3<\/td>\n<\/tr>\n<tr>\n<td>Eper Kiwi<\/td>\n<td>Dupla alma<\/td>\n<\/tr>\n<tr>\n<td>G\u00f6r\u00f6gdinnye Bubblegum<\/td>\n<td>Eperz\u00f6lds\u00e9g barack<\/td>\n<\/tr>\n<tr>\n<td>Barackos m\u00e1ln\u00e1s limon\u00e1d\u00e9<\/td>\n<td>G\u00f6r\u00f6gdinnye Razz Rancher<\/td>\n<\/tr>\n<tr>\n<td>Cherry eper<\/td>\n<td>Love 777<\/td>\n<\/tr>\n<\/tbody>\n<\/table>","protected":false},"excerpt":{"rendered":"<p>V\u00e1s\u00e1rolja meg az Vozol Rave 40000 eldobhat\u00f3 vape-t - ak\u00e1r 40.000 puff, kett\u0151s h\u00e1l\u00f3s tekercs, C t\u00edpus\u00fa gyorst\u00f6lt\u00e9s \u00e9s 20 csod\u00e1latos \u00edzvil\u00e1g a kiv\u00e1l\u00f3 nagykereskedelmi vaping \u00e9lm\u00e9ny\u00e9rt.<\/p>","protected":false},"featured_media":42866,"comment_status":"open","ping_status":"closed","template":"","meta":[],"product_brand":[250],"product_cat":[249],"product_tag":[],"class_list":{"0":"post-40000","1":"product","2":"type-product","3":"status-publish","4":"has-post-thumbnail","6":"product_brand-vozol","7":"product_cat-vozol","9":"first","10":"instock","11":"shipping-taxable","12":"purchasable","13":"product-type-variable","14":"has-default-attributes"},"jetpack_sharing_enabled":true,"tiered_pricing_type":"fixed","tiered_pricing_fixed_rules":{"30":11.1500000000000003552713678800500929355621337890625,"50":9.07000000000000028421709430404007434844970703125,"100":8.6899999999999995026200849679298698902130126953125,"200":8.589999999999999857891452847979962825775146484375,"400":8.1699999999999999289457264239899814128875732421875},"tiered_pricing_product_settings":{"layout":"default","base_unit_name":{"singular":null,"plural":null},"default_variation":null},"tiered_pricing_minimum_quantity":10,"tiered_pricing_roles_data":[],"tiered_pricing_percentage_rules":[],"tiered_pricing_maximum_quantity":null,"tiered_pricing_quantity_step":"10","_links":{"self":[{"href":"https:\/\/aiviouvapes.com\/hu\/wp-json\/wp\/v2\/product\/40000","targetHints":{"allow":["GET"]}}],"collection":[{"href":"https:\/\/aiviouvapes.com\/hu\/wp-json\/wp\/v2\/product"}],"about":[{"href":"https:\/\/aiviouvapes.com\/hu\/wp-json\/wp\/v2\/types\/product"}],"replies":[{"embeddable":true,"href":"https:\/\/aiviouvapes.com\/hu\/wp-json\/wp\/v2\/comments?post=40000"}],"wp:featuredmedia":[{"embeddable":true,"href":"https:\/\/aiviouvapes.com\/hu\/wp-json\/wp\/v2\/media\/42866"}],"wp:attachment":[{"href":"https:\/\/aiviouvapes.com\/hu\/wp-json\/wp\/v2\/media?parent=40000"}],"wp:term":[{"taxonomy":"product_brand","embeddable":true,"href":"https:\/\/aiviouvapes.com\/hu\/wp-json\/wp\/v2\/product_brand?post=40000"},{"taxonomy":"product_cat","embeddable":true,"href":"https:\/\/aiviouvapes.com\/hu\/wp-json\/wp\/v2\/product_cat?post=40000"},{"taxonomy":"product_tag","embeddable":true,"href":"https:\/\/aiviouvapes.com\/hu\/wp-json\/wp\/v2\/product_tag?post=40000"}],"curies":[{"name":"wp","href":"https:\/\/api.w.org\/{rel}","templated":true}]}}