{"id":39912,"date":"2025-06-24T16:09:54","date_gmt":"2025-06-24T08:09:54","guid":{"rendered":"https:\/\/aiviouvapes.com\/?post_type=product&#038;p=39912"},"modified":"2026-03-24T11:26:14","modified_gmt":"2026-03-24T03:26:14","slug":"uwin-crystal-twins-40k","status":"publish","type":"product","link":"https:\/\/aiviouvapes.com\/hu\/product\/uwin-crystal-twins-40k\/","title":{"rendered":"Uwin Crystal Twins 40K | kett\u0151s \u00edz 40000 puff, h\u00e1l\u00f3s tekercs \u00f6mlesztett eldobhat\u00f3 vape"},"content":{"rendered":"<p><img data-recalc-dims=\"1\" loading=\"lazy\" decoding=\"async\" class=\"aligncenter wp-image-40419 size-full\" src=\"https:\/\/i0.wp.com\/aiviouvapes.com\/wp-content\/uploads\/2025\/06\/%E6%B5%B7%E6%8A%A5%E6%A8%AA%E5%B9%85.jpg?resize=1020%2C510&#038;ssl=1\" alt=\",\" width=\"1020\" height=\"510\" title=\"\" srcset=\"https:\/\/i0.wp.com\/aiviouvapes.com\/wp-content\/uploads\/2025\/06\/%E6%B5%B7%E6%8A%A5%E6%A8%AA%E5%B9%85.jpg?w=1920&amp;ssl=1 1920w, https:\/\/i0.wp.com\/aiviouvapes.com\/wp-content\/uploads\/2025\/06\/%E6%B5%B7%E6%8A%A5%E6%A8%AA%E5%B9%85.jpg?resize=300%2C150&amp;ssl=1 300w, https:\/\/i0.wp.com\/aiviouvapes.com\/wp-content\/uploads\/2025\/06\/%E6%B5%B7%E6%8A%A5%E6%A8%AA%E5%B9%85.jpg?resize=1024%2C512&amp;ssl=1 1024w, https:\/\/i0.wp.com\/aiviouvapes.com\/wp-content\/uploads\/2025\/06\/%E6%B5%B7%E6%8A%A5%E6%A8%AA%E5%B9%85.jpg?resize=768%2C384&amp;ssl=1 768w, https:\/\/i0.wp.com\/aiviouvapes.com\/wp-content\/uploads\/2025\/06\/%E6%B5%B7%E6%8A%A5%E6%A8%AA%E5%B9%85.jpg?resize=1536%2C768&amp;ssl=1 1536w, https:\/\/i0.wp.com\/aiviouvapes.com\/wp-content\/uploads\/2025\/06\/%E6%B5%B7%E6%8A%A5%E6%A8%AA%E5%B9%85.jpg?resize=18%2C9&amp;ssl=1 18w, https:\/\/i0.wp.com\/aiviouvapes.com\/wp-content\/uploads\/2025\/06\/%E6%B5%B7%E6%8A%A5%E6%A8%AA%E5%B9%85.jpg?resize=1320%2C660&amp;ssl=1 1320w, https:\/\/i0.wp.com\/aiviouvapes.com\/wp-content\/uploads\/2025\/06\/%E6%B5%B7%E6%8A%A5%E6%A8%AA%E5%B9%85.jpg?resize=800%2C400&amp;ssl=1 800w\" sizes=\"auto, (max-width: 1020px) 100vw, 1020px\" \/><\/p>\n<h2>\ud83d\udd25 Uwin Crystal Twins 40k - Kett\u0151s \u00edz, massz\u00edv puffok<\/h2>\n<p>A <strong>Uwin krist\u00e1ly ikrek 40k<\/strong> az eldobhat\u00f3 p\u00e1rologtat\u00e1st a k\u00f6vetkez\u0151 szintre emeli st\u00edlusos krist\u00e1lytiszta kialak\u00edt\u00e1s\u00e1val, kett\u0151s \u00edzvil\u00e1g\u00fa be\u00e1ll\u00edt\u00e1s\u00e1val \u00e9s fejlett technol\u00f3gi\u00e1j\u00e1val. Ak\u00e1r a felh\u0151vad\u00e1szok, ak\u00e1r az \u00edzek szerelmese, ez a vape ak\u00e1r <strong>40.000 f\u00faj\u00e1s<\/strong>, a <strong>intelligens kijelz\u0151<\/strong>, \u00e9s testre szabhat\u00f3 <strong>nikotin er\u0151ss\u00e9g<\/strong> a k\u00f6vetkez\u0151kt\u0151l kezdve <strong>0%-5%<\/strong>, \u00edgy minden felhaszn\u00e1l\u00f3 sz\u00e1m\u00e1ra t\u00f6k\u00e9letes.<\/p>\n<p>Nincs sz\u00fcks\u00e9g kompromisszumokra.<strong>k\u00e9t csod\u00e1latos \u00edzt kap egy k\u00e9sz\u00fcl\u00e9kben<\/strong>, p\u00e1ros\u00edtva egy <strong>h\u00e1l\u00f3s tekercs a gazdag, sima tal\u00e1latok\u00e9rt<\/strong> minden alkalommal.<\/p>\n<h3>\ud83d\udd27 <strong>M\u0171szaki adatok<\/strong><\/h3>\n<table>\n<thead>\n<tr>\n<th>Jellemz\u0151<\/th>\n<th>R\u00e9szletek<\/th>\n<\/tr>\n<\/thead>\n<tbody>\n<tr>\n<td><strong>Puff kapacit\u00e1s<\/strong><\/td>\n<td>Ak\u00e1r 40,000 f\u00faj\u00e1s<\/td>\n<\/tr>\n<tr>\n<td><strong>E-folyad\u00e9k kapacit\u00e1s<\/strong><\/td>\n<td>32ml<\/td>\n<\/tr>\n<tr>\n<td><strong>Nikotin er\u0151ss\u00e9ge<\/strong><\/td>\n<td>0%, 2%, 3%, 5%<\/td>\n<\/tr>\n<tr>\n<td><strong>Akkumul\u00e1tor<\/strong><\/td>\n<td>850mAh, C-t\u00edpus\u00fa \u00fajrat\u00f6lthet\u0151<\/td>\n<\/tr>\n<tr>\n<td><strong>Tekercs t\u00edpusa<\/strong><\/td>\n<td>Fejlett 0.6\u03a9 h\u00e1l\u00f3s tekercs<\/td>\n<\/tr>\n<tr>\n<td><strong>Megjelen\u00edt\u00e9s<\/strong><\/td>\n<td>Intelligens k\u00e9perny\u0151 (akkumul\u00e1tor \u00e9s E-folyad\u00e9k)<\/td>\n<\/tr>\n<tr>\n<td><strong>Tervez\u00e9s<\/strong><\/td>\n<td>Karcs\u00fa krist\u00e1ly \u00e1tl\u00e1tsz\u00f3 test<\/td>\n<\/tr>\n<\/tbody>\n<\/table>\n<h3>\ud83c\udf08 <strong>\u00cdzkombin\u00e1ci\u00f3k - K\u00e9tkamr\u00e1s v\u00e1ltozatoss\u00e1g<\/strong><\/h3>\n<table>\n<thead>\n<tr>\n<th>A terem<\/th>\n<th>B terem<\/th>\n<\/tr>\n<\/thead>\n<tbody>\n<tr>\n<td>\u00c1fonya j\u00e9gen<\/td>\n<td>Ny\u00e1ri barack j\u00e9g<\/td>\n<\/tr>\n<tr>\n<td>Kiwi Maracuja Guava<\/td>\n<td>\u00c1fonya m\u00e1lna<\/td>\n<\/tr>\n<tr>\n<td>Eper Kiwi<\/td>\n<td>Sz\u0151l\u0151 j\u00e9g<\/td>\n<\/tr>\n<tr>\n<td>Kiwi Maracuja Guava<\/td>\n<td>K\u00e9t alma<\/td>\n<\/tr>\n<tr>\n<td>Eper g\u00f6r\u00f6gdinnye<\/td>\n<td>Citrom Lime<\/td>\n<\/tr>\n<tr>\n<td>\u00c1fonya m\u00e1lna<\/td>\n<td>Cherry Ice<\/td>\n<\/tr>\n<tr>\n<td>Eper m\u00e1lna cseresznye<\/td>\n<td>Mr Blue<\/td>\n<\/tr>\n<tr>\n<td>Barack Mang\u00f3 Anan\u00e1sz<\/td>\n<td>Red Bull<\/td>\n<\/tr>\n<tr>\n<td>G\u00f6r\u00f6gdinnye j\u00e9g<\/td>\n<td>Vegyes bogy\u00f3s gy\u00fcm\u00f6lcs\u00f6k<\/td>\n<\/tr>\n<tr>\n<td>Eper ban\u00e1n<\/td>\n<td>Szerelem 66<\/td>\n<\/tr>\n<tr>\n<td>S\u00e1rk\u00e1nygy\u00fcm\u00f6lcs ban\u00e1n cseresznye<\/td>\n<td>R\u00f3zsasz\u00edn limon\u00e1d\u00e9<\/td>\n<\/tr>\n<tr>\n<td>Barack mang\u00f3<\/td>\n<td>Cherry Cola<\/td>\n<\/tr>\n<tr>\n<td>Eper j\u00e9g<\/td>\n<td>Mang\u00f3 j\u00e9gen<\/td>\n<\/tr>\n<tr>\n<td>K\u00e9k Razz j\u00e9g<\/td>\n<td>S\u00e1rk\u00e1nygy\u00fcm\u00f6lcs j\u00e9g<\/td>\n<\/tr>\n<tr>\n<td>Epres Red Bull<\/td>\n<td>Cherry Ice<\/td>\n<\/tr>\n<\/tbody>\n<\/table>\n<h3>\ud83d\udca1 Mi\u00e9rt v\u00e1lassza az Uwin Crystal Twins 40k-t?<\/h3>\n<ul>\n<li><strong>Kett\u0151s \u00edz\u0171 podok<\/strong> lehet\u0151v\u00e9 teszi, hogy k\u00f6nnyed\u00e9n v\u00e1ltson \u00edzeket.<\/li>\n<li><strong>Zero-nic opci\u00f3<\/strong> a nikotinmentes \u00e9lvezethez.<\/li>\n<li><strong>C-t\u00edpus\u00fa gyors t\u00f6lt\u00e9s<\/strong> kevesebb \u00e1ll\u00e1sid\u0151, t\u00f6bb g\u0151z\u00f6l\u00e9s.<\/li>\n<li><strong>H\u00e1l\u00f3s tekercs technol\u00f3gia<\/strong> tiszta, egyenletes \u00edzt \u00e9s g\u0151zt biztos\u00edt.<\/li>\n<li><strong>Intelligens kijelz\u0151<\/strong> t\u00e1j\u00e9koztatja \u00d6nt - nincs t\u00f6bb tal\u00e1lgat\u00e1s.<\/li>\n<li><strong>Krist\u00e1lytiszta kialak\u00edt\u00e1s<\/strong> pr\u00e9mium, modern megjelen\u00e9st k\u00f6lcs\u00f6n\u00f6z a vape-nek.<\/li>\n<\/ul>\n<p>T\u00f6k\u00e9letes a neh\u00e9z felhaszn\u00e1l\u00f3k, az \u00edzek felfedez\u0151i \u00e9s a vape shop tulajdonosok sz\u00e1m\u00e1ra, az Uwin Crystal Twins 40k az \u00d6n \u00faj, minden egyben eldobhat\u00f3 er\u0151m\u0171ve, amely ide\u00e1lis a vape megrendel\u00e9sekhez \u00e9s a nagykereskedelmi forgalmaz\u00e1shoz.<\/p>","protected":false},"excerpt":{"rendered":"<p data-start=\"212\" data-end=\"391\">Az Uwin Crystal Twins 40000 puffs vape kett\u0151s \u00edzeket, 0-5% nikotin opci\u00f3kat, 32mL e-folyad\u00e9kot, 850mAh \u00fajrat\u00f6lthet\u0151 akkumul\u00e1tort, h\u00e1l\u00f3s tekercset \u00e9s intelligens kijelz\u0151t k\u00edn\u00e1l egy eleg\u00e1ns krist\u00e1lyos kialak\u00edt\u00e1sban.<\/p>","protected":false},"featured_media":39913,"comment_status":"open","ping_status":"closed","template":"","meta":[],"product_brand":[247],"product_cat":[224],"product_tag":[],"class_list":{"0":"post-39912","1":"product","2":"type-product","3":"status-publish","4":"has-post-thumbnail","6":"product_brand-uwin","7":"product_cat-uwin","9":"first","10":"instock","11":"shipping-taxable","12":"purchasable","13":"product-type-variable","14":"has-default-attributes"},"jetpack_sharing_enabled":true,"tiered_pricing_type":"fixed","tiered_pricing_fixed_rules":{"30":7.96999999999999975131004248396493494510650634765625,"50":6.519999999999999573674358543939888477325439453125,"100":6.2599999999999997868371792719699442386627197265625,"200":5.87000000000000010658141036401502788066864013671875,"400":5.29000000000000003552713678800500929355621337890625},"tiered_pricing_product_settings":{"layout":"default","base_unit_name":{"singular":null,"plural":null},"default_variation":null},"tiered_pricing_minimum_quantity":10,"tiered_pricing_roles_data":[],"tiered_pricing_percentage_rules":[],"tiered_pricing_maximum_quantity":null,"tiered_pricing_quantity_step":"10","_links":{"self":[{"href":"https:\/\/aiviouvapes.com\/hu\/wp-json\/wp\/v2\/product\/39912","targetHints":{"allow":["GET"]}}],"collection":[{"href":"https:\/\/aiviouvapes.com\/hu\/wp-json\/wp\/v2\/product"}],"about":[{"href":"https:\/\/aiviouvapes.com\/hu\/wp-json\/wp\/v2\/types\/product"}],"replies":[{"embeddable":true,"href":"https:\/\/aiviouvapes.com\/hu\/wp-json\/wp\/v2\/comments?post=39912"}],"wp:featuredmedia":[{"embeddable":true,"href":"https:\/\/aiviouvapes.com\/hu\/wp-json\/wp\/v2\/media\/39913"}],"wp:attachment":[{"href":"https:\/\/aiviouvapes.com\/hu\/wp-json\/wp\/v2\/media?parent=39912"}],"wp:term":[{"taxonomy":"product_brand","embeddable":true,"href":"https:\/\/aiviouvapes.com\/hu\/wp-json\/wp\/v2\/product_brand?post=39912"},{"taxonomy":"product_cat","embeddable":true,"href":"https:\/\/aiviouvapes.com\/hu\/wp-json\/wp\/v2\/product_cat?post=39912"},{"taxonomy":"product_tag","embeddable":true,"href":"https:\/\/aiviouvapes.com\/hu\/wp-json\/wp\/v2\/product_tag?post=39912"}],"curies":[{"name":"wp","href":"https:\/\/api.w.org\/{rel}","templated":true}]}}