{"id":39911,"date":"2025-06-27T09:58:09","date_gmt":"2025-06-27T01:58:09","guid":{"rendered":"https:\/\/aiviouvapes.com\/?post_type=product&#038;p=39911"},"modified":"2026-03-24T11:26:23","modified_gmt":"2026-03-24T03:26:23","slug":"uwin-randm-tornado-beat-35k","status":"publish","type":"product","link":"https:\/\/aiviouvapes.com\/hu\/product\/uwin-randm-tornado-beat-35k\/","title":{"rendered":"Uwin Randm Tornado Beat 35K | zene-vezetett f\u00e9ny, 35000 puff \u00f6mlesztett eldobhat\u00f3 vape"},"content":{"rendered":"<p><img data-recalc-dims=\"1\" loading=\"lazy\" decoding=\"async\" class=\"alignnone wp-image-40422 size-full\" src=\"https:\/\/i0.wp.com\/aiviouvapes.com\/wp-content\/uploads\/2025\/06\/%E6%A8%AA%E5%B9%85.jpg?resize=1020%2C558&#038;ssl=1\" alt=\",\" width=\"1020\" height=\"558\" title=\"\" srcset=\"https:\/\/i0.wp.com\/aiviouvapes.com\/wp-content\/uploads\/2025\/06\/%E6%A8%AA%E5%B9%85.jpg?w=1330&amp;ssl=1 1330w, https:\/\/i0.wp.com\/aiviouvapes.com\/wp-content\/uploads\/2025\/06\/%E6%A8%AA%E5%B9%85.jpg?resize=300%2C164&amp;ssl=1 300w, https:\/\/i0.wp.com\/aiviouvapes.com\/wp-content\/uploads\/2025\/06\/%E6%A8%AA%E5%B9%85.jpg?resize=1024%2C560&amp;ssl=1 1024w, https:\/\/i0.wp.com\/aiviouvapes.com\/wp-content\/uploads\/2025\/06\/%E6%A8%AA%E5%B9%85.jpg?resize=768%2C420&amp;ssl=1 768w, https:\/\/i0.wp.com\/aiviouvapes.com\/wp-content\/uploads\/2025\/06\/%E6%A8%AA%E5%B9%85.jpg?resize=18%2C10&amp;ssl=1 18w, https:\/\/i0.wp.com\/aiviouvapes.com\/wp-content\/uploads\/2025\/06\/%E6%A8%AA%E5%B9%85.jpg?resize=1320%2C722&amp;ssl=1 1320w, https:\/\/i0.wp.com\/aiviouvapes.com\/wp-content\/uploads\/2025\/06\/%E6%A8%AA%E5%B9%85.jpg?resize=800%2C437&amp;ssl=1 800w\" sizes=\"auto, (max-width: 1020px) 100vw, 1020px\" \/><br \/>\n<img data-recalc-dims=\"1\" loading=\"lazy\" decoding=\"async\" class=\"alignnone wp-image-40421 size-full\" src=\"https:\/\/i0.wp.com\/aiviouvapes.com\/wp-content\/uploads\/2025\/06\/%E5%8F%A3%E5%91%B3%E6%B5%B7%E6%8A%A5.jpg?resize=1020%2C815&#038;ssl=1\" alt=\",\" width=\"1020\" height=\"815\" title=\"\" srcset=\"https:\/\/i0.wp.com\/aiviouvapes.com\/wp-content\/uploads\/2025\/06\/%E5%8F%A3%E5%91%B3%E6%B5%B7%E6%8A%A5.jpg?w=1920&amp;ssl=1 1920w, https:\/\/i0.wp.com\/aiviouvapes.com\/wp-content\/uploads\/2025\/06\/%E5%8F%A3%E5%91%B3%E6%B5%B7%E6%8A%A5.jpg?resize=300%2C240&amp;ssl=1 300w, https:\/\/i0.wp.com\/aiviouvapes.com\/wp-content\/uploads\/2025\/06\/%E5%8F%A3%E5%91%B3%E6%B5%B7%E6%8A%A5.jpg?resize=1024%2C819&amp;ssl=1 1024w, https:\/\/i0.wp.com\/aiviouvapes.com\/wp-content\/uploads\/2025\/06\/%E5%8F%A3%E5%91%B3%E6%B5%B7%E6%8A%A5.jpg?resize=768%2C614&amp;ssl=1 768w, https:\/\/i0.wp.com\/aiviouvapes.com\/wp-content\/uploads\/2025\/06\/%E5%8F%A3%E5%91%B3%E6%B5%B7%E6%8A%A5.jpg?resize=1536%2C1228&amp;ssl=1 1536w, https:\/\/i0.wp.com\/aiviouvapes.com\/wp-content\/uploads\/2025\/06\/%E5%8F%A3%E5%91%B3%E6%B5%B7%E6%8A%A5.jpg?resize=15%2C12&amp;ssl=1 15w, https:\/\/i0.wp.com\/aiviouvapes.com\/wp-content\/uploads\/2025\/06\/%E5%8F%A3%E5%91%B3%E6%B5%B7%E6%8A%A5.jpg?resize=1320%2C1055&amp;ssl=1 1320w, https:\/\/i0.wp.com\/aiviouvapes.com\/wp-content\/uploads\/2025\/06\/%E5%8F%A3%E5%91%B3%E6%B5%B7%E6%8A%A5.jpg?resize=800%2C640&amp;ssl=1 800w\" sizes=\"auto, (max-width: 1020px) 100vw, 1020px\" \/><\/p>\n<h2>\ud83c\udfb5 Vil\u00e1g\u00edtsd fel a Vape Game-edet - Uwin Randm Tornado Beat 35K<\/h2>\n<p>K\u00e9sz\u00fclj fel a hangulat fokoz\u00e1s\u00e1ra az Uwin Randm Tornado Beat 35K-val! Ez a nagy kapacit\u00e1s\u00fa eldobhat\u00f3 vape nem csak a puffokr\u00f3l sz\u00f3l - ez egy teljes \u00e9rz\u00e9kszervi \u00e9lm\u00e9ny. A <strong>zen\u00e9vel szinkroniz\u00e1lt LED f\u00e9nyek<\/strong>, a mer\u00e9sz \u00edzkombin\u00e1ci\u00f3k \u00e9s a szem\u00e9lyre szabott nikotiner\u0151ss\u00e9g, olyan p\u00e1rol\u00f3knak k\u00e9sz\u00fclt, akik szeretik a teljes\u00edtm\u00e9nyt \u00e9s a szem\u00e9lyis\u00e9get minden egyes slukkban.<\/p>\n<h3>M\u0171szaki adatok<\/h3>\n<table>\n<tbody>\n<tr>\n<th>Puff kapacit\u00e1s<\/th>\n<td>Ak\u00e1r 35,000 f\u00faj\u00e1s<\/td>\n<\/tr>\n<tr>\n<th>E-folyad\u00e9k kapacit\u00e1s<\/th>\n<td>Nincs megadva<\/td>\n<\/tr>\n<tr>\n<th>Akkumul\u00e1tor<\/th>\n<td>600mAh (C t\u00edpus\u00fa \u00fajrat\u00f6lthet\u0151)<\/td>\n<\/tr>\n<tr>\n<th>Tekercs t\u00edpusa<\/th>\n<td>1.0\u03a9 h\u00e1l\u00f3s tekercs<\/td>\n<\/tr>\n<tr>\n<th>Nikotin lehet\u0151s\u00e9gek<\/th>\n<td>0%, 2%, 3%, 5%<\/td>\n<\/tr>\n<tr>\n<th>Megjelen\u00edt\u00e9s<\/th>\n<td>Zen\u00e9vel szinkroniz\u00e1lt LED f\u00e9nyek<\/td>\n<\/tr>\n<tr>\n<th>Tervez\u00e9s<\/th>\n<td>K\u00f6nny\u0171 \u00e9s hordozhat\u00f3<\/td>\n<\/tr>\n<\/tbody>\n<\/table>\n<p><!-- Flavor Combos Table --><\/p>\n<h3>\u00cdzkombin\u00e1ci\u00f3k<\/h3>\n<table>\n<tbody>\n<tr>\n<th>\u00cdzek<\/th>\n<th>Le\u00edr\u00e1s<\/th>\n<\/tr>\n<tr>\n<td>\u00c1fonya m\u00e1lna<\/td>\n<td>\u00c9des \u00e9s fanyar bogy\u00f3s gy\u00fcm\u00f6lcs\u00f6k f\u00fazi\u00f3ja<\/td>\n<\/tr>\n<tr>\n<td>Eper g\u00f6r\u00f6gdinnye<\/td>\n<td>Friss\u00edt\u0151 ny\u00e1ri kever\u00e9k<\/td>\n<\/tr>\n<tr>\n<td>\u00c1fonya j\u00e9gen<\/td>\n<td>Kir\u00e1ly csavar egy klasszikus kedvenc<\/td>\n<\/tr>\n<tr>\n<td>G\u00f6r\u00f6gdinnye j\u00e9g<\/td>\n<td>H\u0171t\u00f6tt l\u00e9d\u00fas g\u00f6r\u00f6gdinnye<\/td>\n<\/tr>\n<tr>\n<td>Ny\u00e1ri barack j\u00e9g<\/td>\n<td>Barackos h\u0171s\u00edt\u0151 gy\u00fcm\u00f6lcs\u00f6s r\u00fag\u00e1ssal<\/td>\n<\/tr>\n<tr>\n<td>Cherry Ice<\/td>\n<td>Fagyasztott cseresznye \u00f6r\u00f6m<\/td>\n<\/tr>\n<tr>\n<td>Eper m\u00e1lna cseresznye j\u00e9g<\/td>\n<td>H\u00e1romszoros bogy\u00f3s gy\u00fcm\u00f6lcs robban\u00e1s<\/td>\n<\/tr>\n<tr>\n<td>Kiwi Maracuja Guava<\/td>\n<td>Tr\u00f3pusi gy\u00fcm\u00f6lcskokt\u00e9l<\/td>\n<\/tr>\n<tr>\n<td>Eper j\u00e9g<\/td>\n<td>Fagyos \u00e9s gy\u00fcm\u00f6lcs\u00f6s klasszikus<\/td>\n<\/tr>\n<tr>\n<td>Cherry Cola<\/td>\n<td>\u00c9des sz\u00f3da szikra<\/td>\n<\/tr>\n<tr>\n<td>Vegyes bogy\u00f3s gy\u00fcm\u00f6lcs\u00f6k<\/td>\n<td>Berry medley az eg\u00e9sz napos p\u00e1rologtat\u00e1shoz<\/td>\n<\/tr>\n<tr>\n<td>Mr Blue<\/td>\n<td>A h\u0171v\u00f6s \u00e9s \u00e9des rejt\u00e9lyes kever\u00e9ke<\/td>\n<\/tr>\n<\/tbody>\n<\/table>\n<p><!-- Selling Points --><\/p>\n<h3>Mi\u00e9rt v\u00e1lassza az Uwin Randm Tornado Beat 35 k\u00e9sz\u00fcl\u00e9ket?<\/h3>\n<ul>\n<li>\ud83d\udca8 Hatalmas, 35 000 puff kapacit\u00e1s - kevesebb \u00fajrat\u00f6lt\u00e9s, t\u00f6bb kezel\u00e9s<\/li>\n<li>\ud83d\udd0b Gyors C t\u00edpus\u00fa t\u00f6lt\u00e9s 600mAh akkumul\u00e1torral a k\u00e9nyelem \u00e9rdek\u00e9ben<\/li>\n<li>\ud83c\udfa7 Zene-reakt\u00edv LED vil\u00e1g\u00edt\u00e1s - t\u00f6k\u00e9letes az \u00e9jszakai \u00e9let \u00e9s a hangulatot keres\u0151k sz\u00e1m\u00e1ra<\/li>\n<li>\ud83e\uddc3 12 mer\u00e9sz \u00edzben kaphat\u00f3, hogy minden \u00edzl\u00e9snek megfeleljen.<\/li>\n<li>\ud83d\udc8e A h\u00e1l\u00f3s tekercs sim\u00e1bb tal\u00e1latokat \u00e9s gazdag \u00edzt biztos\u00edt<\/li>\n<li>\ud83d\udecd\ufe0f Ide\u00e1lis kiskereskedelmi kirakatokhoz, impulzusv\u00e1s\u00e1rl\u00e1sokhoz \u00e9s magas \u00e1rr\u00e9s\u0171 nagykereskedelmi \u00e9rt\u00e9kes\u00edt\u00e9shez.<\/li>\n<li>\ud83c\udf0d 0-5% nikotin opci\u00f3k minden v\u00e1s\u00e1rl\u00f3i szegmens sz\u00e1m\u00e1ra vonz\u00f3ak<\/li>\n<\/ul>\n<p>Az Uwin Randm Tornado Beat 35K t\u00f6bb, mint egy eldobhat\u00f3 vape - ez egy \u00e9lm\u00e9ny, amely az \u00edzek \u00fcld\u00f6z\u0151i, az alkalmi p\u00f6f\u00e9kel\u0151k \u00e9s a nagy ig\u00e9nybev\u00e9tel\u0171 felhaszn\u00e1l\u00f3k sz\u00e1m\u00e1ra egyar\u00e1nt k\u00e9sz\u00fclt. Ak\u00e1r egy forgalmas vape shop polcait t\u00f6lt\u00f6d fel, ak\u00e1r nagybani nagykereskedelmi forgalmaz\u00e1shoz keresel, ez a kompakt er\u0151m\u0171 minden megfelel\u0151 hangot eltal\u00e1l mind teljes\u00edtm\u00e9nyben, mind vonzer\u0151ben. Gy\u00fajtsa meg, vape, \u00e9s v\u00e1ltoztassa \u00fczlet\u00e9t az \u00edzekre \u00e9hes v\u00e1s\u00e1rl\u00f3k hotspotj\u00e1v\u00e1.<\/p>","protected":false},"excerpt":{"rendered":"<p>Vil\u00e1g\u00edtsa meg a vape session\u00f6ket az Uwin Randm Tornado Beat 35k - 35000 puff, mer\u00e9sz \u00edzek \u00e9s zene-reakt\u00edv led f\u00e9nyek a v\u00e9gs\u0151 eldobhat\u00f3 vape \u00e9lm\u00e9ny\u00e9rt.<\/p>","protected":false},"featured_media":39885,"comment_status":"open","ping_status":"closed","template":"","meta":[],"product_brand":[247],"product_cat":[224],"product_tag":[],"class_list":{"0":"post-39911","1":"product","2":"type-product","3":"status-publish","4":"has-post-thumbnail","6":"product_brand-uwin","7":"product_cat-uwin","9":"first","10":"instock","11":"shipping-taxable","12":"purchasable","13":"product-type-variable","14":"has-default-attributes"},"jetpack_sharing_enabled":true,"tiered_pricing_type":"fixed","tiered_pricing_fixed_rules":{"30":8.6199999999999992184029906638897955417633056640625,"50":6.67999999999999971578290569595992565155029296875,"100":6.03000000000000024868995751603506505489349365234375,"200":5.63999999999999968025576890795491635799407958984375,"400":5.19000000000000039079850466805510222911834716796875},"tiered_pricing_product_settings":{"layout":"default","base_unit_name":{"singular":null,"plural":null},"default_variation":null},"tiered_pricing_minimum_quantity":10,"tiered_pricing_roles_data":[],"tiered_pricing_percentage_rules":[],"tiered_pricing_maximum_quantity":null,"tiered_pricing_quantity_step":"10","_links":{"self":[{"href":"https:\/\/aiviouvapes.com\/hu\/wp-json\/wp\/v2\/product\/39911","targetHints":{"allow":["GET"]}}],"collection":[{"href":"https:\/\/aiviouvapes.com\/hu\/wp-json\/wp\/v2\/product"}],"about":[{"href":"https:\/\/aiviouvapes.com\/hu\/wp-json\/wp\/v2\/types\/product"}],"replies":[{"embeddable":true,"href":"https:\/\/aiviouvapes.com\/hu\/wp-json\/wp\/v2\/comments?post=39911"}],"wp:featuredmedia":[{"embeddable":true,"href":"https:\/\/aiviouvapes.com\/hu\/wp-json\/wp\/v2\/media\/39885"}],"wp:attachment":[{"href":"https:\/\/aiviouvapes.com\/hu\/wp-json\/wp\/v2\/media?parent=39911"}],"wp:term":[{"taxonomy":"product_brand","embeddable":true,"href":"https:\/\/aiviouvapes.com\/hu\/wp-json\/wp\/v2\/product_brand?post=39911"},{"taxonomy":"product_cat","embeddable":true,"href":"https:\/\/aiviouvapes.com\/hu\/wp-json\/wp\/v2\/product_cat?post=39911"},{"taxonomy":"product_tag","embeddable":true,"href":"https:\/\/aiviouvapes.com\/hu\/wp-json\/wp\/v2\/product_tag?post=39911"}],"curies":[{"name":"wp","href":"https:\/\/api.w.org\/{rel}","templated":true}]}}