{"id":39475,"date":"2025-07-02T10:19:59","date_gmt":"2025-07-02T02:19:59","guid":{"rendered":"https:\/\/aiviouvapes.com\/?post_type=product&#038;p=39475"},"modified":"2026-04-17T13:00:43","modified_gmt":"2026-04-17T05:00:43","slug":"mrvi-growing-60k-3t-spin","status":"publish","type":"product","link":"https:\/\/aiviouvapes.com\/hu\/product\/mrvi-growing-60k-3t-spin\/","title":{"rendered":"MRVI GROWING 60K 3T SPIN 60000 Puffs | tripla \u00edz\u0171 \u00f6mlesztett eldobhat\u00f3 vape"},"content":{"rendered":"<h2>\ud83c\udf1f Mi\u00e9rt v\u00e1lassza az MRVI GROWING 60K 3T SPIN-t?<\/h2>\n<ul>\n<li>\ud83d\udd25 Ak\u00e1r 60.000 f\u00faj\u00e1s a hihetetlen hossz\u00fa \u00e9lettartam \u00e9rdek\u00e9ben<\/li>\n<li>\ud83c\udfaf H\u00e1romszoros \u00edzkapcsol\u00f3 a v\u00e9gtelen \u00edz\u00e9lm\u00e9nyhez<\/li>\n<li>\u26a1 A gyors C-t\u00edpus\u00fa t\u00f6lt\u00e9s tov\u00e1bb tart<\/li>\n<li>\ud83d\udca7 48mL e-liquid kapacit\u00e1s a kevesebb csere \u00e9rdek\u00e9ben<\/li>\n<li>\ud83d\udda5\ufe0f Intelligens k\u00e9perny\u0151 az energia- \u00e9s e-folyad\u00e9kszintek ellen\u0151rz\u00e9s\u00e9re.<\/li>\n<li>\ud83d\udc8e Krist\u00e1lytiszta test, pr\u00e9mium kialak\u00edt\u00e1ssal<\/li>\n<li>\ud83d\udce6 Nagykereskedelem-bar\u00e1t csomagol\u00e1s: 1db dobozonk\u00e9nt, 10db kijelz\u0151nk\u00e9nt<\/li>\n<\/ul>\n<p>Ha egy er\u0151teljes, sokoldal\u00fa, eldobhat\u00f3 vape-t keres, amely minden szempontb\u00f3l megfelel, akkor az MRVI GROWING 60K 3T SPIN a legjobb v\u00e1laszt\u00e1s. A neh\u00e9z felhaszn\u00e1l\u00f3k, az \u00edzek szerelmesei, a vape shopok \u00e9s a nagybani forgalmaz\u00f3k sz\u00e1m\u00e1ra k\u00e9sz\u00fclt, ez a k\u00e9sz\u00fcl\u00e9k garant\u00e1lja a nagy forgalmat \u00e9s az el\u00e9gedett \u00fcgyfeleket. Ne hagyja ki az eldobhat\u00f3 vaping k\u00f6vetkez\u0151 gener\u00e1ci\u00f3j\u00e1t!<\/p>\n<h3>\ud83d\ude80 Tapasztalja meg a h\u00e1rmas \u00edzvil\u00e1g szabads\u00e1g\u00e1t az MRVI GROWING 60K 3T SPIN-nel!<\/h3>\n<p>K\u00e9szen \u00e1llsz arra, hogy a k\u00f6vetkez\u0151 szintre emeld a p\u00e1rologtat\u00e1si j\u00e1t\u00e9kodat? A <strong>MRVI N\u00d6VEKV\u0150 60K 3T P\u00d6RGET\u00c9S<\/strong> a v\u00e9gs\u0151 \u00f6mlesztett eldobhat\u00f3 vape, amely komoly vaperek \u00e9s a legjobbat ig\u00e9nyl\u0151 bolt tulajdonosok sz\u00e1m\u00e1ra k\u00e9sz\u00fclt. H\u00e1romszoros \u00edzforgat\u00e1ssal, hatalmas, 60 000 puff kapacit\u00e1ssal, valamint intelligens energia- \u00e9s e-folyad\u00e9k k\u00e9perny\u0151vel rendelkezik, ez a k\u00f6vetkez\u0151 gener\u00e1ci\u00f3s eldobhat\u00f3 vape, amire v\u00e1rt\u00e1l. Az MRVI GROWING 60K 3T SPIN krist\u00e1lytiszta testkialak\u00edt\u00e1s\u00e1t\u00f3l kezdve a z\u00f6kken\u0151mentes Type-C t\u00f6lt\u00e9sig p\u00e1ratlan el\u00e9gedetts\u00e9get ny\u00fajt az \u00edzek hajszol\u00f3inak \u00e9s a neh\u00e9z felhaszn\u00e1l\u00f3knak egyar\u00e1nt. \ud83c\udf1f<\/p>\n<h3>M\u0171szaki adatok<\/h3>\n<table>\n<tbody>\n<tr>\n<td><strong>Puff kapacit\u00e1s<\/strong><\/td>\n<td>60,000 puff<\/td>\n<\/tr>\n<tr>\n<td><strong>E-folyad\u00e9k kapacit\u00e1s<\/strong><\/td>\n<td>48ml<\/td>\n<\/tr>\n<tr>\n<td><strong>Akkumul\u00e1tor<\/strong><\/td>\n<td>650mAh, C-t\u00edpus\u00fa \u00fajrat\u00f6lthet\u0151<\/td>\n<\/tr>\n<tr>\n<td><strong>Tekercs t\u00edpusa<\/strong><\/td>\n<td>Dual Mesh tekercs<\/td>\n<\/tr>\n<tr>\n<td><strong>Nikotin lehet\u0151s\u00e9gek<\/strong><\/td>\n<td>2%, 5%<\/td>\n<\/tr>\n<tr>\n<td><strong>Megjelen\u00edt\u00e9s<\/strong><\/td>\n<td>Power &amp; E-Liquid Smart Screen<\/td>\n<\/tr>\n<tr>\n<td><strong>Tervez\u00e9s<\/strong><\/td>\n<td>Krist\u00e1lytiszta test<\/td>\n<\/tr>\n<\/tbody>\n<\/table>\n<h3>\u00cdzkombin\u00e1ci\u00f3k<\/h3>\n<table>\n<tbody>\n<tr>\n<th>A terem<\/th>\n<th>B terem<\/th>\n<th>C terem<\/th>\n<\/tr>\n<tr>\n<td>G\u00f6r\u00f6gdinnye j\u00e9g<\/td>\n<td>Red Bull<\/td>\n<td>Eper Kiwi<\/td>\n<\/tr>\n<tr>\n<td>Citrom Lime<\/td>\n<td>Eper g\u00f6r\u00f6gdinnye<\/td>\n<td>\u00c1fonya j\u00e9g<\/td>\n<\/tr>\n<tr>\n<td>Anan\u00e1sz k\u00f3kusz<\/td>\n<td>Ban\u00e1n<\/td>\n<td>K\u00e9k Razz j\u00e9g<\/td>\n<\/tr>\n<tr>\n<td>M\u00e1lna g\u00f6r\u00f6gdinnye<\/td>\n<td>Cola J\u00e9g<\/td>\n<td>Savany\u00fa alma<\/td>\n<\/tr>\n<tr>\n<td>Tr\u00f3pusi mix<\/td>\n<td>Eper fagylalt<\/td>\n<td>Mang\u00f3 j\u00e9g<\/td>\n<\/tr>\n<tr>\n<td>Eper m\u00e1lna cseresznye<\/td>\n<td>Love 666<\/td>\n<td>Cherry Candy Ice<\/td>\n<\/tr>\n<tr>\n<td>Vegyes bogy\u00f3s gy\u00fcm\u00f6lcs\u00f6k<\/td>\n<td>Gumimaci<\/td>\n<td>Barack j\u00e9g<\/td>\n<\/tr>\n<tr>\n<td>Sz\u0151l\u0151 j\u00e9g<\/td>\n<td>Eper cukorka<\/td>\n<td>Ice Pop<\/td>\n<\/tr>\n<\/tbody>\n<\/table>\n<p><img data-recalc-dims=\"1\" loading=\"lazy\" decoding=\"async\" class=\"alignnone wp-image-42240 size-full\" src=\"https:\/\/i0.wp.com\/aiviouvapes.com\/wp-content\/uploads\/2025\/06\/%E5%85%A8%E5%AE%B6%E7%A6%8F_%E7%94%BB%E6%9D%BF-1-%E5%89%AF%E6%9C%AC-1.jpg?resize=1020%2C1442&#038;ssl=1\" alt=\",\" width=\"1020\" height=\"1442\" title=\"\" srcset=\"https:\/\/i0.wp.com\/aiviouvapes.com\/wp-content\/uploads\/2025\/06\/%E5%85%A8%E5%AE%B6%E7%A6%8F_%E7%94%BB%E6%9D%BF-1-%E5%89%AF%E6%9C%AC-1.jpg?w=1358&amp;ssl=1 1358w, https:\/\/i0.wp.com\/aiviouvapes.com\/wp-content\/uploads\/2025\/06\/%E5%85%A8%E5%AE%B6%E7%A6%8F_%E7%94%BB%E6%9D%BF-1-%E5%89%AF%E6%9C%AC-1.jpg?resize=212%2C300&amp;ssl=1 212w, https:\/\/i0.wp.com\/aiviouvapes.com\/wp-content\/uploads\/2025\/06\/%E5%85%A8%E5%AE%B6%E7%A6%8F_%E7%94%BB%E6%9D%BF-1-%E5%89%AF%E6%9C%AC-1.jpg?resize=724%2C1024&amp;ssl=1 724w, https:\/\/i0.wp.com\/aiviouvapes.com\/wp-content\/uploads\/2025\/06\/%E5%85%A8%E5%AE%B6%E7%A6%8F_%E7%94%BB%E6%9D%BF-1-%E5%89%AF%E6%9C%AC-1.jpg?resize=768%2C1086&amp;ssl=1 768w, https:\/\/i0.wp.com\/aiviouvapes.com\/wp-content\/uploads\/2025\/06\/%E5%85%A8%E5%AE%B6%E7%A6%8F_%E7%94%BB%E6%9D%BF-1-%E5%89%AF%E6%9C%AC-1.jpg?resize=1086%2C1536&amp;ssl=1 1086w, https:\/\/i0.wp.com\/aiviouvapes.com\/wp-content\/uploads\/2025\/06\/%E5%85%A8%E5%AE%B6%E7%A6%8F_%E7%94%BB%E6%9D%BF-1-%E5%89%AF%E6%9C%AC-1.jpg?resize=8%2C12&amp;ssl=1 8w, https:\/\/i0.wp.com\/aiviouvapes.com\/wp-content\/uploads\/2025\/06\/%E5%85%A8%E5%AE%B6%E7%A6%8F_%E7%94%BB%E6%9D%BF-1-%E5%89%AF%E6%9C%AC-1.jpg?resize=1320%2C1866&amp;ssl=1 1320w, https:\/\/i0.wp.com\/aiviouvapes.com\/wp-content\/uploads\/2025\/06\/%E5%85%A8%E5%AE%B6%E7%A6%8F_%E7%94%BB%E6%9D%BF-1-%E5%89%AF%E6%9C%AC-1.jpg?resize=800%2C1131&amp;ssl=1 800w\" sizes=\"auto, (max-width: 1020px) 100vw, 1020px\" \/><\/p>","protected":false},"excerpt":{"rendered":"<p>MRVI GROWING 60K 3T SPIN eldobhat\u00f3 vape ak\u00e1r 60.000 puffot biztos\u00edt h\u00e1romszoros \u00edzv\u00e1lt\u00e1ssal, 48mL e-folyad\u00e9kkal \u00e9s kett\u0151s h\u00e1l\u00f3s tekercs teljes\u00edtm\u00e9ny\u00e9vel - t\u00f6k\u00e9letes a vape nagykereskedelmi forgalmaz\u00e1s\u00e1hoz.<\/p>","protected":false},"featured_media":39477,"comment_status":"open","ping_status":"closed","template":"","meta":[],"product_brand":[229],"product_cat":[33,137,146,138,141,143,572],"product_tag":[],"class_list":{"0":"post-39475","1":"product","2":"type-product","3":"status-publish","4":"has-post-thumbnail","6":"product_brand-mrvi","7":"product_cat-mrvi","8":"product_cat-disposable-vapes-in-germany","9":"product_cat-disposable-vapes-in-hungary","10":"product_cat-disposable-vapes-in-ltaly","11":"product_cat-disposable-vapes-in-poland","12":"product_cat-disposable-vapes-in-spain","13":"product_cat-new-2","15":"first","16":"instock","17":"shipping-taxable","18":"purchasable","19":"product-type-variable","20":"has-default-attributes"},"jetpack_sharing_enabled":true,"tiered_pricing_type":"fixed","tiered_pricing_fixed_rules":{"100":6.910000000000000142108547152020037174224853515625,"200":6.54000000000000003552713678800500929355621337890625,"400":6.11000000000000031974423109204508364200592041015625},"tiered_pricing_product_settings":{"layout":"default","base_unit_name":{"singular":null,"plural":null},"default_variation":null},"tiered_pricing_minimum_quantity":50,"tiered_pricing_roles_data":[],"tiered_pricing_percentage_rules":[],"tiered_pricing_maximum_quantity":null,"tiered_pricing_quantity_step":"10","_links":{"self":[{"href":"https:\/\/aiviouvapes.com\/hu\/wp-json\/wp\/v2\/product\/39475","targetHints":{"allow":["GET"]}}],"collection":[{"href":"https:\/\/aiviouvapes.com\/hu\/wp-json\/wp\/v2\/product"}],"about":[{"href":"https:\/\/aiviouvapes.com\/hu\/wp-json\/wp\/v2\/types\/product"}],"replies":[{"embeddable":true,"href":"https:\/\/aiviouvapes.com\/hu\/wp-json\/wp\/v2\/comments?post=39475"}],"wp:featuredmedia":[{"embeddable":true,"href":"https:\/\/aiviouvapes.com\/hu\/wp-json\/wp\/v2\/media\/39477"}],"wp:attachment":[{"href":"https:\/\/aiviouvapes.com\/hu\/wp-json\/wp\/v2\/media?parent=39475"}],"wp:term":[{"taxonomy":"product_brand","embeddable":true,"href":"https:\/\/aiviouvapes.com\/hu\/wp-json\/wp\/v2\/product_brand?post=39475"},{"taxonomy":"product_cat","embeddable":true,"href":"https:\/\/aiviouvapes.com\/hu\/wp-json\/wp\/v2\/product_cat?post=39475"},{"taxonomy":"product_tag","embeddable":true,"href":"https:\/\/aiviouvapes.com\/hu\/wp-json\/wp\/v2\/product_tag?post=39475"}],"curies":[{"name":"wp","href":"https:\/\/api.w.org\/{rel}","templated":true}]}}