{"id":39442,"date":"2025-06-27T10:05:05","date_gmt":"2025-06-27T02:05:05","guid":{"rendered":"https:\/\/aiviouvapes.com\/?post_type=product&#038;p=39442"},"modified":"2026-04-17T13:00:47","modified_gmt":"2026-04-17T05:00:47","slug":"uzy-triple-flavors-60000","status":"publish","type":"product","link":"https:\/\/aiviouvapes.com\/hu\/product\/uzy-triple-flavors-60000\/","title":{"rendered":"UZY Triple Flavors 60000 | h\u00e1rmas \u00edz 60K puff 3 az 1-ben \u00f6mlesztett eldobhat\u00f3 vape"},"content":{"rendered":"<h3>Mi\u00e9rt v\u00e1lassza az UZY Triple Flavors 60000-t?<\/h3>\n<ul>\n<li>\ud83d\ude80 <strong>H\u00e1romszoros \u00edzes\u00edt\u00e9s\u0171 rendszer<\/strong> - \u00c9lvezze a 3 k\u00fcl\u00f6nb\u00f6z\u0151 \u00edzt egy k\u00e9sz\u00fcl\u00e9kben<\/li>\n<li>\ud83d\udca7 <strong>Hatalmas 54mL kapacit\u00e1s<\/strong> - Hossz\u00fa \u00e9lettartam\u00fa, kevesebb cser\u00e9vel<\/li>\n<li>\ud83d\udd25 <strong>H\u00e1romszoros h\u00e1l\u00f3s tekercsek<\/strong> - Maxim\u00e1lis g\u0151z- \u00e9s \u00edzintenzit\u00e1s<\/li>\n<li>\ud83d\udd0b <strong>\u00dajrat\u00f6lthet\u0151 850mAh akkumul\u00e1tor<\/strong> - C t\u00edpus\u00fa gyors t\u00f6lt\u00e9ssel<\/li>\n<li>\ud83d\udcca <strong>LED intelligens kijelz\u0151<\/strong> - Val\u00f3s idej\u0171 akkumul\u00e1tor- \u00e9s \u00fczemanyag-fel\u00fcgyelet<\/li>\n<li>\ud83c\udfaf <strong>Pro \u00e9s Max teljes\u00edtm\u00e9ny \u00fczemm\u00f3dok<\/strong> - Testre szabott g\u0151z \u00e9lm\u00e9ny<\/li>\n<li>\ud83d\udcbc <strong>Nagykeresked\u0151bar\u00e1t<\/strong> - Ide\u00e1lis t\u00f6meges megrendel\u00e9sek \u00e9s viszontelad\u00f3k sz\u00e1m\u00e1ra<\/li>\n<\/ul>\n<p>Az \u00e9lvonalbeli h\u00e1rmas tart\u00e1lyrendszer\u00e9t\u0151l kezdve a magas puffsz\u00e1mig \u00e9s az \u00edzekkel teli kombin\u00e1ci\u00f3kig a <strong>UZY H\u00e1romf\u00e9le \u00edz 60000<\/strong> azok sz\u00e1m\u00e1ra k\u00e9sz\u00fclt, akik v\u00e1laszt\u00e9kra \u00e9s teljes\u00edtm\u00e9nyre v\u00e1gynak. Ak\u00e1r nagy felhaszn\u00e1l\u00f3, ak\u00e1r az \u00edzek felfedez\u0151je, ak\u00e1r egy vape shop sz\u00e1m\u00e1ra k\u00e9szletez, ez a k\u00e9sz\u00fcl\u00e9k p\u00e1ratlan \u00e9rt\u00e9ket \u00e9s el\u00e9gedetts\u00e9get ny\u00fajt.<\/p>\n<h2>\ud83d\udd25 UZY Triple Flavors 60000 - teljes\u00edtm\u00e9ny, \u00edz \u00e9s rugalmass\u00e1g egy k\u00e9sz\u00fcl\u00e9kben<\/h2>\n<p>Tapasztalja meg a k\u00f6vetkez\u0151 szint\u0171 p\u00e1rologtat\u00e1st a <strong>UZY H\u00e1romf\u00e9le \u00edz 60000<\/strong> - a v\u00e9gs\u0151 3 az 1-ben eldobhat\u00f3 vape, amely az \u00edzek szerelmeseinek \u00e9s a nagy ig\u00e9ny\u0171 felhaszn\u00e1l\u00f3knak k\u00e9sz\u00fclt. Az \u00e1llkapocs-leszor\u00edt\u00f3 <strong>60,000 puff<\/strong>, <strong>54ml e-folyad\u00e9k<\/strong> kapacit\u00e1s, \u00e9s egy fejlett <strong>LED intelligens kijelz\u0151<\/strong>, ezt a k\u00e9sz\u00fcl\u00e9ket a teljes\u00edtm\u00e9ny, a st\u00edlus \u00e9s a k\u00e9nyelem jegy\u00e9ben tervezt\u00e9k. Ak\u00e1r az \u00edzek k\u00f6z\u00f6tt v\u00e1ltogat, ak\u00e1r felh\u0151kre vad\u00e1szik, az UZY h\u00e1rom tart\u00e1lyos \u00e9lm\u00e9nyt ny\u00fajt, amely mer\u00e9sz, hosszan tart\u00f3 \u00e9s k\u00f6nnyen haszn\u00e1lhat\u00f3. \ud83d\udca8\ud83d\udd0b\ud83c\udf53<\/p>\n<h3>M\u0171szaki adatok<\/h3>\n<table>\n<tbody>\n<tr>\n<td><strong>Puff kapacit\u00e1s<\/strong><\/td>\n<td>60,000 puff<\/td>\n<\/tr>\n<tr>\n<td><strong>E-folyad\u00e9k kapacit\u00e1s<\/strong><\/td>\n<td>54ml (18ml \u00d7 3 \u00edz)<\/td>\n<\/tr>\n<tr>\n<td><strong>Akkumul\u00e1tor<\/strong><\/td>\n<td>850mAh \u00fajrat\u00f6lthet\u0151, Type-C<\/td>\n<\/tr>\n<tr>\n<td><strong>Tekercs t\u00edpusa<\/strong><\/td>\n<td>H\u00e1romszoros h\u00e1l\u00f3s tekercs<\/td>\n<\/tr>\n<tr>\n<td><strong>Nikotin lehet\u0151s\u00e9gek<\/strong><\/td>\n<td>0%, 2%, 3%, 5%<\/td>\n<\/tr>\n<tr>\n<td><strong>Megjelen\u00edt\u00e9s<\/strong><\/td>\n<td>LED intelligens k\u00e9perny\u0151<\/td>\n<\/tr>\n<tr>\n<td><strong>Tervez\u00e9s<\/strong><\/td>\n<td>Krist\u00e1lytiszta test<\/td>\n<\/tr>\n<tr>\n<td><strong>Teljes\u00edtm\u00e9ny \u00fczemm\u00f3dok<\/strong><\/td>\n<td>Pro &amp; Max<\/td>\n<\/tr>\n<\/tbody>\n<\/table>\n<h3>\u00cdzkombin\u00e1ci\u00f3k<\/h3>\n<table>\n<tbody>\n<tr>\n<th>A terem<\/th>\n<th>B terem<\/th>\n<th>C terem<\/th>\n<\/tr>\n<tr>\n<td>\u00c1fonya m\u00e1lna<\/td>\n<td>Eper Kiwi<\/td>\n<td>Citrom Lime<\/td>\n<\/tr>\n<tr>\n<td>Kiwi Maracuja Guava<\/td>\n<td>\u00c1fonya j\u00e9g<\/td>\n<td>Barack mang\u00f3<\/td>\n<\/tr>\n<tr>\n<td>Eper g\u00f6r\u00f6gdinnye<\/td>\n<td>Cola J\u00e9g<\/td>\n<td>Cherry Cola<\/td>\n<\/tr>\n<tr>\n<td>Barack j\u00e9g<\/td>\n<td>Eper m\u00e1lna cseresznye j\u00e9g<\/td>\n<td>K\u00e9t alma j\u00e9g<\/td>\n<\/tr>\n<tr>\n<td>Sz\u0151l\u0151 j\u00e9g<\/td>\n<td>Love 666<\/td>\n<td>Epres Red Bull<\/td>\n<\/tr>\n<tr>\n<td>Mr Blue<\/td>\n<td>Gumimaci<\/td>\n<td>Red Bull J\u00e9g<\/td>\n<\/tr>\n<tr>\n<td>Barack Mang\u00f3 Anan\u00e1sz<\/td>\n<td>K\u00e9k Razz j\u00e9g<\/td>\n<td>M\u00e1lna g\u00f6r\u00f6gdinnye<\/td>\n<\/tr>\n<tr>\n<td>G\u00f6r\u00f6gdinnye j\u00e9g<\/td>\n<td>Tripla dinnye j\u00e9g<\/td>\n<td>Eper ban\u00e1n<\/td>\n<\/tr>\n<tr>\n<td>Ny\u00e1ri barack j\u00e9g<\/td>\n<td>Eper j\u00e9g<\/td>\n<td>K\u00e9k Razz j\u00e9g<\/td>\n<\/tr>\n<tr>\n<td>Cherry Ice<\/td>\n<td>Vegyes bogy\u00f3s gy\u00fcm\u00f6lcs\u00f6k<\/td>\n<td>Fekete s\u00e1rk\u00e1ny j\u00e9g<\/td>\n<\/tr>\n<\/tbody>\n<\/table>\n<p>UZY Triple Flavors 60000 puffs eldobhat\u00f3 vape - 3 az 1-ben \u00edz, hatalmas 54ml kapacit\u00e1s \u00e9s intelligens LED kijelz\u0151. T\u00f6k\u00e9letes a nagybev\u00e1s\u00e1rl\u00f3k, vape shopok \u00e9s komoly vaperek sz\u00e1m\u00e1ra.<\/p>","protected":false},"excerpt":{"rendered":"<p>Triple Flavors 60000 - 3 az 1-ben eldobhat\u00f3 vape 54ml e-folyad\u00e9kkal, intelligens LED k\u00e9perny\u0151vel \u00e9s tripla h\u00e1l\u00f3s tekercsekkel a mer\u00e9sz \u00edz\u00e9rt \u00e9s hatalmas felh\u0151k\u00e9rt. ide\u00e1lis \u00f6mlesztett \u00e9s nagykereskedelemhez.<\/p>","protected":false},"featured_media":39443,"comment_status":"open","ping_status":"closed","template":"","meta":[],"product_brand":[254],"product_cat":[253,572],"product_tag":[],"class_list":{"0":"post-39442","1":"product","2":"type-product","3":"status-publish","4":"has-post-thumbnail","6":"product_brand-uzy","7":"product_cat-uzy","8":"product_cat-new-2","10":"first","11":"instock","12":"shipping-taxable","13":"purchasable","14":"product-type-variable","15":"has-default-attributes"},"jetpack_sharing_enabled":true,"tiered_pricing_type":"fixed","tiered_pricing_fixed_rules":{"30":9.7200000000000006394884621840901672840118408203125,"50":7.78000000000000024868995751603506505489349365234375,"100":7.12999999999999989341858963598497211933135986328125,"200":6.7400000000000002131628207280300557613372802734375,"400":6.29000000000000003552713678800500929355621337890625},"tiered_pricing_product_settings":{"layout":"default","base_unit_name":{"singular":null,"plural":null},"default_variation":null},"tiered_pricing_minimum_quantity":10,"tiered_pricing_roles_data":[],"tiered_pricing_percentage_rules":[],"tiered_pricing_maximum_quantity":null,"tiered_pricing_quantity_step":"10","_links":{"self":[{"href":"https:\/\/aiviouvapes.com\/hu\/wp-json\/wp\/v2\/product\/39442","targetHints":{"allow":["GET"]}}],"collection":[{"href":"https:\/\/aiviouvapes.com\/hu\/wp-json\/wp\/v2\/product"}],"about":[{"href":"https:\/\/aiviouvapes.com\/hu\/wp-json\/wp\/v2\/types\/product"}],"replies":[{"embeddable":true,"href":"https:\/\/aiviouvapes.com\/hu\/wp-json\/wp\/v2\/comments?post=39442"}],"wp:featuredmedia":[{"embeddable":true,"href":"https:\/\/aiviouvapes.com\/hu\/wp-json\/wp\/v2\/media\/39443"}],"wp:attachment":[{"href":"https:\/\/aiviouvapes.com\/hu\/wp-json\/wp\/v2\/media?parent=39442"}],"wp:term":[{"taxonomy":"product_brand","embeddable":true,"href":"https:\/\/aiviouvapes.com\/hu\/wp-json\/wp\/v2\/product_brand?post=39442"},{"taxonomy":"product_cat","embeddable":true,"href":"https:\/\/aiviouvapes.com\/hu\/wp-json\/wp\/v2\/product_cat?post=39442"},{"taxonomy":"product_tag","embeddable":true,"href":"https:\/\/aiviouvapes.com\/hu\/wp-json\/wp\/v2\/product_tag?post=39442"}],"curies":[{"name":"wp","href":"https:\/\/api.w.org\/{rel}","templated":true}]}}