{"id":37402,"date":"2025-06-12T22:56:20","date_gmt":"2025-06-12T14:56:20","guid":{"rendered":"https:\/\/aiviouvapes.com\/?post_type=product&#038;p=37402"},"modified":"2025-08-06T15:38:06","modified_gmt":"2025-08-06T07:38:06","slug":"fumot-randm-tornado-30000","status":"publish","type":"product","link":"https:\/\/aiviouvapes.com\/hu\/product\/fumot-randm-tornado-30000\/","title":{"rendered":"Fumot RandM Tornado 30000 Puffs | zene-reakt\u00edv f\u00e9nyek, h\u00e1l\u00f3s tekercs, \u00fajrat\u00f6lthet\u0151 \u00f6mlesztett eldobhat\u00f3 vape"},"content":{"rendered":"<p><!-- SEO Meta Description --><\/p>\n<p><!-- Product Title --><\/p>\n<h2>Fumot RandM Tornado 30000 Puffs Eldobhat\u00f3 Vape<\/h2>\n<p><!-- Key Features --><\/p>\n<h2>\ud83d\udd11 A Fumot RandM Tornado 30000 Puffs f\u0151bb jellemz\u0151i<\/h2>\n<ul>\n<li><strong>Hatalmas puff-kapacit\u00e1s:<\/strong> Ak\u00e1r 30 000 f\u00faj\u00e1s a hosszabb, gondtalan haszn\u00e1lat\u00e9rt.<\/li>\n<li><strong>Nikotin lehet\u0151s\u00e9gek:<\/strong> Kaphat\u00f3 2% \u00e9s 5% nikotinban, hogy minden preferenci\u00e1nak megfeleljen.<\/li>\n<li><strong>30mL E-folyad\u00e9k kapacit\u00e1s:<\/strong> Hosszan tart\u00f3 \u00edzt biztos\u00edt minden egyes slukkn\u00e1l.<\/li>\n<li><strong>Fejlett h\u00e1l\u00f3s tekercs (1.0\u03a9):<\/strong> Sima g\u0151z \u00e9s mer\u00e9sz \u00edz minden egyes bel\u00e9gz\u00e9skor.<\/li>\n<li><strong>\u00dajrat\u00f6lthet\u0151 akkumul\u00e1tor (600mAh):<\/strong> K\u00f6rnyezetbar\u00e1t \u00e9s megb\u00edzhat\u00f3 \u00e1ramforr\u00e1s.<\/li>\n<li><strong>C t\u00edpus\u00fa gyorst\u00f6lt\u00e9s:<\/strong> Gyors \u00e9s hat\u00e9kony felt\u00f6lt\u00e9s a megszak\u00edt\u00e1s n\u00e9lk\u00fcli munkamenetekhez.<\/li>\n<li><strong>Zen\u00e9re reag\u00e1l\u00f3 f\u00e9nyek:<\/strong> A LED-f\u00e9nyek reag\u00e1lnak a hangra a dinamikus p\u00e1rologtat\u00e1s hangulat\u00e1\u00e9rt.<\/li>\n<\/ul>\n<p><!-- Why Choose Section --><\/p>\n<h2>\ud83c\udf1f Mi\u00e9rt v\u00e1lassza a Fumot RandM Tornado 30000 Puffot?<\/h2>\n<p>A <strong>Fumot RandM Tornado 30000 Puffok<\/strong> nem csak egy \u00fajabb eldobhat\u00f3 vape - ez egy st\u00edlusos, technol\u00f3giai \u00e9lm\u00e9ny. Ak\u00e1r teljes\u00edtm\u00e9nyt, ak\u00e1r eszt\u00e9tik\u00e1t, ak\u00e1r \u00edzv\u00e1laszt\u00e9kot keres, ez a k\u00e9sz\u00fcl\u00e9k mindezt ny\u00fajtja. T\u00f6k\u00e9letes t\u00e1rsas k\u00f6rnyezetben vagy egyed\u00fcl is, a zen\u00e9vel szinkroniz\u00e1lt LED-f\u00e9nyek \u00e9s az er\u0151teljes puffsz\u00e1m a modern vaperek egyik legjobb v\u00e1laszt\u00e1s\u00e1v\u00e1 teszik.<\/p>\n<p><!-- Flavor List --><\/p>\n<h2>\ud83c\udf53 \u00cdzvari\u00e1ci\u00f3 - 30 \u00edz, hogy minden \u00edzl\u00e9st kiel\u00e9g\u00edtsen<\/h2>\n<ul>\n<li>Ban\u00e1n j\u00e9g<\/li>\n<li>Fekete j\u00e9g<\/li>\n<li>K\u00e9k Razz j\u00e9g<\/li>\n<li>\u00c1fonya j\u00e9gen<\/li>\n<li>\u00c1fonya m\u00e1lna<\/li>\n<li>\u00c1fonya savany\u00fa m\u00e1lna<\/li>\n<li>Cherry Ice<\/li>\n<li>Cherry Cola<\/li>\n<li>Cola J\u00e9g<\/li>\n<li>H\u0171v\u00f6s Menta<\/li>\n<li>Dupla alma<\/li>\n<li>Dr. Blue<\/li>\n<li>Sz\u0151l\u0151 j\u00e9g<\/li>\n<li>Ice Pop<\/li>\n<li>Kiwi Maracuja Guava<\/li>\n<li>Szerelem 66<\/li>\n<li>buja j\u00e9g<\/li>\n<li>Vegyes bogy\u00f3s gy\u00fcm\u00f6lcs\u00f6k<\/li>\n<li>Barack bogy\u00f3<\/li>\n<li>Barack j\u00e9g<\/li>\n<li>Barackos mang\u00f3 anan\u00e1sz<\/li>\n<li>Anan\u00e1sz j\u00e9g<\/li>\n<li>R\u00f3zsasz\u00edn limon\u00e1d\u00e9<\/li>\n<li>Skittles<\/li>\n<li>Eper ban\u00e1n<\/li>\n<li>Eper sz\u0151l\u0151<\/li>\n<li>Eper j\u00e9g<\/li>\n<li>Eper g\u00f6r\u00f6gdinnye<\/li>\n<li>Tripla mang\u00f3<\/li>\n<li>Vimto<\/li>\n<\/ul>\n<p>Ak\u00e1r gy\u00fcm\u00f6lcs\u00f6s, jeges vagy \u00e9dess\u00e9gszer\u0171 profilra v\u00e1gyik, van egy \u00edz, amelyik \u00e9ppen az \u00d6n sz\u00e1m\u00e1ra megfelel\u0151.<\/p>","protected":false},"excerpt":{"rendered":"<p>Tapasztalja meg a vibr\u00e1l\u00f3 p\u00e1rologtat\u00e1st a Fumot RandM Tornado 30000 puffal - hatalmas puffok, 30 \u00edz, \u00fajrat\u00f6lthet\u0151 energia \u00e9s zen\u00e9vel szinkroniz\u00e1lt f\u00e9nyek a sz\u00f3rakoztat\u00f3 \u00e9s \u00edzgazdag utaz\u00e1s\u00e9rt.<\/p>","protected":false},"featured_media":37403,"comment_status":"open","ping_status":"closed","template":"","meta":[],"product_brand":[231],"product_cat":[35,131],"product_tag":[],"class_list":{"0":"post-37402","1":"product","2":"type-product","3":"status-publish","4":"has-post-thumbnail","6":"product_brand-randm","7":"product_cat-randm","8":"product_cat-30000-puffs-disposable-vape","10":"first","11":"instock","12":"featured","13":"shipping-taxable","14":"purchasable","15":"product-type-variable","16":"has-default-attributes"},"jetpack_sharing_enabled":true,"tiered_pricing_type":"fixed","tiered_pricing_fixed_rules":{"2000":5.9900000000000002131628207280300557613372802734375},"tiered_pricing_product_settings":{"layout":"default","base_unit_name":{"singular":null,"plural":null},"default_variation":null},"tiered_pricing_minimum_quantity":1000,"tiered_pricing_roles_data":[],"tiered_pricing_percentage_rules":[],"tiered_pricing_maximum_quantity":null,"tiered_pricing_quantity_step":"10","_links":{"self":[{"href":"https:\/\/aiviouvapes.com\/hu\/wp-json\/wp\/v2\/product\/37402","targetHints":{"allow":["GET"]}}],"collection":[{"href":"https:\/\/aiviouvapes.com\/hu\/wp-json\/wp\/v2\/product"}],"about":[{"href":"https:\/\/aiviouvapes.com\/hu\/wp-json\/wp\/v2\/types\/product"}],"replies":[{"embeddable":true,"href":"https:\/\/aiviouvapes.com\/hu\/wp-json\/wp\/v2\/comments?post=37402"}],"wp:featuredmedia":[{"embeddable":true,"href":"https:\/\/aiviouvapes.com\/hu\/wp-json\/wp\/v2\/media\/37403"}],"wp:attachment":[{"href":"https:\/\/aiviouvapes.com\/hu\/wp-json\/wp\/v2\/media?parent=37402"}],"wp:term":[{"taxonomy":"product_brand","embeddable":true,"href":"https:\/\/aiviouvapes.com\/hu\/wp-json\/wp\/v2\/product_brand?post=37402"},{"taxonomy":"product_cat","embeddable":true,"href":"https:\/\/aiviouvapes.com\/hu\/wp-json\/wp\/v2\/product_cat?post=37402"},{"taxonomy":"product_tag","embeddable":true,"href":"https:\/\/aiviouvapes.com\/hu\/wp-json\/wp\/v2\/product_tag?post=37402"}],"curies":[{"name":"wp","href":"https:\/\/api.w.org\/{rel}","templated":true}]}}