{"id":37349,"date":"2025-06-18T11:49:55","date_gmt":"2025-06-18T03:49:55","guid":{"rendered":"https:\/\/aiviouvapes.com\/?post_type=product&#038;p=37349"},"modified":"2026-01-31T14:10:39","modified_gmt":"2026-01-31T06:10:39","slug":"vopk-ultra-40000","status":"publish","type":"product","link":"https:\/\/aiviouvapes.com\/hu\/product\/vopk-ultra-40000\/","title":{"rendered":"VOPK ULTRA 40000 Puffs | kett\u0151s \u00edz, 36mL, \u00e1ll\u00edthat\u00f3 teljes\u00edtm\u00e9ny\u0171, \u00f6mlesztett, eldobhat\u00f3 vape"},"content":{"rendered":"<p><!-- SEO Meta Description --><\/p>\n<p><!-- Product Description --><\/p>\n<h2>VOPK ULTRA 40000 Puffs Eldobhat\u00f3 Vape<\/h2>\n<p>A <strong>VOPK ULTRA 40000 puffok<\/strong> egy er\u0151m\u0171 eldobhat\u00f3 vape, amelyet olyan vaperek sz\u00e1m\u00e1ra terveztek, akik nagy teljes\u00edtm\u00e9nyre, \u00edzv\u00e1laszt\u00e9kra \u00e9s pr\u00e9mium tulajdons\u00e1gokra v\u00e1gynak egy eleg\u00e1ns eszk\u00f6zben. \u00c9lvezze a k\u00e9t \u00edz egyszerre, a hatalmas puffsz\u00e1mot \u00e9s a teljes testreszabhat\u00f3s\u00e1got - mindezt egyetlen k\u00e9sz\u00fcl\u00e9kben.<\/p>\n<p><!-- Key Features --><\/p>\n<h3>\ud83d\udd11 Az VOPK ULTRA 40000 Puffs Vape legfontosabb jellemz\u0151i<\/h3>\n<ul>\n<li><strong>Massz\u00edv Puff sz\u00e1m:<\/strong> Ak\u00e1r 40 000 slukk a rendk\u00edv\u00fcl hosszan tart\u00f3 \u00e9lvezet\u00e9rt.<\/li>\n<li><strong>Kett\u0151s \u00edzrendszer:<\/strong> V\u00e1ltson vagy kombin\u00e1ljon k\u00e9t \u00edzletes \u00edzt egy k\u00e9sz\u00fcl\u00e9kben.<\/li>\n<li><strong>Nikotin rugalmass\u00e1g:<\/strong> V\u00e1lasszon a 0%, 2%, 3% vagy 5% nikotin k\u00f6z\u00fcl, hogy megfeleljen az ig\u00e9nyeinek.<\/li>\n<li><strong>Hatalmas 36ml kapacit\u00e1s:<\/strong> Kevesebb \u00fajrat\u00f6lt\u00e9s, t\u00f6bb g\u0151z\u00f6l\u00e9s - pr\u00e9mium e-folyad\u00e9kkal el\u0151re felt\u00f6ltve.<\/li>\n<li><strong>850mAh \u00fajrat\u00f6lthet\u0151 akkumul\u00e1tor:<\/strong> Konzisztens teljes\u00edtm\u00e9ny a teljes vape-\u00e9letkor alatt.<\/li>\n<li><strong>\u00c1ll\u00edthat\u00f3 teljes\u00edtm\u00e9nybe\u00e1ll\u00edt\u00e1sok:<\/strong> Szem\u00e9lyre szabhatja a vape intenzit\u00e1s\u00e1t \u00e9s a felh\u0151 m\u00e9ret\u00e9t.<\/li>\n<li><strong>1.0\u03a9 ellen\u00e1ll\u00e1s \u00e9s n\u00e9gy h\u00e1l\u00f3s tekercs:<\/strong> Sima g\u0151z, gazdag \u00edz \u00e9s vastag felh\u0151k.<\/li>\n<li><strong>Egy \u00e9s k\u00e9t h\u00faz\u00e1si m\u00f3d:<\/strong> Alkalmazkodjon hangulat\u00e1hoz \u00e9s st\u00edlus\u00e1hoz a rugalmas bel\u00e9gz\u00e9si lehet\u0151s\u00e9gekkel.<\/li>\n<li><strong>Gyermekz\u00e1r funkci\u00f3:<\/strong> Fokozott biztons\u00e1g a nyugalom\u00e9rt.<\/li>\n<li><strong>Kett\u0151s olaj \u00e9s akkumul\u00e1tor kijelz\u0151:<\/strong> Val\u00f3s idej\u0171 e-folyad\u00e9k- \u00e9s energiafigyel\u00e9s.<\/li>\n<li><strong>Dinamikus LED k\u00e9perny\u0151:<\/strong> Az egyes rekeszekben az olajszint \u00e9s az akkumul\u00e1tor \u00e9lettartama egy\u00e9rtelm\u0171en l\u00e1that\u00f3.<\/li>\n<\/ul>\n<p><!-- Why Choose VOPK ULTRA --><\/p>\n<h3>\ud83d\udca1 Mi\u00e9rt v\u00e1lassza az VOPK ULTRA 40000 Puffot?<\/h3>\n<p>Ez a vape nem csak a mennyis\u00e9gr\u0151l sz\u00f3l - hanem a pr\u00e9mium, rugalmas \u00e9s \u00edzgazdag \u00e9lm\u00e9nyr\u0151l. A kett\u0151s \u00edzkamr\u00e1val, teljes\u00edtm\u00e9nyszab\u00e1lyoz\u00e1ssal, val\u00f3s idej\u0171 kijelz\u0151kkel \u00e9s fejlett biztons\u00e1gi funkci\u00f3kkal a <strong>VOPK ULTRA<\/strong> minden puffban egyszerre ny\u00fajt innov\u00e1ci\u00f3t \u00e9s el\u00e9gedetts\u00e9get.<\/p>\n<p><!-- Flavor List --><\/p>\n<h3>\ud83c\udf53 El\u00e9rhet\u0151 kett\u0151s \u00edzek<\/h3>\n<ul>\n<li>Eper G\u00f6r\u00f6gdinnye \/ Kiwi Golgotavir\u00e1g Guava<\/li>\n<li>\u00c1fonya M\u00e1lna \/ Mang\u00f3 \u0150szibarack G\u00f6r\u00f6gdinnye<\/li>\n<li>K\u00e9k Razz gumimacik \/ Eper Kiwi<\/li>\n<li>K\u00e9k Razz cseresznye \/ eper m\u00e1lna<\/li>\n<li>Fizzy Lemon &amp; Lime \/ G\u00f6r\u00f6gdinnye Friss menta<\/li>\n<li>G\u00f6r\u00f6gdinnye j\u00e9g \/ K\u00e9k Razz j\u00e9g<\/li>\n<li>Blue Razz anan\u00e1sz \/ tripla mang\u00f3<\/li>\n<li>Grape Berry Burst \/ K\u00f6rte alma m\u00e1lna<\/li>\n<li>Eper \u00c1fonya Cranberry Cherry \/ Anan\u00e1sz Passion Lime<\/li>\n<li>\u00c1fonya eper mentol \/ \u00c1fonya m\u00e1lna mentol<\/li>\n<\/ul>\n<p>Minden doboz 10 k\u00fcl\u00f6nb\u00f6z\u0151 kett\u0151s \u00edzkombin\u00e1ci\u00f3t tartalmaz, amelyek minden \u00edzl\u00e9snek megfelelnek - a gy\u00fcm\u00f6lcs\u00f6s \u00e9s \u00e9desk\u00e9s cukork\u00e1t\u00f3l a jeges-frissig.<\/p>","protected":false},"excerpt":{"rendered":"<p>Az VOPK ULTRA 40000 Puffs eldobhat\u00f3 vape kombin\u00e1lja a kett\u0151s \u00edzeket, a 36mL e-folyad\u00e9kot, a 850mAh akkumul\u00e1tort \u00e9s a h\u00e1l\u00f3s tekercseket a testreszabhat\u00f3, hosszan tart\u00f3 \u00e9s \u00edzletes eldobhat\u00f3 p\u00e1rologtat\u00e1si \u00e9lm\u00e9ny\u00e9rt a 0%-5% nikotinopci\u00f3kkal.<\/p>","protected":false},"featured_media":37355,"comment_status":"open","ping_status":"closed","template":"","meta":[],"product_brand":[244],"product_cat":[39,219],"product_tag":[],"class_list":{"0":"post-37349","1":"product","2":"type-product","3":"status-publish","4":"has-post-thumbnail","6":"product_brand-okso","7":"product_cat-vopk","8":"product_cat-40000-puffs-disposable-vape","10":"first","11":"instock","12":"shipping-taxable","13":"purchasable","14":"product-type-variable","15":"has-default-attributes"},"jetpack_sharing_enabled":true,"tiered_pricing_type":"fixed","tiered_pricing_fixed_rules":[],"tiered_pricing_product_settings":{"layout":"default","base_unit_name":{"singular":null,"plural":null},"default_variation":null},"tiered_pricing_minimum_quantity":1000,"tiered_pricing_roles_data":[],"tiered_pricing_percentage_rules":[],"tiered_pricing_maximum_quantity":null,"tiered_pricing_quantity_step":"10","_links":{"self":[{"href":"https:\/\/aiviouvapes.com\/hu\/wp-json\/wp\/v2\/product\/37349","targetHints":{"allow":["GET"]}}],"collection":[{"href":"https:\/\/aiviouvapes.com\/hu\/wp-json\/wp\/v2\/product"}],"about":[{"href":"https:\/\/aiviouvapes.com\/hu\/wp-json\/wp\/v2\/types\/product"}],"replies":[{"embeddable":true,"href":"https:\/\/aiviouvapes.com\/hu\/wp-json\/wp\/v2\/comments?post=37349"}],"wp:featuredmedia":[{"embeddable":true,"href":"https:\/\/aiviouvapes.com\/hu\/wp-json\/wp\/v2\/media\/37355"}],"wp:attachment":[{"href":"https:\/\/aiviouvapes.com\/hu\/wp-json\/wp\/v2\/media?parent=37349"}],"wp:term":[{"taxonomy":"product_brand","embeddable":true,"href":"https:\/\/aiviouvapes.com\/hu\/wp-json\/wp\/v2\/product_brand?post=37349"},{"taxonomy":"product_cat","embeddable":true,"href":"https:\/\/aiviouvapes.com\/hu\/wp-json\/wp\/v2\/product_cat?post=37349"},{"taxonomy":"product_tag","embeddable":true,"href":"https:\/\/aiviouvapes.com\/hu\/wp-json\/wp\/v2\/product_tag?post=37349"}],"curies":[{"name":"wp","href":"https:\/\/api.w.org\/{rel}","templated":true}]}}