{"id":37337,"date":"2025-06-12T23:06:52","date_gmt":"2025-06-12T15:06:52","guid":{"rendered":"https:\/\/aiviouvapes.com\/?post_type=product&#038;p=37337"},"modified":"2026-03-07T11:31:06","modified_gmt":"2026-03-07T03:31:06","slug":"vopk-triple-60k","status":"publish","type":"product","link":"https:\/\/aiviouvapes.com\/hu\/product\/vopk-triple-60k\/","title":{"rendered":"Vopk Triple 60K 60000 Puffs | 3 az 1-ben \u00edz, 54mL, LED k\u00e9perny\u0151, tripla h\u00e1l\u00f3, \u00f6mlesztett eldobhat\u00f3 vape"},"content":{"rendered":"<p><!-- SEO Meta Description --><\/p>\n<p><!-- Product Description --><\/p>\n<h2>\ud83d\udd25 Vopk Triple 60000 Puffs Eldobhat\u00f3 Vape - V\u00e9gs\u0151 h\u00e1romszoros \u00edz\u00e9lm\u00e9ny<\/h2>\n<p>A <strong>Vopk Triple 60K<\/strong> egy k\u00f6vetkez\u0151 gener\u00e1ci\u00f3s eldobhat\u00f3 vape, amely tele van <strong>60,000 puff<\/strong>, a <strong>54mL e-folyad\u00e9k tart\u00e1ly<\/strong>, \u00e9s <strong>h\u00e1romszoros 0.9\u03a9 h\u00e1l\u00f3s tekercsek<\/strong>. A <strong>3 az 1-ben \u00edzv\u00e1lt\u00e1s<\/strong> rendszerrel ez az eszk\u00f6z nonstop v\u00e1ltozatoss\u00e1got, sima felh\u0151ket \u00e9s mer\u00e9sz \u00edzeket biztos\u00edt. A k\u00f6vetkez\u0151kkel rendelkezik <strong>intelligens LED k\u00e9perny\u0151<\/strong>, <strong>\u00fajrat\u00f6lthet\u0151 650mAh akkumul\u00e1tor<\/strong>, \u00e9s <strong>C-t\u00edpus\u00fa gyors t\u00f6lt\u00e9s<\/strong>, ez a t\u00f6k\u00e9letes all-in-one a komoly g\u0151z\u00f6lg\u0151k sz\u00e1m\u00e1ra.<\/p>\n<p><!-- Key Features --><\/p>\n<h3>\ud83d\udd11 A Vopk Triple 60K Vape legfontosabb jellemz\u0151i<\/h3>\n<ul>\n<li><strong>60,000 puff kapacit\u00e1s<\/strong> - \u00c9lvezze a hossz\u00fa t\u00e1v\u00fa haszn\u00e1latot an\u00e9lk\u00fcl, hogy folyamatosan cser\u00e9lni kellene.<\/li>\n<li><strong>2% \/ 5% Nikotin opci\u00f3k<\/strong> - Rugalmas er\u0151ss\u00e9g a k\u00f6nny\u0171 vagy intenz\u00edv el\u00e9gedetts\u00e9ghez.<\/li>\n<li><strong>H\u00e1romszoros 0.9\u03a9 h\u00e1l\u00f3s tekercsek<\/strong> - Fokozott g\u0151zs\u0171r\u0171s\u00e9g, gyorsabb felmeleged\u00e9s \u00e9s er\u0151sebb \u00edz.<\/li>\n<li><strong>54mL E-folyad\u00e9k kapacit\u00e1s<\/strong> - Ultra-nagy hanger\u0151 a hosszabb p\u00e1rologtat\u00e1sokhoz.<\/li>\n<li><strong>650mAh \u00fajrat\u00f6lthet\u0151 akkumul\u00e1tor<\/strong> - Kicsi, de hatalmas, eg\u00e9sz nap tart.<\/li>\n<li><strong>C t\u00edpus\u00fa gyorst\u00f6lt\u00e9s<\/strong> - A gyorst\u00f6lt\u00e9s minimaliz\u00e1lja a k\u00e9t haszn\u00e1lat k\u00f6z\u00f6tti \u00e1ll\u00e1sid\u0151t.<\/li>\n<li><strong>Intelligens LED kijelz\u0151<\/strong> - Val\u00f3s idej\u0171 akkumul\u00e1tor- \u00e9s e-folyad\u00e9kszint-k\u00f6vet\u00e9s.<\/li>\n<li><strong>3 az 1-ben \u00edzv\u00e1lt\u00f3<\/strong> - H\u00e1rom \u00edz k\u00f6z\u00f6tt v\u00e1ltogathat egyetlen eszk\u00f6zzel - nincs sz\u00fcks\u00e9g cser\u00e9re.<\/li>\n<li><strong>Sz\u00e9les \u00edzv\u00e1laszt\u00e9k<\/strong> - V\u00e1lasszon 10 el\u0151re \u00f6sszekevert h\u00e1rmas \u00edzprofil k\u00f6z\u00fcl.<\/li>\n<\/ul>\n<p><!-- Why Choose --><\/p>\n<h3>\ud83d\udca1 Mi\u00e9rt v\u00e1lassza a Vopk Triple 60000 Puffot?<\/h3>\n<ul>\n<li><strong>Nikotin rugalmass\u00e1g:<\/strong> V\u00e1lasszon a k\u00f6vetkez\u0151k k\u00f6z\u00fcl <em>2%<\/em> \u00e9s <em>5%<\/em> hogy megfeleljen az \u00d6n preferenci\u00e1inak.<\/li>\n<li><strong>\u00cdzes\u00edt\u0151 innov\u00e1ci\u00f3:<\/strong> A 3 az 1-ben rendszer azt jelenti, hogy soha nem fogsz unatkozni - azonnal v\u00e1ltogathatod.<\/li>\n<li><strong>G\u0151zmin\u0151s\u00e9g:<\/strong> A h\u00e1romszoros h\u00e1l\u00f3s tekercsek egyenletesen s\u0171r\u0171 \u00e9s \u00edzletes felh\u0151ket k\u00edn\u00e1lnak.<\/li>\n<li><strong>Hatalmas E-folyad\u00e9k kapacit\u00e1s:<\/strong> Az 54 ml-es fed\u00e9lzeten hossz\u00fa t\u00e1vra k\u00e9szen \u00e1llsz.<\/li>\n<li><strong>K\u00e9nyelmes t\u00f6lt\u00e9s:<\/strong> A Type-C lehet\u0151v\u00e9 teszi a gyors \u00e9s megb\u00edzhat\u00f3 bekapcsol\u00e1st.<\/li>\n<li><strong>Intelligens LED kijelz\u0151:<\/strong> Azonnal ellen\u0151rizheti az akkumul\u00e1tor \u00e9s a t\u00f6lt\u00f6tts\u00e9gi szinteket.<\/li>\n<li><strong>\u00cdzvari\u00e1ci\u00f3:<\/strong> T\u00edz egyedi, h\u00e1rmas \u00edzkombin\u00e1ci\u00f3, t\u00f6k\u00e9letesen kiegyens\u00falyozva minden \u00edzl\u00e9shez.<\/li>\n<\/ul>\n<p><!-- Flavor List --><\/p>\n<h3>\ud83c\udf6d El\u00e9rhet\u0151 h\u00e1rmas \u00edzkombin\u00e1ci\u00f3k<\/h3>\n<ul>\n<li>G\u00f6r\u00f6gdinnye j\u00e9g &amp; tripla dinnye j\u00e9g &amp; eper j\u00e9gkr\u00e9m<\/li>\n<li>Eper Ban\u00e1n &amp; M\u00e1lna G\u00f6r\u00f6gdinnye &amp; Anan\u00e1sz K\u00f3kuszdi\u00f3<\/li>\n<li>Barack bogy\u00f3s &amp; Blue Razz j\u00e9g &amp; g\u00f6r\u00f6gdinnye barack mang\u00f3<\/li>\n<li>Savany\u00fa mang\u00f3 anan\u00e1sz &amp; Red Bull eper &amp; fekete ribizli j\u00e9g<\/li>\n<li>Kiwi maracuja &amp; eper cseresznye &amp; szerelem 66<\/li>\n<li>Dupla alma j\u00e9g &amp; tr\u00f3pusi gy\u00fcm\u00f6lcs &amp; eper g\u00f6r\u00f6gdinnye r\u00e1g\u00f3gumi<\/li>\n<li>Grape Ice &amp; Strawberry Kiwi &amp; Watermelon Red Bull<\/li>\n<li>Eper g\u00f6r\u00f6gdinnye &amp; \u00e1fonya m\u00e1lna &amp; citrom citromos lime<\/li>\n<li>Ban\u00e1n anan\u00e1sz &amp; Red Bull Ice &amp; Eper mang\u00f3<\/li>\n<li>Gumimack\u00f3 &amp; eper van\u00edli\u00e1s k\u00f3la &amp; \u00e1fony\u00e1s vattacukor<\/li>\n<\/ul>","protected":false},"excerpt":{"rendered":"<div class=\"woocommerce-product-details__short-description\">\n<p>A Vopk Triple 60000 puffs eldobhat\u00f3 vape 3 az 1-ben \u00edzv\u00e1lt\u00e1st, 54mL e-folyad\u00e9kot, tripla h\u00e1l\u00f3s tekercset, LED kijelz\u0151t \u00e9s ak\u00e1r 60.000 puffot k\u00edn\u00e1l egy \u00fajrat\u00f6lthet\u0151, nagy teljes\u00edtm\u00e9ny\u0171 eldobhat\u00f3 k\u00e9sz\u00fcl\u00e9kben.<\/p>\n<\/div>","protected":false},"featured_media":40849,"comment_status":"open","ping_status":"closed","template":"","meta":[],"product_brand":[245],"product_cat":[39,242,90,78,81,76],"product_tag":[],"class_list":{"0":"post-37337","1":"product","2":"type-product","3":"status-publish","4":"has-post-thumbnail","6":"product_brand-vopk","7":"product_cat-vopk","8":"product_cat-60000-puffs-disposable-vape","9":"product_cat-big-puffs-vapes","10":"product_cat-crystal-vapes","11":"product_cat-digital-box-vapes","12":"product_cat-disposable-vape-types","14":"first","15":"instock","16":"featured","17":"shipping-taxable","18":"purchasable","19":"product-type-variable","20":"has-default-attributes"},"jetpack_sharing_enabled":true,"tiered_pricing_type":"fixed","tiered_pricing_fixed_rules":[],"tiered_pricing_product_settings":{"layout":"default","base_unit_name":{"singular":null,"plural":null},"default_variation":null},"tiered_pricing_minimum_quantity":1000,"tiered_pricing_roles_data":[],"tiered_pricing_percentage_rules":[],"tiered_pricing_maximum_quantity":null,"tiered_pricing_quantity_step":"10","_links":{"self":[{"href":"https:\/\/aiviouvapes.com\/hu\/wp-json\/wp\/v2\/product\/37337","targetHints":{"allow":["GET"]}}],"collection":[{"href":"https:\/\/aiviouvapes.com\/hu\/wp-json\/wp\/v2\/product"}],"about":[{"href":"https:\/\/aiviouvapes.com\/hu\/wp-json\/wp\/v2\/types\/product"}],"replies":[{"embeddable":true,"href":"https:\/\/aiviouvapes.com\/hu\/wp-json\/wp\/v2\/comments?post=37337"}],"wp:featuredmedia":[{"embeddable":true,"href":"https:\/\/aiviouvapes.com\/hu\/wp-json\/wp\/v2\/media\/40849"}],"wp:attachment":[{"href":"https:\/\/aiviouvapes.com\/hu\/wp-json\/wp\/v2\/media?parent=37337"}],"wp:term":[{"taxonomy":"product_brand","embeddable":true,"href":"https:\/\/aiviouvapes.com\/hu\/wp-json\/wp\/v2\/product_brand?post=37337"},{"taxonomy":"product_cat","embeddable":true,"href":"https:\/\/aiviouvapes.com\/hu\/wp-json\/wp\/v2\/product_cat?post=37337"},{"taxonomy":"product_tag","embeddable":true,"href":"https:\/\/aiviouvapes.com\/hu\/wp-json\/wp\/v2\/product_tag?post=37337"}],"curies":[{"name":"wp","href":"https:\/\/api.w.org\/{rel}","templated":true}]}}