{"id":37177,"date":"2025-06-16T11:29:01","date_gmt":"2025-06-16T03:29:01","guid":{"rendered":"https:\/\/aiviouvapes.com\/?post_type=product&#038;p=37177"},"modified":"2026-04-15T09:05:36","modified_gmt":"2026-04-15T01:05:36","slug":"vapsolo-triple-30000-puffs","status":"publish","type":"product","link":"https:\/\/aiviouvapes.com\/hu\/product\/vapsolo-triple-30000-puffs\/","title":{"rendered":"Vapsolo Triple 30000 Puffs | 3 az 1-ben \u00edz, 36mL e-folyad\u00e9k, LCD k\u00e9perny\u0151, \u00f6mlesztett eldobhat\u00f3 vape"},"content":{"rendered":"<h2>\ud83d\udd11 A VapSolo Triple 30000 Puffs eldobhat\u00f3 Vape f\u0151bb jellemz\u0151i<\/h2>\n<ul>\n<li><strong>Ak\u00e1r 30,000 puff:<\/strong> Hossz\u00fa \u00e9lettartam\u00fa teljes\u00edtm\u00e9ny a hosszabb haszn\u00e1lathoz gyakori cser\u00e9k n\u00e9lk\u00fcl.<\/li>\n<li><strong>H\u00e1romszoros \u00edzrendszer:<\/strong> \u00c9lvezze a h\u00e1rom k\u00fcl\u00f6nb\u00f6z\u0151 \u00edzt egy k\u00e9sz\u00fcl\u00e9kben - t\u00f6k\u00e9letes azok sz\u00e1m\u00e1ra, akik v\u00e1ltozatoss\u00e1gra v\u00e1gynak.<\/li>\n<li><strong>Hatalmas 45mL E-Liquid kapacit\u00e1s:<\/strong> 15ml \u00edzenk\u00e9nt, ami biztos\u00edtja a folyamatos p\u00e1rologtat\u00e1sokat sz\u00e1razs\u00e1g n\u00e9lk\u00fcl.<\/li>\n<li><strong>1.0\u03a9 Triple Mesh tekercs:<\/strong> Kiv\u00e1l\u00f3 g\u0151z- \u00e9s \u00edztermel\u00e9s minden egyes sz\u00edv\u00e1sn\u00e1l.<\/li>\n<li><strong>650mAh \u00fajrat\u00f6lthet\u0151 akkumul\u00e1tor:<\/strong> Megb\u00edzhat\u00f3 energiaell\u00e1t\u00e1s C t\u00edpus\u00fa gyorst\u00f6lt\u00e9ssel a k\u00e9nyelem \u00e9rdek\u00e9ben.<\/li>\n<li><strong>Intelligens LCD kijelz\u0151:<\/strong> A puffok sz\u00e1m\u00e1nak, az akkumul\u00e1tor \u00e9lettartam\u00e1nak \u00e9s az akt\u00edv \u00edznek a val\u00f3s idej\u0171 nyomon k\u00f6vet\u00e9se.<\/li>\n<li><strong>Stabil fesz\u00fclts\u00e9g 3,6 V-on:<\/strong> Biztos\u00edtja a k\u00f6vetkezetes p\u00e1rol\u00e1si teljes\u00edtm\u00e9nyt az elej\u00e9t\u0151l a v\u00e9g\u00e9ig.<\/li>\n<li><strong>Kompakt \u00e9s k\u00f6nny\u0171 kialak\u00edt\u00e1s:<\/strong> Zsebbar\u00e1t \u00e9s k\u00f6nnyen hordozhat\u00f3 az \u00fatk\u00f6zbeni haszn\u00e1lathoz.<\/li>\n<li><strong>Nikotin lehet\u0151s\u00e9gek:<\/strong> A 2% \u00e9s 5% v\u00e1ltozatban kaphat\u00f3, hogy megfeleljen a k\u00f6nny\u0171 \u00e9s a tapasztalt vapereknek egyar\u00e1nt.<\/li>\n<\/ul>\n<h2>\ud83d\udd25 Mi\u00e9rt v\u00e1lassza a VapSolo Triple 30K eldobhat\u00f3 Vape-t?<\/h2>\n<p>A VapSolo Triple 30000 a v\u00e9gs\u0151 eldobhat\u00f3 vape a felhaszn\u00e1l\u00f3k sz\u00e1m\u00e1ra, akik v\u00e1ltozatoss\u00e1got, k\u00e9nyelmet \u00e9s nagy teljes\u00edtm\u00e9nyt ig\u00e9nyelnek. H\u00e1romszoros \u00edzfunkci\u00f3j\u00e1val, nagy e-folyad\u00e9ktart\u00e1ly\u00e1val \u00e9s \u00fajrat\u00f6lthet\u0151 akkumul\u00e1tor\u00e1val ez a k\u00e9sz\u00fcl\u00e9k arra k\u00e9sz\u00fclt, hogy kiel\u00e9g\u00edtse ig\u00e9nyeit. Ak\u00e1r az \u00edzek hajszol\u00f3ja, ak\u00e1r alkalmi vaper, a VapSolo Triple sima, gazdag \u00e9s megszak\u00edt\u00e1s n\u00e9lk\u00fcli vaping \u00e9lm\u00e9nyt ny\u00fajt - plusz egy digit\u00e1lis kijelz\u0151, amely mindent ellen\u0151rz\u00e9s alatt tart. Karcs\u00fa kialak\u00edt\u00e1sa \u00e9s massz\u00edv puffsz\u00e1ma megb\u00edzhat\u00f3 napi t\u00e1rss\u00e1 teszi minden vaper sz\u00e1m\u00e1ra.<\/p>\n<h2>\ud83c\udf53 El\u00e9rhet\u0151 \u00edzkombin\u00e1ci\u00f3k<\/h2>\n<ul>\n<li>1. G\u00f6r\u00f6gdinnye j\u00e9g &amp; eper Kiwi &amp; citromos menta<\/li>\n<li>2. Blue Razz Ice &amp; Mango Peach &amp; Grape Ice<\/li>\n<li>3. Cola Ice &amp; Cherry Gr\u00e1n\u00e1talma &amp; Savany\u00fa alma<\/li>\n<li>4. Eper Ban\u00e1n \u00e9s m\u00e1lna G\u00f6r\u00f6gdinnye \u00e9s anan\u00e1sz K\u00f3kuszdi\u00f3<\/li>\n<li>5. Tr\u00f3pusi puncs &amp; eperfagyi &amp; z\u00f6ld alma<\/li>\n<li>6. Blueberry Mint &amp; Love 66 &amp; Double Apple<\/li>\n<li>7. Kiwi Passion Fruit Guava &amp; Eper Cherry &amp; Lush Ice<\/li>\n<li>8. Fekete ribizli j\u00e9g &amp; licsi g\u00f6r\u00f6gdinnye &amp; vegyes gy\u00fcm\u00f6lcs\u00f6k<\/li>\n<li>9. Red Bull &amp; eper Sz\u0151l\u0151 &amp; \u00e1fonya M\u00e1lna<\/li>\n<li>10. Energiaital &amp; Barack j\u00e9g &amp; h\u0171s menta<\/li>\n<\/ul>\n<p><img data-recalc-dims=\"1\" loading=\"lazy\" decoding=\"async\" class=\"alignnone size-full wp-image-46143\" src=\"https:\/\/i0.wp.com\/aiviouvapes.com\/wp-content\/uploads\/2025\/06\/VapSolo-30000-Puffs.jpg?resize=1000%2C1000&#038;ssl=1\" alt=\",\" width=\"1000\" height=\"1000\" title=\"\" srcset=\"https:\/\/i0.wp.com\/aiviouvapes.com\/wp-content\/uploads\/2025\/06\/VapSolo-30000-Puffs.jpg?w=1000&amp;ssl=1 1000w, https:\/\/i0.wp.com\/aiviouvapes.com\/wp-content\/uploads\/2025\/06\/VapSolo-30000-Puffs.jpg?resize=300%2C300&amp;ssl=1 300w, https:\/\/i0.wp.com\/aiviouvapes.com\/wp-content\/uploads\/2025\/06\/VapSolo-30000-Puffs.jpg?resize=150%2C150&amp;ssl=1 150w, https:\/\/i0.wp.com\/aiviouvapes.com\/wp-content\/uploads\/2025\/06\/VapSolo-30000-Puffs.jpg?resize=768%2C768&amp;ssl=1 768w, https:\/\/i0.wp.com\/aiviouvapes.com\/wp-content\/uploads\/2025\/06\/VapSolo-30000-Puffs.jpg?resize=12%2C12&amp;ssl=1 12w, https:\/\/i0.wp.com\/aiviouvapes.com\/wp-content\/uploads\/2025\/06\/VapSolo-30000-Puffs.jpg?resize=400%2C400&amp;ssl=1 400w, https:\/\/i0.wp.com\/aiviouvapes.com\/wp-content\/uploads\/2025\/06\/VapSolo-30000-Puffs.jpg?resize=800%2C800&amp;ssl=1 800w, https:\/\/i0.wp.com\/aiviouvapes.com\/wp-content\/uploads\/2025\/06\/VapSolo-30000-Puffs.jpg?resize=100%2C100&amp;ssl=1 100w\" sizes=\"auto, (max-width: 1000px) 100vw, 1000px\" \/> <img data-recalc-dims=\"1\" loading=\"lazy\" decoding=\"async\" class=\"alignnone size-full wp-image-46144\" src=\"https:\/\/i0.wp.com\/aiviouvapes.com\/wp-content\/uploads\/2025\/06\/VapSolo-30000-Puffs-2.jpg?resize=1000%2C1000&#038;ssl=1\" alt=\",\" width=\"1000\" height=\"1000\" title=\"\" srcset=\"https:\/\/i0.wp.com\/aiviouvapes.com\/wp-content\/uploads\/2025\/06\/VapSolo-30000-Puffs-2.jpg?w=1000&amp;ssl=1 1000w, https:\/\/i0.wp.com\/aiviouvapes.com\/wp-content\/uploads\/2025\/06\/VapSolo-30000-Puffs-2.jpg?resize=300%2C300&amp;ssl=1 300w, https:\/\/i0.wp.com\/aiviouvapes.com\/wp-content\/uploads\/2025\/06\/VapSolo-30000-Puffs-2.jpg?resize=150%2C150&amp;ssl=1 150w, https:\/\/i0.wp.com\/aiviouvapes.com\/wp-content\/uploads\/2025\/06\/VapSolo-30000-Puffs-2.jpg?resize=768%2C768&amp;ssl=1 768w, https:\/\/i0.wp.com\/aiviouvapes.com\/wp-content\/uploads\/2025\/06\/VapSolo-30000-Puffs-2.jpg?resize=12%2C12&amp;ssl=1 12w, https:\/\/i0.wp.com\/aiviouvapes.com\/wp-content\/uploads\/2025\/06\/VapSolo-30000-Puffs-2.jpg?resize=400%2C400&amp;ssl=1 400w, https:\/\/i0.wp.com\/aiviouvapes.com\/wp-content\/uploads\/2025\/06\/VapSolo-30000-Puffs-2.jpg?resize=800%2C800&amp;ssl=1 800w, https:\/\/i0.wp.com\/aiviouvapes.com\/wp-content\/uploads\/2025\/06\/VapSolo-30000-Puffs-2.jpg?resize=100%2C100&amp;ssl=1 100w\" sizes=\"auto, (max-width: 1000px) 100vw, 1000px\" \/> <img data-recalc-dims=\"1\" loading=\"lazy\" decoding=\"async\" class=\"alignnone size-full wp-image-46145\" src=\"https:\/\/i0.wp.com\/aiviouvapes.com\/wp-content\/uploads\/2025\/06\/VapSolo-30000-Puffs-3.jpg?resize=1000%2C1000&#038;ssl=1\" alt=\",\" width=\"1000\" height=\"1000\" title=\"\" srcset=\"https:\/\/i0.wp.com\/aiviouvapes.com\/wp-content\/uploads\/2025\/06\/VapSolo-30000-Puffs-3.jpg?w=1000&amp;ssl=1 1000w, https:\/\/i0.wp.com\/aiviouvapes.com\/wp-content\/uploads\/2025\/06\/VapSolo-30000-Puffs-3.jpg?resize=300%2C300&amp;ssl=1 300w, https:\/\/i0.wp.com\/aiviouvapes.com\/wp-content\/uploads\/2025\/06\/VapSolo-30000-Puffs-3.jpg?resize=150%2C150&amp;ssl=1 150w, https:\/\/i0.wp.com\/aiviouvapes.com\/wp-content\/uploads\/2025\/06\/VapSolo-30000-Puffs-3.jpg?resize=768%2C768&amp;ssl=1 768w, https:\/\/i0.wp.com\/aiviouvapes.com\/wp-content\/uploads\/2025\/06\/VapSolo-30000-Puffs-3.jpg?resize=12%2C12&amp;ssl=1 12w, https:\/\/i0.wp.com\/aiviouvapes.com\/wp-content\/uploads\/2025\/06\/VapSolo-30000-Puffs-3.jpg?resize=400%2C400&amp;ssl=1 400w, https:\/\/i0.wp.com\/aiviouvapes.com\/wp-content\/uploads\/2025\/06\/VapSolo-30000-Puffs-3.jpg?resize=800%2C800&amp;ssl=1 800w, https:\/\/i0.wp.com\/aiviouvapes.com\/wp-content\/uploads\/2025\/06\/VapSolo-30000-Puffs-3.jpg?resize=100%2C100&amp;ssl=1 100w\" sizes=\"auto, (max-width: 1000px) 100vw, 1000px\" \/><\/p>","protected":false},"excerpt":{"rendered":"<p>Tapasztalja meg a h\u00e1romszoros \u00edzt \u00e9s ak\u00e1r 30.000 slukkot a VapSolo Triple 30K eldobhat\u00f3 vape-vel - egy er\u0151teljes, \u00edzgazdag \u00e9s funkci\u00f3gazdag vape, amelyet hossz\u00fa t\u00e1v\u00fa el\u00e9gedetts\u00e9gre terveztek.<\/p>\n<a href=\"https:\/\/aiviouvapes.com\/hu\/why-waspe-100k-4-in-1-outshines-vapsolo-triple-30k\/\" target=\"_blank\" class=\"button secondary is-secondary is-medium hide-this-btn1\" rel=\"noopener\" >\n\t\t<span>\ud83d\udc51 Fedezze fel, mi\u00e9rt v\u00e1lasztj\u00e1k az okos vapers az WASPE 100K-t a VapSolo helyett \u2705<\/span>\n\t<\/a>","protected":false},"featured_media":37178,"comment_status":"open","ping_status":"closed","template":"","meta":[],"product_brand":[228],"product_cat":[48,131],"product_tag":[],"class_list":{"0":"post-37177","1":"product","2":"type-product","3":"status-publish","4":"has-post-thumbnail","6":"product_brand-vapsolo","7":"product_cat-vapsolo","8":"product_cat-30000-puffs-disposable-vape","10":"first","11":"instock","12":"shipping-taxable","13":"purchasable","14":"product-type-variable","15":"has-default-attributes"},"jetpack_sharing_enabled":true,"tiered_pricing_type":"fixed","tiered_pricing_fixed_rules":{"2000":7.6500000000000003552713678800500929355621337890625},"tiered_pricing_product_settings":{"layout":"default","base_unit_name":{"singular":null,"plural":null},"default_variation":null},"tiered_pricing_minimum_quantity":1000,"tiered_pricing_roles_data":[],"tiered_pricing_percentage_rules":[],"tiered_pricing_maximum_quantity":null,"tiered_pricing_quantity_step":"10","_links":{"self":[{"href":"https:\/\/aiviouvapes.com\/hu\/wp-json\/wp\/v2\/product\/37177","targetHints":{"allow":["GET"]}}],"collection":[{"href":"https:\/\/aiviouvapes.com\/hu\/wp-json\/wp\/v2\/product"}],"about":[{"href":"https:\/\/aiviouvapes.com\/hu\/wp-json\/wp\/v2\/types\/product"}],"replies":[{"embeddable":true,"href":"https:\/\/aiviouvapes.com\/hu\/wp-json\/wp\/v2\/comments?post=37177"}],"wp:featuredmedia":[{"embeddable":true,"href":"https:\/\/aiviouvapes.com\/hu\/wp-json\/wp\/v2\/media\/37178"}],"wp:attachment":[{"href":"https:\/\/aiviouvapes.com\/hu\/wp-json\/wp\/v2\/media?parent=37177"}],"wp:term":[{"taxonomy":"product_brand","embeddable":true,"href":"https:\/\/aiviouvapes.com\/hu\/wp-json\/wp\/v2\/product_brand?post=37177"},{"taxonomy":"product_cat","embeddable":true,"href":"https:\/\/aiviouvapes.com\/hu\/wp-json\/wp\/v2\/product_cat?post=37177"},{"taxonomy":"product_tag","embeddable":true,"href":"https:\/\/aiviouvapes.com\/hu\/wp-json\/wp\/v2\/product_tag?post=37177"}],"curies":[{"name":"wp","href":"https:\/\/api.w.org\/{rel}","templated":true}]}}