{"id":35443,"date":"2025-06-02T23:12:50","date_gmt":"2025-06-02T15:12:50","guid":{"rendered":"https:\/\/aiviouvapes.com\/?post_type=product&#038;p=35443"},"modified":"2026-03-17T10:38:52","modified_gmt":"2026-03-17T02:38:52","slug":"bang-blaze-60000-60k","status":"publish","type":"product","link":"https:\/\/aiviouvapes.com\/hu\/product\/bang-blaze-60000-60k\/","title":{"rendered":"Bang Blaze 4 az 1-ben 60000 Puffs | \u00edz hossz\u00fa \u00e9lettartam\u00fa 60k puff \u00f6mlesztett eldobhat\u00f3 vape"},"content":{"rendered":"<p><!-- SEO Meta Description --><\/p>\n<p><!-- Product Description --><\/p>\n<h2>\ud83d\udd25 Bang Blaze 60K eldobhat\u00f3 vape - 60.000 puff, 4 \u00edz 1-ben, intelligens kijelz\u0151vel<\/h2>\n<p>P\u00e1ratlan \u00edzbeli rugalmass\u00e1got \u00e9s hossz\u00fa \u00e9lettartamot keres? A <strong>Bang Blaze 60K Eldobhat\u00f3 Vape<\/strong> az \u00d6n eszk\u00f6ze, amely ak\u00e1r 60 000 sz\u00edv\u00e1sig, 60 ml-es e-folyad\u00e9k tart\u00e1llyal \u00e9s egyed\u00fcl\u00e1ll\u00f3 4 \u00edz\u0171 kapcsol\u00f3rendszerrel rendelkezik. Ak\u00e1r felh\u0151vad\u00e1sz vagy \u00edzek felfedez\u0151je vagy, ez a k\u00e9sz\u00fcl\u00e9k k\u00f6nnyed\u00e9n \u00e9s izgalmasan teszi a p\u00e1rologtat\u00e1st.<\/p>\n<h3>\ud83d\udd11 Az Bang Blaze 60K f\u0151bb jellemz\u0151i<\/h3>\n<ul>\n<li><strong>Massz\u00edv 60,000 puff:<\/strong> Hosszabb, er\u0151sebb \u00e9s okosabb sz\u00edv\u00e1st tesz lehet\u0151v\u00e9 an\u00e9lk\u00fcl, hogy gyakran kellene cser\u00e9lni.<\/li>\n<li><strong>4 az 1-ben \u00edzv\u00e1lt\u00f3:<\/strong> Azonnal v\u00e1lthatsz a n\u00e9gy csod\u00e1latos, el\u0151re bet\u00f6lt\u00f6tt \u00edz k\u00f6z\u00f6tt minden k\u00e9sz\u00fcl\u00e9kben.<\/li>\n<li><strong>60ml el\u0151re t\u00f6lt\u00f6tt E-folyad\u00e9k:<\/strong> Az \u00f3ri\u00e1si tart\u00e1ly hosszabb haszn\u00e1latot \u00e9s nulla ut\u00e1nt\u00f6lt\u00e9st jelent.<\/li>\n<li><strong>Intelligens digit\u00e1lis kijelz\u0151:<\/strong> Val\u00f3s idej\u0171 akkumul\u00e1tor- \u00e9s e-folyad\u00e9kszint-ellen\u0151rz\u00e9s a teljes ellen\u0151rz\u00e9s \u00e9rdek\u00e9ben.<\/li>\n<li><strong>C t\u00edpus\u00fa \u00fajrat\u00f6lthet\u0151:<\/strong> 650mAh kapacit\u00e1s\u00fa akkumul\u00e1tor gyorst\u00f6lt\u00e9ssel, hogy soha ne mer\u00fclj\u00f6n ki az energi\u00e1b\u00f3l.<\/li>\n<li><strong>1.0\u03a9 h\u00e1l\u00f3s tekercs:<\/strong> Gazdag, sima g\u0151zt termel, mer\u00e9sz, tiszta \u00edzzel minden slukkban.<\/li>\n<li><strong>Nikotin lehet\u0151s\u00e9gek:<\/strong> Kaphat\u00f3 0%, 2%, 3% \u00e9s 5% kivitelben, hogy megfeleljen az \u00d6n \u00e9letst\u00edlus\u00e1nak \u00e9s preferenci\u00e1inak.<\/li>\n<\/ul>\n<h3>\ud83d\udca1 Mi\u00e9rt v\u00e1lassza az Bang Blaze 60K-t?<\/h3>\n<ul>\n<li><strong>All-in-One k\u00e9nyelem:<\/strong> N\u00e9gy \u00edz egyben - t\u00f6k\u00e9letes a podok cser\u00e9je n\u00e9lk\u00fcli v\u00e1lt\u00e1shoz \u00fatk\u00f6zben.<\/li>\n<li><strong>Hossz\u00fa t\u00e1v\u00fa szipuz\u00e1s:<\/strong> \u00c9lvezze az ak\u00e1r 60 000 sz\u00edv\u00e1st - t\u00f6bb g\u0151z\u00f6l\u00e9s, kevesebb csere.<\/li>\n<li><strong>Nikotin rugalmass\u00e1g:<\/strong> Ak\u00e1r a nikotinr\u00f3l akar leszokni, ak\u00e1r egy er\u0151s slukkot szeretne, v\u00e1lassza ki, ami a legjobban megfelel \u00d6nnek.<\/li>\n<li><strong>Felhaszn\u00e1l\u00f3bar\u00e1t kialak\u00edt\u00e1s:<\/strong> Nincs ut\u00e1nt\u00f6lt\u00e9s, nincsenek komplik\u00e1ci\u00f3k - csak v\u00e1lassza ki az \u00edz\u00e9t \u00e9s sz\u00edvja.<\/li>\n<\/ul>\n<h3>\ud83c\udf53 Top 12 \u00edzkombin\u00e1ci\u00f3<\/h3>\n<ul>\n<li>G\u00f6r\u00f6gdinnye j\u00e9g \/ \u00c1fonya menta \/ Fuji j\u00e9g \/ Lime rom\u00e1nc<\/li>\n<li>G\u00f6r\u00f6gdinnye j\u00e9g \/ \u00c1fonya cseresznye \/ Ny\u00e1ri id\u0151 \/ Savany\u00fa mang\u00f3 anan\u00e1sz<\/li>\n<li>\u00c1fonya j\u00e9g \/ Barack j\u00e9g \/ Sziv\u00e1rv\u00e1nyos cukorka \/ Citromos savany\u00fa narancs<\/li>\n<li>\u00c1fony\u00e1s j\u00e9g \/ Barackos mang\u00f3 g\u00f6r\u00f6gdinnye \/ Passion Kiss \/ Dinny\u00e9s alma<\/li>\n<li>\u00c1fonya M\u00e1lna \/ Vegyes bogy\u00f3s gy\u00fcm\u00f6lcs \/ Kaliforniai cseresznye \/ Golgotagy\u00fcm\u00f6lcs Mang\u00f3<\/li>\n<li>\u00c1fonya M\u00e1lna \/ Sz\u0151l\u0151 J\u00e9g \/ Bogy\u00f3 J\u00e9g \/ Aloe Mang\u00f3 Dinnye<\/li>\n<li>Energiaital \/ Eper Ban\u00e1n \/ Mang\u00f3 Barack S\u00e1rgabarack \/ Golgotavir\u00e1g Kiwi Lime<\/li>\n<li>Energiaital \/ \u00e1fonya g\u00f6r\u00f6gdinnye \/ savany\u00fa alma m\u00e1lna \/ gumimaci<\/li>\n<li>Eper mang\u00f3 \/ g\u00f6r\u00f6gdinnye r\u00e1g\u00f3gumi \/ piros mojito \/ Love66<\/li>\n<li>Eper Mang\u00f3 \/ Eper Kiwi \/ Alma Sz\u0151l\u0151 \/ G\u00f6r\u00f6gdinnye S\u00e1rk\u00e1nygy\u00fcm\u00f6lcs<\/li>\n<li>Eper g\u00f6r\u00f6gdinnye \/ Fekete j\u00e9g \/ Tizenh\u00e1rom dinnye \/ \u00c1fonya-sz\u0151l\u0151<\/li>\n<li>Eper G\u00f6r\u00f6gdinnye \/ Kiwi Maracuja Guava \/ Mang\u00f3 J\u00e9g \/ G\u00f6r\u00f6gdinnye Savany\u00fa Barack<\/li>\n<\/ul>\n<p><strong>Bang Blaze 60K<\/strong> \u00fajradefini\u00e1lja az eldobhat\u00f3 vape \u00e9lm\u00e9nyt t\u00f6bb \u00edzzel, nagyobb teljes\u00edtm\u00e9nnyel \u00e9s nagyobb k\u00e9nyelemmel. Pr\u00f3b\u00e1lja ki most, \u00e9s emelje a vape j\u00e1t\u00e9k\u00e1t!<\/p>","protected":false},"excerpt":{"rendered":"<p>Az Bang Blaze 60000 puffs eldobhat\u00f3 vape 60ml e-folyad\u00e9kot, 60.000 puffot, 4 az 1-ben \u00edzkapcsol\u00f3t, intelligens digit\u00e1lis k\u00e9perny\u0151t, t\u00f6bbf\u00e9le nikotin er\u0151ss\u00e9get \u00e9s h\u00e1l\u00f3s tekercset k\u00edn\u00e1l - a v\u00e9gs\u0151 all-in-one vape megold\u00e1s.<\/p>","protected":false},"featured_media":35453,"comment_status":"open","ping_status":"closed","template":"","meta":[],"product_brand":[239],"product_cat":[37,242],"product_tag":[],"class_list":{"0":"post-35443","1":"product","2":"type-product","3":"status-publish","4":"has-post-thumbnail","6":"product_brand-bang","7":"product_cat-bang","8":"product_cat-60000-puffs-disposable-vape","10":"first","11":"instock","12":"shipping-taxable","13":"purchasable","14":"product-type-variable","15":"has-default-attributes"},"jetpack_sharing_enabled":true,"tiered_pricing_type":"fixed","tiered_pricing_fixed_rules":{"30":9.8499999999999996447286321199499070644378662109375,"50":8.5600000000000004973799150320701301097869873046875,"100":7.78000000000000024868995751603506505489349365234375,"200":7.38999999999999968025576890795491635799407958984375,"400":6.80999999999999960920149533194489777088165283203125},"tiered_pricing_product_settings":{"layout":"default","base_unit_name":{"singular":null,"plural":null},"default_variation":null},"tiered_pricing_minimum_quantity":10,"tiered_pricing_roles_data":[],"tiered_pricing_percentage_rules":[],"tiered_pricing_maximum_quantity":null,"tiered_pricing_quantity_step":"10","_links":{"self":[{"href":"https:\/\/aiviouvapes.com\/hu\/wp-json\/wp\/v2\/product\/35443","targetHints":{"allow":["GET"]}}],"collection":[{"href":"https:\/\/aiviouvapes.com\/hu\/wp-json\/wp\/v2\/product"}],"about":[{"href":"https:\/\/aiviouvapes.com\/hu\/wp-json\/wp\/v2\/types\/product"}],"replies":[{"embeddable":true,"href":"https:\/\/aiviouvapes.com\/hu\/wp-json\/wp\/v2\/comments?post=35443"}],"wp:featuredmedia":[{"embeddable":true,"href":"https:\/\/aiviouvapes.com\/hu\/wp-json\/wp\/v2\/media\/35453"}],"wp:attachment":[{"href":"https:\/\/aiviouvapes.com\/hu\/wp-json\/wp\/v2\/media?parent=35443"}],"wp:term":[{"taxonomy":"product_brand","embeddable":true,"href":"https:\/\/aiviouvapes.com\/hu\/wp-json\/wp\/v2\/product_brand?post=35443"},{"taxonomy":"product_cat","embeddable":true,"href":"https:\/\/aiviouvapes.com\/hu\/wp-json\/wp\/v2\/product_cat?post=35443"},{"taxonomy":"product_tag","embeddable":true,"href":"https:\/\/aiviouvapes.com\/hu\/wp-json\/wp\/v2\/product_tag?post=35443"}],"curies":[{"name":"wp","href":"https:\/\/api.w.org\/{rel}","templated":true}]}}