{"id":33282,"date":"2025-04-24T17:00:12","date_gmt":"2025-04-24T09:00:12","guid":{"rendered":"https:\/\/aiviouvapes.com\/?post_type=product&#038;p=33282"},"modified":"2026-03-17T23:58:55","modified_gmt":"2026-03-17T15:58:55","slug":"mrvi-df-40k-puff","status":"publish","type":"product","link":"https:\/\/aiviouvapes.com\/hu\/product\/mrvi-df-40k-puff\/","title":{"rendered":"MRVI DF 40000 Puffs | dupla \u00edz, 40ml e-folyad\u00e9k eldobhat\u00f3 vape \u00f6mlesztett nagykeresked\u00e9s"},"content":{"rendered":"<p><strong>MRVI DF 40000 Dupla \u00edz\u0171 eldobhat\u00f3 vape<\/strong> - K\u00e9tszeres \u00edz, k\u00e9tszeres sz\u00f3rakoz\u00e1s.<\/p>\n<p>Ismerje meg a <strong>MRVI DF 40000<\/strong>, az eldobhat\u00f3 vape, amely k\u00e9tszeres \u00edzt \u00e9s k\u00e9tszeres \u00e9lvezetet ny\u00fajt. Ak\u00e1r <strong>40.000 f\u00faj\u00e1s<\/strong>, egy hatalmas <strong>40mL e-folyad\u00e9k tart\u00e1ly<\/strong>, \u00e9s a legmodernebb <strong>kett\u0151s h\u00e1l\u00f3s tekercs<\/strong> technol\u00f3gi\u00e1nak k\u00f6sz\u00f6nhet\u0151en ez a k\u00e9sz\u00fcl\u00e9k sima, gazdag g\u0151z\u00f6l\u00e9st biztos\u00edt, amely tov\u00e1bb tart, mint valaha is gondolta volna. Ak\u00e1r alkalmi doh\u00e1nyos, ak\u00e1r nagykereskedelmi v\u00e1s\u00e1rl\u00f3, az MRVI DF 40000 mindent, amire sz\u00fcks\u00e9ge van, egyetlen eleg\u00e1ns, zsebbar\u00e1t k\u00e9sz\u00fcl\u00e9kbe csomagol.<\/p>\n<p>Felszerelve egy <strong>850mAh \u00fajrat\u00f6lthet\u0151 akkumul\u00e1tor<\/strong> \u00e9s <strong>C-t\u00edpus\u00fa t\u00f6lt\u00e9s<\/strong> a gyors felt\u00f6lt\u00e9shez, ez a k\u00e9sz\u00fcl\u00e9k ugyanolyan er\u0151s, mint amilyen k\u00e9nyelmes. V\u00e1lasszon a k\u00f6vetkez\u0151k k\u00f6z\u00fcl <strong>5% vagy 2% nikotiner\u0151ss\u00e9g<\/strong> hogy testreszabhassa \u00e9lm\u00e9ny\u00e9t. Plusz, a <strong>10 egyedi kett\u0151s \u00edzkombin\u00e1ci\u00f3<\/strong>, mindig van valami \u00faj, amit ki lehet pr\u00f3b\u00e1lni.<\/p>\n<p>Az MRVI DF 40000 t\u00f6k\u00e9letes szem\u00e9lyes haszn\u00e1latra vagy tov\u00e1bb\u00e9rt\u00e9kes\u00edt\u00e9sre, az MRVI DF 40000 a min\u0151s\u00e9gi \u00e9s mennyis\u00e9gi vape.<\/p>\n<h3><strong>MRVI DF 40000 Jellemz\u0151k:<\/strong><\/h3>\n<ul>\n<li><strong>Massz\u00edv Puff sz\u00e1m:<\/strong> Ak\u00e1r 40,000 f\u00faj\u00e1s k\u00e9sz\u00fcl\u00e9kenk\u00e9nt<\/li>\n<li><strong>Nagy E-folyad\u00e9k kapacit\u00e1s:<\/strong> 40ml pr\u00e9mium e-folyad\u00e9k<\/li>\n<li><strong>Er\u0151teljes akkumul\u00e1tor:<\/strong> 850mAh \u00fajrat\u00f6lthet\u0151 akkumul\u00e1tor<\/li>\n<li><strong>Gyorst\u00f6lt\u00e9s:<\/strong> Type-C port (2 \u00f3ra alatt teljesen felt\u00f6lt\u0151dik)<\/li>\n<li><strong>Kett\u0151s h\u00e1l\u00f3s tekercs:<\/strong> Sima, gazdag g\u0151z minden h\u00faz\u00e1ssal<\/li>\n<li><strong>Nikotin lehet\u0151s\u00e9gek:<\/strong> 5% vagy 2% doh\u00e1nymentes nikotin<\/li>\n<li><strong>\u00cdzvari\u00e1ci\u00f3:<\/strong> 10 izgalmas kett\u0151s \u00edzkombin\u00e1ci\u00f3<\/li>\n<li><strong>Egyszer\u0171 aktiv\u00e1l\u00e1s:<\/strong> Bel\u00e9gz\u00e9s az aktiv\u00e1l\u00e1shoz - nincs sz\u00fcks\u00e9g gombokra<\/li>\n<li><strong>Kompakt kialak\u00edt\u00e1s:<\/strong> Zsebbar\u00e1t \u00e9s ergonomikus (92*41*19mm)<\/li>\n<li><strong>Nagykereskedelem-bar\u00e1t:<\/strong> 10 db dobozonk\u00e9nt<\/li>\n<\/ul>","protected":false},"excerpt":{"rendered":"<p class=\"\" data-start=\"97\" data-end=\"366\">Az MRVI DF 40000 eldobhat\u00f3 vape ak\u00e1r 40.000 puffot, kett\u0151s h\u00e1l\u00f3s tekercset, 40mL e-folyad\u00e9kot \u00e9s 10 dinamikus \u00edzkombin\u00e1ci\u00f3t k\u00edn\u00e1l. T\u00f6k\u00e9letes a hosszan tart\u00f3, probl\u00e9mamentes p\u00e1rologtat\u00e1shoz, ide\u00e1lis szem\u00e9lyes vagy nagykereskedelmi haszn\u00e1latra.<\/p>","protected":false},"featured_media":33307,"comment_status":"open","ping_status":"closed","template":"","meta":[],"product_brand":[229],"product_cat":[33,219,80,79],"product_tag":[],"class_list":{"0":"post-33282","1":"product","2":"type-product","3":"status-publish","4":"has-post-thumbnail","6":"product_brand-mrvi","7":"product_cat-mrvi","8":"product_cat-40000-puffs-disposable-vape","9":"product_cat-dual-flavor-vapes","10":"product_cat-dual-mesh-vapes","12":"first","13":"instock","14":"shipping-taxable","15":"purchasable","16":"product-type-variable","17":"has-default-attributes"},"jetpack_sharing_enabled":true,"tiered_pricing_type":"fixed","tiered_pricing_fixed_rules":{"100":7.05999999999999960920149533194489777088165283203125,"200":6.4199999999999999289457264239899814128875732421875,"400":6.089999999999999857891452847979962825775146484375},"tiered_pricing_product_settings":{"layout":"default","base_unit_name":{"singular":null,"plural":null},"default_variation":null},"tiered_pricing_minimum_quantity":50,"tiered_pricing_roles_data":[],"tiered_pricing_percentage_rules":[],"tiered_pricing_maximum_quantity":null,"tiered_pricing_quantity_step":"10","_links":{"self":[{"href":"https:\/\/aiviouvapes.com\/hu\/wp-json\/wp\/v2\/product\/33282","targetHints":{"allow":["GET"]}}],"collection":[{"href":"https:\/\/aiviouvapes.com\/hu\/wp-json\/wp\/v2\/product"}],"about":[{"href":"https:\/\/aiviouvapes.com\/hu\/wp-json\/wp\/v2\/types\/product"}],"replies":[{"embeddable":true,"href":"https:\/\/aiviouvapes.com\/hu\/wp-json\/wp\/v2\/comments?post=33282"}],"wp:featuredmedia":[{"embeddable":true,"href":"https:\/\/aiviouvapes.com\/hu\/wp-json\/wp\/v2\/media\/33307"}],"wp:attachment":[{"href":"https:\/\/aiviouvapes.com\/hu\/wp-json\/wp\/v2\/media?parent=33282"}],"wp:term":[{"taxonomy":"product_brand","embeddable":true,"href":"https:\/\/aiviouvapes.com\/hu\/wp-json\/wp\/v2\/product_brand?post=33282"},{"taxonomy":"product_cat","embeddable":true,"href":"https:\/\/aiviouvapes.com\/hu\/wp-json\/wp\/v2\/product_cat?post=33282"},{"taxonomy":"product_tag","embeddable":true,"href":"https:\/\/aiviouvapes.com\/hu\/wp-json\/wp\/v2\/product_tag?post=33282"}],"curies":[{"name":"wp","href":"https:\/\/api.w.org\/{rel}","templated":true}]}}