{"id":31281,"date":"2025-04-01T16:36:07","date_gmt":"2025-04-01T08:36:07","guid":{"rendered":"https:\/\/aiviouvapes.com\/?post_type=product&#038;p=31281"},"modified":"2026-04-02T15:53:48","modified_gmt":"2026-04-02T07:53:48","slug":"bang-e-shisha-42000-puffs","status":"publish","type":"product","link":"https:\/\/aiviouvapes.com\/hu\/product\/bang-e-shisha-42000-puffs\/","title":{"rendered":"Bang E-Shisha Head 42000 Puffs | 42K puffs arany LED kijelz\u0151 arany LED kijelz\u0151 \u00f6mlesztett eldobhat\u00f3 vape"},"content":{"rendered":"<h3>Mi\u00e9rt v\u00e1lassza az Bang E-Shisha Head 42000-t?<\/h3>\n<ul>\n<li>\ud83d\ude80 Massz\u00edv 42,000 puff a hosszan tart\u00f3 el\u00e9gedetts\u00e9g\u00e9rt<\/li>\n<li>\ud83c\udf1f A pr\u00e9mium arany kivitel minden puffhoz st\u00edlust k\u00f6lcs\u00f6n\u00f6z<\/li>\n<li>\ud83d\udcca LED kijelz\u0151 a k\u00f6nny\u0171 puff k\u00f6vet\u00e9shez<\/li>\n<li>\ud83d\udc4c Eldobhat\u00f3 \u00e9s karbantart\u00e1smentes kialak\u00edt\u00e1s<\/li>\n<li>\ud83c\udfd6\ufe0f Kompakt \u00e9s k\u00f6nny\u0171, ide\u00e1lis utaz\u00e1shoz \u00e9s rendezv\u00e9nyekhez.<\/li>\n<li>\ud83d\udd25 Gazdag, l\u00e1gy \u00edzek sz\u00e9les v\u00e1laszt\u00e9ka<\/li>\n<\/ul>\n<p>Ha st\u00edlusos, probl\u00e9mamentes, eldobhat\u00f3 vape-t keres, amely kiemelked\u0151 \u00edzt \u00e9s teljes\u00edtm\u00e9nyt ny\u00fajt, az Bang E-Shisha Head 42000 a t\u00f6k\u00e9letes v\u00e1laszt\u00e1s. Mondjon b\u00facs\u00fat az \u00e1lland\u00f3 ut\u00e1nt\u00f6lt\u00e9snek \u00e9s a bonyolult karbantart\u00e1snak - csak \u00e9lvezze a mer\u00e9sz, kiel\u00e9g\u00edt\u0151 vape-t b\u00e1rhol \u00e9s b\u00e1rmikor.<\/p>\n<p><strong>Fogja a saj\u00e1tj\u00e1t m\u00e9g ma, \u00e9s tapasztalja meg a st\u00edlus, a teljes\u00edtm\u00e9ny \u00e9s a k\u00e9nyelem t\u00f6k\u00e9letes kever\u00e9k\u00e9t az Bang E-Shisha Head 42000-rel!<\/strong><\/p>\n<h3>M\u0171szaki adatok<\/h3>\n<table>\n<tbody>\n<tr>\n<th>Jellemz\u0151<\/th>\n<th>R\u00e9szletek<\/th>\n<\/tr>\n<tr>\n<td>Puff sz\u00e1m<\/td>\n<td>Ak\u00e1r 42,000 f\u00faj\u00e1s<\/td>\n<\/tr>\n<tr>\n<td>Tervez\u00e9s<\/td>\n<td>Aranyozott, eleg\u00e1ns st\u00edlus\u00fa<\/td>\n<\/tr>\n<tr>\n<td>Megjelen\u00edt\u00e9s<\/td>\n<td>LED kijelz\u0151 a puffog\u00e1s ellen\u0151rz\u00e9s\u00e9hez<\/td>\n<\/tr>\n<tr>\n<td>T\u00edpus<\/td>\n<td>Eldobhat\u00f3, nincs karbantart\u00e1s<\/td>\n<\/tr>\n<tr>\n<td>Hordozhat\u00f3s\u00e1g<\/td>\n<td>Kompakt, utaz\u00e1sra alkalmas<\/td>\n<\/tr>\n<tr>\n<td>\u00cdzek<\/td>\n<td>Mer\u00e9sz \u00edzek sz\u00e9les v\u00e1laszt\u00e9ka<\/td>\n<\/tr>\n<\/tbody>\n<\/table>\n<h2>Bang E-Shisha Head 42000 Puffs | Arany LED kijelz\u0151 Bulk eldobhat\u00f3 Vape<\/h2>\n<p>\u2728 Emelje fel a p\u00e1rologtat\u00f3 j\u00e1t\u00e9k\u00e1t a <strong>Bang E-Shisha fej 42000<\/strong> - egy er\u0151teljes, st\u00edlusos, eldobhat\u00f3 vape, amely hihetetlen 42 000 slukkot biztos\u00edt. T\u00f6k\u00e9letes kezd\u0151knek \u00e9s tapasztalt vapereknek egyar\u00e1nt, ez a k\u00e9sz\u00fcl\u00e9k \u00f6tv\u00f6zi a legmodernebb k\u00e9nyelmet a szemet gy\u00f6ny\u00f6rk\u00f6dtet\u0151 diz\u00e1jnnal. Eleg\u00e1ns arany sz\u00ednben, \u00e9l\u00e9nk LED kijelz\u0151vel, egy olyan figyelemfelkelt\u0151 k\u00e9sz\u00fcl\u00e9k, amely legal\u00e1bb annyira praktikus, mint amennyire leny\u0171g\u00f6z\u0151.<\/p>\n<p>Az Bang E-Shisha Head 42000 seg\u00edts\u00e9g\u00e9vel soha nem kell agg\u00f3dnia az \u00fajrat\u00f6lt\u00e9s vagy az \u00fajrat\u00f6lt\u00e9s miatt. Csak vedd fel \u00e9s f\u00fajd el! Ak\u00e1r egy \u00e9jszakai sz\u00f3rakoz\u00e1s, otthoni pihen\u00e9s vagy utaz\u00e1s k\u00f6zben, ez az eleg\u00e1ns eldobhat\u00f3 vape gazdag, kiel\u00e9g\u00edt\u0151 \u00edzeket biztos\u00edt, amikor csak sz\u00fcks\u00e9ge van r\u00e1. A kompakt, utaz\u00e1sra alkalmas m\u00e9retnek k\u00f6sz\u00f6nhet\u0151en k\u00f6nnyen hordozhat\u00f3, a LED kijelz\u0151 pedig folyamatosan t\u00e1j\u00e9koztatja \u00d6nt a puffol\u00e1s \u00e1llapot\u00e1r\u00f3l, \u00edgy biztos\u00edtva a z\u00f6kken\u0151mentes \u00e9s \u00e9lvezetes p\u00e1rologtat\u00e1si \u00e9lm\u00e9nyt.<\/p>","protected":false},"excerpt":{"rendered":"<p>Tapasztalja meg a 42 000 mer\u00e9sz slukkot az Bang E-Shisha Head 42000 aranysz\u00edn\u0171 kivitel\u0171, LED kijelz\u0151vel \u00e9s kompakt, eldobhat\u00f3 kialak\u00edt\u00e1ssal - t\u00f6k\u00e9letes a st\u00edlusos, probl\u00e9mamentes p\u00e1rologtat\u00e1shoz b\u00e1rmikor \u00e9s b\u00e1rhol.<\/p>","protected":false},"featured_media":31385,"comment_status":"open","ping_status":"closed","template":"","meta":[],"product_brand":[239],"product_cat":[37,219],"product_tag":[],"class_list":{"0":"post-31281","1":"product","2":"type-product","3":"status-publish","4":"has-post-thumbnail","6":"product_brand-bang","7":"product_cat-bang","8":"product_cat-40000-puffs-disposable-vape","10":"first","11":"instock","12":"shipping-taxable","13":"purchasable","14":"product-type-variable","15":"has-default-attributes"},"jetpack_sharing_enabled":true,"tiered_pricing_type":"fixed","tiered_pricing_fixed_rules":{"30":9.46000000000000085265128291212022304534912109375,"50":8.5600000000000004973799150320701301097869873046875,"100":7.78000000000000024868995751603506505489349365234375,"200":7.38999999999999968025576890795491635799407958984375,"400":6.80999999999999960920149533194489777088165283203125},"tiered_pricing_product_settings":{"layout":"default","base_unit_name":{"singular":null,"plural":null},"default_variation":null},"tiered_pricing_minimum_quantity":10,"tiered_pricing_roles_data":[],"tiered_pricing_percentage_rules":[],"tiered_pricing_maximum_quantity":null,"tiered_pricing_quantity_step":"10","_links":{"self":[{"href":"https:\/\/aiviouvapes.com\/hu\/wp-json\/wp\/v2\/product\/31281","targetHints":{"allow":["GET"]}}],"collection":[{"href":"https:\/\/aiviouvapes.com\/hu\/wp-json\/wp\/v2\/product"}],"about":[{"href":"https:\/\/aiviouvapes.com\/hu\/wp-json\/wp\/v2\/types\/product"}],"replies":[{"embeddable":true,"href":"https:\/\/aiviouvapes.com\/hu\/wp-json\/wp\/v2\/comments?post=31281"}],"wp:featuredmedia":[{"embeddable":true,"href":"https:\/\/aiviouvapes.com\/hu\/wp-json\/wp\/v2\/media\/31385"}],"wp:attachment":[{"href":"https:\/\/aiviouvapes.com\/hu\/wp-json\/wp\/v2\/media?parent=31281"}],"wp:term":[{"taxonomy":"product_brand","embeddable":true,"href":"https:\/\/aiviouvapes.com\/hu\/wp-json\/wp\/v2\/product_brand?post=31281"},{"taxonomy":"product_cat","embeddable":true,"href":"https:\/\/aiviouvapes.com\/hu\/wp-json\/wp\/v2\/product_cat?post=31281"},{"taxonomy":"product_tag","embeddable":true,"href":"https:\/\/aiviouvapes.com\/hu\/wp-json\/wp\/v2\/product_tag?post=31281"}],"curies":[{"name":"wp","href":"https:\/\/api.w.org\/{rel}","templated":true}]}}