{"id":30767,"date":"2025-03-21T12:56:55","date_gmt":"2025-03-21T04:56:55","guid":{"rendered":"https:\/\/aiviouvapes.com\/?post_type=product&#038;p=30767"},"modified":"2026-04-02T18:23:44","modified_gmt":"2026-04-02T10:23:44","slug":"waspe-60k-3-in-1-60000-puffs","status":"publish","type":"product","link":"https:\/\/aiviouvapes.com\/hu\/product\/waspe-60k-3-in-1-60000-puffs\/","title":{"rendered":"WASPE 60K | 3 az 1-ben 60000 puff, tripla \u00edz, \u00f6mlesztett eldobhat\u00f3 vape"},"content":{"rendered":"<p><img data-recalc-dims=\"1\" loading=\"lazy\" decoding=\"async\" class=\"alignnone wp-image-33901\" src=\"https:\/\/i0.wp.com\/aiviouvapes.com\/wp-content\/uploads\/2025\/03\/%E5%BE%AE%E4%BF%A1%E5%9B%BE%E7%89%87_20250502143652-e1746694635211.jpg?resize=1000%2C591&#038;ssl=1\" alt=\",\" width=\"1000\" height=\"591\" title=\"\" srcset=\"https:\/\/i0.wp.com\/aiviouvapes.com\/wp-content\/uploads\/2025\/03\/%E5%BE%AE%E4%BF%A1%E5%9B%BE%E7%89%87_20250502143652-e1746694635211.jpg?w=1280&amp;ssl=1 1280w, https:\/\/i0.wp.com\/aiviouvapes.com\/wp-content\/uploads\/2025\/03\/%E5%BE%AE%E4%BF%A1%E5%9B%BE%E7%89%87_20250502143652-e1746694635211.jpg?resize=300%2C177&amp;ssl=1 300w, https:\/\/i0.wp.com\/aiviouvapes.com\/wp-content\/uploads\/2025\/03\/%E5%BE%AE%E4%BF%A1%E5%9B%BE%E7%89%87_20250502143652-e1746694635211.jpg?resize=1024%2C606&amp;ssl=1 1024w, https:\/\/i0.wp.com\/aiviouvapes.com\/wp-content\/uploads\/2025\/03\/%E5%BE%AE%E4%BF%A1%E5%9B%BE%E7%89%87_20250502143652-e1746694635211.jpg?resize=768%2C454&amp;ssl=1 768w, https:\/\/i0.wp.com\/aiviouvapes.com\/wp-content\/uploads\/2025\/03\/%E5%BE%AE%E4%BF%A1%E5%9B%BE%E7%89%87_20250502143652-e1746694635211.jpg?resize=18%2C12&amp;ssl=1 18w, https:\/\/i0.wp.com\/aiviouvapes.com\/wp-content\/uploads\/2025\/03\/%E5%BE%AE%E4%BF%A1%E5%9B%BE%E7%89%87_20250502143652-e1746694635211.jpg?resize=800%2C473&amp;ssl=1 800w\" sizes=\"auto, (max-width: 1000px) 100vw, 1000px\" \/> <img data-recalc-dims=\"1\" loading=\"lazy\" decoding=\"async\" class=\"alignnone wp-image-33902\" src=\"https:\/\/i0.wp.com\/aiviouvapes.com\/wp-content\/uploads\/2025\/03\/%E5%BE%AE%E4%BF%A1%E5%9B%BE%E7%89%87_20250502143744.jpg?resize=1000%2C750&#038;ssl=1\" alt=\",\" width=\"1000\" height=\"750\" title=\"\" srcset=\"https:\/\/i0.wp.com\/aiviouvapes.com\/wp-content\/uploads\/2025\/03\/%E5%BE%AE%E4%BF%A1%E5%9B%BE%E7%89%87_20250502143744.jpg?w=1707&amp;ssl=1 1707w, https:\/\/i0.wp.com\/aiviouvapes.com\/wp-content\/uploads\/2025\/03\/%E5%BE%AE%E4%BF%A1%E5%9B%BE%E7%89%87_20250502143744.jpg?resize=300%2C225&amp;ssl=1 300w, https:\/\/i0.wp.com\/aiviouvapes.com\/wp-content\/uploads\/2025\/03\/%E5%BE%AE%E4%BF%A1%E5%9B%BE%E7%89%87_20250502143744.jpg?resize=1024%2C768&amp;ssl=1 1024w, https:\/\/i0.wp.com\/aiviouvapes.com\/wp-content\/uploads\/2025\/03\/%E5%BE%AE%E4%BF%A1%E5%9B%BE%E7%89%87_20250502143744.jpg?resize=768%2C576&amp;ssl=1 768w, https:\/\/i0.wp.com\/aiviouvapes.com\/wp-content\/uploads\/2025\/03\/%E5%BE%AE%E4%BF%A1%E5%9B%BE%E7%89%87_20250502143744.jpg?resize=1536%2C1152&amp;ssl=1 1536w, https:\/\/i0.wp.com\/aiviouvapes.com\/wp-content\/uploads\/2025\/03\/%E5%BE%AE%E4%BF%A1%E5%9B%BE%E7%89%87_20250502143744.jpg?resize=16%2C12&amp;ssl=1 16w, https:\/\/i0.wp.com\/aiviouvapes.com\/wp-content\/uploads\/2025\/03\/%E5%BE%AE%E4%BF%A1%E5%9B%BE%E7%89%87_20250502143744.jpg?resize=1320%2C990&amp;ssl=1 1320w, https:\/\/i0.wp.com\/aiviouvapes.com\/wp-content\/uploads\/2025\/03\/%E5%BE%AE%E4%BF%A1%E5%9B%BE%E7%89%87_20250502143744.jpg?resize=800%2C600&amp;ssl=1 800w\" sizes=\"auto, (max-width: 1000px) 100vw, 1000px\" \/><\/p>\n<p><iframe title=\"VideoPress vide\u00f3 lej\u00e1tsz\u00f3\" aria-label='VideoPress vide\u00f3 lej\u00e1tsz\u00f3' width='1020' height='574' src='https:\/\/videopress.com\/embed\/ejPBp6IM?hd=0&amp;cover=1' frameborder='0' allowfullscreen allow='clipboard-write'><\/iframe><script src='https:\/\/v0.wordpress.com\/js\/next\/videopress-iframe.js?m=1770107250'><\/script><\/p>\n<h2>\ud83c\udf53 WASPE 60K H\u00e1romszoros \u00edzkombin\u00e1ci\u00f3k<\/h2>\n<p>Minden egyes WASPE AIVIOU 60000 aj\u00e1nlatok <strong>3 egyedi \u00edzvil\u00e1g 1 k\u00e9sz\u00fcl\u00e9kben<\/strong>, \u00edgy an\u00e9lk\u00fcl, hogy \u00faj vape-re lenne sz\u00fcks\u00e9ged, \u00e1tv\u00e1lthatod.<\/p>\n<table class=\"w-fit min-w-(--thread-content-width)\">\n<thead>\n<tr>\n<th>Combo No.<\/th>\n<th>\u00cdzek tri\u00f3<\/th>\n<\/tr>\n<\/thead>\n<tbody>\n<tr>\n<td>1<\/td>\n<td><strong>G\u00f6r\u00f6gdinnye j\u00e9g<\/strong>, <strong>Eper Kiwi<\/strong>, <strong>Citrom Lime<\/strong><\/td>\n<\/tr>\n<tr>\n<td>2<\/td>\n<td><strong>Eper g\u00f6r\u00f6gdinnye<\/strong>, <strong>Eper m\u00e1lna cukorka<\/strong>, <strong>Sz\u0151l\u0151 j\u00e9g<\/strong><\/td>\n<\/tr>\n<tr>\n<td>3<\/td>\n<td><strong>\u00c1fonya j\u00e9g<\/strong>, <strong>Fekete s\u00e1rk\u00e1ny j\u00e9g<\/strong>, <strong>Fizzy Cherry Ice<\/strong><\/td>\n<\/tr>\n<tr>\n<td>4<\/td>\n<td><strong>Eper m\u00e1lna cseresznye<\/strong>, <strong>Love 666<\/strong>, <strong>Cherry Candy Ice<\/strong><\/td>\n<\/tr>\n<tr>\n<td>5<\/td>\n<td><strong>Barack j\u00e9g<\/strong>, <strong>Anan\u00e1sz Mang\u00f3 Barack<\/strong>, <strong>\u00c1fonya citrom<\/strong><\/td>\n<\/tr>\n<tr>\n<td>6<\/td>\n<td><strong>Red Bull J\u00e9g<\/strong>, <strong>Eper mang\u00f3<\/strong>, <strong>Eper g\u00f6r\u00f6gdinnye r\u00e1g\u00f3gumi<\/strong><\/td>\n<\/tr>\n<tr>\n<td>7<\/td>\n<td><strong>Vegyes bogy\u00f3s gy\u00fcm\u00f6lcs\u00f6k<\/strong>, <strong>Gumimaci<\/strong>, <strong>Vegyes gy\u00fcm\u00f6lcs<\/strong><\/td>\n<\/tr>\n<tr>\n<td>8<\/td>\n<td><strong>Tripla dinnye j\u00e9g<\/strong>, <strong>Sziv\u00e1rv\u00e1ny cukorka<\/strong>, <strong>\u00c1fonya cukorka<\/strong><\/td>\n<\/tr>\n<tr>\n<td>9<\/td>\n<td><strong>Sz\u0151l\u0151 j\u00e9g<\/strong>, <strong>Eper cukorka<\/strong>, <strong>Eper m\u00e1lna cseresznye<\/strong><\/td>\n<\/tr>\n<tr>\n<td>10<\/td>\n<td><strong>Eper ban\u00e1n<\/strong>, <strong>Anan\u00e1szos k\u00f3kuszos j\u00e9g<\/strong>, <strong>Mang\u00f3 j\u00e9g<\/strong><\/td>\n<\/tr>\n<tr>\n<td>11<\/td>\n<td><strong>Cseresznye k\u00f3la j\u00e9g<\/strong>, <strong>Eper k\u00f3la<\/strong>, <strong>Cola J\u00e9g<\/strong><\/td>\n<\/tr>\n<tr>\n<td>12<\/td>\n<td><strong>\u00c1fonya m\u00e1lna<\/strong>, <strong>\u00c1fonya vattacukor<\/strong>, <strong>Dupla alma j\u00e9g<\/strong><\/td>\n<\/tr>\n<\/tbody>\n<\/table>\n<p>\ud83c\udf00 Ak\u00e1r gy\u00fcm\u00f6lcs\u00f6s, jeges, vagy \u00e9dess\u00e9g ihlette p\u00e1rologtat\u00e1sra v\u00e1gysz - minden \u00edzl\u00e9snek van egy kombin\u00e1ci\u00f3.<\/p>\n<h2>\ud83d\udce6 WASPE AIVIOU 60000 Puffs - F\u0151bb jellemz\u0151k<\/h2>\n<table class=\"w-fit min-w-(--thread-content-width)\">\n<thead>\n<tr>\n<th>Jellemz\u0151<\/th>\n<th>Le\u00edr\u00e1s<\/th>\n<\/tr>\n<\/thead>\n<tbody>\n<tr>\n<td><strong>Teljes puffan\u00e1s<\/strong><\/td>\n<td>Ak\u00e1r <strong>60,000 puff<\/strong> - hossz\u00fa \u00e9lettartam\u00fa \u00e9s t\u00f6k\u00e9letes a hosszabb haszn\u00e1latra<\/td>\n<\/tr>\n<tr>\n<td><strong>\u00cdzv\u00e1laszt\u00e1si lehet\u0151s\u00e9gek<\/strong><\/td>\n<td><strong>3 az 1-ben<\/strong> - v\u00e1lt\u00e1s h\u00e1rom be\u00e9p\u00edtett \u00edzes\u00edt\u00e9s k\u00f6z\u00f6tt egyetlen k\u00e9sz\u00fcl\u00e9kben<\/td>\n<\/tr>\n<tr>\n<td><strong>Nikotin er\u0151ss\u00e9gek<\/strong><\/td>\n<td>El\u00e9rhet\u0151: <strong>0%, 2% vagy 5% nikotin<\/strong> - v\u00e1lassza ki a k\u00edv\u00e1nt er\u0151ss\u00e9get<\/td>\n<\/tr>\n<tr>\n<td><strong>E-folyad\u00e9k kapacit\u00e1s<\/strong><\/td>\n<td><strong>54 ml<\/strong> - rengeteg folyad\u00e9k az eg\u00e9sz napos p\u00e1rologtat\u00e1shoz<\/td>\n<\/tr>\n<tr>\n<td><strong>Megjelen\u00edt\u00e9s<\/strong><\/td>\n<td><strong>LED k\u00e9perny\u0151<\/strong> vil\u00e1gosan mutatja az akkumul\u00e1tor t\u00f6lt\u00f6tts\u00e9gi szintj\u00e9t \u00e9s az e-folyad\u00e9k \u00e1llapot\u00e1t<\/td>\n<\/tr>\n<tr>\n<td><strong>Tekercsek<\/strong><\/td>\n<td><strong>H\u00e1romszoros h\u00e1l\u00f3s tekercsek<\/strong> - a jobb \u00edz\u00e9rt \u00e9s a sima g\u0151ztermel\u00e9s\u00e9rt<\/td>\n<\/tr>\n<tr>\n<td><strong>T\u00f6lt\u00e9s<\/strong><\/td>\n<td><strong>C t\u00edpus\u00fa \u00fajrat\u00f6lthet\u0151<\/strong> - gyors, k\u00e9nyelmes t\u00f6lt\u00e9s<\/td>\n<\/tr>\n<tr>\n<td><strong>Hordozhat\u00f3s\u00e1g<\/strong><\/td>\n<td>Kompakt m\u00e9ret: <strong>47mm x 47mm x 116mm<\/strong> - k\u00f6nnyen elf\u00e9r a k\u00e9zben vagy zsebben<\/td>\n<\/tr>\n<tr>\n<td><strong>Ide\u00e1lis<\/strong><\/td>\n<td><strong>Nagy- \u00e9s kiskeresked\u0151k<\/strong> Hollandi\u00e1ban, N\u00e9metorsz\u00e1gban, Belgiumban \u00e9s Spanyolorsz\u00e1gban<\/td>\n<\/tr>\n<\/tbody>\n<\/table>\n<h3>\u2753 Gyakran ism\u00e9telt k\u00e9rd\u00e9sek - WASPE AIVIOU 60000 Puffs Eldobhat\u00f3 Vape<\/h3>\n<h4>\u2705 Mit\u0151l j\u00f3 v\u00e1laszt\u00e1s az WASPE AIVIOU 60000 Puffs?<\/h4>\n<p>Az WASPE 60K kiemelkedik a k\u00f6vetkez\u0151 tulajdons\u00e1gokkal <strong>60,000 puff kapacit\u00e1s<\/strong>, <strong>3 az 1-ben \u00edzes\u00edt\u0151 rendszer<\/strong>, \u00e9s <strong>LED kijelz\u0151<\/strong>. Azoknak a felhaszn\u00e1l\u00f3knak k\u00e9sz\u00fclt, akik hosszabb ideig tart\u00f3 \u00e9s \u00edzletesebb vape \u00e9lm\u00e9nyt szeretn\u00e9nek. R\u00e1ad\u00e1sul kezd\u0151bar\u00e1t \u00e9s k\u00f6nnyen t\u00f6lthet\u0151 a C t\u00edpus\u00fa k\u00e1bellel.<\/p>\n<h4>\ud83c\udf53 H\u00e1ny \u00edzes\u00edt\u00e9s tal\u00e1lhat\u00f3 egy WASPE 60K vape-ben?<\/h4>\n<p>Minden WASPE AIVIOU 60000 Puffs k\u00e9sz\u00fcl\u00e9khez a k\u00f6vetkez\u0151k tartoznak <strong>h\u00e1rom k\u00fcl\u00f6nb\u00f6z\u0151 be\u00e9p\u00edtett \u00edzes\u00edt\u00e9s<\/strong>. V\u00e1ltogathat k\u00f6z\u00f6tt\u00fck a v\u00e1ltozatoss\u00e1g \u00e9rdek\u00e9ben an\u00e9lk\u00fcl, hogy megv\u00e1ltoztatn\u00e1 a vape-t. Vannak <strong>12 k\u00fcl\u00f6nb\u00f6z\u0151 \u00edzkombin\u00e1ci\u00f3<\/strong> minden \u00edzl\u00e9snek megfelel\u0151en.<\/p>\n<h4>\ud83d\udd0b Az WASPE 60K \u00fajrat\u00f6lthet\u0151?<\/h4>\n<p>Igen. A k\u00e9sz\u00fcl\u00e9khez tartozik egy <strong>\u00fajrat\u00f6lthet\u0151 akkumul\u00e1tor<\/strong> \u00e9s <strong>C t\u00edpus\u00fa t\u00f6lt\u0151port<\/strong>, gyorsabb t\u00f6lt\u00e9st \u00e9s hosszabb haszn\u00e1latot biztos\u00edt.<\/p>\n<h4>\ud83d\udce6 Hogyan van csomagolva az WASPE 60K vape nagykereskedelmi megrendel\u00e9sekhez?<\/h4>\n<p>Az WASPE AIVIOU 60K k\u00e9tf\u00e9le csomagol\u00e1sban kaphat\u00f3:<\/p>\n<ul>\n<li><strong>Doboz:<\/strong> 10 darab dobozonk\u00e9nt<\/li>\n<li><strong>Karton:<\/strong> 160 darab kartondobozonk\u00e9nt (kb. 21 kg)<br \/>\nMindkett\u0151 alkalmas <strong>t\u00f6meges megrendel\u00e9sek \u00e9s gyors sz\u00e1ll\u00edt\u00e1s<\/strong>.<\/li>\n<\/ul>\n<h4>\ud83c\udf0d Hol tudom eladni az WASPE AIVIOU 60000 Puffs vape-t?<\/h4>\n<p>Ide\u00e1lis a k\u00f6vetkez\u0151kh\u00f6z <strong>nagy- \u00e9s kiskereskedelem<\/strong> a <strong>Hollandia<\/strong>, <strong>N\u00e9metorsz\u00e1g<\/strong>, <strong>Belgium<\/strong>, \u00e9s <strong>Spanyolorsz\u00e1g<\/strong>. Ak\u00e1r fizikai \u00fczlete van, ak\u00e1r online \u00e1rul, ez a term\u00e9k az EU piacaira van optimaliz\u00e1lva.<\/p>\n<h4>\ud83d\uded2 Mi\u00e9rt v\u00e1s\u00e1roljon az AiviouVape-t\u0151l?<\/h4>\n<p><strong>AiviouVape<\/strong> egy megb\u00edzhat\u00f3 <strong>vape nagykeresked\u0151<\/strong> k\u00f6zvetlen\u00fcl a gy\u00e1rt\u00f3kkal egy\u00fcttm\u0171k\u00f6dve k\u00edn\u00e1l:<\/p>\n<ul>\n<li>\u2705 Versenyk\u00e9pes \u00e1rak<\/li>\n<li>\u2705 Hiteles, biztons\u00e1gos term\u00e9kek<\/li>\n<li>\u2705 Gyors sz\u00e1ll\u00edt\u00e1s, m\u00e9g nagy megrendel\u00e9sek eset\u00e9n is<\/li>\n<li>\u2705 Kiv\u00e1l\u00f3 t\u00e1mogat\u00e1s az \u00fczlettulajdonosok \u00e9s viszontelad\u00f3k sz\u00e1m\u00e1ra<\/li>\n<\/ul>\n<h4>\ud83d\udccf Milyen m\u00e9retekkel rendelkezik az WASPE 60K k\u00e9sz\u00fcl\u00e9k?<\/h4>\n<p>Minden egyes vape int\u00e9zked\u00e9s <strong>47mm x 47mm x 116mm<\/strong>, \u00edgy k\u00f6nny\u0171 \u00e9s zsebbar\u00e1t.<\/p>\n<p><img data-recalc-dims=\"1\" loading=\"lazy\" decoding=\"async\" class=\"alignnone size-full wp-image-33904\" src=\"https:\/\/i0.wp.com\/aiviouvapes.com\/wp-content\/uploads\/2025\/03\/%E5%8C%85%E8%A3%85%E5%9B%BE-140000.jpg?resize=1020%2C612&#038;ssl=1\" alt=\",\" width=\"1020\" height=\"612\" title=\"\" srcset=\"https:\/\/i0.wp.com\/aiviouvapes.com\/wp-content\/uploads\/2025\/03\/%E5%8C%85%E8%A3%85%E5%9B%BE-140000.jpg?w=1920&amp;ssl=1 1920w, https:\/\/i0.wp.com\/aiviouvapes.com\/wp-content\/uploads\/2025\/03\/%E5%8C%85%E8%A3%85%E5%9B%BE-140000.jpg?resize=300%2C180&amp;ssl=1 300w, https:\/\/i0.wp.com\/aiviouvapes.com\/wp-content\/uploads\/2025\/03\/%E5%8C%85%E8%A3%85%E5%9B%BE-140000.jpg?resize=1024%2C614&amp;ssl=1 1024w, https:\/\/i0.wp.com\/aiviouvapes.com\/wp-content\/uploads\/2025\/03\/%E5%8C%85%E8%A3%85%E5%9B%BE-140000.jpg?resize=768%2C461&amp;ssl=1 768w, https:\/\/i0.wp.com\/aiviouvapes.com\/wp-content\/uploads\/2025\/03\/%E5%8C%85%E8%A3%85%E5%9B%BE-140000.jpg?resize=1536%2C922&amp;ssl=1 1536w, https:\/\/i0.wp.com\/aiviouvapes.com\/wp-content\/uploads\/2025\/03\/%E5%8C%85%E8%A3%85%E5%9B%BE-140000.jpg?resize=18%2C12&amp;ssl=1 18w, https:\/\/i0.wp.com\/aiviouvapes.com\/wp-content\/uploads\/2025\/03\/%E5%8C%85%E8%A3%85%E5%9B%BE-140000.jpg?resize=1320%2C792&amp;ssl=1 1320w, https:\/\/i0.wp.com\/aiviouvapes.com\/wp-content\/uploads\/2025\/03\/%E5%8C%85%E8%A3%85%E5%9B%BE-140000.jpg?resize=800%2C480&amp;ssl=1 800w\" sizes=\"auto, (max-width: 1020px) 100vw, 1020px\" \/>\u00a0<img data-recalc-dims=\"1\" loading=\"lazy\" decoding=\"async\" class=\"alignnone wp-image-30768 size-full\" src=\"https:\/\/i0.wp.com\/aiviouvapes.com\/wp-content\/uploads\/2025\/03\/WASPE-60k-3-in-1-60000-Puffs-1.jpg?resize=1020%2C574&#038;ssl=1\" alt=\",\" width=\"1020\" height=\"574\" title=\"\" srcset=\"https:\/\/i0.wp.com\/aiviouvapes.com\/wp-content\/uploads\/2025\/03\/WASPE-60k-3-in-1-60000-Puffs-1.jpg?w=1920&amp;ssl=1 1920w, https:\/\/i0.wp.com\/aiviouvapes.com\/wp-content\/uploads\/2025\/03\/WASPE-60k-3-in-1-60000-Puffs-1.jpg?resize=300%2C169&amp;ssl=1 300w, https:\/\/i0.wp.com\/aiviouvapes.com\/wp-content\/uploads\/2025\/03\/WASPE-60k-3-in-1-60000-Puffs-1.jpg?resize=1024%2C576&amp;ssl=1 1024w, https:\/\/i0.wp.com\/aiviouvapes.com\/wp-content\/uploads\/2025\/03\/WASPE-60k-3-in-1-60000-Puffs-1.jpg?resize=768%2C432&amp;ssl=1 768w, https:\/\/i0.wp.com\/aiviouvapes.com\/wp-content\/uploads\/2025\/03\/WASPE-60k-3-in-1-60000-Puffs-1.jpg?resize=1536%2C864&amp;ssl=1 1536w, https:\/\/i0.wp.com\/aiviouvapes.com\/wp-content\/uploads\/2025\/03\/WASPE-60k-3-in-1-60000-Puffs-1.jpg?resize=18%2C10&amp;ssl=1 18w, https:\/\/i0.wp.com\/aiviouvapes.com\/wp-content\/uploads\/2025\/03\/WASPE-60k-3-in-1-60000-Puffs-1.jpg?resize=750%2C422&amp;ssl=1 750w\" sizes=\"auto, (max-width: 1020px) 100vw, 1020px\" \/><img data-recalc-dims=\"1\" loading=\"lazy\" decoding=\"async\" class=\"alignnone size-full wp-image-30772\" src=\"https:\/\/i0.wp.com\/aiviouvapes.com\/wp-content\/uploads\/2025\/03\/WASPE-60k-3-in-1-60000-Puffs-5.jpg?resize=1020%2C543&#038;ssl=1\" alt=\",\" width=\"1020\" height=\"543\" title=\"\" srcset=\"https:\/\/i0.wp.com\/aiviouvapes.com\/wp-content\/uploads\/2025\/03\/WASPE-60k-3-in-1-60000-Puffs-5.jpg?w=1920&amp;ssl=1 1920w, https:\/\/i0.wp.com\/aiviouvapes.com\/wp-content\/uploads\/2025\/03\/WASPE-60k-3-in-1-60000-Puffs-5.jpg?resize=300%2C160&amp;ssl=1 300w, https:\/\/i0.wp.com\/aiviouvapes.com\/wp-content\/uploads\/2025\/03\/WASPE-60k-3-in-1-60000-Puffs-5.jpg?resize=1024%2C546&amp;ssl=1 1024w, https:\/\/i0.wp.com\/aiviouvapes.com\/wp-content\/uploads\/2025\/03\/WASPE-60k-3-in-1-60000-Puffs-5.jpg?resize=768%2C409&amp;ssl=1 768w, https:\/\/i0.wp.com\/aiviouvapes.com\/wp-content\/uploads\/2025\/03\/WASPE-60k-3-in-1-60000-Puffs-5.jpg?resize=1536%2C818&amp;ssl=1 1536w, https:\/\/i0.wp.com\/aiviouvapes.com\/wp-content\/uploads\/2025\/03\/WASPE-60k-3-in-1-60000-Puffs-5.jpg?resize=18%2C10&amp;ssl=1 18w, https:\/\/i0.wp.com\/aiviouvapes.com\/wp-content\/uploads\/2025\/03\/WASPE-60k-3-in-1-60000-Puffs-5.jpg?resize=750%2C400&amp;ssl=1 750w\" sizes=\"auto, (max-width: 1020px) 100vw, 1020px\" \/><\/p>","protected":false},"excerpt":{"rendered":"<p class=\"translation-block\">K\u00e9sz\u00fclj fel a tripla \u00edz\u00e9lm\u00e9nyre! Az \u00faj WASPE 60K lehet\u0151v\u00e9 teszi, hogy h\u00e1rom csod\u00e1latos \u00edzt \u00e9lvezz egy eleg\u00e1ns vape-ben. A rajong\u00f3k kedvenc\u00e9re, <span style=\"color: #000000\"><a style=\"color: #000000\" href=\"https:\/\/aiviouvapes.com\/hu\/termek\/waspe-crystal-40k-double-flavor-40000-puffs-rechargeable-bulk-buy-disposable-vape-wholesale\/\" target=\"_self\">WASPE Crystal<\/a><\/span>-re \u00e9p\u00fcl.<\/p>","protected":false},"featured_media":30783,"comment_status":"open","ping_status":"closed","template":"","meta":[],"product_brand":[227],"product_cat":[19,219,242,320,280,505],"product_tag":[306,308,303,305,304,302],"class_list":{"0":"post-30767","1":"product","2":"type-product","3":"status-publish","4":"has-post-thumbnail","6":"product_brand-waspe","7":"product_cat-waspe","8":"product_cat-40000-puffs-disposable-vape","9":"product_cat-60000-puffs-disposable-vape","10":"product_cat-best-disposable-vapes","11":"product_cat-cheap-rechargeable-disposable-vapes","12":"product_cat-in-stock-at-eu-warehouse","13":"product_tag-best-disposable-vapes","14":"product_tag-disposable-vape-in-europe","15":"product_tag-screen-vape","16":"product_tag-vape-suppliers","17":"product_tag-wholesale-vapes","18":"product_tag-wholesale-vapor","20":"first","21":"instock","22":"shipping-taxable","23":"purchasable","24":"product-type-variable","25":"has-default-attributes"},"jetpack_sharing_enabled":true,"tiered_pricing_type":"fixed","tiered_pricing_fixed_rules":{"30":9.07000000000000028421709430404007434844970703125,"50":7.910000000000000142108547152020037174224853515625,"100":7.38999999999999968025576890795491635799407958984375,"200":6.7400000000000002131628207280300557613372802734375,"400":6.4199999999999999289457264239899814128875732421875},"tiered_pricing_product_settings":{"layout":"default","base_unit_name":{"singular":null,"plural":null},"default_variation":null},"tiered_pricing_minimum_quantity":10,"tiered_pricing_roles_data":[],"tiered_pricing_percentage_rules":[],"tiered_pricing_maximum_quantity":null,"tiered_pricing_quantity_step":"10","_links":{"self":[{"href":"https:\/\/aiviouvapes.com\/hu\/wp-json\/wp\/v2\/product\/30767","targetHints":{"allow":["GET"]}}],"collection":[{"href":"https:\/\/aiviouvapes.com\/hu\/wp-json\/wp\/v2\/product"}],"about":[{"href":"https:\/\/aiviouvapes.com\/hu\/wp-json\/wp\/v2\/types\/product"}],"replies":[{"embeddable":true,"href":"https:\/\/aiviouvapes.com\/hu\/wp-json\/wp\/v2\/comments?post=30767"}],"wp:featuredmedia":[{"embeddable":true,"href":"https:\/\/aiviouvapes.com\/hu\/wp-json\/wp\/v2\/media\/30783"}],"wp:attachment":[{"href":"https:\/\/aiviouvapes.com\/hu\/wp-json\/wp\/v2\/media?parent=30767"}],"wp:term":[{"taxonomy":"product_brand","embeddable":true,"href":"https:\/\/aiviouvapes.com\/hu\/wp-json\/wp\/v2\/product_brand?post=30767"},{"taxonomy":"product_cat","embeddable":true,"href":"https:\/\/aiviouvapes.com\/hu\/wp-json\/wp\/v2\/product_cat?post=30767"},{"taxonomy":"product_tag","embeddable":true,"href":"https:\/\/aiviouvapes.com\/hu\/wp-json\/wp\/v2\/product_tag?post=30767"}],"curies":[{"name":"wp","href":"https:\/\/api.w.org\/{rel}","templated":true}]}}