{"id":30446,"date":"2025-03-14T19:11:58","date_gmt":"2025-03-14T11:11:58","guid":{"rendered":"https:\/\/aiviouvapes.com\/?post_type=product&#038;p=30446"},"modified":"2026-03-11T21:24:23","modified_gmt":"2026-03-11T13:24:23","slug":"gazzbar-rocket-20000-puffs","status":"publish","type":"product","link":"https:\/\/aiviouvapes.com\/hu\/product\/gazzbar-rocket-20000-puffs\/","title":{"rendered":"Gazzbar Rocket 20000 Puffs | 14 \u00edzek 0-5% nikotin \u00f6mlesztett egyszer haszn\u00e1latos vape"},"content":{"rendered":"<h2>Gazzbar Rocket 20000: 20.000 puffs \u00edzletes szaggat\u00e1s felszabad\u00edt\u00e1sa<\/h2>\n<p>Bemutatjuk a <strong>Gazzbar Rocket 20000 eldobhat\u00f3 Vape<\/strong>, egy forradalmi eszk\u00f6z, amelyet a hosszan tart\u00f3 p\u00e1rologtat\u00e1s \u00f6r\u00f6m\u00e9re terveztek. Az elk\u00e9peszt\u0151, ak\u00e1r 20 000 slukkot is tartalmaz\u00f3 kapacit\u00e1ssal \u00e9s a 14 \u00edzb\u0151l \u00e1ll\u00f3 v\u00e1ltozatos v\u00e1laszt\u00e9kkal ez az \u00fajrat\u00f6lthet\u0151 eldobhat\u00f3 vape minden g\u0151z\u00f6l\u00e9si ig\u00e9nyt kiel\u00e9g\u00edt. T\u00f6bbf\u00e9le nikotiner\u0151ss\u00e9gben kaphat\u00f3, \u00edgy t\u00f6k\u00e9letes mind a nikotin szerelmeseinek, mind azoknak, akik cs\u00f6kkenteni szeretn\u00e9k a nikotinbevitel\u00fcket.<\/p>\n<h3>P\u00e1ratlan hossz\u00fa \u00e9lettartam \u00e9s teljes\u00edtm\u00e9ny<\/h3>\n<p>A Gazzbar Rocket 20000 \u00fajradefini\u00e1lja az eldobhat\u00f3 vape hossz\u00fa \u00e9lettartam\u00e1t. Ak\u00e1r <strong>20,000 puff<\/strong>, ez a k\u00e9sz\u00fcl\u00e9k biztos\u00edtja a hosszan tart\u00f3 \u00e9lvezetet an\u00e9lk\u00fcl, hogy \u00e1lland\u00f3 cser\u00e9kre lenne sz\u00fcks\u00e9g. A <strong>\u00fajrat\u00f6lthet\u0151 kivitel<\/strong> USB-n kereszt\u00fcl garant\u00e1lja a folyamatos p\u00e1rologtat\u00e1st, kik\u00fcsz\u00f6b\u00f6lve az akkumul\u00e1torral kapcsolatos aggodalmakat. V\u00e1lasszon a k\u00f6vetkez\u0151k k\u00f6z\u00fcl <strong>0%, 2%, 3%, vagy 5% nikotin er\u0151ss\u00e9g\u0171ek.<\/strong> a g\u0151z\u00f6l\u00e9si \u00e9lm\u00e9ny testre szab\u00e1s\u00e1hoz.<\/p>\n<h3>Mer\u00fclj\u00f6n el 14 kiv\u00e1l\u00f3 \u00edzben<\/h3>\n<p>Fedezze fel az \u00edzek vil\u00e1g\u00e1t a Gazzbar Rocket 20000 14 egyedi \u00edz\u00e9vel:<\/p>\n<ul>\n<li><strong>Feh\u00e9r gumij\u00e9g:<\/strong> Az \u00e9des gumicukor tal\u00e1lkozik egy jeges, h\u0171s\u00edt\u0151 robban\u00e1ssal. Nosztalgikus \u00e9s friss\u00edt\u0151 \u00e9lvezet.<\/li>\n<li><strong>Strawberry Kiwi:<\/strong> Az \u00e9des eper \u00e9s a fanyar kivi t\u00f6k\u00e9letes kever\u00e9ke. Gy\u00fcm\u00f6lcs\u00f6s \u00e9s vibr\u00e1l\u00f3 \u00e9lm\u00e9ny.<\/li>\n<li><strong>Blue Razz Ice:<\/strong> Fanyar \u00e1fonya \u00e9s m\u00e1lna h\u0171v\u00f6s mentolos befejez\u00e9ssel. Friss\u00edt\u0151 \u00e9s savanyk\u00e1s \u00e9lvezet.<\/li>\n<li><strong>Lush Ice:<\/strong> L\u00e9d\u00fas g\u00f6r\u00f6gdinnye friss\u00edt\u0151 ment\u00e1val \u00e1titatva. Ny\u00e1rias \u00e9s \u00e9l\u00e9nk\u00edt\u0151 vape.<\/li>\n<li><strong>Mang\u00f3 barack:<\/strong> A tr\u00f3pusi mang\u00f3 \u00e9dess\u00e9ge egyens\u00falyban van az \u00e9rett \u0151szibarack l\u00e1gy, finom \u00edz\u00e9vel. L\u00e1gy \u00e9s egzotikus kever\u00e9k.<\/li>\n<li><strong>Kir\u00e1ly menta:<\/strong> Ropog\u00f3s \u00e9s friss\u00edt\u0151 menta, amely tiszta \u00e9s jeges \u00e9rz\u00e9st ny\u00fajt. T\u00f6k\u00e9letes egy friss\u00edt\u0151 sz\u00fcnethez.<\/li>\n<li><strong>Ban\u00e1n j\u00e9g:<\/strong> Kr\u00e9mes ban\u00e1nos \u00e9dess\u00e9g friss\u00edt\u0151 ment\u00e1s fuvallattal. Sima \u00e9s h\u0171s\u00edt\u0151 \u00e9lvezet.<\/li>\n<li><strong>Grape Ice:<\/strong> \u00c9des \u00e9s l\u00e9d\u00fas sz\u0151l\u0151\u00edz, h\u0171s\u00edt\u0151 jeges lecseng\u00e9ssel. Klasszikus \u00e9s friss\u00edt\u0151 v\u00e1laszt\u00e1s.<\/li>\n<li><strong>Lychee Ice:<\/strong> \u00c9des \u00e9s vir\u00e1gos licsi egy h\u0171v\u00f6s, jeges csavarral. Egyed\u00fcl\u00e1ll\u00f3 \u00e9s friss\u00edt\u0151 tr\u00f3pusi \u00edz.<\/li>\n<li><strong>Peach Ice:<\/strong> \u00c9des \u00e9s finom \u0151szibarack \u00edz\u0171, ropog\u00f3s, h\u0171s\u00edt\u0151 \u00e9rz\u00e9ssel. T\u00f6k\u00e9letes egy sima vape-hoz.<\/li>\n<li><strong>Doh\u00e1ny:<\/strong> Gazdag \u00e9s er\u0151teljes doh\u00e1ny\u00edz a hagyom\u00e1nyos vaping \u00e9lm\u00e9ny\u00e9rt. Ide\u00e1lis azok sz\u00e1m\u00e1ra, akik szeretik a klasszikus \u00edzeket.<\/li>\n<li><strong>Anan\u00e1sz j\u00e9g:<\/strong> L\u00e9d\u00fas anan\u00e1sz friss\u00edt\u0151 jeges lecseng\u00e9ssel. Tr\u00f3pusi \u00e9s \u00e9l\u00e9nk\u00edt\u0151 vape.<\/li>\n<li><strong>Eperfagylalt:<\/strong> Kr\u00e9mes \u00e9s \u00e9des eperfagylalt \u00edz\u0171. Egy desszert ihlette \u00e9lvezet.<\/li>\n<li><strong>Cola Ice:<\/strong> Szikl\u00e1s k\u00f3la h\u0171s\u00edt\u0151, friss\u00edt\u0151 csavarral. Nosztalgikus \u00e9s jeges \u00e9lvezet.<\/li>\n<\/ul>\n<h3>Pr\u00e9mium min\u0151s\u00e9g \u00e9s k\u00e9nyelmes csomagol\u00e1s<\/h3>\n<p>A Gazzbar Rocket 20000 a min\u0151s\u00e9get \u00e9s a k\u00e9nyelmet egyar\u00e1nt szem el\u0151tt tartva k\u00e9sz\u00fclt. Minden doboz tartalmaz <strong>5 eszk\u00f6z<\/strong>, \u00e9s minden kartondobozban <strong>200 egys\u00e9g<\/strong>, \u00edgy ide\u00e1lis mind szem\u00e9lyes haszn\u00e1latra, mind kiskereskedelmi forgalmaz\u00e1sra. A kiv\u00e1l\u00f3 min\u0151s\u00e9g\u0171 fel\u00e9p\u00edt\u00e9s biztos\u00edtja a k\u00f6vetkezetes \u00e9s \u00e9lvezetes g\u0151z\u00f6l\u00e9si \u00e9lm\u00e9nyt.<\/p>\n<h3>Mi\u00e9rt v\u00e1lassza a Gazzbar Rocket 20000-t?<\/h3>\n<ul>\n<li><strong>Rendk\u00edv\u00fcl hossz\u00fa \u00e9lettartam:<\/strong> Ak\u00e1r 20 000 slukk a hosszan tart\u00f3 \u00e9lvezet\u00e9rt.<\/li>\n<li><strong>T\u00f6bbf\u00e9le nikotin er\u0151ss\u00e9g:<\/strong> A 0%, 2%, 3% \u00e9s 5% opci\u00f3kkal k\u00fcl\u00f6nb\u00f6z\u0151 preferenci\u00e1khoz igazodhat.<\/li>\n<li><strong>V\u00e1ltozatos \u00edzv\u00e1laszt\u00e9k:<\/strong> 14 egyedi \u00edz, hogy minden \u00edzl\u00e9st kiel\u00e9g\u00edtsen.<\/li>\n<li><strong>\u00dajrat\u00f6lthet\u0151 kialak\u00edt\u00e1s:<\/strong> Biztos\u00edtsa a megszak\u00edt\u00e1s n\u00e9lk\u00fcli p\u00e1rologtat\u00e1st a k\u00e9nyelmes USB-t\u00f6lt\u00e9ssel.<\/li>\n<li><strong>Kiv\u00e1l\u00f3 min\u0151s\u00e9g\u0171 \u00e9p\u00edt\u00e9s:<\/strong> Megb\u00edzhat\u00f3 teljes\u00edtm\u00e9ny \u00e9s k\u00f6vetkezetes \u00edzkihozatal.<\/li>\n<li><strong>K\u00e9nyelmes csomagol\u00e1s:<\/strong> Ide\u00e1lis egy\u00e9ni haszn\u00e1latra \u00e9s kiskereskedelmi forgalmaz\u00e1sra egyar\u00e1nt.<\/li>\n<\/ul>\n<p>Emelje fel a p\u00e1rologtat\u00e1si \u00e9lm\u00e9ny\u00e9t a Gazzbar Rocket 20000-zal. Rendelje meg most \u00e9s \u00e9lvezze a 20.000 puffot a tiszta p\u00e1rologtat\u00e1si el\u00e9gedetts\u00e9gb\u0151l!<\/p>","protected":false},"excerpt":{"rendered":"<p>Tapasztalja meg a Gazzbar Rocket 20000 ak\u00e1r 20.000 f\u00faj\u00e1st is! 14 egyedi \u00edzben \u00e9s 0-5% nikotin er\u0151ss\u00e9gben kaphat\u00f3. \u00dajrat\u00f6lthet\u0151, hossz\u00fa \u00e9lettartam\u00fa \u00e9s t\u00f6k\u00e9letes nagybev\u00e1s\u00e1rl\u00e1sra.<\/p>","protected":false},"featured_media":30463,"comment_status":"open","ping_status":"closed","template":"","meta":[],"product_brand":[246],"product_cat":[225,129],"product_tag":[],"class_list":{"0":"post-30446","1":"product","2":"type-product","3":"status-publish","4":"has-post-thumbnail","6":"product_brand-gazzbar","7":"product_cat-gazzbar","8":"product_cat-20000-puffs-disposable-vape","10":"first","11":"instock","12":"shipping-taxable","13":"purchasable","14":"product-type-variable","15":"has-default-attributes"},"jetpack_sharing_enabled":true,"tiered_pricing_type":"fixed","tiered_pricing_fixed_rules":[],"tiered_pricing_product_settings":{"layout":"default","base_unit_name":{"singular":null,"plural":null},"default_variation":null},"tiered_pricing_minimum_quantity":1000,"tiered_pricing_roles_data":[],"tiered_pricing_percentage_rules":[],"tiered_pricing_maximum_quantity":null,"tiered_pricing_quantity_step":"10","_links":{"self":[{"href":"https:\/\/aiviouvapes.com\/hu\/wp-json\/wp\/v2\/product\/30446","targetHints":{"allow":["GET"]}}],"collection":[{"href":"https:\/\/aiviouvapes.com\/hu\/wp-json\/wp\/v2\/product"}],"about":[{"href":"https:\/\/aiviouvapes.com\/hu\/wp-json\/wp\/v2\/types\/product"}],"replies":[{"embeddable":true,"href":"https:\/\/aiviouvapes.com\/hu\/wp-json\/wp\/v2\/comments?post=30446"}],"wp:featuredmedia":[{"embeddable":true,"href":"https:\/\/aiviouvapes.com\/hu\/wp-json\/wp\/v2\/media\/30463"}],"wp:attachment":[{"href":"https:\/\/aiviouvapes.com\/hu\/wp-json\/wp\/v2\/media?parent=30446"}],"wp:term":[{"taxonomy":"product_brand","embeddable":true,"href":"https:\/\/aiviouvapes.com\/hu\/wp-json\/wp\/v2\/product_brand?post=30446"},{"taxonomy":"product_cat","embeddable":true,"href":"https:\/\/aiviouvapes.com\/hu\/wp-json\/wp\/v2\/product_cat?post=30446"},{"taxonomy":"product_tag","embeddable":true,"href":"https:\/\/aiviouvapes.com\/hu\/wp-json\/wp\/v2\/product_tag?post=30446"}],"curies":[{"name":"wp","href":"https:\/\/api.w.org\/{rel}","templated":true}]}}