{"id":30076,"date":"2025-03-14T16:37:29","date_gmt":"2025-03-14T08:37:29","guid":{"rendered":"https:\/\/aiviouvapes.com\/?post_type=product&#038;p=30076"},"modified":"2025-09-30T10:06:30","modified_gmt":"2025-09-30T02:06:30","slug":"fizzy-nova-20000-puffs","status":"publish","type":"product","link":"https:\/\/aiviouvapes.com\/hu\/product\/fizzy-nova-20000-puffs\/","title":{"rendered":"Fizzy Nova 20000 Puffs | kett\u0151s h\u00e1l\u00f3s tekercs, LCD k\u00e9perny\u0151, \u00fajrat\u00f6lthet\u0151 eldobhat\u00f3 vape bulk &amp; nagykereskedelem"},"content":{"rendered":"<p>Tapasztalja meg a p\u00e1rologtat\u00e1si technol\u00f3gia cs\u00facs\u00e1t a <strong>Fizzy Nova 20000 Puffs \u00fajrat\u00f6lthet\u0151 eldobhat\u00f3 Vape<\/strong>. Ez a k\u00e9sz\u00fcl\u00e9k a teljes\u00edtm\u00e9ny, a k\u00e9nyelem \u00e9s a st\u00edlus p\u00e1ratlan kombin\u00e1ci\u00f3j\u00e1t k\u00edn\u00e1lja. Most el\u00e9rhet\u0151 nagybani nagykereskedelemben az AiviouVape-n\u00e9l, az \u00d6n els\u0151sz\u00e1m\u00fa online vape forgalmaz\u00f3j\u00e1n\u00e1l Hollandi\u00e1ban, N\u00e9metorsz\u00e1gban, Belgiumban \u00e9s Spanyolorsz\u00e1gban.<\/p>\n<h2>Mi\u00e9rt emelkedik ki a Fizzy Nova 20000 Puffs:<\/h2>\n<ul>\n<li><strong>P\u00e9ld\u00e1tlan 20000 puff kapacit\u00e1s:<\/strong> \u00c9lvezze a hosszabb p\u00e1rologtat\u00e1sokat a gyakori cser\u00e9k gondja n\u00e9lk\u00fcl.<\/li>\n<li><strong>Fejlett kett\u0151s h\u00e1l\u00f3s tekercs technol\u00f3gia:<\/strong> Tapasztalja meg a gazdag, egyenletes \u00edzt \u00e9s a s\u0171r\u0171 g\u0151ztermel\u00e9st minden egyes slukkn\u00e1l.<\/li>\n<li><strong>Hossz\u00fa \u00e9lettartam\u00fa 850mAh \u00fajrat\u00f6lthet\u0151 akkumul\u00e1tor:<\/strong> Mondjon b\u00facs\u00fat az akkumul\u00e1torral kapcsolatos aggodalmaknak egy nagy teljes\u00edtm\u00e9ny\u0171, \u00fajrat\u00f6lthet\u0151 akkumul\u00e1torral.<\/li>\n<li><strong>Intuit\u00edv LCD k\u00e9perny\u0151:<\/strong> Egy pillant\u00e1ssal t\u00e1j\u00e9koz\u00f3dhat az akkumul\u00e1tor \u00e9lettartam\u00e1r\u00f3l \u00e9s az e-folyad\u00e9k szintj\u00e9r\u0151l.<\/li>\n<li><strong>Testreszabhat\u00f3 Eco \u00e9s Turbo \u00fczemm\u00f3dok:<\/strong> Testre szabhatja a p\u00e1rologtat\u00e1si \u00e9lm\u00e9nyt az \u00d6n preferenci\u00e1ihoz, ak\u00e1r a hosszabb akkumul\u00e1tor-\u00fczemid\u0151t, ak\u00e1r az intenz\u00edv \u00edzt kedveli.<\/li>\n<li><strong>Kett\u0151s nikotin er\u0151ss\u00e9g:<\/strong> 2% \u00e9s 5% nikotin opci\u00f3ban is kaphat\u00f3, hogy a v\u00e1s\u00e1rl\u00f3i preferenci\u00e1k sz\u00e9les sk\u00e1l\u00e1j\u00e1t kiszolg\u00e1lja.<\/li>\n<li><strong>Pr\u00e9mium f\u00e9mszerkezet:<\/strong> \u00c9lvezze a karcs\u00fa, tart\u00f3s \u00e9s f\u00e9ny\u0171z\u0151 vape pen-t, cs\u00facskateg\u00f3ri\u00e1s f\u00e9m kivitelben.<\/li>\n<li><strong>Kiterjedt \u00edzv\u00e1laszt\u00e9k:<\/strong> K\u00e9nyeztesse mag\u00e1t az apr\u00f3l\u00e9kosan kidolgozott \u00edzek v\u00e1ltozatos v\u00e1laszt\u00e9k\u00e1val.<\/li>\n<\/ul>\n<p><iframe title=\"VideoPress vide\u00f3 lej\u00e1tsz\u00f3\" aria-label='VideoPress vide\u00f3 lej\u00e1tsz\u00f3' width='1020' height='574' src='https:\/\/videopress.com\/embed\/5n4svF8i?hd=0&amp;cover=1' frameborder='0' allowfullscreen allow='clipboard-write'><\/iframe><script src='https:\/\/v0.wordpress.com\/js\/next\/videopress-iframe.js?m=1739540970'><\/script><\/p>\n<h3>R\u00e9szletes jellemz\u0151k:<\/h3>\n<h4>Dual Mesh Coil technol\u00f3gia<\/h4>\n<p>A Fizzy Nova 20000 Puffs fejlett kett\u0151s h\u00e1l\u00f3s tekercs technol\u00f3gi\u00e1t haszn\u00e1l, amely megn\u00f6velt fel\u00fcletet biztos\u00edt a fokozott \u00edzkihozatal \u00e9s g\u0151ztermel\u00e9s \u00e9rdek\u00e9ben. Ez biztos\u00edtja a k\u00f6vetkezetesen kiel\u00e9g\u00edt\u0151 g\u0151z\u00f6l\u00e9si \u00e9lm\u00e9nyt az els\u0151 slukkol\u00e1st\u00f3l az utols\u00f3ig.<\/p>\n<h4>Eco \u00e9s Turbo \u00fczemm\u00f3dok<\/h4>\n<p>Testreszabhatja a g\u0151z\u00f6l\u00e9seit a Fizzy Nova egyed\u00fcl\u00e1ll\u00f3 Eco \u00e9s Turbo \u00fczemm\u00f3djaival. Az Eco m\u00f3d optimaliz\u00e1lja az akkumul\u00e1tor \u00e9lettartam\u00e1t \u00e9s az e-folyad\u00e9k fogyaszt\u00e1s\u00e1t a hosszabb haszn\u00e1lathoz, m\u00edg a Turbo m\u00f3d intenz\u00edvebb \u00e9s er\u0151teljesebb g\u0151z\u00f6l\u00e9si \u00e9lm\u00e9nyt ny\u00fajt.<\/p>\n<h4>850mAh \u00fajrat\u00f6lthet\u0151 akkumul\u00e1tor<\/h4>\n<p>A nagy teljes\u00edtm\u00e9ny\u0171 850mAh \u00fajrat\u00f6lthet\u0151 akkumul\u00e1torral felszerelt Fizzy Nova 20000 Puffs hossz\u00fa t\u00e1v\u00fa teljes\u00edtm\u00e9nyt biztos\u00edt, \u00edgy gyakori \u00fajrat\u00f6lt\u00e9s n\u00e9lk\u00fcl \u00e9lvezheti a vape-t.<\/p>\n<h4>LCD k\u00e9perny\u0151 kijelz\u0151kkel<\/h4>\n<p>A be\u00e9p\u00edtett LCD-k\u00e9perny\u0151 val\u00f3s idej\u0171 inform\u00e1ci\u00f3kat ny\u00fajt az akkumul\u00e1tor \u00e9lettartam\u00e1r\u00f3l \u00e9s az e-folyad\u00e9k szintj\u00e9r\u0151l, \u00edgy mindig felk\u00e9sz\u00fclt \u00e9s soha nem \u00e9rheti meglepet\u00e9s.<\/p>\n<h4>Pr\u00e9mium f\u00e9m k\u00e9zm\u0171vess\u00e9g<\/h4>\n<p>A kiv\u00e1l\u00f3 min\u0151s\u00e9g\u0171 f\u00e9mb\u0151l k\u00e9sz\u00fclt Fizzy Nova 20000 Puffs eleg\u00e1ns \u00e9s st\u00edlusos kialak\u00edt\u00e1ssal b\u00fcszk\u00e9lkedhet, amely egyszerre tart\u00f3s \u00e9s vizu\u00e1lisan vonz\u00f3.<\/p>\n<h3>Fedezze fel az \u00edzek sz\u00e9les v\u00e1laszt\u00e9k\u00e1t:<\/h3>\n<ul>\n<li><strong>Gy\u00fcm\u00f6lcs\u00f6s finoms\u00e1gok:<\/strong> Citrom Lime, Vegyes bogy\u00f3s gy\u00fcm\u00f6lcs, Eper Kiwi, G\u00f6r\u00f6gdinnye, Eper, \u00c1fonya, Sz\u0151l\u0151, M\u00e1lna Citrom, Anan\u00e1sz Barack Passi\u00f3gy\u00fcm\u00f6lcs, Kiwi Passi\u00f3gy\u00fcm\u00f6lcs Guava<\/li>\n<li><strong>\u00c9des szenz\u00e1ci\u00f3k:<\/strong> Fizzy Cherry, Pink Lemonade, Peach, Blueberry Coconut<\/li>\n<li><strong>Fanyar \u00e9s friss\u00edt\u0151:<\/strong> Savany\u00fa alma<\/li>\n<\/ul>\n<h3>Mi\u00e9rt v\u00e1lassza az AiviouVape-t a t\u00f6meges nagykereskedelemhez?<\/h3>\n<ul>\n<li><strong>A legnagyobb online nagykereskedelmi platform:<\/strong> Hollandia, N\u00e9metorsz\u00e1g, Belgium \u00e9s Spanyolorsz\u00e1g kiszolg\u00e1l\u00e1sa.<\/li>\n<li><strong>Versenyk\u00e9pes t\u00f6meges \u00e1rk\u00e9pz\u00e9s:<\/strong> Maximaliz\u00e1lja haszonkulcs\u00e1t vonz\u00f3 nagykereskedelmi \u00e1rainkkal.<\/li>\n<li><strong>Gyors \u00e9s megb\u00edzhat\u00f3 sz\u00e1ll\u00edt\u00e1s:<\/strong> Biztos\u00edtsa az id\u0151ben t\u00f6rt\u00e9n\u0151 sz\u00e1ll\u00edt\u00e1st, hogy megfeleljen az \u00fcgyfelek ig\u00e9nyeinek.<\/li>\n<li><strong>Kiv\u00e1l\u00f3 \u00fcgyf\u00e9lszolg\u00e1lat:<\/strong> Csapatunk elk\u00f6telezett a kiv\u00e9teles kiszolg\u00e1l\u00e1s ir\u00e1nt.<\/li>\n<li><strong>Eredeti gy\u00e1ri term\u00e9kek:<\/strong> Garant\u00e1lja a legmagasabb min\u0151s\u00e9get \u00e9s hiteless\u00e9get \u00fcgyfelei sz\u00e1m\u00e1ra.<\/li>\n<\/ul>\n<p>\u00dcdv\u00f6z\u00f6lj\u00fck, hogy elhelyezze Fizzy Nova 20000 Puffs \u00f6mlesztett rendel\u00e9s\u00e9t ezen az oldalon, \u00e9s emelje fel vape term\u00e9kk\u00edn\u00e1lat\u00e1t!<\/p>","protected":false},"excerpt":{"rendered":"<p>Fizzy Nova 20000 Puff! A <strong data-start=\"457\" data-end=\"476\">kett\u0151s h\u00e1l\u00f3s tekercsek<\/strong> a fokozott \u00edz\u00e9rt, a <strong>alacsony nikotin tartalm\u00fa formula<\/strong> a sim\u00e1bb \u00fct\u00e9sek\u00e9rt, \u00e9s egy <strong data-start=\"550\" data-end=\"570\">tiszta LCD k\u00e9perny\u0151<\/strong> az akkumul\u00e1tor \u00e9s az e-folyad\u00e9k szintj\u00e9nek ellen\u0151rz\u00e9s\u00e9re. Ez az \u00fajrat\u00f6lthet\u0151 eldobhat\u00f3 vape t\u00f6k\u00e9letes a kiv\u00e1l\u00f3 min\u0151s\u00e9g\u0171, t\u00f6meg\u00e1ras lehet\u0151s\u00e9geket keres\u0151 nagykereskedelmi v\u00e1s\u00e1rl\u00f3k sz\u00e1m\u00e1ra.<\/p>","protected":false},"featured_media":30095,"comment_status":"open","ping_status":"closed","template":"","meta":[],"product_brand":[248],"product_cat":[129,223],"product_tag":[],"class_list":{"0":"post-30076","1":"product","2":"type-product","3":"status-publish","4":"has-post-thumbnail","6":"product_brand-fizzy","7":"product_cat-20000-puffs-disposable-vape","8":"product_cat-fizzy","10":"first","11":"instock","12":"shipping-taxable","13":"purchasable","14":"product-type-variable","15":"has-default-attributes"},"jetpack_sharing_enabled":true,"tiered_pricing_type":"fixed","tiered_pricing_fixed_rules":{"200":6.5999999999999996447286321199499070644378662109375,"500":5.9000000000000003552713678800500929355621337890625},"tiered_pricing_product_settings":{"layout":"default","base_unit_name":{"singular":null,"plural":null},"default_variation":null},"tiered_pricing_minimum_quantity":100,"tiered_pricing_roles_data":[],"tiered_pricing_percentage_rules":[],"tiered_pricing_maximum_quantity":null,"tiered_pricing_quantity_step":"10","_links":{"self":[{"href":"https:\/\/aiviouvapes.com\/hu\/wp-json\/wp\/v2\/product\/30076","targetHints":{"allow":["GET"]}}],"collection":[{"href":"https:\/\/aiviouvapes.com\/hu\/wp-json\/wp\/v2\/product"}],"about":[{"href":"https:\/\/aiviouvapes.com\/hu\/wp-json\/wp\/v2\/types\/product"}],"replies":[{"embeddable":true,"href":"https:\/\/aiviouvapes.com\/hu\/wp-json\/wp\/v2\/comments?post=30076"}],"wp:featuredmedia":[{"embeddable":true,"href":"https:\/\/aiviouvapes.com\/hu\/wp-json\/wp\/v2\/media\/30095"}],"wp:attachment":[{"href":"https:\/\/aiviouvapes.com\/hu\/wp-json\/wp\/v2\/media?parent=30076"}],"wp:term":[{"taxonomy":"product_brand","embeddable":true,"href":"https:\/\/aiviouvapes.com\/hu\/wp-json\/wp\/v2\/product_brand?post=30076"},{"taxonomy":"product_cat","embeddable":true,"href":"https:\/\/aiviouvapes.com\/hu\/wp-json\/wp\/v2\/product_cat?post=30076"},{"taxonomy":"product_tag","embeddable":true,"href":"https:\/\/aiviouvapes.com\/hu\/wp-json\/wp\/v2\/product_tag?post=30076"}],"curies":[{"name":"wp","href":"https:\/\/api.w.org\/{rel}","templated":true}]}}