{"id":29120,"date":"2025-02-21T15:04:17","date_gmt":"2025-02-21T07:04:17","guid":{"rendered":"https:\/\/aiviouvapes.com\/?post_type=product&#038;p=29120"},"modified":"2026-04-13T17:47:53","modified_gmt":"2026-04-13T09:47:53","slug":"mystery-vape-blind-box","status":"publish","type":"product","link":"https:\/\/aiviouvapes.com\/hu\/product\/mystery-vape-blind-box\/","title":{"rendered":"Rejt\u00e9lyes eldobhat\u00f3 Vape Box - meglepet\u00e9scsomag a mer\u00e9szeknek!"},"content":{"rendered":"<p>K\u00e9sz\u00fclj\u00f6n fel egy izgalmas kalandra a mi <strong>Rejt\u00e9lyes eldobhat\u00f3 Vape doboz<\/strong>, ahol minden dobozol\u00e1s egy kellemes meglepet\u00e9st tartogat. Bel\u00fcl gondosan v\u00e1logatott e-cigaretta \u00edzeket tal\u00e1l, az id\u0151tlen klasszikusokt\u00f3l a mer\u00e9sz, egzotikus kever\u00e9kekig. Ak\u00e1r friss\u00edt\u0151, \u00e9l\u00e9nk\u00edt\u0151 jegyekre, ak\u00e1r gazdag, kiel\u00e9g\u00edt\u0151 intenzit\u00e1sra v\u00e1gyik, minden egyes doboz \u00faj \u00edz\u00e9lm\u00e9nyt k\u00edn\u00e1l, amely miatt mindig visszat\u00e9r majd a t\u00f6bbiekhez.<\/p>\n<p>T\u00f6k\u00e9letes a kalandv\u00e1gy\u00f3 vaperek vagy b\u00e1rki sz\u00e1m\u00e1ra, aki szereti a meglepet\u00e9sv\u00e1s\u00e1rl\u00e1s izgalm\u00e1t, a <strong>Rejt\u00e9lyes eldobhat\u00f3 Vape doboz<\/strong> az \u00faj, v\u00e9letlenszer\u0171en kiv\u00e1lasztott \u00edzek felfedez\u00e9s\u00e9nek izgalm\u00e1r\u00f3l sz\u00f3l. Minden slukk egy v\u00e1ratlan utaz\u00e1s!<\/p>\n<h3>Hogyan m\u0171k\u00f6dik a rejt\u00e9lyes doboz?<\/h3>\n<p>K\u00e9sz\u00fclj\u00f6n fel a v\u00e9gs\u0151 vape kalandra a mi <strong>Rejt\u00e9lyes eldobhat\u00f3 Vape doboz<\/strong>! Minden egyes doboz 10 pr\u00e9mium eldobhat\u00f3 p\u00e1rologtat\u00f3t tartalmaz, izgalmas \u00e9s v\u00e1ltozatos \u00edzek kever\u00e9k\u00e9vel megpakolva. B\u00e1r konkr\u00e9t \u00edzeket nem tudunk garant\u00e1lni, minden egyes dobozban izgalmas meglepet\u00e9sre sz\u00e1m\u00edthatsz, bele\u00e9rtve olyan n\u00e9pszer\u0171 modelleket, mint a <strong>WASPE,UWIN,ELF-WORLD,VOPK,Randm,MRVI<\/strong>\u00a0- t\u00f6bb mint 100 egyedi \u00edzprofillal!<\/p>\n<ul>\n<li><strong>Minden \u00e9rt\u00e9kes\u00edt\u00e9s v\u00e9gleges<\/strong>: A term\u00e9k jelleg\u00e9b\u0151l ad\u00f3d\u00f3an nem tudunk visszat\u00e9r\u00edt\u00e9st vagy cser\u00e9t biztos\u00edtani, kiv\u00e9ve, ha a term\u00e9kkel kapcsolatban min\u0151s\u00e9gi probl\u00e9ma mer\u00fcl fel.<\/li>\n<li><strong>Ingyenes sz\u00e1ll\u00edt\u00e1s<\/strong>: \u00c9lvezze az ingyenes sz\u00e1ll\u00edt\u00e1st minden megrendel\u00e9sre a <strong>Rejt\u00e9lyes eldobhat\u00f3 Vape doboz<\/strong>.<\/li>\n<li><strong>\u00c9letkori k\u00f6vetelm\u00e9ny<\/strong>: A term\u00e9k megv\u00e1s\u00e1rl\u00e1s\u00e1hoz \u00e9s haszn\u00e1lat\u00e1hoz a v\u00e1s\u00e1rl\u00f3knak a saj\u00e1t joghat\u00f3s\u00e1guk szerint doh\u00e1nyos kor\u00fanak kell lenni\u00fck.<\/li>\n<li>Az\u00e1ltal, hogy megv\u00e1s\u00e1rolja a <strong>Rejt\u00e9lyes eldobhat\u00f3 Vape doboz<\/strong>, \u00d6n elfogadja ezeket a felt\u00e9teleket.<\/li>\n<\/ul>\n<h3>Sz\u00e1ll\u00edt\u00e1si m\u00f3dszerek<\/h3>\n<p>Olyan megb\u00edzhat\u00f3 sz\u00e1ll\u00edtm\u00e1nyoz\u00f3kkal dolgozunk egy\u00fctt, mint a UPS, a DHL, a FedEx \u00e9s a DPD, hogy megrendel\u00e9s\u00e9t gyorsan k\u00e9zbes\u00edts\u00fck. A sz\u00e1ll\u00edt\u00e1si m\u00f3dot az \u00d6n sz\u00e1ll\u00edt\u00e1si helye alapj\u00e1n v\u00e1lasztjuk ki a leggyorsabb \u00e9s legmegb\u00edzhat\u00f3bb szolg\u00e1ltat\u00e1s \u00e9rdek\u00e9ben.<\/p>\n<ul>\n<li><strong>Eur\u00f3pai orsz\u00e1gok<\/strong>: \u00c1ltal\u00e1ban 12-15 napon bel\u00fcl sz\u00e1ll\u00edtj\u00e1k.<\/li>\n<li><strong>Egyes\u00fclt \u00c1llamok<\/strong>: \u00c1ltal\u00e1ban 10 napon bel\u00fcl \u00e9rkezik.<\/li>\n<li><strong>Val\u00f3s idej\u0171 nyomon k\u00f6vet\u00e9s<\/strong>: Minden l\u00e9p\u00e9sr\u0151l folyamatosan t\u00e1j\u00e9koztatjuk \u00d6nt \u00e9l\u0151 logisztikai inform\u00e1ci\u00f3kkal.<\/li>\n<\/ul>\n<p>Biztos lehet benne, hogy az \u00d6n nev\u00e9ben minden v\u00e1mkezel\u00e9si elj\u00e1r\u00e1st lebonyol\u00edtunk, \u00edgy biztos\u00edtva a z\u00f6kken\u0151mentes, probl\u00e9mamentes \u00e9lm\u00e9nyt. R\u00e1ad\u00e1sul nem kell tov\u00e1bbi ad\u00f3terheket fizetnie, \u00e9s garant\u00e1ljuk, hogy <strong>100% term\u00e9keink \u00e1tmennek a v\u00e1mkezel\u00e9sen<\/strong>.<\/p>\n<style>.tier-pricing-summary-table {display:none !important}<br \/>.mysterybox1 {display:none}<br \/><\/style>","protected":false},"excerpt":{"rendered":"<p>Csomagolja ki a v\u00e9gs\u0151 vape meglepet\u00e9st a mi <strong>Rejt\u00e9lyes eldobhat\u00f3 Vape doboz<\/strong> - el\u00e9rhet\u0151 most verhetetlen kedvezm\u00e9nnyel, nincs sz\u00fcks\u00e9g kuponk\u00f3dra! Csomagolva <strong>10 pr\u00e9mium eldobhat\u00f3 vapes<\/strong>, minden doboz izgalmas \u00edzek kever\u00e9k\u00e9t tartalmazza, k\u00f6zt\u00fck olyan kedvenceket, mint a <strong>WASPE, UWIN, ELFWORLD, VOPK, Randm, MRVI<\/strong>. Minden slukk egy \u00faj kalandot hoz, t\u00f6bb mint 100 k\u00fcl\u00f6nb\u00f6z\u0151 \u00edzprofilt fedezhetsz fel!<\/p>","protected":false},"featured_media":29126,"comment_status":"open","ping_status":"closed","template":"","meta":[],"product_brand":[],"product_cat":[133,280],"product_tag":[306,308,303,305,304,302],"class_list":{"0":"post-29120","1":"product","2":"type-product","3":"status-publish","4":"has-post-thumbnail","6":"product_cat-disposable-vapes-in-europe","7":"product_cat-cheap-rechargeable-disposable-vapes","8":"product_tag-best-disposable-vapes","9":"product_tag-disposable-vape-in-europe","10":"product_tag-screen-vape","11":"product_tag-vape-suppliers","12":"product_tag-wholesale-vapes","13":"product_tag-wholesale-vapor","15":"first","16":"instock","17":"sale","18":"shipping-taxable","19":"purchasable","20":"product-type-simple"},"jetpack_sharing_enabled":true,"tiered_pricing_type":"fixed","tiered_pricing_fixed_rules":[],"tiered_pricing_product_settings":{"layout":"default","base_unit_name":{"singular":null,"plural":null},"default_variation":null},"tiered_pricing_minimum_quantity":null,"tiered_pricing_roles_data":[],"tiered_pricing_percentage_rules":[],"tiered_pricing_maximum_quantity":null,"tiered_pricing_quantity_step":null,"_links":{"self":[{"href":"https:\/\/aiviouvapes.com\/hu\/wp-json\/wp\/v2\/product\/29120","targetHints":{"allow":["GET"]}}],"collection":[{"href":"https:\/\/aiviouvapes.com\/hu\/wp-json\/wp\/v2\/product"}],"about":[{"href":"https:\/\/aiviouvapes.com\/hu\/wp-json\/wp\/v2\/types\/product"}],"replies":[{"embeddable":true,"href":"https:\/\/aiviouvapes.com\/hu\/wp-json\/wp\/v2\/comments?post=29120"}],"wp:featuredmedia":[{"embeddable":true,"href":"https:\/\/aiviouvapes.com\/hu\/wp-json\/wp\/v2\/media\/29126"}],"wp:attachment":[{"href":"https:\/\/aiviouvapes.com\/hu\/wp-json\/wp\/v2\/media?parent=29120"}],"wp:term":[{"taxonomy":"product_brand","embeddable":true,"href":"https:\/\/aiviouvapes.com\/hu\/wp-json\/wp\/v2\/product_brand?post=29120"},{"taxonomy":"product_cat","embeddable":true,"href":"https:\/\/aiviouvapes.com\/hu\/wp-json\/wp\/v2\/product_cat?post=29120"},{"taxonomy":"product_tag","embeddable":true,"href":"https:\/\/aiviouvapes.com\/hu\/wp-json\/wp\/v2\/product_tag?post=29120"}],"curies":[{"name":"wp","href":"https:\/\/api.w.org\/{rel}","templated":true}]}}