{"id":2576,"date":"2024-08-17T02:21:50","date_gmt":"2024-08-17T02:21:50","guid":{"rendered":"https:\/\/aiviouvapes.com\/?post_type=product&#038;p=2576"},"modified":"2025-07-09T17:42:57","modified_gmt":"2025-07-09T09:42:57","slug":"elf-box-bk12000-disposable-wholesale","status":"publish","type":"product","link":"https:\/\/aiviouvapes.com\/hu\/product\/elf-box-bk12000-disposable-wholesale\/","title":{"rendered":"ELF BOX BK12000 Puffs | 0%-5% nikotin, \u00f6mlesztett eldobhat\u00f3 vape"},"content":{"rendered":"<p><iframe title=\"VideoPress vide\u00f3 lej\u00e1tsz\u00f3\" aria-label='VideoPress vide\u00f3 lej\u00e1tsz\u00f3' width='562' height='1000' src='https:\/\/videopress.com\/embed\/E8nSg6O6?hd=0&amp;cover=1' frameborder='0' allowfullscreen allow='clipboard-write'><\/iframe><script src='https:\/\/v0.wordpress.com\/js\/next\/videopress-iframe.js?m=1739540970'><\/script><\/p>\n<h2>ELF BOX BK12000 puff | eldobhat\u00f3 vape 12000 f\u00faj\u00e1s 0% 2% 3% 5% nikotin \u00fajrat\u00f6lthet\u0151 t\u00f6meges v\u00e1s\u00e1rl\u00e1s nagykereskedelmi<\/h2>\n<h3><strong>Az ELF BOX BK12000 \u00e1ttekint\u00e9se \u00e9s jellemz\u0151i<\/strong><\/h3>\n<p>Az ELF BOX BK12000 \u00fagy lett kialak\u00edtva, hogy a g\u0151z\u00f6l\u00e9s \u00e9lm\u00e9ny\u00e9t hosszan tart\u00f3 el\u00e9gedetts\u00e9ggel \u00e9s st\u00edlussal emelje. Ez a nagy kapacit\u00e1s\u00fa eszk\u00f6z egy b\u0151s\u00e9ges, 23 ml-es e-folyad\u00e9k tart\u00e1llyal rendelkezik, amely lehet\u0151v\u00e9 teszi a hosszabb haszn\u00e1latot minim\u00e1lis ut\u00e1nt\u00f6lt\u00e9si ig\u00e9ny mellett. Megb\u00edzhat\u00f3, 650 mAh-s akkumul\u00e1torral \u00e9s fejlett, 0,8 \u03a9-os mesh tekercs seg\u00edts\u00e9g\u00e9vel biztos\u00edtja a konzisztens, sima g\u0151ztermel\u00e9st \u00e9s gazdag \u00edzt minden egyes f\u00faj\u00e1sn\u00e1l. A 0%-t\u0151l 5%-ig terjed\u0151 nikotiner\u0151ss\u00e9gben kaphat\u00f3 ELF BOX BK12000 minden ig\u00e9nyt kiel\u00e9g\u00edt, minden alkalommal t\u00f6k\u00e9letes tal\u00e1latot k\u00edn\u00e1lva. Kompakt \u00e9s hordozhat\u00f3, ez az eszk\u00f6z ide\u00e1lis \u00fatk\u00f6zbeni haszn\u00e1latra, \u00e9s C t\u00edpus\u00fa \u00fajrat\u00f6lt\u00e9ssel rendelkezik a nagyobb k\u00e9nyelem \u00e9rdek\u00e9ben.<\/p>\n<h3><strong>Rakt\u00e1ron l\u00e9v\u0151 ELF BOX BK12000 \u00edzek:<\/strong><\/h3>\n<p>G\u00f6r\u00f6gdinnye j\u00e9g, epres g\u00f6r\u00f6gdinnye, narancssz\u00f3da, dupla alma, epres kivi, \u00e1fony\u00e1s m\u00e1lna, \u0151szibarack mang\u00f3 anan\u00e1sz, cseresznye k\u00f3la, sz\u0151l\u0151j\u00e9g, kiwi maracuja, \u0151szibarack j\u00e9g, \u00e1fonya j\u00e9gen<\/p>\n<h3><strong>Mi\u00e9rt v\u00e1lassza az ELF BOX BK12000-et?<\/strong><\/h3>\n<p>Az ELF BOX BK12000 kiemelked\u0151en hossz\u00fa \u00e9lettartam\u00e1val t\u0171nik ki, eszk\u00f6z\u00f6nk\u00e9nt ak\u00e1r 12 000 f\u00faj\u00e1st is k\u00edn\u00e1l, \u00edgy t\u00f6k\u00e9letes hossz\u00fa t\u00e1v\u00fa haszn\u00e1latra. Kompakt kialak\u00edt\u00e1s\u00e1nak \u00e9s k\u00f6nny\u0171 fel\u00e9p\u00edt\u00e9s\u00e9nek k\u00f6sz\u00f6nhet\u0151en k\u00f6nnyen hordozhat\u00f3, m\u00edg a Type-C \u00fajrat\u00f6lthet\u0151 akkumul\u00e1tor probl\u00e9mamentes haszn\u00e1latot biztos\u00edt folyamatos akkumul\u00e1torcsere n\u00e9lk\u00fcl. Az apr\u00f3l\u00e9kosan kidolgozott \u00edzek sz\u00e9les v\u00e1laszt\u00e9k\u00e1val \u00e9s a sima, egyenletes g\u0151zt biztos\u00edt\u00f3 fejlett h\u00e1l\u00f3tekerccsel ez az eszk\u00f6z tov\u00e1bbfejlesztett \u00e9s kiel\u00e9g\u00edt\u0151 p\u00e1rologtat\u00e1si \u00e9lm\u00e9nyt ny\u00fajt az \u00d6n preferenci\u00e1ira szabva. V\u00e1lassza az ELF BOX BK12000-et, hogy st\u00edlusos, megb\u00edzhat\u00f3 \u00e9s \u00edzletes kieg\u00e9sz\u00edt\u0151je legyen g\u0151z\u00f6l\u00e9si rutinj\u00e1nak.<\/p>\n<p><a href=\"https:\/\/i0.wp.com\/aiviouvapes.com\/wp-content\/uploads\/2024\/08\/7570f033ca43dcca440dd0a1afff905.jpg?ssl=1\"><img data-recalc-dims=\"1\" loading=\"lazy\" decoding=\"async\" class=\"alignnone size-full wp-image-7287\" title=\"ELF BOX BK12000 Eldobhat\u00f3 Vape - 12000 Puffs 0% 2% 3% 5% Nikotin \u00fajrat\u00f6lthet\u0151 T\u00f6meges v\u00e1s\u00e1rl\u00e1s Nagykeresked\u00e9s\" src=\"https:\/\/i0.wp.com\/aiviouvapes.com\/wp-content\/uploads\/2024\/08\/7570f033ca43dcca440dd0a1afff905.jpg?resize=1020%2C638&#038;ssl=1\" alt=\"ELF BOX BK12000 Eldobhat\u00f3 Vape - 12000 Puffs 0% 2% 3% 5% Nikotin \u00fajrat\u00f6lthet\u0151 T\u00f6meges v\u00e1s\u00e1rl\u00e1s Nagykeresked\u00e9s\" width=\"1020\" height=\"638\" srcset=\"https:\/\/i0.wp.com\/aiviouvapes.com\/wp-content\/uploads\/2024\/08\/7570f033ca43dcca440dd0a1afff905.jpg?w=1060&amp;ssl=1 1060w, https:\/\/i0.wp.com\/aiviouvapes.com\/wp-content\/uploads\/2024\/08\/7570f033ca43dcca440dd0a1afff905.jpg?resize=300%2C188&amp;ssl=1 300w, https:\/\/i0.wp.com\/aiviouvapes.com\/wp-content\/uploads\/2024\/08\/7570f033ca43dcca440dd0a1afff905.jpg?resize=1024%2C640&amp;ssl=1 1024w, https:\/\/i0.wp.com\/aiviouvapes.com\/wp-content\/uploads\/2024\/08\/7570f033ca43dcca440dd0a1afff905.jpg?resize=768%2C480&amp;ssl=1 768w, https:\/\/i0.wp.com\/aiviouvapes.com\/wp-content\/uploads\/2024\/08\/7570f033ca43dcca440dd0a1afff905.jpg?resize=18%2C12&amp;ssl=1 18w, https:\/\/i0.wp.com\/aiviouvapes.com\/wp-content\/uploads\/2024\/08\/7570f033ca43dcca440dd0a1afff905.jpg?resize=800%2C500&amp;ssl=1 800w\" sizes=\"auto, (max-width: 1020px) 100vw, 1020px\" \/><\/a><br \/>\n<h3>Mi\u00e9rt v\u00e1lassza az AiviouVapes-t?<\/h3>\n<p>\u00dcdv\u00f6z\u00f6lj\u00fck a <a href=\"https:\/\/aiviouvapes.com\/hu\/\">AiviouVapes<\/a> - az \u00d6n megb\u00edzhat\u00f3 forr\u00e1sa a pr\u00e9mium, megfizethet\u0151 <a href=\"https:\/\/aiviouvapes.com\/hu\/shop\/\">nagykereskedelmi eldobhat\u00f3 vapes<\/a> igaz\u00e1n alacsony \u00e1ron. T\u00f6bb mint \u00f6t\u00e9ves tapasztalattal a vape iparban, b\u00fcszk\u00e9n k\u00edn\u00e1lunk k\u00e9zzel v\u00e1logatott v\u00e1logat\u00e1st a vezet\u0151 m\u00e1rk\u00e1kb\u00f3l, bele\u00e9rtve a k\u00f6vetkez\u0151ket is <a href=\"https:\/\/aiviouvapes.com\/hu\/termekkategoria\/waspe\/\">WASPE<\/a>, <a href=\"https:\/\/aiviouvapes.com\/hu\/termekkategoria\/bang\/\">Bang Vape<\/a>, <a href=\"https:\/\/aiviouvapes.com\/hu\/termekkategoria\/vapme-vapes\/\">Vapme<\/a>, \u00e9s <a href=\"https:\/\/aiviouvapes.com\/hu\/termekkategoria\/mrvi\/\">MRVI<\/a>.<\/p>\n<p>Az olyan magas puffaszt\u00e1s\u00fa k\u00e9sz\u00fcl\u00e9kekt\u0151l, mint a <a href=\"https:\/\/aiviouvapes.com\/hu\/termek\/waspe-4-in-1-100000-puffs\/\">WASPE 100K 4 az 1-ben \u00cdzes\u00edt\u00e9s<\/a> a mer\u00e9sz kedvencekhez, mint p\u00e9ld\u00e1ul a <a href=\"https:\/\/aiviouvapes.com\/hu\/termek\/bang-king-triple-flavors-85000\/\">Bang 85,000 Triple Puff<\/a>, \u00e9s m\u00e9g az izgalmas <a class=\"woocommerce-LoopProduct-link woocommerce-loop-product__link\" href=\"https:\/\/aiviouvapes.com\/hu\/termek\/mystery-vape-blind-box\/\">Rejt\u00e9lyes eldobhat\u00f3 Vape doboz<\/a>, minden term\u00e9ket a kiv\u00e1l\u00f3 min\u0151s\u00e9g \u00e9s a verhetetlen \u00e9rt\u00e9k alapj\u00e1n v\u00e1lasztunk ki. Az AiviouVapes-n\u00e9l nagyszer\u0171 kiszolg\u00e1l\u00e1st, nagykereskedelmi megtakar\u00edt\u00e1sokat \u00e9s egy olyan kollekci\u00f3t \u00e9lvezhet, amelyet \u00fagy terveztek, hogy megfeleljen az \u00d6n vaping ig\u00e9nyeinek.<\/p>\n<div class=\"row row-large row-full-width align-middle\"  id=\"row-628658169\">\n\n\n\t<div id=\"col-1211474239\" class=\"col medium-3 small-6 large-3\"  >\n\t\t\t\t<div class=\"col-inner text-center\"  >\n\t\t\t\n\t\t\t\n\n\n\t\t<div class=\"icon-box featured-box icon-box-top text-left\"  >\n\t\t\t\t\t<div class=\"icon-box-img\" style=\"width: 90px\">\n\t\t\t\t<div class=\"icon\">\n\t\t\t\t\t<div class=\"icon-inner\" >\n\t\t\t\t\t\t<img loading=\"lazy\" decoding=\"async\" width=\"200\" height=\"200\" src=\"https:\/\/i0.wp.com\/aiviouvapes.com\/wp-content\/uploads\/2024\/08\/vape-1-1.png?fit=200%2C200&amp;ssl=1\" class=\"attachment-medium size-medium\" alt=\"Mi\u00e9rt v\u00e1lassza az AIVIOUVAPES-t\" srcset=\"https:\/\/i0.wp.com\/aiviouvapes.com\/wp-content\/uploads\/2024\/08\/vape-1-1.png?w=200&amp;ssl=1 200w, https:\/\/i0.wp.com\/aiviouvapes.com\/wp-content\/uploads\/2024\/08\/vape-1-1.png?resize=150%2C150&amp;ssl=1 150w, https:\/\/i0.wp.com\/aiviouvapes.com\/wp-content\/uploads\/2024\/08\/vape-1-1.png?resize=12%2C12&amp;ssl=1 12w, https:\/\/i0.wp.com\/aiviouvapes.com\/wp-content\/uploads\/2024\/08\/vape-1-1.png?resize=100%2C100&amp;ssl=1 100w\" sizes=\"auto, (max-width: 200px) 100vw, 200px\" title=\"\">\t\t\t\t\t<\/div>\n\t\t\t\t<\/div>\n\t\t\t<\/div>\n\t\t\t\t<div class=\"icon-box-text last-reset\">\n\t\t\t\t\t\t\t\t\t\n\n\t<div id=\"text-636234305\" class=\"text\">\n\t\t\n\n<h3 style=\"text-align: center;\">Sz\u00e9les Vape fajta<\/h3>\n<p style=\"text-align: center;\">Fedezze fel sz\u00e9les term\u00e9ksk\u00e1l\u00e1nkat, amelyeket minden ig\u00e9nynek megfelel\u0151en alak\u00edtottunk ki.<\/p>\n\t\t\n<style>\n#text-636234305 {\n  font-size: 0.9rem;\n}\n<\/style>\n\t<\/div>\n\t\n\n\t\t<\/div>\n\t<\/div>\n\t\n\t\n\n\t\t<\/div>\n\t\t\t\t\t<\/div>\n\n\t\n\n\t<div id=\"col-159518631\" class=\"col medium-3 small-6 large-3\"  >\n\t\t\t\t<div class=\"col-inner text-center\"  >\n\t\t\t\n\t\t\t\n\n\n\t\t<div class=\"icon-box featured-box icon-box-top text-left\"  >\n\t\t\t\t\t<div class=\"icon-box-img\" style=\"width: 90px\">\n\t\t\t\t<div class=\"icon\">\n\t\t\t\t\t<div class=\"icon-inner\" >\n\t\t\t\t\t\t<img loading=\"lazy\" decoding=\"async\" width=\"200\" height=\"200\" src=\"https:\/\/i0.wp.com\/aiviouvapes.com\/wp-content\/uploads\/2024\/08\/save-money-1-1-1.png?fit=200%2C200&amp;ssl=1\" class=\"attachment-medium size-medium\" alt=\"Mi\u00e9rt v\u00e1lassza az AIVIOUVAPES-t\" srcset=\"https:\/\/i0.wp.com\/aiviouvapes.com\/wp-content\/uploads\/2024\/08\/save-money-1-1-1.png?w=200&amp;ssl=1 200w, https:\/\/i0.wp.com\/aiviouvapes.com\/wp-content\/uploads\/2024\/08\/save-money-1-1-1.png?resize=150%2C150&amp;ssl=1 150w, https:\/\/i0.wp.com\/aiviouvapes.com\/wp-content\/uploads\/2024\/08\/save-money-1-1-1.png?resize=12%2C12&amp;ssl=1 12w, https:\/\/i0.wp.com\/aiviouvapes.com\/wp-content\/uploads\/2024\/08\/save-money-1-1-1.png?resize=100%2C100&amp;ssl=1 100w\" sizes=\"auto, (max-width: 200px) 100vw, 200px\" title=\"\">\t\t\t\t\t<\/div>\n\t\t\t\t<\/div>\n\t\t\t<\/div>\n\t\t\t\t<div class=\"icon-box-text last-reset\">\n\t\t\t\t\t\t\t\t\t\n\n\t<div id=\"text-3297699552\" class=\"text\">\n\t\t\n\n<h3 style=\"text-align: center;\">Verhetetlen \u00e9rt\u00e9k<\/h3>\n<p style=\"text-align: center;\">\u00c9lvezze a kiv\u00e1l\u00f3 min\u0151s\u00e9g\u0171 term\u00e9keket a k\u00f6lts\u00e9gvet\u00e9s\u00e9nek megfelel\u0151 \u00e1ron.<\/p>\n\t\t\n<style>\n#text-3297699552 {\n  font-size: 0.9rem;\n}\n<\/style>\n\t<\/div>\n\t\n\n\t\t<\/div>\n\t<\/div>\n\t\n\t\n\n\t\t<\/div>\n\t\t\t\t\t<\/div>\n\n\t\n\n\t<div id=\"col-2095927101\" class=\"col medium-3 small-6 large-3\"  >\n\t\t\t\t<div class=\"col-inner text-center\"  >\n\t\t\t\n\t\t\t\n\n\n\t\t<div class=\"icon-box featured-box icon-box-top text-left\"  >\n\t\t\t\t\t<div class=\"icon-box-img\" style=\"width: 90px\">\n\t\t\t\t<div class=\"icon\">\n\t\t\t\t\t<div class=\"icon-inner\" >\n\t\t\t\t\t\t<img loading=\"lazy\" decoding=\"async\" width=\"200\" height=\"200\" src=\"https:\/\/i0.wp.com\/aiviouvapes.com\/wp-content\/uploads\/2024\/08\/delivery-truck-1-1.png?fit=200%2C200&amp;ssl=1\" class=\"attachment-medium size-medium\" alt=\"Mi\u00e9rt v\u00e1lassza az AIVIOUVAPES-t\" srcset=\"https:\/\/i0.wp.com\/aiviouvapes.com\/wp-content\/uploads\/2024\/08\/delivery-truck-1-1.png?w=200&amp;ssl=1 200w, https:\/\/i0.wp.com\/aiviouvapes.com\/wp-content\/uploads\/2024\/08\/delivery-truck-1-1.png?resize=150%2C150&amp;ssl=1 150w, https:\/\/i0.wp.com\/aiviouvapes.com\/wp-content\/uploads\/2024\/08\/delivery-truck-1-1.png?resize=12%2C12&amp;ssl=1 12w, https:\/\/i0.wp.com\/aiviouvapes.com\/wp-content\/uploads\/2024\/08\/delivery-truck-1-1.png?resize=100%2C100&amp;ssl=1 100w\" sizes=\"auto, (max-width: 200px) 100vw, 200px\" title=\"\">\t\t\t\t\t<\/div>\n\t\t\t\t<\/div>\n\t\t\t<\/div>\n\t\t\t\t<div class=\"icon-box-text last-reset\">\n\t\t\t\t\t\t\t\t\t\n\n\t<div id=\"text-1141773671\" class=\"text\">\n\t\t\n\n<h3 style=\"text-align: center;\">Swift glob\u00e1lis sz\u00e1ll\u00edt\u00e1s<\/h3>\n<p style=\"text-align: center;\">Garant\u00e1lt v\u00e1mkezel\u00e9ssel sz\u00e1ll\u00edtunk vil\u00e1gszerte a z\u00f6kken\u0151mentes \u00e9lm\u00e9ny \u00e9rdek\u00e9ben.<\/p>\n\t\t\n<style>\n#text-1141773671 {\n  font-size: 0.9rem;\n}\n<\/style>\n\t<\/div>\n\t\n\n\t\t<\/div>\n\t<\/div>\n\t\n\t\n\n\t\t<\/div>\n\t\t\t\t\t<\/div>\n\n\t\n\n\t<div id=\"col-1493765820\" class=\"col medium-3 small-6 large-3\"  >\n\t\t\t\t<div class=\"col-inner text-center\"  >\n\t\t\t\n\t\t\t\n\n\n\t\t<div class=\"icon-box featured-box icon-box-top text-left\"  >\n\t\t\t\t\t<div class=\"icon-box-img\" style=\"width: 90px\">\n\t\t\t\t<div class=\"icon\">\n\t\t\t\t\t<div class=\"icon-inner\" >\n\t\t\t\t\t\t<img loading=\"lazy\" decoding=\"async\" width=\"200\" height=\"200\" src=\"https:\/\/i0.wp.com\/aiviouvapes.com\/wp-content\/uploads\/2024\/08\/support-1-1.png?fit=200%2C200&amp;ssl=1\" class=\"attachment-medium size-medium\" alt=\"Mi\u00e9rt v\u00e1lassza az AIVIOUVAPES-t\" srcset=\"https:\/\/i0.wp.com\/aiviouvapes.com\/wp-content\/uploads\/2024\/08\/support-1-1.png?w=200&amp;ssl=1 200w, https:\/\/i0.wp.com\/aiviouvapes.com\/wp-content\/uploads\/2024\/08\/support-1-1.png?resize=150%2C150&amp;ssl=1 150w, https:\/\/i0.wp.com\/aiviouvapes.com\/wp-content\/uploads\/2024\/08\/support-1-1.png?resize=12%2C12&amp;ssl=1 12w, https:\/\/i0.wp.com\/aiviouvapes.com\/wp-content\/uploads\/2024\/08\/support-1-1.png?resize=100%2C100&amp;ssl=1 100w\" sizes=\"auto, (max-width: 200px) 100vw, 200px\" title=\"\">\t\t\t\t\t<\/div>\n\t\t\t\t<\/div>\n\t\t\t<\/div>\n\t\t\t\t<div class=\"icon-box-text last-reset\">\n\t\t\t\t\t\t\t\t\t\n\n\t<div id=\"text-2635642462\" class=\"text\">\n\t\t\n\n<h3 style=\"text-align: center;\">\u00c9jjel-nappali seg\u00edts\u00e9gny\u00fajt\u00e1s<\/h3>\n<p style=\"text-align: center;\">B\u00e1rmikor, \u00e9jjel-nappal el\u00e9rheti \u00fcgyf\u00e9lszolg\u00e1latunkat WhatsApp-on vagy e-mailben.<\/p>\n\t\t\n<style>\n#text-2635642462 {\n  font-size: 0.9rem;\n}\n<\/style>\n\t<\/div>\n\t\n\n\t\t<\/div>\n\t<\/div>\n\t\n\t\n\n\t\t<\/div>\n\t\t\t\t\t<\/div>\n\n\t\n\n<\/div>\n<div class=\"row row-full-width align-middle\"  id=\"row-1236335717\">\n\n\n\t<div id=\"col-2070367394\" class=\"col medium-6 small-12 large-6\"  >\n\t\t\t\t<div class=\"col-inner\"  >\n\t\t\t\n\t\t\t\n\n\t<div class=\"img has-hover x md-x lg-x y md-y lg-y\" id=\"image_968480993\">\n\t\t\t\t\t\t\t\t<div class=\"img-inner dark\" >\n\t\t\t<img loading=\"lazy\" decoding=\"async\" width=\"930\" height=\"1024\" src=\"https:\/\/i0.wp.com\/aiviouvapes.com\/wp-content\/uploads\/2024\/08\/%E6%8B%BC%E5%9B%BE.jpg?fit=930%2C1024&amp;ssl=1\" class=\"attachment-large size-large\" alt=\"Mi\u00e9rt v\u00e1lassza az AIVIOUVAPES-t\" title=\"\">\t\t\t\t\t\t\n\t\t\t\t\t<\/div>\n\t\t\t\t\t\t\t\t\n<style>\n#image_968480993 {\n  width: 100%;\n}\n<\/style>\n\t<\/div>\n\t\n\n\n\t\t<\/div>\n\t\t\t\t\t<\/div>\n\n\t\n\n\t<div id=\"col-1112698338\" class=\"col medium-6 small-12 large-6\"  >\n\t\t\t\t<div class=\"col-inner\"  >\n\t\t\t\n\t\t\t\n\n<div class=\"container section-title-container\" ><h4 class=\"section-title section-title-normal\"><b aria-hidden=\"true\"><\/b><span class=\"section-title-main\" style=\"font-size:91%;\">El\u0151nyeink<\/span><b aria-hidden=\"true\"><\/b><\/h4><\/div>\n\n<div class=\"accordion\">\n\n\t<div id=\"accordion-3499615786\" class=\"accordion-item\">\n\t\t<a id=\"accordion-3499615786-label\" class=\"accordion-title plain\" href=\"#accordion-item-commitment-to-quality\" aria-expanded=\"false\" aria-controls=\"accordion-3499615786-content\">\n\t\t\t<button class=\"toggle\" aria-label=\"Toggle\"><i class=\"icon-angle-down\" aria-hidden=\"true\"><\/i><\/button>\n\t\t\t<span>Elk\u00f6telezetts\u00e9g a min\u0151s\u00e9g ir\u00e1nt<\/span>\n\t\t<\/a>\n\t\t<div id=\"accordion-3499615786-content\" class=\"accordion-inner\" aria-labelledby=\"accordion-3499615786-label\">\n\t\t\t\n\n<p>-n\u00e1l <a href=\"https:\/\/aiviouvapes.com\/hu\/\">AiviouVape<\/a>, a min\u0151s\u00e9g mindent megtesz, amit csin\u00e1lunk. Eldobhat\u00f3 g\u0151z\u00f6l\u0151ink apr\u00f3l\u00e9kosan kidolgozottak \u00e9s szigor\u00faan teszteltek, hogy megfeleljenek a legszigor\u00fabb szabv\u00e1nyoknak is, \u00edgy minden alkalommal egyenletes, megb\u00edzhat\u00f3 g\u0151z\u00f6l\u00e9st biztos\u00edtanak. A nulla hiba \u00e9s panaszmentess\u00e9g ir\u00e1nti elk\u00f6telezetts\u00e9g\u00fcnkkel b\u00edzhat abban, hogy a legjobbat kapja.<\/p>\n\n\t\t<\/div>\n\t<\/div>\n\t\n\t<div id=\"accordion-1410159479\" class=\"accordion-item\">\n\t\t<a id=\"accordion-1410159479-label\" class=\"accordion-title plain\" href=\"#accordion-item-diverse-range-of-products\" aria-expanded=\"false\" aria-controls=\"accordion-1410159479-content\">\n\t\t\t<button class=\"toggle\" aria-label=\"Toggle\"><i class=\"icon-angle-down\" aria-hidden=\"true\"><\/i><\/button>\n\t\t\t<span>Soksz\u00edn\u0171 term\u00e9kv\u00e1laszt\u00e9k<\/span>\n\t\t<\/a>\n\t\t<div id=\"accordion-1410159479-content\" class=\"accordion-inner\" aria-labelledby=\"accordion-1410159479-label\">\n\t\t\t\n\n<p>B\u00fcszk\u00e9k vagyunk arra, hogy pr\u00e9mium eldobhat\u00f3 p\u00e1rologtat\u00f3k sz\u00e9les v\u00e1laszt\u00e9k\u00e1t k\u00edn\u00e1ljuk, hogy minden preferenci\u00e1nak megfeleljen. A leg\u00fajabb innov\u00e1ci\u00f3kt\u00f3l a r\u00e9gi rajong\u00f3i kedvencekig, v\u00e1laszt\u00e9kunkban olyan megb\u00edzhat\u00f3 m\u00e1rk\u00e1k tal\u00e1lhat\u00f3k, mint a Waspe, Vapme, RandM Tornado, Bang Box, ELF Box \u00e9s Bang King. Ak\u00e1r a Vapme mer\u00e9sz \u00edzvil\u00e1g\u00e1t, ak\u00e1r a RandM Tornado eleg\u00e1ns diz\u00e1jnj\u00e1t keresi, kollekci\u00f3nkat \u00fagy alak\u00edtottuk ki, hogy seg\u00edts\u00fcnk felfedezni az \u00edzl\u00e9s\u00e9nek \u00e9s \u00e9letst\u00edlus\u00e1nak megfelel\u0151 t\u00f6k\u00e9letes vape-t.<\/p>\n\n\n\t\t<\/div>\n\t<\/div>\n\t\n\t<div id=\"accordion-732771770\" class=\"accordion-item\">\n\t\t<a id=\"accordion-732771770-label\" class=\"accordion-title plain\" href=\"#accordion-item-wholesale-and-retail-solutions\" aria-expanded=\"false\" aria-controls=\"accordion-732771770-content\">\n\t\t\t<button class=\"toggle\" aria-label=\"Toggle\"><i class=\"icon-angle-down\" aria-hidden=\"true\"><\/i><\/button>\n\t\t\t<span>Nagy- \u00e9s kiskereskedelmi megold\u00e1sok<\/span>\n\t\t<\/a>\n\t\t<div id=\"accordion-732771770-content\" class=\"accordion-inner\" aria-labelledby=\"accordion-732771770-label\">\n\t\t\t\n\n<p>Az AiviouVape mind a lakoss\u00e1gi, mind a nagykereskedelmi \u00fcgyfelek ig\u00e9nyeit kiel\u00e9g\u00edti, \u00e9s minden alkalommal kiv\u00e9teles term\u00e9keket \u00e9s szolg\u00e1ltat\u00e1sokat k\u00edn\u00e1l. Ha \u00d6n m\u00e9g \u00faj n\u00e1lunk, javasoljuk, hogy kezdjen egy kis adaggal, hogy saj\u00e1t b\u0151r\u00e9n tapasztalja meg min\u0151s\u00e9g\u00fcnket. Versenyk\u00e9pes \u00e1rakkal \u00e9s pr\u00e9mium szabv\u00e1nyokkal mi vagyunk a megb\u00edzhat\u00f3 v\u00e1laszt\u00e1s az eldobhat\u00f3 vape-iparban.\u00a0<\/p>\n\n\t\t<\/div>\n\t<\/div>\n\t\n\t<div id=\"accordion-3611862120\" class=\"accordion-item\">\n\t\t<a id=\"accordion-3611862120-label\" class=\"accordion-title plain\" href=\"#accordion-item-continuous-improvement\" aria-expanded=\"false\" aria-controls=\"accordion-3611862120-content\">\n\t\t\t<button class=\"toggle\" aria-label=\"Toggle\"><i class=\"icon-angle-down\" aria-hidden=\"true\"><\/i><\/button>\n\t\t\t<span>Folyamatos fejleszt\u00e9s<\/span>\n\t\t<\/a>\n\t\t<div id=\"accordion-3611862120-content\" class=\"accordion-inner\" aria-labelledby=\"accordion-3611862120-label\">\n\t\t\t\n\n<p>Ami az AiviouVape-ot megk\u00fcl\u00f6nb\u00f6zteti, az a kiv\u00e9teles \u00fcgyf\u00e9lszolg\u00e1lat ir\u00e1nti elk\u00f6telezetts\u00e9g\u00fcnk. Ak\u00e1r tan\u00e1csra van sz\u00fcks\u00e9ge v\u00e1s\u00e1rl\u00e1s el\u0151tt, ak\u00e1r seg\u00edts\u00e9gre van sz\u00fcks\u00e9ge a megrendel\u00e9shez, csapatunk mindig el\u00e9rhet\u0151 WhatsApp-on vagy e-mailben. Arra t\u00f6reksz\u00fcnk, hogy \u00fcgyfeleinkkel tart\u00f3s kapcsolatot \u00e9p\u00edts\u00fcnk ki, biztos\u00edtva az \u00d6n el\u00e9gedetts\u00e9g\u00e9t minden l\u00e9p\u00e9sn\u00e9l.<\/p>\n\n\t\t<\/div>\n\t<\/div>\n\t\n\t<div id=\"accordion-2684492816\" class=\"accordion-item\">\n\t\t<a id=\"accordion-2684492816-label\" class=\"accordion-title plain\" href=\"#accordion-item-quality-assurance\" aria-expanded=\"false\" aria-controls=\"accordion-2684492816-content\">\n\t\t\t<button class=\"toggle\" aria-label=\"Toggle\"><i class=\"icon-angle-down\" aria-hidden=\"true\"><\/i><\/button>\n\t\t\t<span>Min\u0151s\u00e9gbiztos\u00edt\u00e1s<\/span>\n\t\t<\/a>\n\t\t<div id=\"accordion-2684492816-content\" class=\"accordion-inner\" aria-labelledby=\"accordion-2684492816-label\">\n\t\t\t\n\n<p>A min\u0151s\u00e9g ir\u00e1nti elk\u00f6telezetts\u00e9g\u00fcnk minden szakaszban \u2013 a term\u00e9kfejleszt\u00e9s, a gy\u00e1rt\u00e1s, a marketing \u00e9s a disztrib\u00faci\u00f3 \u2013 megingathatatlan. Eldobhat\u00f3 g\u0151z\u00f6l\u0151ink szigor\u00fa tesztel\u00e9sen esnek \u00e1t, hogy megbizonyosodjanak arr\u00f3l, hogy nem m\u00e9rgez\u0151ek, tiszt\u00e1k \u00e9s kiv\u00e9teles \u00edz\u0171ek. Ez a kiv\u00e1l\u00f3s\u00e1g ir\u00e1nti elk\u00f6telezetts\u00e9g k\u00e9pezi v\u00e1llalati kult\u00far\u00e1nk gerinc\u00e9t.<\/p>\n\n\t\t<\/div>\n\t<\/div>\n\t\n\t<div id=\"accordion-873637845\" class=\"accordion-item\">\n\t\t<a id=\"accordion-873637845-label\" class=\"accordion-title plain\" href=\"#accordion-item-efficient-logistics-and-delivery\" aria-expanded=\"false\" aria-controls=\"accordion-873637845-content\">\n\t\t\t<button class=\"toggle\" aria-label=\"Toggle\"><i class=\"icon-angle-down\" aria-hidden=\"true\"><\/i><\/button>\n\t\t\t<span>Hat\u00e9kony logisztika \u00e9s sz\u00e1ll\u00edt\u00e1s<\/span>\n\t\t<\/a>\n\t\t<div id=\"accordion-873637845-content\" class=\"accordion-inner\" aria-labelledby=\"accordion-873637845-label\">\n\t\t\t\n\n<p>Az AiviouVape hat\u00e9kony logisztik\u00e1t \u00e9s sz\u00e1ll\u00edt\u00e1st biztos\u00edt, bele\u00e9rtve a DDP (Delivered Duty Paid) szolg\u00e1ltat\u00e1sokat is, biztos\u00edtva a z\u00f6kken\u0151mentes v\u00e1mkezel\u00e9st d\u00edjak \u00e9s ad\u00f3k n\u00e9lk\u00fcl. Gyors sz\u00e1ll\u00edt\u00e1ssal \u00e9s kiv\u00e9teles \u00fcgyf\u00e9lszolg\u00e1lattal z\u00f6kken\u0151mentes \u00e9s megb\u00edzhat\u00f3 \u00e9lm\u00e9nyt k\u00edn\u00e1lunk, \u00edgy megb\u00edzhat\u00f3 partnerr\u00e9 v\u00e1lunk az ipar\u00e1gban.<\/p>\n\n\t\t<\/div>\n\t<\/div>\n\t\n\t<div id=\"accordion-2969305864\" class=\"accordion-item\">\n\t\t<a id=\"accordion-2969305864-label\" class=\"accordion-title plain\" href=\"#accordion-item-odm-and-oem-services\" aria-expanded=\"false\" aria-controls=\"accordion-2969305864-content\">\n\t\t\t<button class=\"toggle\" aria-label=\"Toggle\"><i class=\"icon-angle-down\" aria-hidden=\"true\"><\/i><\/button>\n\t\t\t<span>ODM \u00e9s OEM szolg\u00e1ltat\u00e1sok<\/span>\n\t\t<\/a>\n\t\t<div id=\"accordion-2969305864-content\" class=\"accordion-inner\" aria-labelledby=\"accordion-2969305864-label\">\n\t\t\t\n\n<p>Az AiviouVapes teljes k\u00f6r\u0171 ODM (eredeti tervez\u00e9s\u0171 gy\u00e1rt\u00e1s) \u00e9s OEM (eredeti berendez\u00e9sek gy\u00e1rt\u00e1sa) szolg\u00e1ltat\u00e1sokat k\u00edn\u00e1l. K\u00e9t nagy l\u00e9tes\u00edtm\u00e9ny\u00fcnkkel seg\u00edt\u00fcnk \u00fcgyfeleinknek egyedi term\u00e9keket \u00e9s szemet gy\u00f6ny\u00f6rk\u00f6dtet\u0151 log\u00f3kat tervezni a csomagol\u00e1shoz. Ingyenes csomagol\u00e1stervez\u00e9si \u00fatmutat\u00e1st is biztos\u00edtunk, \u00e9s t\u00e1mogatjuk azokat a v\u00e1s\u00e1rl\u00f3kat, akik saj\u00e1t maguk csomagolj\u00e1k term\u00e9keiket, \u00edgy biztos\u00edtva, hogy m\u00e1rk\u00e1juk ragyogjon a piacon.<\/p>\n\n\t\t<\/div>\n\t<\/div>\n\t\n\n<\/div>\n\n\t\t<\/div>\n\t\t\t\t\t<\/div>\n\n\t\n\n<\/div>","protected":false},"excerpt":{"rendered":"<p>Az ELF BOX BK12K 12 000 slukkot biztos\u00edt 23ml e-folyad\u00e9k kapacit\u00e1ssal \u00e9s 650mAh \u00fajrat\u00f6lthet\u0151 akkumul\u00e1torral. A 0,8\u03a9-os h\u00e1l\u00f3s tekerccsel, gyors Type-C t\u00f6lt\u00e9ssel \u00e9s 12 finom \u00edzzel rendelkezik, \u00e9s t\u00f6bbf\u00e9le nikotinv\u00e1laszt\u00e9kkal biztos\u00edtja a sima, hosszan tart\u00f3 p\u00e1rologtat\u00e1st.<\/p>","protected":false},"featured_media":2586,"comment_status":"open","ping_status":"closed","template":"","meta":[],"product_brand":[234],"product_cat":[34,124,90,117,76,134,135,133,136,137,146,138,139,140,141,142,143,144,145,132],"product_tag":[],"class_list":{"0":"post-2576","1":"product","2":"type-product","3":"status-publish","4":"has-post-thumbnail","6":"product_brand-elf-box","7":"product_cat-elf-box","8":"product_cat-12000-puffs-disposable-vape","9":"product_cat-big-puffs-vapes","10":"product_cat-different-puffs-of-diposable-vapes","11":"product_cat-disposable-vape-types","12":"product_cat-disposable-vapes-in-austria","13":"product_cat-disposable-vapes-in-belgium","14":"product_cat-disposable-vapes-in-europe","15":"product_cat-disposable-vapes-in-france","16":"product_cat-disposable-vapes-in-germany","17":"product_cat-disposable-vapes-in-hungary","18":"product_cat-disposable-vapes-in-ltaly","19":"product_cat-disposable-vapes-in-netherlands","20":"product_cat-disposable-vapes-in-norway","21":"product_cat-disposable-vapes-in-poland","22":"product_cat-disposable-vapes-in-portugal","23":"product_cat-disposable-vapes-in-spain","24":"product_cat-disposable-vapes-in-sweden","25":"product_cat-disposable-vapes-in-switzerland","26":"product_cat-rechargeable-vapes","28":"first","29":"instock","30":"shipping-taxable","31":"purchasable","32":"product-type-variable","33":"has-default-attributes"},"jetpack_sharing_enabled":true,"tiered_pricing_type":"fixed","tiered_pricing_fixed_rules":{"2000":5.9900000000000002131628207280300557613372802734375},"tiered_pricing_product_settings":{"layout":"default","base_unit_name":{"singular":null,"plural":null},"default_variation":null},"tiered_pricing_minimum_quantity":1000,"tiered_pricing_roles_data":[],"tiered_pricing_percentage_rules":[],"tiered_pricing_maximum_quantity":null,"tiered_pricing_quantity_step":"10","_links":{"self":[{"href":"https:\/\/aiviouvapes.com\/hu\/wp-json\/wp\/v2\/product\/2576","targetHints":{"allow":["GET"]}}],"collection":[{"href":"https:\/\/aiviouvapes.com\/hu\/wp-json\/wp\/v2\/product"}],"about":[{"href":"https:\/\/aiviouvapes.com\/hu\/wp-json\/wp\/v2\/types\/product"}],"replies":[{"embeddable":true,"href":"https:\/\/aiviouvapes.com\/hu\/wp-json\/wp\/v2\/comments?post=2576"}],"wp:featuredmedia":[{"embeddable":true,"href":"https:\/\/aiviouvapes.com\/hu\/wp-json\/wp\/v2\/media\/2586"}],"wp:attachment":[{"href":"https:\/\/aiviouvapes.com\/hu\/wp-json\/wp\/v2\/media?parent=2576"}],"wp:term":[{"taxonomy":"product_brand","embeddable":true,"href":"https:\/\/aiviouvapes.com\/hu\/wp-json\/wp\/v2\/product_brand?post=2576"},{"taxonomy":"product_cat","embeddable":true,"href":"https:\/\/aiviouvapes.com\/hu\/wp-json\/wp\/v2\/product_cat?post=2576"},{"taxonomy":"product_tag","embeddable":true,"href":"https:\/\/aiviouvapes.com\/hu\/wp-json\/wp\/v2\/product_tag?post=2576"}],"curies":[{"name":"wp","href":"https:\/\/api.w.org\/{rel}","templated":true}]}}