{"id":25380,"date":"2024-11-22T15:05:46","date_gmt":"2024-11-22T07:05:46","guid":{"rendered":"https:\/\/aiviouvapes.com\/?post_type=product&#038;p=25380"},"modified":"2026-03-19T14:20:40","modified_gmt":"2026-03-19T06:20:40","slug":"jnr-falon-16000-16k-puffs-wholesale","status":"publish","type":"product","link":"https:\/\/aiviouvapes.com\/hu\/product\/jnr-falon-16000-16k-puffs-wholesale\/","title":{"rendered":"JNR Falcon 16000 Puffs | 2% nikotin, 22mL, dual mesh, airflow control, 850mAh, 28 \u00edzek"},"content":{"rendered":"<p><iframe title=\"VideoPress vide\u00f3 lej\u00e1tsz\u00f3\" aria-label='VideoPress vide\u00f3 lej\u00e1tsz\u00f3' width='1020' height='574' src='https:\/\/videopress.com\/embed\/IW3jjut3?hd=0&amp;cover=1' frameborder='0' allowfullscreen allow='clipboard-write'><\/iframe><script src='https:\/\/v0.wordpress.com\/js\/next\/videopress-iframe.js?m=1739540970'><\/script><\/p>\n<p><strong>JNR Falcon 16000 Puffs Original Edition eldobhat\u00f3 vape<\/strong>\u00a0\u2013 Ahol a st\u00edlus \u00e9s a kiv\u00e9teles teljes\u00edtm\u00e9ny tal\u00e1lkozik!<\/p>\n<p>JNR Falcon 16000 16K puff | 2% nikotin, 22ml e-liquid, dual mesh tekercs, \u00e1ll\u00edthat\u00f3 l\u00e9g\u00e1raml\u00e1s, 850mAh \u00fajrat\u00f6lthet\u0151, Type-C, 28 \u00edz, eldobhat\u00f3 vape nagykereskedelem<\/p>\n<p>A\u00a0<strong>JNR Falcon 16000 Puffs\u00a0<\/strong>Olyanok sz\u00e1m\u00e1ra k\u00e9sz\u00fclt, akik magasabb szint\u0171 vaping \u00e9lm\u00e9nyre v\u00e1gynak. Ak\u00e1r\u00a0<strong>16000 f\u00faj\u00e1s<\/strong>\u00a0egy nagylelk\u0171t\u0151l\u00a0<strong>22 ml e-liquid \u0171rtartalom<\/strong>Ez a k\u00e9sz\u00fcl\u00e9k leny\u0171g\u00f6z\u0151 hossz\u00fa \u00e9lettartamot biztos\u00edt, mik\u00f6zben egyenletes, sima \u00edzt biztos\u00edt.<\/p>\n<p>Az optim\u00e1lis teljes\u00edtm\u00e9nyre \u00e9p\u00edtett Falcon 16000 a\u00a0<strong>1\u03a9-os k\u00e9th\u00e1l\u00f3s tekercs<\/strong>\u00a0amely fokozza az \u00edz- \u00e9s p\u00e1ratermel\u00e9st, kiel\u00e9g\u00edt\u0151 tal\u00e1latot biztos\u00edtva minden h\u00faz\u00e1ssal. A\u00a0<strong>\u00e1ll\u00edthat\u00f3 l\u00e9g\u00e1raml\u00e1s<\/strong>\u00a0lehet\u0151v\u00e9 teszi a finomhangol\u00e1st az \u00d6n ig\u00e9nyei szerint, f\u00fcggetlen\u00fcl att\u00f3l, hogy a feszes, \u00edzletes puffad\u00e1st vagy a nyitottabb, leveg\u0151s h\u00faz\u00e1st \u00e9lvezi. Egyedi kialak\u00edt\u00e1s\u00fa\u00a0<strong>krist\u00e1ly k\u00e9zm\u0171ves k\u00fcls\u0151<\/strong>, ez a vape \u00e9ppoly st\u00edlusos, mint funkcion\u00e1lis, \u00e9s egy csipetnyi kifinomults\u00e1got ad a g\u0151z\u00f6l\u00e9si rutinj\u00e1hoz.<\/p>\n<p>Egy\u00a0<strong>2% nikotiner\u0151ss\u00e9g<\/strong>\u00a0\u00e9s\u00a0<strong>28 \u00edzv\u00e1laszt\u00e9k<\/strong>, a Falcon 16000-et \u00fagy alak\u00edtott\u00e1k ki, hogy megfeleljen a legk\u00fcl\u00f6nb\u00f6z\u0151bb elv\u00e1r\u00e1soknak, kezd\u0151knek \u00e9s tapasztalt felhaszn\u00e1l\u00f3knak egyar\u00e1nt. Er\u0151teljes\u00a0<strong>850mAh \u00fajrat\u00f6lthet\u0151 akkumul\u00e1tor<\/strong>\u00a0\u00e9s\u00a0<strong>C t\u00edpus\u00fa gyorst\u00f6lt\u00e9s<\/strong>\u00a0k\u00e9pess\u00e9g, magabiztosan g\u0151z\u00f6l\u00f6ghet hossz\u00fa t\u00f6lt\u00e9si megszak\u00edt\u00e1sok n\u00e9lk\u00fcl.<\/p>\n<p>A\u00a0<strong>JNR Falcon 16000 Puffs<\/strong>\u00a0az eleg\u00e1ns diz\u00e1jnt, az er\u0151t \u00e9s a k\u00e9nyelmet \u00f6tv\u00f6zi egyetlen pr\u00e9mium k\u00e9sz\u00fcl\u00e9kben, \u00edgy ide\u00e1lis v\u00e1laszt\u00e1s azoknak a g\u0151z\u00f6knek, akik \u00e9rt\u00e9kelik a form\u00e1t \u00e9s a funkci\u00f3t egyar\u00e1nt.<\/p>\n<h5><strong>JNR FALCON 16000 16k Puffs<\/strong><br \/>\n<strong>Jellemz\u0151k:<\/strong><\/h5>\n<ul>\n<li>2% Nikotin<\/li>\n<li>Sz\u00edv\u00e1s: 16000<\/li>\n<li>\u0170rtartalom: 22 ml<\/li>\n<li>850mah \u00fajrat\u00f6lthet\u0151 akkumul\u00e1tor<\/li>\n<li>Dual Mesh tekercs<\/li>\n<li>Crystal Craft Design<\/li>\n<li>1\u03a9 h\u00e1l\u00f3s tekercs<\/li>\n<li>\u00c1ll\u00edthat\u00f3 l\u00e9g\u00e1raml\u00e1s<\/li>\n<li>28 \u00edz kaphat\u00f3<\/li>\n<\/ul>\n<h5><strong>JNR FALON 16000 16K Puffs<br \/>\n<\/strong><strong>\u00cdzek list\u00e1ja:<\/strong><\/h5>\n<ol>\n<li>Blackberry Red Raspberry<\/li>\n<li>K\u00e9k Razz j\u00e9g<\/li>\n<li>\u00c1fonya gr\u00e1n\u00e1talma j\u00e9g<\/li>\n<li>\u00c1fonya Piros M\u00e1lna<\/li>\n<li>Mango passi\u00f3gy\u00fcm\u00f6lcs<\/li>\n<li>Passion Fruit Kiwi<\/li>\n<li>Sakura sz\u0151l\u0151<\/li>\n<li>Eper Kiwi<\/li>\n<li>Epres g\u00f6r\u00f6gdinnye j\u00e9g<\/li>\n<li>G\u00f6r\u00f6gdinnye Mang\u00f3 Barack<\/li>\n<li>G\u00f6r\u00f6gdinnye j\u00e9g<\/li>\n<li>Berry Burst<\/li>\n<li>White Peach Razz<\/li>\n<li>Hubba Bubba eper<\/li>\n<li>\u00c1fonya M\u00e1lna cseresznye<\/li>\n<li>Cherry Berry<\/li>\n<li>Eper j\u00e9g<\/li>\n<li>Vegyes bogy\u00f3s gy\u00fcm\u00f6lcs\u00f6k<\/li>\n<li>G\u00f6r\u00f6gdinnye Bubblegum<\/li>\n<li>Eper ban\u00e1n<\/li>\n<li>Cola J\u00e9g<\/li>\n<li>\u00c1fonya Kiwi<\/li>\n<li>K\u00e9k Razz cseresznye<\/li>\n<li>Cseresznye g\u00f6r\u00f6gdinnye fagyaszt\u00e1s<\/li>\n<li>Fizzy Cherry Cola<\/li>\n<li>L\u00e9d\u00fas \u0151szibarack<\/li>\n<li>Barack bogy\u00f3<\/li>\n<li>Kiwi Maracuja Guava<\/li>\n<\/ol>\n<h3>Mi\u00e9rt v\u00e1lassza az AiviouVapes-t?<\/h3>\n<p>\u00dcdv\u00f6z\u00f6lj\u00fck a <a href=\"https:\/\/aiviouvapes.com\/hu\/\">AiviouVapes<\/a> - az \u00d6n megb\u00edzhat\u00f3 forr\u00e1sa a pr\u00e9mium, megfizethet\u0151 <a href=\"https:\/\/aiviouvapes.com\/hu\/shop\/\">nagykereskedelmi eldobhat\u00f3 vapes<\/a> igaz\u00e1n alacsony \u00e1ron. T\u00f6bb mint \u00f6t\u00e9ves tapasztalattal a vape iparban, b\u00fcszk\u00e9n k\u00edn\u00e1lunk k\u00e9zzel v\u00e1logatott v\u00e1logat\u00e1st a vezet\u0151 m\u00e1rk\u00e1kb\u00f3l, bele\u00e9rtve a k\u00f6vetkez\u0151ket is <a href=\"https:\/\/aiviouvapes.com\/hu\/termekkategoria\/waspe\/\">WASPE<\/a>, <a href=\"https:\/\/aiviouvapes.com\/hu\/termekkategoria\/bang\/\">Bang Vape<\/a>, <a href=\"https:\/\/aiviouvapes.com\/hu\/termekkategoria\/vapme-vapes\/\">Vapme<\/a>, \u00e9s <a href=\"https:\/\/aiviouvapes.com\/hu\/termekkategoria\/mrvi\/\">MRVI<\/a>.<\/p>\n<p>Az olyan magas puffaszt\u00e1s\u00fa k\u00e9sz\u00fcl\u00e9kekt\u0151l, mint a <a href=\"https:\/\/aiviouvapes.com\/hu\/termek\/waspe-4-in-1-100000-puffs\/\">WASPE 100K 4 az 1-ben \u00cdzes\u00edt\u00e9s<\/a> a mer\u00e9sz kedvencekhez, mint p\u00e9ld\u00e1ul a <a href=\"https:\/\/aiviouvapes.com\/hu\/termek\/bang-king-triple-flavors-85000\/\">Bang 85,000 Triple Puff<\/a>, \u00e9s m\u00e9g az izgalmas <a class=\"woocommerce-LoopProduct-link woocommerce-loop-product__link\" href=\"https:\/\/aiviouvapes.com\/hu\/termek\/mystery-vape-blind-box\/\">Rejt\u00e9lyes eldobhat\u00f3 Vape doboz<\/a>, minden term\u00e9ket a kiv\u00e1l\u00f3 min\u0151s\u00e9g \u00e9s a verhetetlen \u00e9rt\u00e9k alapj\u00e1n v\u00e1lasztunk ki. Az AiviouVapes-n\u00e9l nagyszer\u0171 kiszolg\u00e1l\u00e1st, nagykereskedelmi megtakar\u00edt\u00e1sokat \u00e9s egy olyan kollekci\u00f3t \u00e9lvezhet, amelyet \u00fagy terveztek, hogy megfeleljen az \u00d6n vaping ig\u00e9nyeinek.<\/p>\n<div class=\"row row-large row-full-width align-middle\"  id=\"row-992403167\">\n\n\n\t<div id=\"col-1132984751\" class=\"col medium-3 small-6 large-3\"  >\n\t\t\t\t<div class=\"col-inner text-center\"  >\n\t\t\t\n\t\t\t\n\n\n\t\t<div class=\"icon-box featured-box icon-box-top text-left\"  >\n\t\t\t\t\t<div class=\"icon-box-img\" style=\"width: 90px\">\n\t\t\t\t<div class=\"icon\">\n\t\t\t\t\t<div class=\"icon-inner\" >\n\t\t\t\t\t\t<img loading=\"lazy\" decoding=\"async\" width=\"200\" height=\"200\" src=\"https:\/\/i0.wp.com\/aiviouvapes.com\/wp-content\/uploads\/2024\/08\/vape-1-1.png?fit=200%2C200&amp;ssl=1\" class=\"attachment-medium size-medium\" alt=\"Mi\u00e9rt v\u00e1lassza az AIVIOUVAPES-t\" srcset=\"https:\/\/i0.wp.com\/aiviouvapes.com\/wp-content\/uploads\/2024\/08\/vape-1-1.png?w=200&amp;ssl=1 200w, https:\/\/i0.wp.com\/aiviouvapes.com\/wp-content\/uploads\/2024\/08\/vape-1-1.png?resize=150%2C150&amp;ssl=1 150w, https:\/\/i0.wp.com\/aiviouvapes.com\/wp-content\/uploads\/2024\/08\/vape-1-1.png?resize=12%2C12&amp;ssl=1 12w, https:\/\/i0.wp.com\/aiviouvapes.com\/wp-content\/uploads\/2024\/08\/vape-1-1.png?resize=100%2C100&amp;ssl=1 100w\" sizes=\"auto, (max-width: 200px) 100vw, 200px\" title=\"\">\t\t\t\t\t<\/div>\n\t\t\t\t<\/div>\n\t\t\t<\/div>\n\t\t\t\t<div class=\"icon-box-text last-reset\">\n\t\t\t\t\t\t\t\t\t\n\n\t<div id=\"text-1272293834\" class=\"text\">\n\t\t\n\n<h3 style=\"text-align: center;\">Sz\u00e9les Vape fajta<\/h3>\n<p style=\"text-align: center;\">Fedezze fel sz\u00e9les term\u00e9ksk\u00e1l\u00e1nkat, amelyeket minden ig\u00e9nynek megfelel\u0151en alak\u00edtottunk ki.<\/p>\n\t\t\n<style>\n#text-1272293834 {\n  font-size: 0.9rem;\n}\n<\/style>\n\t<\/div>\n\t\n\n\t\t<\/div>\n\t<\/div>\n\t\n\t\n\n\t\t<\/div>\n\t\t\t\t\t<\/div>\n\n\t\n\n\t<div id=\"col-1394584929\" class=\"col medium-3 small-6 large-3\"  >\n\t\t\t\t<div class=\"col-inner text-center\"  >\n\t\t\t\n\t\t\t\n\n\n\t\t<div class=\"icon-box featured-box icon-box-top text-left\"  >\n\t\t\t\t\t<div class=\"icon-box-img\" style=\"width: 90px\">\n\t\t\t\t<div class=\"icon\">\n\t\t\t\t\t<div class=\"icon-inner\" >\n\t\t\t\t\t\t<img loading=\"lazy\" decoding=\"async\" width=\"200\" height=\"200\" src=\"https:\/\/i0.wp.com\/aiviouvapes.com\/wp-content\/uploads\/2024\/08\/save-money-1-1-1.png?fit=200%2C200&amp;ssl=1\" class=\"attachment-medium size-medium\" alt=\"Mi\u00e9rt v\u00e1lassza az AIVIOUVAPES-t\" srcset=\"https:\/\/i0.wp.com\/aiviouvapes.com\/wp-content\/uploads\/2024\/08\/save-money-1-1-1.png?w=200&amp;ssl=1 200w, https:\/\/i0.wp.com\/aiviouvapes.com\/wp-content\/uploads\/2024\/08\/save-money-1-1-1.png?resize=150%2C150&amp;ssl=1 150w, https:\/\/i0.wp.com\/aiviouvapes.com\/wp-content\/uploads\/2024\/08\/save-money-1-1-1.png?resize=12%2C12&amp;ssl=1 12w, https:\/\/i0.wp.com\/aiviouvapes.com\/wp-content\/uploads\/2024\/08\/save-money-1-1-1.png?resize=100%2C100&amp;ssl=1 100w\" sizes=\"auto, (max-width: 200px) 100vw, 200px\" title=\"\">\t\t\t\t\t<\/div>\n\t\t\t\t<\/div>\n\t\t\t<\/div>\n\t\t\t\t<div class=\"icon-box-text last-reset\">\n\t\t\t\t\t\t\t\t\t\n\n\t<div id=\"text-2462039190\" class=\"text\">\n\t\t\n\n<h3 style=\"text-align: center;\">Verhetetlen \u00e9rt\u00e9k<\/h3>\n<p style=\"text-align: center;\">\u00c9lvezze a kiv\u00e1l\u00f3 min\u0151s\u00e9g\u0171 term\u00e9keket a k\u00f6lts\u00e9gvet\u00e9s\u00e9nek megfelel\u0151 \u00e1ron.<\/p>\n\t\t\n<style>\n#text-2462039190 {\n  font-size: 0.9rem;\n}\n<\/style>\n\t<\/div>\n\t\n\n\t\t<\/div>\n\t<\/div>\n\t\n\t\n\n\t\t<\/div>\n\t\t\t\t\t<\/div>\n\n\t\n\n\t<div id=\"col-2095726759\" class=\"col medium-3 small-6 large-3\"  >\n\t\t\t\t<div class=\"col-inner text-center\"  >\n\t\t\t\n\t\t\t\n\n\n\t\t<div class=\"icon-box featured-box icon-box-top text-left\"  >\n\t\t\t\t\t<div class=\"icon-box-img\" style=\"width: 90px\">\n\t\t\t\t<div class=\"icon\">\n\t\t\t\t\t<div class=\"icon-inner\" >\n\t\t\t\t\t\t<img loading=\"lazy\" decoding=\"async\" width=\"200\" height=\"200\" src=\"https:\/\/i0.wp.com\/aiviouvapes.com\/wp-content\/uploads\/2024\/08\/delivery-truck-1-1.png?fit=200%2C200&amp;ssl=1\" class=\"attachment-medium size-medium\" alt=\"Mi\u00e9rt v\u00e1lassza az AIVIOUVAPES-t\" srcset=\"https:\/\/i0.wp.com\/aiviouvapes.com\/wp-content\/uploads\/2024\/08\/delivery-truck-1-1.png?w=200&amp;ssl=1 200w, https:\/\/i0.wp.com\/aiviouvapes.com\/wp-content\/uploads\/2024\/08\/delivery-truck-1-1.png?resize=150%2C150&amp;ssl=1 150w, https:\/\/i0.wp.com\/aiviouvapes.com\/wp-content\/uploads\/2024\/08\/delivery-truck-1-1.png?resize=12%2C12&amp;ssl=1 12w, https:\/\/i0.wp.com\/aiviouvapes.com\/wp-content\/uploads\/2024\/08\/delivery-truck-1-1.png?resize=100%2C100&amp;ssl=1 100w\" sizes=\"auto, (max-width: 200px) 100vw, 200px\" title=\"\">\t\t\t\t\t<\/div>\n\t\t\t\t<\/div>\n\t\t\t<\/div>\n\t\t\t\t<div class=\"icon-box-text last-reset\">\n\t\t\t\t\t\t\t\t\t\n\n\t<div id=\"text-1280416992\" class=\"text\">\n\t\t\n\n<h3 style=\"text-align: center;\">Swift glob\u00e1lis sz\u00e1ll\u00edt\u00e1s<\/h3>\n<p style=\"text-align: center;\">Garant\u00e1lt v\u00e1mkezel\u00e9ssel sz\u00e1ll\u00edtunk vil\u00e1gszerte a z\u00f6kken\u0151mentes \u00e9lm\u00e9ny \u00e9rdek\u00e9ben.<\/p>\n\t\t\n<style>\n#text-1280416992 {\n  font-size: 0.9rem;\n}\n<\/style>\n\t<\/div>\n\t\n\n\t\t<\/div>\n\t<\/div>\n\t\n\t\n\n\t\t<\/div>\n\t\t\t\t\t<\/div>\n\n\t\n\n\t<div id=\"col-154031014\" class=\"col medium-3 small-6 large-3\"  >\n\t\t\t\t<div class=\"col-inner text-center\"  >\n\t\t\t\n\t\t\t\n\n\n\t\t<div class=\"icon-box featured-box icon-box-top text-left\"  >\n\t\t\t\t\t<div class=\"icon-box-img\" style=\"width: 90px\">\n\t\t\t\t<div class=\"icon\">\n\t\t\t\t\t<div class=\"icon-inner\" >\n\t\t\t\t\t\t<img loading=\"lazy\" decoding=\"async\" width=\"200\" height=\"200\" src=\"https:\/\/i0.wp.com\/aiviouvapes.com\/wp-content\/uploads\/2024\/08\/support-1-1.png?fit=200%2C200&amp;ssl=1\" class=\"attachment-medium size-medium\" alt=\"Mi\u00e9rt v\u00e1lassza az AIVIOUVAPES-t\" srcset=\"https:\/\/i0.wp.com\/aiviouvapes.com\/wp-content\/uploads\/2024\/08\/support-1-1.png?w=200&amp;ssl=1 200w, https:\/\/i0.wp.com\/aiviouvapes.com\/wp-content\/uploads\/2024\/08\/support-1-1.png?resize=150%2C150&amp;ssl=1 150w, https:\/\/i0.wp.com\/aiviouvapes.com\/wp-content\/uploads\/2024\/08\/support-1-1.png?resize=12%2C12&amp;ssl=1 12w, https:\/\/i0.wp.com\/aiviouvapes.com\/wp-content\/uploads\/2024\/08\/support-1-1.png?resize=100%2C100&amp;ssl=1 100w\" sizes=\"auto, (max-width: 200px) 100vw, 200px\" title=\"\">\t\t\t\t\t<\/div>\n\t\t\t\t<\/div>\n\t\t\t<\/div>\n\t\t\t\t<div class=\"icon-box-text last-reset\">\n\t\t\t\t\t\t\t\t\t\n\n\t<div id=\"text-4060587039\" class=\"text\">\n\t\t\n\n<h3 style=\"text-align: center;\">\u00c9jjel-nappali seg\u00edts\u00e9gny\u00fajt\u00e1s<\/h3>\n<p style=\"text-align: center;\">B\u00e1rmikor, \u00e9jjel-nappal el\u00e9rheti \u00fcgyf\u00e9lszolg\u00e1latunkat WhatsApp-on vagy e-mailben.<\/p>\n\t\t\n<style>\n#text-4060587039 {\n  font-size: 0.9rem;\n}\n<\/style>\n\t<\/div>\n\t\n\n\t\t<\/div>\n\t<\/div>\n\t\n\t\n\n\t\t<\/div>\n\t\t\t\t\t<\/div>\n\n\t\n\n<\/div>\n<div class=\"row row-full-width align-middle\"  id=\"row-706591565\">\n\n\n\t<div id=\"col-374466747\" class=\"col medium-6 small-12 large-6\"  >\n\t\t\t\t<div class=\"col-inner\"  >\n\t\t\t\n\t\t\t\n\n\t<div class=\"img has-hover x md-x lg-x y md-y lg-y\" id=\"image_268735882\">\n\t\t\t\t\t\t\t\t<div class=\"img-inner dark\" >\n\t\t\t<img loading=\"lazy\" decoding=\"async\" width=\"930\" height=\"1024\" src=\"https:\/\/i0.wp.com\/aiviouvapes.com\/wp-content\/uploads\/2024\/08\/%E6%8B%BC%E5%9B%BE.jpg?fit=930%2C1024&amp;ssl=1\" class=\"attachment-large size-large\" alt=\"Mi\u00e9rt v\u00e1lassza az AIVIOUVAPES-t\" title=\"\">\t\t\t\t\t\t\n\t\t\t\t\t<\/div>\n\t\t\t\t\t\t\t\t\n<style>\n#image_268735882 {\n  width: 100%;\n}\n<\/style>\n\t<\/div>\n\t\n\n\n\t\t<\/div>\n\t\t\t\t\t<\/div>\n\n\t\n\n\t<div id=\"col-1774698135\" class=\"col medium-6 small-12 large-6\"  >\n\t\t\t\t<div class=\"col-inner\"  >\n\t\t\t\n\t\t\t\n\n<div class=\"container section-title-container\" ><h4 class=\"section-title section-title-normal\"><b aria-hidden=\"true\"><\/b><span class=\"section-title-main\" style=\"font-size:91%;\">El\u0151nyeink<\/span><b aria-hidden=\"true\"><\/b><\/h4><\/div>\n\n<div class=\"accordion\">\n\n\t<div id=\"accordion-3462423950\" class=\"accordion-item\">\n\t\t<a id=\"accordion-3462423950-label\" class=\"accordion-title plain\" href=\"#accordion-item-commitment-to-quality\" aria-expanded=\"false\" aria-controls=\"accordion-3462423950-content\">\n\t\t\t<button class=\"toggle\" aria-label=\"Toggle\"><i class=\"icon-angle-down\" aria-hidden=\"true\"><\/i><\/button>\n\t\t\t<span>Elk\u00f6telezetts\u00e9g a min\u0151s\u00e9g ir\u00e1nt<\/span>\n\t\t<\/a>\n\t\t<div id=\"accordion-3462423950-content\" class=\"accordion-inner\" aria-labelledby=\"accordion-3462423950-label\">\n\t\t\t\n\n<p>-n\u00e1l <a href=\"https:\/\/aiviouvapes.com\/hu\/\">AiviouVape<\/a>, a min\u0151s\u00e9g mindent megtesz, amit csin\u00e1lunk. Eldobhat\u00f3 g\u0151z\u00f6l\u0151ink apr\u00f3l\u00e9kosan kidolgozottak \u00e9s szigor\u00faan teszteltek, hogy megfeleljenek a legszigor\u00fabb szabv\u00e1nyoknak is, \u00edgy minden alkalommal egyenletes, megb\u00edzhat\u00f3 g\u0151z\u00f6l\u00e9st biztos\u00edtanak. A nulla hiba \u00e9s panaszmentess\u00e9g ir\u00e1nti elk\u00f6telezetts\u00e9g\u00fcnkkel b\u00edzhat abban, hogy a legjobbat kapja.<\/p>\n\n\t\t<\/div>\n\t<\/div>\n\t\n\t<div id=\"accordion-802695486\" class=\"accordion-item\">\n\t\t<a id=\"accordion-802695486-label\" class=\"accordion-title plain\" href=\"#accordion-item-diverse-range-of-products\" aria-expanded=\"false\" aria-controls=\"accordion-802695486-content\">\n\t\t\t<button class=\"toggle\" aria-label=\"Toggle\"><i class=\"icon-angle-down\" aria-hidden=\"true\"><\/i><\/button>\n\t\t\t<span>Soksz\u00edn\u0171 term\u00e9kv\u00e1laszt\u00e9k<\/span>\n\t\t<\/a>\n\t\t<div id=\"accordion-802695486-content\" class=\"accordion-inner\" aria-labelledby=\"accordion-802695486-label\">\n\t\t\t\n\n<p>B\u00fcszk\u00e9k vagyunk arra, hogy pr\u00e9mium eldobhat\u00f3 p\u00e1rologtat\u00f3k sz\u00e9les v\u00e1laszt\u00e9k\u00e1t k\u00edn\u00e1ljuk, hogy minden preferenci\u00e1nak megfeleljen. A leg\u00fajabb innov\u00e1ci\u00f3kt\u00f3l a r\u00e9gi rajong\u00f3i kedvencekig, v\u00e1laszt\u00e9kunkban olyan megb\u00edzhat\u00f3 m\u00e1rk\u00e1k tal\u00e1lhat\u00f3k, mint a Waspe, Vapme, RandM Tornado, Bang Box, ELF Box \u00e9s Bang King. Ak\u00e1r a Vapme mer\u00e9sz \u00edzvil\u00e1g\u00e1t, ak\u00e1r a RandM Tornado eleg\u00e1ns diz\u00e1jnj\u00e1t keresi, kollekci\u00f3nkat \u00fagy alak\u00edtottuk ki, hogy seg\u00edts\u00fcnk felfedezni az \u00edzl\u00e9s\u00e9nek \u00e9s \u00e9letst\u00edlus\u00e1nak megfelel\u0151 t\u00f6k\u00e9letes vape-t.<\/p>\n\n\n\t\t<\/div>\n\t<\/div>\n\t\n\t<div id=\"accordion-1095123866\" class=\"accordion-item\">\n\t\t<a id=\"accordion-1095123866-label\" class=\"accordion-title plain\" href=\"#accordion-item-wholesale-and-retail-solutions\" aria-expanded=\"false\" aria-controls=\"accordion-1095123866-content\">\n\t\t\t<button class=\"toggle\" aria-label=\"Toggle\"><i class=\"icon-angle-down\" aria-hidden=\"true\"><\/i><\/button>\n\t\t\t<span>Nagy- \u00e9s kiskereskedelmi megold\u00e1sok<\/span>\n\t\t<\/a>\n\t\t<div id=\"accordion-1095123866-content\" class=\"accordion-inner\" aria-labelledby=\"accordion-1095123866-label\">\n\t\t\t\n\n<p>Az AiviouVape mind a lakoss\u00e1gi, mind a nagykereskedelmi \u00fcgyfelek ig\u00e9nyeit kiel\u00e9g\u00edti, \u00e9s minden alkalommal kiv\u00e9teles term\u00e9keket \u00e9s szolg\u00e1ltat\u00e1sokat k\u00edn\u00e1l. Ha \u00d6n m\u00e9g \u00faj n\u00e1lunk, javasoljuk, hogy kezdjen egy kis adaggal, hogy saj\u00e1t b\u0151r\u00e9n tapasztalja meg min\u0151s\u00e9g\u00fcnket. Versenyk\u00e9pes \u00e1rakkal \u00e9s pr\u00e9mium szabv\u00e1nyokkal mi vagyunk a megb\u00edzhat\u00f3 v\u00e1laszt\u00e1s az eldobhat\u00f3 vape-iparban.\u00a0<\/p>\n\n\t\t<\/div>\n\t<\/div>\n\t\n\t<div id=\"accordion-1094795859\" class=\"accordion-item\">\n\t\t<a id=\"accordion-1094795859-label\" class=\"accordion-title plain\" href=\"#accordion-item-continuous-improvement\" aria-expanded=\"false\" aria-controls=\"accordion-1094795859-content\">\n\t\t\t<button class=\"toggle\" aria-label=\"Toggle\"><i class=\"icon-angle-down\" aria-hidden=\"true\"><\/i><\/button>\n\t\t\t<span>Folyamatos fejleszt\u00e9s<\/span>\n\t\t<\/a>\n\t\t<div id=\"accordion-1094795859-content\" class=\"accordion-inner\" aria-labelledby=\"accordion-1094795859-label\">\n\t\t\t\n\n<p>Ami az AiviouVape-ot megk\u00fcl\u00f6nb\u00f6zteti, az a kiv\u00e9teles \u00fcgyf\u00e9lszolg\u00e1lat ir\u00e1nti elk\u00f6telezetts\u00e9g\u00fcnk. Ak\u00e1r tan\u00e1csra van sz\u00fcks\u00e9ge v\u00e1s\u00e1rl\u00e1s el\u0151tt, ak\u00e1r seg\u00edts\u00e9gre van sz\u00fcks\u00e9ge a megrendel\u00e9shez, csapatunk mindig el\u00e9rhet\u0151 WhatsApp-on vagy e-mailben. Arra t\u00f6reksz\u00fcnk, hogy \u00fcgyfeleinkkel tart\u00f3s kapcsolatot \u00e9p\u00edts\u00fcnk ki, biztos\u00edtva az \u00d6n el\u00e9gedetts\u00e9g\u00e9t minden l\u00e9p\u00e9sn\u00e9l.<\/p>\n\n\t\t<\/div>\n\t<\/div>\n\t\n\t<div id=\"accordion-2812273701\" class=\"accordion-item\">\n\t\t<a id=\"accordion-2812273701-label\" class=\"accordion-title plain\" href=\"#accordion-item-quality-assurance\" aria-expanded=\"false\" aria-controls=\"accordion-2812273701-content\">\n\t\t\t<button class=\"toggle\" aria-label=\"Toggle\"><i class=\"icon-angle-down\" aria-hidden=\"true\"><\/i><\/button>\n\t\t\t<span>Min\u0151s\u00e9gbiztos\u00edt\u00e1s<\/span>\n\t\t<\/a>\n\t\t<div id=\"accordion-2812273701-content\" class=\"accordion-inner\" aria-labelledby=\"accordion-2812273701-label\">\n\t\t\t\n\n<p>A min\u0151s\u00e9g ir\u00e1nti elk\u00f6telezetts\u00e9g\u00fcnk minden szakaszban \u2013 a term\u00e9kfejleszt\u00e9s, a gy\u00e1rt\u00e1s, a marketing \u00e9s a disztrib\u00faci\u00f3 \u2013 megingathatatlan. Eldobhat\u00f3 g\u0151z\u00f6l\u0151ink szigor\u00fa tesztel\u00e9sen esnek \u00e1t, hogy megbizonyosodjanak arr\u00f3l, hogy nem m\u00e9rgez\u0151ek, tiszt\u00e1k \u00e9s kiv\u00e9teles \u00edz\u0171ek. Ez a kiv\u00e1l\u00f3s\u00e1g ir\u00e1nti elk\u00f6telezetts\u00e9g k\u00e9pezi v\u00e1llalati kult\u00far\u00e1nk gerinc\u00e9t.<\/p>\n\n\t\t<\/div>\n\t<\/div>\n\t\n\t<div id=\"accordion-2243919851\" class=\"accordion-item\">\n\t\t<a id=\"accordion-2243919851-label\" class=\"accordion-title plain\" href=\"#accordion-item-efficient-logistics-and-delivery\" aria-expanded=\"false\" aria-controls=\"accordion-2243919851-content\">\n\t\t\t<button class=\"toggle\" aria-label=\"Toggle\"><i class=\"icon-angle-down\" aria-hidden=\"true\"><\/i><\/button>\n\t\t\t<span>Hat\u00e9kony logisztika \u00e9s sz\u00e1ll\u00edt\u00e1s<\/span>\n\t\t<\/a>\n\t\t<div id=\"accordion-2243919851-content\" class=\"accordion-inner\" aria-labelledby=\"accordion-2243919851-label\">\n\t\t\t\n\n<p>Az AiviouVape hat\u00e9kony logisztik\u00e1t \u00e9s sz\u00e1ll\u00edt\u00e1st biztos\u00edt, bele\u00e9rtve a DDP (Delivered Duty Paid) szolg\u00e1ltat\u00e1sokat is, biztos\u00edtva a z\u00f6kken\u0151mentes v\u00e1mkezel\u00e9st d\u00edjak \u00e9s ad\u00f3k n\u00e9lk\u00fcl. Gyors sz\u00e1ll\u00edt\u00e1ssal \u00e9s kiv\u00e9teles \u00fcgyf\u00e9lszolg\u00e1lattal z\u00f6kken\u0151mentes \u00e9s megb\u00edzhat\u00f3 \u00e9lm\u00e9nyt k\u00edn\u00e1lunk, \u00edgy megb\u00edzhat\u00f3 partnerr\u00e9 v\u00e1lunk az ipar\u00e1gban.<\/p>\n\n\t\t<\/div>\n\t<\/div>\n\t\n\t<div id=\"accordion-2482668953\" class=\"accordion-item\">\n\t\t<a id=\"accordion-2482668953-label\" class=\"accordion-title plain\" href=\"#accordion-item-odm-and-oem-services\" aria-expanded=\"false\" aria-controls=\"accordion-2482668953-content\">\n\t\t\t<button class=\"toggle\" aria-label=\"Toggle\"><i class=\"icon-angle-down\" aria-hidden=\"true\"><\/i><\/button>\n\t\t\t<span>ODM \u00e9s OEM szolg\u00e1ltat\u00e1sok<\/span>\n\t\t<\/a>\n\t\t<div id=\"accordion-2482668953-content\" class=\"accordion-inner\" aria-labelledby=\"accordion-2482668953-label\">\n\t\t\t\n\n<p>Az AiviouVapes teljes k\u00f6r\u0171 ODM (eredeti tervez\u00e9s\u0171 gy\u00e1rt\u00e1s) \u00e9s OEM (eredeti berendez\u00e9sek gy\u00e1rt\u00e1sa) szolg\u00e1ltat\u00e1sokat k\u00edn\u00e1l. K\u00e9t nagy l\u00e9tes\u00edtm\u00e9ny\u00fcnkkel seg\u00edt\u00fcnk \u00fcgyfeleinknek egyedi term\u00e9keket \u00e9s szemet gy\u00f6ny\u00f6rk\u00f6dtet\u0151 log\u00f3kat tervezni a csomagol\u00e1shoz. Ingyenes csomagol\u00e1stervez\u00e9si \u00fatmutat\u00e1st is biztos\u00edtunk, \u00e9s t\u00e1mogatjuk azokat a v\u00e1s\u00e1rl\u00f3kat, akik saj\u00e1t maguk csomagolj\u00e1k term\u00e9keiket, \u00edgy biztos\u00edtva, hogy m\u00e1rk\u00e1juk ragyogjon a piacon.<\/p>\n\n\t\t<\/div>\n\t<\/div>\n\t\n\n<\/div>\n\n\t\t<\/div>\n\t\t\t\t\t<\/div>\n\n\t\n\n<\/div>","protected":false},"excerpt":{"rendered":"<p><strong>JNR Falcon 16000 Puffs <\/strong>Olyanok sz\u00e1m\u00e1ra k\u00e9sz\u00fclt, akik magasabb szint\u0171 vaping \u00e9lm\u00e9nyre v\u00e1gynak. Ak\u00e1r\u00a0<strong>16000 f\u00faj\u00e1s<\/strong>\u00a0egy nagylelk\u0171t\u0151l\u00a0<strong>22 ml e-liquid \u0171rtartalom<\/strong>Ez a k\u00e9sz\u00fcl\u00e9k leny\u0171g\u00f6z\u0151 hossz\u00fa \u00e9lettartamot biztos\u00edt, mik\u00f6zben egyenletes, sima \u00edzt biztos\u00edt.<\/p>","protected":false},"featured_media":25381,"comment_status":"open","ping_status":"closed","template":"","meta":[],"product_brand":[237],"product_cat":[221,127,90,78,117,81,76,134,135,133,136,137,146,138,139,140,141,142,143,144,145,79,132,82],"product_tag":[],"class_list":{"0":"post-25380","1":"product","2":"type-product","3":"status-publish","4":"has-post-thumbnail","6":"product_brand-jnr","7":"product_cat-jnr","8":"product_cat-16000-puffs-disposable-vape","9":"product_cat-big-puffs-vapes","10":"product_cat-crystal-vapes","11":"product_cat-different-puffs-of-diposable-vapes","12":"product_cat-digital-box-vapes","13":"product_cat-disposable-vape-types","14":"product_cat-disposable-vapes-in-austria","15":"product_cat-disposable-vapes-in-belgium","16":"product_cat-disposable-vapes-in-europe","17":"product_cat-disposable-vapes-in-france","18":"product_cat-disposable-vapes-in-germany","19":"product_cat-disposable-vapes-in-hungary","20":"product_cat-disposable-vapes-in-ltaly","21":"product_cat-disposable-vapes-in-netherlands","22":"product_cat-disposable-vapes-in-norway","23":"product_cat-disposable-vapes-in-poland","24":"product_cat-disposable-vapes-in-portugal","25":"product_cat-disposable-vapes-in-spain","26":"product_cat-disposable-vapes-in-sweden","27":"product_cat-disposable-vapes-in-switzerland","28":"product_cat-dual-mesh-vapes","29":"product_cat-rechargeable-vapes","30":"product_cat-smart-screen-vapes","32":"first","33":"instock","34":"shipping-taxable","35":"purchasable","36":"product-type-variable","37":"has-default-attributes"},"jetpack_sharing_enabled":true,"tiered_pricing_type":"fixed","tiered_pricing_fixed_rules":{"30":9.1400000000000005684341886080801486968994140625,"50":7.96999999999999975131004248396493494510650634765625,"100":7.19000000000000039079850466805510222911834716796875,"200":6.80999999999999960920149533194489777088165283203125,"400":6.21999999999999975131004248396493494510650634765625},"tiered_pricing_product_settings":{"layout":"default","base_unit_name":{"singular":null,"plural":null},"default_variation":null},"tiered_pricing_minimum_quantity":10,"tiered_pricing_roles_data":[],"tiered_pricing_percentage_rules":[],"tiered_pricing_maximum_quantity":null,"tiered_pricing_quantity_step":"10","_links":{"self":[{"href":"https:\/\/aiviouvapes.com\/hu\/wp-json\/wp\/v2\/product\/25380","targetHints":{"allow":["GET"]}}],"collection":[{"href":"https:\/\/aiviouvapes.com\/hu\/wp-json\/wp\/v2\/product"}],"about":[{"href":"https:\/\/aiviouvapes.com\/hu\/wp-json\/wp\/v2\/types\/product"}],"replies":[{"embeddable":true,"href":"https:\/\/aiviouvapes.com\/hu\/wp-json\/wp\/v2\/comments?post=25380"}],"wp:featuredmedia":[{"embeddable":true,"href":"https:\/\/aiviouvapes.com\/hu\/wp-json\/wp\/v2\/media\/25381"}],"wp:attachment":[{"href":"https:\/\/aiviouvapes.com\/hu\/wp-json\/wp\/v2\/media?parent=25380"}],"wp:term":[{"taxonomy":"product_brand","embeddable":true,"href":"https:\/\/aiviouvapes.com\/hu\/wp-json\/wp\/v2\/product_brand?post=25380"},{"taxonomy":"product_cat","embeddable":true,"href":"https:\/\/aiviouvapes.com\/hu\/wp-json\/wp\/v2\/product_cat?post=25380"},{"taxonomy":"product_tag","embeddable":true,"href":"https:\/\/aiviouvapes.com\/hu\/wp-json\/wp\/v2\/product_tag?post=25380"}],"curies":[{"name":"wp","href":"https:\/\/api.w.org\/{rel}","templated":true}]}}