{"id":24616,"date":"2024-11-09T14:42:54","date_gmt":"2024-11-09T06:42:54","guid":{"rendered":"https:\/\/aiviouvapes.com\/?post_type=product&#038;p=24616"},"modified":"2025-12-30T17:14:46","modified_gmt":"2025-12-30T09:14:46","slug":"mrvi-winning-30k-puffs-2-5-nicotine-rechargeable-bulk-buy-disposable-vape-wholesale","status":"publish","type":"product","link":"https:\/\/aiviouvapes.com\/hu\/product\/mrvi-winning-30k-puffs-2-5-nicotine-rechargeable-bulk-buy-disposable-vape-wholesale\/","title":{"rendered":"MRVI WINNING 30000 Puffs | 2%-5% nikotin, 35mL, 800mAh, \u00f6mlesztett eldobhat\u00f3 vape"},"content":{"rendered":"<p><iframe title=\"VideoPress vide\u00f3 lej\u00e1tsz\u00f3\" aria-label='VideoPress vide\u00f3 lej\u00e1tsz\u00f3' width='1020' height='574' src='https:\/\/videopress.com\/embed\/13e6MPsk?hd=0&amp;cover=1' frameborder='0' allowfullscreen allow='clipboard-write'><\/iframe><script src='https:\/\/v0.wordpress.com\/js\/next\/videopress-iframe.js?m=1739540970'><\/script><\/p>\n<h2><strong>MRVI WINNING 30K - 30,000 Puff eldobhat\u00f3 Vape<\/strong><\/h2>\n<p>Az MRVI WINNING 30K eldobhat\u00f3 vape verhetetlen g\u0151z\u00f6l\u00e9si \u00e9lm\u00e9nyt ny\u00fajt, \u00e9s ak\u00e1r hihetetlen\u00fcl sok, 30.000 slukkot biztos\u00edt. Fejlett technol\u00f3gi\u00e1ja biztos\u00edtja a hosszan tart\u00f3 \u00edz\u00e9lvezetet, \u00edgy t\u00f6k\u00e9letes mind az elk\u00f6telezett vaperek, mind a kezd\u0151k sz\u00e1m\u00e1ra.<\/p>\n<p>A nagyvonal\u00fa 35mL e-folyad\u00e9k kapacit\u00e1ssal \u00e9s 800mAh akkumul\u00e1torral tervezett MRVI WINNING 30K z\u00f6kken\u0151mentes, megszak\u00edt\u00e1s n\u00e9lk\u00fcli p\u00e1rologtat\u00e1si \u00e9lm\u00e9nyt \u00edg\u00e9r. Ez a karcs\u00fa, hordozhat\u00f3 k\u00e9sz\u00fcl\u00e9k k\u00f6nnyen elf\u00e9r a zseb\u00e9ben, \u00edgy ide\u00e1lis otthoni haszn\u00e1latra vagy \u00fatk\u00f6zbeni p\u00e1rologtat\u00e1sra.<\/p>\n<p>A pr\u00e9mium h\u00e1l\u00f3s tekercset tartalmaz\u00f3 MRVI WINNING 30K intenz\u00edv, kiel\u00e9g\u00edt\u0151 \u00edzt biztos\u00edt minden egyes slukkban. Testre szabhatja \u00e9lm\u00e9ny\u00e9t a k\u00e9t nikotiner\u0151ss\u00e9g-v\u00e1laszt\u00e9kkal - 2% \u00e9s 5% -, \u00e9s \u00e9lvezheti a gyors t\u00f6lt\u0151 C t\u00edpus\u00fa port k\u00e9nyelm\u00e9t a k\u00e9t \u00fcl\u00e9s k\u00f6z\u00f6tti minim\u00e1lis \u00e1ll\u00e1sid\u0151 \u00e9rdek\u00e9ben.<\/p>\n<h3>MRVI WINNING 30000 Puff Term\u00e9k kiemelked\u0151 jellemz\u0151i:<\/h3>\n<ul>\n<li><strong>Puff sz\u00e1m:<\/strong> Ak\u00e1r 30.000 puffan\u00e1s a hosszabb p\u00e1rologtat\u00e1si munkamenetekhez<\/li>\n<li><strong>E-folyad\u00e9k kapacit\u00e1s:<\/strong> 35mL a kevesebb \u00fajrat\u00f6lt\u00e9s\u00e9rt \u00e9s a t\u00f6bb g\u0151z\u00f6l\u00e9si id\u0151\u00e9rt<\/li>\n<li><strong>Akkumul\u00e1tor kapacit\u00e1s:<\/strong> 800mAh a hosszan tart\u00f3 teljes\u00edtm\u00e9ny\u00e9rt<\/li>\n<li><strong>Nikotin er\u0151ss\u00e9g:<\/strong> V\u00e1lasszon a 2% \u00e9s az 5% k\u00f6z\u00f6tt, hogy megfeleljen az \u00d6n preferenci\u00e1inak.<\/li>\n<li><strong>T\u00f6lt\u0151port:<\/strong> C-t\u00edpus\u00fa gyorst\u00f6lt\u00e9s a gyors felt\u00f6lt\u00e9sekhez<\/li>\n<li><strong>Mesh Coil technol\u00f3gia:<\/strong> Sima, egyenletes g\u0151z, fokozott \u00edzmin\u0151s\u00e9ggel<\/li>\n<\/ul>\n<h3>MRVI WINNING 30000 Puff El\u00e9rhet\u0151 \u00edzek:<\/h3>\n<p>\u00c1fonya g\u00f6r\u00f6gdinnye, cseresznye citrom, Blue Razz j\u00e9g, vegyes bogy\u00f3s gy\u00fcm\u00f6lcs\u00f6k, eper j\u00e9g, g\u00f6r\u00f6gdinnye j\u00e9g, l\u00e9d\u00fas barack, anan\u00e1sz mang\u00f3, sz\u0151l\u0151 j\u00e9g, savany\u00fa alma.<\/p>\n<p>Fedezze fel az izgalmas \u00edzek minden \u00edzl\u00e9st kiel\u00e9g\u00edt\u0151 v\u00e1laszt\u00e9k\u00e1t, a gy\u00fcm\u00f6lcs\u00f6s kedvencekt\u0151l, mint az \u00e1fony\u00e1s g\u00f6r\u00f6gdinnye \u00e9s a l\u00e9d\u00fas barack, a jeges lehet\u0151s\u00e9gekig, mint az eperj\u00e9g \u00e9s a sz\u0151l\u0151j\u00e9g. Minden \u00edz gondosan kidolgozott, hogy gazdag \u00e9s \u00e9lvezetes \u00e9lm\u00e9nyt ny\u00fajtson.<\/p>\n<h3>MRVI Nyerem\u00e9ny 30000 Puff T\u00f6meges \u00e9s egy\u00e9ni v\u00e1s\u00e1rl\u00e1si lehet\u0151s\u00e9g:<\/h3>\n<p>Az MRVI WINNING 30000 Puff t\u00f6k\u00e9letes v\u00e1laszt\u00e1s mindazok sz\u00e1m\u00e1ra, akik hossz\u00fa \u00e9lettartamra, min\u0151s\u00e9gre \u00e9s sz\u00e9les \u00edzv\u00e1laszt\u00e9kra v\u00e1gynak. Az ak\u00e1r 30 000 puffot, gyors Type-C t\u00f6lt\u00e9st \u00e9s megb\u00edzhat\u00f3 teljes\u00edtm\u00e9nyt k\u00edn\u00e1l\u00f3 pr\u00e9mium vape kiv\u00e9teles \u00e9rt\u00e9ket \u00e9s eml\u00e9kezetes \u00e9lm\u00e9nyt ny\u00fajt, ak\u00e1r \u00fczleti c\u00e9lokra v\u00e1s\u00e1rol nagy t\u00e9telben, ak\u00e1r egyenk\u00e9nt v\u00e1s\u00e1rolja meg szem\u00e9lyes \u00e9lvezet\u00e9re.<\/p>\n<h4>MRVI NYEREM\u00c9NY 30K puff | 2% 5% nikotin, 35 ml e-liquid, mesh tekercs, 800 mAh-s akkumul\u00e1tor, C t\u00edpus\u00fa \u00fajrat\u00f6lthet\u0151, ak\u00e1r 30 000 f\u00faj\u00e1s, t\u00f6meges v\u00e1s\u00e1rl\u00e1s eldobhat\u00f3 vape nagykereskedelmi<\/h4>\n<p><img data-recalc-dims=\"1\" loading=\"lazy\" decoding=\"async\" class=\"alignnone size-full wp-image-24620\" title=\"MRVI WINNING 30K Puffs 2% 5% Nikotin \u00fajrat\u00f6lthet\u0151 T\u00f6meges v\u00e1s\u00e1rl\u00e1s eldobhat\u00f3 Vape nagykereskedelem\" src=\"https:\/\/i0.wp.com\/aiviouvapes.com\/wp-content\/uploads\/2024\/11\/%E5%BE%AE%E4%BF%A1%E5%9B%BE%E7%89%87_20240924171847.jpg?resize=1020%2C1020&#038;ssl=1\" alt=\"MRVI WINNING 30K Puffs 2% 5% Nikotin \u00fajrat\u00f6lthet\u0151 T\u00f6meges v\u00e1s\u00e1rl\u00e1s eldobhat\u00f3 Vape nagykereskedelem\" width=\"1020\" height=\"1020\" srcset=\"https:\/\/i0.wp.com\/aiviouvapes.com\/wp-content\/uploads\/2024\/11\/%E5%BE%AE%E4%BF%A1%E5%9B%BE%E7%89%87_20240924171847.jpg?w=1600&amp;ssl=1 1600w, https:\/\/i0.wp.com\/aiviouvapes.com\/wp-content\/uploads\/2024\/11\/%E5%BE%AE%E4%BF%A1%E5%9B%BE%E7%89%87_20240924171847.jpg?resize=300%2C300&amp;ssl=1 300w, https:\/\/i0.wp.com\/aiviouvapes.com\/wp-content\/uploads\/2024\/11\/%E5%BE%AE%E4%BF%A1%E5%9B%BE%E7%89%87_20240924171847.jpg?resize=1024%2C1024&amp;ssl=1 1024w, https:\/\/i0.wp.com\/aiviouvapes.com\/wp-content\/uploads\/2024\/11\/%E5%BE%AE%E4%BF%A1%E5%9B%BE%E7%89%87_20240924171847.jpg?resize=150%2C150&amp;ssl=1 150w, https:\/\/i0.wp.com\/aiviouvapes.com\/wp-content\/uploads\/2024\/11\/%E5%BE%AE%E4%BF%A1%E5%9B%BE%E7%89%87_20240924171847.jpg?resize=768%2C768&amp;ssl=1 768w, https:\/\/i0.wp.com\/aiviouvapes.com\/wp-content\/uploads\/2024\/11\/%E5%BE%AE%E4%BF%A1%E5%9B%BE%E7%89%87_20240924171847.jpg?resize=1536%2C1536&amp;ssl=1 1536w, https:\/\/i0.wp.com\/aiviouvapes.com\/wp-content\/uploads\/2024\/11\/%E5%BE%AE%E4%BF%A1%E5%9B%BE%E7%89%87_20240924171847.jpg?resize=12%2C12&amp;ssl=1 12w, https:\/\/i0.wp.com\/aiviouvapes.com\/wp-content\/uploads\/2024\/11\/%E5%BE%AE%E4%BF%A1%E5%9B%BE%E7%89%87_20240924171847.jpg?resize=800%2C800&amp;ssl=1 800w, https:\/\/i0.wp.com\/aiviouvapes.com\/wp-content\/uploads\/2024\/11\/%E5%BE%AE%E4%BF%A1%E5%9B%BE%E7%89%87_20240924171847.jpg?resize=100%2C100&amp;ssl=1 100w\" sizes=\"auto, (max-width: 1020px) 100vw, 1020px\" \/><\/p>\n<p>&nbsp;<\/p>","protected":false},"excerpt":{"rendered":"<p>Az MRVI NYERTES 30K eldobhat\u00f3 vape ak\u00e1r 30 000 bef\u00faj\u00e1st k\u00edn\u00e1l 35 ml-es e-folyad\u00e9k kapacit\u00e1ssal \u00e9s 800 mAh-s akkumul\u00e1torral a hosszabb, sima g\u0151z\u00f6l\u00e9s \u00e9rdek\u00e9ben. H\u00e1l\u00f3s tekercs\u00e9nek, gyors C-t\u00edpus\u00fa t\u00f6lt\u00e9s\u00e9nek \u00e9s k\u00fcl\u00f6nf\u00e9le \u00edzeinek k\u00f6sz\u00f6nhet\u0151en t\u00f6k\u00e9letes mind az alkalmi, mind a f\u0171szeres g\u0151z\u00f6l\u0151kh\u00f6z.<\/p>","protected":false},"featured_media":24621,"comment_status":"open","ping_status":"closed","template":"","meta":[],"product_brand":[229],"product_cat":[33,131,320,90,117,81,76,134,135,133,136,137,146,138,139,140,141,142,143,144,145,79,132,82],"product_tag":[],"class_list":{"0":"post-24616","1":"product","2":"type-product","3":"status-publish","4":"has-post-thumbnail","6":"product_brand-mrvi","7":"product_cat-mrvi","8":"product_cat-30000-puffs-disposable-vape","9":"product_cat-best-disposable-vapes","10":"product_cat-big-puffs-vapes","11":"product_cat-different-puffs-of-diposable-vapes","12":"product_cat-digital-box-vapes","13":"product_cat-disposable-vape-types","14":"product_cat-disposable-vapes-in-austria","15":"product_cat-disposable-vapes-in-belgium","16":"product_cat-disposable-vapes-in-europe","17":"product_cat-disposable-vapes-in-france","18":"product_cat-disposable-vapes-in-germany","19":"product_cat-disposable-vapes-in-hungary","20":"product_cat-disposable-vapes-in-ltaly","21":"product_cat-disposable-vapes-in-netherlands","22":"product_cat-disposable-vapes-in-norway","23":"product_cat-disposable-vapes-in-poland","24":"product_cat-disposable-vapes-in-portugal","25":"product_cat-disposable-vapes-in-spain","26":"product_cat-disposable-vapes-in-sweden","27":"product_cat-disposable-vapes-in-switzerland","28":"product_cat-dual-mesh-vapes","29":"product_cat-rechargeable-vapes","30":"product_cat-smart-screen-vapes","32":"first","33":"instock","34":"shipping-taxable","35":"purchasable","36":"product-type-variable","37":"has-default-attributes"},"jetpack_sharing_enabled":true,"tiered_pricing_type":"fixed","tiered_pricing_fixed_rules":[],"tiered_pricing_product_settings":{"layout":"default","base_unit_name":{"singular":null,"plural":null},"default_variation":null},"tiered_pricing_minimum_quantity":1000,"tiered_pricing_roles_data":[],"tiered_pricing_percentage_rules":[],"tiered_pricing_maximum_quantity":null,"tiered_pricing_quantity_step":"10","_links":{"self":[{"href":"https:\/\/aiviouvapes.com\/hu\/wp-json\/wp\/v2\/product\/24616","targetHints":{"allow":["GET"]}}],"collection":[{"href":"https:\/\/aiviouvapes.com\/hu\/wp-json\/wp\/v2\/product"}],"about":[{"href":"https:\/\/aiviouvapes.com\/hu\/wp-json\/wp\/v2\/types\/product"}],"replies":[{"embeddable":true,"href":"https:\/\/aiviouvapes.com\/hu\/wp-json\/wp\/v2\/comments?post=24616"}],"wp:featuredmedia":[{"embeddable":true,"href":"https:\/\/aiviouvapes.com\/hu\/wp-json\/wp\/v2\/media\/24621"}],"wp:attachment":[{"href":"https:\/\/aiviouvapes.com\/hu\/wp-json\/wp\/v2\/media?parent=24616"}],"wp:term":[{"taxonomy":"product_brand","embeddable":true,"href":"https:\/\/aiviouvapes.com\/hu\/wp-json\/wp\/v2\/product_brand?post=24616"},{"taxonomy":"product_cat","embeddable":true,"href":"https:\/\/aiviouvapes.com\/hu\/wp-json\/wp\/v2\/product_cat?post=24616"},{"taxonomy":"product_tag","embeddable":true,"href":"https:\/\/aiviouvapes.com\/hu\/wp-json\/wp\/v2\/product_tag?post=24616"}],"curies":[{"name":"wp","href":"https:\/\/api.w.org\/{rel}","templated":true}]}}