{"id":2138,"date":"2024-08-17T14:51:39","date_gmt":"2024-08-17T06:51:39","guid":{"rendered":"https:\/\/aiviouvapes.com\/?post_type=product&#038;p=2138"},"modified":"2025-08-06T15:06:18","modified_gmt":"2025-08-06T07:06:18","slug":"mrvi-dragon-13000-puffs","status":"publish","type":"product","link":"https:\/\/aiviouvapes.com\/hu\/product\/mrvi-dragon-13000-puffs\/","title":{"rendered":"MRVI Dragon 13000 Puffs | 2%-5% nikotin, 20mL, dual mesh, dual mode, bulk vape"},"content":{"rendered":"<h2>MRVI Dragon 13000 puff | 2% 5% nikotin, 20 ml e-liquid, dual mesh tekercs, kett\u0151s \u00fczemm\u00f3d, C t\u00edpus\u00fa \u00fajrat\u00f6lthet\u0151, t\u00f6meges v\u00e1s\u00e1rl\u00e1s eldobhat\u00f3 vape nagykereskedelmi<\/h2>\n<h3>MRVI Dragon 13000 Puffs \u00c1ttekint\u00e9s \u00e9s jellemz\u0151k<\/h3>\n<p>Az MRVI Dragon 13000 Puffs egyes\u00edti a kiv\u00e1l\u00f3 m\u00e9rn\u00f6ki tud\u00e1st \u00e9s a k\u00e9nyelmet, ak\u00e1r 13 000 puffot \u00e9s nagyvonal\u00fa 20 ml e-folyad\u00e9k kapacit\u00e1st k\u00edn\u00e1l a minim\u00e1lis \u00fajrat\u00f6lt\u00e9s \u00e9s a folyamatos \u00e9lvezet \u00e9rdek\u00e9ben. A 650mAh-s akkumul\u00e1tor t\u00e1mogatja a hosszabb \u00fcl\u00e9seket, \u00e9s C t\u00edpus\u00fa t\u00f6lt\u0151porttal rendelkezik a gyors felt\u00f6lt\u00e9shez, minimaliz\u00e1lva az \u00e1ll\u00e1sid\u0151t. A kett\u0151s h\u00e1l\u00f3s tekercs kialak\u00edt\u00e1ssal ez a k\u00e9sz\u00fcl\u00e9k fokozza mind az \u00edzt, mind a g\u0151ztermel\u00e9st, gazdag \u00e9s egyenletes \u00e9lm\u00e9nyt ny\u00fajtva. Az MRVI Dragon 2% \u00e9s 5% nikotiner\u0151ss\u00e9gben kaphat\u00f3, \u00edgy az MRVI Dragon a k\u00fcl\u00f6nb\u00f6z\u0151 preferenci\u00e1knak megfelel, \u00e9s minden egyes slukkol\u00e1ssal kiel\u00e9g\u00edt\u0151 tal\u00e1latot biztos\u00edt.<\/p>\n<ul>\n<li><strong>Ak\u00e1r 13,000 puff<\/strong>: Hossz\u00fa ideig tart\u00f3 \u00e9lvezetet \u00e9s kiv\u00e1l\u00f3 \u00e9rt\u00e9ket biztos\u00edt.<\/li>\n<li><strong>20ml E-folyad\u00e9k kapacit\u00e1s<\/strong>: Cs\u00f6kkenti az ut\u00e1nt\u00f6lt\u00e9s gyakoris\u00e1g\u00e1t, ide\u00e1lis hosszabb haszn\u00e1lat eset\u00e9n.<\/li>\n<li><strong>650mAh akkumul\u00e1tor<\/strong>: Megb\u00edzhat\u00f3 energiaell\u00e1t\u00e1s gyors C t\u00edpus\u00fa \u00fajrat\u00f6lt\u00e9ssel a k\u00e9nyelem \u00e9rdek\u00e9ben.<\/li>\n<li><strong>Dual Mesh tekercs<\/strong>: Sima, \u00edzletes g\u0151zt biztos\u00edt minden egyes slukkol\u00e1ssal.<\/li>\n<li><strong>Kett\u0151s \u00fczemm\u00f3d<\/strong>: Rendszeres \u00e9s impulzus \u00fczemm\u00f3dot k\u00edn\u00e1l a szem\u00e9lyre szabott p\u00e1rologtat\u00e1si \u00e9lm\u00e9ny \u00e9rdek\u00e9ben.<\/li>\n<\/ul>\n<h3>MRVI Dragon 13000 Puffs \u00edzek rakt\u00e1ron:<\/h3>\n<p>Eper-mang\u00f3, vegyes bogy\u00f3s gy\u00fcm\u00f6lcs\u00f6k, sz\u0151l\u0151 j\u00e9g, \u00e1fonya j\u00e9g, cseresznye j\u00e9g, g\u00f6r\u00f6gdinnye j\u00e9g, eper j\u00e9g, Blue Razz j\u00e9g, barack j\u00e9g, \u00e1fonya g\u00f6r\u00f6gdinnye.<\/p>\n<h3>Mi\u00e9rt v\u00e1lassza az MRVI Dragon 13000 Puffot?<\/h3>\n<p>Az MRVI Dragon 13000 Puffs egyes\u00edti a nagy puffkapacit\u00e1st, a v\u00e1ltozatos \u00edzeket \u00e9s a fejlett kett\u0151s h\u00e1l\u00f3s tekercs technol\u00f3gi\u00e1t, \u00edgy t\u00f6k\u00e9letes az \u00edzeket, a k\u00e9nyelmet \u00e9s a hossz\u00fa \u00e9lettartamot \u00e9rt\u00e9kel\u0151 p\u00e1rol\u00f3k sz\u00e1m\u00e1ra. Kompakt kialak\u00edt\u00e1sa, k\u00e9t \u00fczemm\u00f3d\u00fa funkcionalit\u00e1sa \u00e9s gyors \u00fajrat\u00f6lt\u00e9se ide\u00e1lisv\u00e1 teszi az \u00fatk\u00f6zbeni haszn\u00e1latra. Nagykereskedelemben kaphat\u00f3, ez a k\u00e9sz\u00fcl\u00e9k kiv\u00e1l\u00f3 lehet\u0151s\u00e9g a kiskeresked\u0151k sz\u00e1m\u00e1ra, akik pr\u00e9mium kateg\u00f3ri\u00e1s, nagy kapacit\u00e1s\u00fa vape-ot k\u00edv\u00e1nnak k\u00edn\u00e1lni. Az MRVI Dragon 13000 Puffs kiel\u00e9g\u00edt\u0151, testre szabhat\u00f3 \u00e9lm\u00e9nyt ny\u00fajt minden egyes haszn\u00e1lat sor\u00e1n, \u00edgy kiv\u00e9teles v\u00e1laszt\u00e1s lehet mind az \u00faj, mind a tapasztalt felhaszn\u00e1l\u00f3k sz\u00e1m\u00e1ra.<\/p>\n<h3>Mi\u00e9rt v\u00e1lassza az AiviouVapes-t?<\/h3>\n<p>\u00dcdv\u00f6z\u00f6lj\u00fck a <a href=\"https:\/\/aiviouvapes.com\/hu\/\">AiviouVapes<\/a> - az \u00d6n megb\u00edzhat\u00f3 forr\u00e1sa a pr\u00e9mium, megfizethet\u0151 <a href=\"https:\/\/aiviouvapes.com\/hu\/shop\/\">nagykereskedelmi eldobhat\u00f3 vapes<\/a> igaz\u00e1n alacsony \u00e1ron. T\u00f6bb mint \u00f6t\u00e9ves tapasztalattal a vape iparban, b\u00fcszk\u00e9n k\u00edn\u00e1lunk k\u00e9zzel v\u00e1logatott v\u00e1logat\u00e1st a vezet\u0151 m\u00e1rk\u00e1kb\u00f3l, bele\u00e9rtve a k\u00f6vetkez\u0151ket is <a href=\"https:\/\/aiviouvapes.com\/hu\/termekkategoria\/waspe\/\">WASPE<\/a>, <a href=\"https:\/\/aiviouvapes.com\/hu\/termekkategoria\/bang\/\">Bang Vape<\/a>, <a href=\"https:\/\/aiviouvapes.com\/hu\/termekkategoria\/vapme-vapes\/\">Vapme<\/a>, \u00e9s <a href=\"https:\/\/aiviouvapes.com\/hu\/termekkategoria\/mrvi\/\">MRVI<\/a>.<\/p>\n<p>Az olyan magas puffaszt\u00e1s\u00fa k\u00e9sz\u00fcl\u00e9kekt\u0151l, mint a <a href=\"https:\/\/aiviouvapes.com\/hu\/termek\/waspe-4-in-1-100000-puffs\/\">WASPE 100K 4 az 1-ben \u00cdzes\u00edt\u00e9s<\/a> a mer\u00e9sz kedvencekhez, mint p\u00e9ld\u00e1ul a <a href=\"https:\/\/aiviouvapes.com\/hu\/termek\/bang-king-triple-flavors-85000\/\">Bang 85,000 Triple Puff<\/a>, \u00e9s m\u00e9g az izgalmas <a class=\"woocommerce-LoopProduct-link woocommerce-loop-product__link\" href=\"https:\/\/aiviouvapes.com\/hu\/termek\/mystery-vape-blind-box\/\">Rejt\u00e9lyes eldobhat\u00f3 Vape doboz<\/a>, minden term\u00e9ket a kiv\u00e1l\u00f3 min\u0151s\u00e9g \u00e9s a verhetetlen \u00e9rt\u00e9k alapj\u00e1n v\u00e1lasztunk ki. Az AiviouVapes-n\u00e9l nagyszer\u0171 kiszolg\u00e1l\u00e1st, nagykereskedelmi megtakar\u00edt\u00e1sokat \u00e9s egy olyan kollekci\u00f3t \u00e9lvezhet, amelyet \u00fagy terveztek, hogy megfeleljen az \u00d6n vaping ig\u00e9nyeinek.<\/p>\n<div class=\"row row-large row-full-width align-middle\"  id=\"row-84902811\">\n\n\n\t<div id=\"col-40480014\" class=\"col medium-3 small-6 large-3\"  >\n\t\t\t\t<div class=\"col-inner text-center\"  >\n\t\t\t\n\t\t\t\n\n\n\t\t<div class=\"icon-box featured-box icon-box-top text-left\"  >\n\t\t\t\t\t<div class=\"icon-box-img\" style=\"width: 90px\">\n\t\t\t\t<div class=\"icon\">\n\t\t\t\t\t<div class=\"icon-inner\" >\n\t\t\t\t\t\t<img loading=\"lazy\" decoding=\"async\" width=\"200\" height=\"200\" src=\"https:\/\/i0.wp.com\/aiviouvapes.com\/wp-content\/uploads\/2024\/08\/vape-1-1.png?fit=200%2C200&amp;ssl=1\" class=\"attachment-medium size-medium\" alt=\"Mi\u00e9rt v\u00e1lassza az AIVIOUVAPES-t\" srcset=\"https:\/\/i0.wp.com\/aiviouvapes.com\/wp-content\/uploads\/2024\/08\/vape-1-1.png?w=200&amp;ssl=1 200w, https:\/\/i0.wp.com\/aiviouvapes.com\/wp-content\/uploads\/2024\/08\/vape-1-1.png?resize=150%2C150&amp;ssl=1 150w, https:\/\/i0.wp.com\/aiviouvapes.com\/wp-content\/uploads\/2024\/08\/vape-1-1.png?resize=12%2C12&amp;ssl=1 12w, https:\/\/i0.wp.com\/aiviouvapes.com\/wp-content\/uploads\/2024\/08\/vape-1-1.png?resize=100%2C100&amp;ssl=1 100w\" sizes=\"auto, (max-width: 200px) 100vw, 200px\" title=\"\">\t\t\t\t\t<\/div>\n\t\t\t\t<\/div>\n\t\t\t<\/div>\n\t\t\t\t<div class=\"icon-box-text last-reset\">\n\t\t\t\t\t\t\t\t\t\n\n\t<div id=\"text-268066721\" class=\"text\">\n\t\t\n\n<h3 style=\"text-align: center;\">Sz\u00e9les Vape fajta<\/h3>\n<p style=\"text-align: center;\">Fedezze fel sz\u00e9les term\u00e9ksk\u00e1l\u00e1nkat, amelyeket minden ig\u00e9nynek megfelel\u0151en alak\u00edtottunk ki.<\/p>\n\t\t\n<style>\n#text-268066721 {\n  font-size: 0.9rem;\n}\n<\/style>\n\t<\/div>\n\t\n\n\t\t<\/div>\n\t<\/div>\n\t\n\t\n\n\t\t<\/div>\n\t\t\t\t\t<\/div>\n\n\t\n\n\t<div id=\"col-844100376\" class=\"col medium-3 small-6 large-3\"  >\n\t\t\t\t<div class=\"col-inner text-center\"  >\n\t\t\t\n\t\t\t\n\n\n\t\t<div class=\"icon-box featured-box icon-box-top text-left\"  >\n\t\t\t\t\t<div class=\"icon-box-img\" style=\"width: 90px\">\n\t\t\t\t<div class=\"icon\">\n\t\t\t\t\t<div class=\"icon-inner\" >\n\t\t\t\t\t\t<img loading=\"lazy\" decoding=\"async\" width=\"200\" height=\"200\" src=\"https:\/\/i0.wp.com\/aiviouvapes.com\/wp-content\/uploads\/2024\/08\/save-money-1-1-1.png?fit=200%2C200&amp;ssl=1\" class=\"attachment-medium size-medium\" alt=\"Mi\u00e9rt v\u00e1lassza az AIVIOUVAPES-t\" srcset=\"https:\/\/i0.wp.com\/aiviouvapes.com\/wp-content\/uploads\/2024\/08\/save-money-1-1-1.png?w=200&amp;ssl=1 200w, https:\/\/i0.wp.com\/aiviouvapes.com\/wp-content\/uploads\/2024\/08\/save-money-1-1-1.png?resize=150%2C150&amp;ssl=1 150w, https:\/\/i0.wp.com\/aiviouvapes.com\/wp-content\/uploads\/2024\/08\/save-money-1-1-1.png?resize=12%2C12&amp;ssl=1 12w, https:\/\/i0.wp.com\/aiviouvapes.com\/wp-content\/uploads\/2024\/08\/save-money-1-1-1.png?resize=100%2C100&amp;ssl=1 100w\" sizes=\"auto, (max-width: 200px) 100vw, 200px\" title=\"\">\t\t\t\t\t<\/div>\n\t\t\t\t<\/div>\n\t\t\t<\/div>\n\t\t\t\t<div class=\"icon-box-text last-reset\">\n\t\t\t\t\t\t\t\t\t\n\n\t<div id=\"text-798492821\" class=\"text\">\n\t\t\n\n<h3 style=\"text-align: center;\">Verhetetlen \u00e9rt\u00e9k<\/h3>\n<p style=\"text-align: center;\">\u00c9lvezze a kiv\u00e1l\u00f3 min\u0151s\u00e9g\u0171 term\u00e9keket a k\u00f6lts\u00e9gvet\u00e9s\u00e9nek megfelel\u0151 \u00e1ron.<\/p>\n\t\t\n<style>\n#text-798492821 {\n  font-size: 0.9rem;\n}\n<\/style>\n\t<\/div>\n\t\n\n\t\t<\/div>\n\t<\/div>\n\t\n\t\n\n\t\t<\/div>\n\t\t\t\t\t<\/div>\n\n\t\n\n\t<div id=\"col-1424780901\" class=\"col medium-3 small-6 large-3\"  >\n\t\t\t\t<div class=\"col-inner text-center\"  >\n\t\t\t\n\t\t\t\n\n\n\t\t<div class=\"icon-box featured-box icon-box-top text-left\"  >\n\t\t\t\t\t<div class=\"icon-box-img\" style=\"width: 90px\">\n\t\t\t\t<div class=\"icon\">\n\t\t\t\t\t<div class=\"icon-inner\" >\n\t\t\t\t\t\t<img loading=\"lazy\" decoding=\"async\" width=\"200\" height=\"200\" src=\"https:\/\/i0.wp.com\/aiviouvapes.com\/wp-content\/uploads\/2024\/08\/delivery-truck-1-1.png?fit=200%2C200&amp;ssl=1\" class=\"attachment-medium size-medium\" alt=\"Mi\u00e9rt v\u00e1lassza az AIVIOUVAPES-t\" srcset=\"https:\/\/i0.wp.com\/aiviouvapes.com\/wp-content\/uploads\/2024\/08\/delivery-truck-1-1.png?w=200&amp;ssl=1 200w, https:\/\/i0.wp.com\/aiviouvapes.com\/wp-content\/uploads\/2024\/08\/delivery-truck-1-1.png?resize=150%2C150&amp;ssl=1 150w, https:\/\/i0.wp.com\/aiviouvapes.com\/wp-content\/uploads\/2024\/08\/delivery-truck-1-1.png?resize=12%2C12&amp;ssl=1 12w, https:\/\/i0.wp.com\/aiviouvapes.com\/wp-content\/uploads\/2024\/08\/delivery-truck-1-1.png?resize=100%2C100&amp;ssl=1 100w\" sizes=\"auto, (max-width: 200px) 100vw, 200px\" title=\"\">\t\t\t\t\t<\/div>\n\t\t\t\t<\/div>\n\t\t\t<\/div>\n\t\t\t\t<div class=\"icon-box-text last-reset\">\n\t\t\t\t\t\t\t\t\t\n\n\t<div id=\"text-3760924655\" class=\"text\">\n\t\t\n\n<h3 style=\"text-align: center;\">Swift glob\u00e1lis sz\u00e1ll\u00edt\u00e1s<\/h3>\n<p style=\"text-align: center;\">Garant\u00e1lt v\u00e1mkezel\u00e9ssel sz\u00e1ll\u00edtunk vil\u00e1gszerte a z\u00f6kken\u0151mentes \u00e9lm\u00e9ny \u00e9rdek\u00e9ben.<\/p>\n\t\t\n<style>\n#text-3760924655 {\n  font-size: 0.9rem;\n}\n<\/style>\n\t<\/div>\n\t\n\n\t\t<\/div>\n\t<\/div>\n\t\n\t\n\n\t\t<\/div>\n\t\t\t\t\t<\/div>\n\n\t\n\n\t<div id=\"col-968747101\" class=\"col medium-3 small-6 large-3\"  >\n\t\t\t\t<div class=\"col-inner text-center\"  >\n\t\t\t\n\t\t\t\n\n\n\t\t<div class=\"icon-box featured-box icon-box-top text-left\"  >\n\t\t\t\t\t<div class=\"icon-box-img\" style=\"width: 90px\">\n\t\t\t\t<div class=\"icon\">\n\t\t\t\t\t<div class=\"icon-inner\" >\n\t\t\t\t\t\t<img loading=\"lazy\" decoding=\"async\" width=\"200\" height=\"200\" src=\"https:\/\/i0.wp.com\/aiviouvapes.com\/wp-content\/uploads\/2024\/08\/support-1-1.png?fit=200%2C200&amp;ssl=1\" class=\"attachment-medium size-medium\" alt=\"Mi\u00e9rt v\u00e1lassza az AIVIOUVAPES-t\" srcset=\"https:\/\/i0.wp.com\/aiviouvapes.com\/wp-content\/uploads\/2024\/08\/support-1-1.png?w=200&amp;ssl=1 200w, https:\/\/i0.wp.com\/aiviouvapes.com\/wp-content\/uploads\/2024\/08\/support-1-1.png?resize=150%2C150&amp;ssl=1 150w, https:\/\/i0.wp.com\/aiviouvapes.com\/wp-content\/uploads\/2024\/08\/support-1-1.png?resize=12%2C12&amp;ssl=1 12w, https:\/\/i0.wp.com\/aiviouvapes.com\/wp-content\/uploads\/2024\/08\/support-1-1.png?resize=100%2C100&amp;ssl=1 100w\" sizes=\"auto, (max-width: 200px) 100vw, 200px\" title=\"\">\t\t\t\t\t<\/div>\n\t\t\t\t<\/div>\n\t\t\t<\/div>\n\t\t\t\t<div class=\"icon-box-text last-reset\">\n\t\t\t\t\t\t\t\t\t\n\n\t<div id=\"text-3992229308\" class=\"text\">\n\t\t\n\n<h3 style=\"text-align: center;\">\u00c9jjel-nappali seg\u00edts\u00e9gny\u00fajt\u00e1s<\/h3>\n<p style=\"text-align: center;\">B\u00e1rmikor, \u00e9jjel-nappal el\u00e9rheti \u00fcgyf\u00e9lszolg\u00e1latunkat WhatsApp-on vagy e-mailben.<\/p>\n\t\t\n<style>\n#text-3992229308 {\n  font-size: 0.9rem;\n}\n<\/style>\n\t<\/div>\n\t\n\n\t\t<\/div>\n\t<\/div>\n\t\n\t\n\n\t\t<\/div>\n\t\t\t\t\t<\/div>\n\n\t\n\n<\/div>\n<div class=\"row row-full-width align-middle\"  id=\"row-681869271\">\n\n\n\t<div id=\"col-204063843\" class=\"col medium-6 small-12 large-6\"  >\n\t\t\t\t<div class=\"col-inner\"  >\n\t\t\t\n\t\t\t\n\n\t<div class=\"img has-hover x md-x lg-x y md-y lg-y\" id=\"image_49431270\">\n\t\t\t\t\t\t\t\t<div class=\"img-inner dark\" >\n\t\t\t<img loading=\"lazy\" decoding=\"async\" width=\"930\" height=\"1024\" src=\"https:\/\/i0.wp.com\/aiviouvapes.com\/wp-content\/uploads\/2024\/08\/%E6%8B%BC%E5%9B%BE.jpg?fit=930%2C1024&amp;ssl=1\" class=\"attachment-large size-large\" alt=\"Mi\u00e9rt v\u00e1lassza az AIVIOUVAPES-t\" title=\"\">\t\t\t\t\t\t\n\t\t\t\t\t<\/div>\n\t\t\t\t\t\t\t\t\n<style>\n#image_49431270 {\n  width: 100%;\n}\n<\/style>\n\t<\/div>\n\t\n\n\n\t\t<\/div>\n\t\t\t\t\t<\/div>\n\n\t\n\n\t<div id=\"col-3789471\" class=\"col medium-6 small-12 large-6\"  >\n\t\t\t\t<div class=\"col-inner\"  >\n\t\t\t\n\t\t\t\n\n<div class=\"container section-title-container\" ><h4 class=\"section-title section-title-normal\"><b aria-hidden=\"true\"><\/b><span class=\"section-title-main\" style=\"font-size:91%;\">El\u0151nyeink<\/span><b aria-hidden=\"true\"><\/b><\/h4><\/div>\n\n<div class=\"accordion\">\n\n\t<div id=\"accordion-4269642133\" class=\"accordion-item\">\n\t\t<a id=\"accordion-4269642133-label\" class=\"accordion-title plain\" href=\"#accordion-item-commitment-to-quality\" aria-expanded=\"false\" aria-controls=\"accordion-4269642133-content\">\n\t\t\t<button class=\"toggle\" aria-label=\"Toggle\"><i class=\"icon-angle-down\" aria-hidden=\"true\"><\/i><\/button>\n\t\t\t<span>Elk\u00f6telezetts\u00e9g a min\u0151s\u00e9g ir\u00e1nt<\/span>\n\t\t<\/a>\n\t\t<div id=\"accordion-4269642133-content\" class=\"accordion-inner\" aria-labelledby=\"accordion-4269642133-label\">\n\t\t\t\n\n<p>-n\u00e1l <a href=\"https:\/\/aiviouvapes.com\/hu\/\">AiviouVape<\/a>, a min\u0151s\u00e9g mindent megtesz, amit csin\u00e1lunk. Eldobhat\u00f3 g\u0151z\u00f6l\u0151ink apr\u00f3l\u00e9kosan kidolgozottak \u00e9s szigor\u00faan teszteltek, hogy megfeleljenek a legszigor\u00fabb szabv\u00e1nyoknak is, \u00edgy minden alkalommal egyenletes, megb\u00edzhat\u00f3 g\u0151z\u00f6l\u00e9st biztos\u00edtanak. A nulla hiba \u00e9s panaszmentess\u00e9g ir\u00e1nti elk\u00f6telezetts\u00e9g\u00fcnkkel b\u00edzhat abban, hogy a legjobbat kapja.<\/p>\n\n\t\t<\/div>\n\t<\/div>\n\t\n\t<div id=\"accordion-2732468005\" class=\"accordion-item\">\n\t\t<a id=\"accordion-2732468005-label\" class=\"accordion-title plain\" href=\"#accordion-item-diverse-range-of-products\" aria-expanded=\"false\" aria-controls=\"accordion-2732468005-content\">\n\t\t\t<button class=\"toggle\" aria-label=\"Toggle\"><i class=\"icon-angle-down\" aria-hidden=\"true\"><\/i><\/button>\n\t\t\t<span>Soksz\u00edn\u0171 term\u00e9kv\u00e1laszt\u00e9k<\/span>\n\t\t<\/a>\n\t\t<div id=\"accordion-2732468005-content\" class=\"accordion-inner\" aria-labelledby=\"accordion-2732468005-label\">\n\t\t\t\n\n<p>B\u00fcszk\u00e9k vagyunk arra, hogy pr\u00e9mium eldobhat\u00f3 p\u00e1rologtat\u00f3k sz\u00e9les v\u00e1laszt\u00e9k\u00e1t k\u00edn\u00e1ljuk, hogy minden preferenci\u00e1nak megfeleljen. A leg\u00fajabb innov\u00e1ci\u00f3kt\u00f3l a r\u00e9gi rajong\u00f3i kedvencekig, v\u00e1laszt\u00e9kunkban olyan megb\u00edzhat\u00f3 m\u00e1rk\u00e1k tal\u00e1lhat\u00f3k, mint a Waspe, Vapme, RandM Tornado, Bang Box, ELF Box \u00e9s Bang King. Ak\u00e1r a Vapme mer\u00e9sz \u00edzvil\u00e1g\u00e1t, ak\u00e1r a RandM Tornado eleg\u00e1ns diz\u00e1jnj\u00e1t keresi, kollekci\u00f3nkat \u00fagy alak\u00edtottuk ki, hogy seg\u00edts\u00fcnk felfedezni az \u00edzl\u00e9s\u00e9nek \u00e9s \u00e9letst\u00edlus\u00e1nak megfelel\u0151 t\u00f6k\u00e9letes vape-t.<\/p>\n\n\n\t\t<\/div>\n\t<\/div>\n\t\n\t<div id=\"accordion-2881723926\" class=\"accordion-item\">\n\t\t<a id=\"accordion-2881723926-label\" class=\"accordion-title plain\" href=\"#accordion-item-wholesale-and-retail-solutions\" aria-expanded=\"false\" aria-controls=\"accordion-2881723926-content\">\n\t\t\t<button class=\"toggle\" aria-label=\"Toggle\"><i class=\"icon-angle-down\" aria-hidden=\"true\"><\/i><\/button>\n\t\t\t<span>Nagy- \u00e9s kiskereskedelmi megold\u00e1sok<\/span>\n\t\t<\/a>\n\t\t<div id=\"accordion-2881723926-content\" class=\"accordion-inner\" aria-labelledby=\"accordion-2881723926-label\">\n\t\t\t\n\n<p>Az AiviouVape mind a lakoss\u00e1gi, mind a nagykereskedelmi \u00fcgyfelek ig\u00e9nyeit kiel\u00e9g\u00edti, \u00e9s minden alkalommal kiv\u00e9teles term\u00e9keket \u00e9s szolg\u00e1ltat\u00e1sokat k\u00edn\u00e1l. Ha \u00d6n m\u00e9g \u00faj n\u00e1lunk, javasoljuk, hogy kezdjen egy kis adaggal, hogy saj\u00e1t b\u0151r\u00e9n tapasztalja meg min\u0151s\u00e9g\u00fcnket. Versenyk\u00e9pes \u00e1rakkal \u00e9s pr\u00e9mium szabv\u00e1nyokkal mi vagyunk a megb\u00edzhat\u00f3 v\u00e1laszt\u00e1s az eldobhat\u00f3 vape-iparban.\u00a0<\/p>\n\n\t\t<\/div>\n\t<\/div>\n\t\n\t<div id=\"accordion-865031530\" class=\"accordion-item\">\n\t\t<a id=\"accordion-865031530-label\" class=\"accordion-title plain\" href=\"#accordion-item-continuous-improvement\" aria-expanded=\"false\" aria-controls=\"accordion-865031530-content\">\n\t\t\t<button class=\"toggle\" aria-label=\"Toggle\"><i class=\"icon-angle-down\" aria-hidden=\"true\"><\/i><\/button>\n\t\t\t<span>Folyamatos fejleszt\u00e9s<\/span>\n\t\t<\/a>\n\t\t<div id=\"accordion-865031530-content\" class=\"accordion-inner\" aria-labelledby=\"accordion-865031530-label\">\n\t\t\t\n\n<p>Ami az AiviouVape-ot megk\u00fcl\u00f6nb\u00f6zteti, az a kiv\u00e9teles \u00fcgyf\u00e9lszolg\u00e1lat ir\u00e1nti elk\u00f6telezetts\u00e9g\u00fcnk. Ak\u00e1r tan\u00e1csra van sz\u00fcks\u00e9ge v\u00e1s\u00e1rl\u00e1s el\u0151tt, ak\u00e1r seg\u00edts\u00e9gre van sz\u00fcks\u00e9ge a megrendel\u00e9shez, csapatunk mindig el\u00e9rhet\u0151 WhatsApp-on vagy e-mailben. Arra t\u00f6reksz\u00fcnk, hogy \u00fcgyfeleinkkel tart\u00f3s kapcsolatot \u00e9p\u00edts\u00fcnk ki, biztos\u00edtva az \u00d6n el\u00e9gedetts\u00e9g\u00e9t minden l\u00e9p\u00e9sn\u00e9l.<\/p>\n\n\t\t<\/div>\n\t<\/div>\n\t\n\t<div id=\"accordion-3218337115\" class=\"accordion-item\">\n\t\t<a id=\"accordion-3218337115-label\" class=\"accordion-title plain\" href=\"#accordion-item-quality-assurance\" aria-expanded=\"false\" aria-controls=\"accordion-3218337115-content\">\n\t\t\t<button class=\"toggle\" aria-label=\"Toggle\"><i class=\"icon-angle-down\" aria-hidden=\"true\"><\/i><\/button>\n\t\t\t<span>Min\u0151s\u00e9gbiztos\u00edt\u00e1s<\/span>\n\t\t<\/a>\n\t\t<div id=\"accordion-3218337115-content\" class=\"accordion-inner\" aria-labelledby=\"accordion-3218337115-label\">\n\t\t\t\n\n<p>A min\u0151s\u00e9g ir\u00e1nti elk\u00f6telezetts\u00e9g\u00fcnk minden szakaszban \u2013 a term\u00e9kfejleszt\u00e9s, a gy\u00e1rt\u00e1s, a marketing \u00e9s a disztrib\u00faci\u00f3 \u2013 megingathatatlan. Eldobhat\u00f3 g\u0151z\u00f6l\u0151ink szigor\u00fa tesztel\u00e9sen esnek \u00e1t, hogy megbizonyosodjanak arr\u00f3l, hogy nem m\u00e9rgez\u0151ek, tiszt\u00e1k \u00e9s kiv\u00e9teles \u00edz\u0171ek. Ez a kiv\u00e1l\u00f3s\u00e1g ir\u00e1nti elk\u00f6telezetts\u00e9g k\u00e9pezi v\u00e1llalati kult\u00far\u00e1nk gerinc\u00e9t.<\/p>\n\n\t\t<\/div>\n\t<\/div>\n\t\n\t<div id=\"accordion-2005428451\" class=\"accordion-item\">\n\t\t<a id=\"accordion-2005428451-label\" class=\"accordion-title plain\" href=\"#accordion-item-efficient-logistics-and-delivery\" aria-expanded=\"false\" aria-controls=\"accordion-2005428451-content\">\n\t\t\t<button class=\"toggle\" aria-label=\"Toggle\"><i class=\"icon-angle-down\" aria-hidden=\"true\"><\/i><\/button>\n\t\t\t<span>Hat\u00e9kony logisztika \u00e9s sz\u00e1ll\u00edt\u00e1s<\/span>\n\t\t<\/a>\n\t\t<div id=\"accordion-2005428451-content\" class=\"accordion-inner\" aria-labelledby=\"accordion-2005428451-label\">\n\t\t\t\n\n<p>Az AiviouVape hat\u00e9kony logisztik\u00e1t \u00e9s sz\u00e1ll\u00edt\u00e1st biztos\u00edt, bele\u00e9rtve a DDP (Delivered Duty Paid) szolg\u00e1ltat\u00e1sokat is, biztos\u00edtva a z\u00f6kken\u0151mentes v\u00e1mkezel\u00e9st d\u00edjak \u00e9s ad\u00f3k n\u00e9lk\u00fcl. Gyors sz\u00e1ll\u00edt\u00e1ssal \u00e9s kiv\u00e9teles \u00fcgyf\u00e9lszolg\u00e1lattal z\u00f6kken\u0151mentes \u00e9s megb\u00edzhat\u00f3 \u00e9lm\u00e9nyt k\u00edn\u00e1lunk, \u00edgy megb\u00edzhat\u00f3 partnerr\u00e9 v\u00e1lunk az ipar\u00e1gban.<\/p>\n\n\t\t<\/div>\n\t<\/div>\n\t\n\t<div id=\"accordion-857809538\" class=\"accordion-item\">\n\t\t<a id=\"accordion-857809538-label\" class=\"accordion-title plain\" href=\"#accordion-item-odm-and-oem-services\" aria-expanded=\"false\" aria-controls=\"accordion-857809538-content\">\n\t\t\t<button class=\"toggle\" aria-label=\"Toggle\"><i class=\"icon-angle-down\" aria-hidden=\"true\"><\/i><\/button>\n\t\t\t<span>ODM \u00e9s OEM szolg\u00e1ltat\u00e1sok<\/span>\n\t\t<\/a>\n\t\t<div id=\"accordion-857809538-content\" class=\"accordion-inner\" aria-labelledby=\"accordion-857809538-label\">\n\t\t\t\n\n<p>Az AiviouVapes teljes k\u00f6r\u0171 ODM (eredeti tervez\u00e9s\u0171 gy\u00e1rt\u00e1s) \u00e9s OEM (eredeti berendez\u00e9sek gy\u00e1rt\u00e1sa) szolg\u00e1ltat\u00e1sokat k\u00edn\u00e1l. K\u00e9t nagy l\u00e9tes\u00edtm\u00e9ny\u00fcnkkel seg\u00edt\u00fcnk \u00fcgyfeleinknek egyedi term\u00e9keket \u00e9s szemet gy\u00f6ny\u00f6rk\u00f6dtet\u0151 log\u00f3kat tervezni a csomagol\u00e1shoz. Ingyenes csomagol\u00e1stervez\u00e9si \u00fatmutat\u00e1st is biztos\u00edtunk, \u00e9s t\u00e1mogatjuk azokat a v\u00e1s\u00e1rl\u00f3kat, akik saj\u00e1t maguk csomagolj\u00e1k term\u00e9keiket, \u00edgy biztos\u00edtva, hogy m\u00e1rk\u00e1juk ragyogjon a piacon.<\/p>\n\n\t\t<\/div>\n\t<\/div>\n\t\n\n<\/div>\n\n\t\t<\/div>\n\t\t\t\t\t<\/div>\n\n\t\n\n<\/div>","protected":false},"excerpt":{"rendered":"<p>Az MRVI Dragon 13000 Puffs ak\u00e1r 13 000 slukkot, 20 ml e-folyad\u00e9k kapacit\u00e1st \u00e9s egy er\u0151teljes 650mAh-s akkumul\u00e1tort k\u00edn\u00e1l C-t\u00edpus\u00fa t\u00f6lt\u00e9ssel. Kett\u0151s h\u00e1l\u00f3s tekercsekkel \u00e9s testreszabhat\u00f3 p\u00e1rol\u00e1si m\u00f3dokkal rendelkezik, \u00edgy sima, \u00edzletes g\u0151zt biztos\u00edt. Ide\u00e1lis a hosszan tart\u00f3 \u00e9lvezethez.<\/p>","protected":false},"featured_media":2141,"comment_status":"open","ping_status":"closed","template":"","meta":[],"product_brand":[229],"product_cat":[33,125,90,117,81,76,134,135,133,136,137,146,138,139,140,141,142,143,144,145,132,82],"product_tag":[],"class_list":{"0":"post-2138","1":"product","2":"type-product","3":"status-publish","4":"has-post-thumbnail","6":"product_brand-mrvi","7":"product_cat-mrvi","8":"product_cat-14000-puffs-disposable-vape","9":"product_cat-big-puffs-vapes","10":"product_cat-different-puffs-of-diposable-vapes","11":"product_cat-digital-box-vapes","12":"product_cat-disposable-vape-types","13":"product_cat-disposable-vapes-in-austria","14":"product_cat-disposable-vapes-in-belgium","15":"product_cat-disposable-vapes-in-europe","16":"product_cat-disposable-vapes-in-france","17":"product_cat-disposable-vapes-in-germany","18":"product_cat-disposable-vapes-in-hungary","19":"product_cat-disposable-vapes-in-ltaly","20":"product_cat-disposable-vapes-in-netherlands","21":"product_cat-disposable-vapes-in-norway","22":"product_cat-disposable-vapes-in-poland","23":"product_cat-disposable-vapes-in-portugal","24":"product_cat-disposable-vapes-in-spain","25":"product_cat-disposable-vapes-in-sweden","26":"product_cat-disposable-vapes-in-switzerland","27":"product_cat-rechargeable-vapes","28":"product_cat-smart-screen-vapes","30":"first","31":"instock","32":"shipping-taxable","33":"purchasable","34":"product-type-variable","35":"has-default-attributes"},"jetpack_sharing_enabled":true,"tiered_pricing_type":"fixed","tiered_pricing_fixed_rules":{"2000":5.9900000000000002131628207280300557613372802734375},"tiered_pricing_product_settings":{"layout":"default","base_unit_name":{"singular":null,"plural":null},"default_variation":null},"tiered_pricing_minimum_quantity":1000,"tiered_pricing_roles_data":[],"tiered_pricing_percentage_rules":[],"tiered_pricing_maximum_quantity":null,"tiered_pricing_quantity_step":"10","_links":{"self":[{"href":"https:\/\/aiviouvapes.com\/hu\/wp-json\/wp\/v2\/product\/2138","targetHints":{"allow":["GET"]}}],"collection":[{"href":"https:\/\/aiviouvapes.com\/hu\/wp-json\/wp\/v2\/product"}],"about":[{"href":"https:\/\/aiviouvapes.com\/hu\/wp-json\/wp\/v2\/types\/product"}],"replies":[{"embeddable":true,"href":"https:\/\/aiviouvapes.com\/hu\/wp-json\/wp\/v2\/comments?post=2138"}],"wp:featuredmedia":[{"embeddable":true,"href":"https:\/\/aiviouvapes.com\/hu\/wp-json\/wp\/v2\/media\/2141"}],"wp:attachment":[{"href":"https:\/\/aiviouvapes.com\/hu\/wp-json\/wp\/v2\/media?parent=2138"}],"wp:term":[{"taxonomy":"product_brand","embeddable":true,"href":"https:\/\/aiviouvapes.com\/hu\/wp-json\/wp\/v2\/product_brand?post=2138"},{"taxonomy":"product_cat","embeddable":true,"href":"https:\/\/aiviouvapes.com\/hu\/wp-json\/wp\/v2\/product_cat?post=2138"},{"taxonomy":"product_tag","embeddable":true,"href":"https:\/\/aiviouvapes.com\/hu\/wp-json\/wp\/v2\/product_tag?post=2138"}],"curies":[{"name":"wp","href":"https:\/\/api.w.org\/{rel}","templated":true}]}}