{"id":118575,"date":"2026-03-27T09:31:45","date_gmt":"2026-03-27T01:31:45","guid":{"rendered":"https:\/\/aiviouvapes.com\/?post_type=product&#038;p=118575"},"modified":"2026-04-22T09:03:50","modified_gmt":"2026-04-22T01:03:50","slug":"uzy-crystal-star-60k","status":"publish","type":"product","link":"https:\/\/aiviouvapes.com\/hu\/product\/uzy-crystal-star-60k\/","title":{"rendered":"UZY Crystal Star 60K | 60000 puff, intelligens kijelz\u0151, kett\u0151s h\u00e1l\u00f3s tekercs, 12 \u00edz, \u00f6mlesztett eldobhat\u00f3 vape"},"content":{"rendered":"<h2>Ismerje meg az UZY Crystal Star 60K-t \u2b50<\/h2>\n<p>Egy eldobhat\u00f3 vape-t keres, ami csak \u00fagy megy? A <strong>UZY Krist\u00e1lycsillag 60000 puffok<\/strong> olyan p\u00e1rol\u00f3knak k\u00e9sz\u00fclt, akik ut\u00e1lj\u00e1k a kifogy\u00e1st. A massz\u00edv <strong>40ml e-folyad\u00e9k kapacit\u00e1s<\/strong>, <strong>dual mesh coil technol\u00f3gia<\/strong> a sima \u00e9s gazdag \u00edz\u00e9rt, \u00e9s egy <strong>intelligens kijelz\u0151<\/strong> amely val\u00f3s id\u0151ben k\u00f6veti az akkumul\u00e1tor \u00e9s a t\u00f6lt\u00f6tts\u00e9gi szintj\u00e9t, ez a k\u00e9sz\u00fcl\u00e9k minden elemet ellen\u0151riz. Ak\u00e1r eg\u00e9sz nap vape-olsz, ak\u00e1r a polcokat t\u00f6lt\u00f6d fel a v\u00e1s\u00e1rl\u00f3idnak, a Crystal Star 60K teljes\u00edt.<\/p>\n<h2>Mi\u00e9rt v\u00e1lassza az UZY Crystal Star 60K-t? \u2705<\/h2>\n<ul>\n<li><strong>60000 puff<\/strong> hossz\u00fa t\u00e1v\u00fa teljes\u00edtm\u00e9ny - kevesebb csere, t\u00f6bb \u00f6r\u00f6m \ud83d\udd25<\/li>\n<li><strong>40ml e-folyad\u00e9k kapacit\u00e1s<\/strong> \u00edgy hetekig gond n\u00e9lk\u00fcl sz\u00edvhatsz vape-t an\u00e9lk\u00fcl, hogy agg\u00f3dnod kellene<\/li>\n<li><strong>Kett\u0151s h\u00e1l\u00f3s tekercs technol\u00f3gia<\/strong> a sim\u00e1bb tal\u00e1latok\u00e9rt \u00e9s a mer\u00e9szebb \u00edzek\u00e9rt \u2601\ufe0f<\/li>\n<li><strong>Intelligens kijelz\u0151 k\u00e9perny\u0151<\/strong> egy pillant\u00e1ssal mutatja az akkumul\u00e1tor \u00e9s az e-folyad\u00e9k szintj\u00e9t \ud83d\udc40<\/li>\n<li><strong>\u00c1ll\u00edthat\u00f3 l\u00e9g\u00e1raml\u00e1s<\/strong> lehet\u0151v\u00e9 teszi, hogy testre szabja a h\u00faz\u00e1st - sz\u0171k vagy l\u00e9gies, az \u00d6n d\u00f6nt\u00e9se \ud83c\udf2c\ufe0f<\/li>\n<li><strong>650mAh \u00fajrat\u00f6lthet\u0151 akkumul\u00e1tor<\/strong> USB Type-C gyors t\u00f6lt\u00e9ssel \u26a1<\/li>\n<li><strong>12 \u00edzv\u00e1laszt\u00e9k<\/strong> gy\u00fcm\u00f6lcs\u00f6k, j\u00e9g, \u00e9dess\u00e9g \u00e9s klasszikus profilok \ud83c\udf53<\/li>\n<li><strong>Nagyszer\u0171 \u00fczleteknek \u00e9s nagykereskedelemnek<\/strong> - nagy kereslet\u0171 krist\u00e1ly design, amely gyorsan leker\u00fcl a polcokr\u00f3l \ud83d\udce6<\/li>\n<\/ul>\n<h2>UZY Crystal Star 60K specifik\u00e1ci\u00f3k \ud83d\udccc<\/h2>\n<table>\n<tbody>\n<tr>\n<td><strong>Term\u00e9k neve<\/strong><\/td>\n<td>UZY Crystal Star 60000 Puffs Eldobhat\u00f3 Vape<\/td>\n<\/tr>\n<tr>\n<td><strong>Max Puffs<\/strong><\/td>\n<td>Ak\u00e1r 60000 f\u00faj\u00e1s<\/td>\n<\/tr>\n<tr>\n<td><strong>E-folyad\u00e9k kapacit\u00e1s<\/strong><\/td>\n<td>40ml<\/td>\n<\/tr>\n<tr>\n<td><strong>Tekercs<\/strong><\/td>\n<td>Dual Mesh tekercs<\/td>\n<\/tr>\n<tr>\n<td><strong>Nikotin er\u0151ss\u00e9ge<\/strong><\/td>\n<td>0% \/ 2% \/ 3% \/ 5%<\/td>\n<\/tr>\n<tr>\n<td><strong>Akkumul\u00e1tor<\/strong><\/td>\n<td>650mAh \u00fajrat\u00f6lthet\u0151<\/td>\n<\/tr>\n<tr>\n<td><strong>T\u00f6lt\u00e9s<\/strong><\/td>\n<td>USB Type-C gyorst\u00f6lt\u00e9s<\/td>\n<\/tr>\n<tr>\n<td><strong>Megjelen\u00edt\u00e9s<\/strong><\/td>\n<td>Intelligens k\u00e9perny\u0151 (akkumul\u00e1tor \u00e9s E-folyad\u00e9k kijelz\u0151)<\/td>\n<\/tr>\n<tr>\n<td><strong>L\u00e9g\u00e1raml\u00e1s<\/strong><\/td>\n<td>\u00c1ll\u00edthat\u00f3 l\u00e9g\u00e1raml\u00e1si rendszer<\/td>\n<\/tr>\n<tr>\n<td><strong>Csomagol\u00e1s<\/strong><\/td>\n<td>10 eszk\u00f6z dobozonk\u00e9nt<\/td>\n<\/tr>\n<\/tbody>\n<\/table>\n<h2>UZY Crystal Star 60K \u00edzv\u00e1laszt\u00e9k \ud83c\udf53\ud83c\udf49\ud83c\udf49\ud83e\uddca<\/h2>\n<p>Az UZY Crystal Star 60000 a k\u00f6vetkez\u0151 v\u00e1ltozatban kaphat\u00f3 <strong>12 finom \u00edz<\/strong>, mindegyiket a sima \u00e9s kiel\u00e9g\u00edt\u0151 vape \u00e9rdek\u00e9ben k\u00e9sz\u00edtett\u00e9k. \u00cdme a teljes term\u00e9kcsal\u00e1d:<\/p>\n<ul>\n<li><strong>\u00c1fonya m\u00e1lna<\/strong> - a l\u00e9d\u00fas \u00e1fonya \u00e9s a fanyar m\u00e1lna t\u00f6k\u00e9letes bogy\u00f3sgy\u00fcm\u00f6lcs du\u00f3 \ud83e\uded0<\/li>\n<li><strong>Kiwi Maracuja Guava<\/strong> - tr\u00f3pusi tri\u00f3, amely ragyog\u00f3, \u00e9des \u00e9s friss\u00edt\u0151 \ud83e\udd5d\ud83c\udf48<\/li>\n<li><strong>Cseresznye k\u00f3la j\u00e9g<\/strong> - klasszikus csereszny\u00e9s k\u00f3la jeges csavarral \ud83c\udf52\ud83e\uddca<\/li>\n<li><strong>Eper g\u00f6r\u00f6gdinnye<\/strong> - \u00e9des eper friss g\u00f6r\u00f6gdinny\u00e9vel keverve \ud83c\udf53\ud83c\udf49<\/li>\n<li><strong>Vegyes bogy\u00f3s gy\u00fcm\u00f6lcs\u00f6k<\/strong> - \u00e9rett bogy\u00f3s gy\u00fcm\u00f6lcs\u00f6k kever\u00e9ke, kiegyens\u00falyozott \u00e9s l\u00e1gy \ud83c\udf47<\/li>\n<li><strong>Barack j\u00e9g<\/strong> - l\u00e9d\u00fas \u0151szibarack h\u0171v\u00f6s mentolos befejez\u00e9ssel \ud83c\udf51\u2744\ufe0f<\/li>\n<li><strong>Citrom Lime<\/strong> - pik\u00e1ns citrusf\u00e9l\u00e9k kombin\u00e1ci\u00f3ja, tiszta \u00e9s ropog\u00f3s \ud83c\udf4b<\/li>\n<li><strong>Sz\u0151l\u0151 j\u00e9g<\/strong> - mer\u00e9sz sz\u0151l\u0151 \u00edz fagyos r\u00fag\u00e1ssal \ud83c\udf47\ud83e\uddca<\/li>\n<li><strong>G\u00f6r\u00f6gdinnye j\u00e9g<\/strong> - \u00e9des g\u00f6r\u00f6gdinnye jeges kil\u00e9gz\u00e9ssel \ud83c\udf49\u2744\ufe0f<\/li>\n<li><strong>Szerelem 66<\/strong> - egy \u00e9des, gy\u00fcm\u00f6lcs\u00f6s cukorkakever\u00e9k, amit a rajong\u00f3k im\u00e1dnak \ud83d\udc95<\/li>\n<li><strong>K\u00e9t alma<\/strong> - dupla alm\u00e1s finoms\u00e1g egy csipetnyi h\u0171v\u00f6ssel \ud83c\udf4f\ud83c\udf4e<\/li>\n<li><strong>\u00c1fonya j\u00e9g<\/strong> - gazdag \u00e1fonya friss\u00edt\u0151 j\u00e9ggel \ud83e\uded0\u2744\ufe0f<\/li>\n<\/ul>\n<h2>K\u00e9sz\u00fclt a kiskereskedelmi + nagykereskedelmi siker\u00e9rt \ud83c\udfea\ud83d\udce6<\/h2>\n<p>A <strong>UZY Crystal Star 60K<\/strong> nagyszer\u0171en illeszkedik a <strong>er\u0151s p\u00e1rologtat\u00f3k<\/strong> akik tart\u00f3s k\u00e9sz\u00fcl\u00e9ket szeretn\u00e9nek, <strong>\u00edzek szerelmesei<\/strong> akik \u00e9rt\u00e9kelik a v\u00e1ltozatoss\u00e1got, \u00e9s <strong>vape \u00fczletek<\/strong> olyan figyelemfelkelt\u0151 krist\u00e1lyos diz\u00e1jnt keres, amely eladja mag\u00e1t. A <strong>forgalmaz\u00f3k \u00e9s nagykeresked\u0151k<\/strong>, a 60000 puff, az intelligens k\u00e9perny\u0151 \u00e9s a 12 n\u00e9pszer\u0171 \u00edz kombin\u00e1ci\u00f3ja er\u0151s SKU-t jelent az eldobhat\u00f3, nagy puffan\u00e1sig\u00e9ny\u0171 kateg\u00f3ri\u00e1ban.<\/p>\n<h2>UZY Krist\u00e1lycsillag 60K GYIK \u2753<\/h2>\n<h3>H\u00e1ny slukkot ad az UZY Crystal Star?<\/h3>\n<p>Az UZY Crystal Star ak\u00e1r <strong>60000 puff<\/strong>, \u00edgy ez az egyik legtart\u00f3sabb eldobhat\u00f3 p\u00e1rologtat\u00f3.<\/p>\n<h3>\u00dajrat\u00f6lthet\u0151 az UZY Crystal Star 60K?<\/h3>\n<p>Igen! Van egy <strong>650 mAh akkumul\u00e1tor<\/strong> a  c\u00edmen <strong>USB Type-C gyors t\u00f6lt\u00e9s<\/strong>, \u00edgy gyorsan felt\u00f6ltheti \u00e9s tov\u00e1bb p\u00e1rologtathat. \u26a1<\/p>\n<h3>Milyen nikotin er\u0151ss\u00e9g\u0171 term\u00e9kek \u00e1llnak rendelkez\u00e9sre?<\/h3>\n<p>V\u00e1laszthat a k\u00f6vetkez\u0151k k\u00f6z\u00fcl <strong>0%<\/strong>, <strong>2%<\/strong>, <strong>3%<\/strong>, \u00e9s <strong>5%<\/strong> nikotinv\u00e1laszt\u00e9k az \u00d6n preferenci\u00e1inak vagy piaci ig\u00e9nyeinek megfelel\u0151en.<\/p>\n<h3>Mennyi e-folyad\u00e9k f\u00e9r bele?<\/h3>\n<p>Nagym\u00e9ret\u0171 <strong>40ml e-folyad\u00e9k kapacit\u00e1s<\/strong>, ez\u00e9rt k\u00e9pes ennyi f\u00faj\u00e1st biztos\u00edtani an\u00e9lk\u00fcl, hogy kisz\u00e1radna.<\/p>\n<h3>Milyen t\u00edpus\u00fa tekercset haszn\u00e1l?<\/h3>\n<p>Haszn\u00e1lja a <strong>dual mesh coil technol\u00f3gia<\/strong> a sim\u00e1bb g\u0151z\u00e9rt \u00e9s a jobb \u00edz\u00e9rt minden egyes slukkban. \u2601\ufe0f<\/p>\n<h3>H\u00e1nyf\u00e9le \u00edz l\u00e9tezik?<\/h3>\n<p>Vannak <strong>12 \u00edzv\u00e1laszt\u00e9k<\/strong> k\u00f6zt\u00fck gy\u00fcm\u00f6lcs\u00f6s, jeges, cukork\u00e1s \u00e9s klasszikus profilok - minden \u00edzl\u00e9sre van valami.<\/p>\n<h3>Az UZY Crystal Star j\u00f3 a nagykereskedelemben?<\/h3>\n<p>Abszol\u00fat. A krist\u00e1lyos kialak\u00edt\u00e1s j\u00f3l mutat a polcokon, a 60K puffsz\u00e1m a neh\u00e9z felhaszn\u00e1l\u00f3knak tetszik, \u00e9s az intelligens kijelz\u0151 olyan \u00e9rt\u00e9kes\u00edt\u00e9si pont, amelyet a v\u00e1s\u00e1rl\u00f3k szeretnek. Csomagolt <strong>10 eszk\u00f6z dobozonk\u00e9nt<\/strong>. \ud83d\udce6<\/p>","protected":false},"excerpt":{"rendered":"<p>UZY Crystal Star 60K eldobhat\u00f3 vape intelligens kijelz\u0151vel, kett\u0151s h\u00e1l\u00f3s tekercsekkel \u00e9s \u00e1ll\u00edthat\u00f3 l\u00e9g\u00e1raml\u00e1ssal. Massz\u00edv 40ml e-folyad\u00e9k + 60000 puff - t\u00f6k\u00e9letes a kis- \u00e9s nagykeresked\u0151k sz\u00e1m\u00e1ra. \u2728<\/p>\n<h3>\ud83d\udc49Ez a term\u00e9k rakt\u00e1ron van az EU rakt\u00e1runkban!<\/h3>\n<h4>\ud83c\udf89Ker\u00fcld el a v\u00e1rakoz\u00e1st: <strong>5-7 napos kisz\u00e1ll\u00edt\u00e1s az eur\u00f3pai sz\u00e9khely\u0171<\/strong> rakt\u00e1r (az alap\u00e9rtelmezett <strong>2% nikotiner\u0151ss\u00e9g<\/strong> verzi\u00f3).<\/h4>\n<p><span style=\"font-size: 75%;\"><em>\ud83d\udd39 A legt\u00f6bb megrendel\u00e9st eur\u00f3pai rakt\u00e1runkb\u00f3l sz\u00e1ll\u00edtjuk, ha rendelkez\u00e9sre \u00e1ll. Alkalmank\u00e9nt, ha nincs rakt\u00e1ron, akkor helyette K\u00edn\u00e1b\u00f3l sz\u00e1ll\u00edtunk.<\/em><\/span><\/p>","protected":false},"featured_media":118664,"comment_status":"open","ping_status":"closed","template":"","meta":[],"product_brand":[254],"product_cat":[242,90,280,78,81,76,133,132,82,253],"product_tag":[556],"class_list":{"0":"post-118575","1":"product","2":"type-product","3":"status-publish","4":"has-post-thumbnail","6":"product_brand-uzy","7":"product_cat-60000-puffs-disposable-vape","8":"product_cat-big-puffs-vapes","9":"product_cat-cheap-rechargeable-disposable-vapes","10":"product_cat-crystal-vapes","11":"product_cat-digital-box-vapes","12":"product_cat-disposable-vape-types","13":"product_cat-disposable-vapes-in-europe","14":"product_cat-rechargeable-vapes","15":"product_cat-smart-screen-vapes","16":"product_cat-uzy","17":"product_tag-uzy-crystal-star-60000-disposable-vape","19":"first","20":"instock","21":"shipping-taxable","22":"purchasable","23":"product-type-variable","24":"has-default-attributes"},"jetpack_sharing_enabled":true,"tiered_pricing_type":"fixed","tiered_pricing_fixed_rules":{"30":8.519999999999999573674358543939888477325439453125,"50":7.2599999999999997868371792719699442386627197265625,"100":6.7400000000000002131628207280300557613372802734375,"200":6.46999999999999975131004248396493494510650634765625,"400":5.75},"tiered_pricing_product_settings":{"layout":"default","base_unit_name":{"singular":null,"plural":null},"default_variation":null},"tiered_pricing_minimum_quantity":10,"tiered_pricing_roles_data":[],"tiered_pricing_percentage_rules":[],"tiered_pricing_maximum_quantity":null,"tiered_pricing_quantity_step":"10","_links":{"self":[{"href":"https:\/\/aiviouvapes.com\/hu\/wp-json\/wp\/v2\/product\/118575","targetHints":{"allow":["GET"]}}],"collection":[{"href":"https:\/\/aiviouvapes.com\/hu\/wp-json\/wp\/v2\/product"}],"about":[{"href":"https:\/\/aiviouvapes.com\/hu\/wp-json\/wp\/v2\/types\/product"}],"replies":[{"embeddable":true,"href":"https:\/\/aiviouvapes.com\/hu\/wp-json\/wp\/v2\/comments?post=118575"}],"wp:featuredmedia":[{"embeddable":true,"href":"https:\/\/aiviouvapes.com\/hu\/wp-json\/wp\/v2\/media\/118664"}],"wp:attachment":[{"href":"https:\/\/aiviouvapes.com\/hu\/wp-json\/wp\/v2\/media?parent=118575"}],"wp:term":[{"taxonomy":"product_brand","embeddable":true,"href":"https:\/\/aiviouvapes.com\/hu\/wp-json\/wp\/v2\/product_brand?post=118575"},{"taxonomy":"product_cat","embeddable":true,"href":"https:\/\/aiviouvapes.com\/hu\/wp-json\/wp\/v2\/product_cat?post=118575"},{"taxonomy":"product_tag","embeddable":true,"href":"https:\/\/aiviouvapes.com\/hu\/wp-json\/wp\/v2\/product_tag?post=118575"}],"curies":[{"name":"wp","href":"https:\/\/api.w.org\/{rel}","templated":true}]}}