{"id":117908,"date":"2026-03-26T18:57:59","date_gmt":"2026-03-26T10:57:59","guid":{"rendered":"https:\/\/aiviouvapes.com\/?post_type=product&#038;p=117908"},"modified":"2026-04-15T09:06:22","modified_gmt":"2026-04-15T01:06:22","slug":"bang-legend-geek-300k","status":"publish","type":"product","link":"https:\/\/aiviouvapes.com\/hu\/product\/bang-legend-geek-300k\/","title":{"rendered":"Bang Legend Geek 300K | 8 az 1-ben \u00edzkapcsol\u00f3, 300000 puff, \u00fajrat\u00f6lthet\u0151, \u00f6mlesztett eldobhat\u00f3 vape"},"content":{"rendered":"<h2>Ismerje meg az Bang Legend Geek 300K-t \u26a1<\/h2>\n<p>K\u00e9szen \u00e1ll az eldobhat\u00f3 p\u00e1rologtat\u00e1s k\u00f6vetkez\u0151 szintj\u00e9re? A <strong>Bang Legend Geek 300K<\/strong> egy vad\u00e1llat-csomagol\u00f3 <strong>ak\u00e1r 300000 f\u00faj\u00e1s<\/strong> \u00e9s egy innovat\u00edv <strong>8 az 1-ben \u00edzv\u00e1lt\u00f3 rendszer<\/strong> egyetlen futurisztikus eszk\u00f6zbe. Mer\u00e9sz, geek ihlet\u00e9s\u0171 diz\u00e1jnj\u00e1val, er\u0151teljes h\u00e1l\u00f3s tekercs\u00e9vel \u00e9s \u00fajrat\u00f6lthet\u0151 C t\u00edpus\u00fa akkumul\u00e1tor\u00e1val olyan vaperek sz\u00e1m\u00e1ra k\u00e9sz\u00fclt, akik maxim\u00e1lis teljes\u00edtm\u00e9nyre \u00e9s v\u00e1ltozatoss\u00e1gra v\u00e1gynak. A boltok \u00e9s a nagykeresked\u0151k sz\u00e1m\u00e1ra ez egy nagy kereslet\u0171 SKU a mega-puff kateg\u00f3ri\u00e1ban.<\/p>\n<h2>Mi\u00e9rt v\u00e1lassza az Bang Legend Geek 300K-t? \u2705<\/h2>\n<ul>\n<li><strong>8 az 1-ben \u00edzv\u00e1lt\u00f3<\/strong>-nyolc \u00edzes\u00edt\u00e9si m\u00f3d egy eszk\u00f6zben a maxim\u00e1lis v\u00e1ltozatoss\u00e1g \u00e9rdek\u00e9ben \ud83d\ude0b<\/li>\n<li><strong>Ak\u00e1r 300000 f\u00faj\u00e1s<\/strong> az ultra-hossz\u00fa haszn\u00e1lat \u00e9s a kevesebb eszk\u00f6zcsere \u00e9rdek\u00e9ben \ud83d\udd25<\/li>\n<li><strong>H\u00e1l\u00f3s tekercs technol\u00f3gia<\/strong> a mer\u00e9sz, sima \u00edz\u00e9rt \u00e9s s\u0171r\u0171 g\u0151z\u00e9rt \u2601\ufe0f<\/li>\n<li><strong>\u00dajrat\u00f6lthet\u0151 Type-C akkumul\u00e1tor<\/strong> k\u00e9nyelmes napi haszn\u00e1latra \u26a1<\/li>\n<li><strong>Futurisztikus geek-st\u00edlus\u00fa design<\/strong>-bold tech-inspir\u00e1lt megjelen\u00e9s, amely kiemelkedik \ud83c\udfae<\/li>\n<li><strong>Intelligens l\u00e9g\u00e1raml\u00e1si rendszer<\/strong> a sima \u00e9s kiel\u00e9g\u00edt\u0151 h\u00faz\u00e1s\u00e9rt minden alkalommal<\/li>\n<li><strong>Rajz-aktiv\u00e1lt<\/strong>-Nincs gomb, csak l\u00e9legezz\u00fck be \u00e9s \u00e9lvezz\u00fck.<\/li>\n<li><strong>Nagyszer\u0171 \u00fczleteknek \u00e9s nagykereskedelemnek<\/strong>-mega puffsz\u00e1m + 8 az 1-ben funkci\u00f3 = gyors elad\u00f3 \ud83d\udce6<\/li>\n<\/ul>\n<h2>Bang Legend Geek 300K specifik\u00e1ci\u00f3k \ud83d\udccc<\/h2>\n<table>\n<tbody>\n<tr>\n<td><strong>Term\u00e9k neve<\/strong><\/td>\n<td>Bang Legend Geek 300K eldobhat\u00f3 Vape<\/td>\n<\/tr>\n<tr>\n<td><strong>Max Puffs<\/strong><\/td>\n<td>Ak\u00e1r 300000 f\u00faj\u00e1s<\/td>\n<\/tr>\n<tr>\n<td><strong>\u00cdzes\u00edt\u0151 rendszer<\/strong><\/td>\n<td>8 az 1-ben \u00edzkamra<\/td>\n<\/tr>\n<tr>\n<td><strong>Tekercs<\/strong><\/td>\n<td>H\u00e1l\u00f3 tekercs<\/td>\n<\/tr>\n<tr>\n<td><strong>Nikotin er\u0151ss\u00e9ge<\/strong><\/td>\n<td>0% \/ 2% \/ 3% \/ 5%<\/td>\n<\/tr>\n<tr>\n<td><strong>Akkumul\u00e1tor<\/strong><\/td>\n<td>\u00dajrat\u00f6lthet\u0151<\/td>\n<\/tr>\n<tr>\n<td><strong>T\u00f6lt\u00e9s<\/strong><\/td>\n<td>USB Type-C<\/td>\n<\/tr>\n<tr>\n<td><strong>Tervez\u00e9s<\/strong><\/td>\n<td>Futurisztikus Geek-st\u00edlus<\/td>\n<\/tr>\n<tr>\n<td><strong>Aktiv\u00e1l\u00e1s<\/strong><\/td>\n<td>Draw-Activated (gombok n\u00e9lk\u00fcl)<\/td>\n<\/tr>\n<\/tbody>\n<\/table>\n<h2>8 az 1-ben \u00edzkombin\u00e1ci\u00f3k (13 lehet\u0151s\u00e9g) \ud83c\udf53\ud83c\udf49\ud83e\uddca<\/h2>\n<p>Mindegyik Bang Legend Geek 300K innovat\u00edv <strong>8 az 1-ben \u00edzv\u00e1lt\u00f3 rendszer<\/strong>. Minden k\u00e9sz\u00fcl\u00e9k n\u00e9gy alap\u00edzt \u00e9s n\u00e9gy automatikus kever\u00e9kkombin\u00e1ci\u00f3t tartalmaz (1+2, 2+3, 3+4, 4+1), \u00edgy egy vape-ben tiszta \u00edzeket \u00e9s kevert \u00edzeket is kaphat.<\/p>\n<table>\n<thead>\n<tr>\n<th>Nem.<\/th>\n<th>\u00cdzkombin\u00e1ci\u00f3 (4 alap\u00edz)<\/th>\n<\/tr>\n<\/thead>\n<tbody>\n<tr>\n<td>1<\/td>\n<td><strong>Mamba<\/strong> \/ <strong>Barack mang\u00f3 g\u00f6r\u00f6gdinnye<\/strong> \/ <strong>Energiaital<\/strong> \/ <strong>Sz\u0151l\u0151 j\u00e9g<\/strong><\/td>\n<\/tr>\n<tr>\n<td>2<\/td>\n<td><strong>Maracuja gy\u00fcm\u00f6lcs mang\u00f3<\/strong> \/ <strong>Barack anan\u00e1sz<\/strong> \/ <strong>\u00c1fonya m\u00e1lna<\/strong> \/ <strong>G\u00f6r\u00f6gdinnye j\u00e9g<\/strong><\/td>\n<\/tr>\n<tr>\n<td>3<\/td>\n<td><strong>citrom savany\u00fa narancs<\/strong> \/ <strong>Mango barack<\/strong> \/ <strong>G\u00f6r\u00f6gdinnye j\u00e9g<\/strong> \/ <strong>Berry Ice<\/strong><\/td>\n<\/tr>\n<tr>\n<td>4<\/td>\n<td><strong>Alma k\u00f6rte<\/strong> \/ <strong>Eper mang\u00f3<\/strong> \/ <strong>Eper g\u00f6r\u00f6gdinnye<\/strong> \/ <strong>\u00c1fonya j\u00e9g<\/strong><\/td>\n<\/tr>\n<tr>\n<td>5<\/td>\n<td><strong>G\u00f6r\u00f6gdinnye bogy\u00f3<\/strong> \/ <strong>Mang\u00f3 barack barack s\u00e1rgabarack<\/strong> \/ <strong>Eper Kiwi<\/strong> \/ <strong>Barack mang\u00f3 g\u00f6r\u00f6gdinnye<\/strong><\/td>\n<\/tr>\n<tr>\n<td>6<\/td>\n<td><strong>Ny\u00e1ri id\u0151sz\u00e1m\u00edt\u00e1s<\/strong> \/ <strong>Mang\u00f3 j\u00e9g<\/strong> \/ <strong>Szerelem 66<\/strong> \/ <strong>Savany\u00fa mang\u00f3 anan\u00e1sz<\/strong><\/td>\n<\/tr>\n<tr>\n<td>7<\/td>\n<td><strong>Kiwi Maracuja Guava<\/strong> \/ <strong>Sz\u0151l\u0151 j\u00e9g<\/strong> \/ <strong>Szenved\u00e9lyes cs\u00f3k<\/strong> \/ <strong>G\u00f6r\u00f6gdinnye savany\u00fa barack<\/strong><\/td>\n<\/tr>\n<tr>\n<td>8<\/td>\n<td><strong>G\u00f6r\u00f6gdinnye s\u00e1rk\u00e1nygy\u00fcm\u00f6lcs<\/strong> \/ <strong>Alma k\u00f6rte<\/strong> \/ <strong>Golgotavir\u00e1g Kiwi Lime<\/strong> \/ <strong>\u00c1fonya barack<\/strong><\/td>\n<\/tr>\n<tr>\n<td>9<\/td>\n<td><strong>Eper ban\u00e1n<\/strong> \/ <strong>G\u00f6r\u00f6gdinnye bogy\u00f3<\/strong> \/ <strong>\u00c1fonya j\u00e9g<\/strong> \/ <strong>Fuji Ice<\/strong><\/td>\n<\/tr>\n<tr>\n<td>10<\/td>\n<td><strong>Gumimaci<\/strong> \/ <strong>Vegyes bogy\u00f3s gy\u00fcm\u00f6lcs\u00f6k<\/strong> \/ <strong>Eper g\u00f6r\u00f6gdinnye<\/strong> \/ <strong>Lime Romance<\/strong><\/td>\n<\/tr>\n<tr>\n<td>11<\/td>\n<td><strong>G\u00f6r\u00f6gdinnye r\u00e1g\u00f3gumi<\/strong> \/ <strong>\u00c1fonya barack j\u00e9g<\/strong> \/ <strong>Cantaloupe alma<\/strong> \/ <strong>Eper ban\u00e1n<\/strong><\/td>\n<\/tr>\n<tr>\n<td>12<\/td>\n<td><strong>G\u00f6r\u00f6gdinnye savany\u00fa barack<\/strong> \/ <strong>\u00c1fonya j\u00e9g<\/strong> \/ <strong>Kaliforniai cseresznye<\/strong> \/ <strong>Eper mang\u00f3<\/strong><\/td>\n<\/tr>\n<\/tbody>\n<\/table>\n<p>\ud83c\udf00 A gy\u00fcm\u00f6lcs\u00f6s \u00e9s jeges, a cukork\u00e1s \u00e9s energiaitalos profilokt\u00f3l kezdve - minden \u00edzl\u00e9snek van megfelel\u0151 kombin\u00e1ci\u00f3.<\/p>\n<h2>Hogyan m\u0171k\u00f6dik a 8 az 1-ben \u00edzrendszer \ud83d\udd04<\/h2>\n<p>Az Bang Legend Geek 300K egy <strong>8 az 1-ben \u00edzkamra<\/strong> eszk\u00f6z\u00f6nk\u00e9nt 4 magos \u00edzes\u00edt\u00e9ssel. A 4 tiszta \u00edz mellett a k\u00e9sz\u00fcl\u00e9k automatikusan l\u00e9trehoz 4 kevert kombin\u00e1ci\u00f3t (1+2, 2+3, 3+4, 4+1), \u00edgy \u00d6n a k\u00f6vetkez\u0151ket kapja <strong>8 egyed\u00fcl\u00e1ll\u00f3 \u00edz\u00e9lm\u00e9ny<\/strong> egyetlen eszk\u00f6zr\u0151l. Egyszer\u0171, sz\u00f3rakoztat\u00f3 \u00e9s t\u00f6k\u00e9letes a k\u00f6nnyen unatkoz\u00f3 vaperek sz\u00e1m\u00e1ra.<\/p>\n<h2>K\u00e9sz\u00fclt a kiskereskedelmi + nagykereskedelmi siker\u00e9rt \ud83c\udfea\ud83d\udce6<\/h2>\n<p>A <strong>Bang Legend Geek 300K<\/strong> t\u00f6k\u00e9letesen illik a <strong>gyakori felhaszn\u00e1l\u00f3k<\/strong> akik maxim\u00e1lis puff teljes\u00edtm\u00e9nyt szeretn\u00e9nek, <strong>\u00edzvad\u00e1szok<\/strong> akik szeretnek v\u00e1ltogatni az \u00edzek k\u00f6z\u00f6tt, \u00e9s <strong>vape \u00fczletek<\/strong> akik pr\u00e9mium term\u00e9ket szeretn\u00e9nek mer\u00e9sz futurisztikus megjelen\u00e9ssel. A <strong>forgalmaz\u00f3k \u00e9s nagykeresked\u0151k<\/strong>, a 300K puffsz\u00e1m \u00e9s a 8 az 1-ben funkci\u00f3 a kateg\u00f3ria vezet\u0151j\u00e9v\u00e9 teszi - nagy kereslet, nagy \u00e1rr\u00e9s \u00e9s er\u0151s ism\u00e9tl\u0151d\u0151 v\u00e1s\u00e1rl\u00e1sok.<\/p>\n<h2>Bang Legend Geek 300K FAQ \u2753<\/h2>\n<h3>H\u00e1ny puffot k\u00edn\u00e1l az Bang Legend Geek 300K?<\/h3>\n<p>Ak\u00e1r <strong>300000 puff<\/strong>, \u00edgy ez az egyik legnagyobb kapacit\u00e1s\u00fa eldobhat\u00f3 p\u00e1rologtat\u00f3.<\/p>\n<h3>Hogyan m\u0171k\u00f6dik a 8 az 1-ben aromarendszer?<\/h3>\n<p>Minden eszk\u00f6z rendelkezik <strong>4 f\u0151 \u00edz<\/strong>. A rendszer 4 automatikus kevert kombin\u00e1ci\u00f3t (1+2, 2+3, 3+4, 4+1) is l\u00e9trehoz, \u00f6sszesen <strong>8 egyedi \u00edzes\u00edt\u00e9si m\u00f3d<\/strong>. \ud83d\udd04<\/p>\n<h3>\u00dajrat\u00f6lthet\u0151 ez a k\u00e9sz\u00fcl\u00e9k?<\/h3>\n<p>Igen. \u00dajrat\u00f6lthet\u0151 akkumul\u00e1torral \u00e9s <strong>USB Type-C<\/strong> t\u00f6lt\u0151port. \u26a1<\/p>\n<h3>Milyen nikotin er\u0151ss\u00e9g\u0171 term\u00e9kek \u00e1llnak rendelkez\u00e9sre?<\/h3>\n<p>T\u00e1mogatja <strong>0%<\/strong>, <strong>2%<\/strong>, <strong>3%<\/strong>, \u00e9s <strong>5%<\/strong> nikotinopci\u00f3k a k\u00fcl\u00f6nb\u00f6z\u0151 piacokra.<\/p>\n<h3>Milyen tekercset haszn\u00e1l?<\/h3>\n<p>Ez egy <strong>h\u00e1l\u00f3s tekercs<\/strong> a sima tal\u00e1latok \u00e9s a gazdag \u00edzkibocs\u00e1t\u00e1s \u00e9rdek\u00e9ben. \u2601\ufe0f<\/p>\n<h3>J\u00f3 a vape shopoknak \u00e9s a nagykereskedelmi megrendel\u00e9seknek?<\/h3>\n<p>Igen. A 8 az 1-ben funkci\u00f3, a mega puffok sz\u00e1ma \u00e9s a futurisztikus kialak\u00edt\u00e1s er\u0151s v\u00e1laszt\u00e1ss\u00e1 teszi ezt a k\u00e9sz\u00fcl\u00e9ket a k\u00f6vetkez\u0151k sz\u00e1m\u00e1ra <strong>kiskereskedelmi polcok<\/strong> \u00e9s <strong>t\u00f6meges eloszt\u00e1s<\/strong>. \ud83d\udce6<\/p>\n<h3>H\u00e1ny \u00edzkombin\u00e1ci\u00f3 \u00e1ll rendelkez\u00e9sre?<\/h3>\n<p>Vannak <strong>13 \u00edzkombin\u00e1ci\u00f3<\/strong> v\u00e1laszthat (12 n\u00e9vre sz\u00f3l\u00f3 kombin\u00e1ci\u00f3 + 1 v\u00e9letlenszer\u0171 vegyes opci\u00f3 a gyors sz\u00e1ll\u00edt\u00e1s \u00e9rdek\u00e9ben).<\/p>","protected":false},"excerpt":{"rendered":"<p>Bang Legend Geek 300K 8 az 1-ben eldobhat\u00f3 vape 300000 puffal, h\u00e1l\u00f3s tekercs, C t\u00edpus\u00fa \u00fajrat\u00f6lt\u00e9s \u00e9s 13 \u00edzkombin\u00e1ci\u00f3. Futurisztikus geek-st\u00edlus\u00fa design t\u00f6bb \u00edz kapcsol\u00e1s\u00e1val - t\u00f6k\u00e9letes a kis- \u00e9s nagykeresked\u0151k sz\u00e1m\u00e1ra. \u2728<\/p>\n<h3>\ud83d\udc49Ez a term\u00e9k rakt\u00e1ron van az EU rakt\u00e1runkban!<\/h3>\n<h4>\ud83c\udf89Ker\u00fcld el a v\u00e1rakoz\u00e1st: <strong>5-7 napos kisz\u00e1ll\u00edt\u00e1s az eur\u00f3pai sz\u00e9khely\u0171<\/strong> rakt\u00e1r (az alap\u00e9rtelmezett <strong>2% nikotiner\u0151ss\u00e9g<\/strong> verzi\u00f3).<\/h4>\n<p><span style=\"font-size: 75%;\"><em>\ud83d\udd39 A legt\u00f6bb megrendel\u00e9st eur\u00f3pai rakt\u00e1runkb\u00f3l sz\u00e1ll\u00edtjuk, ha rendelkez\u00e9sre \u00e1ll. Alkalmank\u00e9nt, ha nincs rakt\u00e1ron, akkor helyette K\u00edn\u00e1b\u00f3l sz\u00e1ll\u00edtunk.<\/em><\/span><\/p>","protected":false},"featured_media":117909,"comment_status":"open","ping_status":"closed","template":"","meta":[],"product_brand":[239],"product_cat":[37,336,320,90,280,76,133,136,137,138,139,141,143,132],"product_tag":[493,547,544,545,546,349,478],"class_list":{"0":"post-117908","1":"product","2":"type-product","3":"status-publish","4":"has-post-thumbnail","6":"product_brand-bang","7":"product_cat-bang","8":"product_cat-100k-puffs-disposable-vape","9":"product_cat-best-disposable-vapes","10":"product_cat-big-puffs-vapes","11":"product_cat-cheap-rechargeable-disposable-vapes","12":"product_cat-disposable-vape-types","13":"product_cat-disposable-vapes-in-europe","14":"product_cat-disposable-vapes-in-france","15":"product_cat-disposable-vapes-in-germany","16":"product_cat-disposable-vapes-in-ltaly","17":"product_cat-disposable-vapes-in-netherlands","18":"product_cat-disposable-vapes-in-poland","19":"product_cat-disposable-vapes-in-spain","20":"product_cat-rechargeable-vapes","21":"product_tag-300000-puffs-vape","22":"product_tag-300k-disposable-vape","23":"product_tag-8-in-1-flavor-vape","24":"product_tag-bang-legend-geek","25":"product_tag-bang-legend-geek-300k","26":"product_tag-bulk-disposable-vape","27":"product_tag-high-puff-disposable-vape","29":"first","30":"instock","31":"shipping-taxable","32":"purchasable","33":"product-type-variable","34":"has-default-attributes"},"jetpack_sharing_enabled":true,"tiered_pricing_type":"fixed","tiered_pricing_fixed_rules":{"30":9.9000000000000003552713678800500929355621337890625,"50":8.5800000000000000710542735760100185871124267578125,"100":7.79000000000000003552713678800500929355621337890625,"200":7.4000000000000003552713678800500929355621337890625,"400":6.8499999999999996447286321199499070644378662109375},"tiered_pricing_product_settings":{"layout":"default","base_unit_name":{"singular":null,"plural":null},"default_variation":null},"tiered_pricing_minimum_quantity":10,"tiered_pricing_roles_data":[],"tiered_pricing_percentage_rules":[],"tiered_pricing_maximum_quantity":null,"tiered_pricing_quantity_step":"10","_links":{"self":[{"href":"https:\/\/aiviouvapes.com\/hu\/wp-json\/wp\/v2\/product\/117908","targetHints":{"allow":["GET"]}}],"collection":[{"href":"https:\/\/aiviouvapes.com\/hu\/wp-json\/wp\/v2\/product"}],"about":[{"href":"https:\/\/aiviouvapes.com\/hu\/wp-json\/wp\/v2\/types\/product"}],"replies":[{"embeddable":true,"href":"https:\/\/aiviouvapes.com\/hu\/wp-json\/wp\/v2\/comments?post=117908"}],"wp:featuredmedia":[{"embeddable":true,"href":"https:\/\/aiviouvapes.com\/hu\/wp-json\/wp\/v2\/media\/117909"}],"wp:attachment":[{"href":"https:\/\/aiviouvapes.com\/hu\/wp-json\/wp\/v2\/media?parent=117908"}],"wp:term":[{"taxonomy":"product_brand","embeddable":true,"href":"https:\/\/aiviouvapes.com\/hu\/wp-json\/wp\/v2\/product_brand?post=117908"},{"taxonomy":"product_cat","embeddable":true,"href":"https:\/\/aiviouvapes.com\/hu\/wp-json\/wp\/v2\/product_cat?post=117908"},{"taxonomy":"product_tag","embeddable":true,"href":"https:\/\/aiviouvapes.com\/hu\/wp-json\/wp\/v2\/product_tag?post=117908"}],"curies":[{"name":"wp","href":"https:\/\/api.w.org\/{rel}","templated":true}]}}