{"id":115739,"date":"2026-03-17T09:45:58","date_gmt":"2026-03-17T01:45:58","guid":{"rendered":"https:\/\/aiviouvapes.com\/?post_type=product&#038;p=115739"},"modified":"2026-04-07T10:00:10","modified_gmt":"2026-04-07T02:00:10","slug":"happ-bar-gr100k-pro","status":"publish","type":"product","link":"https:\/\/aiviouvapes.com\/hu\/product\/happ-bar-gr100k-pro\/","title":{"rendered":"Happ Bar GR100K Pro | 100000 puff, 56ml, h\u00e1l\u00f3s tekercs, 15 \u00edz, \u00f6mlesztett eldobhat\u00f3 vape"},"content":{"rendered":"<h2>Ismerje meg az Happ Bar GR100K Pro-t \ud83d\udd25<\/h2>\n<p>Egy eldobhat\u00f3 vape-t keres, ami csak \u00fagy megy? A <strong>Happ Bar GR100K Pro<\/strong> ak\u00e1r <strong>100 000 sz\u00edv\u00e1s<\/strong> egy hatalmas <strong>56ml<\/strong> e-folyad\u00e9k kapacit\u00e1s, mindez egy eleg\u00e1ns, szemet gy\u00f6ny\u00f6rk\u00f6dtet\u0151 diz\u00e1jnba csomagolva. Ez a leg\u00fajabb \u00e9s leger\u0151sebb k\u00e9sz\u00fcl\u00e9k az Happ Bar GR sorozatban - olyan vaperek sz\u00e1m\u00e1ra k\u00e9sz\u00fclt, akik nem akarj\u00e1k folyton cser\u00e9lgetni a k\u00e9sz\u00fcl\u00e9k\u00fcket, \u00e9s okos kieg\u00e9sz\u00edt\u0151 a nagy kereslet\u0171 term\u00e9ket keres\u0151 \u00fczletek \u00e9s nagykeresked\u0151k sz\u00e1m\u00e1ra.<\/p>\n<h2>Mi\u00e9rt v\u00e1lassza az Happ Bar GR100K Pro-t? \u2705<\/h2>\n<ul>\n<li><strong>Ak\u00e1r 100 000 sz\u00edv\u00e1s<\/strong> az ultra-hossz\u00fa \u00e9lettartam\u00fa p\u00e1rologtat\u00e1shoz - kevesebb csere, t\u00f6bb \u00e9lvezet \ud83d\udd25<\/li>\n<li><strong>56ml e-folyad\u00e9k kapacit\u00e1s<\/strong> \u00edgy hetekig tudsz vape-zni an\u00e9lk\u00fcl, hogy elfogyna.<\/li>\n<li><strong>1.0\u03a9 h\u00e1l\u00f3s tekercs<\/strong> a sima, egyenletes \u00e9s \u00edzletes g\u0151z\u00e9rt minden alkalommal \u2601\ufe0f<\/li>\n<li><strong>650mAh \u00fajrat\u00f6lthet\u0151 akkumul\u00e1tor<\/strong> C-t\u00edpus\u00fa t\u00f6lt\u00e9ssel a gyors felt\u00f6lt\u00e9shez \u26a1<\/li>\n<li><strong>15 finom \u00edz<\/strong> a gy\u00fcm\u00f6lcs\u00f6s, jeges \u00e9s klasszikus kever\u00e9kekt\u0151l kezdve \ud83c\udf53<\/li>\n<li><strong>Nikotinopci\u00f3k: 2% \u00e9s 5%<\/strong> a k\u00fcl\u00f6nb\u00f6z\u0151 piacoknak \u00e9s preferenci\u00e1knak megfelel\u0151en<\/li>\n<li><strong>Ikonikus GR sorozat\u00fa formatervez\u00e9s<\/strong>-a n\u00e9pszer\u0171 GR30K \u00e9s GR50K modellekb\u0151l tov\u00e1bbfejlesztve<\/li>\n<li><strong>Nagyszer\u0171 \u00fczleteknek \u00e9s nagykereskedelemnek<\/strong>-nagy ig\u00e9ny\u0171 100K puff kateg\u00f3ria, amely gyorsan mozog \ud83d\udce6<\/li>\n<\/ul>\n<h2>Happ Bar GR100K Pro m\u0171szaki adatok \ud83d\udccc<\/h2>\n<table>\n<tbody>\n<tr>\n<td><strong>Term\u00e9k neve<\/strong><\/td>\n<td>Happ Bar GR100K Pro Eldobhat\u00f3 Vape<\/td>\n<\/tr>\n<tr>\n<td><strong>Max Puffs<\/strong><\/td>\n<td>Ak\u00e1r 100 000 sz\u00edv\u00e1s<\/td>\n<\/tr>\n<tr>\n<td><strong>E-folyad\u00e9k kapacit\u00e1s<\/strong><\/td>\n<td>56ml<\/td>\n<\/tr>\n<tr>\n<td><strong>Tekercs<\/strong><\/td>\n<td>Mesh Coil 1.0\u03a9<\/td>\n<\/tr>\n<tr>\n<td><strong>Nikotin er\u0151ss\u00e9ge<\/strong><\/td>\n<td>2% \/ 5%<\/td>\n<\/tr>\n<tr>\n<td><strong>Akkumul\u00e1tor<\/strong><\/td>\n<td>650mAh<\/td>\n<\/tr>\n<tr>\n<td><strong>T\u00f6lt\u00e9s<\/strong><\/td>\n<td>USB Type-C \u00fajrat\u00f6lthet\u0151<\/td>\n<\/tr>\n<\/tbody>\n<\/table>\n<h2>Happ Bar GR100K Pro \u00edzlista \ud83c\udf53\ud83c\udf49\ud83c\udf49\ud83e\uddca<\/h2>\n<p>A GR100K Pro a k\u00f6vetkez\u0151 kivitelben kaphat\u00f3 <strong>15 csod\u00e1latos \u00edz<\/strong>-a friss\u00edt\u0151 jeges gy\u00fcm\u00f6lcs\u00f6kt\u0151l az \u00e9des \u00e9dess\u00e9gek ihlette kever\u00e9kekig. Minden \u00edzl\u00e9sre van valami!<\/p>\n<ul>\n<li><strong>K\u00f3kuszdi\u00f3-dinnye j\u00e9g<\/strong> - kr\u00e9mes k\u00f3kuszdi\u00f3 tal\u00e1lkozik az \u00e9des dinny\u00e9vel, h\u0171v\u00f6s befejez\u00e9ssel \ud83e\udd65\ud83c\udf48<\/li>\n<li><strong>R\u00f3zsasz\u00edn limon\u00e1d\u00e9<\/strong> - \u00e9des \u00e9s fanyar r\u00f3zsasz\u00edn limon\u00e1d\u00e9, f\u00e9nyes \u00e9s friss\u00edt\u0151 \ud83c\udf4b\ud83d\udc97<\/li>\n<li><strong>Citrom j\u00e9ges\u0151<\/strong> - pik\u00e1ns citrom egy jeges fuvallattal \ud83c\udf4b\ud83e\uddca<\/li>\n<li><strong>San Francisco<\/strong> - a narancs, a citrom \u00e9s az \u0151szibarack egyed\u00fcl\u00e1ll\u00f3 kever\u00e9ke \ud83c\udf4a\ud83c\udf51<\/li>\n<li><strong>Tr\u00f3pusi gy\u00fcm\u00f6lcs j\u00e9g<\/strong> - egzotikus tr\u00f3pusi gy\u00fcm\u00f6lcs\u00f6k chilly r\u00fag\u00e1ssal \ud83c\udf34\u2744\ufe0f<\/li>\n<li><strong>Blue Mountain<\/strong> - h\u0171v\u00f6s menta piros bogy\u00f3s gy\u00fcm\u00f6lcs\u00f6kkel keverve \ud83e\uded0\ud83e\uddca<\/li>\n<li><strong>Szerelem 66<\/strong> - \u00e9des, titokzatos, \u00e9dess\u00e9g ihlette \u00edz \ud83d\udc9c<\/li>\n<li><strong>Eper Kiwi<\/strong> - klasszikus eper \u00e9s kivi kombin\u00e1ci\u00f3, friss \u00e9s gy\u00fcm\u00f6lcs\u00f6s \ud83c\udf53\ud83e\udd5d<\/li>\n<li><strong>G\u00f6r\u00f6gdinnye j\u00e9g<\/strong> - l\u00e9d\u00fas g\u00f6r\u00f6gdinnye fagyos befejez\u00e9ssel \ud83c\udf49\u2744\ufe0f<\/li>\n<li><strong>Fekete s\u00e1rk\u00e1ny eper j\u00e9g<\/strong> - mer\u00e9sz s\u00e1rk\u00e1nygy\u00fcm\u00f6lcs tal\u00e1lkozik az \u00e9des eperrel j\u00e9ggel \ud83d\udc09\ud83c\udf53<\/li>\n<li><strong>Eper g\u00f6r\u00f6gdinnye<\/strong> - \u00e9des eper \u00e9s g\u00f6r\u00f6gdinnye du\u00f3 \ud83c\udf53\ud83c\udf49<\/li>\n<li><strong>Mr Blue<\/strong> - egy h\u0171v\u00f6s, k\u00e9k m\u00e1ln\u00e1s klasszikus \ud83d\udc99<\/li>\n<li><strong>Barackos j\u00e9ges\u0151<\/strong> - \u00e9rett \u0151szibarack jeges viharral \ud83c\udf51\ud83e\uddca<\/li>\n<li><strong>Ny\u00e1ri \u00e1lom<\/strong> - egy l\u00e1gy, gy\u00fcm\u00f6lcs\u00f6s ny\u00e1ri kever\u00e9k \ud83c\udf1e<\/li>\n<li><strong>K\u00e9k eper j\u00e9g<\/strong> - \u00e1fonya \u00e9s eper egy h\u0171v\u00f6s csavarral \ud83e\uded0\ud83c\udf53\u2744\ufe0f<\/li>\n<\/ul>\n<h2>K\u00e9sz\u00fclt a kiskereskedelmi + nagykereskedelmi siker\u00e9rt \ud83c\udfea\ud83d\udce6<\/h2>\n<p>A <strong>Happ Bar GR100K Pro<\/strong> t\u00f6k\u00e9letesen illik a <strong>er\u0151s p\u00e1rologtat\u00f3k<\/strong> akik tart\u00f3s k\u00e9sz\u00fcl\u00e9ket szeretn\u00e9nek, <strong>\u00edzek szerelmesei<\/strong> akik a v\u00e1ltozatoss\u00e1got \u00e9lvezik a 15 lehet\u0151s\u00e9ggel, \u00e9s <strong>vape \u00fczletek<\/strong> pr\u00e9mium kateg\u00f3ri\u00e1s polcvonzer\u0151t keres az ikonikus GR sorozat\u00fa diz\u00e1jnnal. A <strong>forgalmaz\u00f3k \u00e9s nagykeresked\u0151k<\/strong>, a 100K puff kateg\u00f3ria az egyik leggyorsabban n\u00f6vekv\u0151 szegmens - ez a k\u00e9sz\u00fcl\u00e9k minden dobozt ellen\u0151riz a magas puffsz\u00e1mmal, a nagyvonal\u00fa e-folyad\u00e9k kapacit\u00e1ssal \u00e9s a sz\u00e9les \u00edzv\u00e1laszt\u00e9kkal.<\/p>\n<h2>Happ Bar GR100K Pro GYIK \u2753<\/h2>\n<h3>H\u00e1ny slukkot ad az Happ Bar GR100K Pro?<\/h3>\n<p>Ak\u00e1r <strong>100 000 sz\u00edv\u00e1s<\/strong>, \u00edgy ez az egyik legtart\u00f3sabb eldobhat\u00f3 p\u00e1rologtat\u00f3. \ud83d\udd25<\/p>\n<h3>\u00dajrat\u00f6lthet\u0151 az Happ Bar GR100K Pro?<\/h3>\n<p>Igen! Van egy <strong>650mAh<\/strong> akkumul\u00e1torral <strong>USB Type-C<\/strong> t\u00f6lt\u00e9s a gyors \u00e9s egyszer\u0171 \u00fajrat\u00f6lt\u00e9s \u00e9rdek\u00e9ben. \u26a1<\/p>\n<h3>Milyen nikotin er\u0151ss\u00e9g\u0171 term\u00e9kek \u00e1llnak rendelkez\u00e9sre?<\/h3>\n<p>A k\u00f6vetkez\u0151 form\u00e1ban \u00e9rkezik <strong>2%<\/strong> \u00e9s <strong>5%<\/strong> a k\u00fcl\u00f6nb\u00f6z\u0151 preferenci\u00e1knak \u00e9s piaci szab\u00e1lyoz\u00e1soknak megfelel\u0151 nikotinszintek.<\/p>\n<h3>Milyen tekercset haszn\u00e1l a GR100K Pro?<\/h3>\n<p>Ez egy <strong>1.0\u03a9 h\u00e1l\u00f3s tekercs<\/strong> a sima, egyenletes \u00e9s \u00edzletes g\u0151ztermel\u00e9s\u00e9rt. \u2601\ufe0f<\/p>\n<h3>Mennyi e-folyad\u00e9k van benne?<\/h3>\n<p>El\u0151re meg van t\u00f6ltve <strong>56ml<\/strong> pr\u00e9mium e-folyad\u00e9k a hosszabb g\u0151z\u00f6l\u00e9si id\u0151 \u00e9rdek\u00e9ben.<\/p>\n<h3>H\u00e1nyf\u00e9le \u00edzben kaphat\u00f3?<\/h3>\n<p>Vannak <strong>15 \u00edz<\/strong> amelyek k\u00f6z\u00fcl v\u00e1laszthatsz, k\u00f6zt\u00fck gy\u00fcm\u00f6lcs\u00f6s, jeges, cukork\u00e1s \u00e9s tr\u00f3pusi v\u00e1ltozatok. \ud83c\udf53<\/p>\n<h3>J\u00f3 a vape shopoknak \u00e9s a nagykereskedelmi megrendel\u00e9seknek?<\/h3>\n<p>Abszol\u00fat. A 100K puff kateg\u00f3ria rendk\u00edv\u00fcl n\u00e9pszer\u0171, \u00e9s a GR sorozat er\u0151s m\u00e1rkaismerts\u00e9ggel rendelkezik, \u00edgy kiv\u00e1l\u00f3 v\u00e1laszt\u00e1s a k\u00f6vetkez\u0151k sz\u00e1m\u00e1ra. <strong>kiskereskedelmi polcok<\/strong> \u00e9s <strong>t\u00f6meges eloszt\u00e1s<\/strong>. \ud83d\udce6<\/p>","protected":false},"excerpt":{"rendered":"<p>Happ Bar GR100K Pro eldobhat\u00f3 vape 100000 puffol\u00e1ssal, 56ml e-folyad\u00e9kkal, h\u00e1l\u00f3s tekercs \u00e9s C t\u00edpus\u00fa \u00fajrat\u00f6lt\u00e9s. 15 mer\u00e9sz \u00edz k\u00f6z\u00fcl v\u00e1laszthat - t\u00f6k\u00e9letes a kis- \u00e9s nagykeresked\u0151k sz\u00e1m\u00e1ra. \u2728<\/p>","protected":false},"featured_media":115780,"comment_status":"open","ping_status":"closed","template":"","meta":[],"product_brand":[531],"product_cat":[336,320,90,280,133,522,521,132],"product_tag":[428,447,446,479,523,525,524,358],"class_list":{"0":"post-115739","1":"product","2":"type-product","3":"status-publish","4":"has-post-thumbnail","6":"product_brand-happ","7":"product_cat-100k-puffs-disposable-vape","8":"product_cat-best-disposable-vapes","9":"product_cat-big-puffs-vapes","10":"product_cat-cheap-rechargeable-disposable-vapes","11":"product_cat-disposable-vapes-in-europe","12":"product_cat-happ-bar","13":"product_cat-new","14":"product_cat-rechargeable-vapes","15":"product_tag-100000-puffs-disposable-vape","16":"product_tag-100000-puffs-vape-wholesale","17":"product_tag-100k-disposable-vape","18":"product_tag-100k-puffs-vape","19":"product_tag-happ-bar","20":"product_tag-happ-bar-disposable-vape","21":"product_tag-happ-bar-gr100k-pro","22":"product_tag-rechargeable-100000-puff-disposable-vape","24":"first","25":"instock","26":"shipping-taxable","27":"purchasable","28":"product-type-variable","29":"has-default-attributes"},"jetpack_sharing_enabled":true,"tiered_pricing_type":"fixed","tiered_pricing_fixed_rules":{"100":7.38999999999999968025576890795491635799407958984375,"200":6.87000000000000010658141036401502788066864013671875,"400":6.61000000000000031974423109204508364200592041015625},"tiered_pricing_product_settings":{"layout":"default","base_unit_name":{"singular":null,"plural":null},"default_variation":null},"tiered_pricing_minimum_quantity":50,"tiered_pricing_roles_data":[],"tiered_pricing_percentage_rules":[],"tiered_pricing_maximum_quantity":null,"tiered_pricing_quantity_step":"10","_links":{"self":[{"href":"https:\/\/aiviouvapes.com\/hu\/wp-json\/wp\/v2\/product\/115739","targetHints":{"allow":["GET"]}}],"collection":[{"href":"https:\/\/aiviouvapes.com\/hu\/wp-json\/wp\/v2\/product"}],"about":[{"href":"https:\/\/aiviouvapes.com\/hu\/wp-json\/wp\/v2\/types\/product"}],"replies":[{"embeddable":true,"href":"https:\/\/aiviouvapes.com\/hu\/wp-json\/wp\/v2\/comments?post=115739"}],"wp:featuredmedia":[{"embeddable":true,"href":"https:\/\/aiviouvapes.com\/hu\/wp-json\/wp\/v2\/media\/115780"}],"wp:attachment":[{"href":"https:\/\/aiviouvapes.com\/hu\/wp-json\/wp\/v2\/media?parent=115739"}],"wp:term":[{"taxonomy":"product_brand","embeddable":true,"href":"https:\/\/aiviouvapes.com\/hu\/wp-json\/wp\/v2\/product_brand?post=115739"},{"taxonomy":"product_cat","embeddable":true,"href":"https:\/\/aiviouvapes.com\/hu\/wp-json\/wp\/v2\/product_cat?post=115739"},{"taxonomy":"product_tag","embeddable":true,"href":"https:\/\/aiviouvapes.com\/hu\/wp-json\/wp\/v2\/product_tag?post=115739"}],"curies":[{"name":"wp","href":"https:\/\/api.w.org\/{rel}","templated":true}]}}