{"id":114776,"date":"2026-03-12T11:41:24","date_gmt":"2026-03-12T03:41:24","guid":{"rendered":"https:\/\/aiviouvapes.com\/?post_type=product&#038;p=114776"},"modified":"2026-03-28T12:20:07","modified_gmt":"2026-03-28T04:20:07","slug":"bang-leader-350k","status":"publish","type":"product","link":"https:\/\/aiviouvapes.com\/hu\/product\/bang-leader-350k\/","title":{"rendered":"Bang Leader 350K | 8 \u00edz, 8 az 1-ben, 350000 puff, intelligens kijelz\u0151, \u00f6mlesztett eldobhat\u00f3 vape"},"content":{"rendered":"<p><img data-recalc-dims=\"1\" loading=\"lazy\" decoding=\"async\" class=\"alignnone size-full wp-image-114792\" src=\"https:\/\/i0.wp.com\/aiviouvapes.com\/wp-content\/uploads\/2026\/03\/BANG-LEADER-350K-16.jpg?resize=1020%2C605&#038;ssl=1\" alt=\"Bang Leader 350K\" width=\"1020\" height=\"605\" title=\"\" srcset=\"https:\/\/i0.wp.com\/aiviouvapes.com\/wp-content\/uploads\/2026\/03\/BANG-LEADER-350K-16.jpg?w=1920&amp;ssl=1 1920w, https:\/\/i0.wp.com\/aiviouvapes.com\/wp-content\/uploads\/2026\/03\/BANG-LEADER-350K-16.jpg?resize=300%2C178&amp;ssl=1 300w, https:\/\/i0.wp.com\/aiviouvapes.com\/wp-content\/uploads\/2026\/03\/BANG-LEADER-350K-16.jpg?resize=1024%2C607&amp;ssl=1 1024w, https:\/\/i0.wp.com\/aiviouvapes.com\/wp-content\/uploads\/2026\/03\/BANG-LEADER-350K-16.jpg?resize=768%2C455&amp;ssl=1 768w, https:\/\/i0.wp.com\/aiviouvapes.com\/wp-content\/uploads\/2026\/03\/BANG-LEADER-350K-16.jpg?resize=1536%2C910&amp;ssl=1 1536w, https:\/\/i0.wp.com\/aiviouvapes.com\/wp-content\/uploads\/2026\/03\/BANG-LEADER-350K-16.jpg?resize=18%2C12&amp;ssl=1 18w, https:\/\/i0.wp.com\/aiviouvapes.com\/wp-content\/uploads\/2026\/03\/BANG-LEADER-350K-16.jpg?resize=800%2C474&amp;ssl=1 800w\" sizes=\"auto, (max-width: 1020px) 100vw, 1020px\" \/><\/p>\n<p>Pr\u00e9mium mega puff vape-t keres nagykereskedelemre? Az Bang Leader 350K egyes\u00edti a hossz\u00fa haszn\u00e1lati id\u0151t, a sima \u00edzkibocs\u00e1t\u00e1st, az OEM \/ ODM testreszab\u00e1st \u00e9s a rugalmas nikotinopci\u00f3kat a glob\u00e1lis piacok sz\u00e1m\u00e1ra.<\/p>\n<h3>Mi\u00e9rt v\u00e1lassza az Bang Leader 350K-t?<\/h3>\n<ul>\n<li>\ud83d\udd25 Ak\u00e1r 350000 f\u00faj\u00e1s a hossz\u00fa t\u00e1v\u00fa haszn\u00e1lathoz<\/li>\n<li>\ud83c\udf08 8-in-1 \u00edzv\u00e1lt\u00f3 kialak\u00edt\u00e1s a nagyobb v\u00e1ltozatoss\u00e1g\u00e9rt egy eszk\u00f6zben<\/li>\n<li>\u26a1 \u00dajrat\u00f6lthet\u0151 C t\u00edpus\u00fa t\u00f6lt\u0151porttal<\/li>\n<li>\ud83d\udca8 1.0 h\u00e1l\u00f3s tekercs a sim\u00e1bb \u00edz\u00e9rt \u00e9s a stabil g\u0151z\u00e9rt<\/li>\n<li>\ud83d\udd0b 17350 850mAh akkumul\u00e1torral \u00e9p\u00fclt<\/li>\n<li>\ud83d\udee0\ufe0f OEM\/ODM t\u00e1mogat\u00e1s egyedi m\u00e1rkaprojektekhez<\/li>\n<li>\ud83c\udf0d A csomagol\u00e1s nyelve testreszabhat\u00f3 angol, orosz, spanyol \u00e9s m\u00e1s nyelveken is<\/li>\n<li>\ud83e\uddea Nikotin er\u0151ss\u00e9g\u0171 opci\u00f3k: 0%, 2%, 3%, 5%<\/li>\n<li>\ud83c\udfea Nagyszer\u0171 a vape nagykeresked\u0151k, forgalmaz\u00f3k \u00e9s kiskereskedelmi vape \u00fczletek sz\u00e1m\u00e1ra<\/li>\n<\/ul>\n<h3>Bang Leader 350K \u00c1ttekint\u00e9s<\/h3>\n<p>Az Bang Leader 350K olyan \u00fcgyfelek sz\u00e1m\u00e1ra k\u00e9sz\u00fclt, akik nagyon magas puffsz\u00e1mot \u00e9s t\u00f6bb \u00edzv\u00e1laszt\u00e9kot szeretn\u00e9nek egy eldobhat\u00f3 vape-ben. A 8 az 1-ben be\u00e1ll\u00edt\u00e1s 4 f\u0151 \u00edzt \u00e9s 4 vegyes \u00edzkombin\u00e1ci\u00f3t biztos\u00edt a felhaszn\u00e1l\u00f3knak, \u00edgy a p\u00e1rol\u00e1si \u00e9lm\u00e9ny \u00e9rdekesebb\u00e9 \u00e9s rugalmasabb\u00e1 v\u00e1lik. Ez k\u00fcl\u00f6n\u00f6sen vonz\u00f3v\u00e1 teszi a k\u00e9sz\u00fcl\u00e9ket azon \u00fcgyfelek sz\u00e1m\u00e1ra, akik szeretnek \u00edzeket v\u00e1ltogatni an\u00e9lk\u00fcl, hogy t\u00f6bb vap\u00e9t hordozn\u00e1nak magukkal.<\/p>\n<p>A B2B v\u00e1s\u00e1rl\u00f3k sz\u00e1m\u00e1ra ez a modell komoly kereskedelmi \u00e9rt\u00e9kkel is b\u00edr. T\u00e1mogatja az OEM\/ODM szolg\u00e1ltat\u00e1st, a t\u00f6bbf\u00e9le nikotinv\u00e1laszt\u00e9kot \u00e9s a t\u00f6bbnyelv\u0171 csomagol\u00e1st, ami seg\u00edti a forgalmaz\u00f3kat a term\u00e9k k\u00fcl\u00f6nb\u00f6z\u0151 piacokhoz val\u00f3 igaz\u00edt\u00e1s\u00e1ban. Mer\u00e9sz megjelen\u00e9se, nagy kapacit\u00e1sa \u00e9s \u00edzekben gazdag koncepci\u00f3ja alkalmass\u00e1 teszi arra, hogy a vape boltokban \u00e9s nagykereskedelmi katal\u00f3gusokban z\u00e1szl\u00f3shaj\u00f3nak sz\u00e1m\u00edt\u00f3, magas puffaszt\u00e1s\u00fa term\u00e9k legyen.<\/p>\n<p>Az Bang Leader 350K egy mer\u00e9sz mega puff eldobhat\u00f3 vape, amely olyan v\u00e1s\u00e1rl\u00f3k sz\u00e1m\u00e1ra k\u00e9sz\u00fclt, akik hossz\u00fa haszn\u00e1lati id\u0151t, gazdagabb v\u00e1laszt\u00e9kot \u00e9s er\u0151s piaci vonzer\u0151t szeretn\u00e9nek. A 8 az 1-ben \u00edzkombin\u00e1ci\u00f3kkal, az \u00fajrat\u00f6lthet\u0151 Type-C kialak\u00edt\u00e1ssal, a h\u00e1l\u00f3s tekercs kimenettel \u00e9s az OEM\/ODM t\u00e1mogat\u00e1ssal er\u0151teljes opci\u00f3 a neh\u00e9z felhaszn\u00e1l\u00f3k, az \u00edzek \u00fcld\u00f6z\u0151i, a vape shopok \u00e9s a glob\u00e1lis nagykereskedelmi v\u00e1s\u00e1rl\u00f3k sz\u00e1m\u00e1ra. Ha egy pr\u00e9mium min\u0151s\u00e9g\u0171, magas puffaszt\u00e1s\u00fa term\u00e9ket szeretne a katal\u00f3gus\u00e1nak meger\u0151s\u00edt\u00e9s\u00e9hez, az Bang Leader 350K egy er\u0151s z\u00e1szl\u00f3shaj\u00f3jel\u00f6lt.<\/p>\n<h3>Bang Leader 350K M\u0171szaki adatok<\/h3>\n<table>\n<tbody>\n<tr>\n<th>Jellemz\u0151<\/th>\n<th>R\u00e9szletek<\/th>\n<\/tr>\n<tr>\n<td>Term\u00e9k neve<\/td>\n<td>Bang Leader 350K<\/td>\n<\/tr>\n<tr>\n<td>Eszk\u00f6z t\u00edpusa<\/td>\n<td>8 az 1-ben eldobhat\u00f3 vape<\/td>\n<\/tr>\n<tr>\n<td>Puff sz\u00e1m<\/td>\n<td>Ak\u00e1r 350000 f\u00faj\u00e1s<\/td>\n<\/tr>\n<tr>\n<td>Akkumul\u00e1tor<\/td>\n<td>17350 850mAh<\/td>\n<\/tr>\n<tr>\n<td>Tekercs t\u00edpusa<\/td>\n<td>1,0 szemes tekercs<\/td>\n<\/tr>\n<tr>\n<td>T\u00f6lt\u0151port<\/td>\n<td>C-t\u00edpus\u00fa<\/td>\n<\/tr>\n<tr>\n<td>Nikotin er\u0151ss\u00e9ge<\/td>\n<td>0% \/ 2% \/ 3% \/ 5%<\/td>\n<\/tr>\n<tr>\n<td>Testreszab\u00e1s<\/td>\n<td>OEM \/ ODM t\u00e1mogatott<\/td>\n<\/tr>\n<tr>\n<td>Csomagol\u00e1si nyelvek<\/td>\n<td>angol \/ orosz \/ spanyol \/ egy\u00e9ni nyelvek<\/td>\n<\/tr>\n<tr>\n<td>Egyetlen eszk\u00f6z s\u00falya<\/td>\n<td>140g<\/td>\n<\/tr>\n<tr>\n<td>10 Eszk\u00f6z\u00f6k S\u00faly<\/td>\n<td>1400g<\/td>\n<\/tr>\n<tr>\n<td>Kartondoboz Mennyis\u00e9g<\/td>\n<td>200 db<\/td>\n<\/tr>\n<tr>\n<td>Karton m\u00e9rete<\/td>\n<td>51.5 \u00d7 51.5 \u00d7 30.5 cm<\/td>\n<\/tr>\n<tr>\n<td>Karton s\u00falya<\/td>\n<td>28kg (a doboz k\u00fcls\u0151 s\u00falya n\u00e9lk\u00fcl)<\/td>\n<\/tr>\n<tr>\n<td>MOQ<\/td>\n<td>10 db egyf\u00e9le \u00edz\u0171 k\u00e9szletben<\/td>\n<\/tr>\n<\/tbody>\n<\/table>\n<h3><img data-recalc-dims=\"1\" loading=\"lazy\" decoding=\"async\" class=\"alignnone size-full wp-image-114777\" src=\"https:\/\/i0.wp.com\/aiviouvapes.com\/wp-content\/uploads\/2026\/03\/BANG-LEADER-350K-1.jpg?resize=1020%2C372&#038;ssl=1\" alt=\"Bang Leader 350K\" width=\"1020\" height=\"372\" title=\"\" srcset=\"https:\/\/i0.wp.com\/aiviouvapes.com\/wp-content\/uploads\/2026\/03\/BANG-LEADER-350K-1.jpg?w=1920&amp;ssl=1 1920w, https:\/\/i0.wp.com\/aiviouvapes.com\/wp-content\/uploads\/2026\/03\/BANG-LEADER-350K-1.jpg?resize=300%2C109&amp;ssl=1 300w, https:\/\/i0.wp.com\/aiviouvapes.com\/wp-content\/uploads\/2026\/03\/BANG-LEADER-350K-1.jpg?resize=1024%2C373&amp;ssl=1 1024w, https:\/\/i0.wp.com\/aiviouvapes.com\/wp-content\/uploads\/2026\/03\/BANG-LEADER-350K-1.jpg?resize=768%2C280&amp;ssl=1 768w, https:\/\/i0.wp.com\/aiviouvapes.com\/wp-content\/uploads\/2026\/03\/BANG-LEADER-350K-1.jpg?resize=1536%2C560&amp;ssl=1 1536w, https:\/\/i0.wp.com\/aiviouvapes.com\/wp-content\/uploads\/2026\/03\/BANG-LEADER-350K-1.jpg?resize=18%2C7&amp;ssl=1 18w, https:\/\/i0.wp.com\/aiviouvapes.com\/wp-content\/uploads\/2026\/03\/BANG-LEADER-350K-1.jpg?resize=800%2C292&amp;ssl=1 800w\" sizes=\"auto, (max-width: 1020px) 100vw, 1020px\" \/><\/h3>\n<h3>\u00cdzkombin\u00e1ci\u00f3k<\/h3>\n<p>Az Bang Leader 350K innovat\u00edv <strong>8 az 1-ben \u00edzv\u00e1lt\u00f3 rendszer<\/strong>. Minden k\u00e9sz\u00fcl\u00e9k n\u00e9gy alap\u00edzt \u00e9s n\u00e9gy automatikus kever\u00e9kkombin\u00e1ci\u00f3t tartalmaz (1+2, 2+3, 3+4 \u00e9s 4+1), \u00edgy a felhaszn\u00e1l\u00f3k egy vape-ben \u00e9lvezhetik a tiszta \u00edzeket \u00e9s a kevert \u00edzeket is.<\/p>\n<p>Az \u00edzk\u00e9szletek a n\u00e9pszer\u0171 profilok sz\u00e9les sk\u00e1l\u00e1j\u00e1t fedik le. N\u00e9h\u00e1nyan a k\u00f6vetkez\u0151kre \u00f6sszpontos\u00edtanak <strong>h\u0171v\u00f6s gy\u00fcm\u00f6lcs klasszikusok<\/strong> mint a Blue Razz Ice, a Watermelon Ice, az Strawberry Ice \u00e9s a Lemon Lime. M\u00e1sok <strong>\u00e9des bogy\u00f3s gy\u00fcm\u00f6lcs\u00f6k \u00e9s tr\u00f3pusi kever\u00e9kek<\/strong> mint p\u00e9ld\u00e1ul az \u00e1fony\u00e1s j\u00e9g, a tr\u00f3pusi gy\u00fcm\u00f6lcs, az alma-kiwi j\u00e9g \u00e9s a Blue Razz Cherry.<\/p>\n<p>Vannak j\u00e1t\u00e9kosabb kombin\u00e1ci\u00f3k is, amelyeket italok \u00e9s desszertek ihlettek, p\u00e9ld\u00e1ul Cherry Cola, Pink Lemonade, Mango Passion Fruit \u00e9s Lemon Peach. A tr\u00f3pusok kedvel\u0151i sz\u00e1m\u00e1ra az olyan \u00edzek, mint az Anan\u00e1szos k\u00f3kuszos j\u00e9g, a Kiwi Passion Fruit Guava \u00e9s a Barackos mang\u00f3 g\u00f6r\u00f6gdinnye gazdagabb egzotikus \u00edzt k\u00edn\u00e1lnak.<\/p>\n<p>Sok k\u00e9szlet kiemeli a n\u00e9pszer\u0171 bogy\u00f3s gy\u00fcm\u00f6lcs\u00f6s \u00e9s g\u00f6r\u00f6gdinny\u00e9s kever\u00e9keket, mint p\u00e9ld\u00e1ul az Eper g\u00f6r\u00f6gdinnye, a M\u00e1lna g\u00f6r\u00f6gdinnye, az \u00c1fonya m\u00e1lna \u00e9s az Eper ban\u00e1n, m\u00edg m\u00e1sok olyan egyedi \u00edzeket tartalmaznak, mint a Dragonfruit Ice, a Cherry Pomegranate, a Love 66 \u00e9s a j\u00f3l ismert Fucking Fab profil.<\/p>\n<p>\u00d6sszess\u00e9g\u00e9ben az Bang Leader 350K \u00edzv\u00e1laszt\u00e9k\u00e1t \u00fagy tervezt\u00e9k, hogy az \u00e9lm\u00e9ny friss \u00e9s \u00e9rdekes maradjon. Ak\u00e1r a jeges gy\u00fcm\u00f6lcs\u00f6ket, a tr\u00f3pusi kever\u00e9keket, az \u00e9des bogy\u00f3s gy\u00fcm\u00f6lcs\u00f6ket, ak\u00e1r az ital jelleg\u0171 \u00edzeket kedvelik a felhaszn\u00e1l\u00f3k, a t\u00f6bb \u00edz\u0171 kapcsol\u00f3rendszer megk\u00f6nny\u00edti a k\u00fcl\u00f6nb\u00f6z\u0151 \u00edzek felfedez\u00e9s\u00e9t k\u00e9sz\u00fcl\u00e9kv\u00e1lt\u00e1s n\u00e9lk\u00fcl.<\/p>\n<h3>Ki sz\u00e1m\u00e1ra a legjobb ez a Vape?<\/h3>\n<ul>\n<li>S\u00falyos felhaszn\u00e1l\u00f3k, akik hossz\u00fa \u00e9lettartam\u00fa, magas puffaszt\u00e1s\u00fa k\u00e9sz\u00fcl\u00e9ket szeretn\u00e9nek<\/li>\n<li>\u00cdzek hajszol\u00f3i, akik szeretnek t\u00f6bb \u00edz k\u00f6z\u00f6tt v\u00e1ltogatni<\/li>\n<li>Vape \u00fczletek, amelyek egy kiemelked\u0151 z\u00e1szl\u00f3shaj\u00f3 eldobhat\u00f3 vape-t szeretn\u00e9nek<\/li>\n<li>Nagykeresked\u0151k \u00e9s forgalmaz\u00f3k, akik OEM-k\u00e9sz mega puff term\u00e9keket keresnek<\/li>\n<li>Exportv\u00e1s\u00e1rl\u00f3k, akiknek rugalmas nikotin \u00e9s csomagol\u00e1si lehet\u0151s\u00e9gekre van sz\u00fcks\u00e9g\u00fck<\/li>\n<\/ul>\n<h3>GYIK<\/h3>\n<h4>1. H\u00e1ny puffot k\u00edn\u00e1l az Bang Leader 350K?<\/h4>\n<p>Az Bang Leader 350K ak\u00e1r 350000 puffot is k\u00edn\u00e1l, \u00edgy ez egy ultra nagy kapacit\u00e1s\u00fa eldobhat\u00f3 vape hossz\u00fa t\u00e1v\u00fa haszn\u00e1latra.<\/p>\n<h4>2. Az Bang Leader 350K \u00fajrat\u00f6lthet\u0151?<\/h4>\n<p>Igen. T\u00e1mogatja a C-t\u00edpus\u00fa t\u00f6lt\u00e9st, ami seg\u00edt a felhaszn\u00e1l\u00f3knak, hogy k\u00e9nyelmesebben \u00e9lvezhess\u00e9k a k\u00e9sz\u00fcl\u00e9k teljes kapacit\u00e1s\u00e1t.<\/p>\n<h4>3. Milyen akkumul\u00e1tort haszn\u00e1l ez a k\u00e9sz\u00fcl\u00e9k?<\/h4>\n<p>A k\u00e9sz\u00fcl\u00e9k 17350 850mAh-s akkumul\u00e1tort haszn\u00e1l.<\/p>\n<h4>4. Milyen tekercset haszn\u00e1lnak az Bang Leader 350K-ban?<\/h4>\n<p>1,0 h\u00e1l\u00f3s tekercset haszn\u00e1l a stabil f\u0171t\u00e9s, a sim\u00e1bb g\u0151z \u00e9s a jobb \u00edzhat\u00e1s \u00e9rdek\u00e9ben.<\/p>\n<h4>5. Milyen nikotin er\u0151ss\u00e9g\u0171ek kaphat\u00f3k?<\/h4>\n<p>A nikotin er\u0151ss\u00e9g\u0171 opci\u00f3k a k\u00f6vetkez\u0151k: 0%, 2%, 3% \u00e9s 5%.<\/p>\n<h4>6. T\u00e1mogatja ez a term\u00e9k az OEM vagy ODM gy\u00e1rt\u00e1st?<\/h4>\n<p>Igen. Az Bang Leader 350K t\u00e1mogatja az OEM \u00e9s ODM testreszab\u00e1st, ami ide\u00e1lis a saj\u00e1t m\u00e1rk\u00e1s \u00e9s nagykereskedelmi projektekhez.<\/p>\n<h4>7. Milyen csomagol\u00e1si nyelvek \u00e1llnak rendelkez\u00e9sre?<\/h4>\n<p>A csomagol\u00e1s a piaci ig\u00e9nyeknek megfelel\u0151en angol, orosz, spanyol \u00e9s egy\u00e9b nyelveken is testre szabhat\u00f3.<\/p>\n<h4>8. H\u00e1ny \u00edzv\u00e1laszt\u00e1si lehet\u0151s\u00e9g van egy k\u00e9sz\u00fcl\u00e9kben?<\/h4>\n<p>Minden Bang Leader 350K k\u00e9sz\u00fcl\u00e9ket 8 az 1-ben vape-k\u00e9nt terveztek, 4 f\u0151 \u00edzzel \u00e9s 4 vegyes kombin\u00e1ci\u00f3val.<\/p>\n<h4>9. Mi a MOQ?<\/h4>\n<p>A minim\u00e1lis rendel\u00e9si mennyis\u00e9g 10 darab egy \u00edzk\u00e9szlet eset\u00e9ben.<\/p>\n<h4>10. Az Bang Leader 350K alkalmas a nagykereskedelemre?<\/h4>\n<p>Igen. A magas puffsz\u00e1m, a testreszab\u00e1si t\u00e1mogat\u00e1s, az exportbar\u00e1t csomagol\u00e1si lehet\u0151s\u00e9gek \u00e9s a figyelemfelkelt\u0151 \u00edzrendszer er\u0151s v\u00e1laszt\u00e1ss\u00e1 teszi a nagykereskedelmi forgalmaz\u00e1shoz.<\/p>\n<h3><img data-recalc-dims=\"1\" loading=\"lazy\" decoding=\"async\" class=\"alignnone size-full wp-image-114793\" src=\"https:\/\/i0.wp.com\/aiviouvapes.com\/wp-content\/uploads\/2026\/03\/BANG-LEADER-350K-17.jpg?resize=800%2C1920&#038;ssl=1\" alt=\"Bang Leader 350K\" width=\"800\" height=\"1920\" title=\"\" srcset=\"https:\/\/i0.wp.com\/aiviouvapes.com\/wp-content\/uploads\/2026\/03\/BANG-LEADER-350K-17.jpg?w=800&amp;ssl=1 800w, https:\/\/i0.wp.com\/aiviouvapes.com\/wp-content\/uploads\/2026\/03\/BANG-LEADER-350K-17.jpg?resize=125%2C300&amp;ssl=1 125w, https:\/\/i0.wp.com\/aiviouvapes.com\/wp-content\/uploads\/2026\/03\/BANG-LEADER-350K-17.jpg?resize=427%2C1024&amp;ssl=1 427w, https:\/\/i0.wp.com\/aiviouvapes.com\/wp-content\/uploads\/2026\/03\/BANG-LEADER-350K-17.jpg?resize=768%2C1843&amp;ssl=1 768w, https:\/\/i0.wp.com\/aiviouvapes.com\/wp-content\/uploads\/2026\/03\/BANG-LEADER-350K-17.jpg?resize=640%2C1536&amp;ssl=1 640w, https:\/\/i0.wp.com\/aiviouvapes.com\/wp-content\/uploads\/2026\/03\/BANG-LEADER-350K-17.jpg?resize=5%2C12&amp;ssl=1 5w\" sizes=\"auto, (max-width: 800px) 100vw, 800px\" \/><\/h3>","protected":false},"excerpt":{"rendered":"<p>Az Bang Leader 350K egy nagy kapacit\u00e1s\u00fa, 8 az 1-ben eldobhat\u00f3 vape, amely a neh\u00e9z felhaszn\u00e1l\u00f3k, az \u00edzek szerelmesei \u00e9s a nagykereskedelmi v\u00e1s\u00e1rl\u00f3k sz\u00e1m\u00e1ra k\u00e9sz\u00fclt. Az ak\u00e1r 350000 puff, az \u00fajrat\u00f6lthet\u0151 Type-C t\u00f6lt\u00e9s, a h\u00e1l\u00f3s tekercs teljes\u00edtm\u00e9nye \u00e9s a 8 \u00edzm\u00f3d egy k\u00e9sz\u00fcl\u00e9kben er\u0151s v\u00e1laszt\u00e1s a vape shopok \u00e9s a forgalmaz\u00f3k sz\u00e1m\u00e1ra.<\/p>","protected":false},"featured_media":114785,"comment_status":"open","ping_status":"closed","template":"","meta":[],"product_brand":[239],"product_cat":[37],"product_tag":[],"class_list":{"0":"post-114776","1":"product","2":"type-product","3":"status-publish","4":"has-post-thumbnail","6":"product_brand-bang","7":"product_cat-bang","9":"first","10":"instock","11":"shipping-taxable","12":"product-type-simple"},"jetpack_sharing_enabled":true,"tiered_pricing_type":"fixed","tiered_pricing_fixed_rules":[],"tiered_pricing_product_settings":{"layout":"default","base_unit_name":{"singular":null,"plural":null},"default_variation":null},"tiered_pricing_minimum_quantity":null,"tiered_pricing_roles_data":[],"tiered_pricing_percentage_rules":[],"tiered_pricing_maximum_quantity":null,"tiered_pricing_quantity_step":null,"_links":{"self":[{"href":"https:\/\/aiviouvapes.com\/hu\/wp-json\/wp\/v2\/product\/114776","targetHints":{"allow":["GET"]}}],"collection":[{"href":"https:\/\/aiviouvapes.com\/hu\/wp-json\/wp\/v2\/product"}],"about":[{"href":"https:\/\/aiviouvapes.com\/hu\/wp-json\/wp\/v2\/types\/product"}],"replies":[{"embeddable":true,"href":"https:\/\/aiviouvapes.com\/hu\/wp-json\/wp\/v2\/comments?post=114776"}],"wp:featuredmedia":[{"embeddable":true,"href":"https:\/\/aiviouvapes.com\/hu\/wp-json\/wp\/v2\/media\/114785"}],"wp:attachment":[{"href":"https:\/\/aiviouvapes.com\/hu\/wp-json\/wp\/v2\/media?parent=114776"}],"wp:term":[{"taxonomy":"product_brand","embeddable":true,"href":"https:\/\/aiviouvapes.com\/hu\/wp-json\/wp\/v2\/product_brand?post=114776"},{"taxonomy":"product_cat","embeddable":true,"href":"https:\/\/aiviouvapes.com\/hu\/wp-json\/wp\/v2\/product_cat?post=114776"},{"taxonomy":"product_tag","embeddable":true,"href":"https:\/\/aiviouvapes.com\/hu\/wp-json\/wp\/v2\/product_tag?post=114776"}],"curies":[{"name":"wp","href":"https:\/\/api.w.org\/{rel}","templated":true}]}}