{"id":114623,"date":"2026-03-12T11:10:04","date_gmt":"2026-03-12T03:10:04","guid":{"rendered":"https:\/\/aiviouvapes.com\/?post_type=product&#038;p=114623"},"modified":"2026-04-22T09:03:55","modified_gmt":"2026-04-22T01:03:55","slug":"waspe-bar-60k","status":"publish","type":"product","link":"https:\/\/aiviouvapes.com\/hu\/product\/waspe-bar-60k\/","title":{"rendered":"WASPE Bar 60K | 60000 puff, hossz\u00fa \u00e9lettartam\u00fa, 16 \u00edzv\u00e1laszt\u00e9k, \u00f6mlesztett eldobhat\u00f3 vape"},"content":{"rendered":"<p><img data-recalc-dims=\"1\" loading=\"lazy\" decoding=\"async\" class=\"alignnone size-full wp-image-114648\" src=\"https:\/\/i0.wp.com\/aiviouvapes.com\/wp-content\/uploads\/2026\/03\/WASPE-Bar-60K-Puffs-25.jpg?resize=1020%2C1192&#038;ssl=1\" alt=\"WASPE Bar 60K Puffs\" width=\"1020\" height=\"1192\" title=\"\" srcset=\"https:\/\/i0.wp.com\/aiviouvapes.com\/wp-content\/uploads\/2026\/03\/WASPE-Bar-60K-Puffs-25.jpg?w=1643&amp;ssl=1 1643w, https:\/\/i0.wp.com\/aiviouvapes.com\/wp-content\/uploads\/2026\/03\/WASPE-Bar-60K-Puffs-25.jpg?resize=257%2C300&amp;ssl=1 257w, https:\/\/i0.wp.com\/aiviouvapes.com\/wp-content\/uploads\/2026\/03\/WASPE-Bar-60K-Puffs-25.jpg?resize=876%2C1024&amp;ssl=1 876w, https:\/\/i0.wp.com\/aiviouvapes.com\/wp-content\/uploads\/2026\/03\/WASPE-Bar-60K-Puffs-25.jpg?resize=768%2C897&amp;ssl=1 768w, https:\/\/i0.wp.com\/aiviouvapes.com\/wp-content\/uploads\/2026\/03\/WASPE-Bar-60K-Puffs-25.jpg?resize=1314%2C1536&amp;ssl=1 1314w, https:\/\/i0.wp.com\/aiviouvapes.com\/wp-content\/uploads\/2026\/03\/WASPE-Bar-60K-Puffs-25.jpg?resize=10%2C12&amp;ssl=1 10w, https:\/\/i0.wp.com\/aiviouvapes.com\/wp-content\/uploads\/2026\/03\/WASPE-Bar-60K-Puffs-25.jpg?resize=800%2C935&amp;ssl=1 800w\" sizes=\"auto, (max-width: 1020px) 100vw, 1020px\" \/><\/p>\n<h3>Mi\u00e9rt v\u00e1lassza az WASPE Bar 60K-t?<\/h3>\n<ul>\n<li>\ud83d\udca8 <strong>Ak\u00e1r 60000 f\u00faj\u00e1s<\/strong> a hossz\u00fa t\u00e1v\u00fa haszn\u00e1lat\u00e9rt \u00e9s a jobb \u00e9rt\u00e9k\u00e1ll\u00f3s\u00e1g\u00e9rt<\/li>\n<li>\ud83c\udf53 <strong>16 n\u00e9pszer\u0171 gy\u00fcm\u00f6lcs- \u00e9s j\u00e9g\u00edz<\/strong> a k\u00fcl\u00f6nb\u00f6z\u0151 v\u00e1s\u00e1rl\u00f3i \u00edzl\u00e9seknek val\u00f3 megfelel\u00e9s<\/li>\n<li>\ud83e\uddca Sima \u00e9s \u00e9lvezetes \u00edz\u00e9lm\u00e9ny a napi p\u00e1rol\u00e1shoz<\/li>\n<li>\ud83d\udd0b Olyan neh\u00e9z felhaszn\u00e1l\u00f3k sz\u00e1m\u00e1ra k\u00e9sz\u00fclt, akik hossz\u00fa ideig haszn\u00e1lhat\u00f3 eldobhat\u00f3 eszk\u00f6zt szeretn\u00e9nek haszn\u00e1lni<\/li>\n<li>\ud83c\udf0d El\u00e9rhet\u0151 <strong>0%, 2% \u00e9s 5% nikotin<\/strong> k\u00fcl\u00f6nb\u00f6z\u0151 piaci ig\u00e9nyekre<\/li>\n<li>\ud83d\udce6 <strong>160db kartononk\u00e9nt<\/strong> \u00e9s <strong>10db dobozonk\u00e9nt<\/strong>, ide\u00e1lis nagykereskedelmi megrendel\u00e9sekhez<\/li>\n<li>\ud83c\udfea Nagyszer\u0171 vape boltok, forgalmaz\u00f3k, import\u0151r\u00f6k \u00e9s online vape elad\u00f3k sz\u00e1m\u00e1ra.<\/li>\n<li>\ud83d\ude80 Er\u0151s, magas puffaszt\u00e1s\u00fa term\u00e9k egy vonz\u00f3 eldobhat\u00f3 vape term\u00e9kcsal\u00e1d fel\u00e9p\u00edt\u00e9s\u00e9hez<\/li>\n<\/ul>\n<h3>WASPE Bar 60K Eldobhat\u00f3 Vape R\u00e9szletek<\/h3>\n<p>A <strong>WASPE Bar 60K Puffs eldobhat\u00f3 vape<\/strong> egy nagy kapacit\u00e1s\u00fa k\u00e9sz\u00fcl\u00e9k, amelyet olyan v\u00e1s\u00e1rl\u00f3knak terveztek, akik t\u00f6bb sz\u00edv\u00e1st, t\u00f6bb \u00edzt \u00e9s t\u00f6bb k\u00e9nyelmet szeretn\u00e9nek egy term\u00e9kben. Nagyszer\u0171 v\u00e1laszt\u00e1s olyan piacok sz\u00e1m\u00e1ra, amelyek hossz\u00fa \u00e9lettartam\u00fa eldobhat\u00f3 p\u00e1rologtat\u00f3kat ig\u00e9nyelnek, szemet gy\u00f6ny\u00f6rk\u00f6dtet\u0151 \u00edzv\u00e1laszt\u00e9kkal \u00e9s rugalmas nikotiner\u0151ss\u00e9ggel.<\/p>\n<p>A B2B v\u00e1s\u00e1rl\u00f3k sz\u00e1m\u00e1ra az WASPE Bar 60K k\u00f6nnyen felvehet\u0151 term\u00e9k a nagykereskedelmi katal\u00f3gusba. A 60000 puff kapacit\u00e1s seg\u00edt kiemelkedni a versenyk\u00e9pes eldobhat\u00f3 vape piacon, m\u00edg az \u00edzv\u00e1laszt\u00e9k gy\u00fcm\u00f6lcs\u00f6s, jeges, \u00e9des \u00e9s vegyes profilokat tartalmaz, amelyek sok fogyaszt\u00f3 k\u00f6r\u00e9ben n\u00e9pszer\u0171ek. Ez megk\u00f6nny\u00edti a forgalmaz\u00f3k \u00e9s a vape shopok sz\u00e1m\u00e1ra, hogy a mindennapi vapereket \u00e9s a mer\u00e9sz \u00faj \u00edz\u00e9lm\u00e9nyt keres\u0151 v\u00e1s\u00e1rl\u00f3kat egyar\u00e1nt megc\u00e9lozz\u00e1k. \u2728<\/p>\n<h3>Az WASPE Bar 60K m\u0171szaki adatai<\/h3>\n<table>\n<tbody>\n<tr>\n<th>Term\u00e9k neve<\/th>\n<td>WASPE Bar 60K Puffs<\/td>\n<\/tr>\n<tr>\n<th>Eszk\u00f6z t\u00edpusa<\/th>\n<td>Eldobhat\u00f3 Vape eszk\u00f6z<\/td>\n<\/tr>\n<tr>\n<th>Puff sz\u00e1m<\/th>\n<td>60000 Puff<\/td>\n<\/tr>\n<tr>\n<th>Nikotin er\u0151ss\u00e9ge<\/th>\n<td>0% \/ 2% \/ 5%<\/td>\n<\/tr>\n<tr>\n<th>\u00cdzv\u00e1laszt\u00e1si lehet\u0151s\u00e9gek<\/th>\n<td>16 \u00edzek<\/td>\n<\/tr>\n<tr>\n<th>Csomagol\u00e1s<\/th>\n<td>10db\/doboz<\/td>\n<\/tr>\n<tr>\n<th>Kartondoboz Mennyis\u00e9g<\/th>\n<td>160db\/ctn<\/td>\n<\/tr>\n<tr>\n<th>Brutt\u00f3 t\u00f6meg<\/th>\n<td>20,8 kg<\/td>\n<\/tr>\n<tr>\n<th>C\u00e9lv\u00e1s\u00e1rl\u00f3k<\/th>\n<td>Nagykeresked\u0151k, forgalmaz\u00f3k, vape shopok, kiskeresked\u0151k<\/td>\n<\/tr>\n<\/tbody>\n<\/table>\n<h3>WASPE Bar 60K \u00edzek \ud83c\udf4d\ud83c\udf47\ud83c\udf47\ud83c\udf49<\/h3>\n<p><strong>G\u00f6r\u00f6gdinnye j\u00e9g<\/strong> - L\u00e9d\u00fas g\u00f6r\u00f6gdinnye \u00edz\u0171, h\u0171v\u00f6s, jeges befejez\u00e9ssel, friss \u00e9s k\u00f6nnyen fogyaszthat\u00f3.<\/p>\n<p><strong>\u00c1fonya j\u00e9g<\/strong> - \u00c9des \u00e1fonya \u00edz keveredik egy ropog\u00f3s, h\u0171s\u00edt\u0151 \u00e9rint\u00e9ssel.<\/p>\n<p><strong>Sz\u0151l\u0151 j\u00e9g<\/strong> - Gazdag sz\u0151l\u0151\u00e9dess\u00e9g friss\u00edt\u0151 jeges jegyekkel.<\/p>\n<p><strong>Citrom Lime<\/strong> - \u00c9l\u00e9nk citrus\u00edz, fanyar \u00e9s \u00e9l\u00e9nk \u00edzzel.<\/p>\n<p><strong>Eper ban\u00e1n<\/strong> - Egy sima \u00e9s \u00e9des gy\u00fcm\u00f6lcskever\u00e9k, amelyet sok vape felhaszn\u00e1l\u00f3 szeret.<\/p>\n<p><strong>Vegyes bogy\u00f3s gy\u00fcm\u00f6lcs\u00f6k<\/strong> - Mer\u00e9sz bogy\u00f3s gy\u00fcm\u00f6lcs\u00f6k kever\u00e9ke, t\u00f6bbr\u00e9teg\u0171 \u00e9des \u00e9s savanyk\u00e1s jegyekkel.<\/p>\n<p><strong>Red Bull J\u00e9g<\/strong> - Energiaital ihlette \u00edz, h\u0171v\u00f6s befejez\u00e9ssel az er\u0151sebb \u00edzlel\u00e9s \u00e9rdek\u00e9ben.<\/p>\n<p><strong>Kiwi g\u00f6r\u00f6gdinnye<\/strong> - A l\u00e9d\u00fas g\u00f6r\u00f6gdinnye \u00e9s a fanyar kivi kiegyens\u00falyozott kever\u00e9ke.<\/p>\n<p><strong>Eper g\u00f6r\u00f6gdinnye<\/strong> - \u00c9des \u00e9s friss\u00edt\u0151 gy\u00fcm\u00f6lcskombin\u00e1ci\u00f3, sz\u00e9les v\u00e1s\u00e1rl\u00f3k\u00f6z\u00f6ns\u00e9ggel.<\/p>\n<p><strong>\u00c1fonya M\u00e1lna cseresznye<\/strong> - Gazdag, h\u00e1rom bogy\u00f3s gy\u00fcm\u00f6lcs\u00f6s profil, m\u00e9ly \u00e9dess\u00e9ggel \u00e9s gy\u00fcm\u00f6lcs\u00f6s komplexit\u00e1ssal.<\/p>\n<p><strong>Fekete szeder Fekete ribizli<\/strong> - S\u00f6t\u00e9t bogy\u00f3s gy\u00fcm\u00f6lcs\u00f6k \u00edze, mer\u00e9sz \u00e9s enyh\u00e9n fanyar lecseng\u00e9ssel.<\/p>\n<p><strong>Eper fekete s\u00e1rk\u00e1ny j\u00e9g<\/strong> - K\u00fcl\u00f6nleges gy\u00fcm\u00f6lcskever\u00e9k \u00e9des eperrel \u00e9s egy h\u0171v\u00f6s egzotikus csavarral.<\/p>\n<p><strong>Eper Kiwi<\/strong> - Klasszikus gy\u00fcm\u00f6lcskombin\u00e1ci\u00f3 \u00e9des \u00e9s fanyar egyens\u00faly\u00e1val.<\/p>\n<p><strong>K\u00e9k cseresznye k\u00f3la<\/strong> - A bogy\u00f3s gy\u00fcm\u00f6lcs\u00f6k, a cseresznye \u00e9s a k\u00f3la ihlette \u00edzek sz\u00f3rakoztat\u00f3 \u00e9s egyedi kever\u00e9ke.<\/p>\n<p><strong>Kiwi dinnye j\u00e9g<\/strong> - Friss s\u00e1rgadinnye kever\u00e9k kiwi f\u00e9nyess\u00e9ggel \u00e9s jeges simas\u00e1ggal.<\/p>\n<p><strong>Barack Mang\u00f3 Anan\u00e1sz<\/strong> - Tr\u00f3pusi gy\u00fcm\u00f6lcskever\u00e9k, tele \u00e9des, l\u00e9d\u00fas \u00e9s napf\u00e9nyes \u00edzzel. \ud83c\udf34<\/p>\n<p><img data-recalc-dims=\"1\" loading=\"lazy\" decoding=\"async\" class=\"alignnone size-full wp-image-114647\" src=\"https:\/\/i0.wp.com\/aiviouvapes.com\/wp-content\/uploads\/2026\/03\/WASPE-Bar-60K-Puffs-24.jpg?resize=1020%2C574&#038;ssl=1\" alt=\"WASPE Bar 60K Puffs\" width=\"1020\" height=\"574\" title=\"\" srcset=\"https:\/\/i0.wp.com\/aiviouvapes.com\/wp-content\/uploads\/2026\/03\/WASPE-Bar-60K-Puffs-24.jpg?w=1920&amp;ssl=1 1920w, https:\/\/i0.wp.com\/aiviouvapes.com\/wp-content\/uploads\/2026\/03\/WASPE-Bar-60K-Puffs-24.jpg?resize=300%2C169&amp;ssl=1 300w, https:\/\/i0.wp.com\/aiviouvapes.com\/wp-content\/uploads\/2026\/03\/WASPE-Bar-60K-Puffs-24.jpg?resize=1024%2C576&amp;ssl=1 1024w, https:\/\/i0.wp.com\/aiviouvapes.com\/wp-content\/uploads\/2026\/03\/WASPE-Bar-60K-Puffs-24.jpg?resize=768%2C432&amp;ssl=1 768w, https:\/\/i0.wp.com\/aiviouvapes.com\/wp-content\/uploads\/2026\/03\/WASPE-Bar-60K-Puffs-24.jpg?resize=1536%2C864&amp;ssl=1 1536w, https:\/\/i0.wp.com\/aiviouvapes.com\/wp-content\/uploads\/2026\/03\/WASPE-Bar-60K-Puffs-24.jpg?resize=18%2C10&amp;ssl=1 18w, https:\/\/i0.wp.com\/aiviouvapes.com\/wp-content\/uploads\/2026\/03\/WASPE-Bar-60K-Puffs-24.jpg?resize=800%2C450&amp;ssl=1 800w\" sizes=\"auto, (max-width: 1020px) 100vw, 1020px\" \/> <img data-recalc-dims=\"1\" loading=\"lazy\" decoding=\"async\" class=\"alignnone size-full wp-image-114646\" src=\"https:\/\/i0.wp.com\/aiviouvapes.com\/wp-content\/uploads\/2026\/03\/WASPE-Bar-60K-Puffs-23.jpg?resize=1020%2C574&#038;ssl=1\" alt=\"WASPE Bar 60K Puffs\" width=\"1020\" height=\"574\" title=\"\" srcset=\"https:\/\/i0.wp.com\/aiviouvapes.com\/wp-content\/uploads\/2026\/03\/WASPE-Bar-60K-Puffs-23.jpg?w=1920&amp;ssl=1 1920w, https:\/\/i0.wp.com\/aiviouvapes.com\/wp-content\/uploads\/2026\/03\/WASPE-Bar-60K-Puffs-23.jpg?resize=300%2C169&amp;ssl=1 300w, https:\/\/i0.wp.com\/aiviouvapes.com\/wp-content\/uploads\/2026\/03\/WASPE-Bar-60K-Puffs-23.jpg?resize=1024%2C576&amp;ssl=1 1024w, https:\/\/i0.wp.com\/aiviouvapes.com\/wp-content\/uploads\/2026\/03\/WASPE-Bar-60K-Puffs-23.jpg?resize=768%2C432&amp;ssl=1 768w, https:\/\/i0.wp.com\/aiviouvapes.com\/wp-content\/uploads\/2026\/03\/WASPE-Bar-60K-Puffs-23.jpg?resize=1536%2C864&amp;ssl=1 1536w, https:\/\/i0.wp.com\/aiviouvapes.com\/wp-content\/uploads\/2026\/03\/WASPE-Bar-60K-Puffs-23.jpg?resize=18%2C10&amp;ssl=1 18w, https:\/\/i0.wp.com\/aiviouvapes.com\/wp-content\/uploads\/2026\/03\/WASPE-Bar-60K-Puffs-23.jpg?resize=800%2C450&amp;ssl=1 800w\" sizes=\"auto, (max-width: 1020px) 100vw, 1020px\" \/><\/p>\n<h3>GYIK az WASPE Bar 60K-r\u00f3l \u2753<\/h3>\n<h4>1. H\u00e1ny puffot k\u00edn\u00e1l az WASPE Bar 60K?<\/h4>\n<p>Az WASPE Bar 60K ak\u00e1r <strong>60000 puff<\/strong>, \u00edgy nagyszer\u0171 v\u00e1laszt\u00e1s azoknak a felhaszn\u00e1l\u00f3knak, akik hossz\u00fa \u00e9lettartam\u00fa eldobhat\u00f3 vape-t szeretn\u00e9nek.<\/p>\n<h4>2. Milyen nikotin er\u0151ss\u00e9g\u0171ek kaphat\u00f3k?<\/h4>\n<p>Ez a k\u00e9sz\u00fcl\u00e9k a k\u00f6vetkez\u0151 v\u00e1ltozatokban kaphat\u00f3 <strong>0%, 2% \u00e9s 5% nikotin<\/strong>, \u00edgy a k\u00fcl\u00f6nb\u00f6z\u0151 v\u00e1s\u00e1rl\u00f3i preferenci\u00e1knak \u00e9s piaci ig\u00e9nyeknek is megfelel.<\/p>\n<h4>3. H\u00e1ny \u00edzes\u00edt\u00e9ssel rendelkezik ez a modell?<\/h4>\n<p>Az WASPE Bar 60K a k\u00f6vetkez\u0151 v\u00e1ltozatban kaphat\u00f3 <strong>16 \u00edzes\u00edt\u00e9si lehet\u0151s\u00e9g<\/strong>, k\u00f6zt\u00fck gy\u00fcm\u00f6lcs\u00f6s, jeges, bogy\u00f3s, tr\u00f3pusi \u00e9s ital ihlette \u00edzek.<\/p>\n<h4>4. Az WASPE Bar 60K j\u00f3 a nagykereskedelemhez?<\/h4>\n<p>Igen. A  c\u00edmen. <strong>10db dobozonk\u00e9nt<\/strong> \u00e9s <strong>160db kartononk\u00e9nt<\/strong>, nagyon alkalmas nagykeresked\u0151k, forgalmaz\u00f3k \u00e9s vape boltok sz\u00e1m\u00e1ra, amelyek \u00f6mlesztett eldobhat\u00f3 vape ell\u00e1t\u00e1st keresnek.<\/p>\n<h4>5. Kinek aj\u00e1nlott ez a term\u00e9k?<\/h4>\n<p>Ez a term\u00e9k ide\u00e1lis a neh\u00e9z felhaszn\u00e1l\u00f3k, az \u00edzek szerelmesei, az eldobhat\u00f3 vape-kiskeresked\u0151k \u00e9s a B2B-v\u00e1s\u00e1rl\u00f3k sz\u00e1m\u00e1ra, akik egy sz\u00e9les \u00e9rt\u00e9kes\u00edt\u00e9si potenci\u00e1llal rendelkez\u0151, nagy puffaszt\u00e1s\u00fa modellt szeretn\u00e9nek.<\/p>\n<h4>6. Mi\u00e9rt vonz\u00f3 az WASPE Bar 60K a vape shopok sz\u00e1m\u00e1ra?<\/h4>\n<p>Nagyon magas puffsz\u00e1mot, rugalmas nikotinv\u00e1laszt\u00e9kot \u00e9s n\u00e9pszer\u0171 \u00edzeket egyes\u00edt egy k\u00e9sz\u00fcl\u00e9kben, ami seg\u00edt a vape shopoknak versenyk\u00e9pesebb \u00e9s vonz\u00f3bb term\u00e9kv\u00e1laszt\u00e9kot k\u00edn\u00e1lni.<\/p>\n<h3>WASPE Bar 60K \u00e1ttekint\u00e9s<\/h3>\n<p><strong>WASPE Bar 60K eldobhat\u00f3 vape<\/strong> egy er\u0151s lehet\u0151s\u00e9g a <strong>gyakori felhaszn\u00e1l\u00f3k<\/strong> akik hosszabb haszn\u00e1latot szeretn\u00e9nek, a <strong>\u00edzvad\u00e1szok<\/strong> akik szeretik a gy\u00fcm\u00f6lcs\u00f6s \u00e9s jeges kever\u00e9keket, \u00e9s a <strong>vape \u00fczletek \u00e9s nagykereskedelmi forgalmaz\u00f3k<\/strong> nagy kereslet\u0171 eldobhat\u00f3 vape term\u00e9ket keres. Az ak\u00e1r 60000 slukk, a rugalmas nikotinszintek \u00e9s a nagykereskedelmi csomagol\u00e1s r\u00e9v\u00e9n ez a modell a kiskereskedelmi siker \u00e9s a t\u00f6meges forgalmaz\u00e1s n\u00f6veked\u00e9s\u00e9nek t\u00e1mogat\u00e1s\u00e1ra \u00e9p\u00fcl. \ud83d\udcc8<\/p>","protected":false},"excerpt":{"rendered":"<p>\u00c9lvezze az er\u0151teljes <strong>WASPE Bar 60K eldobhat\u00f3 vape<\/strong> ak\u00e1r <strong>60000 puff<\/strong>, gazdag gy\u00fcm\u00f6lcs- \u00e9s j\u00e9g\u00edzek, valamint rugalmas <strong>0% \/ 2% \/ 5% nikotin<\/strong> lehet\u0151s\u00e9gek. Okos v\u00e1laszt\u00e1s a vape nagykeresked\u0151k, forgalmaz\u00f3k \u00e9s nagy felhaszn\u00e1l\u00f3k sz\u00e1m\u00e1ra, akik egy nagy puffaszt\u00e1s\u00fa, eldobhat\u00f3 vape-t keresnek er\u0151s piaci vonzer\u0151vel. \ud83d\ude80<\/p>","protected":false},"featured_media":114657,"comment_status":"open","ping_status":"closed","template":"","meta":[],"product_brand":[227],"product_cat":[19,242],"product_tag":[],"class_list":{"0":"post-114623","1":"product","2":"type-product","3":"status-publish","4":"has-post-thumbnail","6":"product_brand-waspe","7":"product_cat-waspe","8":"product_cat-60000-puffs-disposable-vape","10":"first","11":"instock","12":"shipping-taxable","13":"purchasable","14":"product-type-variable","15":"has-default-attributes"},"jetpack_sharing_enabled":true,"tiered_pricing_type":"fixed","tiered_pricing_fixed_rules":{"30":8.3599999999999994315658113919198513031005859375,"50":7.12999999999999989341858963598497211933135986328125,"100":6.589999999999999857891452847979962825775146484375,"200":6.29000000000000003552713678800500929355621337890625,"400":5.9900000000000002131628207280300557613372802734375},"tiered_pricing_product_settings":{"layout":"default","base_unit_name":{"singular":null,"plural":null},"default_variation":null},"tiered_pricing_minimum_quantity":10,"tiered_pricing_roles_data":[],"tiered_pricing_percentage_rules":[],"tiered_pricing_maximum_quantity":null,"tiered_pricing_quantity_step":"10","_links":{"self":[{"href":"https:\/\/aiviouvapes.com\/hu\/wp-json\/wp\/v2\/product\/114623","targetHints":{"allow":["GET"]}}],"collection":[{"href":"https:\/\/aiviouvapes.com\/hu\/wp-json\/wp\/v2\/product"}],"about":[{"href":"https:\/\/aiviouvapes.com\/hu\/wp-json\/wp\/v2\/types\/product"}],"replies":[{"embeddable":true,"href":"https:\/\/aiviouvapes.com\/hu\/wp-json\/wp\/v2\/comments?post=114623"}],"wp:featuredmedia":[{"embeddable":true,"href":"https:\/\/aiviouvapes.com\/hu\/wp-json\/wp\/v2\/media\/114657"}],"wp:attachment":[{"href":"https:\/\/aiviouvapes.com\/hu\/wp-json\/wp\/v2\/media?parent=114623"}],"wp:term":[{"taxonomy":"product_brand","embeddable":true,"href":"https:\/\/aiviouvapes.com\/hu\/wp-json\/wp\/v2\/product_brand?post=114623"},{"taxonomy":"product_cat","embeddable":true,"href":"https:\/\/aiviouvapes.com\/hu\/wp-json\/wp\/v2\/product_cat?post=114623"},{"taxonomy":"product_tag","embeddable":true,"href":"https:\/\/aiviouvapes.com\/hu\/wp-json\/wp\/v2\/product_tag?post=114623"}],"curies":[{"name":"wp","href":"https:\/\/api.w.org\/{rel}","templated":true}]}}