{"id":111831,"date":"2026-02-28T11:05:29","date_gmt":"2026-02-28T03:05:29","guid":{"rendered":"https:\/\/aiviouvapes.com\/?post_type=product&#038;p=111831"},"modified":"2026-03-19T14:48:38","modified_gmt":"2026-03-19T06:48:38","slug":"bang-king-250k","status":"publish","type":"product","link":"https:\/\/aiviouvapes.com\/hu\/product\/bang-king-250k\/","title":{"rendered":"Bang King 250K | 4 az 1-ben n\u00e9gy \u00edzben, 250000 puff, hossz\u00fa \u00e9lettartam\u00fa, \u00f6mlesztett eldobhat\u00f3 vape"},"content":{"rendered":"<h2>Bang King 250K | 4 az 1-ben n\u00e9gy \u00edzben 250000 puff nagy kapacit\u00e1s\u00fa \u00f6mlesztett eldobhat\u00f3 vape<\/h2>\n<p><strong>Bang King 250K n\u00e9gy \u00edzben 4 az 1-ben eldobhat\u00f3 vape<\/strong> a maxim\u00e1lis teljes\u00edtm\u00e9nyre \u00e9s v\u00e1ltozatoss\u00e1gra tervezt\u00e9k. A 4 be\u00e9p\u00edtett \u00edzzel egy k\u00e9sz\u00fcl\u00e9kben, a hatalmas e-folyad\u00e9k kapacit\u00e1ssal \u00e9s az er\u0151teljes n\u00e9gy darab 1,0\u03a9-os tekercsekkel ez a nagy puffaszt\u00e1s\u00fa eldobhat\u00f3 k\u00e9sz\u00fcl\u00e9k ide\u00e1lis vape shopok, forgalmaz\u00f3k \u00e9s neh\u00e9z felhaszn\u00e1l\u00f3k sz\u00e1m\u00e1ra, akik hossz\u00fa t\u00e1v\u00fa \u00e9rt\u00e9ket \u00e9s izgalmas \u00edzforgat\u00e1st szeretn\u00e9nek. \ud83d\udd25\ud83d\udca8<\/p>\n<h3>Mi\u00e9rt v\u00e1lassza az Bang King 250K quad \u00edz\u0171 4 az 1-ben eldobhat\u00f3 vape-t? \ud83d\ude80<\/h3>\n<ul>\n<li><strong>Ak\u00e1r 250 000 puff:<\/strong> Hossz\u00fa t\u00e1v\u00fa haszn\u00e1latra \u00e9s er\u0151s kiskereskedelmi vonzer\u0151re tervezett ultra magas puffsz\u00e1m.<\/li>\n<li><strong>4 az 1-ben Quad Flavor System:<\/strong> V\u00e1ltson n\u00e9gy \u00edz k\u00f6z\u00f6tt egy k\u00e9sz\u00fcl\u00e9kben - t\u00f6bb sz\u00f3rakoz\u00e1s, t\u00f6bb v\u00e1ltozatoss\u00e1g! \ud83c\udf53\ud83c\udf49\ud83c\udf4b<\/li>\n<li><strong>4 x 15ml E-Liquid kapacit\u00e1s:<\/strong> \u00d6sszesen 60ml a hosszabb p\u00e1rologtat\u00e1shoz gyakori csere n\u00e9lk\u00fcl.<\/li>\n<li><strong>650mAh be\u00e9p\u00edtett akkumul\u00e1tor:<\/strong> Stabil kimeneti teljes\u00edtm\u00e9ny a z\u00f6kken\u0151mentes \u00e9s egyenletes teljes\u00edtm\u00e9ny \u00e9rdek\u00e9ben.<\/li>\n<li><strong>1.0\u03a9 x4 h\u00e1l\u00f3s tekercsek:<\/strong> Er\u0151s \u00edzad\u00e1s \u00e9s s\u0171r\u0171 g\u0151ztermel\u00e9s.<\/li>\n<li><strong>Nagykereskedelmi k\u00e9sz csomagol\u00e1s:<\/strong> Optimaliz\u00e1lt kartonm\u00e9ret \u00f6mlesztett sz\u00e1ll\u00edt\u00e1shoz \u00e9s forgalmaz\u00e1shoz.<\/li>\n<li><strong>Neh\u00e9zs\u00faly\u00fa pr\u00e9mium \u00e9rz\u00e9s:<\/strong> 130 g k\u00e9sz\u00fcl\u00e9kenk\u00e9nt a szil\u00e1rd \u00e9s cs\u00facskateg\u00f3ri\u00e1s k\u00e9z\u00e9rzet\u00e9rt.<\/li>\n<\/ul>\n<h3>Bang King 250K specifik\u00e1ci\u00f3k \ud83d\udcca<\/h3>\n<table>\n<tbody>\n<tr>\n<td><strong>Term\u00e9k neve<\/strong><\/td>\n<td>Bang King 250K n\u00e9gy \u00edzben 4 az 1-ben eldobhat\u00f3 vape<\/td>\n<\/tr>\n<tr>\n<td><strong>Puff sz\u00e1m<\/strong><\/td>\n<td>Ak\u00e1r 250,000 f\u00faj\u00e1s<\/td>\n<\/tr>\n<tr>\n<td><strong>Az akkumul\u00e1tor kapacit\u00e1sa<\/strong><\/td>\n<td>650mAh be\u00e9p\u00edtett akkumul\u00e1tor<\/td>\n<\/tr>\n<tr>\n<td><strong>E-folyad\u00e9k kapacit\u00e1s<\/strong><\/td>\n<td>15ml x 4 (\u00f6sszesen 60ml)<\/td>\n<\/tr>\n<tr>\n<td><strong>Tekercs<\/strong><\/td>\n<td>1.0\u03a9 x4 tekercsek<\/td>\n<\/tr>\n<tr>\n<td><strong>Eszk\u00f6z s\u00falya<\/strong><\/td>\n<td>130g egys\u00e9genk\u00e9nt<\/td>\n<\/tr>\n<tr>\n<td><strong>10 egys\u00e9g S\u00faly<\/strong><\/td>\n<td>1300g<\/td>\n<\/tr>\n<tr>\n<td><strong>200 egys\u00e9g S\u00faly<\/strong><\/td>\n<td>27kg<\/td>\n<\/tr>\n<tr>\n<td><strong>Doboz m\u00e9rete<\/strong><\/td>\n<td>227 x 92 x 128 mm<\/td>\n<\/tr>\n<tr>\n<td><strong>Karton m\u00e9rete<\/strong><\/td>\n<td>48 x 47 x 28 cm<\/td>\n<\/tr>\n<\/tbody>\n<\/table>\n<h3>\u00cdzk\u00e9szletek - 4 \u00edz 1 eszk\u00f6zben \ud83c\udf79\ud83c\udf53<\/h3>\n<p><strong>Citrom Lime \/ g\u00f6r\u00f6gdinnye j\u00e9g \/ fekete j\u00e9g s\u00e1rk\u00e1nygy\u00fcm\u00f6lcs eper \/ Love66<\/strong><br \/>\nFriss citrusos r\u00fag\u00e1s, jeges g\u00f6r\u00f6gdinny\u00e9s h\u0171s\u00edt\u0151, egzotikus s\u00e1rk\u00e1nygy\u00fcm\u00f6lcs kever\u00e9k \u00e9s klasszikus Love66 shisha st\u00edlus\u00fa kever\u00e9k.<\/p>\n<p><strong>Citromos lime \/ Eper j\u00e9g \/ M\u00e1lna g\u00f6r\u00f6gdinnye \/ Fizy cseresznye<\/strong><br \/>\n\u00c9des epres h\u0171v\u00f6ss\u00e9g, l\u00e9d\u00fas m\u00e1ln\u00e1s g\u00f6r\u00f6gdinnye \u00e9s pezsg\u0151 csereszny\u00e9s lecseng\u00e9s.<\/p>\n<p><strong>Van\u00edlia Cola \/ Citromos Barack \/ Eper M\u00e1lna Cseresznye J\u00e9g \/ Sz\u0151l\u0151 J\u00e9g<\/strong><br \/>\nKr\u00e9mes k\u00f3l\u00e1s \u00e9dess\u00e9g, gy\u00fcm\u00f6lcs\u00f6s barackos-citromos egyens\u00faly, tripla bogy\u00f3s gy\u00fcm\u00f6lcs\u00f6s jeges robban\u00e1s \u00e9s h\u0171v\u00f6s sz\u0151l\u0151.<\/p>\n<p><strong>R\u00f3zsasz\u00edn limon\u00e1d\u00e9 \/ Kiwi Passi\u00f3gy\u00fcm\u00f6lcs Guava \/ Barack bogy\u00f3 \/ Eper ban\u00e1n<\/strong><br \/>\nTr\u00f3pusi \u00e9dess\u00e9g sima ban\u00e1nnal \u00e9s friss\u00edt\u0151 citrusos csavarral.<\/p>\n<p><strong>Sz\u0151l\u0151 Robban\u00e1s \/ Licsi J\u00e9g \/ \u0150szibarack Bogy\u00f3 \/ Kiwi Maracuja Guava<\/strong><br \/>\nB\u00e1tor sz\u0151l\u0151cukorka, jeges licsi frissess\u00e9ge \u00e9s tr\u00f3pusi gy\u00fcm\u00f6lcs\u00f6k f\u00fazi\u00f3ja.<\/p>\n<p><strong>Eper mang\u00f3 \/ K\u00e9k Razz limon\u00e1d\u00e9 \/ Van\u00edlia fagylalt \/ Savany\u00fa tripla bogy\u00f3<\/strong><br \/>\n\u00c9des mang\u00f3 kever\u00e9k, fanyar k\u00e9k razz limon\u00e1d\u00e9, kr\u00e9mes desszert t\u00f3nus \u00e9s savany\u00fa bogy\u00f3s b\u00f3l\u00e9.<\/p>\n<p><strong>G\u00f6r\u00f6gdinnye j\u00e9g \/ Eper mang\u00f3 \/ \u00c1fonya j\u00e9g \/ Fizy cseresznye<\/strong><br \/>\nKlasszikus j\u00e9ggy\u00fcm\u00f6lcs\u00f6k \u00e9des bogy\u00f3s gy\u00fcm\u00f6lcs\u00f6kkel.<\/p>\n<p><strong>Vegyes bogy\u00f3s \/ cseresznye citrom \/ eper kiwi \/ eper g\u00f6r\u00f6gdinnye r\u00e1g\u00f3gumi<\/strong><br \/>\nCukorkaszer\u0171 gy\u00fcm\u00f6lcskombin\u00e1ci\u00f3k friss\u00edt\u0151 citrusr\u00e9tegekkel.<\/p>\n<p><strong>Epres g\u00f6r\u00f6gdinnye \/ Cseresznye Cola \/ L\u00e9d\u00fas barack j\u00e9g \/ Grapefruit friss\u00edt\u0151<\/strong><br \/>\n\u00c9des du\u00f3 gy\u00fcm\u00f6lcs\u00f6k, k\u00f3l\u00e1s pezsg\u00e9s, barackos j\u00e9g simas\u00e1ga \u00e9s citrusos grapefruitos r\u00fag\u00e1s.<\/p>\n<p><strong>Mojito \/ Monster Mang\u00f3 \/ Lady Killer \/ R\u00f3zsasz\u00edn limon\u00e1d\u00e9<\/strong><br \/>\nMent\u00e1s mojito frissess\u00e9g, mer\u00e9sz mang\u00f3 energia, pr\u00e9mium shisha kever\u00e9k \u00e9s pik\u00e1ns r\u00f3zsasz\u00edn limon\u00e1d\u00e9.<\/p>\n<h3>T\u00f6k\u00e9letes kiskereskedelmi \u00e9s nagykereskedelmi forgalmaz\u00e1shoz \ud83c\udfea\ud83d\udce6<\/h3>\n<p>Az Bang King 250K olyan neh\u00e9z felhaszn\u00e1l\u00f3knak k\u00e9sz\u00fclt, akik hossz\u00fa \u00e9lettartam\u00fa p\u00e1rologtat\u00e1st szeretn\u00e9nek, az \u00edzek kerget\u0151inek, akik szeretik v\u00e1ltogatni az \u00edzeket, \u00e9s a vape shopoknak, akik nagy \u00e1rr\u00e9st biztos\u00edt\u00f3, \u00f6mlesztett, eldobhat\u00f3 eszk\u00f6z\u00f6ket keresnek. Az er\u0151s puffsz\u00e1m \u00e9s a t\u00f6bb \u00edzb\u0151l \u00e1ll\u00f3 rendszer rendk\u00edv\u00fcl vonz\u00f3v\u00e1 teszi a kiskereskedelmi kirakatok \u00e9s a nagykereskedelmi forgalmaz\u00e1s sz\u00e1m\u00e1ra vil\u00e1gszerte.<\/p>\n<h3>GYIK\u2753 Bang King 250K<\/h3>\n<p><strong>1. k\u00e9rd\u00e9s: Az Bang King 250K \u00fajrat\u00f6lthet\u0151?<\/strong><br \/>\nA k\u00e9sz\u00fcl\u00e9k be\u00e9p\u00edtett 650mAh-s akkumul\u00e1torral rendelkezik, amelyet \u00fagy terveztek, hogy t\u00e1mogassa a nagy e-folyad\u00e9k kapacit\u00e1st a hossz\u00fa haszn\u00e1lat \u00e9rdek\u00e9ben.<\/p>\n<p><strong>2. k\u00e9rd\u00e9s: Hogyan m\u0171k\u00f6dik a 4 az 1-ben aromarendszer?<\/strong><br \/>\nMindegyik k\u00e9sz\u00fcl\u00e9k n\u00e9gy k\u00fcl\u00f6n\u00e1ll\u00f3 15 ml-es \u00edzkamr\u00e1t tartalmaz, \u00edgy a felhaszn\u00e1l\u00f3k b\u00e1rmikor v\u00e1lthatnak az \u00edzek k\u00f6z\u00f6tt a friss \u00e9lm\u00e9ny \u00e9rdek\u00e9ben.<\/p>\n<p><strong>3. k\u00e9rd\u00e9s: Ez a term\u00e9k alkalmas nagykereskedelmi megrendel\u00e9sekre?<\/strong><br \/>\nIgen. Az optimaliz\u00e1lt kartonm\u00e9ret \u00e9s a nagy kiszerel\u00e9s (200 darab kartondobozonk\u00e9nt) ide\u00e1lis a forgalmaz\u00f3k \u00e9s a nagy mennyis\u00e9get v\u00e1s\u00e1rl\u00f3k sz\u00e1m\u00e1ra.<\/p>\n<p><strong>4. k\u00e9rd\u00e9s: Kinek aj\u00e1nlott ez a k\u00e9sz\u00fcl\u00e9k?<\/strong><br \/>\nT\u00f6k\u00e9letes a neh\u00e9z felhaszn\u00e1l\u00f3k, az \u00edzek szerelmesei, a vape shop kiskeresked\u0151k \u00e9s a glob\u00e1lis nagykereskedelmi v\u00e1s\u00e1rl\u00f3k sz\u00e1m\u00e1ra, akik magas puffaszt\u00e1s\u00fa pr\u00e9mium eldobhat\u00f3 term\u00e9keket keresnek.<\/p>\n<p><strong>5. k\u00e9rd\u00e9s: Mi teszi ezt a modellt kiemelked\u0151v\u00e9 a piacon?<\/strong><br \/>\nAz ultramagas puffsz\u00e1m, a n\u00e9gy \u00edz kapcsol\u00f3rendszer \u00e9s az 1,0\u03a9-os tekercsekb\u0151l sz\u00e1rmaz\u00f3 er\u0151s \u00edzkibocs\u00e1t\u00e1s versenyk\u00e9pes bestsellerr\u00e9 teszi az \u00f6mlesztett eldobhat\u00f3 vape piacon. \ud83d\udca8\ud83d\udd25<\/p>\n<h3><img data-recalc-dims=\"1\" loading=\"lazy\" decoding=\"async\" class=\"alignnone size-full wp-image-111896\" src=\"https:\/\/i0.wp.com\/aiviouvapes.com\/wp-content\/uploads\/2026\/02\/Bang-King-250k-11.jpg?resize=774%2C1920&#038;ssl=1\" alt=\"Bang kir\u00e1ly 250k\" width=\"774\" height=\"1920\" title=\"\" srcset=\"https:\/\/i0.wp.com\/aiviouvapes.com\/wp-content\/uploads\/2026\/02\/Bang-King-250k-11.jpg?w=774&amp;ssl=1 774w, https:\/\/i0.wp.com\/aiviouvapes.com\/wp-content\/uploads\/2026\/02\/Bang-King-250k-11.jpg?resize=121%2C300&amp;ssl=1 121w, https:\/\/i0.wp.com\/aiviouvapes.com\/wp-content\/uploads\/2026\/02\/Bang-King-250k-11.jpg?resize=413%2C1024&amp;ssl=1 413w, https:\/\/i0.wp.com\/aiviouvapes.com\/wp-content\/uploads\/2026\/02\/Bang-King-250k-11.jpg?resize=768%2C1905&amp;ssl=1 768w, https:\/\/i0.wp.com\/aiviouvapes.com\/wp-content\/uploads\/2026\/02\/Bang-King-250k-11.jpg?resize=619%2C1536&amp;ssl=1 619w, https:\/\/i0.wp.com\/aiviouvapes.com\/wp-content\/uploads\/2026\/02\/Bang-King-250k-11.jpg?resize=5%2C12&amp;ssl=1 5w\" sizes=\"auto, (max-width: 774px) 100vw, 774px\" \/><\/h3>","protected":false},"excerpt":{"rendered":"<p>Bang King 250K n\u00e9gy \u00edz\u0171 4 az 1-ben eldobhat\u00f3 vape ak\u00e1r 250000 puffol\u00e1ssal, 650mAh akkumul\u00e1torral, 4x15ml e-folyad\u00e9kkal \u00e9s 1.0\u03a9 quad tekercsekkel. T\u00f6k\u00e9letes a nagykereskedelem, a forgalmaz\u00f3k \u00e9s a neh\u00e9z vape felhaszn\u00e1l\u00f3k sz\u00e1m\u00e1ra, akik nagy puffol\u00e1s\u00fa \u00f6mlesztett eszk\u00f6z\u00f6ket keresnek.<\/p>","protected":false},"featured_media":112376,"comment_status":"open","ping_status":"closed","template":"","meta":[],"product_brand":[239],"product_cat":[37,336],"product_tag":[517,408,349,478,518],"class_list":{"0":"post-111831","1":"product","2":"type-product","3":"status-publish","4":"has-post-thumbnail","6":"product_brand-bang","7":"product_cat-bang","8":"product_cat-100k-puffs-disposable-vape","9":"product_tag-250k-disposable-vape","10":"product_tag-4-in-1-disposable-vape","11":"product_tag-bulk-disposable-vape","12":"product_tag-high-puff-disposable-vape","13":"product_tag-quad-flavor-vape","15":"first","16":"instock","17":"shipping-taxable","18":"purchasable","19":"product-type-variable","20":"has-default-attributes"},"jetpack_sharing_enabled":true,"tiered_pricing_type":"fixed","tiered_pricing_fixed_rules":{"30":9.589999999999999857891452847979962825775146484375,"50":7.9900000000000002131628207280300557613372802734375,"100":7.519999999999999573674358543939888477325439453125,"200":6.87000000000000010658141036401502788066864013671875,"400":6.3499999999999996447286321199499070644378662109375},"tiered_pricing_product_settings":{"layout":"default","base_unit_name":{"singular":null,"plural":null},"default_variation":null},"tiered_pricing_minimum_quantity":10,"tiered_pricing_roles_data":[],"tiered_pricing_percentage_rules":[],"tiered_pricing_maximum_quantity":null,"tiered_pricing_quantity_step":"10","_links":{"self":[{"href":"https:\/\/aiviouvapes.com\/hu\/wp-json\/wp\/v2\/product\/111831","targetHints":{"allow":["GET"]}}],"collection":[{"href":"https:\/\/aiviouvapes.com\/hu\/wp-json\/wp\/v2\/product"}],"about":[{"href":"https:\/\/aiviouvapes.com\/hu\/wp-json\/wp\/v2\/types\/product"}],"replies":[{"embeddable":true,"href":"https:\/\/aiviouvapes.com\/hu\/wp-json\/wp\/v2\/comments?post=111831"}],"wp:featuredmedia":[{"embeddable":true,"href":"https:\/\/aiviouvapes.com\/hu\/wp-json\/wp\/v2\/media\/112376"}],"wp:attachment":[{"href":"https:\/\/aiviouvapes.com\/hu\/wp-json\/wp\/v2\/media?parent=111831"}],"wp:term":[{"taxonomy":"product_brand","embeddable":true,"href":"https:\/\/aiviouvapes.com\/hu\/wp-json\/wp\/v2\/product_brand?post=111831"},{"taxonomy":"product_cat","embeddable":true,"href":"https:\/\/aiviouvapes.com\/hu\/wp-json\/wp\/v2\/product_cat?post=111831"},{"taxonomy":"product_tag","embeddable":true,"href":"https:\/\/aiviouvapes.com\/hu\/wp-json\/wp\/v2\/product_tag?post=111831"}],"curies":[{"name":"wp","href":"https:\/\/api.w.org\/{rel}","templated":true}]}}