{"id":110883,"date":"2026-02-26T23:42:34","date_gmt":"2026-02-26T15:42:34","guid":{"rendered":"https:\/\/aiviouvapes.com\/?post_type=product&#038;p=110883"},"modified":"2026-03-17T11:12:02","modified_gmt":"2026-03-17T03:12:02","slug":"bang-box-160k","status":"publish","type":"product","link":"https:\/\/aiviouvapes.com\/hu\/product\/bang-box-160k\/","title":{"rendered":"Bang Box 160K | 4 az 1-ben 160000 puff, quad aroma, 1.0\u03a9 h\u00e1l\u00f3s tekercs, LCD kijelz\u0151, 0%-5% nikotin, \u00fajrat\u00f6lthet\u0151 \u00f6mlesztett eldobhat\u00f3 vape"},"content":{"rendered":"<h3>\ud83d\udd25 Bang Box 160K 4 az 1-ben-1 eldobhat\u00f3 Vape \u00e1ttekint\u00e9se<\/h3>\n<p>Ismerje meg a <strong>Bang Box 160K 4 az 1-ben egyszer haszn\u00e1latos Vape<\/strong> - egy er\u0151m\u0171, amelyet extr\u00e9m hossz\u00fa \u00e9lettartamra, mer\u00e9sz \u00edzhat\u00e1sra \u00e9s kereskedelmi vonzer\u0151re terveztek. A k\u00f6vetkez\u0151kkel tervezt\u00e9k <strong>n\u00e9gy \u00edz egy k\u00e9sz\u00fcl\u00e9kben<\/strong>, ez a nagy kapacit\u00e1s\u00fa eldobhat\u00f3 eszk\u00f6z ak\u00e1r <strong>160,000 puff<\/strong> egyenletes kimenettel \u00e9s egyenletes g\u0151ztermel\u00e9ssel.<\/p>\n<p>Felszerelve egy <strong>1.0\u03a9 h\u00e1l\u00f3s tekercs<\/strong>, <strong>LCD kijelz\u0151<\/strong>, \u00e9s <strong>650mAh \u00fajrat\u00f6lthet\u0151 Type-C akkumul\u00e1tor<\/strong>, Bang Box 160K a cs\u00facstechnol\u00f3gi\u00e1t \u00e9s az \u00edzek sokoldal\u00fas\u00e1g\u00e1t \u00f6tv\u00f6zi. T\u00f6k\u00e9letes a nagy felhaszn\u00e1l\u00f3k, vape shopok, forgalmaz\u00f3k \u00e9s nagybani v\u00e1s\u00e1rl\u00f3k sz\u00e1m\u00e1ra, akik pr\u00e9mium, magas \u00e1rr\u00e9s\u0171 term\u00e9ket keresnek. \ud83d\udca8\u26a1<\/p>\n<h3>\u2699\ufe0f Bang Box 160K 4 az 1-ben specifik\u00e1ci\u00f3k<\/h3>\n<table>\n<tbody>\n<tr>\n<td><strong>Eszk\u00f6z neve<\/strong><\/td>\n<td>Bang Box 160K 4 az 1-ben egyszer haszn\u00e1latos Vape<\/td>\n<\/tr>\n<tr>\n<td><strong>Puff sz\u00e1m<\/strong><\/td>\n<td>Ak\u00e1r 160,000 puffan\u00e1s<\/td>\n<\/tr>\n<tr>\n<td><strong>\u00cdzes\u00edt\u0151 rendszer<\/strong><\/td>\n<td>4 \u00edz 1 k\u00e9sz\u00fcl\u00e9kben<\/td>\n<\/tr>\n<tr>\n<td><strong>Nikotin er\u0151ss\u00e9ge<\/strong><\/td>\n<td>0% \/ 2% \/ 3% \/ 5%<\/td>\n<\/tr>\n<tr>\n<td><strong>Az akkumul\u00e1tor kapacit\u00e1sa<\/strong><\/td>\n<td>650mAh \u00fajrat\u00f6lthet\u0151<\/td>\n<\/tr>\n<tr>\n<td><strong>T\u00f6lt\u0151port<\/strong><\/td>\n<td>C-t\u00edpus\u00fa<\/td>\n<\/tr>\n<tr>\n<td><strong>Tekercs t\u00edpusa<\/strong><\/td>\n<td>1,0\u03a9 h\u00e1l\u00f3s tekercs<\/td>\n<\/tr>\n<tr>\n<td><strong>Megjelen\u00edt\u00e9s<\/strong><\/td>\n<td>LCD k\u00e9perny\u0151<\/td>\n<\/tr>\n<tr>\n<td><strong>\u00cdzv\u00e1laszt\u00e1si lehet\u0151s\u00e9gek<\/strong><\/td>\n<td>10 N\u00e9gyf\u00e9le \u00edz\u0171 kiad\u00e1s<\/td>\n<\/tr>\n<\/tbody>\n<\/table>\n<h3>\ud83c\udf53 Bang Box 160K 4 az 1-ben \u00edzkombin\u00e1ci\u00f3k (4 az 1-ben kiad\u00e1sok)<\/h3>\n<table>\n<tbody>\n<tr>\n<td><strong>Kiad\u00e1s<\/strong><\/td>\n<td><strong>\u00cdz 1<\/strong><\/td>\n<td><strong>\u00cdz 2<\/strong><\/td>\n<td><strong>\u00cdz 3<\/strong><\/td>\n<td><strong>\u00cdz 4<\/strong><\/td>\n<\/tr>\n<tr>\n<td>01<\/td>\n<td>Cseresznye \u00e1fonya<\/td>\n<td>H\u00e1romszoros bogy\u00f3<\/td>\n<td>Eper Pitaya<\/td>\n<td>G\u00f6r\u00f6gdinnye Bubblegum<\/td>\n<\/tr>\n<tr>\n<td>02<\/td>\n<td>Sz\u0151l\u0151 j\u00e9g<\/td>\n<td>Lychee j\u00e9g<\/td>\n<td>Barack bogy\u00f3<\/td>\n<td>Kiwi Maracuja Guava<\/td>\n<\/tr>\n<tr>\n<td>03<\/td>\n<td>Citrom Lime<\/td>\n<td>Eper j\u00e9g<\/td>\n<td>M\u00e1lna g\u00f6r\u00f6gdinnye<\/td>\n<td>Mango barack<\/td>\n<\/tr>\n<tr>\n<td>04<\/td>\n<td>Citrom Lime<\/td>\n<td>G\u00f6r\u00f6gdinnye j\u00e9g<\/td>\n<td>Fekete j\u00e9g s\u00e1rk\u00e1nygy\u00fcm\u00f6lcs eper<\/td>\n<td>Love66<\/td>\n<\/tr>\n<tr>\n<td>05<\/td>\n<td>Eper g\u00f6r\u00f6gdinnye<\/td>\n<td>R\u00f3zsasz\u00edn limon\u00e1d\u00e9<\/td>\n<td>Triple Honeydew<\/td>\n<td>Fekete s\u00e1rk\u00e1ny j\u00e9g<\/td>\n<\/tr>\n<tr>\n<td>06<\/td>\n<td>Savany\u00fa mang\u00f3 anan\u00e1sz<\/td>\n<td>Citromos k\u00f3la sz\u00f3da<\/td>\n<td>Barack bogy\u00f3<\/td>\n<td>Eper ban\u00e1n<\/td>\n<\/tr>\n<tr>\n<td>07<\/td>\n<td>Eper mang\u00f3<\/td>\n<td>Eper van\u00edlia k\u00f3la<\/td>\n<td>K\u00e9k Razz j\u00e9g<\/td>\n<td>Eper Kiwi<\/td>\n<\/tr>\n<tr>\n<td>08<\/td>\n<td>Eper g\u00f6r\u00f6gdinnye<\/td>\n<td>Red Bull<\/td>\n<td>L\u00e9d\u00fas barack j\u00e9g<\/td>\n<td>Grapefruit friss\u00edt\u0151<\/td>\n<\/tr>\n<tr>\n<td>09<\/td>\n<td>Van\u00edlia k\u00f3la<\/td>\n<td>Citrom barack<\/td>\n<td>Eper m\u00e1lna cseresznye j\u00e9g<\/td>\n<td>Sz\u0151l\u0151 j\u00e9g<\/td>\n<\/tr>\n<tr>\n<td>10<\/td>\n<td>G\u00f6r\u00f6gdinnye j\u00e9g<\/td>\n<td>Eper mang\u00f3<\/td>\n<td>\u00c1fonya j\u00e9g<\/td>\n<td>Fizzy Cherry<\/td>\n<\/tr>\n<\/tbody>\n<\/table>\n<h3>\ud83d\udc8e Mi\u00e9rt v\u00e1lassza az Bang Box 160K-t?<\/h3>\n<ul>\n<li>\ud83d\udd25 Massive <strong>160,000 puff<\/strong> hossz\u00fa t\u00e1v\u00fa haszn\u00e1latra val\u00f3 k\u00e9pess\u00e9g<\/li>\n<li>\ud83c\udfaf 4 az 1-ben t\u00f6bb \u00edzben t\u00f6rt\u00e9n\u0151 kapcsol\u00e1s a maxim\u00e1lis v\u00e1ltozatoss\u00e1g\u00e9rt<\/li>\n<li>\u26a1 \u00dajrat\u00f6lthet\u0151 650mAh akkumul\u00e1tor C t\u00edpus\u00fa gyors t\u00f6lt\u00e9ssel<\/li>\n<li>\ud83d\udcca Intelligens LCD kijelz\u0151 az akkumul\u00e1tor \u00e9s a haszn\u00e1lat ellen\u0151rz\u00e9s\u00e9hez<\/li>\n<li>\ud83d\udca8 1.0\u03a9 h\u00e1l\u00f3s tekercs a sima, s\u0171r\u0171 g\u0151ztermel\u00e9shez<\/li>\n<li>\ud83d\udce6 Ide\u00e1lis nagykereskedelmi forgalmaz\u00e1shoz \u00e9s magas \u00e1rr\u00e9s\u0171 kiskereskedelmi \u00e9rt\u00e9kes\u00edt\u00e9shez<\/li>\n<li>\ud83c\udf0d T\u00f6bbf\u00e9le nikotinv\u00e1laszt\u00e9k a piaci keresletnek megfelel\u0151en<\/li>\n<\/ul>\n<h3>\ud83d\ude80 T\u00f6k\u00e9letes kiskereskedelmi \u00e9s nagykereskedelmi v\u00e1s\u00e1rl\u00f3k sz\u00e1m\u00e1ra<\/h3>\n<p>Az Bang Box 160K a k\u00f6vetkez\u0151 c\u00e9lokra k\u00e9sz\u00fclt <strong>gyakori felhaszn\u00e1l\u00f3k<\/strong> akik kitart\u00e1st k\u00f6vetelnek, <strong>\u00edzvad\u00e1szok<\/strong> akik v\u00e1ltozatoss\u00e1gra v\u00e1gynak, \u00e9s <strong>vape \u00fczletek \u00e9s forgalmaz\u00f3k<\/strong> olyan pr\u00e9mium kateg\u00f3ri\u00e1s, nagy kapacit\u00e1s\u00fa k\u00e9sz\u00fcl\u00e9ket keres, amely kiemelkedik a polcokon. N\u00e9gy \u00edzes\u00edt\u0151 rendszere, hossz\u00fa \u00e9lettartama \u00e9s modern LCD-kijelz\u0151je er\u0151teljes kieg\u00e9sz\u00edt\u0151j\u00e9v\u00e9 teszi b\u00e1rmely nagy t\u00e9telben t\u00e1rolt k\u00e9szletnek.<\/p>\n<p>Ha nagy volumen\u0171 eldobhat\u00f3 vape v\u00e1s\u00e1rl\u00f3kat c\u00e9loz meg, vagy egy k\u00f6vetkez\u0151 szint\u0171 eszk\u00f6zzel b\u0151v\u00edti nagykereskedelmi katal\u00f3gus\u00e1t, az Bang Box 160K 4 az 1-ben-1-et \u00fagy tervezt\u00e9k, hogy ism\u00e9tl\u0151d\u0151 elad\u00e1sokat \u00e9s er\u0151s haszonkulcsot eredm\u00e9nyezzen. \ud83d\udcbc\ud83d\udca8<\/p>\n<h3>\u2753 GYIK<\/h3>\n<p><strong>1. k\u00e9rd\u00e9s: Mennyi ideig tart az Bang Box 160K?<\/strong><br \/>\nA haszn\u00e1lati szok\u00e1sokt\u00f3l \u00e9s a nikotin er\u0151ss\u00e9g\u00e9nek kiv\u00e1laszt\u00e1s\u00e1t\u00f3l f\u00fcgg\u0151en ak\u00e1r 160 000 slukkot is biztos\u00edt.<\/p>\n<p><strong>2. k\u00e9rd\u00e9s: \u00dajrat\u00f6lthet\u0151 a k\u00e9sz\u00fcl\u00e9k?<\/strong><br \/>\nIgen. 650mAh-s \u00fajrat\u00f6lthet\u0151 akkumul\u00e1torral rendelkezik, Type-C t\u00f6lt\u00e9st\u00e1mogat\u00e1ssal.<\/p>\n<p><strong>3. k\u00e9rd\u00e9s: A felhaszn\u00e1l\u00f3k v\u00e1lthatnak az \u00edzek k\u00f6z\u00f6tt?<\/strong><br \/>\nIgen. Mindegyik k\u00e9sz\u00fcl\u00e9k n\u00e9gy integr\u00e1lt \u00edzt tartalmaz egy egys\u00e9gben.<\/p>\n<p><strong>4. k\u00e9rd\u00e9s: Milyen nikotin er\u0151ss\u00e9g\u0171 term\u00e9kek \u00e1llnak rendelkez\u00e9sre?<\/strong><br \/>\nKaphat\u00f3 0%, 2%, 3% \u00e9s 5% nikotin opci\u00f3ban.<\/p>\n<p><strong>5. k\u00e9rd\u00e9s: Alkalmas ez a term\u00e9k nagykereskedelmi megrendel\u00e9sekhez?<\/strong><br \/>\nAbszol\u00fat. Az Bang Box 160K-t olyan \u00f6mlesztett v\u00e1s\u00e1rl\u00f3k, forgalmaz\u00f3k \u00e9s vape-kiskeresked\u0151k sz\u00e1m\u00e1ra tervezt\u00e9k, akik nagy kapacit\u00e1s\u00fa, nagy kereslet\u0171 eldobhat\u00f3 eszk\u00f6z\u00f6ket keresnek.<\/p>","protected":false},"excerpt":{"rendered":"<p>Az Bang Box 160K 4 az 1-ben eldobhat\u00f3 vape 160000 puffot, n\u00e9gyf\u00e9le \u00edzt, h\u00e1l\u00f3s tekercs teljes\u00edtm\u00e9nyt \u00e9s \u00fajrat\u00f6lthet\u0151 k\u00e9nyelmet biztos\u00edt a kis- \u00e9s nagykereskedelmi v\u00e1s\u00e1rl\u00f3k sz\u00e1m\u00e1ra.<\/p>","protected":false},"featured_media":110978,"comment_status":"open","ping_status":"closed","template":"","meta":[],"product_brand":[239],"product_cat":[37,126,127],"product_tag":[506,351,507,468],"class_list":{"0":"post-110883","1":"product","2":"type-product","3":"status-publish","4":"has-post-thumbnail","6":"product_brand-bang","7":"product_cat-bang","8":"product_cat-15000-puffs-disposable-vape","9":"product_cat-16000-puffs-disposable-vape","10":"product_tag-160000-puffs-disposable-vape","11":"product_tag-4-in-1-flavor-vape","12":"product_tag-high-capacity-mesh-coil-vape","13":"product_tag-rechargeable-bulk-disposable-vape","15":"first","16":"instock","17":"shipping-taxable","18":"purchasable","19":"product-type-variable","20":"has-default-attributes"},"jetpack_sharing_enabled":true,"tiered_pricing_type":"fixed","tiered_pricing_fixed_rules":{"30":9.4000000000000003552713678800500929355621337890625,"50":7.839999999999999857891452847979962825775146484375,"100":7.32000000000000028421709430404007434844970703125,"200":6.79999999999999982236431605997495353221893310546875,"400":6.160000000000000142108547152020037174224853515625},"tiered_pricing_product_settings":{"layout":"default","base_unit_name":{"singular":null,"plural":null},"default_variation":null},"tiered_pricing_minimum_quantity":10,"tiered_pricing_roles_data":[],"tiered_pricing_percentage_rules":[],"tiered_pricing_maximum_quantity":null,"tiered_pricing_quantity_step":"10","_links":{"self":[{"href":"https:\/\/aiviouvapes.com\/hu\/wp-json\/wp\/v2\/product\/110883","targetHints":{"allow":["GET"]}}],"collection":[{"href":"https:\/\/aiviouvapes.com\/hu\/wp-json\/wp\/v2\/product"}],"about":[{"href":"https:\/\/aiviouvapes.com\/hu\/wp-json\/wp\/v2\/types\/product"}],"replies":[{"embeddable":true,"href":"https:\/\/aiviouvapes.com\/hu\/wp-json\/wp\/v2\/comments?post=110883"}],"wp:featuredmedia":[{"embeddable":true,"href":"https:\/\/aiviouvapes.com\/hu\/wp-json\/wp\/v2\/media\/110978"}],"wp:attachment":[{"href":"https:\/\/aiviouvapes.com\/hu\/wp-json\/wp\/v2\/media?parent=110883"}],"wp:term":[{"taxonomy":"product_brand","embeddable":true,"href":"https:\/\/aiviouvapes.com\/hu\/wp-json\/wp\/v2\/product_brand?post=110883"},{"taxonomy":"product_cat","embeddable":true,"href":"https:\/\/aiviouvapes.com\/hu\/wp-json\/wp\/v2\/product_cat?post=110883"},{"taxonomy":"product_tag","embeddable":true,"href":"https:\/\/aiviouvapes.com\/hu\/wp-json\/wp\/v2\/product_tag?post=110883"}],"curies":[{"name":"wp","href":"https:\/\/api.w.org\/{rel}","templated":true}]}}