{"id":102955,"date":"2026-01-24T14:06:41","date_gmt":"2026-01-24T06:06:41","guid":{"rendered":"https:\/\/aiviouvapes.com\/?post_type=product&#038;p=102955"},"modified":"2026-04-15T09:06:02","modified_gmt":"2026-04-15T01:06:02","slug":"waspe-crystal-180k","status":"publish","type":"product","link":"https:\/\/aiviouvapes.com\/hu\/product\/waspe-crystal-180k\/","title":{"rendered":"WASPE Crystal 180K | 8 az 1-ben \u00edzkapcsol\u00f3, 180000 puff, LED kijelz\u0151, \u00f6mlesztett eldobhat\u00f3 vape"},"content":{"rendered":"<h2>Ismerje meg a WASPE Crystal 8-in-1 180K\ud83d\udc8e-et<\/h2>\n<p>Szeretne egy olyan eldobhat\u00f3t, amely olyan \u00e9rz\u00e9st kelt a kez\u00e9ben, mint egy \u201cmini \u00edzes\u00edt\u0151 szelet\u201d? A <strong>WASPE Krist\u00e1ly 8 az 1-ben 180K<\/strong> a hosszan tart\u00f3 munkamenetek \u00e9s a v\u00e1ltozatoss\u00e1g kedvel\u0151inek k\u00e9sz\u00fclt. A <strong>ak\u00e1r 180000 f\u00faj\u00e1s<\/strong>, egy nagy <strong>68ml<\/strong> e-folyad\u00e9k kapacit\u00e1sa \u00e9s az egyszer\u0171 \u00edzv\u00e1lt\u00f3 rendszer miatt ez egy er\u0151s v\u00e1laszt\u00e1s a nagy felhaszn\u00e1l\u00f3knak \u00e9s egy okos SKU a boltok \u00e9s nagykeresked\u0151k sz\u00e1m\u00e1ra.<\/p>\n<h2>Mi\u00e9rt v\u00e1lassza az WASPE Crystal 180K-t? \u2705<\/h2>\n<ul>\n<li><strong>8 az 1-ben \u00edzv\u00e1lt\u00f3<\/strong> diz\u00e1jn - egy eszk\u00f6z, t\u00f6bbf\u00e9le \u00edzl\u00e9s \ud83d\ude0b<\/li>\n<li><strong>Ak\u00e1r 180000 f\u00faj\u00e1s<\/strong> a hossz\u00fa haszn\u00e1lat \u00e9s a kevesebb csere \u00e9rdek\u00e9ben \ud83d\udd25<\/li>\n<li><strong>68ml e-folyad\u00e9k<\/strong> kapacit\u00e1s a hosszabb p\u00e1rol\u00e1si id\u0151h\u00f6z<\/li>\n<li><strong>N\u00e9gy h\u00e1l\u00f3s tekercs be\u00e1ll\u00edt\u00e1sa<\/strong> (1.0\u03a9 x 4) a mer\u00e9sz \u00edz\u00e9rt \u00e9s a sima g\u0151z\u00e9rt \u2601\ufe0f<\/li>\n<li><strong>LED kijelz\u0151<\/strong> seg\u00edt a felhaszn\u00e1l\u00f3knak k\u00f6nnyen ellen\u0151rizni az \u00e1llapotot \ud83d\udc40<\/li>\n<li><strong>C t\u00edpus\u00fa \u00fajrat\u00f6lthet\u0151<\/strong> 650mAh akkumul\u00e1tor a k\u00e9nyelmes napi haszn\u00e1lathoz \u26a1<\/li>\n<li><strong>T\u00f6bbf\u00e9le nikotin opci\u00f3<\/strong> (0% \/ 2% \/ 5%) a k\u00fcl\u00f6nb\u00f6z\u0151 piacokra \u00e9s vev\u0151i ig\u00e9nyekhez<\/li>\n<li><strong>Nagyszer\u0171 \u00fczleteknek \u00e9s nagykereskedelemnek<\/strong>-nagyon keresett \u201cnagy puff + t\u00f6bb \u00edz\u201d kateg\u00f3ria \ud83d\udce6<\/li>\n<\/ul>\n<h2>WASPE Crystal 8-in-1 180K specifik\u00e1ci\u00f3k \ud83d\udccc<\/h2>\n<table>\n<tbody>\n<tr>\n<td><strong>Term\u00e9k neve<\/strong><\/td>\n<td>WASPE Crystal 8 az 1-ben 180K eldobhat\u00f3 Vape<\/td>\n<\/tr>\n<tr>\n<td><strong>Max Puffs<\/strong><\/td>\n<td>Ak\u00e1r 180000 f\u00faj\u00e1s<\/td>\n<\/tr>\n<tr>\n<td><strong>E-folyad\u00e9k kapacit\u00e1s<\/strong><\/td>\n<td>68ml<\/td>\n<\/tr>\n<tr>\n<td><strong>Tekercs<\/strong><\/td>\n<td>H\u00e1l\u00f3s tekercs 1.0\u03a9 x 4<\/td>\n<\/tr>\n<tr>\n<td><strong>Nikotin er\u0151ss\u00e9ge<\/strong><\/td>\n<td>0% \/ 2% \/ 5%<\/td>\n<\/tr>\n<tr>\n<td><strong>Akkumul\u00e1tor<\/strong><\/td>\n<td>650mAh<\/td>\n<\/tr>\n<tr>\n<td><strong>T\u00f6lt\u00e9s<\/strong><\/td>\n<td>USB Type-C \u00fajrat\u00f6lthet\u0151<\/td>\n<\/tr>\n<tr>\n<td><strong>Megjelen\u00edt\u00e9s<\/strong><\/td>\n<td>LED kijelz\u0151<\/td>\n<\/tr>\n<tr>\n<td><strong>Term\u00e9k m\u00e9rete<\/strong><\/td>\n<td>53 \u00d7 46 \u00d7 138 mm<\/td>\n<\/tr>\n<tr>\n<td><strong>Term\u00e9k s\u00falya<\/strong><\/td>\n<td>150g \/ db<\/td>\n<\/tr>\n<\/tbody>\n<\/table>\n<h2>8 az 1-ben \u00edzk\u00e9szlet (minden eszk\u00f6z 4 \u00edzt tartalmaz) \ud83c\udf53\ud83c\udf49\ud83c\udf49\ud83e\uddca<\/h2>\n<p>Minden \u00edzk\u00e9szletet \u00fagy terveztek, hogy lefedje a n\u00e9pszer\u0171 profilokat, mint a jeges gy\u00fcm\u00f6lcs, cukorka, sz\u00f3da \u00e9s tr\u00f3pusi kever\u00e9kek. Nagyszer\u0171 azoknak az \u00fcgyfeleknek, akik k\u00f6nnyen megunj\u00e1k \u00e9s v\u00e1ltozatoss\u00e1gra v\u00e1gynak!<\/p>\n<h3>\u00cdzk\u00e9szlet 1<\/h3>\n<ul>\n<li><strong>G\u00f6r\u00f6gdinnye j\u00e9g<\/strong> - \u00e9des g\u00f6r\u00f6gdinnye jeges befejez\u00e9ssel \ud83c\udf49\u2744\ufe0f<\/li>\n<li><strong>Citrom Lime<\/strong> - \u00e9l\u00e9nk citrus, tiszta \u00e9s pik\u00e1ns \ud83c\udf4b<\/li>\n<li><strong>Savany\u00fa mang\u00f3 j\u00e9g<\/strong> - fanyar mang\u00f3 h\u0171v\u00f6s r\u00fag\u00e1ssal \ud83e\udd6d\ud83e\uddca<\/li>\n<li><strong>Kiwi dinnye j\u00e9g<\/strong> - friss kiwi + dinnye, h\u0171t\u00f6tt \u00e9s sim\u00e1n \ud83e\udd5d\ud83c\udf48<\/li>\n<\/ul>\n<h3>\u00cdzk\u00e9szlet 2<\/h3>\n<ul>\n<li><strong>\u00c1fonya j\u00e9g<\/strong> - l\u00e9d\u00fas \u00e1fonya fagyos jegyekkel \ud83e\uded0\u2744\ufe0f<\/li>\n<li><strong>Cherry Cola<\/strong> - klasszikus k\u00f3la \u00e9des meggyes pop \ud83e\udd64\ud83c\udf52<\/li>\n<li><strong>Eper van\u00edlia<\/strong> - kr\u00e9mes epres desszert vibr\u00e1l \ud83c\udf53\ud83c\udf66<\/li>\n<li><strong>Citromos cseresznye<\/strong> - \u00e9des cseresznye citrusos csavarral \ud83c\udf52\ud83c\udf4b<\/li>\n<\/ul>\n<h3>\u00cdzk\u00e9szlet 3<\/h3>\n<ul>\n<li><strong>Red Bull J\u00e9g<\/strong> - energiaital st\u00edlus\u00fa, h\u0171s\u00edt\u0151 kivitelben \u26a1\ud83e\uddca<\/li>\n<li><strong>Eper j\u00e9g<\/strong> - ropog\u00f3s eper, extra friss\u00edt\u0151 \ud83c\udf53\u2744\ufe0f<\/li>\n<li><strong>Sour Fcuking Fab<\/strong> - mer\u00e9sz savany\u00fa cukorka st\u00edlus\u00fa kever\u00e9k \ud83c\udf6c\ud83d\ude2e<\/li>\n<li><strong>Cola J\u00e9g<\/strong> - sz\u00e9nsavas k\u00f3la \u00edz\u0171, jeges h\u0171v\u00f6s \ud83e\udd64\u2744\ufe0f<\/li>\n<\/ul>\n<h3>\u00cdzk\u00e9szlet 4<\/h3>\n<ul>\n<li><strong>Sz\u0151l\u0151 j\u00e9g<\/strong> - gazdag sz\u0151l\u0151 \u00e9dess\u00e9g, h\u0171v\u00f6s \u00e9s tiszta \ud83c\udf47\ud83e\uddca<\/li>\n<li><strong>Eper Kiwi<\/strong> - klasszikus gy\u00fcm\u00f6lcs\u00f6s du\u00f3, kiegyens\u00falyozott \u00e9s vil\u00e1gos \ud83c\udf53\ud83e\udd5d<\/li>\n<li><strong>G\u00f6r\u00f6gdinnye j\u00e9g<\/strong> - \u00e9des \u00e9s jeges g\u00f6r\u00f6gdinnye ism\u00e9tl\u0151d\u0151 kedvenc \ud83c\udf49\u2744\ufe0f<\/li>\n<li><strong>K\u00e9k Rancher<\/strong> - k\u00e9k cukorka st\u00edlus\u00fa \u00edz, sz\u00f3rakoztat\u00f3 \u00e9s \u00fct\u0151s \ud83d\udc99\ud83c\udf6c<\/li>\n<\/ul>\n<h3>\u00cdzk\u00e9szlet 5<\/h3>\n<ul>\n<li><strong>Dinnye Maracuja Gy\u00fcm\u00f6lcs<\/strong> - l\u00e1gy s\u00e1rgadinnye tr\u00f3pusi maracuj\u00e1val \ud83c\udf48\ud83e\udd6d<\/li>\n<li><strong>Savany\u00fa mang\u00f3 anan\u00e1sz<\/strong> - fanyar mang\u00f3 + anan\u00e1sz harap\u00e1s \ud83e\udd6d\ud83c\udf4d<\/li>\n<li><strong>Ban\u00e1n karamell\u00e1s cukorka<\/strong> - \u00e9des ban\u00e1nos cukorka karamell\u00e1s jegyekkel \ud83c\udf4c\ud83c\udf6c<\/li>\n<li><strong>Eper bogy\u00f3<\/strong> - bogy\u00f3s gy\u00fcm\u00f6lcs\u00f6k kever\u00e9ke eperrel \ud83c\udf53\ud83e\uded0<\/li>\n<\/ul>\n<h3>\u00cdzk\u00e9szlet 6<\/h3>\n<ul>\n<li><strong>Eper g\u00f6r\u00f6gdinnye<\/strong> - l\u00e9d\u00fas gy\u00fcm\u00f6lcskomb\u00f3 eg\u00e9sz napos haszn\u00e1latra \ud83c\udf53\ud83c\udf49<\/li>\n<li><strong>H\u0171v\u00f6s Menta<\/strong> - tiszta ment\u00e1s h\u0171s\u00edt\u0151, szuper friss\u00edt\u0151 \ud83c\udf3f\ud83e\uddca<\/li>\n<li><strong>K\u00e9k Razz j\u00e9g<\/strong> - k\u00e9k m\u00e1ln\u00e1s cukorka j\u00e9ggel \ud83d\udc99\u2744\ufe0f<\/li>\n<li><strong>Fekete ribizli j\u00e9g<\/strong> - m\u00e9ly bogy\u00f3s gy\u00fcm\u00f6lcs\u00edz, h\u0171v\u00f6s \u00e9s er\u0151s \ud83d\udda4\ud83e\uded0<\/li>\n<\/ul>\n<h3>\u00cdzk\u00e9szlet 7<\/h3>\n<ul>\n<li><strong>Szeder j\u00e9g<\/strong> - s\u00f6t\u00e9t bogy\u00f3s gy\u00fcm\u00f6lcs\u00f6k \u00e9dess\u00e9ge h\u0171s\u00edt\u0151 \u2744\ufe0f\ud83e\uded0<\/li>\n<li><strong>Dupla alma<\/strong> - klasszikus alm\u00e1s kever\u00e9k, \u00e9des \u00e9s mer\u00e9sz \ud83c\udf4f\ud83c\udf4e<\/li>\n<li><strong>Fekete s\u00e1rk\u00e1ny j\u00e9g<\/strong> - titokzatos s\u00f6t\u00e9t gy\u00fcm\u00f6lcs\u00f6s j\u00e9gkever\u00e9k, er\u0151teljes hangulat \ud83d\udc09\ud83e\uddca<\/li>\n<li><strong>Eper Kiwi<\/strong> - sima gy\u00fcm\u00f6lcs\u00f6s egyens\u00faly \ud83c\udf53\ud83e\udd5d<\/li>\n<\/ul>\n<h3>\u00cdzk\u00e9szlet 8<\/h3>\n<ul>\n<li><strong>Epres Red Bull<\/strong> - bogy\u00f3sgy\u00fcm\u00f6lcs + energia st\u00edlus\u00fa mix \u26a1\ud83c\udf53<\/li>\n<li><strong>Cherry Cola<\/strong> - klasszikus sz\u00f3da meggyes r\u00fag\u00e1ssal \ud83e\udd64\ud83c\udf52<\/li>\n<li><strong>Cseresznye citrom<\/strong> - \u00e9des-savany\u00fa cseresznye citrus \ud83c\udf52\ud83c\udf4b<\/li>\n<li><strong>Tr\u00f3pusi gy\u00fcm\u00f6lcs\u00f6k<\/strong> - vegyes tr\u00f3pusi kever\u00e9k, nyaral\u00e1s \u00e9rz\u00e9s \ud83c\udf34\ud83e\udd6d<\/li>\n<\/ul>\n<h3>\u00cdzk\u00e9szlet 9<\/h3>\n<ul>\n<li><strong>Vegyes bogy\u00f3s gy\u00fcm\u00f6lcs\u00f6k<\/strong> - r\u00e9teges bogy\u00f3s gy\u00fcm\u00f6lcskever\u00e9k, l\u00e9d\u00fas \u00e9s l\u00e1gy \ud83e\uded0\ud83c\udf53<\/li>\n<li><strong>Citrom Lime<\/strong> - pik\u00e1ns citrus friss\u00edt\u0151 \ud83c\udf4b<\/li>\n<li><strong>\u00c1fonya m\u00e1lna<\/strong> - \u00e9des \u00e1fonya + fanyar m\u00e1lna kever\u00e9k \ud83e\uded0\u2764\ufe0f<\/li>\n<li><strong>Z\u00f6ld alma<\/strong> - ropog\u00f3s, enyh\u00e9n savanyk\u00e1s almaharap\u00e1s \ud83c\udf4f<\/li>\n<\/ul>\n<h3>\u00cdzk\u00e9szlet 10<\/h3>\n<ul>\n<li><strong>Eper m\u00e1lna cseresznye<\/strong> - tripla bogy\u00f3s-csereszny\u00e9s puncs \ud83c\udf53\ud83c\udf52<\/li>\n<li><strong>Eper g\u00f6r\u00f6gdinnye<\/strong> - sima gy\u00fcm\u00f6lcs\u00f6s eg\u00e9sz napos opci\u00f3 \ud83c\udf53\ud83c\udf49<\/li>\n<li><strong>Kiwi g\u00f6r\u00f6gdinnye<\/strong> - l\u00e9d\u00fas g\u00f6r\u00f6gdinnye kiwi csillog\u00e1ssal \ud83e\udd5d\ud83c\udf49<\/li>\n<li><strong>Citrom Lime<\/strong> - tiszta citrusok vissza\u00e1ll\u00edt\u00e1sa az \u00edzek k\u00f6z\u00f6tt \ud83c\udf4b<\/li>\n<\/ul>\n<h3>\u00cdzk\u00e9szlet 11<\/h3>\n<ul>\n<li><strong>Eper ban\u00e1n<\/strong> - kr\u00e9mes gy\u00fcm\u00f6lcsturmix vibr\u00e1l \ud83c\udf53\ud83c\udf4c<\/li>\n<li><strong>Mango barack<\/strong> - \u00e9des tr\u00f3pusi mang\u00f3 l\u00e1gy barackkal \ud83e\udd6d\ud83c\udf51<\/li>\n<li><strong>H\u00e1romszoros bogy\u00f3s gy\u00fcm\u00f6lcs\u00f6k<\/strong> - gazdag bogy\u00f3s gy\u00fcm\u00f6lcs\u00f6k kever\u00e9ke, mer\u00e9sz \u00e9s \u00e9des \ud83e\uded0\ud83c\udf53<\/li>\n<li><strong>Eper anan\u00e1sz<\/strong> - \u00e9des eper + tr\u00f3pusi anan\u00e1sz \ud83c\udf53\ud83c\udf4d<\/li>\n<\/ul>\n<h3>\u00cdzk\u00e9szlet 12<\/h3>\n<ul>\n<li><strong>Blue Razz limon\u00e1d\u00e9<\/strong> - k\u00e9k cukorka + limon\u00e1d\u00e9 fr\u00f6ccsen\u00e9s \ud83d\udc99\ud83c\udf4b<\/li>\n<li><strong>Cseresznye citrom<\/strong> - \u00e9des cseresznye citrus szikra \ud83c\udf52\ud83c\udf4b<\/li>\n<li><strong>\u00c1fonya j\u00e9g<\/strong> - h\u0171v\u00f6s \u00e1fony\u00e1s friss\u00edt\u0151 \ud83e\uded0\u2744\ufe0f<\/li>\n<li><strong>G\u00f6r\u00f6gdinnye barack<\/strong> - l\u00e9d\u00fas g\u00f6r\u00f6gdinnye barackos \u00e9dess\u00e9ggel \ud83c\udf49\ud83c\udf51<\/li>\n<\/ul>\n<h2>Hogyan v\u00e1ltsunk \u00edzeket \ud83d\udd04<\/h2>\n<p><strong>H\u00fazza fel a sz\u00e1jpadot \u00e9s forgassa el<\/strong> hogy \u00edzeket v\u00e1ltson. Egyszer\u0171, gyors \u00e9s sz\u00f3rakoztat\u00f3 - t\u00f6k\u00e9letes azoknak a v\u00e1s\u00e1rl\u00f3knak, akik szeretik b\u00e1rmikor megv\u00e1ltoztatni az \u00edzeket.<\/p>\n<h2>K\u00e9sz\u00fclt a kiskereskedelmi + nagykereskedelmi siker\u00e9rt \ud83c\udfea\ud83d\udce6<\/h2>\n<p><strong>WASPE Krist\u00e1ly 8 az 1-ben 180K<\/strong> nagyszer\u0171en illeszkedik a <strong>gyakori felhaszn\u00e1l\u00f3k<\/strong> akik tart\u00f3s teljes\u00edtm\u00e9nyt szeretn\u00e9nek, <strong>\u00edzvad\u00e1szok<\/strong> akik szeretnek \u00edzl\u00e9st v\u00e1ltani, \u00e9s <strong>vape \u00fczletek<\/strong> akik egy er\u0151s \u201cwow\u201d term\u00e9ket szeretn\u00e9nek a polcon. A <strong>forgalmaz\u00f3k \u00e9s nagykeresked\u0151k<\/strong>, ez egy k\u00f6nny\u0171 kateg\u00f3ria gy\u0151ztes: nagy puffsz\u00e1m, t\u00f6bb \u00edz funkci\u00f3, \u00e9s n\u00e9pszer\u0171 profilok, amelyek gyorsan mozognak.<\/p>\n<h2>WASPE krist\u00e1ly 180K GYIK \u2753<\/h2>\n<h3>Hogyan v\u00e1ltoztathatom meg az \u00edzeket?<\/h3>\n<p>H\u00fazza fel a sz\u00f3r\u00f3fejet, \u00e9s forgassa el az \u00edzek v\u00e1lt\u00e1s\u00e1hoz. \ud83d\udd04<\/p>\n<h3>\u00dajrat\u00f6lthet\u0151 ez a k\u00e9sz\u00fcl\u00e9k?<\/h3>\n<p>Igen. Van egy <strong>650mAh<\/strong> akkumul\u00e1tor \u00e9s t\u00e1mogatja a <strong>USB Type-C<\/strong> t\u00f6lt\u00e9s. \u26a1<\/p>\n<h3>Milyen nikotin er\u0151ss\u00e9g\u0171 term\u00e9kek \u00e1llnak rendelkez\u00e9sre?<\/h3>\n<p>T\u00e1mogatja <strong>0%<\/strong>, <strong>2%<\/strong>, \u00e9s <strong>5%<\/strong> nikotinv\u00e1laszt\u00e9k, az \u00d6n piaci ig\u00e9nyeit\u0151l f\u00fcgg\u0151en.<\/p>\n<h3>H\u00e1ny tekercset haszn\u00e1l?<\/h3>\n<p>Haszn\u00e1lja a <strong>h\u00e1l\u00f3s tekercs 1.0\u03a9 x 4<\/strong>, a sima sl\u00e1gerek \u00e9s az er\u0151s \u00edz \u00e9rdek\u00e9ben. \u2601\ufe0f<\/p>\n<h3>Mennyi e-folyad\u00e9k van benne?<\/h3>\n<p>Tartalmazza a k\u00f6vetkez\u0151ket <strong>68ml<\/strong> e-folyad\u00e9k kapacit\u00e1s a hosszabb haszn\u00e1lathoz.<\/p>\n<h3>J\u00f3 a vape shopoknak \u00e9s a nagykereskedelmi megrendel\u00e9seknek?<\/h3>\n<p>Igen. A 8 az 1-ben funkci\u00f3 \u00e9s az ultra-nagy puffan\u00e1ssz\u00e1m sz\u00e1mos piacon n\u00e9pszer\u0171, \u00edgy ez egy er\u0151s v\u00e1laszt\u00e1s a k\u00f6vetkez\u0151 c\u00e9lokra <strong>kiskereskedelmi polcok<\/strong> \u00e9s <strong>t\u00f6meges eloszt\u00e1s<\/strong>. \ud83d\udce6<\/p>\n<h3>Mekkora a k\u00e9sz\u00fcl\u00e9k m\u00e9rete \u00e9s s\u00falya?<\/h3>\n<p>M\u00e9ret: <strong>53 \u00d7 46 \u00d7 138mm<\/strong>. S\u00faly: <strong>150g darabonk\u00e9nt<\/strong>.<\/p>\n<p><img data-recalc-dims=\"1\" loading=\"lazy\" decoding=\"async\" class=\"alignnone size-full wp-image-102961\" src=\"https:\/\/i0.wp.com\/aiviouvapes.com\/wp-content\/uploads\/2026\/01\/Waspe-Crystal-8-in-1-180K-puff6.jpg?resize=1020%2C1531&#038;ssl=1\" alt=\",\" width=\"1020\" height=\"1531\" title=\"\" srcset=\"https:\/\/i0.wp.com\/aiviouvapes.com\/wp-content\/uploads\/2026\/01\/Waspe-Crystal-8-in-1-180K-puff6.jpg?w=1279&amp;ssl=1 1279w, https:\/\/i0.wp.com\/aiviouvapes.com\/wp-content\/uploads\/2026\/01\/Waspe-Crystal-8-in-1-180K-puff6.jpg?resize=200%2C300&amp;ssl=1 200w, https:\/\/i0.wp.com\/aiviouvapes.com\/wp-content\/uploads\/2026\/01\/Waspe-Crystal-8-in-1-180K-puff6.jpg?resize=682%2C1024&amp;ssl=1 682w, https:\/\/i0.wp.com\/aiviouvapes.com\/wp-content\/uploads\/2026\/01\/Waspe-Crystal-8-in-1-180K-puff6.jpg?resize=768%2C1153&amp;ssl=1 768w, https:\/\/i0.wp.com\/aiviouvapes.com\/wp-content\/uploads\/2026\/01\/Waspe-Crystal-8-in-1-180K-puff6.jpg?resize=1023%2C1536&amp;ssl=1 1023w, https:\/\/i0.wp.com\/aiviouvapes.com\/wp-content\/uploads\/2026\/01\/Waspe-Crystal-8-in-1-180K-puff6.jpg?resize=8%2C12&amp;ssl=1 8w, https:\/\/i0.wp.com\/aiviouvapes.com\/wp-content\/uploads\/2026\/01\/Waspe-Crystal-8-in-1-180K-puff6.jpg?resize=800%2C1201&amp;ssl=1 800w\" sizes=\"auto, (max-width: 1020px) 100vw, 1020px\" \/><\/p>","protected":false},"excerpt":{"rendered":"<p>WASPE Crystal 8 az 1-ben 180K eldobhat\u00f3 vape LED kijelz\u0151vel, Type-C \u00fajrat\u00f6lt\u00e9ssel \u00e9s 8 \u00edzzel 1 k\u00e9sz\u00fcl\u00e9kben. Hatalmas 68ml e-folyad\u00e9k + n\u00e9gy h\u00e1l\u00f3s tekercs - t\u00f6k\u00e9letes a kis- \u00e9s nagykeresked\u0151k sz\u00e1m\u00e1ra. \u2728<\/p>\n<h3>\ud83d\udc49Ez a term\u00e9k rakt\u00e1ron van az EU rakt\u00e1runkban!<\/h3>\n<h4>\ud83c\udf89Ker\u00fcld el a v\u00e1rakoz\u00e1st:\u00a0<strong>5-7 napos kisz\u00e1ll\u00edt\u00e1s az eur\u00f3pai sz\u00e9khely\u0171<\/strong> rakt\u00e1r (az alap\u00e9rtelmezett <strong>2% nikotiner\u0151ss\u00e9g<\/strong> verzi\u00f3).<\/h4>\n<p><span style=\"font-size: 75%;\"><em>\ud83d\udd39 A legt\u00f6bb megrendel\u00e9st eur\u00f3pai rakt\u00e1runkb\u00f3l sz\u00e1ll\u00edtjuk, ha rendelkez\u00e9sre \u00e1ll. Alkalmank\u00e9nt, ha nincs rakt\u00e1ron, akkor helyette K\u00edn\u00e1b\u00f3l sz\u00e1ll\u00edtunk.<\/em><\/span><\/p>","protected":false},"featured_media":102960,"comment_status":"open","ping_status":"closed","template":"","meta":[],"product_brand":[227],"product_cat":[19,336,505],"product_tag":[499,500,349,331,498],"class_list":{"0":"post-102955","1":"product","2":"type-product","3":"status-publish","4":"has-post-thumbnail","6":"product_brand-waspe","7":"product_cat-waspe","8":"product_cat-100k-puffs-disposable-vape","9":"product_cat-in-stock-at-eu-warehouse","10":"product_tag-180000-puffs-vape","11":"product_tag-8-in-1-disposable-vape","12":"product_tag-bulk-disposable-vape","13":"product_tag-rechargeable-disposable-vape","14":"product_tag-waspe-disposable-vape","16":"first","17":"instock","18":"shipping-taxable","19":"purchasable","20":"product-type-variable","21":"has-default-attributes"},"jetpack_sharing_enabled":true,"tiered_pricing_type":"fixed","tiered_pricing_fixed_rules":{"30":10.17999999999999971578290569595992565155029296875,"50":8.75,"100":7.96999999999999975131004248396493494510650634765625,"200":7.5800000000000000710542735760100185871124267578125,"400":7.0999999999999996447286321199499070644378662109375},"tiered_pricing_product_settings":{"layout":"default","base_unit_name":{"singular":null,"plural":null},"default_variation":null},"tiered_pricing_minimum_quantity":10,"tiered_pricing_roles_data":[],"tiered_pricing_percentage_rules":[],"tiered_pricing_maximum_quantity":null,"tiered_pricing_quantity_step":"10","_links":{"self":[{"href":"https:\/\/aiviouvapes.com\/hu\/wp-json\/wp\/v2\/product\/102955","targetHints":{"allow":["GET"]}}],"collection":[{"href":"https:\/\/aiviouvapes.com\/hu\/wp-json\/wp\/v2\/product"}],"about":[{"href":"https:\/\/aiviouvapes.com\/hu\/wp-json\/wp\/v2\/types\/product"}],"replies":[{"embeddable":true,"href":"https:\/\/aiviouvapes.com\/hu\/wp-json\/wp\/v2\/comments?post=102955"}],"wp:featuredmedia":[{"embeddable":true,"href":"https:\/\/aiviouvapes.com\/hu\/wp-json\/wp\/v2\/media\/102960"}],"wp:attachment":[{"href":"https:\/\/aiviouvapes.com\/hu\/wp-json\/wp\/v2\/media?parent=102955"}],"wp:term":[{"taxonomy":"product_brand","embeddable":true,"href":"https:\/\/aiviouvapes.com\/hu\/wp-json\/wp\/v2\/product_brand?post=102955"},{"taxonomy":"product_cat","embeddable":true,"href":"https:\/\/aiviouvapes.com\/hu\/wp-json\/wp\/v2\/product_cat?post=102955"},{"taxonomy":"product_tag","embeddable":true,"href":"https:\/\/aiviouvapes.com\/hu\/wp-json\/wp\/v2\/product_tag?post=102955"}],"curies":[{"name":"wp","href":"https:\/\/api.w.org\/{rel}","templated":true}]}}